{"id":53458,"date":"2018-03-05T14:09:32","date_gmt":"2018-03-05T13:09:32","guid":{"rendered":"https:\/\/energylandia.pl\/szkoly\/"},"modified":"2026-02-23T15:52:17","modified_gmt":"2026-02-23T14:52:17","slug":"%d1%88%d0%ba%d0%be%d0%bb%d0%b8","status":"publish","type":"page","link":"https:\/\/energylandia.pl\/uk\/%d1%88%d0%ba%d0%be%d0%bb%d0%b8\/","title":{"rendered":"\u0428\u043a\u043e\u043b\u0438"},"content":{"rendered":"<ul>\n<li>1 \u043e\u043f\u0456\u043a\u0443\u043d \u043d\u0430 10 \u043e\u0441\u0456\u0431 \u0437\u0430 \u043f\u043b\u0430\u0442\u0443 1 PLN<\/li>\n<li>\u041a\u0430\u0432\u0430 \u0430\u0431\u043e \u0447\u0430\u0439 \u0434\u043b\u044f \u043e\u043f\u0456\u043a\u0443\u043d\u0456\u0432 \u0433\u0440\u0443\u043f \u0411\u0415\u0417\u041a\u041e\u0428\u0422\u041e\u0412\u041d\u041e<\/li>\n<li>\u0412\u043e\u0434\u0456\u0439 \u0430\u0432\u0442\u043e\u0431\u0443\u0441\u0430 \u0411\u0415\u0417\u041a\u041e\u0428\u0422\u041e\u0412\u041d\u041e<\/li>\n<li>\u0413\u0440\u0443\u043f\u0438 \u043f\u043e\u0447\u0438\u043d\u0430\u044e\u0442\u044c\u0441\u044f \u0432\u0456\u0434 15 \u0443\u0447\u0430\u0441\u043d\u0438\u043a\u0456\u0432<\/li>\n<li>\u041a\u0432\u0438\u0442\u043e\u043a \u0432\u043a\u043b\u044e\u0447\u0430\u0454 \u0432\u0441\u0456 \u0430\u0442\u0440\u0430\u043a\u0446\u0456\u043e\u043d\u0438 \u043f\u0430\u0440\u043a\u0443 \u0440\u043e\u0437\u0432\u0430\u0433 Energyland: \u044f\u0440\u043c\u0430\u0440\u043a\u043e\u0432\u0456 \u0430\u0442\u0440\u0430\u043a\u0446\u0456\u043e\u043d\u0438 (\u043d\u0430\u043f\u0440\u0438\u043a\u043b\u0430\u0434, \u0430\u043c\u0435\u0440\u0438\u043a\u0430\u043d\u0441\u044c\u043a\u0456 \u0433\u0456\u0440\u043a\u0438, \u043a\u0430\u0440\u0443\u0441\u0435\u043b\u0456, \u044f\u0440\u043c\u0430\u0440\u043a\u043e\u0432\u0456 \u0430\u0442\u0440\u0430\u043a\u0446\u0456\u043e\u043d\u0438 \u0434\u043b\u044f \u0434\u0456\u0442\u0435\u0439), \u0434\u043e\u0441\u0442\u0443\u043f \u0434\u043e \u0448\u043e\u0443 \u0442\u0430 \u043e\u0441\u0432\u0456\u0442\u043d\u0456\u0445 \u043f\u0440\u0435\u0437\u0435\u043d\u0442\u0430\u0446\u0456\u0439, \u043a\u0456\u043d\u043e, \u0432\u043e\u0434\u043d\u0438\u0439 \u043f\u0430\u0440\u043a \u0442\u0430 Tropical Fun<\/li>\n<li>\u042f\u043a \u0456 \u0432 \u0443\u0441\u0456\u0445 \u0456\u043d\u0448\u0438\u0445 \u043f\u0430\u0440\u043a\u0430\u0445 \u0440\u043e\u0437\u0432\u0430\u0433 \u0443 \u0441\u0432\u0456\u0442\u0456, \u043d\u0430\u0441\u0442\u0443\u043f\u043d\u0456 \u0430\u0442\u0440\u0430\u043a\u0446\u0456\u043e\u043d\u0438 \u0434\u043e\u0441\u0442\u0443\u043f\u043d\u0456 \u0437\u0430 \u0434\u043e\u0434\u0430\u0442\u043a\u043e\u0432\u0443 \u043f\u043b\u0430\u0442\u0443: \u0437\u0430\u043a\u043b\u0430\u0434\u0438 \u0445\u0430\u0440\u0447\u0443\u0432\u0430\u043d\u043d\u044f, \u0456\u0433\u0440\u0438 \u0432 \u0430\u0440\u043a\u0430\u0434\u0456, \u0434\u0435\u044f\u043a\u0456 \u0441\u0435\u0440\u0432\u0456\u0441\u043d\u0456 \u0442\u043e\u0447\u043a\u0438 (\u0444\u043e\u0442\u043e-\u043a\u0430\u0431\u0456\u043d\u0430, \u0440\u043e\u0437\u043c\u0430\u043b\u044c\u043e\u0432\u0443\u0432\u0430\u043d\u043d\u044f \u043e\u0431\u043b\u0438\u0447\u0447\u044f, \u0442\u0430\u0442\u0443 \u0442\u043e\u0449\u043e) \u0442\u0430 \u0442\u043e\u0432\u0430\u0440\u0438, \u0449\u043e \u043f\u0440\u043e\u0434\u0430\u044e\u0442\u044c\u0441\u044f \u0432 \u043c\u0430\u0433\u0430\u0437\u0438\u043d\u0430\u0445 \u043d\u0430 \u0442\u0435\u0440\u0438\u0442\u043e\u0440\u0456\u0457 \u043f\u0430\u0440\u043a\u0443.<\/li>\n<\/ul>\n<hr \/>\n","protected":false},"excerpt":{"rendered":"<p>1 \u043e\u043f\u0456\u043a\u0443\u043d \u043d\u0430 10 \u043e\u0441\u0456\u0431 \u0437\u0430 \u043f\u043b\u0430\u0442\u0443 1 PLN \u041a\u0430\u0432\u0430 \u0430\u0431\u043e \u0447\u0430\u0439 \u0434\u043b\u044f \u043e\u043f\u0456\u043a\u0443\u043d\u0456\u0432 \u0433\u0440\u0443\u043f \u0411\u0415\u0417\u041a\u041e\u0428\u0422\u041e\u0412\u041d\u041e \u0412\u043e\u0434\u0456\u0439 \u0430\u0432\u0442\u043e\u0431\u0443\u0441\u0430 \u0411\u0415\u0417\u041a\u041e\u0428\u0422\u041e\u0412\u041d\u041e \u0413\u0440\u0443\u043f\u0438 \u043f\u043e\u0447\u0438\u043d\u0430\u044e\u0442\u044c\u0441\u044f \u0432\u0456\u0434 15 \u0443\u0447\u0430\u0441\u043d\u0438\u043a\u0456\u0432 \u041a\u0432\u0438\u0442\u043e\u043a \u0432\u043a\u043b\u044e\u0447\u0430\u0454 \u0432\u0441\u0456 \u0430\u0442\u0440\u0430\u043a\u0446\u0456\u043e\u043d\u0438 \u043f\u0430\u0440\u043a\u0443 \u0440\u043e\u0437\u0432\u0430\u0433 Energyland: \u044f\u0440\u043c\u0430\u0440\u043a\u043e\u0432\u0456 \u0430\u0442\u0440\u0430\u043a\u0446\u0456\u043e\u043d\u0438 (\u043d\u0430\u043f\u0440\u0438\u043a\u043b\u0430\u0434, \u0430\u043c\u0435\u0440\u0438\u043a\u0430\u043d\u0441\u044c\u043a\u0456 \u0433\u0456\u0440\u043a\u0438, \u043a\u0430\u0440\u0443\u0441\u0435\u043b\u0456, \u044f\u0440\u043c\u0430\u0440\u043a\u043e\u0432\u0456 \u0430\u0442\u0440\u0430\u043a\u0446\u0456\u043e\u043d\u0438 \u0434\u043b\u044f \u0434\u0456\u0442\u0435\u0439), \u0434\u043e\u0441\u0442\u0443\u043f \u0434\u043e \u0448\u043e\u0443 \u0442\u0430 \u043e\u0441\u0432\u0456\u0442\u043d\u0456\u0445 \u043f\u0440\u0435\u0437\u0435\u043d\u0442\u0430\u0446\u0456\u0439, \u043a\u0456\u043d\u043e, \u0432\u043e\u0434\u043d\u0438\u0439 \u043f\u0430\u0440\u043a \u0442\u0430 Tropical Fun \u042f\u043a \u0456 [&hellip;]<\/p>\n","protected":false},"author":26,"featured_media":0,"parent":0,"menu_order":405,"comment_status":"closed","ping_status":"closed","template":"templates\/bilet-single-szkoly.php","meta":{"footnotes":""},"class_list":["post-53458","page","type-page","status-publish","hentry"],"acf":[],"yoast_head":"<!-- This site is optimized with the Yoast SEO plugin v20.9 - https:\/\/yoast.com\/wordpress\/plugins\/seo\/ -->\n<title>\u0428\u043a\u043e\u043b\u0438 - ENERGYLANDIA - Rodzinny Park Rozrywki w Zatorze<\/title>\n<meta name=\"description\" content=\"Energylandia ch\u0119tnie go\u015bci wycieczki szkolne oraz grupy zorganizowane. Ofert\u0119 obejmuj\u0105ca bilety grupowe oraz cennik dla grup znajdziecie na naszej stronie wwww.\" \/>\n<meta name=\"robots\" content=\"index, follow, max-snippet:-1, max-image-preview:large, max-video-preview:-1\" \/>\n<meta property=\"og:locale\" content=\"uk_UA\" \/>\n<meta property=\"og:type\" content=\"article\" \/>\n<meta property=\"og:title\" content=\"\u0428\u043a\u043e\u043b\u0438 - ENERGYLANDIA - Rodzinny Park Rozrywki w Zatorze\" \/>\n<meta property=\"og:description\" content=\"Energylandia ch\u0119tnie go\u015bci wycieczki szkolne oraz grupy zorganizowane. Ofert\u0119 obejmuj\u0105ca bilety grupowe oraz cennik dla grup znajdziecie na naszej stronie wwww.\" \/>\n<meta property=\"og:url\" content=\"https:\/\/energylandia.pl\/uk\/\u0448\u043a\u043e\u043b\u0438\/\" \/>\n<meta property=\"og:site_name\" content=\"ENERGYLANDIA - Rodzinny Park Rozrywki w Zatorze\" \/>\n<meta property=\"article:publisher\" content=\"https:\/\/www.facebook.com\/EnergyLandia\" \/>\n<meta property=\"article:modified_time\" content=\"2026-02-23T14:52:17+00:00\" \/>\n<meta name=\"twitter:card\" content=\"summary_large_image\" \/>\n<meta name=\"twitter:label1\" content=\"Est. reading time\" \/>\n\t<meta name=\"twitter:data1\" content=\"1 minute\" \/>\n<script type=\"application\/ld+json\" class=\"yoast-schema-graph\">{\"@context\":\"https:\/\/schema.org\",\"@graph\":[{\"@type\":\"WebPage\",\"@id\":\"https:\/\/energylandia.pl\/uk\/%d1%88%d0%ba%d0%be%d0%bb%d0%b8\/\",\"url\":\"https:\/\/energylandia.pl\/uk\/%d1%88%d0%ba%d0%be%d0%bb%d0%b8\/\",\"name\":\"\u0428\u043a\u043e\u043b\u0438 - ENERGYLANDIA - Rodzinny Park Rozrywki w Zatorze\",\"isPartOf\":{\"@id\":\"https:\/\/energylandia.pl\/#website\"},\"datePublished\":\"2018-03-05T13:09:32+00:00\",\"dateModified\":\"2026-02-23T14:52:17+00:00\",\"description\":\"Energylandia ch\u0119tnie go\u015bci wycieczki szkolne oraz grupy zorganizowane. Ofert\u0119 obejmuj\u0105ca bilety grupowe oraz cennik dla grup znajdziecie na naszej stronie wwww.\",\"breadcrumb\":{\"@id\":\"https:\/\/energylandia.pl\/uk\/%d1%88%d0%ba%d0%be%d0%bb%d0%b8\/#breadcrumb\"},\"inLanguage\":\"uk-UA\",\"potentialAction\":[{\"@type\":\"ReadAction\",\"target\":[\"https:\/\/energylandia.pl\/uk\/%d1%88%d0%ba%d0%be%d0%bb%d0%b8\/\"]}]},{\"@type\":\"BreadcrumbList\",\"@id\":\"https:\/\/energylandia.pl\/uk\/%d1%88%d0%ba%d0%be%d0%bb%d0%b8\/#breadcrumb\",\"itemListElement\":[{\"@type\":\"ListItem\",\"position\":1,\"name\":\"Strona g\u0142\u00f3wna\",\"item\":\"https:\/\/energylandia.pl\/uk\/\"},{\"@type\":\"ListItem\",\"position\":2,\"name\":\"\u0428\u043a\u043e\u043b\u0438\"}]},{\"@type\":\"WebSite\",\"@id\":\"https:\/\/energylandia.pl\/#website\",\"url\":\"https:\/\/energylandia.pl\/\",\"name\":\"ENERGYLANDIA - Rodzinny Park Rozrywki w Zatorze\",\"description\":\"ENERGYLANDIA - najwi\u0119kszy rodzinny Park Rozrywki w Polsce!\",\"publisher\":{\"@id\":\"https:\/\/energylandia.pl\/#organization\"},\"potentialAction\":[{\"@type\":\"SearchAction\",\"target\":{\"@type\":\"EntryPoint\",\"urlTemplate\":\"https:\/\/energylandia.pl\/?s={search_term_string}\"},\"query-input\":\"required name=search_term_string\"}],\"inLanguage\":\"uk-UA\"},{\"@type\":\"Organization\",\"@id\":\"https:\/\/energylandia.pl\/#organization\",\"name\":\"Energylandia\",\"url\":\"https:\/\/energylandia.pl\/\",\"logo\":{\"@type\":\"ImageObject\",\"inLanguage\":\"uk-UA\",\"@id\":\"https:\/\/energylandia.pl\/#\/schema\/logo\/image\/\",\"url\":\"\",\"contentUrl\":\"\",\"caption\":\"Energylandia\"},\"image\":{\"@id\":\"https:\/\/energylandia.pl\/#\/schema\/logo\/image\/\"},\"sameAs\":[\"https:\/\/www.facebook.com\/EnergyLandia\",\"https:\/\/www.youtube.com\/channel\/UCPj-Bs4Pfub_Bm04BOfyDoA\",\"https:\/\/vm.tiktok.com\/Tw7YAK\/\"]}]}<\/script>\n<!-- \/ Yoast SEO plugin. -->","yoast_head_json":{"title":"\u0428\u043a\u043e\u043b\u0438 - ENERGYLANDIA - Rodzinny Park Rozrywki w Zatorze","description":"Energylandia ch\u0119tnie go\u015bci wycieczki szkolne oraz grupy zorganizowane. Ofert\u0119 obejmuj\u0105ca bilety grupowe oraz cennik dla grup znajdziecie na naszej stronie wwww.","robots":{"index":"index","follow":"follow","max-snippet":"max-snippet:-1","max-image-preview":"max-image-preview:large","max-video-preview":"max-video-preview:-1"},"og_locale":"uk_UA","og_type":"article","og_title":"\u0428\u043a\u043e\u043b\u0438 - ENERGYLANDIA - Rodzinny Park Rozrywki w Zatorze","og_description":"Energylandia ch\u0119tnie go\u015bci wycieczki szkolne oraz grupy zorganizowane. Ofert\u0119 obejmuj\u0105ca bilety grupowe oraz cennik dla grup znajdziecie na naszej stronie wwww.","og_url":"https:\/\/energylandia.pl\/uk\/\u0448\u043a\u043e\u043b\u0438\/","og_site_name":"ENERGYLANDIA - Rodzinny Park Rozrywki w Zatorze","article_publisher":"https:\/\/www.facebook.com\/EnergyLandia","article_modified_time":"2026-02-23T14:52:17+00:00","twitter_card":"summary_large_image","twitter_misc":{"Est. reading time":"1 minute"},"schema":{"@context":"https:\/\/schema.org","@graph":[{"@type":"WebPage","@id":"https:\/\/energylandia.pl\/uk\/%d1%88%d0%ba%d0%be%d0%bb%d0%b8\/","url":"https:\/\/energylandia.pl\/uk\/%d1%88%d0%ba%d0%be%d0%bb%d0%b8\/","name":"\u0428\u043a\u043e\u043b\u0438 - ENERGYLANDIA - Rodzinny Park Rozrywki w Zatorze","isPartOf":{"@id":"https:\/\/energylandia.pl\/#website"},"datePublished":"2018-03-05T13:09:32+00:00","dateModified":"2026-02-23T14:52:17+00:00","description":"Energylandia ch\u0119tnie go\u015bci wycieczki szkolne oraz grupy zorganizowane. Ofert\u0119 obejmuj\u0105ca bilety grupowe oraz cennik dla grup znajdziecie na naszej stronie wwww.","breadcrumb":{"@id":"https:\/\/energylandia.pl\/uk\/%d1%88%d0%ba%d0%be%d0%bb%d0%b8\/#breadcrumb"},"inLanguage":"uk-UA","potentialAction":[{"@type":"ReadAction","target":["https:\/\/energylandia.pl\/uk\/%d1%88%d0%ba%d0%be%d0%bb%d0%b8\/"]}]},{"@type":"BreadcrumbList","@id":"https:\/\/energylandia.pl\/uk\/%d1%88%d0%ba%d0%be%d0%bb%d0%b8\/#breadcrumb","itemListElement":[{"@type":"ListItem","position":1,"name":"Strona g\u0142\u00f3wna","item":"https:\/\/energylandia.pl\/uk\/"},{"@type":"ListItem","position":2,"name":"\u0428\u043a\u043e\u043b\u0438"}]},{"@type":"WebSite","@id":"https:\/\/energylandia.pl\/#website","url":"https:\/\/energylandia.pl\/","name":"ENERGYLANDIA - Rodzinny Park Rozrywki w Zatorze","description":"ENERGYLANDIA - najwi\u0119kszy rodzinny Park Rozrywki w Polsce!","publisher":{"@id":"https:\/\/energylandia.pl\/#organization"},"potentialAction":[{"@type":"SearchAction","target":{"@type":"EntryPoint","urlTemplate":"https:\/\/energylandia.pl\/?s={search_term_string}"},"query-input":"required name=search_term_string"}],"inLanguage":"uk-UA"},{"@type":"Organization","@id":"https:\/\/energylandia.pl\/#organization","name":"Energylandia","url":"https:\/\/energylandia.pl\/","logo":{"@type":"ImageObject","inLanguage":"uk-UA","@id":"https:\/\/energylandia.pl\/#\/schema\/logo\/image\/","url":"","contentUrl":"","caption":"Energylandia"},"image":{"@id":"https:\/\/energylandia.pl\/#\/schema\/logo\/image\/"},"sameAs":["https:\/\/www.facebook.com\/EnergyLandia","https:\/\/www.youtube.com\/channel\/UCPj-Bs4Pfub_Bm04BOfyDoA","https:\/\/vm.tiktok.com\/Tw7YAK\/"]}]}},"_links":{"self":[{"href":"https:\/\/energylandia.pl\/uk\/wp-json\/wp\/v2\/pages\/53458","targetHints":{"allow":["GET"]}}],"collection":[{"href":"https:\/\/energylandia.pl\/uk\/wp-json\/wp\/v2\/pages"}],"about":[{"href":"https:\/\/energylandia.pl\/uk\/wp-json\/wp\/v2\/types\/page"}],"author":[{"embeddable":true,"href":"https:\/\/energylandia.pl\/uk\/wp-json\/wp\/v2\/users\/26"}],"replies":[{"embeddable":true,"href":"https:\/\/energylandia.pl\/uk\/wp-json\/wp\/v2\/comments?post=53458"}],"version-history":[{"count":3,"href":"https:\/\/energylandia.pl\/uk\/wp-json\/wp\/v2\/pages\/53458\/revisions"}],"predecessor-version":[{"id":300620,"href":"https:\/\/energylandia.pl\/uk\/wp-json\/wp\/v2\/pages\/53458\/revisions\/300620"}],"wp:attachment":[{"href":"https:\/\/energylandia.pl\/uk\/wp-json\/wp\/v2\/media?parent=53458"}],"curies":[{"name":"wp","href":"https:\/\/api.w.org\/{rel}","templated":true}]}}