{"id":51527,"date":"2020-01-14T13:33:39","date_gmt":"2020-01-14T12:33:39","guid":{"rendered":"https:\/\/energylandia.pl\/%d0%ba%d0%be%d0%bd%d1%82%d0%b0%d0%ba%d1%82\/wspolpraca-dla-influencera\/"},"modified":"2024-04-08T15:35:07","modified_gmt":"2024-04-08T13:35:07","slug":"%d0%b1%d0%bb%d0%b0%d0%bd%d0%ba-%d0%b4%d0%bb%d1%8f-%d1%96%d0%bd%d1%84%d0%bb%d1%8e%d0%b5%d0%bd%d1%81%d0%b5%d1%80%d1%96%d0%b2","status":"publish","type":"page","link":"https:\/\/energylandia.pl\/uk\/%d0%b1%d0%bb%d0%b0%d0%bd%d0%ba-%d0%b4%d0%bb%d1%8f-%d1%96%d0%bd%d1%84%d0%bb%d1%8e%d0%b5%d0%bd%d1%81%d0%b5%d1%80%d1%96%d0%b2\/","title":{"rendered":"\u0411\u043b\u0430\u043d\u043a \u0434\u043b\u044f \u0456\u043d\u0444\u043b\u044e\u0435\u043d\u0441\u0435\u0440\u0456\u0432"},"content":{"rendered":"\n<div class=\"wpcf7 no-js\" id=\"wpcf7-f155162-o1\" lang=\"uk-UA\" dir=\"ltr\">\n<div class=\"screen-reader-response\"><p role=\"status\" aria-live=\"polite\" aria-atomic=\"true\"><\/p> <ul><\/ul><\/div>\n<form action=\"\/uk\/wp-json\/wp\/v2\/pages\/51527#wpcf7-f155162-o1\" method=\"post\" class=\"wpcf7-form init wpcf7-acceptance-as-validation\" aria-label=\"Contact form\" novalidate=\"novalidate\" data-status=\"init\">\n<div style=\"display: none;\">\n<input type=\"hidden\" name=\"_wpcf7\" value=\"155162\" \/>\n<input type=\"hidden\" name=\"_wpcf7_version\" value=\"5.7.7\" \/>\n<input type=\"hidden\" name=\"_wpcf7_locale\" value=\"uk_UA\" \/>\n<input type=\"hidden\" name=\"_wpcf7_unit_tag\" value=\"wpcf7-f155162-o1\" \/>\n<input type=\"hidden\" name=\"_wpcf7_container_post\" value=\"0\" \/>\n<input type=\"hidden\" name=\"_wpcf7_posted_data_hash\" value=\"\" \/>\n<input type=\"hidden\" name=\"_wpcf7cf_hidden_group_fields\" value=\"[]\" \/>\n<input type=\"hidden\" name=\"_wpcf7cf_hidden_groups\" value=\"[]\" \/>\n<input type=\"hidden\" name=\"_wpcf7cf_visible_groups\" value=\"[]\" \/>\n<input type=\"hidden\" name=\"_wpcf7cf_repeaters\" value=\"[]\" \/>\n<input type=\"hidden\" name=\"_wpcf7cf_steps\" value=\"{}\" \/>\n<input type=\"hidden\" name=\"_wpcf7cf_options\" value=\"{&quot;form_id&quot;:155162,&quot;conditions&quot;:[],&quot;settings&quot;:{&quot;animation&quot;:&quot;yes&quot;,&quot;animation_intime&quot;:200,&quot;animation_outtime&quot;:200,&quot;conditions_ui&quot;:&quot;normal&quot;,&quot;notice_dismissed&quot;:false}}\" \/>\n<input type=\"hidden\" name=\"_wpcf7_recaptcha_response\" value=\"\" \/>\n<\/div>\n<div class=\"row\">\n    <div class=\"col-md-6\">\n        <div class=\"form-group\">\n            <label>\"\u0406\u043c'\u044f <span class=\"plm-required-field\">*<\/span><\/label>\n            <span class=\"wpcf7-form-control-wrap\" data-name=\"imie\"><input size=\"40\" class=\"wpcf7-form-control wpcf7-text wpcf7-validates-as-required form-control\" autocomplete=\"given-name\" aria-required=\"true\" aria-invalid=\"false\" placeholder=\"\u0406\u043c&#039;\u044f*\" value=\"\" type=\"text\" name=\"imie\" \/><\/span>\n        <\/div>\n    <\/div>\n    <div class=\"col-md-6\">\n        <div class=\"form-group\">\n            <label>\u041f\u0440\u0456\u0437\u0432\u0438\u0449\u0435 <span class=\"plm-required-field\">*<\/span><\/label>\n            <span class=\"wpcf7-form-control-wrap\" data-name=\"nazwisko\"><input size=\"40\" class=\"wpcf7-form-control wpcf7-text wpcf7-validates-as-required form-control\" autocomplete=\"family-name\" aria-required=\"true\" aria-invalid=\"false\" placeholder=\"\u041f\u0440\u0456\u0437\u0432\u0438\u0449\u0435\" value=\"\" type=\"text\" name=\"nazwisko\" \/><\/span>\n        <\/div>\n    <\/div>\n<\/div>\n<div class=\"row\">\n    <div class=\"col-md-6\">\n        <div class=\"form-group\">\n            <label>\u0410\u0434\u0440\u0435\u0441\u0430 \u0435\u043b\u0435\u043a\u0442\u0440\u043e\u043d\u043d\u043e\u0457 \u043f\u043e\u0448\u0442\u0438 <span class=\"plm-required-field\">*<\/span><\/label>\n            <span class=\"wpcf7-form-control-wrap\" data-name=\"email\"><input size=\"40\" class=\"wpcf7-form-control wpcf7-text wpcf7-email wpcf7-validates-as-required wpcf7-validates-as-email form-control\" autocomplete=\"email\" aria-required=\"true\" aria-invalid=\"false\" placeholder=\"\u0410\u0434\u0440\u0435\u0441\u0430 \u0435\u043b\u0435\u043a\u0442\u0440\u043e\u043d\u043d\u043e\u0457 \u043f\u043e\u0448\u0442\u0438\" value=\"\" type=\"email\" name=\"email\" \/><\/span>\n        <\/div>\n    <\/div>\n    <div class=\"col-md-6\">\n        <div class=\"form-group\">\n            <label>\u041d\u043e\u043c\u0435\u0440 \u0442\u0435\u043b\u0435\u0444\u043e\u043d\u0443 <span class=\"plm-required-field\">*<\/span><\/label>\n            <span class=\"wpcf7-form-control-wrap\" data-name=\"telefon\"><input size=\"40\" class=\"wpcf7-form-control wpcf7-text wpcf7-tel wpcf7-validates-as-required wpcf7-validates-as-tel form-control\" autocomplete=\"tel\" aria-required=\"true\" aria-invalid=\"false\" placeholder=\"\u041d\u043e\u043c\u0435\u0440 \u0442\u0435\u043b\u0435\u0444\u043e\u043d\u0443\" value=\"\" type=\"tel\" name=\"telefon\" \/><\/span>\n        <\/div>\n    <\/div>\n<\/div>\n<div class=\"row\">\n    <div class=\"col-md-6\">\n        <div class=\"form-group\">\n            <label>\u041f\u043e\u0441\u0438\u043b\u0430\u043d\u043d\u044f \u043d\u0430 \u0441\u0442\u043e\u0440\u0456\u043d\u043a\u0443 \u0432 \u0406\u043d\u0441\u0442\u0430\u0433\u0440\u0430\u043c <\/label>\n            <span class=\"wpcf7-form-control-wrap\" data-name=\"instagram\"><input size=\"40\" class=\"wpcf7-form-control wpcf7-text form-control\" autocomplete=\"instagram\" aria-invalid=\"false\" placeholder=\"\u041f\u043e\u0441\u0438\u043b\u0430\u043d\u043d\u044f \u043d\u0430 \u0441\u0442\u043e\u0440\u0456\u043d\u043a\u0443 \u0432 \u0406\u043d\u0441\u0442\u0430\u0433\u0440\u0430\u043c\" value=\"\" type=\"text\" name=\"instagram\" \/><\/span>\n        <\/div>\n    <\/div>\n    <div class=\"col-md-6\">\n        <div class=\"form-group\">\n            <label>\u041d\u0456\u043a\u043d\u0435\u0439\u043c \u0432 \u0406\u043d\u0441\u0442\u0430\u0433\u0440\u0430\u043c <\/label>\n            <span class=\"wpcf7-form-control-wrap\" data-name=\"nick-instagram\"><input size=\"40\" class=\"wpcf7-form-control wpcf7-text form-control\" autocomplete=\"nick-instagram\" aria-invalid=\"false\" placeholder=\"\u041d\u0456\u043a\u043d\u0435\u0439\u043c \u0432 \u0406\u043d\u0441\u0442\u0430\u0433\u0440\u0430\u043c\" value=\"\" type=\"text\" name=\"nick-instagram\" \/><\/span>\n        <\/div>\n    <\/div>\n<\/div>\n<div class=\"row\">\n    <div class=\"col-md-6\">\n        <div class=\"form-group\">\n            <label>\u041f\u043e\u0441\u0438\u043b\u0430\u043d\u043d\u044f \u043d\u0430 YouTube \u043a\u0430\u043d\u0430\u043b <\/label>\n            <span class=\"wpcf7-form-control-wrap\" data-name=\"youtube\"><input size=\"40\" class=\"wpcf7-form-control wpcf7-text form-control\" autocomplete=\"youtube\" aria-invalid=\"false\" placeholder=\"\u041f\u043e\u0441\u0438\u043b\u0430\u043d\u043d\u044f \u043d\u0430 YouTube \u043a\u0430\u043d\u0430\u043b\" value=\"\" type=\"text\" name=\"youtube\" \/><\/span>\n        <\/div>\n    <\/div>\n    <div class=\"col-md-6\">\n        <div class=\"form-group\">\n            <label>\u041d\u0456\u043a\u043d\u0435\u0439\u043c \u043d\u0430 YouTube\" <\/label>\n            <span class=\"wpcf7-form-control-wrap\" data-name=\"nick-youtube\"><input size=\"40\" class=\"wpcf7-form-control wpcf7-text form-control\" autocomplete=\"nick-youtube\" aria-invalid=\"false\" placeholder=\"\u041d\u0456\u043a\u043d\u0435\u0439\u043c \u043d\u0430 YouTube\" value=\"\" type=\"text\" name=\"nick-youtube\" \/><\/span>\n        <\/div>\n    <\/div>\n<\/div><div class=\"row\">\n    <div class=\"col-md-6\">\n        <div class=\"form-group\">\n            <label>\u041f\u043e\u0441\u0438\u043b\u0430\u043d\u043d\u044f \u043d\u0430 \u0431\u043b\u043e\u0433 <\/label>\n            <span class=\"wpcf7-form-control-wrap\" data-name=\"blog\"><input size=\"40\" class=\"wpcf7-form-control wpcf7-text form-control\" aria-invalid=\"false\" placeholder=\"\u041f\u043e\u0441\u0438\u043b\u0430\u043d\u043d\u044f \u043d\u0430 \u0431\u043b\u043e\u0433\" value=\"\" type=\"text\" name=\"blog\" \/><\/span>\n        <\/div>\n    <\/div>\n    <div class=\"col-md-6\">\n        <div class=\"form-group\">\n            <label>\u041d\u0430\u0437\u0432\u0430 \u0431\u043b\u043e\u0433\u0443 <\/label>\n            <span class=\"wpcf7-form-control-wrap\" data-name=\"nazwa-bloga\"><input size=\"40\" class=\"wpcf7-form-control wpcf7-text form-control\" autocomplete=\"nazwa-bloga\" aria-invalid=\"false\" placeholder=\"\u041d\u0430\u0437\u0432\u0430 \u0431\u043b\u043e\u0433\u0443\" value=\"\" type=\"text\" name=\"nazwa-bloga\" \/><\/span>\n        <\/div>\n    <\/div>\n<\/div>\n<div class=\"col-md-12\">\n    <div class=\"form-group\">\n        <label>\u0406\u043d\u0448\u0435 <\/label>\n        <span class=\"wpcf7-form-control-wrap\" data-name=\"inne\"><input size=\"40\" class=\"wpcf7-form-control wpcf7-text form-control\" autocomplete=\"inne\" aria-invalid=\"false\" placeholder=\"\u0406\u043d\u0448\u0435\" value=\"\" type=\"text\" name=\"inne\" \/><\/span>\n    <\/div>\n<\/div>\n<div class=\"col-md-12\">\n    <div class=\"form-group\">\n        <label>\u041f\u0440\u043e\u0444\u0456\u043b\u044c \u043a\u0430\u043d\u0430\u043b\u0443 (\u043d\u0430\u043f\u0440\u0438\u043a\u043b\u0430\u0434 \u043b\u0430\u0439\u0444 \u0441\u0442\u0430\u0439\u043b, \u0441\u043f\u043e\u0440\u0442\u2026) <\/label>\n        <span class=\"wpcf7-form-control-wrap\" data-name=\"profil\"><input size=\"40\" class=\"wpcf7-form-control wpcf7-text form-control\" autocomplete=\"profil\" aria-invalid=\"false\" placeholder=\"\u041f\u0440\u043e\u0444\u0456\u043b\u044c \u043a\u0430\u043d\u0430\u043b\u0443 (\u043d\u0430\u043f\u0440\u0438\u043a\u043b\u0430\u0434 \u043b\u0430\u0439\u0444 \u0441\u0442\u0430\u0439\u043b, \u0441\u043f\u043e\u0440\u0442\u2026)\" value=\"\" type=\"text\" name=\"profil\" \/><\/span>\n    <\/div>\n<\/div>\n<div class=\"row\">\n    <div class=\"col-12\">\n        <div class=\"form-group\">\n            <label>\u0412\u0430\u0448\u0456 \u043f\u0440\u043e\u043f\u043e\u0437\u0438\u0446\u0456\u0457 \u043f\u043e\u0441\u043b\u0443\u0433 \u0432 \u0440\u0430\u043c\u043a\u0430\u0445 \u0441\u043f\u0456\u0432\u043f\u0440\u0430\u0446\u0456  <span class=\"plm-required-field\">*<\/span><\/label>\n            <span class=\"wpcf7-form-control-wrap\" data-name=\"swiadczenia\"><textarea cols=\"40\" rows=\"4\" class=\"wpcf7-form-control wpcf7-textarea wpcf7-validates-as-required form-control\" aria-required=\"true\" aria-invalid=\"false\" placeholder=\"\u0412\u0430\u0448\u0456 \u043f\u0440\u043e\u043f\u043e\u0437\u0438\u0446\u0456\u0457 \u043f\u043e\u0441\u043b\u0443\u0433 \u0432 \u0440\u0430\u043c\u043a\u0430\u0445 \u0441\u043f\u0456\u0432\u043f\u0440\u0430\u0446\u0456\" name=\"swiadczenia\"><\/textarea><\/span>\n        <\/div>\n    <\/div>\n<\/div>\n<div class=\"row\">\n    <div class=\"col-12\">\n        <div class=\"form-group\">\n            <label>\u041a\u0456\u043b\u044c\u043a\u0456\u0441\u0442\u044c \u0432\u0456\u0434\u0432\u0456\u0434\u0443\u0432\u0430\u043d\u044c \u0432 \u0440\u0430\u043c\u043a\u0430\u0445 \u0441\u043f\u0456\u0432\u043f\u0440\u0430\u0446\u0456 <span class=\"plm-required-field\">*<\/span><\/label>\n            <span class=\"wpcf7-form-control-wrap\" data-name=\"nagroda\"><textarea cols=\"40\" rows=\"4\" class=\"wpcf7-form-control wpcf7-textarea wpcf7-validates-as-required form-control\" aria-required=\"true\" aria-invalid=\"false\" placeholder=\"\u041a\u0456\u043b\u044c\u043a\u0456\u0441\u0442\u044c \u0432\u0456\u0434\u0432\u0456\u0434\u0443\u0432\u0430\u043d\u044c \u0432 \u0440\u0430\u043c\u043a\u0430\u0445 \u0441\u043f\u0456\u0432\u043f\u0440\u0430\u0446\u0456\" name=\"nagroda\"><\/textarea><\/span>\n        <\/div>\n    <\/div>\n<\/div>\n<div class=\"row\">\n    <div class=\"col-12\">\n        <div class=\"form-check form-switch\">\n            <span class=\"wpcf7-form-control-wrap\" data-name=\"acceptance-408\"><span class=\"wpcf7-form-control wpcf7-acceptance\"><span class=\"wpcf7-list-item\"><label><input type=\"checkbox\" name=\"acceptance-408\" value=\"1\" class=\"form-check-input\" aria-invalid=\"false\" \/><span class=\"wpcf7-list-item-label\">\u042f \u043e\u0437\u043d\u0430\u0439\u043e\u043c\u0438\u0432\u0441\u044f \u0456 \u043f\u0440\u0438\u0439\u043c\u0430\u044e \u043f\u043e\u043b\u043e\u0436\u0435\u043d\u043d\u044f <a href=\"\/o-nas\/polityka-prywatnosci\/\" target=\"_blank\">\u041f\u043e\u043b\u0456\u0442\u0438\u043a\u0430 \u043a\u043e\u043d\u0444\u0456\u0434\u0435\u043d\u0446\u0456\u0439\u043d\u043e\u0441\u0442\u0456<\/a>. <span class=\"plm-required-field\">*<\/span><\/span><\/label><\/span><\/span><\/span>\n        <\/div>\n    <\/div>\n<\/div>\n<div class=\"row\">\n    <div class=\"col-12 mx-auto text-center\">\n        <input class=\"wpcf7-form-control has-spinner wpcf7-submit btn btn-primary\" type=\"submit\" value=\"\u041d\u0430\u0434\u0456\u0441\u043b\u0430\u0442\u0438\" \/>\n    <\/div>\n<\/div>\n<br\/><div class=\"wpcf7-response-output\" aria-hidden=\"true\"><\/div>\n<\/form>\n<\/div>\n\n","protected":false},"excerpt":{"rendered":"","protected":false},"author":26,"featured_media":0,"parent":0,"menu_order":259,"comment_status":"closed","ping_status":"closed","template":"","meta":{"footnotes":""},"class_list":["post-51527","page","type-page","status-publish","hentry"],"acf":[],"yoast_head":"<!-- This site is optimized with the Yoast SEO plugin v20.9 - https:\/\/yoast.com\/wordpress\/plugins\/seo\/ -->\n<title>\u0411\u043b\u0430\u043d\u043a \u0434\u043b\u044f \u0456\u043d\u0444\u043b\u044e\u0435\u043d\u0441\u0435\u0440\u0456\u0432 - ENERGYLANDIA - Rodzinny Park Rozrywki w Zatorze<\/title>\n<meta name=\"description\" content=\"Na stronie Energylandia oferty pracy znajd\u0105 Pa\u0144stwo ciekawe propozycje pracy. Zatrudnienie w Parku Rozrywki to doskona\u0142y pomys\u0142 na dodatkowe zarobki oraz idealna praca na wakacje.\" \/>\n<meta name=\"robots\" content=\"index, follow, max-snippet:-1, max-image-preview:large, max-video-preview:-1\" \/>\n<meta property=\"og:locale\" content=\"uk_UA\" \/>\n<meta property=\"og:type\" content=\"article\" \/>\n<meta property=\"og:title\" content=\"\u0411\u043b\u0430\u043d\u043a \u0434\u043b\u044f \u0456\u043d\u0444\u043b\u044e\u0435\u043d\u0441\u0435\u0440\u0456\u0432 - ENERGYLANDIA - Rodzinny Park Rozrywki w Zatorze\" \/>\n<meta property=\"og:description\" content=\"Na stronie Energylandia oferty pracy znajd\u0105 Pa\u0144stwo ciekawe propozycje pracy. Zatrudnienie w Parku Rozrywki to doskona\u0142y pomys\u0142 na dodatkowe zarobki oraz idealna praca na wakacje.\" \/>\n<meta property=\"og:url\" content=\"https:\/\/energylandia.pl\/uk\/\u0431\u043b\u0430\u043d\u043a-\u0434\u043b\u044f-\u0456\u043d\u0444\u043b\u044e\u0435\u043d\u0441\u0435\u0440\u0456\u0432\/\" \/>\n<meta property=\"og:site_name\" content=\"ENERGYLANDIA - Rodzinny Park Rozrywki w Zatorze\" \/>\n<meta property=\"article:publisher\" content=\"https:\/\/www.facebook.com\/EnergyLandia\" \/>\n<meta property=\"article:modified_time\" content=\"2024-04-08T13:35:07+00:00\" \/>\n<meta name=\"twitter:card\" content=\"summary_large_image\" \/>\n<script type=\"application\/ld+json\" class=\"yoast-schema-graph\">{\"@context\":\"https:\/\/schema.org\",\"@graph\":[{\"@type\":\"WebPage\",\"@id\":\"https:\/\/energylandia.pl\/uk\/%d0%b1%d0%bb%d0%b0%d0%bd%d0%ba-%d0%b4%d0%bb%d1%8f-%d1%96%d0%bd%d1%84%d0%bb%d1%8e%d0%b5%d0%bd%d1%81%d0%b5%d1%80%d1%96%d0%b2\/\",\"url\":\"https:\/\/energylandia.pl\/uk\/%d0%b1%d0%bb%d0%b0%d0%bd%d0%ba-%d0%b4%d0%bb%d1%8f-%d1%96%d0%bd%d1%84%d0%bb%d1%8e%d0%b5%d0%bd%d1%81%d0%b5%d1%80%d1%96%d0%b2\/\",\"name\":\"\u0411\u043b\u0430\u043d\u043a \u0434\u043b\u044f \u0456\u043d\u0444\u043b\u044e\u0435\u043d\u0441\u0435\u0440\u0456\u0432 - ENERGYLANDIA - Rodzinny Park Rozrywki w Zatorze\",\"isPartOf\":{\"@id\":\"https:\/\/energylandia.pl\/#website\"},\"datePublished\":\"2020-01-14T12:33:39+00:00\",\"dateModified\":\"2024-04-08T13:35:07+00:00\",\"description\":\"Na stronie Energylandia oferty pracy znajd\u0105 Pa\u0144stwo ciekawe propozycje pracy. Zatrudnienie w Parku Rozrywki to doskona\u0142y pomys\u0142 na dodatkowe zarobki oraz idealna praca na wakacje.\",\"breadcrumb\":{\"@id\":\"https:\/\/energylandia.pl\/uk\/%d0%b1%d0%bb%d0%b0%d0%bd%d0%ba-%d0%b4%d0%bb%d1%8f-%d1%96%d0%bd%d1%84%d0%bb%d1%8e%d0%b5%d0%bd%d1%81%d0%b5%d1%80%d1%96%d0%b2\/#breadcrumb\"},\"inLanguage\":\"uk-UA\",\"potentialAction\":[{\"@type\":\"ReadAction\",\"target\":[\"https:\/\/energylandia.pl\/uk\/%d0%b1%d0%bb%d0%b0%d0%bd%d0%ba-%d0%b4%d0%bb%d1%8f-%d1%96%d0%bd%d1%84%d0%bb%d1%8e%d0%b5%d0%bd%d1%81%d0%b5%d1%80%d1%96%d0%b2\/\"]}]},{\"@type\":\"BreadcrumbList\",\"@id\":\"https:\/\/energylandia.pl\/uk\/%d0%b1%d0%bb%d0%b0%d0%bd%d0%ba-%d0%b4%d0%bb%d1%8f-%d1%96%d0%bd%d1%84%d0%bb%d1%8e%d0%b5%d0%bd%d1%81%d0%b5%d1%80%d1%96%d0%b2\/#breadcrumb\",\"itemListElement\":[{\"@type\":\"ListItem\",\"position\":1,\"name\":\"Strona g\u0142\u00f3wna\",\"item\":\"https:\/\/energylandia.pl\/uk\/\"},{\"@type\":\"ListItem\",\"position\":2,\"name\":\"\u0411\u043b\u0430\u043d\u043a \u0434\u043b\u044f \u0456\u043d\u0444\u043b\u044e\u0435\u043d\u0441\u0435\u0440\u0456\u0432\"}]},{\"@type\":\"WebSite\",\"@id\":\"https:\/\/energylandia.pl\/#website\",\"url\":\"https:\/\/energylandia.pl\/\",\"name\":\"ENERGYLANDIA - Rodzinny Park Rozrywki w Zatorze\",\"description\":\"ENERGYLANDIA - najwi\u0119kszy rodzinny Park Rozrywki w Polsce!\",\"publisher\":{\"@id\":\"https:\/\/energylandia.pl\/#organization\"},\"potentialAction\":[{\"@type\":\"SearchAction\",\"target\":{\"@type\":\"EntryPoint\",\"urlTemplate\":\"https:\/\/energylandia.pl\/?s={search_term_string}\"},\"query-input\":\"required name=search_term_string\"}],\"inLanguage\":\"uk-UA\"},{\"@type\":\"Organization\",\"@id\":\"https:\/\/energylandia.pl\/#organization\",\"name\":\"Energylandia\",\"url\":\"https:\/\/energylandia.pl\/\",\"logo\":{\"@type\":\"ImageObject\",\"inLanguage\":\"uk-UA\",\"@id\":\"https:\/\/energylandia.pl\/#\/schema\/logo\/image\/\",\"url\":\"\",\"contentUrl\":\"\",\"caption\":\"Energylandia\"},\"image\":{\"@id\":\"https:\/\/energylandia.pl\/#\/schema\/logo\/image\/\"},\"sameAs\":[\"https:\/\/www.facebook.com\/EnergyLandia\",\"https:\/\/www.youtube.com\/channel\/UCPj-Bs4Pfub_Bm04BOfyDoA\",\"https:\/\/vm.tiktok.com\/Tw7YAK\/\"]}]}<\/script>\n<!-- \/ Yoast SEO plugin. -->","yoast_head_json":{"title":"\u0411\u043b\u0430\u043d\u043a \u0434\u043b\u044f \u0456\u043d\u0444\u043b\u044e\u0435\u043d\u0441\u0435\u0440\u0456\u0432 - ENERGYLANDIA - Rodzinny Park Rozrywki w Zatorze","description":"Na stronie Energylandia oferty pracy znajd\u0105 Pa\u0144stwo ciekawe propozycje pracy. Zatrudnienie w Parku Rozrywki to doskona\u0142y pomys\u0142 na dodatkowe zarobki oraz idealna praca na wakacje.","robots":{"index":"index","follow":"follow","max-snippet":"max-snippet:-1","max-image-preview":"max-image-preview:large","max-video-preview":"max-video-preview:-1"},"og_locale":"uk_UA","og_type":"article","og_title":"\u0411\u043b\u0430\u043d\u043a \u0434\u043b\u044f \u0456\u043d\u0444\u043b\u044e\u0435\u043d\u0441\u0435\u0440\u0456\u0432 - ENERGYLANDIA - Rodzinny Park Rozrywki w Zatorze","og_description":"Na stronie Energylandia oferty pracy znajd\u0105 Pa\u0144stwo ciekawe propozycje pracy. Zatrudnienie w Parku Rozrywki to doskona\u0142y pomys\u0142 na dodatkowe zarobki oraz idealna praca na wakacje.","og_url":"https:\/\/energylandia.pl\/uk\/\u0431\u043b\u0430\u043d\u043a-\u0434\u043b\u044f-\u0456\u043d\u0444\u043b\u044e\u0435\u043d\u0441\u0435\u0440\u0456\u0432\/","og_site_name":"ENERGYLANDIA - Rodzinny Park Rozrywki w Zatorze","article_publisher":"https:\/\/www.facebook.com\/EnergyLandia","article_modified_time":"2024-04-08T13:35:07+00:00","twitter_card":"summary_large_image","schema":{"@context":"https:\/\/schema.org","@graph":[{"@type":"WebPage","@id":"https:\/\/energylandia.pl\/uk\/%d0%b1%d0%bb%d0%b0%d0%bd%d0%ba-%d0%b4%d0%bb%d1%8f-%d1%96%d0%bd%d1%84%d0%bb%d1%8e%d0%b5%d0%bd%d1%81%d0%b5%d1%80%d1%96%d0%b2\/","url":"https:\/\/energylandia.pl\/uk\/%d0%b1%d0%bb%d0%b0%d0%bd%d0%ba-%d0%b4%d0%bb%d1%8f-%d1%96%d0%bd%d1%84%d0%bb%d1%8e%d0%b5%d0%bd%d1%81%d0%b5%d1%80%d1%96%d0%b2\/","name":"\u0411\u043b\u0430\u043d\u043a \u0434\u043b\u044f \u0456\u043d\u0444\u043b\u044e\u0435\u043d\u0441\u0435\u0440\u0456\u0432 - ENERGYLANDIA - Rodzinny Park Rozrywki w Zatorze","isPartOf":{"@id":"https:\/\/energylandia.pl\/#website"},"datePublished":"2020-01-14T12:33:39+00:00","dateModified":"2024-04-08T13:35:07+00:00","description":"Na stronie Energylandia oferty pracy znajd\u0105 Pa\u0144stwo ciekawe propozycje pracy. Zatrudnienie w Parku Rozrywki to doskona\u0142y pomys\u0142 na dodatkowe zarobki oraz idealna praca na wakacje.","breadcrumb":{"@id":"https:\/\/energylandia.pl\/uk\/%d0%b1%d0%bb%d0%b0%d0%bd%d0%ba-%d0%b4%d0%bb%d1%8f-%d1%96%d0%bd%d1%84%d0%bb%d1%8e%d0%b5%d0%bd%d1%81%d0%b5%d1%80%d1%96%d0%b2\/#breadcrumb"},"inLanguage":"uk-UA","potentialAction":[{"@type":"ReadAction","target":["https:\/\/energylandia.pl\/uk\/%d0%b1%d0%bb%d0%b0%d0%bd%d0%ba-%d0%b4%d0%bb%d1%8f-%d1%96%d0%bd%d1%84%d0%bb%d1%8e%d0%b5%d0%bd%d1%81%d0%b5%d1%80%d1%96%d0%b2\/"]}]},{"@type":"BreadcrumbList","@id":"https:\/\/energylandia.pl\/uk\/%d0%b1%d0%bb%d0%b0%d0%bd%d0%ba-%d0%b4%d0%bb%d1%8f-%d1%96%d0%bd%d1%84%d0%bb%d1%8e%d0%b5%d0%bd%d1%81%d0%b5%d1%80%d1%96%d0%b2\/#breadcrumb","itemListElement":[{"@type":"ListItem","position":1,"name":"Strona g\u0142\u00f3wna","item":"https:\/\/energylandia.pl\/uk\/"},{"@type":"ListItem","position":2,"name":"\u0411\u043b\u0430\u043d\u043a \u0434\u043b\u044f \u0456\u043d\u0444\u043b\u044e\u0435\u043d\u0441\u0435\u0440\u0456\u0432"}]},{"@type":"WebSite","@id":"https:\/\/energylandia.pl\/#website","url":"https:\/\/energylandia.pl\/","name":"ENERGYLANDIA - Rodzinny Park Rozrywki w Zatorze","description":"ENERGYLANDIA - najwi\u0119kszy rodzinny Park Rozrywki w Polsce!","publisher":{"@id":"https:\/\/energylandia.pl\/#organization"},"potentialAction":[{"@type":"SearchAction","target":{"@type":"EntryPoint","urlTemplate":"https:\/\/energylandia.pl\/?s={search_term_string}"},"query-input":"required name=search_term_string"}],"inLanguage":"uk-UA"},{"@type":"Organization","@id":"https:\/\/energylandia.pl\/#organization","name":"Energylandia","url":"https:\/\/energylandia.pl\/","logo":{"@type":"ImageObject","inLanguage":"uk-UA","@id":"https:\/\/energylandia.pl\/#\/schema\/logo\/image\/","url":"","contentUrl":"","caption":"Energylandia"},"image":{"@id":"https:\/\/energylandia.pl\/#\/schema\/logo\/image\/"},"sameAs":["https:\/\/www.facebook.com\/EnergyLandia","https:\/\/www.youtube.com\/channel\/UCPj-Bs4Pfub_Bm04BOfyDoA","https:\/\/vm.tiktok.com\/Tw7YAK\/"]}]}},"_links":{"self":[{"href":"https:\/\/energylandia.pl\/uk\/wp-json\/wp\/v2\/pages\/51527","targetHints":{"allow":["GET"]}}],"collection":[{"href":"https:\/\/energylandia.pl\/uk\/wp-json\/wp\/v2\/pages"}],"about":[{"href":"https:\/\/energylandia.pl\/uk\/wp-json\/wp\/v2\/types\/page"}],"author":[{"embeddable":true,"href":"https:\/\/energylandia.pl\/uk\/wp-json\/wp\/v2\/users\/26"}],"replies":[{"embeddable":true,"href":"https:\/\/energylandia.pl\/uk\/wp-json\/wp\/v2\/comments?post=51527"}],"version-history":[{"count":1,"href":"https:\/\/energylandia.pl\/uk\/wp-json\/wp\/v2\/pages\/51527\/revisions"}],"predecessor-version":[{"id":155163,"href":"https:\/\/energylandia.pl\/uk\/wp-json\/wp\/v2\/pages\/51527\/revisions\/155163"}],"wp:attachment":[{"href":"https:\/\/energylandia.pl\/uk\/wp-json\/wp\/v2\/media?parent=51527"}],"curies":[{"name":"wp","href":"https:\/\/api.w.org\/{rel}","templated":true}]}}