{"id":61455,"date":"2020-05-23T11:17:29","date_gmt":"2020-05-23T09:17:29","guid":{"rendered":"https:\/\/energylandia.pl\/lekcje-z-energylandia\/"},"modified":"2024-12-27T14:41:26","modified_gmt":"2024-12-27T13:41:26","slug":"lekcje-z-energylandia","status":"publish","type":"page","link":"https:\/\/energylandia.pl\/sk\/lekcje-z-energylandia\/","title":{"rendered":"Lekcje z Energylandi\u0105"},"content":{"rendered":"<hr \/>\n<h3 style=\"text-align: center;\"><b>FIZYKA Z ENERGYLANDI\u0104<\/b><\/h3>\n<hr \/>\n<div class=\"row\">\n<div class=\"col-lg-12\">Czy zastanawia\u0142e\u015b si\u0119 kiedy\u015b jak dzia\u0142aj\u0105 kolejki g\u00f3rskie? Jakie si\u0142y, typy energii i prawa fizyki dzia\u0142aj\u0105 w parkach rozrywki?<br \/>\nWszystkie atrakcje w parkach s\u0105 zbudowane z my\u015bl\u0105 o prawach fizyki, a gra tymi prawami powoduje, \u017ce te przeja\u017cd\u017cki s\u0105 tak zabawne i ekscytuj\u0105ce.<br \/>\n<a href=\"https:\/\/n.energylandia.pl\/files\/MARKETING\/ksiazeczka_lekcje_fizyka_2.pdf\" target=\"_blank\" rel=\"noopener noreferrer\"><img decoding=\"async\" class=\"alignnone wp-image-83105 size-full\" src=\"https:\/\/n.energylandia.pl\/wp-content\/uploads\/2021\/02\/fizyka_baner_2021_v2.jpg\" alt=\"\" width=\"1200\" height=\"350\" srcset=\"https:\/\/energylandia.pl\/wp-content\/uploads\/2021\/02\/fizyka_baner_2021_v2.jpg 1200w, https:\/\/energylandia.pl\/wp-content\/uploads\/2021\/02\/fizyka_baner_2021_v2-900x263.jpg 900w\" sizes=\"(max-width: 1200px) 100vw, 1200px\" \/><\/a><br \/>\n<a class=\"btn btn-primary\" style=\"margin-right: 20px;\" href=\"https:\/\/energylandia.pl\/files\/MARKETING\/ksiazeczka_lekcje_fizyka_2.pdf\" download=\"\">POBIERZ PDF<\/a><a class=\"btn btn-primary\" href=\"https:\/\/energylandia.pl\/files\/MARKETING\/ksiazeczka_lekcje_fizyka_2.pdf\" target=\"_blank\" rel=\"noopener noreferrer\">SPRAWD\u0179<\/a><\/div>\n<\/div>\n<hr \/>\n<h3 style=\"text-align: center;\"><b>MATEMATYKA Z ENERGYLANDI\u0104<\/b><\/h3>\n<hr \/>\n<div class=\"row\">\n<div class=\"col-lg-12\">Podczas jednej przeja\u017cd\u017cki Viking zabiera 20 os\u00f3b. Ile dzieciak\u00f3w skorzysta z tej atrakcji w ci\u0105gu 10 jej przejazd\u00f3w?<br \/>\nTo by\u0142a tylko rozgrzewka! Sprawd\u017a inne nasze zadania matematyczne!<br \/>\n<a href=\"https:\/\/n.energylandia.pl\/wp-content\/uploads\/2020\/05\/matemetyka.pdf\" target=\"_blank\" rel=\"noopener noreferrer\"><br \/>\n<img decoding=\"async\" src=\"https:\/\/n.energylandia.pl\/wp-content\/uploads\/2020\/05\/matematyka_el.jpg\" \/><br \/>\n<\/a><br \/>\n<a class=\"btn btn-primary\" style=\"margin-right: 20px;\" href=\"https:\/\/energylandia.pl\/wp-content\/uploads\/2020\/05\/matemetyka.pdf\" download=\"\">POBIERZ PDF<\/a><a class=\"btn btn-primary\" href=\"https:\/\/energylandia.pl\/wp-content\/uploads\/2020\/05\/matemetyka.pdf\" target=\"_blank\" rel=\"noopener noreferrer\">SPRAWD\u0179<\/a><\/div>\n<\/div>\n<hr \/>\n<h3 style=\"text-align: center;\"><b>REBUSY<\/b><\/h3>\n<hr \/>\n<div class=\"row\">\n<div class=\"col-lg-12\">Pom\u00f3\u017c maskotkom Energylandii odnale\u017a\u0107 zaginiony skarb!<br \/>\nTa i inne zagadki, krzy\u017c\u00f3wki i rebusy czekaj\u0105 na Ciebie.<br \/>\n<a href=\"https:\/\/n.energylandia.pl\/wp-content\/uploads\/2020\/05\/ksiazeczka_rebusy.pdf\" target=\"_blank\" rel=\"noopener noreferrer\"><br \/>\n<img decoding=\"async\" src=\"https:\/\/n.energylandia.pl\/wp-content\/uploads\/2020\/05\/rebusy2-baner.jpg\" \/><br \/>\n<\/a><br \/>\n<a class=\"btn btn-primary\" style=\"margin-right: 20px;\" href=\"https:\/\/energylandia.pl\/wp-content\/uploads\/2023\/01\/ksiazeczka-rebusy-v-2023.pdf\" download=\"\">POBIERZ PDF<\/a><a class=\"btn btn-primary\" href=\"https:\/\/energylandia.pl\/wp-content\/uploads\/2023\/01\/ksiazeczka-rebusy-v-2023.pdf\" target=\"_blank\" rel=\"noopener noreferrer\">SPRAWD\u0179<\/a><\/div>\n<\/div>\n<hr \/>\n<h3 style=\"text-align: center;\"><b>\u0141AMIG\u0141\u00d3WKI<\/b><\/h3>\n<hr \/>\n<div class=\"row\">\n<div class=\"col-lg-12\">Jak dobrze znasz atrakcje Parku Rozrywki Energylandia? Czy potrafisz rozpozna\u0107 nasze maskotki?<br \/>\nDodatkowo rebusy i kolorowanki dla najm\u0142odszych.<br \/>\nTo wszystko w naszej ksi\u0105\u017ceczce z \u0142amig\u0142\u00f3wkami!<br \/>\n<a href=\"https:\/\/n.energylandia.pl\/wp-content\/uploads\/2020\/05\/ksiazeczka-lamiglowki.pdf\" target=\"_blank\" rel=\"noopener noreferrer\"><br \/>\n<img decoding=\"async\" src=\"https:\/\/n.energylandia.pl\/wp-content\/uploads\/2020\/05\/lamiglowki-baner.jpg\" \/><br \/>\n<\/a><br \/>\n<a class=\"btn btn-primary\" style=\"margin-right: 20px;\" href=\"https:\/\/energylandia.pl\/wp-content\/uploads\/2022\/01\/ksiazeczka-lamiglowki.pdf\" download=\"\">POBIERZ PDF<\/a><a class=\"btn btn-primary\" href=\"https:\/\/energylandia.pl\/wp-content\/uploads\/2022\/01\/ksiazeczka-lamiglowki.pdf\" target=\"_blank\" rel=\"noopener noreferrer\">SPRAWD\u0179<\/a><\/div>\n<\/div>\n<hr \/>\n<h3 style=\"text-align: center;\"><strong>PLAN LEKCJI<\/strong><\/h3>\n<hr \/>\n<div class=\"row\">\n<div class=\"col-lg-12\">\n<p><a href=\"https:\/\/n.energylandia.pl\/wp-content\/uploads\/2022\/12\/plan-lekcji.pdf\"><img decoding=\"async\" class=\"alignnone wp-image-142066 size-full\" src=\"https:\/\/n.energylandia.pl\/wp-content\/uploads\/2022\/12\/plan_lekcji.jpg\" alt=\"\" width=\"1200\" height=\"350\" srcset=\"https:\/\/energylandia.pl\/wp-content\/uploads\/2022\/12\/plan_lekcji.jpg 1200w, https:\/\/energylandia.pl\/wp-content\/uploads\/2022\/12\/plan_lekcji-900x263.jpg 900w\" sizes=\"(max-width: 1200px) 100vw, 1200px\" \/><\/a><\/p>\n<h3 class=\"col-lg-12\"><a class=\"btn btn-primary\" style=\"margin-right: 20px;\" href=\"https:\/\/energylandia.pl\/wp-content\/uploads\/2022\/12\/plan-lekcji.pdf\" download=\"\">POBIERZ PDF<\/a><\/h3>\n<\/div>\n<\/div>\n","protected":false},"excerpt":{"rendered":"<p>FIZYKA Z ENERGYLANDI\u0104 Czy zastanawia\u0142e\u015b si\u0119 kiedy\u015b jak dzia\u0142aj\u0105 kolejki g\u00f3rskie? Jakie si\u0142y, typy energii i prawa fizyki dzia\u0142aj\u0105 w parkach rozrywki? Wszystkie atrakcje w parkach s\u0105 zbudowane z my\u015bl\u0105 o prawach fizyki, a gra tymi prawami powoduje, \u017ce te przeja\u017cd\u017cki s\u0105 tak zabawne i ekscytuj\u0105ce. POBIERZ PDFSPRAWD\u0179 MATEMATYKA Z ENERGYLANDI\u0104 Podczas jednej przeja\u017cd\u017cki Viking [&hellip;]<\/p>\n","protected":false},"author":28,"featured_media":0,"parent":0,"menu_order":160,"comment_status":"closed","ping_status":"closed","template":"","meta":{"footnotes":""},"class_list":["post-61455","page","type-page","status-publish","hentry"],"acf":[],"yoast_head":"<!-- This site is optimized with the Yoast SEO plugin v20.9 - https:\/\/yoast.com\/wordpress\/plugins\/seo\/ -->\n<title>Lekcje z Energylandi\u0105 - ENERGYLANDIA - Rodzinny Park Rozrywki w Zatorze<\/title>\n<meta name=\"robots\" content=\"index, follow, max-snippet:-1, max-image-preview:large, max-video-preview:-1\" \/>\n<meta property=\"og:locale\" content=\"sk_SK\" \/>\n<meta property=\"og:type\" content=\"article\" \/>\n<meta property=\"og:title\" content=\"Lekcje z Energylandi\u0105 - ENERGYLANDIA - Rodzinny Park Rozrywki w Zatorze\" \/>\n<meta property=\"og:description\" content=\"FIZYKA Z ENERGYLANDI\u0104 Czy zastanawia\u0142e\u015b si\u0119 kiedy\u015b jak dzia\u0142aj\u0105 kolejki g\u00f3rskie? Jakie si\u0142y, typy energii i prawa fizyki dzia\u0142aj\u0105 w parkach rozrywki? Wszystkie atrakcje w parkach s\u0105 zbudowane z my\u015bl\u0105 o prawach fizyki, a gra tymi prawami powoduje, \u017ce te przeja\u017cd\u017cki s\u0105 tak zabawne i ekscytuj\u0105ce. POBIERZ PDFSPRAWD\u0179 MATEMATYKA Z ENERGYLANDI\u0104 Podczas jednej przeja\u017cd\u017cki Viking [&hellip;]\" \/>\n<meta property=\"og:url\" content=\"https:\/\/energylandia.pl\/sk\/lekcje-z-energylandia\/\" \/>\n<meta property=\"og:site_name\" content=\"ENERGYLANDIA - Rodzinny Park Rozrywki w Zatorze\" \/>\n<meta property=\"article:publisher\" content=\"https:\/\/www.facebook.com\/EnergyLandia\" \/>\n<meta property=\"article:modified_time\" content=\"2024-12-27T13:41:26+00:00\" \/>\n<meta property=\"og:image\" content=\"https:\/\/n.energylandia.pl\/wp-content\/uploads\/2021\/02\/fizyka_baner_2021_v2.jpg\" \/>\n<meta name=\"twitter:card\" content=\"summary_large_image\" \/>\n<meta name=\"twitter:label1\" content=\"Predpokladan\u00fd \u010das \u010d\u00edtania\" \/>\n\t<meta name=\"twitter:data1\" content=\"2 min\u00faty\" \/>\n<script type=\"application\/ld+json\" class=\"yoast-schema-graph\">{\"@context\":\"https:\/\/schema.org\",\"@graph\":[{\"@type\":\"WebPage\",\"@id\":\"https:\/\/energylandia.pl\/sk\/lekcje-z-energylandia\/\",\"url\":\"https:\/\/energylandia.pl\/sk\/lekcje-z-energylandia\/\",\"name\":\"Lekcje z Energylandi\u0105 - ENERGYLANDIA - Rodzinny Park Rozrywki w Zatorze\",\"isPartOf\":{\"@id\":\"https:\/\/energylandia.pl\/#website\"},\"datePublished\":\"2020-05-23T09:17:29+00:00\",\"dateModified\":\"2024-12-27T13:41:26+00:00\",\"breadcrumb\":{\"@id\":\"https:\/\/energylandia.pl\/sk\/lekcje-z-energylandia\/#breadcrumb\"},\"inLanguage\":\"sk-SK\",\"potentialAction\":[{\"@type\":\"ReadAction\",\"target\":[\"https:\/\/energylandia.pl\/sk\/lekcje-z-energylandia\/\"]}]},{\"@type\":\"BreadcrumbList\",\"@id\":\"https:\/\/energylandia.pl\/sk\/lekcje-z-energylandia\/#breadcrumb\",\"itemListElement\":[{\"@type\":\"ListItem\",\"position\":1,\"name\":\"Strona g\u0142\u00f3wna\",\"item\":\"https:\/\/energylandia.pl\/sk\/\"},{\"@type\":\"ListItem\",\"position\":2,\"name\":\"Lekcje z Energylandi\u0105\"}]},{\"@type\":\"WebSite\",\"@id\":\"https:\/\/energylandia.pl\/#website\",\"url\":\"https:\/\/energylandia.pl\/\",\"name\":\"ENERGYLANDIA - Rodzinny Park Rozrywki w Zatorze\",\"description\":\"ENERGYLANDIA - najwi\u0119kszy rodzinny Park Rozrywki w Polsce!\",\"publisher\":{\"@id\":\"https:\/\/energylandia.pl\/#organization\"},\"potentialAction\":[{\"@type\":\"SearchAction\",\"target\":{\"@type\":\"EntryPoint\",\"urlTemplate\":\"https:\/\/energylandia.pl\/?s={search_term_string}\"},\"query-input\":\"required name=search_term_string\"}],\"inLanguage\":\"sk-SK\"},{\"@type\":\"Organization\",\"@id\":\"https:\/\/energylandia.pl\/#organization\",\"name\":\"Energylandia\",\"url\":\"https:\/\/energylandia.pl\/\",\"logo\":{\"@type\":\"ImageObject\",\"inLanguage\":\"sk-SK\",\"@id\":\"https:\/\/energylandia.pl\/#\/schema\/logo\/image\/\",\"url\":\"\",\"contentUrl\":\"\",\"caption\":\"Energylandia\"},\"image\":{\"@id\":\"https:\/\/energylandia.pl\/#\/schema\/logo\/image\/\"},\"sameAs\":[\"https:\/\/www.facebook.com\/EnergyLandia\",\"https:\/\/www.youtube.com\/channel\/UCPj-Bs4Pfub_Bm04BOfyDoA\",\"https:\/\/vm.tiktok.com\/Tw7YAK\/\"]}]}<\/script>\n<!-- \/ Yoast SEO plugin. -->","yoast_head_json":{"title":"Lekcje z Energylandi\u0105 - ENERGYLANDIA - Rodzinny Park Rozrywki w Zatorze","robots":{"index":"index","follow":"follow","max-snippet":"max-snippet:-1","max-image-preview":"max-image-preview:large","max-video-preview":"max-video-preview:-1"},"og_locale":"sk_SK","og_type":"article","og_title":"Lekcje z Energylandi\u0105 - ENERGYLANDIA - Rodzinny Park Rozrywki w Zatorze","og_description":"FIZYKA Z ENERGYLANDI\u0104 Czy zastanawia\u0142e\u015b si\u0119 kiedy\u015b jak dzia\u0142aj\u0105 kolejki g\u00f3rskie? Jakie si\u0142y, typy energii i prawa fizyki dzia\u0142aj\u0105 w parkach rozrywki? Wszystkie atrakcje w parkach s\u0105 zbudowane z my\u015bl\u0105 o prawach fizyki, a gra tymi prawami powoduje, \u017ce te przeja\u017cd\u017cki s\u0105 tak zabawne i ekscytuj\u0105ce. POBIERZ PDFSPRAWD\u0179 MATEMATYKA Z ENERGYLANDI\u0104 Podczas jednej przeja\u017cd\u017cki Viking [&hellip;]","og_url":"https:\/\/energylandia.pl\/sk\/lekcje-z-energylandia\/","og_site_name":"ENERGYLANDIA - Rodzinny Park Rozrywki w Zatorze","article_publisher":"https:\/\/www.facebook.com\/EnergyLandia","article_modified_time":"2024-12-27T13:41:26+00:00","og_image":[{"url":"https:\/\/n.energylandia.pl\/wp-content\/uploads\/2021\/02\/fizyka_baner_2021_v2.jpg"}],"twitter_card":"summary_large_image","twitter_misc":{"Predpokladan\u00fd \u010das \u010d\u00edtania":"2 min\u00faty"},"schema":{"@context":"https:\/\/schema.org","@graph":[{"@type":"WebPage","@id":"https:\/\/energylandia.pl\/sk\/lekcje-z-energylandia\/","url":"https:\/\/energylandia.pl\/sk\/lekcje-z-energylandia\/","name":"Lekcje z Energylandi\u0105 - ENERGYLANDIA - Rodzinny Park Rozrywki w Zatorze","isPartOf":{"@id":"https:\/\/energylandia.pl\/#website"},"datePublished":"2020-05-23T09:17:29+00:00","dateModified":"2024-12-27T13:41:26+00:00","breadcrumb":{"@id":"https:\/\/energylandia.pl\/sk\/lekcje-z-energylandia\/#breadcrumb"},"inLanguage":"sk-SK","potentialAction":[{"@type":"ReadAction","target":["https:\/\/energylandia.pl\/sk\/lekcje-z-energylandia\/"]}]},{"@type":"BreadcrumbList","@id":"https:\/\/energylandia.pl\/sk\/lekcje-z-energylandia\/#breadcrumb","itemListElement":[{"@type":"ListItem","position":1,"name":"Strona g\u0142\u00f3wna","item":"https:\/\/energylandia.pl\/sk\/"},{"@type":"ListItem","position":2,"name":"Lekcje z Energylandi\u0105"}]},{"@type":"WebSite","@id":"https:\/\/energylandia.pl\/#website","url":"https:\/\/energylandia.pl\/","name":"ENERGYLANDIA - Rodzinny Park Rozrywki w Zatorze","description":"ENERGYLANDIA - najwi\u0119kszy rodzinny Park Rozrywki w Polsce!","publisher":{"@id":"https:\/\/energylandia.pl\/#organization"},"potentialAction":[{"@type":"SearchAction","target":{"@type":"EntryPoint","urlTemplate":"https:\/\/energylandia.pl\/?s={search_term_string}"},"query-input":"required name=search_term_string"}],"inLanguage":"sk-SK"},{"@type":"Organization","@id":"https:\/\/energylandia.pl\/#organization","name":"Energylandia","url":"https:\/\/energylandia.pl\/","logo":{"@type":"ImageObject","inLanguage":"sk-SK","@id":"https:\/\/energylandia.pl\/#\/schema\/logo\/image\/","url":"","contentUrl":"","caption":"Energylandia"},"image":{"@id":"https:\/\/energylandia.pl\/#\/schema\/logo\/image\/"},"sameAs":["https:\/\/www.facebook.com\/EnergyLandia","https:\/\/www.youtube.com\/channel\/UCPj-Bs4Pfub_Bm04BOfyDoA","https:\/\/vm.tiktok.com\/Tw7YAK\/"]}]}},"_links":{"self":[{"href":"https:\/\/energylandia.pl\/sk\/wp-json\/wp\/v2\/pages\/61455","targetHints":{"allow":["GET"]}}],"collection":[{"href":"https:\/\/energylandia.pl\/sk\/wp-json\/wp\/v2\/pages"}],"about":[{"href":"https:\/\/energylandia.pl\/sk\/wp-json\/wp\/v2\/types\/page"}],"author":[{"embeddable":true,"href":"https:\/\/energylandia.pl\/sk\/wp-json\/wp\/v2\/users\/28"}],"replies":[{"embeddable":true,"href":"https:\/\/energylandia.pl\/sk\/wp-json\/wp\/v2\/comments?post=61455"}],"version-history":[{"count":1,"href":"https:\/\/energylandia.pl\/sk\/wp-json\/wp\/v2\/pages\/61455\/revisions"}],"predecessor-version":[{"id":302843,"href":"https:\/\/energylandia.pl\/sk\/wp-json\/wp\/v2\/pages\/61455\/revisions\/302843"}],"wp:attachment":[{"href":"https:\/\/energylandia.pl\/sk\/wp-json\/wp\/v2\/media?parent=61455"}],"curies":[{"name":"wp","href":"https:\/\/api.w.org\/{rel}","templated":true}]}}