{"id":59206,"date":"2020-05-13T09:29:45","date_gmt":"2020-05-13T07:29:45","guid":{"rendered":"https:\/\/energylandia.pl\/covid-19-free\/"},"modified":"2021-10-31T17:01:41","modified_gmt":"2021-10-31T16:01:41","slug":"covid-19-free","status":"publish","type":"page","link":"https:\/\/energylandia.pl\/sk\/naplanuj-pobyt\/covid-19-free\/","title":{"rendered":"COVID-19 FREE"},"content":{"rendered":"<p style=\"text-align: center;\"><strong>UPOZORNENIE: V\u0160ETKY VSTUPENKY BEZ REZERV\u00c1CIE S GARANCIOU VSTUPU!<\/strong><\/p>\n<p>Priatelia, v s\u00favislosti s Va\u0161imi po\u010detn\u00fdmi spr\u00e1vami a prosbami, vych\u00e1dzaj\u00fac v \u00fastrety o\u010dak\u00e1vaniam, rozhodli sme sa rezignova\u0165 na nutnos\u0165 rezerv\u00e1cie vstupeniek!<\/p>\n<p>Od teraz budete ma\u0165 garanciu vstupu do Parku pri n\u00e1kupe vstupenky v pokladniach na mieste v Energylandii, ako aj cez platformu &gt;&gt; ticket.energylandia.pl.<\/p>\n<p>Ur\u010dite prem\u00fd\u0161\u013eate, \u010do bude s obmedzen\u00edm po\u010dtu host\u00ed v Parku? Po mnoh\u00fdch anal\u00fdzach a po zoh\u013eadnen\u00ed doteraj\u0161\u00edch \u0161tatist\u00edk V\u00e1s m\u00f4\u017eeme uisti\u0165, \u017ee limit v Parku nebude prekro\u010den\u00fd.\u00a0 Nemus\u00edte si robi\u0165 starosti o po\u010dasie, s osudov\u00fdmi udalos\u0165ami alebo in\u00fdmi nepredv\u00eddate\u013en\u00fdmi okolnos\u0165ami &#8211; od dne\u0161n\u00e9ho d\u0148a m\u00f4\u017eete pr\u00eds\u0165 ktor\u00fdko\u013evek de\u0148 a m\u00e1te garanciu vstupu do Parku &#8211; bu\u010f pri n\u00e1kupe vstupenky na mieste alebo online.<\/p>\n<hr \/>\n<p style=\"text-align: center;\"><strong>Priatelia, m\u00e1te na n\u00e1s ve\u013ea ot\u00e1zok, a preto priprav\u00edme odpovede na naj\u010dastej\u0161ie kladen\u00e9 ot\u00e1zky na jednom mieste.<\/strong><\/p>\n<p><strong>1. Bezpe\u010dnos\u0165 v Parku<\/strong><br \/>\nN\u00e1\u0161 kolekt\u00edv u\u017e mnoho t\u00fd\u017ed\u0148ov vytv\u00e1ra \u0161peci\u00e1lne proced\u00fary a zabezpe\u010denia pre n\u00e1\u0161 Park. Zaviedli sme ka\u017edodenn\u00e9 dezinfekciu Parku po zatvoren\u00ed &#8211; modern\u00e9 drony, termov\u00edzne kamery, intenz\u00edvna neust\u00e1la dezinfekcia, pr\u00edkaz udr\u017eiavania vzdialenosti medzi cudz\u00edmi osobami a ve\u013ea in\u00fdch rie\u0161en\u00ed, ktor\u00e9 zabezpe\u010dia najlep\u0161\u00ed mo\u017en\u00fd komfort pre host\u00ed.<\/p>\n<p><strong>2. Mus\u00edm nosi\u0165 ochrann\u00e9 r\u00fa\u0161ko?<\/strong><br \/>\nV priestore chodn\u00ed\u010dkov ur\u010den\u00fdch na prech\u00e1dzky a na parkovisk\u00e1ch platia \u0161tandardn\u00e9 smernice.<br \/>\nPri\u010dom odpor\u00fa\u010dame nosenie r\u00fa\u0161ok.<br \/>\nVo vstupnom priestore do atrakci\u00ed, vn\u00fatri atrakci\u00ed a v prezenta\u010dn\u00fdch z\u00f3nach plat\u00ed pravidlo nosenia r\u00fa\u0161ok.<br \/>\n\u010co sa t\u00fdka atrakci\u00ed nie je mo\u017en\u00e9 nosi\u0165 \u0161\u00e1ly, kom\u00edny ani \u0161atky.<br \/>\nPovinnos\u0165 nosenia ochrann\u00fdch r\u00fa\u0161ok sa net\u00fdka det\u00ed do 5 rokov.<\/p>\n<p><strong>3. Ako budeme jazdi\u0165 na atrakci\u00e1ch?<\/strong><br \/>\nV s\u00favislosti s t\u00fdm, \u017ee na atrakci\u00e1ch plat\u00ed pr\u00edkaz nosenie r\u00fa\u0161ok, atrakcie bud\u00fa ma\u0165 rovnak\u00fa priepustnos\u0165 ako doteraz.<\/p>\n<p><strong>4. Obchody a ob\u010derstvenie<\/strong><br \/>\nPlatia z\u00e1sady pod\u013ea platn\u00fdch smern\u00edc pre objekty tohto typu.<\/p>\n<p>&nbsp;<\/p>\n<hr \/>\n<h3 style=\"text-align: center;\"><strong>Z\u00e1bavn\u00fd park Park Rozrywki ENERGYLANDIA nepreru\u0161ene od po\u010diatku svojej \u010dinnosti db\u00e1 o hygienu pracovn\u00edkov a Host\u00ed, ktor\u00ed n\u00e1s nav\u0161tevuj\u00fa.<\/strong><\/h3>\n<hr \/>\n<h1 style=\"text-align: center;\"><strong>V ENERGYLANDII sa o V\u00e1s postar\u00e1me!<\/strong><\/h1>\n<div class=\"row\">\n<div class=\"col-md-6 plm-covid\">\n<div class=\"row\">\n<div class=\"col-md-3 col-3\"><img decoding=\"async\" src=\"https:\/\/n.energylandia.pl\/files\/MARKETING\/pamietaj-o-czestym-myciu-rak.png\" \/><\/div>\n<div class=\"col-md-9 col-9\">\n<p>M\u00f4\u017eete pou\u017ei\u0165 niektor\u00e9 z nieko\u013ek\u00fdch sto miest pre dezinfekciu r\u00fak<\/p>\n<\/div>\n<\/div>\n<div class=\"row\">\n<div class=\"col-md-3 col-3\"><img decoding=\"async\" src=\"https:\/\/n.energylandia.pl\/files\/MARKETING\/specjalna-grupa-pracownikow.png\" \/><\/div>\n<div class=\"col-md-9 col-9\">\n<p>Vytvorili sme pre V\u00e1s \u0161peci\u00e1lnu skupinu pracovn\u00edkov , ktor\u00ed sa venuj\u00fa dezinfekcii povrchov \u010dasto dot\u00fdkan\u00fdch<\/p>\n<\/div>\n<\/div>\n<div class=\"row\">\n<div class=\"col-md-3 col-3\"><img decoding=\"async\" src=\"https:\/\/n.energylandia.pl\/files\/MARKETING\/wybierz-platnosc-bezgotowkowa.png\" \/><\/div>\n<div class=\"col-md-9 col-9\">\n<p>Umo\u017e\u0148ujeme V\u00e1m bezhotovostn\u00fa platbu takmer v ka\u017edom mieste v priestore Parku<\/p>\n<\/div>\n<\/div>\n<div class=\"row\">\n<div class=\"col-md-3 col-3\"><img decoding=\"async\" src=\"https:\/\/n.energylandia.pl\/files\/MARKETING\/srodki-ochrony-osobistej.png\" \/><\/div>\n<div class=\"col-md-9 col-9\">\n<p>Na\u0161u obsluhu sme maxim\u00e1lne vybavili prostriedkami osobnej ochrany t.j.: rukavi\u010dkami, ochrann\u00fdmi maskami, dezinfek\u010dn\u00fdmi prostriedkami<\/p>\n<\/div>\n<\/div>\n<\/div>\n<div class=\"col-md-6 plm-covid\">\n<div class=\"row\">\n<div class=\"col-md-3 col-3\"><img decoding=\"async\" src=\"https:\/\/n.energylandia.pl\/files\/MARKETING\/park-dezynfekowany-codziennie.png\" \/><\/div>\n<div class=\"col-md-9 col-9\">\n<p>Ka\u017ed\u00fd de\u0148 po zavret\u00ed je Park plne dezinfikovan\u00fd<\/p>\n<\/div>\n<\/div>\n<div class=\"row\">\n<div class=\"col-md-3 col-3\"><img decoding=\"async\" src=\"https:\/\/n.energylandia.pl\/files\/MARKETING\/kamery-termowizyjne.png\" \/><\/div>\n<div class=\"col-md-9 col-9\">\n<p>Na vstupe sme nain\u0161talovali termov\u00edzne kamery pre meranie telesnej teploty<\/p>\n<\/div>\n<\/div>\n<div class=\"row\">\n<div class=\"col-md-3 col-3\"><img decoding=\"async\" src=\"https:\/\/n.energylandia.pl\/files\/MARKETING\/nos-maseczke.png\" \/><\/div>\n<div class=\"col-md-9 col-9\">\n<p>Spr\u00edstupnili sme automaty a miesta pre n\u00e1kup ochrann\u00fdch masiek.<\/p>\n<\/div>\n<\/div>\n<div class=\"row\">\n<div class=\"col-md-3 col-3\"><img decoding=\"async\" src=\"https:\/\/n.energylandia.pl\/files\/MARKETING\/szkolimy-sie.png\" \/><\/div>\n<div class=\"col-md-9 col-9\">\n<p>\u0160kol\u00edme sa a zvy\u0161ujeme \u0161tandardy<\/p>\n<\/div>\n<\/div>\n<\/div>\n<\/div>\n<hr \/>\n<h1 style=\"text-align: center;\"><strong>Dbajte o seba!<\/strong><\/h1>\n<div class=\"row\">\n<div class=\"col-md-6 plm-covid\">\n<div class=\"row\">\n<div class=\"col-md-3 col-3\"><img decoding=\"async\" src=\"https:\/\/n.energylandia.pl\/files\/MARKETING\/pamietaj-o-czestym-myciu-rak.png\" \/><\/div>\n<div class=\"col-md-9 col-9\">\n<p>Pam\u00e4tajte o \u010dastom myt\u00ed r\u00fak<\/p>\n<\/div>\n<\/div>\n<div class=\"row\">\n<div class=\"col-md-3 col-3\"><img decoding=\"async\" src=\"https:\/\/n.energylandia.pl\/files\/MARKETING\/korzystaj--ze-stacji-dezynfekujacych.png\" \/><\/div>\n<div class=\"col-md-9 col-9\">\n<p>Pou\u017e\u00edvajte miesta dezinfekuj\u00face dlane pred vstupom do ka\u017ed\u00e9ho objektu<\/p>\n<\/div>\n<\/div>\n<div class=\"row\">\n<div class=\"col-md-3 col-3\"><\/div>\n<div class=\"col-md-9 col-9\">\n<p>&nbsp;<\/p>\n<\/div>\n<\/div>\n<div class=\"row\">\n<div class=\"col-md-3 col-3\"><img decoding=\"async\" src=\"https:\/\/n.energylandia.pl\/files\/MARKETING\/nos-maseczke.png\" \/><\/div>\n<div class=\"col-md-9 col-9\">\n<p>Noste ochrann\u00e9 masky (je zak\u00e1zan\u00e9 nosi\u0165 na zariadeniach \u0161atky alebo \u0161\u00e1le zakr\u00fdvaj\u00face tv\u00e1r)<\/p>\n<\/div>\n<\/div>\n<\/div>\n<div class=\"col-md-6 plm-covid\">\n<div class=\"row\">\n<div class=\"col-md-3 col-3\"><img decoding=\"async\" src=\"https:\/\/n.energylandia.pl\/files\/MARKETING\/zachowaj-odstep.png\" \/><\/div>\n<div class=\"col-md-9 col-9\">\n<p>Zachov\u00e1vajte odstup<\/p>\n<\/div>\n<\/div>\n<div class=\"row\">\n<div class=\"col-md-3 col-3\"><img decoding=\"async\" src=\"https:\/\/n.energylandia.pl\/files\/MARKETING\/wybierz-platnosc-bezgotowkowa.png\" \/><\/div>\n<div class=\"col-md-9 col-9\">\n<p>Volte bezhotovostn\u00fa platbu<\/p>\n<\/div>\n<\/div>\n<div class=\"row\">\n<div class=\"col-md-3 col-3\"><\/div>\n<div class=\"col-md-9 col-9\">\n<p>&nbsp;<\/p>\n<\/div>\n<\/div>\n<div class=\"row\">\n<div class=\"col-md-3 col-3\"><img decoding=\"async\" src=\"https:\/\/n.energylandia.pl\/files\/MARKETING\/aoo-protego-safe.png\" \/><\/div>\n<div class=\"col-md-9 col-9\">\n<p>Pou\u017ei aplik\u00e1ciu Protego Safe<\/p>\n<\/div>\n<\/div>\n<\/div>\n<\/div>\n<hr \/>\n<h1 style=\"text-align: center;\"><strong>\u010eakujeme, \u017ee ste na\u0161im Hos\u0165om!<\/strong><\/h1>\n","protected":false},"excerpt":{"rendered":"<p>UPOZORNENIE: V\u0160ETKY VSTUPENKY BEZ REZERV\u00c1CIE S GARANCIOU VSTUPU! Priatelia, v s\u00favislosti s Va\u0161imi po\u010detn\u00fdmi spr\u00e1vami a prosbami, vych\u00e1dzaj\u00fac v \u00fastrety o\u010dak\u00e1vaniam, rozhodli sme sa rezignova\u0165 na nutnos\u0165 rezerv\u00e1cie vstupeniek! Od teraz budete ma\u0165 garanciu vstupu do Parku pri n\u00e1kupe vstupenky v pokladniach na mieste v Energylandii, ako aj cez platformu &gt;&gt; ticket.energylandia.pl. Ur\u010dite prem\u00fd\u0161\u013eate, \u010do [&hellip;]<\/p>\n","protected":false},"author":28,"featured_media":0,"parent":13513,"menu_order":178,"comment_status":"closed","ping_status":"closed","template":"covid.php","meta":{"footnotes":""},"class_list":["post-59206","page","type-page","status-publish","hentry"],"acf":[],"yoast_head":"<!-- This site is optimized with the Yoast SEO plugin v20.9 - https:\/\/yoast.com\/wordpress\/plugins\/seo\/ -->\n<title>COVID-19 FREE - ENERGYLANDIA - Rodzinny Park Rozrywki w Zatorze<\/title>\n<meta name=\"robots\" content=\"index, follow, max-snippet:-1, max-image-preview:large, max-video-preview:-1\" \/>\n<meta property=\"og:locale\" content=\"sk_SK\" \/>\n<meta property=\"og:type\" content=\"article\" \/>\n<meta property=\"og:title\" content=\"COVID-19 FREE - ENERGYLANDIA - Rodzinny Park Rozrywki w Zatorze\" \/>\n<meta property=\"og:description\" content=\"UPOZORNENIE: V\u0160ETKY VSTUPENKY BEZ REZERV\u00c1CIE S GARANCIOU VSTUPU! Priatelia, v s\u00favislosti s Va\u0161imi po\u010detn\u00fdmi spr\u00e1vami a prosbami, vych\u00e1dzaj\u00fac v \u00fastrety o\u010dak\u00e1vaniam, rozhodli sme sa rezignova\u0165 na nutnos\u0165 rezerv\u00e1cie vstupeniek! Od teraz budete ma\u0165 garanciu vstupu do Parku pri n\u00e1kupe vstupenky v pokladniach na mieste v Energylandii, ako aj cez platformu &gt;&gt; ticket.energylandia.pl. Ur\u010dite prem\u00fd\u0161\u013eate, \u010do [&hellip;]\" \/>\n<meta property=\"og:url\" content=\"https:\/\/energylandia.pl\/sk\/naplanuj-pobyt\/covid-19-free\/\" \/>\n<meta property=\"og:site_name\" content=\"ENERGYLANDIA - Rodzinny Park Rozrywki w Zatorze\" \/>\n<meta property=\"article:publisher\" content=\"https:\/\/www.facebook.com\/EnergyLandia\" \/>\n<meta property=\"article:modified_time\" content=\"2021-10-31T16:01:41+00:00\" \/>\n<meta property=\"og:image\" content=\"https:\/\/n.energylandia.pl\/files\/MARKETING\/pamietaj-o-czestym-myciu-rak.png\" \/>\n<meta name=\"twitter:card\" content=\"summary_large_image\" \/>\n<meta name=\"twitter:label1\" content=\"Predpokladan\u00fd \u010das \u010d\u00edtania\" \/>\n\t<meta name=\"twitter:data1\" content=\"5 min\u00fat\" \/>\n<script type=\"application\/ld+json\" class=\"yoast-schema-graph\">{\"@context\":\"https:\/\/schema.org\",\"@graph\":[{\"@type\":\"WebPage\",\"@id\":\"https:\/\/energylandia.pl\/sk\/naplanuj-pobyt\/covid-19-free\/\",\"url\":\"https:\/\/energylandia.pl\/sk\/naplanuj-pobyt\/covid-19-free\/\",\"name\":\"COVID-19 FREE - ENERGYLANDIA - Rodzinny Park Rozrywki w Zatorze\",\"isPartOf\":{\"@id\":\"https:\/\/energylandia.pl\/#website\"},\"datePublished\":\"2020-05-13T07:29:45+00:00\",\"dateModified\":\"2021-10-31T16:01:41+00:00\",\"breadcrumb\":{\"@id\":\"https:\/\/energylandia.pl\/sk\/naplanuj-pobyt\/covid-19-free\/#breadcrumb\"},\"inLanguage\":\"sk-SK\",\"potentialAction\":[{\"@type\":\"ReadAction\",\"target\":[\"https:\/\/energylandia.pl\/sk\/naplanuj-pobyt\/covid-19-free\/\"]}]},{\"@type\":\"BreadcrumbList\",\"@id\":\"https:\/\/energylandia.pl\/sk\/naplanuj-pobyt\/covid-19-free\/#breadcrumb\",\"itemListElement\":[{\"@type\":\"ListItem\",\"position\":1,\"name\":\"Strona g\u0142\u00f3wna\",\"item\":\"https:\/\/energylandia.pl\/sk\/\"},{\"@type\":\"ListItem\",\"position\":2,\"name\":\"Napl\u00e1nuj pobyt\",\"item\":\"https:\/\/energylandia.pl\/sk\/naplanuj-pobyt\/\"},{\"@type\":\"ListItem\",\"position\":3,\"name\":\"COVID-19 FREE\"}]},{\"@type\":\"WebSite\",\"@id\":\"https:\/\/energylandia.pl\/#website\",\"url\":\"https:\/\/energylandia.pl\/\",\"name\":\"ENERGYLANDIA - Rodzinny Park Rozrywki w Zatorze\",\"description\":\"ENERGYLANDIA - najwi\u0119kszy rodzinny Park Rozrywki w Polsce!\",\"publisher\":{\"@id\":\"https:\/\/energylandia.pl\/#organization\"},\"potentialAction\":[{\"@type\":\"SearchAction\",\"target\":{\"@type\":\"EntryPoint\",\"urlTemplate\":\"https:\/\/energylandia.pl\/?s={search_term_string}\"},\"query-input\":\"required name=search_term_string\"}],\"inLanguage\":\"sk-SK\"},{\"@type\":\"Organization\",\"@id\":\"https:\/\/energylandia.pl\/#organization\",\"name\":\"Energylandia\",\"url\":\"https:\/\/energylandia.pl\/\",\"logo\":{\"@type\":\"ImageObject\",\"inLanguage\":\"sk-SK\",\"@id\":\"https:\/\/energylandia.pl\/#\/schema\/logo\/image\/\",\"url\":\"\",\"contentUrl\":\"\",\"caption\":\"Energylandia\"},\"image\":{\"@id\":\"https:\/\/energylandia.pl\/#\/schema\/logo\/image\/\"},\"sameAs\":[\"https:\/\/www.facebook.com\/EnergyLandia\",\"https:\/\/www.youtube.com\/channel\/UCPj-Bs4Pfub_Bm04BOfyDoA\",\"https:\/\/vm.tiktok.com\/Tw7YAK\/\"]}]}<\/script>\n<!-- \/ Yoast SEO plugin. -->","yoast_head_json":{"title":"COVID-19 FREE - ENERGYLANDIA - Rodzinny Park Rozrywki w Zatorze","robots":{"index":"index","follow":"follow","max-snippet":"max-snippet:-1","max-image-preview":"max-image-preview:large","max-video-preview":"max-video-preview:-1"},"og_locale":"sk_SK","og_type":"article","og_title":"COVID-19 FREE - ENERGYLANDIA - Rodzinny Park Rozrywki w Zatorze","og_description":"UPOZORNENIE: V\u0160ETKY VSTUPENKY BEZ REZERV\u00c1CIE S GARANCIOU VSTUPU! Priatelia, v s\u00favislosti s Va\u0161imi po\u010detn\u00fdmi spr\u00e1vami a prosbami, vych\u00e1dzaj\u00fac v \u00fastrety o\u010dak\u00e1vaniam, rozhodli sme sa rezignova\u0165 na nutnos\u0165 rezerv\u00e1cie vstupeniek! Od teraz budete ma\u0165 garanciu vstupu do Parku pri n\u00e1kupe vstupenky v pokladniach na mieste v Energylandii, ako aj cez platformu &gt;&gt; ticket.energylandia.pl. Ur\u010dite prem\u00fd\u0161\u013eate, \u010do [&hellip;]","og_url":"https:\/\/energylandia.pl\/sk\/naplanuj-pobyt\/covid-19-free\/","og_site_name":"ENERGYLANDIA - Rodzinny Park Rozrywki w Zatorze","article_publisher":"https:\/\/www.facebook.com\/EnergyLandia","article_modified_time":"2021-10-31T16:01:41+00:00","og_image":[{"url":"https:\/\/n.energylandia.pl\/files\/MARKETING\/pamietaj-o-czestym-myciu-rak.png"}],"twitter_card":"summary_large_image","twitter_misc":{"Predpokladan\u00fd \u010das \u010d\u00edtania":"5 min\u00fat"},"schema":{"@context":"https:\/\/schema.org","@graph":[{"@type":"WebPage","@id":"https:\/\/energylandia.pl\/sk\/naplanuj-pobyt\/covid-19-free\/","url":"https:\/\/energylandia.pl\/sk\/naplanuj-pobyt\/covid-19-free\/","name":"COVID-19 FREE - ENERGYLANDIA - Rodzinny Park Rozrywki w Zatorze","isPartOf":{"@id":"https:\/\/energylandia.pl\/#website"},"datePublished":"2020-05-13T07:29:45+00:00","dateModified":"2021-10-31T16:01:41+00:00","breadcrumb":{"@id":"https:\/\/energylandia.pl\/sk\/naplanuj-pobyt\/covid-19-free\/#breadcrumb"},"inLanguage":"sk-SK","potentialAction":[{"@type":"ReadAction","target":["https:\/\/energylandia.pl\/sk\/naplanuj-pobyt\/covid-19-free\/"]}]},{"@type":"BreadcrumbList","@id":"https:\/\/energylandia.pl\/sk\/naplanuj-pobyt\/covid-19-free\/#breadcrumb","itemListElement":[{"@type":"ListItem","position":1,"name":"Strona g\u0142\u00f3wna","item":"https:\/\/energylandia.pl\/sk\/"},{"@type":"ListItem","position":2,"name":"Napl\u00e1nuj pobyt","item":"https:\/\/energylandia.pl\/sk\/naplanuj-pobyt\/"},{"@type":"ListItem","position":3,"name":"COVID-19 FREE"}]},{"@type":"WebSite","@id":"https:\/\/energylandia.pl\/#website","url":"https:\/\/energylandia.pl\/","name":"ENERGYLANDIA - Rodzinny Park Rozrywki w Zatorze","description":"ENERGYLANDIA - najwi\u0119kszy rodzinny Park Rozrywki w Polsce!","publisher":{"@id":"https:\/\/energylandia.pl\/#organization"},"potentialAction":[{"@type":"SearchAction","target":{"@type":"EntryPoint","urlTemplate":"https:\/\/energylandia.pl\/?s={search_term_string}"},"query-input":"required name=search_term_string"}],"inLanguage":"sk-SK"},{"@type":"Organization","@id":"https:\/\/energylandia.pl\/#organization","name":"Energylandia","url":"https:\/\/energylandia.pl\/","logo":{"@type":"ImageObject","inLanguage":"sk-SK","@id":"https:\/\/energylandia.pl\/#\/schema\/logo\/image\/","url":"","contentUrl":"","caption":"Energylandia"},"image":{"@id":"https:\/\/energylandia.pl\/#\/schema\/logo\/image\/"},"sameAs":["https:\/\/www.facebook.com\/EnergyLandia","https:\/\/www.youtube.com\/channel\/UCPj-Bs4Pfub_Bm04BOfyDoA","https:\/\/vm.tiktok.com\/Tw7YAK\/"]}]}},"_links":{"self":[{"href":"https:\/\/energylandia.pl\/sk\/wp-json\/wp\/v2\/pages\/59206","targetHints":{"allow":["GET"]}}],"collection":[{"href":"https:\/\/energylandia.pl\/sk\/wp-json\/wp\/v2\/pages"}],"about":[{"href":"https:\/\/energylandia.pl\/sk\/wp-json\/wp\/v2\/types\/page"}],"author":[{"embeddable":true,"href":"https:\/\/energylandia.pl\/sk\/wp-json\/wp\/v2\/users\/28"}],"replies":[{"embeddable":true,"href":"https:\/\/energylandia.pl\/sk\/wp-json\/wp\/v2\/comments?post=59206"}],"version-history":[{"count":0,"href":"https:\/\/energylandia.pl\/sk\/wp-json\/wp\/v2\/pages\/59206\/revisions"}],"up":[{"embeddable":true,"href":"https:\/\/energylandia.pl\/sk\/wp-json\/wp\/v2\/pages\/13513"}],"wp:attachment":[{"href":"https:\/\/energylandia.pl\/sk\/wp-json\/wp\/v2\/media?parent=59206"}],"curies":[{"name":"wp","href":"https:\/\/api.w.org\/{rel}","templated":true}]}}