{"id":53532,"date":"2020-01-08T12:26:14","date_gmt":"2020-01-08T11:26:14","guid":{"rendered":"https:\/\/energylandia.pl\/?page_id=53532"},"modified":"2026-04-01T12:36:10","modified_gmt":"2026-04-01T10:36:10","slug":"vstupenky-ako-darcek","status":"publish","type":"page","link":"https:\/\/energylandia.pl\/sk\/cennik\/vstupenky-ako-darcek\/","title":{"rendered":"Vstupenky ako dar\u010dek"},"content":{"rendered":"<p><strong>DAR\u010cEKOV\u00c9 L\u00cdSTKY<\/strong><\/p>\n<ul>\n<li style=\"list-style-type: none;\">\n<ul>\n<li>Dar\u010dekov\u00fd l\u00edstok (v papierovej verzii) je platn\u00fd do 31.10.2026 pod\u013ea otv\u00e1racieho kalend\u00e1ra parku.<\/li>\n<li>L\u00edstok opr\u00e1v\u0148uje dr\u017eite\u013ea na vyu\u017e\u00edvanie v\u0161etk\u00fdch atrakci\u00ed parku bez \u010fal\u0161\u00edch poplatkov (s v\u00fdnimkou jedla a automatov\u00fdch hier).<\/li>\n<li>L\u00edstok je jednorazov\u00fd.<\/li>\n<li>Jedna osoba m\u00f4\u017ee k\u00fapi\u0165 maxim\u00e1lne 10 l\u00edstkov v r\u00e1mci v\u0161etk\u00fdch objedn\u00e1vok.<\/li>\n<li>K l\u00edstkom sa pripo\u010d\u00edtava prepravn\u00fd poplatok.<\/li>\n<li>Dar\u010dekov\u00e9 l\u00edstky nemo\u017eno previes\u0165 na in\u00fa sez\u00f3nu.<\/li>\n<li>Dvojd\u0148ov\u00e9 a trojd\u0148ov\u00e9 l\u00edstky s\u00fa platn\u00e9 IBA na n\u00e1v\u0161tevy parku v po sebe nasleduj\u00facich d\u0148och.<\/li>\n<li>L\u00edstky nie s\u00fa personalizovan\u00e9.<\/li>\n<li>\u0160tandardn\u00e9 l\u00edstky platia pre osoby vy\u0161\u0161ie ako 140 cm.<\/li>\n<li>Z\u013eavnen\u00fd l\u00edstok sa vz\u0165ahuje na deti do v\u00fd\u0161ky 140 cm, seniorov od 65 rokov, tehotn\u00e9 \u017eeny, osoby so zdravotn\u00fdm postihnut\u00edm a novoman\u017eelov (iba pri k\u00fape l\u00edstka v pokladni).<\/li>\n<\/ul>\n<\/li>\n<\/ul>\n<hr \/>\n<p><strong>DAR\u010cEKOV\u00c9 L\u00cdSTKY S\u00da PERFEKTN\u00dd DAR\u010cEK PRE BL\u00cdZKYCH, ZAMESTNANCOV, DOD\u00c1VATE\u013dOV, PRE S\u00da\u0164A\u017dE A TOMBOLY<\/strong><\/p>\n<p>Dar\u010dekov\u00fd l\u00edstok v exkluz\u00edvnom balen\u00ed je jedine\u010dn\u00fd dar\u010dek pre va\u0161ich bl\u00edzkych.<br \/>\nDar\u010dekov\u00e9 l\u00edstky platn\u00e9 do 31.10.2026 s\u00fa teraz k dispoz\u00edcii na zak\u00fapenie.<br \/>\nL\u00edstok zah\u0155\u0148a v\u0161etky atrakcie Energylandia Theme Parku, vr\u00e1tane novej z\u00f3ny Sweet Valley.<br \/>\nFirmy a in\u0161tit\u00facie m\u00f4\u017eu l\u00edstky vyu\u017ei\u0165 na v\u00fdlety, kde si cel\u00e1 skupina u\u017eije park naraz, alebo ako dar\u010dekov\u00e9 l\u00edstky, ktor\u00e9 umo\u017e\u0148uj\u00fa zamestnancom nav\u0161t\u00edvi\u0165 park kedyko\u013evek bez organizovania skupinov\u00e9ho v\u00fdletu.<\/p>\n","protected":false},"excerpt":{"rendered":"<p>DAR\u010cEKOV\u00c9 L\u00cdSTKY Dar\u010dekov\u00fd l\u00edstok (v papierovej verzii) je platn\u00fd do 31.10.2026 pod\u013ea otv\u00e1racieho kalend\u00e1ra parku. L\u00edstok opr\u00e1v\u0148uje dr\u017eite\u013ea na vyu\u017e\u00edvanie v\u0161etk\u00fdch atrakci\u00ed parku bez \u010fal\u0161\u00edch poplatkov (s v\u00fdnimkou jedla a automatov\u00fdch hier). L\u00edstok je jednorazov\u00fd. Jedna osoba m\u00f4\u017ee k\u00fapi\u0165 maxim\u00e1lne 10 l\u00edstkov v r\u00e1mci v\u0161etk\u00fdch objedn\u00e1vok. K l\u00edstkom sa pripo\u010d\u00edtava prepravn\u00fd poplatok. Dar\u010dekov\u00e9 l\u00edstky nemo\u017eno [&hellip;]<\/p>\n","protected":false},"author":26,"featured_media":0,"parent":13497,"menu_order":369,"comment_status":"closed","ping_status":"closed","template":"templates\/bilet-single.php","meta":{"footnotes":""},"class_list":["post-53532","page","type-page","status-publish","hentry"],"acf":[],"yoast_head":"<!-- This site is optimized with the Yoast SEO plugin v20.9 - https:\/\/yoast.com\/wordpress\/plugins\/seo\/ -->\n<title>Vstupenky ako dar\u010dek - ENERGYLANDIA - Rodzinny Park Rozrywki w Zatorze<\/title>\n<meta name=\"robots\" content=\"index, follow, max-snippet:-1, max-image-preview:large, max-video-preview:-1\" \/>\n<meta property=\"og:locale\" content=\"sk_SK\" \/>\n<meta property=\"og:type\" content=\"article\" \/>\n<meta property=\"og:title\" content=\"Vstupenky ako dar\u010dek - ENERGYLANDIA - Rodzinny Park Rozrywki w Zatorze\" \/>\n<meta property=\"og:description\" content=\"DAR\u010cEKOV\u00c9 L\u00cdSTKY Dar\u010dekov\u00fd l\u00edstok (v papierovej verzii) je platn\u00fd do 31.10.2026 pod\u013ea otv\u00e1racieho kalend\u00e1ra parku. L\u00edstok opr\u00e1v\u0148uje dr\u017eite\u013ea na vyu\u017e\u00edvanie v\u0161etk\u00fdch atrakci\u00ed parku bez \u010fal\u0161\u00edch poplatkov (s v\u00fdnimkou jedla a automatov\u00fdch hier). L\u00edstok je jednorazov\u00fd. Jedna osoba m\u00f4\u017ee k\u00fapi\u0165 maxim\u00e1lne 10 l\u00edstkov v r\u00e1mci v\u0161etk\u00fdch objedn\u00e1vok. K l\u00edstkom sa pripo\u010d\u00edtava prepravn\u00fd poplatok. Dar\u010dekov\u00e9 l\u00edstky nemo\u017eno [&hellip;]\" \/>\n<meta property=\"og:url\" content=\"https:\/\/energylandia.pl\/sk\/cennik\/vstupenky-ako-darcek\/\" \/>\n<meta property=\"og:site_name\" content=\"ENERGYLANDIA - Rodzinny Park Rozrywki w Zatorze\" \/>\n<meta property=\"article:publisher\" content=\"https:\/\/www.facebook.com\/EnergyLandia\" \/>\n<meta property=\"article:modified_time\" content=\"2026-04-01T10:36:10+00:00\" \/>\n<meta name=\"twitter:card\" content=\"summary_large_image\" \/>\n<meta name=\"twitter:label1\" content=\"Predpokladan\u00fd \u010das \u010d\u00edtania\" \/>\n\t<meta name=\"twitter:data1\" content=\"2 min\u00faty\" \/>\n<script type=\"application\/ld+json\" class=\"yoast-schema-graph\">{\"@context\":\"https:\/\/schema.org\",\"@graph\":[{\"@type\":\"WebPage\",\"@id\":\"https:\/\/energylandia.pl\/sk\/cennik\/vstupenky-ako-darcek\/\",\"url\":\"https:\/\/energylandia.pl\/sk\/cennik\/vstupenky-ako-darcek\/\",\"name\":\"Vstupenky ako dar\u010dek - ENERGYLANDIA - Rodzinny Park Rozrywki w Zatorze\",\"isPartOf\":{\"@id\":\"https:\/\/energylandia.pl\/#website\"},\"datePublished\":\"2020-01-08T11:26:14+00:00\",\"dateModified\":\"2026-04-01T10:36:10+00:00\",\"breadcrumb\":{\"@id\":\"https:\/\/energylandia.pl\/sk\/cennik\/vstupenky-ako-darcek\/#breadcrumb\"},\"inLanguage\":\"sk-SK\",\"potentialAction\":[{\"@type\":\"ReadAction\",\"target\":[\"https:\/\/energylandia.pl\/sk\/cennik\/vstupenky-ako-darcek\/\"]}]},{\"@type\":\"BreadcrumbList\",\"@id\":\"https:\/\/energylandia.pl\/sk\/cennik\/vstupenky-ako-darcek\/#breadcrumb\",\"itemListElement\":[{\"@type\":\"ListItem\",\"position\":1,\"name\":\"Strona g\u0142\u00f3wna\",\"item\":\"https:\/\/energylandia.pl\/sk\/\"},{\"@type\":\"ListItem\",\"position\":2,\"name\":\"Cenn\u00edk\",\"item\":\"https:\/\/energylandia.pl\/sk\/cennik\/\"},{\"@type\":\"ListItem\",\"position\":3,\"name\":\"Vstupenky ako dar\u010dek\"}]},{\"@type\":\"WebSite\",\"@id\":\"https:\/\/energylandia.pl\/#website\",\"url\":\"https:\/\/energylandia.pl\/\",\"name\":\"ENERGYLANDIA - Rodzinny Park Rozrywki w Zatorze\",\"description\":\"ENERGYLANDIA - najwi\u0119kszy rodzinny Park Rozrywki w Polsce!\",\"publisher\":{\"@id\":\"https:\/\/energylandia.pl\/#organization\"},\"potentialAction\":[{\"@type\":\"SearchAction\",\"target\":{\"@type\":\"EntryPoint\",\"urlTemplate\":\"https:\/\/energylandia.pl\/?s={search_term_string}\"},\"query-input\":\"required name=search_term_string\"}],\"inLanguage\":\"sk-SK\"},{\"@type\":\"Organization\",\"@id\":\"https:\/\/energylandia.pl\/#organization\",\"name\":\"Energylandia\",\"url\":\"https:\/\/energylandia.pl\/\",\"logo\":{\"@type\":\"ImageObject\",\"inLanguage\":\"sk-SK\",\"@id\":\"https:\/\/energylandia.pl\/#\/schema\/logo\/image\/\",\"url\":\"\",\"contentUrl\":\"\",\"caption\":\"Energylandia\"},\"image\":{\"@id\":\"https:\/\/energylandia.pl\/#\/schema\/logo\/image\/\"},\"sameAs\":[\"https:\/\/www.facebook.com\/EnergyLandia\",\"https:\/\/www.youtube.com\/channel\/UCPj-Bs4Pfub_Bm04BOfyDoA\",\"https:\/\/vm.tiktok.com\/Tw7YAK\/\"]}]}<\/script>\n<!-- \/ Yoast SEO plugin. -->","yoast_head_json":{"title":"Vstupenky ako dar\u010dek - ENERGYLANDIA - Rodzinny Park Rozrywki w Zatorze","robots":{"index":"index","follow":"follow","max-snippet":"max-snippet:-1","max-image-preview":"max-image-preview:large","max-video-preview":"max-video-preview:-1"},"og_locale":"sk_SK","og_type":"article","og_title":"Vstupenky ako dar\u010dek - ENERGYLANDIA - Rodzinny Park Rozrywki w Zatorze","og_description":"DAR\u010cEKOV\u00c9 L\u00cdSTKY Dar\u010dekov\u00fd l\u00edstok (v papierovej verzii) je platn\u00fd do 31.10.2026 pod\u013ea otv\u00e1racieho kalend\u00e1ra parku. L\u00edstok opr\u00e1v\u0148uje dr\u017eite\u013ea na vyu\u017e\u00edvanie v\u0161etk\u00fdch atrakci\u00ed parku bez \u010fal\u0161\u00edch poplatkov (s v\u00fdnimkou jedla a automatov\u00fdch hier). L\u00edstok je jednorazov\u00fd. Jedna osoba m\u00f4\u017ee k\u00fapi\u0165 maxim\u00e1lne 10 l\u00edstkov v r\u00e1mci v\u0161etk\u00fdch objedn\u00e1vok. K l\u00edstkom sa pripo\u010d\u00edtava prepravn\u00fd poplatok. Dar\u010dekov\u00e9 l\u00edstky nemo\u017eno [&hellip;]","og_url":"https:\/\/energylandia.pl\/sk\/cennik\/vstupenky-ako-darcek\/","og_site_name":"ENERGYLANDIA - Rodzinny Park Rozrywki w Zatorze","article_publisher":"https:\/\/www.facebook.com\/EnergyLandia","article_modified_time":"2026-04-01T10:36:10+00:00","twitter_card":"summary_large_image","twitter_misc":{"Predpokladan\u00fd \u010das \u010d\u00edtania":"2 min\u00faty"},"schema":{"@context":"https:\/\/schema.org","@graph":[{"@type":"WebPage","@id":"https:\/\/energylandia.pl\/sk\/cennik\/vstupenky-ako-darcek\/","url":"https:\/\/energylandia.pl\/sk\/cennik\/vstupenky-ako-darcek\/","name":"Vstupenky ako dar\u010dek - ENERGYLANDIA - Rodzinny Park Rozrywki w Zatorze","isPartOf":{"@id":"https:\/\/energylandia.pl\/#website"},"datePublished":"2020-01-08T11:26:14+00:00","dateModified":"2026-04-01T10:36:10+00:00","breadcrumb":{"@id":"https:\/\/energylandia.pl\/sk\/cennik\/vstupenky-ako-darcek\/#breadcrumb"},"inLanguage":"sk-SK","potentialAction":[{"@type":"ReadAction","target":["https:\/\/energylandia.pl\/sk\/cennik\/vstupenky-ako-darcek\/"]}]},{"@type":"BreadcrumbList","@id":"https:\/\/energylandia.pl\/sk\/cennik\/vstupenky-ako-darcek\/#breadcrumb","itemListElement":[{"@type":"ListItem","position":1,"name":"Strona g\u0142\u00f3wna","item":"https:\/\/energylandia.pl\/sk\/"},{"@type":"ListItem","position":2,"name":"Cenn\u00edk","item":"https:\/\/energylandia.pl\/sk\/cennik\/"},{"@type":"ListItem","position":3,"name":"Vstupenky ako dar\u010dek"}]},{"@type":"WebSite","@id":"https:\/\/energylandia.pl\/#website","url":"https:\/\/energylandia.pl\/","name":"ENERGYLANDIA - Rodzinny Park Rozrywki w Zatorze","description":"ENERGYLANDIA - najwi\u0119kszy rodzinny Park Rozrywki w Polsce!","publisher":{"@id":"https:\/\/energylandia.pl\/#organization"},"potentialAction":[{"@type":"SearchAction","target":{"@type":"EntryPoint","urlTemplate":"https:\/\/energylandia.pl\/?s={search_term_string}"},"query-input":"required name=search_term_string"}],"inLanguage":"sk-SK"},{"@type":"Organization","@id":"https:\/\/energylandia.pl\/#organization","name":"Energylandia","url":"https:\/\/energylandia.pl\/","logo":{"@type":"ImageObject","inLanguage":"sk-SK","@id":"https:\/\/energylandia.pl\/#\/schema\/logo\/image\/","url":"","contentUrl":"","caption":"Energylandia"},"image":{"@id":"https:\/\/energylandia.pl\/#\/schema\/logo\/image\/"},"sameAs":["https:\/\/www.facebook.com\/EnergyLandia","https:\/\/www.youtube.com\/channel\/UCPj-Bs4Pfub_Bm04BOfyDoA","https:\/\/vm.tiktok.com\/Tw7YAK\/"]}]}},"_links":{"self":[{"href":"https:\/\/energylandia.pl\/sk\/wp-json\/wp\/v2\/pages\/53532","targetHints":{"allow":["GET"]}}],"collection":[{"href":"https:\/\/energylandia.pl\/sk\/wp-json\/wp\/v2\/pages"}],"about":[{"href":"https:\/\/energylandia.pl\/sk\/wp-json\/wp\/v2\/types\/page"}],"author":[{"embeddable":true,"href":"https:\/\/energylandia.pl\/sk\/wp-json\/wp\/v2\/users\/26"}],"replies":[{"embeddable":true,"href":"https:\/\/energylandia.pl\/sk\/wp-json\/wp\/v2\/comments?post=53532"}],"version-history":[{"count":14,"href":"https:\/\/energylandia.pl\/sk\/wp-json\/wp\/v2\/pages\/53532\/revisions"}],"predecessor-version":[{"id":315083,"href":"https:\/\/energylandia.pl\/sk\/wp-json\/wp\/v2\/pages\/53532\/revisions\/315083"}],"up":[{"embeddable":true,"href":"https:\/\/energylandia.pl\/sk\/wp-json\/wp\/v2\/pages\/13497"}],"wp:attachment":[{"href":"https:\/\/energylandia.pl\/sk\/wp-json\/wp\/v2\/media?parent=53532"}],"curies":[{"name":"wp","href":"https:\/\/api.w.org\/{rel}","templated":true}]}}