{"id":36971,"date":"2019-04-24T15:22:10","date_gmt":"2019-04-24T13:22:10","guid":{"rendered":"https:\/\/energylandia.pl\/sk\/o-nas\/discounted-tickets\/"},"modified":"2025-04-08T14:34:31","modified_gmt":"2025-04-08T12:34:31","slug":"informator-zlavnena-vstupenka-osoba-postihnuta","status":"publish","type":"page","link":"https:\/\/energylandia.pl\/sk\/informator-zlavnena-vstupenka-osoba-postihnuta\/","title":{"rendered":"Inform\u00e1tor Z\u013eavnen\u00e1 Vstupenka &#8211; Osoba Postihnut\u00e1"},"content":{"rendered":"<p><strong>V\u00e1\u017een\u00ed n\u00e1v\u0161tevn\u00edci<\/strong><br \/>\n<strong>So starostlivos\u0165ou o pohodlie na\u0161ich host\u00ed sme pripravili sprievodcu, ktor\u00fd v\u00e1m u\u013eah\u010d\u00ed obozn\u00e1menie sa s podmienkami pou\u017e\u00edvania atrakci\u00ed pre osoby so zdravotn\u00fdm postihnut\u00edm.<\/strong><\/p>\n<hr \/>\n<p><strong>VSTUPENKY PRE OSOBY SO ZDRAVOTN\u00ddM POSTIHNUT\u00cdM:<\/strong><br \/>\nZ\u013eavnen\u00e9 l\u00edstky pre osoby so zdravotn\u00fdm postihnut\u00edm je mo\u017en\u00e9 zak\u00fapi\u0165 po predlo\u017een\u00ed platn\u00e9ho preukazu osoby so zdravotn\u00fdm postihnut\u00edm (alebo jeho duplik\u00e1tu) alebo origin\u00e1lu preukazu osoby so zdravotn\u00fdm postihnut\u00edm (len v rozsahu potrebn\u00fdch \u00fadajov preukazuj\u00facich n\u00e1rok na tento z\u013eavnen\u00fd l\u00edstok).<br \/>\nZ\u013eavnen\u00fd l\u00edstok m\u00f4\u017eu vyu\u017ei\u0165 aj osoby, ktor\u00e9 s\u00fa zranen\u00e9, t. j. maj\u00fa sadru, dlahu alebo prot\u00e9zu.<\/p>\n<p><strong>ATRAKCIE<\/strong><br \/>\nPre osoby so zn\u00ed\u017eenou pohyblivos\u0165ou od typu postihnutia z\u00e1vis\u00ed dostupnos\u0165 atrakci\u00ed. Poz\u00fdvame v\u00e1s na miesto slu\u017eieb pre osoby so zdravotn\u00fdm postihnut\u00edm, kde v\u00e1s n\u00e1\u0161 odborn\u00edk upozorn\u00ed na \u0161pecializovan\u00e9 atrakcie, ktor\u00e9 budete m\u00f4c\u0165 vyu\u017ei\u0165. Klientsky bod sa nach\u00e1dza pri hlavnom vchode do Parku.<\/p>\n<p><strong>BEZPE\u010cNOS\u0164<\/strong><br \/>\nZamestnanci zariadenia maj\u00fa pr\u00e1vo z bezpe\u010dnostn\u00fdch d\u00f4vodov a v objekt\u00edvne od\u00f4vodnen\u00fdch pr\u00edpadoch odmietnu\u0165 osobe, vr\u00e1tane maloletej osoby, seniorovi, zdravotne postihnutej osobe alebo osobe so zn\u00ed\u017eenou pohyblivos\u0165ou, pou\u017eitie atrakcie\/zariadenia z d\u00f4vodu jej osobne bezpe\u010dnosti alebo bezpe\u010dnosti os\u00f4b v okol\u00ed. (bod 14. Pravidiel a predpisov z\u00e1bavn\u00e9ho parku Energylandia). Preto je d\u00f4le\u017eit\u00e9, aby ste sa vopred obr\u00e1tili na pracovisko slu\u017eieb pre osoby so zdravotn\u00fdm postihnut\u00edm.<br \/>\nVysvet\u013euje sa, \u017ee nevidiace osoby m\u00f4\u017eu vyu\u017e\u00edva\u0165 horsk\u00e9 dr\u00e1hy.<\/p>\n<p><strong>INFRA\u0160TRUKT\u00daRA<\/strong><br \/>\n<strong>Parkovanie<\/strong><br \/>\nCel\u00fd are\u00e1l parku Energylandia je prisp\u00f4soben\u00fd pre voz\u00ed\u010dkarov. M\u00e1me vyhraden\u00e9 parkovacie miesta pre aut\u00e1 os\u00f4b so zdravotn\u00fdm postihnut\u00edm. Po predlo\u017een\u00ed parkovacej karty je parkovanie bezplatn\u00e9.<br \/>\n<strong>Toalety<\/strong><br \/>\nToalety Energylandia s\u00fa prisp\u00f4soben\u00e9 pre osoby so zdravotn\u00fdm postihnut\u00edm a s\u00fa k dispoz\u00edcii vo v\u0161etk\u00fdch re\u0161taur\u00e1ci\u00e1ch a na miestach uveden\u00fdch na mape.<br \/>\n<strong>Zdravotn\u00edcke zariadenia<\/strong><br \/>\nV parku sa nach\u00e1dzaj\u00fa dve lek\u00e1rske stanovi\u0161tia: pri Vodnom parku (Water Park) a pri hlavnom vchode do Dra\u010dieho hradu (Smoczy Gr\u00f3d).<\/p>\n","protected":false},"excerpt":{"rendered":"<p>V\u00e1\u017een\u00ed n\u00e1v\u0161tevn\u00edci So starostlivos\u0165ou o pohodlie na\u0161ich host\u00ed sme pripravili sprievodcu, ktor\u00fd v\u00e1m u\u013eah\u010d\u00ed obozn\u00e1menie sa s podmienkami pou\u017e\u00edvania atrakci\u00ed pre osoby so zdravotn\u00fdm postihnut\u00edm. VSTUPENKY PRE OSOBY SO ZDRAVOTN\u00ddM POSTIHNUT\u00cdM: Z\u013eavnen\u00e9 l\u00edstky pre osoby so zdravotn\u00fdm postihnut\u00edm je mo\u017en\u00e9 zak\u00fapi\u0165 po predlo\u017een\u00ed platn\u00e9ho preukazu osoby so zdravotn\u00fdm postihnut\u00edm (alebo jeho duplik\u00e1tu) alebo origin\u00e1lu preukazu [&hellip;]<\/p>\n","protected":false},"author":26,"featured_media":0,"parent":0,"menu_order":182,"comment_status":"closed","ping_status":"closed","template":"templates\/page8.php","meta":{"footnotes":""},"acf":[],"yoast_head":"<!-- This site is optimized with the Yoast SEO plugin v20.9 - https:\/\/yoast.com\/wordpress\/plugins\/seo\/ -->\n<title>Inform\u00e1tor Z\u013eavnen\u00e1 Vstupenka - Osoba Postihnut\u00e1 - ENERGYLANDIA - Rodzinny Park Rozrywki w Zatorze<\/title>\n<meta name=\"robots\" content=\"index, follow, max-snippet:-1, max-image-preview:large, max-video-preview:-1\" \/>\n<meta property=\"og:locale\" content=\"sk_SK\" \/>\n<meta property=\"og:type\" content=\"article\" \/>\n<meta property=\"og:title\" content=\"Inform\u00e1tor Z\u013eavnen\u00e1 Vstupenka - Osoba Postihnut\u00e1 - ENERGYLANDIA - Rodzinny Park Rozrywki w Zatorze\" \/>\n<meta property=\"og:description\" content=\"V\u00e1\u017een\u00ed n\u00e1v\u0161tevn\u00edci So starostlivos\u0165ou o pohodlie na\u0161ich host\u00ed sme pripravili sprievodcu, ktor\u00fd v\u00e1m u\u013eah\u010d\u00ed obozn\u00e1menie sa s podmienkami pou\u017e\u00edvania atrakci\u00ed pre osoby so zdravotn\u00fdm postihnut\u00edm. VSTUPENKY PRE OSOBY SO ZDRAVOTN\u00ddM POSTIHNUT\u00cdM: Z\u013eavnen\u00e9 l\u00edstky pre osoby so zdravotn\u00fdm postihnut\u00edm je mo\u017en\u00e9 zak\u00fapi\u0165 po predlo\u017een\u00ed platn\u00e9ho preukazu osoby so zdravotn\u00fdm postihnut\u00edm (alebo jeho duplik\u00e1tu) alebo origin\u00e1lu preukazu [&hellip;]\" \/>\n<meta property=\"og:url\" content=\"https:\/\/energylandia.pl\/sk\/informator-zlavnena-vstupenka-osoba-postihnuta\/\" \/>\n<meta property=\"og:site_name\" content=\"ENERGYLANDIA - Rodzinny Park Rozrywki w Zatorze\" \/>\n<meta property=\"article:publisher\" content=\"https:\/\/www.facebook.com\/EnergyLandia\" \/>\n<meta property=\"article:modified_time\" content=\"2025-04-08T12:34:31+00:00\" \/>\n<meta name=\"twitter:card\" content=\"summary_large_image\" \/>\n<meta name=\"twitter:label1\" content=\"Predpokladan\u00fd \u010das \u010d\u00edtania\" \/>\n\t<meta name=\"twitter:data1\" content=\"2 min\u00faty\" \/>\n<script type=\"application\/ld+json\" class=\"yoast-schema-graph\">{\"@context\":\"https:\/\/schema.org\",\"@graph\":[{\"@type\":\"WebPage\",\"@id\":\"https:\/\/energylandia.pl\/sk\/informator-zlavnena-vstupenka-osoba-postihnuta\/\",\"url\":\"https:\/\/energylandia.pl\/sk\/informator-zlavnena-vstupenka-osoba-postihnuta\/\",\"name\":\"Inform\u00e1tor Z\u013eavnen\u00e1 Vstupenka - Osoba Postihnut\u00e1 - ENERGYLANDIA - Rodzinny Park Rozrywki w Zatorze\",\"isPartOf\":{\"@id\":\"https:\/\/energylandia.pl\/#website\"},\"datePublished\":\"2019-04-24T13:22:10+00:00\",\"dateModified\":\"2025-04-08T12:34:31+00:00\",\"breadcrumb\":{\"@id\":\"https:\/\/energylandia.pl\/sk\/informator-zlavnena-vstupenka-osoba-postihnuta\/#breadcrumb\"},\"inLanguage\":\"sk-SK\",\"potentialAction\":[{\"@type\":\"ReadAction\",\"target\":[\"https:\/\/energylandia.pl\/sk\/informator-zlavnena-vstupenka-osoba-postihnuta\/\"]}]},{\"@type\":\"BreadcrumbList\",\"@id\":\"https:\/\/energylandia.pl\/sk\/informator-zlavnena-vstupenka-osoba-postihnuta\/#breadcrumb\",\"itemListElement\":[{\"@type\":\"ListItem\",\"position\":1,\"name\":\"Strona g\u0142\u00f3wna\",\"item\":\"https:\/\/energylandia.pl\/sk\/\"},{\"@type\":\"ListItem\",\"position\":2,\"name\":\"Inform\u00e1tor Z\u013eavnen\u00e1 Vstupenka &#8211; Osoba Postihnut\u00e1\"}]},{\"@type\":\"WebSite\",\"@id\":\"https:\/\/energylandia.pl\/#website\",\"url\":\"https:\/\/energylandia.pl\/\",\"name\":\"ENERGYLANDIA - Rodzinny Park Rozrywki w Zatorze\",\"description\":\"ENERGYLANDIA - najwi\u0119kszy rodzinny Park Rozrywki w Polsce!\",\"publisher\":{\"@id\":\"https:\/\/energylandia.pl\/#organization\"},\"potentialAction\":[{\"@type\":\"SearchAction\",\"target\":{\"@type\":\"EntryPoint\",\"urlTemplate\":\"https:\/\/energylandia.pl\/?s={search_term_string}\"},\"query-input\":\"required name=search_term_string\"}],\"inLanguage\":\"sk-SK\"},{\"@type\":\"Organization\",\"@id\":\"https:\/\/energylandia.pl\/#organization\",\"name\":\"Energylandia\",\"url\":\"https:\/\/energylandia.pl\/\",\"logo\":{\"@type\":\"ImageObject\",\"inLanguage\":\"sk-SK\",\"@id\":\"https:\/\/energylandia.pl\/#\/schema\/logo\/image\/\",\"url\":\"\",\"contentUrl\":\"\",\"caption\":\"Energylandia\"},\"image\":{\"@id\":\"https:\/\/energylandia.pl\/#\/schema\/logo\/image\/\"},\"sameAs\":[\"https:\/\/www.facebook.com\/EnergyLandia\",\"https:\/\/www.youtube.com\/channel\/UCPj-Bs4Pfub_Bm04BOfyDoA\",\"https:\/\/vm.tiktok.com\/Tw7YAK\/\"]}]}<\/script>\n<!-- \/ Yoast SEO plugin. -->","yoast_head_json":{"title":"Inform\u00e1tor Z\u013eavnen\u00e1 Vstupenka - Osoba Postihnut\u00e1 - ENERGYLANDIA - Rodzinny Park Rozrywki w Zatorze","robots":{"index":"index","follow":"follow","max-snippet":"max-snippet:-1","max-image-preview":"max-image-preview:large","max-video-preview":"max-video-preview:-1"},"og_locale":"sk_SK","og_type":"article","og_title":"Inform\u00e1tor Z\u013eavnen\u00e1 Vstupenka - Osoba Postihnut\u00e1 - ENERGYLANDIA - Rodzinny Park Rozrywki w Zatorze","og_description":"V\u00e1\u017een\u00ed n\u00e1v\u0161tevn\u00edci So starostlivos\u0165ou o pohodlie na\u0161ich host\u00ed sme pripravili sprievodcu, ktor\u00fd v\u00e1m u\u013eah\u010d\u00ed obozn\u00e1menie sa s podmienkami pou\u017e\u00edvania atrakci\u00ed pre osoby so zdravotn\u00fdm postihnut\u00edm. VSTUPENKY PRE OSOBY SO ZDRAVOTN\u00ddM POSTIHNUT\u00cdM: Z\u013eavnen\u00e9 l\u00edstky pre osoby so zdravotn\u00fdm postihnut\u00edm je mo\u017en\u00e9 zak\u00fapi\u0165 po predlo\u017een\u00ed platn\u00e9ho preukazu osoby so zdravotn\u00fdm postihnut\u00edm (alebo jeho duplik\u00e1tu) alebo origin\u00e1lu preukazu [&hellip;]","og_url":"https:\/\/energylandia.pl\/sk\/informator-zlavnena-vstupenka-osoba-postihnuta\/","og_site_name":"ENERGYLANDIA - Rodzinny Park Rozrywki w Zatorze","article_publisher":"https:\/\/www.facebook.com\/EnergyLandia","article_modified_time":"2025-04-08T12:34:31+00:00","twitter_card":"summary_large_image","twitter_misc":{"Predpokladan\u00fd \u010das \u010d\u00edtania":"2 min\u00faty"},"schema":{"@context":"https:\/\/schema.org","@graph":[{"@type":"WebPage","@id":"https:\/\/energylandia.pl\/sk\/informator-zlavnena-vstupenka-osoba-postihnuta\/","url":"https:\/\/energylandia.pl\/sk\/informator-zlavnena-vstupenka-osoba-postihnuta\/","name":"Inform\u00e1tor Z\u013eavnen\u00e1 Vstupenka - Osoba Postihnut\u00e1 - ENERGYLANDIA - Rodzinny Park Rozrywki w Zatorze","isPartOf":{"@id":"https:\/\/energylandia.pl\/#website"},"datePublished":"2019-04-24T13:22:10+00:00","dateModified":"2025-04-08T12:34:31+00:00","breadcrumb":{"@id":"https:\/\/energylandia.pl\/sk\/informator-zlavnena-vstupenka-osoba-postihnuta\/#breadcrumb"},"inLanguage":"sk-SK","potentialAction":[{"@type":"ReadAction","target":["https:\/\/energylandia.pl\/sk\/informator-zlavnena-vstupenka-osoba-postihnuta\/"]}]},{"@type":"BreadcrumbList","@id":"https:\/\/energylandia.pl\/sk\/informator-zlavnena-vstupenka-osoba-postihnuta\/#breadcrumb","itemListElement":[{"@type":"ListItem","position":1,"name":"Strona g\u0142\u00f3wna","item":"https:\/\/energylandia.pl\/sk\/"},{"@type":"ListItem","position":2,"name":"Inform\u00e1tor Z\u013eavnen\u00e1 Vstupenka &#8211; Osoba Postihnut\u00e1"}]},{"@type":"WebSite","@id":"https:\/\/energylandia.pl\/#website","url":"https:\/\/energylandia.pl\/","name":"ENERGYLANDIA - Rodzinny Park Rozrywki w Zatorze","description":"ENERGYLANDIA - najwi\u0119kszy rodzinny Park Rozrywki w Polsce!","publisher":{"@id":"https:\/\/energylandia.pl\/#organization"},"potentialAction":[{"@type":"SearchAction","target":{"@type":"EntryPoint","urlTemplate":"https:\/\/energylandia.pl\/?s={search_term_string}"},"query-input":"required name=search_term_string"}],"inLanguage":"sk-SK"},{"@type":"Organization","@id":"https:\/\/energylandia.pl\/#organization","name":"Energylandia","url":"https:\/\/energylandia.pl\/","logo":{"@type":"ImageObject","inLanguage":"sk-SK","@id":"https:\/\/energylandia.pl\/#\/schema\/logo\/image\/","url":"","contentUrl":"","caption":"Energylandia"},"image":{"@id":"https:\/\/energylandia.pl\/#\/schema\/logo\/image\/"},"sameAs":["https:\/\/www.facebook.com\/EnergyLandia","https:\/\/www.youtube.com\/channel\/UCPj-Bs4Pfub_Bm04BOfyDoA","https:\/\/vm.tiktok.com\/Tw7YAK\/"]}]}},"_links":{"self":[{"href":"https:\/\/energylandia.pl\/sk\/wp-json\/wp\/v2\/pages\/36971"}],"collection":[{"href":"https:\/\/energylandia.pl\/sk\/wp-json\/wp\/v2\/pages"}],"about":[{"href":"https:\/\/energylandia.pl\/sk\/wp-json\/wp\/v2\/types\/page"}],"author":[{"embeddable":true,"href":"https:\/\/energylandia.pl\/sk\/wp-json\/wp\/v2\/users\/26"}],"replies":[{"embeddable":true,"href":"https:\/\/energylandia.pl\/sk\/wp-json\/wp\/v2\/comments?post=36971"}],"version-history":[{"count":1,"href":"https:\/\/energylandia.pl\/sk\/wp-json\/wp\/v2\/pages\/36971\/revisions"}],"predecessor-version":[{"id":304737,"href":"https:\/\/energylandia.pl\/sk\/wp-json\/wp\/v2\/pages\/36971\/revisions\/304737"}],"wp:attachment":[{"href":"https:\/\/energylandia.pl\/sk\/wp-json\/wp\/v2\/media?parent=36971"}],"curies":[{"name":"wp","href":"https:\/\/api.w.org\/{rel}","templated":true}]}}