{"id":28783,"date":"2018-03-05T14:09:32","date_gmt":"2018-03-05T13:09:32","guid":{"rendered":"https:\/\/energylandia.pl\/sk\/cennik\/szkoly\/"},"modified":"2026-02-23T15:48:47","modified_gmt":"2026-02-23T14:48:47","slug":"skolske-zajazdy","status":"publish","type":"page","link":"https:\/\/energylandia.pl\/sk\/cennik\/skolske-zajazdy\/","title":{"rendered":"\u0160kolsk\u00e9 z\u00e1jazdy"},"content":{"rendered":"<ul>\n<li>1 sprievodca pre 10 os\u00f4b za poplatok 1 PLN<\/li>\n<li>K\u00e1va alebo \u010daj pre sprievodcov skupiny ZADARMO<\/li>\n<li>Vodi\u010d autobusu ZADARMO<\/li>\n<li>Skupiny za\u010d\u00ednaj\u00fa od 15 \u00fa\u010dastn\u00edkov<\/li>\n<li>L\u00edstok zah\u0155\u0148a v\u0161etky atrakcie z\u00e1bavn\u00e9ho parku Energyland: pouli\u010dn\u00e9 atrakcie (napr. horsk\u00e9 dr\u00e1hy, koloto\u010de, pouli\u010dn\u00e9 atrakcie pre deti), vstup na predstavenia a vzdel\u00e1vacie prezent\u00e1cie, kino, vodn\u00fd park a Tropical Fun<\/li>\n<li>Rovnako ako vo v\u0161etk\u00fdch ostatn\u00fdch z\u00e1bavn\u00fdch parkoch na svete s\u00fa nasleduj\u00face atrakcie za pr\u00edplatok: stravovacie zariadenia, ark\u00e1dov\u00e9 hry, niektor\u00e9 servisn\u00e9 miesta (fotob\u00fadka, ma\u013eovanie na tv\u00e1r, tetovanie at\u010f.) a tovar pred\u00e1van\u00fd v obchodoch nach\u00e1dzaj\u00facich sa v are\u00e1li parku.<\/li>\n<\/ul>\n<hr \/>\n","protected":false},"excerpt":{"rendered":"<p>1 sprievodca pre 10 os\u00f4b za poplatok 1 PLN K\u00e1va alebo \u010daj pre sprievodcov skupiny ZADARMO Vodi\u010d autobusu ZADARMO Skupiny za\u010d\u00ednaj\u00fa od 15 \u00fa\u010dastn\u00edkov L\u00edstok zah\u0155\u0148a v\u0161etky atrakcie z\u00e1bavn\u00e9ho parku Energyland: pouli\u010dn\u00e9 atrakcie (napr. horsk\u00e9 dr\u00e1hy, koloto\u010de, pouli\u010dn\u00e9 atrakcie pre deti), vstup na predstavenia a vzdel\u00e1vacie prezent\u00e1cie, kino, vodn\u00fd park a Tropical Fun Rovnako ako [&hellip;]<\/p>\n","protected":false},"author":26,"featured_media":0,"parent":13497,"menu_order":405,"comment_status":"closed","ping_status":"closed","template":"templates\/bilet-single-szkoly.php","meta":{"footnotes":""},"acf":[],"yoast_head":"<!-- This site is optimized with the Yoast SEO plugin v20.9 - https:\/\/yoast.com\/wordpress\/plugins\/seo\/ -->\n<title>\u0160kolsk\u00e9 z\u00e1jazdy - ENERGYLANDIA - Rodzinny Park Rozrywki w Zatorze<\/title>\n<meta name=\"robots\" content=\"index, follow, max-snippet:-1, max-image-preview:large, max-video-preview:-1\" \/>\n<meta property=\"og:locale\" content=\"sk_SK\" \/>\n<meta property=\"og:type\" content=\"article\" \/>\n<meta property=\"og:title\" content=\"\u0160kolsk\u00e9 z\u00e1jazdy - ENERGYLANDIA - Rodzinny Park Rozrywki w Zatorze\" \/>\n<meta property=\"og:description\" content=\"1 sprievodca pre 10 os\u00f4b za poplatok 1 PLN K\u00e1va alebo \u010daj pre sprievodcov skupiny ZADARMO Vodi\u010d autobusu ZADARMO Skupiny za\u010d\u00ednaj\u00fa od 15 \u00fa\u010dastn\u00edkov L\u00edstok zah\u0155\u0148a v\u0161etky atrakcie z\u00e1bavn\u00e9ho parku Energyland: pouli\u010dn\u00e9 atrakcie (napr. horsk\u00e9 dr\u00e1hy, koloto\u010de, pouli\u010dn\u00e9 atrakcie pre deti), vstup na predstavenia a vzdel\u00e1vacie prezent\u00e1cie, kino, vodn\u00fd park a Tropical Fun Rovnako ako [&hellip;]\" \/>\n<meta property=\"og:url\" content=\"https:\/\/energylandia.pl\/sk\/cennik\/skolske-zajazdy\/\" \/>\n<meta property=\"og:site_name\" content=\"ENERGYLANDIA - Rodzinny Park Rozrywki w Zatorze\" \/>\n<meta property=\"article:publisher\" content=\"https:\/\/www.facebook.com\/EnergyLandia\" \/>\n<meta property=\"article:modified_time\" content=\"2026-02-23T14:48:47+00:00\" \/>\n<meta name=\"twitter:card\" content=\"summary_large_image\" \/>\n<meta name=\"twitter:label1\" content=\"Predpokladan\u00fd \u010das \u010d\u00edtania\" \/>\n\t<meta name=\"twitter:data1\" content=\"1 min\u00fata\" \/>\n<script type=\"application\/ld+json\" class=\"yoast-schema-graph\">{\"@context\":\"https:\/\/schema.org\",\"@graph\":[{\"@type\":\"WebPage\",\"@id\":\"https:\/\/energylandia.pl\/sk\/cennik\/skolske-zajazdy\/\",\"url\":\"https:\/\/energylandia.pl\/sk\/cennik\/skolske-zajazdy\/\",\"name\":\"\u0160kolsk\u00e9 z\u00e1jazdy - ENERGYLANDIA - Rodzinny Park Rozrywki w Zatorze\",\"isPartOf\":{\"@id\":\"https:\/\/energylandia.pl\/#website\"},\"datePublished\":\"2018-03-05T13:09:32+00:00\",\"dateModified\":\"2026-02-23T14:48:47+00:00\",\"breadcrumb\":{\"@id\":\"https:\/\/energylandia.pl\/sk\/cennik\/skolske-zajazdy\/#breadcrumb\"},\"inLanguage\":\"sk-SK\",\"potentialAction\":[{\"@type\":\"ReadAction\",\"target\":[\"https:\/\/energylandia.pl\/sk\/cennik\/skolske-zajazdy\/\"]}]},{\"@type\":\"BreadcrumbList\",\"@id\":\"https:\/\/energylandia.pl\/sk\/cennik\/skolske-zajazdy\/#breadcrumb\",\"itemListElement\":[{\"@type\":\"ListItem\",\"position\":1,\"name\":\"Strona g\u0142\u00f3wna\",\"item\":\"https:\/\/energylandia.pl\/sk\/\"},{\"@type\":\"ListItem\",\"position\":2,\"name\":\"Cenn\u00edk\",\"item\":\"https:\/\/energylandia.pl\/sk\/cennik\/\"},{\"@type\":\"ListItem\",\"position\":3,\"name\":\"\u0160kolsk\u00e9 z\u00e1jazdy\"}]},{\"@type\":\"WebSite\",\"@id\":\"https:\/\/energylandia.pl\/#website\",\"url\":\"https:\/\/energylandia.pl\/\",\"name\":\"ENERGYLANDIA - Rodzinny Park Rozrywki w Zatorze\",\"description\":\"ENERGYLANDIA - najwi\u0119kszy rodzinny Park Rozrywki w Polsce!\",\"publisher\":{\"@id\":\"https:\/\/energylandia.pl\/#organization\"},\"potentialAction\":[{\"@type\":\"SearchAction\",\"target\":{\"@type\":\"EntryPoint\",\"urlTemplate\":\"https:\/\/energylandia.pl\/?s={search_term_string}\"},\"query-input\":\"required name=search_term_string\"}],\"inLanguage\":\"sk-SK\"},{\"@type\":\"Organization\",\"@id\":\"https:\/\/energylandia.pl\/#organization\",\"name\":\"Energylandia\",\"url\":\"https:\/\/energylandia.pl\/\",\"logo\":{\"@type\":\"ImageObject\",\"inLanguage\":\"sk-SK\",\"@id\":\"https:\/\/energylandia.pl\/#\/schema\/logo\/image\/\",\"url\":\"\",\"contentUrl\":\"\",\"caption\":\"Energylandia\"},\"image\":{\"@id\":\"https:\/\/energylandia.pl\/#\/schema\/logo\/image\/\"},\"sameAs\":[\"https:\/\/www.facebook.com\/EnergyLandia\",\"https:\/\/www.youtube.com\/channel\/UCPj-Bs4Pfub_Bm04BOfyDoA\",\"https:\/\/vm.tiktok.com\/Tw7YAK\/\"]}]}<\/script>\n<!-- \/ Yoast SEO plugin. -->","yoast_head_json":{"title":"\u0160kolsk\u00e9 z\u00e1jazdy - ENERGYLANDIA - Rodzinny Park Rozrywki w Zatorze","robots":{"index":"index","follow":"follow","max-snippet":"max-snippet:-1","max-image-preview":"max-image-preview:large","max-video-preview":"max-video-preview:-1"},"og_locale":"sk_SK","og_type":"article","og_title":"\u0160kolsk\u00e9 z\u00e1jazdy - ENERGYLANDIA - Rodzinny Park Rozrywki w Zatorze","og_description":"1 sprievodca pre 10 os\u00f4b za poplatok 1 PLN K\u00e1va alebo \u010daj pre sprievodcov skupiny ZADARMO Vodi\u010d autobusu ZADARMO Skupiny za\u010d\u00ednaj\u00fa od 15 \u00fa\u010dastn\u00edkov L\u00edstok zah\u0155\u0148a v\u0161etky atrakcie z\u00e1bavn\u00e9ho parku Energyland: pouli\u010dn\u00e9 atrakcie (napr. horsk\u00e9 dr\u00e1hy, koloto\u010de, pouli\u010dn\u00e9 atrakcie pre deti), vstup na predstavenia a vzdel\u00e1vacie prezent\u00e1cie, kino, vodn\u00fd park a Tropical Fun Rovnako ako [&hellip;]","og_url":"https:\/\/energylandia.pl\/sk\/cennik\/skolske-zajazdy\/","og_site_name":"ENERGYLANDIA - Rodzinny Park Rozrywki w Zatorze","article_publisher":"https:\/\/www.facebook.com\/EnergyLandia","article_modified_time":"2026-02-23T14:48:47+00:00","twitter_card":"summary_large_image","twitter_misc":{"Predpokladan\u00fd \u010das \u010d\u00edtania":"1 min\u00fata"},"schema":{"@context":"https:\/\/schema.org","@graph":[{"@type":"WebPage","@id":"https:\/\/energylandia.pl\/sk\/cennik\/skolske-zajazdy\/","url":"https:\/\/energylandia.pl\/sk\/cennik\/skolske-zajazdy\/","name":"\u0160kolsk\u00e9 z\u00e1jazdy - ENERGYLANDIA - Rodzinny Park Rozrywki w Zatorze","isPartOf":{"@id":"https:\/\/energylandia.pl\/#website"},"datePublished":"2018-03-05T13:09:32+00:00","dateModified":"2026-02-23T14:48:47+00:00","breadcrumb":{"@id":"https:\/\/energylandia.pl\/sk\/cennik\/skolske-zajazdy\/#breadcrumb"},"inLanguage":"sk-SK","potentialAction":[{"@type":"ReadAction","target":["https:\/\/energylandia.pl\/sk\/cennik\/skolske-zajazdy\/"]}]},{"@type":"BreadcrumbList","@id":"https:\/\/energylandia.pl\/sk\/cennik\/skolske-zajazdy\/#breadcrumb","itemListElement":[{"@type":"ListItem","position":1,"name":"Strona g\u0142\u00f3wna","item":"https:\/\/energylandia.pl\/sk\/"},{"@type":"ListItem","position":2,"name":"Cenn\u00edk","item":"https:\/\/energylandia.pl\/sk\/cennik\/"},{"@type":"ListItem","position":3,"name":"\u0160kolsk\u00e9 z\u00e1jazdy"}]},{"@type":"WebSite","@id":"https:\/\/energylandia.pl\/#website","url":"https:\/\/energylandia.pl\/","name":"ENERGYLANDIA - Rodzinny Park Rozrywki w Zatorze","description":"ENERGYLANDIA - najwi\u0119kszy rodzinny Park Rozrywki w Polsce!","publisher":{"@id":"https:\/\/energylandia.pl\/#organization"},"potentialAction":[{"@type":"SearchAction","target":{"@type":"EntryPoint","urlTemplate":"https:\/\/energylandia.pl\/?s={search_term_string}"},"query-input":"required name=search_term_string"}],"inLanguage":"sk-SK"},{"@type":"Organization","@id":"https:\/\/energylandia.pl\/#organization","name":"Energylandia","url":"https:\/\/energylandia.pl\/","logo":{"@type":"ImageObject","inLanguage":"sk-SK","@id":"https:\/\/energylandia.pl\/#\/schema\/logo\/image\/","url":"","contentUrl":"","caption":"Energylandia"},"image":{"@id":"https:\/\/energylandia.pl\/#\/schema\/logo\/image\/"},"sameAs":["https:\/\/www.facebook.com\/EnergyLandia","https:\/\/www.youtube.com\/channel\/UCPj-Bs4Pfub_Bm04BOfyDoA","https:\/\/vm.tiktok.com\/Tw7YAK\/"]}]}},"_links":{"self":[{"href":"https:\/\/energylandia.pl\/sk\/wp-json\/wp\/v2\/pages\/28783"}],"collection":[{"href":"https:\/\/energylandia.pl\/sk\/wp-json\/wp\/v2\/pages"}],"about":[{"href":"https:\/\/energylandia.pl\/sk\/wp-json\/wp\/v2\/types\/page"}],"author":[{"embeddable":true,"href":"https:\/\/energylandia.pl\/sk\/wp-json\/wp\/v2\/users\/26"}],"replies":[{"embeddable":true,"href":"https:\/\/energylandia.pl\/sk\/wp-json\/wp\/v2\/comments?post=28783"}],"version-history":[{"count":3,"href":"https:\/\/energylandia.pl\/sk\/wp-json\/wp\/v2\/pages\/28783\/revisions"}],"predecessor-version":[{"id":300619,"href":"https:\/\/energylandia.pl\/sk\/wp-json\/wp\/v2\/pages\/28783\/revisions\/300619"}],"up":[{"embeddable":true,"href":"https:\/\/energylandia.pl\/sk\/wp-json\/wp\/v2\/pages\/13497"}],"wp:attachment":[{"href":"https:\/\/energylandia.pl\/sk\/wp-json\/wp\/v2\/media?parent=28783"}],"curies":[{"name":"wp","href":"https:\/\/api.w.org\/{rel}","templated":true}]}}