{"id":28766,"date":"2018-02-20T18:47:20","date_gmt":"2018-02-20T17:47:20","guid":{"rendered":"https:\/\/energylandia.pl\/sk\/cennik\/bilety-indywidualne\/"},"modified":"2026-04-01T14:50:51","modified_gmt":"2026-04-01T12:50:51","slug":"individualny-cennik","status":"publish","type":"page","link":"https:\/\/energylandia.pl\/sk\/cennik\/individualny-cennik\/","title":{"rendered":"Individu\u00e1lny cenn\u00edk"},"content":{"rendered":"<p style=\"text-align: center;\"><strong>V cene vstupenky s\u00fa zahrnut\u00e9 v\u0161etky atrakcie bez obmedzen\u00ed: horsk\u00e9 dr\u00e1hy, koloto\u010de, kin\u00e1, predstavenia, show, z\u00f3na Sweet Valley, Smoczy Gr\u00f3d, z\u00f3na Bajkolandia, rodinn\u00e1 z\u00f3na, extr\u00e9mna z\u00f3na, Aqualantis a Water Park! Celodenn\u00fd l\u00edstok bez \u010dasov\u00fdch a mno\u017estevn\u00fdch obmedzen\u00ed. *Vstupenka nezah\u0155\u0148a stravovanie, hern\u00e9 automaty na \u017eet\u00f3ny, obchody ani suven\u00edry.<\/strong><\/p>\n<hr class=\"border-color-blue\" \/>\n<ol>\n<li>L\u00edstok pre die\u0165a, ktor\u00e9 nedov\u0155\u0161ilo 3 roky, je mo\u017en\u00e9 zak\u00fapi\u0165 na z\u00e1klade dokladu potvrdzuj\u00faceho vek die\u0165a\u0165a. Dokladom je ob\u010diansky preukaz alebo rodn\u00fd list. K\u00f3pie ani fotografie dokumentov nie s\u00fa akceptovan\u00e9.<\/li>\n<li>V\u0161etky osoby do 18 rokov zaplatia v de\u0148 svojich naroden\u00edn symbolick\u00fd poplatok 1 PLN za vstup do parku. Je to gesto vo\u010di na\u0161im najmlad\u0161\u00edm n\u00e1v\u0161tevn\u00edkom. Je potrebn\u00e9 predlo\u017ei\u0165 doklad potvrdzuj\u00faci toto\u017enos\u0165 a skuto\u010dnos\u0165, \u017ee v dan\u00fd de\u0148 m\u00e1 n\u00e1v\u0161tevn\u00edk narodeniny. Dokladom m\u00f4\u017ee by\u0165 ob\u010diansky preukaz alebo rodn\u00fd list; pre deti star\u0161ie ako 7 rokov \u0161kolsk\u00fd preukaz. K\u00f3pie ani fotografie dokumentov nie s\u00fa akceptovan\u00e9. Narodeninov\u00fd l\u00edstok je mo\u017en\u00e9 zak\u00fapi\u0165 iba v pokladniach parku.<\/li>\n<li>Ro\u010dn\u00fd l\u00edstok je platn\u00fd jeden rok od d\u00e1tumu zak\u00fapenia. Dr\u017eite\u013eovi l\u00edstka bude priamo v parku vyhotoven\u00e1 fotografia a bude mu vydan\u00fd l\u00edstok. Z\u013eavnen\u00fd ro\u010dn\u00fd l\u00edstok patr\u00ed osobe, ktorej v\u00fd\u0161ka v de\u0148 v\u00fdmeny kup\u00f3nu za ro\u010dn\u00fd l\u00edstok nepresahuje 140 cm. V\u00fd\u0161ka sa meria v obuvi. V pr\u00edpade straty alebo po\u0161kodenia ro\u010dnej karty je mo\u017en\u00e9 zak\u00fapi\u0165 duplik\u00e1t za 50 PLN.<\/li>\n<li>Na z\u00e1klade predlo\u017eenia dokladu potvrdzuj\u00faceho vek.<\/li>\n<li>Plat\u00ed pre deti do v\u00fd\u0161ky 140 cm, seniorov od 65 rokov, tehotn\u00e9 \u017eeny, osoby so zdravotn\u00fdm postihnut\u00edm a novoman\u017eelov (iba pri k\u00fape l\u00edstka v pokladni). L\u00edstok pre osobu so zdravotn\u00fdm postihnut\u00edm je mo\u017en\u00e9 zak\u00fapi\u0165 po predlo\u017een\u00ed origin\u00e1lu dokladu potvrdzuj\u00faceho postihnutie. V pr\u00edpade pochybnost\u00ed m\u00f4\u017ee by\u0165 vy\u017eadovan\u00fd \u010fal\u0161\u00ed doklad s fotografiou potvrdzuj\u00faci toto\u017enos\u0165. Z\u013eava pre sprievodcu osoby so zdravotn\u00fdm postihnut\u00edm sa poskytuje iba v pr\u00edpade skupinovej n\u00e1v\u0161tevy os\u00f4b so zdravotn\u00fdm postihnut\u00edm, po predch\u00e1dzaj\u00facej rezerv\u00e1cii skupiny s po\u010dtom viac ako 15 os\u00f4b. <strong><span class=\"notion-enable-hover\" data-token-index=\"1\">V pr\u00edpade os\u00f4b s obmedzenou pohyblivos\u0165ou z\u00e1vis\u00ed dostupnos\u0165 atrakci\u00ed od typu postihnutia.<\/span><\/strong> Poz\u00fdvame v\u00e1s do centra pre osoby so zdravotn\u00fdm postihnut\u00edm, kde v\u00e1m n\u00e1\u0161 \u0161pecialista odporu\u010d\u00ed vhodn\u00e9 atrakcie. Centrum sa nach\u00e1dza pri hlavnom vstupe do parku.<\/li>\n<li>Dvojd\u0148ov\u00e9 a trojd\u0148ov\u00e9 l\u00edstky je potrebn\u00e9 vyu\u017ei\u0165 v po sebe nasleduj\u00facich d\u0148och od momentu prv\u00e9ho vstupu do parku. Jeden l\u00edstok je ur\u010den\u00fd pre jednu osobu.<\/li>\n<li>Znak \u201e-\u201c v cenn\u00edku znamen\u00e1, \u017ee uveden\u00fd l\u00edstok nie je v danej sez\u00f3ne dostupn\u00fd.<\/li>\n<li>Na vyu\u017eitie vstupu ENERGY PASS je potrebn\u00e9 ma\u0165 pri sebe vytla\u010den\u00fd ENERGY PASS, ktor\u00fd je mo\u017en\u00e9 zak\u00fapi\u0165 na <a role=\"link\" href=\"https:\/\/ticket.energylandia.pl\/sk\/produkty\/e-vstupenky\/energy-pass\/2-594\">ticket.energylandia.pl\/produkty\/energypass<\/a>. ENERGY PASS je dostupn\u00fd aj na zak\u00fapenie vo v\u0161etk\u00fdch obchodoch v are\u00e1li parku. ENERGY PASS nie je vstupenkou do parku.<\/li>\n<li>ENERGY PASS NORMAL umo\u017e\u0148uje jednorazov\u00e9 vyu\u017eitie ka\u017edej z nasleduj\u00facich atrakci\u00ed prostredn\u00edctvom vstupu ENERGY PASS: Pepsi Hyperion, Zadra Made In Ma\u0142opolska, Mayan, Abyssus, Choco Chip Creek, Toffifee Kopalnia Z\u0142ota, Space Booster, \u015amiej\u017celki Energu\u015b, Anaconda, Aztec Swing, Formu\u0142a, Speed Water Coaster, RMF Dragon, Tsunami Drop.<\/li>\n<li>ENERGY PASS Z\u013dAVNEN\u00dd umo\u017e\u0148uje jednorazov\u00e9 vyu\u017eitie ka\u017edej z nasleduj\u00facich atrakci\u00ed prostredn\u00edctvom vstupu ENERGY PASS: Abyssus, Choco Chip Creek, Toffifee Kopalnia Z\u0142ota, \u015amiej\u017celki Energu\u015b, Anaconda, Formu\u0142a, RMF Dragon, Tsunami Drop. ENERGY PASS Z\u013dAVNEN\u00dd sa vz\u0165ahuje na deti do v\u00fd\u0161ky 140 cm.<\/li>\n<\/ol>\n<hr class=\"border-color-blue\" \/>\n<h3>Dodato\u010dn\u00e9 z\u013eavy<\/h3>\n<ul>\n<li>Akceptujeme celon\u00e1rodn\u00fa kartu ve\u013ekej rodiny, ktor\u00e1 opr\u00e1v\u0148uje na 5% z\u013eavu na vstupenky do parku.<\/li>\n<li>Akcie nie je mo\u017en\u00e9 kombinova\u0165. Akcie sa nevz\u0165ahuj\u00fa na z\u013eavnen\u00e9, akciov\u00e9 ani ro\u010dn\u00e9 l\u00edstky.<\/li>\n<\/ul>\n<p>&nbsp;<\/p>\n<p><a href=\"https:\/\/ticket.energylandia.pl\/sk\/produkty\/e-vstupenky\/energy-pass\/2-594\"><img decoding=\"async\" class=\"alignnone size-full wp-image-315028\" src=\"https:\/\/energylandia.pl\/wp-content\/uploads\/2026\/03\/slider-ticket-en.webp\" alt=\"\" width=\"1920\" height=\"519\" \/><\/a><\/p>\n","protected":false},"excerpt":{"rendered":"<p>V cene vstupenky s\u00fa zahrnut\u00e9 v\u0161etky atrakcie bez obmedzen\u00ed: horsk\u00e9 dr\u00e1hy, koloto\u010de, kin\u00e1, predstavenia, show, z\u00f3na Sweet Valley, Smoczy Gr\u00f3d, z\u00f3na Bajkolandia, rodinn\u00e1 z\u00f3na, extr\u00e9mna z\u00f3na, Aqualantis a Water Park! Celodenn\u00fd l\u00edstok bez \u010dasov\u00fdch a mno\u017estevn\u00fdch obmedzen\u00ed. *Vstupenka nezah\u0155\u0148a stravovanie, hern\u00e9 automaty na \u017eet\u00f3ny, obchody ani suven\u00edry. L\u00edstok pre die\u0165a, ktor\u00e9 nedov\u0155\u0161ilo 3 roky, je [&hellip;]<\/p>\n","protected":false},"author":26,"featured_media":0,"parent":13497,"menu_order":412,"comment_status":"closed","ping_status":"closed","template":"templates\/bilet-single.php","meta":{"footnotes":""},"class_list":["post-28766","page","type-page","status-publish","hentry"],"acf":[],"yoast_head":"<!-- This site is optimized with the Yoast SEO plugin v20.9 - https:\/\/yoast.com\/wordpress\/plugins\/seo\/ -->\n<title>Individu\u00e1lny cenn\u00edk - ENERGYLANDIA - Rodzinny Park Rozrywki w Zatorze<\/title>\n<meta name=\"robots\" content=\"index, follow, max-snippet:-1, max-image-preview:large, max-video-preview:-1\" \/>\n<meta property=\"og:locale\" content=\"sk_SK\" \/>\n<meta property=\"og:type\" content=\"article\" \/>\n<meta property=\"og:title\" content=\"Individu\u00e1lny cenn\u00edk - ENERGYLANDIA - Rodzinny Park Rozrywki w Zatorze\" \/>\n<meta property=\"og:description\" content=\"V cene vstupenky s\u00fa zahrnut\u00e9 v\u0161etky atrakcie bez obmedzen\u00ed: horsk\u00e9 dr\u00e1hy, koloto\u010de, kin\u00e1, predstavenia, show, z\u00f3na Sweet Valley, Smoczy Gr\u00f3d, z\u00f3na Bajkolandia, rodinn\u00e1 z\u00f3na, extr\u00e9mna z\u00f3na, Aqualantis a Water Park! Celodenn\u00fd l\u00edstok bez \u010dasov\u00fdch a mno\u017estevn\u00fdch obmedzen\u00ed. *Vstupenka nezah\u0155\u0148a stravovanie, hern\u00e9 automaty na \u017eet\u00f3ny, obchody ani suven\u00edry. L\u00edstok pre die\u0165a, ktor\u00e9 nedov\u0155\u0161ilo 3 roky, je [&hellip;]\" \/>\n<meta property=\"og:url\" content=\"https:\/\/energylandia.pl\/sk\/cennik\/individualny-cennik\/\" \/>\n<meta property=\"og:site_name\" content=\"ENERGYLANDIA - Rodzinny Park Rozrywki w Zatorze\" \/>\n<meta property=\"article:publisher\" content=\"https:\/\/www.facebook.com\/EnergyLandia\" \/>\n<meta property=\"article:modified_time\" content=\"2026-04-01T12:50:51+00:00\" \/>\n<meta property=\"og:image\" content=\"https:\/\/energylandia.pl\/wp-content\/uploads\/2026\/03\/slider-ticket-en.webp\" \/>\n<meta name=\"twitter:card\" content=\"summary_large_image\" \/>\n<meta name=\"twitter:label1\" content=\"Predpokladan\u00fd \u010das \u010d\u00edtania\" \/>\n\t<meta name=\"twitter:data1\" content=\"4 min\u00faty\" \/>\n<script type=\"application\/ld+json\" class=\"yoast-schema-graph\">{\"@context\":\"https:\/\/schema.org\",\"@graph\":[{\"@type\":\"WebPage\",\"@id\":\"https:\/\/energylandia.pl\/sk\/cennik\/individualny-cennik\/\",\"url\":\"https:\/\/energylandia.pl\/sk\/cennik\/individualny-cennik\/\",\"name\":\"Individu\u00e1lny cenn\u00edk - ENERGYLANDIA - Rodzinny Park Rozrywki w Zatorze\",\"isPartOf\":{\"@id\":\"https:\/\/energylandia.pl\/#website\"},\"datePublished\":\"2018-02-20T17:47:20+00:00\",\"dateModified\":\"2026-04-01T12:50:51+00:00\",\"breadcrumb\":{\"@id\":\"https:\/\/energylandia.pl\/sk\/cennik\/individualny-cennik\/#breadcrumb\"},\"inLanguage\":\"sk-SK\",\"potentialAction\":[{\"@type\":\"ReadAction\",\"target\":[\"https:\/\/energylandia.pl\/sk\/cennik\/individualny-cennik\/\"]}]},{\"@type\":\"BreadcrumbList\",\"@id\":\"https:\/\/energylandia.pl\/sk\/cennik\/individualny-cennik\/#breadcrumb\",\"itemListElement\":[{\"@type\":\"ListItem\",\"position\":1,\"name\":\"Strona g\u0142\u00f3wna\",\"item\":\"https:\/\/energylandia.pl\/sk\/\"},{\"@type\":\"ListItem\",\"position\":2,\"name\":\"Cenn\u00edk\",\"item\":\"https:\/\/energylandia.pl\/sk\/cennik\/\"},{\"@type\":\"ListItem\",\"position\":3,\"name\":\"Individu\u00e1lny cenn\u00edk\"}]},{\"@type\":\"WebSite\",\"@id\":\"https:\/\/energylandia.pl\/#website\",\"url\":\"https:\/\/energylandia.pl\/\",\"name\":\"ENERGYLANDIA - Rodzinny Park Rozrywki w Zatorze\",\"description\":\"ENERGYLANDIA - najwi\u0119kszy rodzinny Park Rozrywki w Polsce!\",\"publisher\":{\"@id\":\"https:\/\/energylandia.pl\/#organization\"},\"potentialAction\":[{\"@type\":\"SearchAction\",\"target\":{\"@type\":\"EntryPoint\",\"urlTemplate\":\"https:\/\/energylandia.pl\/?s={search_term_string}\"},\"query-input\":\"required name=search_term_string\"}],\"inLanguage\":\"sk-SK\"},{\"@type\":\"Organization\",\"@id\":\"https:\/\/energylandia.pl\/#organization\",\"name\":\"Energylandia\",\"url\":\"https:\/\/energylandia.pl\/\",\"logo\":{\"@type\":\"ImageObject\",\"inLanguage\":\"sk-SK\",\"@id\":\"https:\/\/energylandia.pl\/#\/schema\/logo\/image\/\",\"url\":\"\",\"contentUrl\":\"\",\"caption\":\"Energylandia\"},\"image\":{\"@id\":\"https:\/\/energylandia.pl\/#\/schema\/logo\/image\/\"},\"sameAs\":[\"https:\/\/www.facebook.com\/EnergyLandia\",\"https:\/\/www.youtube.com\/channel\/UCPj-Bs4Pfub_Bm04BOfyDoA\",\"https:\/\/vm.tiktok.com\/Tw7YAK\/\"]}]}<\/script>\n<!-- \/ Yoast SEO plugin. -->","yoast_head_json":{"title":"Individu\u00e1lny cenn\u00edk - ENERGYLANDIA - Rodzinny Park Rozrywki w Zatorze","robots":{"index":"index","follow":"follow","max-snippet":"max-snippet:-1","max-image-preview":"max-image-preview:large","max-video-preview":"max-video-preview:-1"},"og_locale":"sk_SK","og_type":"article","og_title":"Individu\u00e1lny cenn\u00edk - ENERGYLANDIA - Rodzinny Park Rozrywki w Zatorze","og_description":"V cene vstupenky s\u00fa zahrnut\u00e9 v\u0161etky atrakcie bez obmedzen\u00ed: horsk\u00e9 dr\u00e1hy, koloto\u010de, kin\u00e1, predstavenia, show, z\u00f3na Sweet Valley, Smoczy Gr\u00f3d, z\u00f3na Bajkolandia, rodinn\u00e1 z\u00f3na, extr\u00e9mna z\u00f3na, Aqualantis a Water Park! Celodenn\u00fd l\u00edstok bez \u010dasov\u00fdch a mno\u017estevn\u00fdch obmedzen\u00ed. *Vstupenka nezah\u0155\u0148a stravovanie, hern\u00e9 automaty na \u017eet\u00f3ny, obchody ani suven\u00edry. L\u00edstok pre die\u0165a, ktor\u00e9 nedov\u0155\u0161ilo 3 roky, je [&hellip;]","og_url":"https:\/\/energylandia.pl\/sk\/cennik\/individualny-cennik\/","og_site_name":"ENERGYLANDIA - Rodzinny Park Rozrywki w Zatorze","article_publisher":"https:\/\/www.facebook.com\/EnergyLandia","article_modified_time":"2026-04-01T12:50:51+00:00","og_image":[{"url":"https:\/\/energylandia.pl\/wp-content\/uploads\/2026\/03\/slider-ticket-en.webp"}],"twitter_card":"summary_large_image","twitter_misc":{"Predpokladan\u00fd \u010das \u010d\u00edtania":"4 min\u00faty"},"schema":{"@context":"https:\/\/schema.org","@graph":[{"@type":"WebPage","@id":"https:\/\/energylandia.pl\/sk\/cennik\/individualny-cennik\/","url":"https:\/\/energylandia.pl\/sk\/cennik\/individualny-cennik\/","name":"Individu\u00e1lny cenn\u00edk - ENERGYLANDIA - Rodzinny Park Rozrywki w Zatorze","isPartOf":{"@id":"https:\/\/energylandia.pl\/#website"},"datePublished":"2018-02-20T17:47:20+00:00","dateModified":"2026-04-01T12:50:51+00:00","breadcrumb":{"@id":"https:\/\/energylandia.pl\/sk\/cennik\/individualny-cennik\/#breadcrumb"},"inLanguage":"sk-SK","potentialAction":[{"@type":"ReadAction","target":["https:\/\/energylandia.pl\/sk\/cennik\/individualny-cennik\/"]}]},{"@type":"BreadcrumbList","@id":"https:\/\/energylandia.pl\/sk\/cennik\/individualny-cennik\/#breadcrumb","itemListElement":[{"@type":"ListItem","position":1,"name":"Strona g\u0142\u00f3wna","item":"https:\/\/energylandia.pl\/sk\/"},{"@type":"ListItem","position":2,"name":"Cenn\u00edk","item":"https:\/\/energylandia.pl\/sk\/cennik\/"},{"@type":"ListItem","position":3,"name":"Individu\u00e1lny cenn\u00edk"}]},{"@type":"WebSite","@id":"https:\/\/energylandia.pl\/#website","url":"https:\/\/energylandia.pl\/","name":"ENERGYLANDIA - Rodzinny Park Rozrywki w Zatorze","description":"ENERGYLANDIA - najwi\u0119kszy rodzinny Park Rozrywki w Polsce!","publisher":{"@id":"https:\/\/energylandia.pl\/#organization"},"potentialAction":[{"@type":"SearchAction","target":{"@type":"EntryPoint","urlTemplate":"https:\/\/energylandia.pl\/?s={search_term_string}"},"query-input":"required name=search_term_string"}],"inLanguage":"sk-SK"},{"@type":"Organization","@id":"https:\/\/energylandia.pl\/#organization","name":"Energylandia","url":"https:\/\/energylandia.pl\/","logo":{"@type":"ImageObject","inLanguage":"sk-SK","@id":"https:\/\/energylandia.pl\/#\/schema\/logo\/image\/","url":"","contentUrl":"","caption":"Energylandia"},"image":{"@id":"https:\/\/energylandia.pl\/#\/schema\/logo\/image\/"},"sameAs":["https:\/\/www.facebook.com\/EnergyLandia","https:\/\/www.youtube.com\/channel\/UCPj-Bs4Pfub_Bm04BOfyDoA","https:\/\/vm.tiktok.com\/Tw7YAK\/"]}]}},"_links":{"self":[{"href":"https:\/\/energylandia.pl\/sk\/wp-json\/wp\/v2\/pages\/28766","targetHints":{"allow":["GET"]}}],"collection":[{"href":"https:\/\/energylandia.pl\/sk\/wp-json\/wp\/v2\/pages"}],"about":[{"href":"https:\/\/energylandia.pl\/sk\/wp-json\/wp\/v2\/types\/page"}],"author":[{"embeddable":true,"href":"https:\/\/energylandia.pl\/sk\/wp-json\/wp\/v2\/users\/26"}],"replies":[{"embeddable":true,"href":"https:\/\/energylandia.pl\/sk\/wp-json\/wp\/v2\/comments?post=28766"}],"version-history":[{"count":21,"href":"https:\/\/energylandia.pl\/sk\/wp-json\/wp\/v2\/pages\/28766\/revisions"}],"predecessor-version":[{"id":315048,"href":"https:\/\/energylandia.pl\/sk\/wp-json\/wp\/v2\/pages\/28766\/revisions\/315048"}],"up":[{"embeddable":true,"href":"https:\/\/energylandia.pl\/sk\/wp-json\/wp\/v2\/pages\/13497"}],"wp:attachment":[{"href":"https:\/\/energylandia.pl\/sk\/wp-json\/wp\/v2\/media?parent=28766"}],"curies":[{"name":"wp","href":"https:\/\/api.w.org\/{rel}","templated":true}]}}