{"id":21646,"date":"2017-02-28T14:11:43","date_gmt":"2017-02-28T13:11:43","guid":{"rendered":"https:\/\/energylandia.pl\/sk\/o-nas\/praca\/"},"modified":"2026-03-13T09:20:36","modified_gmt":"2026-03-13T08:20:36","slug":"kariera-2","status":"publish","type":"page","link":"https:\/\/energylandia.pl\/sk\/kariera-2\/","title":{"rendered":"Kari\u00e9ra"},"content":{"rendered":"<p><img decoding=\"async\" class=\"alignnone wp-image-148828 size-full\" src=\"https:\/\/energylandia.pl\/wp-content\/uploads\/2024\/06\/banner_job.jpg\" alt=\"Pracujte v Energylandii \u2013 sez\u00f3nna a trval\u00e1 pr\u00e1ca\" width=\"1200\" height=\"800\" \/><\/p>\n<p>Z\u00e1bavn\u00fd park Energylandia v Zatore je najv\u00e4\u010d\u0161\u00edm zariaden\u00edm svojho druhu v na\u0161ej krajine. Na ploche pribli\u017ene 90 hekt\u00e1rov sa nach\u00e1dza 133 atrakci\u00ed.<\/p>\n<p><strong>H\u013ead\u00e1me osoby, ktor\u00e9 sa zaoberaj\u00fa alebo maj\u00fa z\u00e1ujem o:<\/strong><\/p>\n<ul>\n<li>Anim\u00e1ciu vo\u013en\u00e9ho \u010dasu<\/li>\n<li>Realiz\u00e1ciu umeleck\u00fdch vyst\u00fapen\u00ed<\/li>\n<li>Pr\u00e1cu na poz\u00edcii \u0161\u00e9fkuch\u00e1r\/ka<\/li>\n<li>Pr\u00e1cu na poz\u00edcii kuch\u00e1r\/ka<\/li>\n<li>Obsluhu gastronomick\u00fdch prev\u00e1dzok<\/li>\n<li>Obsluhu baru<\/li>\n<li>Cukr\u00e1rstvo<\/li>\n<li>Pek\u00e1rstvo<\/li>\n<li>Obsluhu pokladn\u00ed<\/li>\n<li>Obsluhu obchodov<\/li>\n<li>Elektrik\u00e1rske pr\u00e1ce<\/li>\n<li>Mechaniku<\/li>\n<li>In\u0161talat\u00e9rske pr\u00e1ce<\/li>\n<li>Dokladanie tovaru v sklade<\/li>\n<li>Z\u00e1hradn\u00edctvo<\/li>\n<li>Obsluhu zariaden\u00ed<\/li>\n<li>Obsluhu infolinky<\/li>\n<li>Realiz\u00e1ciu marketingov\u00e9ho pl\u00e1nu<\/li>\n<li>Ochranu are\u00e1lu parku<\/li>\n<li>V\u00fdrobu dekor\u00e1ci\u00ed zo \u017eivice<\/li>\n<li>Vodn\u00fa z\u00e1chrann\u00fa slu\u017ebu<\/li>\n<li>Upratovanie are\u00e1lu parku<\/li>\n<\/ul>\n<p><!-- notionvc: c964f2bf-6695-44ec-809e-aaa1632f9787 --><\/p>\n<p><strong>\u010co pon\u00fakame?<\/strong><\/p>\n<ul>\n<li>Pr\u00e1cu v modernej firme<\/li>\n<li>Mo\u017enos\u0165 \u010fal\u0161ieho rozvoja<\/li>\n<li>Atrakt\u00edvnu hodinovou sadzbu<\/li>\n<li>Bezplatn\u00e9 vstupenky do parku<\/li>\n<\/ul>\n<p><strong>\u010co o\u010dak\u00e1vame?<\/strong><\/p>\n<ul>\n<li>Sol\u00eddnos\u0165 a poctivos\u0165<\/li>\n<li>Motiv\u00e1ciu v pr\u00e1ci<\/li>\n<li>Komunikat\u00edvnos\u0165 a entuziazmus v kontaktoch<\/li>\n<\/ul>\n<p><strong>CV s fotografii pros\u00edme zasla\u0165 na adresu praca@energylandia.plv titule maila uvies\u0165 profesiu, pomocou prihlasovacieho formul\u00e1ra (dole na strane) alebo prinies\u0165 osobne do kancel\u00e1rie \/biuro\/ Parku Energylandia, al. 3 maja 2, 32-640 Zator +48 605 572 228<\/strong><br \/>\nFirma si vyhradzuje pr\u00e1vo kontaktova\u0165 jedine vybran\u00e9 osoby.<\/p>\n<hr \/>\n<p>K aplik\u00e1cii pros\u00edme pripoji\u0165 dolo\u017eku:<br \/>\nNa z\u00e1klade predpisov v\u0161eobecn\u00e9ho nariadenia o ochrane \u00fadajov (nariadenie Eur\u00f3pskeho parlamentu a Rady (EU) 2016\/679 z 27.04.2016 \u010falej ako \u201eGDPR\u201d) prehlasujem , \u017ee s\u00fahlas\u00edm so spracovan\u00edm Administr\u00e1torom \u2013<strong>Energylandia Gocza\u0142 Family sp. k.<\/strong> [spol.s r.o. spol. k.] so s\u00eddlom v: Zator (\u010falej: \u201eEnergylandia\u201d) mojich osobn\u00fdch \u00fadajov \u2013 vo\u010di ktor\u00fdm sa vy\u017eaduje s\u00fahlas, vr\u00e1tane v\u00fdrazn\u00e9ho, pod\u013ea pr\u00e1vnych predpisov na z\u00e1klade \u010dl. 6 ods. 1 p\u00edsm. a. alebo \u010dl. 9 ods. 2 p\u00edsm. a. GDPR, ktor\u00e9 som dobrovo\u013ene uviedol \/a \u2013 obsiahnut\u00fdch v aplika\u010dnej prihl\u00e1\u0161ke (vr\u00e1tane CV) za \u00fa\u010delom vykonania n\u00e1borovej proced\u00fary firmou Energylandia<\/p>\n<p>1. Na pracovn\u00e9 miesto __________________________________________________________<br \/>\n(Pros\u00edme uvies\u0165 pracovn\u00e9 miesto)<\/p>\n<p>2. pre potreby\u00a0(pros\u00edm uvies\u0165 pr\u00edslu\u0161n\u00e9):<\/p>\n<ul>\n<li>aktu\u00e1lneho n\u00e1boru;<\/li>\n<li>aktu\u00e1lneho a bud\u00faceho n\u00e1boru; v obdob\u00ed do konca tohto kalend\u00e1rneho roku.<\/li>\n<\/ul>\n<hr \/>\n<p>Informujeme, \u017ee v s\u00falade s \u010dl. 13 v\u0161eobecn\u00e9ho nariadenia o ochrane \u00fadajov (nariadenie Eur\u00f3pskeho parlamentu a Rady (EU) 2016\/679 z 27.04.2016, \u010falej zvan\u00e9: \u201eGDPR\u201d), pokia\u013e budete nahl\u00e1sen\u00fd\/\u00e1 ako uch\u00e1dza\u010d\/uch\u00e1dza\u010dka o pr\u00e1cu:<\/p>\n<ol>\n<li>\u00a0Administr\u00e1torom va\u0161ich osobn\u00fdch \u00fadajov je majite\u013e Z\u00e1bavn\u00e9ho rodinn\u00e9ho parku \/Rodzinny Park Rozrywki\/ Energylandia v: Al. 3 maja 2, 32-640 Zator a internetov\u00e9ho servisu v dom\u00e9ne \u00a0www.energylandia.pl \u2013 <strong>Energylandia Gocza\u0142 Family sp. k.<\/strong> z ograniczon\u0105 odpowiedzialno\u015bci\u0105 Energylandia sp. K. [spol. s r.o., k. spol.] so s\u00eddlom v: Zator 532A, 34-141 Przytkowice, celo\u0161t\u00e1tny s\u00fadny register \/KRS: 0000605098 DI\u010c\/ NIP\/: 5511735768 e-mail: info@energylandia.pl, tel.: +483348615 (zvan\u00fd \u010falej ako: \u201eZ\u00e1bavn\u00fd park \/Park Rozrywki\u201d). Administr\u00e1tor informuje, \u017ee menoval In\u0161pektora pre ochranu \u00fadajov; je mo\u017en\u00e9 ho kontaktova\u0165 na adrese email: iod@energylandia.pl nebo na kore\u0161ponden\u010dn\u00fa adresu In\u0161pektora ochrany \u00fadajov: ENERGYLANDIA al. P\u0142k. Beliny-Pra\u017cmowskiego 69\/4, 31-514 Krak\u00f3w.<\/li>\n<li>Spracovanie va\u0161ich \u00fadajov sa uskuto\u010dn\u00ed za \u00fa\u010delom n\u00e1boru (prejednanie kandidat\u00fary a vykonanie procesu zamestnania) na hore uveden\u00e9 pracovn\u00e9 zaradenie, a v pr\u00edpade, \u017ee aplikujete na viac ako jedno pracovn\u00e9 miesto). Z\u00e1kladom pre spracovanie \u00fadajov je: v pr\u00edpade uch\u00e1dzanie sa o pracovn\u00fa zmluvu \u010dl.\/art. 6 ods.\/ust. 1 p\u00edsm.\/lit. c GDPR v s\u00favislosti s \u010dl.\/art. 22(1) \u00a7 1 a \u00a73 Z\u00e1konn\u00edka pr\u00e1ce\/ Kodeks pracy, a \u2013 s\u00fa spracov\u00e1van\u00e9 \u00fadaje in\u00e9 ako uveden\u00e9 v \u010dl.\/ art. 22(1) \u00a7 1 Z\u00e1konn\u00edka pr\u00e1ce\/Kodeks pracy \u2013 \u010dl.\/art. 6 ods.\/ust. 1 p\u00edsm.\/lit. a. GDPR\/RODO alebo \u010dl.\/art. 9 ods.\/ust. 2 p\u00edsm.\/lit. a. GDPR\/RODO \u2013 na z\u00e1klade s\u00fahlasu kandid\u00e1ta, uveden\u00e9 v t\u00fdchto predpisoch GDPR\/ RODO; v pr\u00edpade uch\u00e1dzania sa o dohodu o vykonan\u00ed pr\u00e1ce: \u010dl.\/art. 6 ods.\/ust. 1 p\u00edsm.\/ lit. b GDPR\/RODO v rozsahu \u00fadajov nevyhnut\u00fdch pre predsavzatie \u00fakonov spojen\u00fdch s vykonan\u00edm n\u00e1boru; a nad tento rozsah na z\u00e1klade s\u00fahlasu kandid\u00e1ta, uveden\u00e9ho v \u010dl.\/ art. 6 ods.\/ust. 1 p\u00edsm.\/lit. a. GDPR\/RODO alebo \u010dl.\/ art. 9 ods.\/ust. 2 p\u00edsm.\/lit. a. GDPR\/RODO. Okrem toho, v oboch pr\u00edpadoch, za \u00fa\u010delom overenia profilu kandid\u00e1ta na soci\u00e1lnych port\u00e1loch a verejne dostupn\u00fdch registroch na z\u00e1klade \u010dl.\/ art. 6 ods.\/ust. 1 p\u00edsm.\/lit. f. GDPR\/RODO. \u00dadaje v aplika\u010dnom prihl\u00e1sen\u00ed m\u00f4\u017eu by\u0165 tie\u017e spracovan\u00e9 v od\u00f4vodnenom z\u00e1ujmu Administr\u00e1tora, len v nevyhnutnom rozsahu, za \u00fa\u010delom ur\u010denia \/ vym\u00e1hania pr\u00e1v alebo obhajoby vo\u010di n\u00e1rokom spojen\u00fdm s predmetnou proced\u00farou n\u00e1boru na z\u00e1klade \u010dl.\/art. 6 ods.\/ust. 1 p\u00edsm-\/lit. f. GDPR\/RODO.<\/li>\n<li>\u00dadaje kandid\u00e1ta bud\u00fa uchov\u00e1van\u00e9 do tridsiatich dn\u00ed po vykonan\u00ed n\u00e1boru na pracovn\u00ed miesto, na ktor\u00e9 bola podan\u00e1 aplik\u00e1cia kandid\u00e1ta, leda, \u017ee kandid\u00e1t s\u00fahlas\u00ed s vyu\u017eit\u00edm \u00fadajov v \u010fal\u0161\u00edch n\u00e1boroch (na pracovn\u00e9 miesto uveden\u00e9 v aplik\u00e1cii); v tom pr\u00edpade bud\u00fa \u00fadaje uchov\u00e1van\u00e9 do tridsiatich dn\u00ed po ukon\u010den\u00ed kalend\u00e1rneho roku, v ktorom kandid\u00e1t podal aplik\u00e1ciu pre pr\u00e1cu \u2013 \u010do neobmedzuje opr\u00e1vnenie kandid\u00e1ta, uveden\u00e9 v bode ni\u017e\u0161ie.<\/li>\n<li>M\u00e1te pr\u00e1vo \u017eiada\u0165 od Administr\u00e1tora pr\u00edstup ku svojim \u00fadajom osobn\u00fdm, ich opravu, odstr\u00e1nenie alebo obmedzenie spracovania alebo pr\u00e1vo na podanie \u017ealoby vo\u010di spracovaniu, a tie\u017e pr\u00e1vo na prenos \u00fadajov, a pr\u00e1vo poda\u0165 s\u0165a\u017enos\u0165 k dozorn\u00e9mu org\u00e1nu \u2013 predseda \u00daradu ochrany osobn\u00fdch \u00fadajov \/Prezes Urz\u0119du Ochrony Danych Osobowych\/.<\/li>\n<li>V pr\u00edpade, ke\u010f spracovanie prebieha na z\u00e1klade \u010dl.-\/ art. 6 ods.\/ust. 1 p\u00edsm.\/lit. a. alebo \u010dl.\/ art. 9 ods.\/ust. 2 p\u00edsm.\/lit. a. GDPR \/RODO \u2013 m\u00e1te pr\u00e1vo vzia\u0165 s\u00fahlas sp\u00e4\u0165 v \u013eubovo\u013enom momente bez vplyvu na zhodnos\u0165 s pr\u00e1vom spracovania, ktor\u00e9 bolo vykonan\u00e9 na z\u00e1klade s\u00fahlasu pred jeho vzat\u00edm sp\u00e4\u0165.<\/li>\n<li>Uvedenie osobn\u00fdch \u00fadajov v CV (eventu\u00e1lne v motiva\u010dnom liste) je dobrovo\u013en\u00e9, hoci nutn\u00e9 pre vykonanie procesu n\u00e1boru, s t\u00fdm, \u017ee pod\u013ea \u010dl. \/ art. 22(1) \u00a7 1 Z\u00e1konn\u00edka pr\u00e1ce\/Kodeks pracy m\u00e1 Administr\u00e1tor \u2013 v pr\u00edpade kandid\u00e1ta uch\u00e1dzaj\u00faceho sa o zamestnanie na z\u00e1klade pracovnej zmluvy \u2013 pr\u00e1vo \u017eiada\u0165 od kandid\u00e1ta, aby uviedol \u00fadaje v rozsahu: mena (mien) a priezviska; mien rodi\u010dov; d\u00e1tum narodenia; miesta bydliska (adresy pre kore\u0161pondenciu) vzdelanie a priebeh doteraj\u0161ieho zamestnania. Neuvedenie \u00fadajov nutn\u00fdch pre vykonanie procesu n\u00e1boru m\u00f4\u017ee sp\u00f4sobi\u0165, \u017ee dan\u00e1 aplik\u00e1cia o pr\u00e1cu nebude prejednan\u00e1, a \u00fadaje odstr\u00e1nen\u00e9 v s\u00falade so z\u00e1sadami GDPR-RODO a hore uveden\u00fdmi bodmi.<\/li>\n<li>\u00a0Administr\u00e1tor nerozhoduje automatizovan\u00fdm sp\u00f4sobom.<\/li>\n<\/ol>\n","protected":false},"excerpt":{"rendered":"<p>Z\u00e1bavn\u00fd park Energylandia v Zatore je najv\u00e4\u010d\u0161\u00edm zariaden\u00edm svojho druhu v na\u0161ej krajine. Na ploche pribli\u017ene 90 hekt\u00e1rov sa nach\u00e1dza 133 atrakci\u00ed. H\u013ead\u00e1me osoby, ktor\u00e9 sa zaoberaj\u00fa alebo maj\u00fa z\u00e1ujem o: Anim\u00e1ciu vo\u013en\u00e9ho \u010dasu Realiz\u00e1ciu umeleck\u00fdch vyst\u00fapen\u00ed Pr\u00e1cu na poz\u00edcii \u0161\u00e9fkuch\u00e1r\/ka Pr\u00e1cu na poz\u00edcii kuch\u00e1r\/ka Obsluhu gastronomick\u00fdch prev\u00e1dzok Obsluhu baru Cukr\u00e1rstvo Pek\u00e1rstvo Obsluhu pokladn\u00ed Obsluhu [&hellip;]<\/p>\n","protected":false},"author":36,"featured_media":0,"parent":0,"menu_order":283,"comment_status":"closed","ping_status":"closed","template":"","meta":{"footnotes":""},"class_list":["post-21646","page","type-page","status-publish","hentry"],"acf":[],"yoast_head":"<!-- This site is optimized with the Yoast SEO plugin v20.9 - https:\/\/yoast.com\/wordpress\/plugins\/seo\/ -->\n<title>Kari\u00e9ra - ENERGYLANDIA - Rodzinny Park Rozrywki w Zatorze<\/title>\n<meta name=\"description\" content=\"Na stronie Energylandia oferty pracy znajd\u0105 Pa\u0144stwo ciekawe propozycje pracy. Zatrudnienie w Parku Rozrywki to doskona\u0142y pomys\u0142 na dodatkowe zarobki oraz idealna praca na wakacje.\" \/>\n<meta name=\"robots\" content=\"index, follow, max-snippet:-1, max-image-preview:large, max-video-preview:-1\" \/>\n<meta property=\"og:locale\" content=\"sk_SK\" \/>\n<meta property=\"og:type\" content=\"article\" \/>\n<meta property=\"og:title\" content=\"Kari\u00e9ra - ENERGYLANDIA - Rodzinny Park Rozrywki w Zatorze\" \/>\n<meta property=\"og:description\" content=\"Na stronie Energylandia oferty pracy znajd\u0105 Pa\u0144stwo ciekawe propozycje pracy. Zatrudnienie w Parku Rozrywki to doskona\u0142y pomys\u0142 na dodatkowe zarobki oraz idealna praca na wakacje.\" \/>\n<meta property=\"og:url\" content=\"https:\/\/energylandia.pl\/sk\/kariera-2\/\" \/>\n<meta property=\"og:site_name\" content=\"ENERGYLANDIA - Rodzinny Park Rozrywki w Zatorze\" \/>\n<meta property=\"article:publisher\" content=\"https:\/\/www.facebook.com\/EnergyLandia\" \/>\n<meta property=\"article:modified_time\" content=\"2026-03-13T08:20:36+00:00\" \/>\n<meta property=\"og:image\" content=\"https:\/\/energylandia.pl\/wp-content\/uploads\/2024\/06\/banner_job.jpg\" \/>\n<meta name=\"twitter:card\" content=\"summary_large_image\" \/>\n<meta name=\"twitter:label1\" content=\"Predpokladan\u00fd \u010das \u010d\u00edtania\" \/>\n\t<meta name=\"twitter:data1\" content=\"6 min\u00fat\" \/>\n<script type=\"application\/ld+json\" class=\"yoast-schema-graph\">{\"@context\":\"https:\/\/schema.org\",\"@graph\":[{\"@type\":\"WebPage\",\"@id\":\"https:\/\/energylandia.pl\/sk\/kariera-2\/\",\"url\":\"https:\/\/energylandia.pl\/sk\/kariera-2\/\",\"name\":\"Kari\u00e9ra - ENERGYLANDIA - Rodzinny Park Rozrywki w Zatorze\",\"isPartOf\":{\"@id\":\"https:\/\/energylandia.pl\/#website\"},\"datePublished\":\"2017-02-28T13:11:43+00:00\",\"dateModified\":\"2026-03-13T08:20:36+00:00\",\"description\":\"Na stronie Energylandia oferty pracy znajd\u0105 Pa\u0144stwo ciekawe propozycje pracy. Zatrudnienie w Parku Rozrywki to doskona\u0142y pomys\u0142 na dodatkowe zarobki oraz idealna praca na wakacje.\",\"breadcrumb\":{\"@id\":\"https:\/\/energylandia.pl\/sk\/kariera-2\/#breadcrumb\"},\"inLanguage\":\"sk-SK\",\"potentialAction\":[{\"@type\":\"ReadAction\",\"target\":[\"https:\/\/energylandia.pl\/sk\/kariera-2\/\"]}]},{\"@type\":\"BreadcrumbList\",\"@id\":\"https:\/\/energylandia.pl\/sk\/kariera-2\/#breadcrumb\",\"itemListElement\":[{\"@type\":\"ListItem\",\"position\":1,\"name\":\"Strona g\u0142\u00f3wna\",\"item\":\"https:\/\/energylandia.pl\/sk\/\"},{\"@type\":\"ListItem\",\"position\":2,\"name\":\"Kari\u00e9ra\"}]},{\"@type\":\"WebSite\",\"@id\":\"https:\/\/energylandia.pl\/#website\",\"url\":\"https:\/\/energylandia.pl\/\",\"name\":\"ENERGYLANDIA - Rodzinny Park Rozrywki w Zatorze\",\"description\":\"ENERGYLANDIA - najwi\u0119kszy rodzinny Park Rozrywki w Polsce!\",\"publisher\":{\"@id\":\"https:\/\/energylandia.pl\/#organization\"},\"potentialAction\":[{\"@type\":\"SearchAction\",\"target\":{\"@type\":\"EntryPoint\",\"urlTemplate\":\"https:\/\/energylandia.pl\/?s={search_term_string}\"},\"query-input\":\"required name=search_term_string\"}],\"inLanguage\":\"sk-SK\"},{\"@type\":\"Organization\",\"@id\":\"https:\/\/energylandia.pl\/#organization\",\"name\":\"Energylandia\",\"url\":\"https:\/\/energylandia.pl\/\",\"logo\":{\"@type\":\"ImageObject\",\"inLanguage\":\"sk-SK\",\"@id\":\"https:\/\/energylandia.pl\/#\/schema\/logo\/image\/\",\"url\":\"\",\"contentUrl\":\"\",\"caption\":\"Energylandia\"},\"image\":{\"@id\":\"https:\/\/energylandia.pl\/#\/schema\/logo\/image\/\"},\"sameAs\":[\"https:\/\/www.facebook.com\/EnergyLandia\",\"https:\/\/www.youtube.com\/channel\/UCPj-Bs4Pfub_Bm04BOfyDoA\",\"https:\/\/vm.tiktok.com\/Tw7YAK\/\"]}]}<\/script>\n<!-- \/ Yoast SEO plugin. -->","yoast_head_json":{"title":"Kari\u00e9ra - ENERGYLANDIA - Rodzinny Park Rozrywki w Zatorze","description":"Na stronie Energylandia oferty pracy znajd\u0105 Pa\u0144stwo ciekawe propozycje pracy. Zatrudnienie w Parku Rozrywki to doskona\u0142y pomys\u0142 na dodatkowe zarobki oraz idealna praca na wakacje.","robots":{"index":"index","follow":"follow","max-snippet":"max-snippet:-1","max-image-preview":"max-image-preview:large","max-video-preview":"max-video-preview:-1"},"og_locale":"sk_SK","og_type":"article","og_title":"Kari\u00e9ra - ENERGYLANDIA - Rodzinny Park Rozrywki w Zatorze","og_description":"Na stronie Energylandia oferty pracy znajd\u0105 Pa\u0144stwo ciekawe propozycje pracy. Zatrudnienie w Parku Rozrywki to doskona\u0142y pomys\u0142 na dodatkowe zarobki oraz idealna praca na wakacje.","og_url":"https:\/\/energylandia.pl\/sk\/kariera-2\/","og_site_name":"ENERGYLANDIA - Rodzinny Park Rozrywki w Zatorze","article_publisher":"https:\/\/www.facebook.com\/EnergyLandia","article_modified_time":"2026-03-13T08:20:36+00:00","og_image":[{"url":"https:\/\/energylandia.pl\/wp-content\/uploads\/2024\/06\/banner_job.jpg"}],"twitter_card":"summary_large_image","twitter_misc":{"Predpokladan\u00fd \u010das \u010d\u00edtania":"6 min\u00fat"},"schema":{"@context":"https:\/\/schema.org","@graph":[{"@type":"WebPage","@id":"https:\/\/energylandia.pl\/sk\/kariera-2\/","url":"https:\/\/energylandia.pl\/sk\/kariera-2\/","name":"Kari\u00e9ra - ENERGYLANDIA - Rodzinny Park Rozrywki w Zatorze","isPartOf":{"@id":"https:\/\/energylandia.pl\/#website"},"datePublished":"2017-02-28T13:11:43+00:00","dateModified":"2026-03-13T08:20:36+00:00","description":"Na stronie Energylandia oferty pracy znajd\u0105 Pa\u0144stwo ciekawe propozycje pracy. Zatrudnienie w Parku Rozrywki to doskona\u0142y pomys\u0142 na dodatkowe zarobki oraz idealna praca na wakacje.","breadcrumb":{"@id":"https:\/\/energylandia.pl\/sk\/kariera-2\/#breadcrumb"},"inLanguage":"sk-SK","potentialAction":[{"@type":"ReadAction","target":["https:\/\/energylandia.pl\/sk\/kariera-2\/"]}]},{"@type":"BreadcrumbList","@id":"https:\/\/energylandia.pl\/sk\/kariera-2\/#breadcrumb","itemListElement":[{"@type":"ListItem","position":1,"name":"Strona g\u0142\u00f3wna","item":"https:\/\/energylandia.pl\/sk\/"},{"@type":"ListItem","position":2,"name":"Kari\u00e9ra"}]},{"@type":"WebSite","@id":"https:\/\/energylandia.pl\/#website","url":"https:\/\/energylandia.pl\/","name":"ENERGYLANDIA - Rodzinny Park Rozrywki w Zatorze","description":"ENERGYLANDIA - najwi\u0119kszy rodzinny Park Rozrywki w Polsce!","publisher":{"@id":"https:\/\/energylandia.pl\/#organization"},"potentialAction":[{"@type":"SearchAction","target":{"@type":"EntryPoint","urlTemplate":"https:\/\/energylandia.pl\/?s={search_term_string}"},"query-input":"required name=search_term_string"}],"inLanguage":"sk-SK"},{"@type":"Organization","@id":"https:\/\/energylandia.pl\/#organization","name":"Energylandia","url":"https:\/\/energylandia.pl\/","logo":{"@type":"ImageObject","inLanguage":"sk-SK","@id":"https:\/\/energylandia.pl\/#\/schema\/logo\/image\/","url":"","contentUrl":"","caption":"Energylandia"},"image":{"@id":"https:\/\/energylandia.pl\/#\/schema\/logo\/image\/"},"sameAs":["https:\/\/www.facebook.com\/EnergyLandia","https:\/\/www.youtube.com\/channel\/UCPj-Bs4Pfub_Bm04BOfyDoA","https:\/\/vm.tiktok.com\/Tw7YAK\/"]}]}},"_links":{"self":[{"href":"https:\/\/energylandia.pl\/sk\/wp-json\/wp\/v2\/pages\/21646","targetHints":{"allow":["GET"]}}],"collection":[{"href":"https:\/\/energylandia.pl\/sk\/wp-json\/wp\/v2\/pages"}],"about":[{"href":"https:\/\/energylandia.pl\/sk\/wp-json\/wp\/v2\/types\/page"}],"author":[{"embeddable":true,"href":"https:\/\/energylandia.pl\/sk\/wp-json\/wp\/v2\/users\/36"}],"replies":[{"embeddable":true,"href":"https:\/\/energylandia.pl\/sk\/wp-json\/wp\/v2\/comments?post=21646"}],"version-history":[{"count":2,"href":"https:\/\/energylandia.pl\/sk\/wp-json\/wp\/v2\/pages\/21646\/revisions"}],"predecessor-version":[{"id":314075,"href":"https:\/\/energylandia.pl\/sk\/wp-json\/wp\/v2\/pages\/21646\/revisions\/314075"}],"wp:attachment":[{"href":"https:\/\/energylandia.pl\/sk\/wp-json\/wp\/v2\/media?parent=21646"}],"curies":[{"name":"wp","href":"https:\/\/api.w.org\/{rel}","templated":true}]}}