{"id":155184,"date":"2024-04-08T18:00:37","date_gmt":"2024-04-08T16:00:37","guid":{"rendered":"https:\/\/n.energylandia.pl\/?page_id=155184"},"modified":"2024-04-08T18:08:35","modified_gmt":"2024-04-08T16:08:35","slug":"formular-stratenych-veci-2","status":"publish","type":"page","link":"https:\/\/energylandia.pl\/sk\/formular-stratenych-veci-2\/","title":{"rendered":"Formul\u00e1r straten\u00fdch vec\u00ed"},"content":{"rendered":"\n<div class=\"wpcf7 no-js\" id=\"wpcf7-f53297-o1\" lang=\"sk-SK\" dir=\"ltr\">\n<div class=\"screen-reader-response\"><p role=\"status\" aria-live=\"polite\" aria-atomic=\"true\"><\/p> <ul><\/ul><\/div>\n<form action=\"\/sk\/wp-json\/wp\/v2\/pages\/155184#wpcf7-f53297-o1\" method=\"post\" class=\"wpcf7-form init wpcf7-acceptance-as-validation\" aria-label=\"Contact form\" novalidate=\"novalidate\" data-status=\"init\">\n<div style=\"display: none;\">\n<input type=\"hidden\" name=\"_wpcf7\" value=\"53297\" \/>\n<input type=\"hidden\" name=\"_wpcf7_version\" value=\"5.7.7\" \/>\n<input type=\"hidden\" name=\"_wpcf7_locale\" value=\"sk_SK\" \/>\n<input type=\"hidden\" name=\"_wpcf7_unit_tag\" value=\"wpcf7-f53297-o1\" \/>\n<input type=\"hidden\" name=\"_wpcf7_container_post\" value=\"0\" \/>\n<input type=\"hidden\" name=\"_wpcf7_posted_data_hash\" value=\"\" \/>\n<input type=\"hidden\" name=\"_wpcf7cf_hidden_group_fields\" value=\"[]\" \/>\n<input type=\"hidden\" name=\"_wpcf7cf_hidden_groups\" value=\"[]\" \/>\n<input type=\"hidden\" name=\"_wpcf7cf_visible_groups\" value=\"[]\" \/>\n<input type=\"hidden\" name=\"_wpcf7cf_repeaters\" value=\"[]\" \/>\n<input type=\"hidden\" name=\"_wpcf7cf_steps\" value=\"{}\" \/>\n<input type=\"hidden\" name=\"_wpcf7cf_options\" value=\"{&quot;form_id&quot;:53297,&quot;conditions&quot;:[],&quot;settings&quot;:{&quot;animation&quot;:&quot;yes&quot;,&quot;animation_intime&quot;:200,&quot;animation_outtime&quot;:200,&quot;conditions_ui&quot;:&quot;normal&quot;,&quot;notice_dismissed&quot;:false}}\" \/>\n<input type=\"hidden\" name=\"_wpcf7_recaptcha_response\" value=\"\" \/>\n<\/div>\n<div class=\"plm-formularz-kontaktowy\">\n<div class=\"row\">\n   <div class=\"col-12\">\n   <div class=\"plm-input-text\">\n      <span class=\"wpcf7-form-control-wrap\" data-name=\"imienazwisko\"><input size=\"40\" class=\"wpcf7-form-control wpcf7-text wpcf7-validates-as-required\" aria-required=\"true\" aria-invalid=\"false\" placeholder=\"Meno a priezvisko*\" value=\"\" type=\"text\" name=\"imienazwisko\" \/><\/span>\n   <\/div>\n   <\/div>\n   <div class=\"col-12 col-sm-6\">\n   <div class=\"plm-input-email\">\n      <span class=\"wpcf7-form-control-wrap\" data-name=\"email\"><input size=\"40\" class=\"wpcf7-form-control wpcf7-text wpcf7-email wpcf7-validates-as-required wpcf7-validates-as-email\" aria-required=\"true\" aria-invalid=\"false\" placeholder=\"Adresa e-mail*\" value=\"\" type=\"email\" name=\"email\" \/><\/span>\n   <\/div>\n   <\/div>\n   <div class=\"col-12 col-sm-6\">\n   <div class=\"plm-input-tel\">\n      <span class=\"wpcf7-form-control-wrap\" data-name=\"telefon\"><input size=\"40\" class=\"wpcf7-form-control wpcf7-text wpcf7-tel wpcf7-validates-as-required wpcf7-validates-as-tel\" aria-required=\"true\" aria-invalid=\"false\" placeholder=\"\u010c\u00edslo telef\u00f3nu*\" value=\"\" type=\"tel\" name=\"telefon\" \/><\/span>\n   <\/div>\n   <\/div>\n   <div class=\"col-12\">\n   <div class=\"plm-textarea-message\">\n      <span class=\"wpcf7-form-control-wrap\" data-name=\"adres\"><textarea cols=\"40\" rows=\"4\" class=\"wpcf7-form-control wpcf7-textarea wpcf7-validates-as-required\" aria-required=\"true\" aria-invalid=\"false\" placeholder=\"Adresa bydliska*\" name=\"adres\"><\/textarea><\/span>\n   <\/div>\n   <\/div>\n   <div class=\"col-12\">\n   <div class=\"plm-textarea-message\">\n      <span class=\"wpcf7-form-control-wrap\" data-name=\"opis\"><textarea cols=\"40\" rows=\"4\" class=\"wpcf7-form-control wpcf7-textarea wpcf7-validates-as-required\" aria-required=\"true\" aria-invalid=\"false\" placeholder=\"Podrobn\u00fd  popis stratenej veci (vr\u00e1tane d\u00e1tumu a miesta)*\" name=\"opis\"><\/textarea><\/span>\n   <\/div>\n   <\/div>\n   <div class=\"col-12\" style=\"padding-top: 20px;\">\n    <span class=\"wpcf7-form-control-wrap\" data-name=\"acceptance-408\"><span class=\"wpcf7-form-control wpcf7-acceptance\"><span class=\"wpcf7-list-item\"><label><input type=\"checkbox\" name=\"acceptance-408\" value=\"1\" class=\"ud-rodo-input\" aria-invalid=\"false\" \/><span class=\"wpcf7-list-item-label\">Zozn\u00e1mil som sa a akceptujem ustanovenie <a href=\"https:\/\/n.energylandia.pl\/o-nas\/polityka-prywatnosci\/\" target=\"_blank\">Politiky s\u00fakromia<\/a>.<span class=\"required\">*<\/span><\/span><\/label><\/span><\/span><\/span>\n    <input class=\"wpcf7-form-control has-spinner wpcf7-submit\" type=\"submit\" value=\"Odosla\u0165\" \/>\n   <\/div>\n\n<\/div>\n<\/div><div class=\"wpcf7-response-output\" aria-hidden=\"true\"><\/div>\n<\/form>\n<\/div>\n\n","protected":false},"excerpt":{"rendered":"","protected":false},"author":27,"featured_media":0,"parent":0,"menu_order":48,"comment_status":"closed","ping_status":"closed","template":"","meta":{"footnotes":""},"acf":[],"yoast_head":"<!-- This site is optimized with the Yoast SEO plugin v20.9 - https:\/\/yoast.com\/wordpress\/plugins\/seo\/ -->\n<title>Formul\u00e1r straten\u00fdch vec\u00ed - ENERGYLANDIA - Rodzinny Park Rozrywki w Zatorze<\/title>\n<meta name=\"robots\" content=\"index, follow, max-snippet:-1, max-image-preview:large, max-video-preview:-1\" \/>\n<meta property=\"og:locale\" content=\"sk_SK\" \/>\n<meta property=\"og:type\" content=\"article\" \/>\n<meta property=\"og:title\" content=\"Formul\u00e1r straten\u00fdch vec\u00ed - ENERGYLANDIA - Rodzinny Park Rozrywki w Zatorze\" \/>\n<meta property=\"og:url\" content=\"https:\/\/energylandia.pl\/sk\/formular-stratenych-veci-2\/\" \/>\n<meta property=\"og:site_name\" content=\"ENERGYLANDIA - Rodzinny Park Rozrywki w Zatorze\" \/>\n<meta property=\"article:publisher\" content=\"https:\/\/www.facebook.com\/EnergyLandia\" \/>\n<meta property=\"article:modified_time\" content=\"2024-04-08T16:08:35+00:00\" \/>\n<meta name=\"twitter:card\" content=\"summary_large_image\" \/>\n<meta name=\"twitter:label1\" content=\"Predpokladan\u00fd \u010das \u010d\u00edtania\" \/>\n\t<meta name=\"twitter:data1\" content=\"1 min\u00fata\" \/>\n<script type=\"application\/ld+json\" class=\"yoast-schema-graph\">{\"@context\":\"https:\/\/schema.org\",\"@graph\":[{\"@type\":\"WebPage\",\"@id\":\"https:\/\/energylandia.pl\/sk\/formular-stratenych-veci-2\/\",\"url\":\"https:\/\/energylandia.pl\/sk\/formular-stratenych-veci-2\/\",\"name\":\"Formul\u00e1r straten\u00fdch vec\u00ed - ENERGYLANDIA - Rodzinny Park Rozrywki w Zatorze\",\"isPartOf\":{\"@id\":\"https:\/\/energylandia.pl\/#website\"},\"datePublished\":\"2024-04-08T16:00:37+00:00\",\"dateModified\":\"2024-04-08T16:08:35+00:00\",\"breadcrumb\":{\"@id\":\"https:\/\/energylandia.pl\/sk\/formular-stratenych-veci-2\/#breadcrumb\"},\"inLanguage\":\"sk-SK\",\"potentialAction\":[{\"@type\":\"ReadAction\",\"target\":[\"https:\/\/energylandia.pl\/sk\/formular-stratenych-veci-2\/\"]}]},{\"@type\":\"BreadcrumbList\",\"@id\":\"https:\/\/energylandia.pl\/sk\/formular-stratenych-veci-2\/#breadcrumb\",\"itemListElement\":[{\"@type\":\"ListItem\",\"position\":1,\"name\":\"Strona g\u0142\u00f3wna\",\"item\":\"https:\/\/energylandia.pl\/sk\/\"},{\"@type\":\"ListItem\",\"position\":2,\"name\":\"Formul\u00e1r straten\u00fdch vec\u00ed\"}]},{\"@type\":\"WebSite\",\"@id\":\"https:\/\/energylandia.pl\/#website\",\"url\":\"https:\/\/energylandia.pl\/\",\"name\":\"ENERGYLANDIA - Rodzinny Park Rozrywki w Zatorze\",\"description\":\"ENERGYLANDIA - najwi\u0119kszy rodzinny Park Rozrywki w Polsce!\",\"publisher\":{\"@id\":\"https:\/\/energylandia.pl\/#organization\"},\"potentialAction\":[{\"@type\":\"SearchAction\",\"target\":{\"@type\":\"EntryPoint\",\"urlTemplate\":\"https:\/\/energylandia.pl\/?s={search_term_string}\"},\"query-input\":\"required name=search_term_string\"}],\"inLanguage\":\"sk-SK\"},{\"@type\":\"Organization\",\"@id\":\"https:\/\/energylandia.pl\/#organization\",\"name\":\"Energylandia\",\"url\":\"https:\/\/energylandia.pl\/\",\"logo\":{\"@type\":\"ImageObject\",\"inLanguage\":\"sk-SK\",\"@id\":\"https:\/\/energylandia.pl\/#\/schema\/logo\/image\/\",\"url\":\"\",\"contentUrl\":\"\",\"caption\":\"Energylandia\"},\"image\":{\"@id\":\"https:\/\/energylandia.pl\/#\/schema\/logo\/image\/\"},\"sameAs\":[\"https:\/\/www.facebook.com\/EnergyLandia\",\"https:\/\/www.youtube.com\/channel\/UCPj-Bs4Pfub_Bm04BOfyDoA\",\"https:\/\/vm.tiktok.com\/Tw7YAK\/\"]}]}<\/script>\n<!-- \/ Yoast SEO plugin. -->","yoast_head_json":{"title":"Formul\u00e1r straten\u00fdch vec\u00ed - ENERGYLANDIA - Rodzinny Park Rozrywki w Zatorze","robots":{"index":"index","follow":"follow","max-snippet":"max-snippet:-1","max-image-preview":"max-image-preview:large","max-video-preview":"max-video-preview:-1"},"og_locale":"sk_SK","og_type":"article","og_title":"Formul\u00e1r straten\u00fdch vec\u00ed - ENERGYLANDIA - Rodzinny Park Rozrywki w Zatorze","og_url":"https:\/\/energylandia.pl\/sk\/formular-stratenych-veci-2\/","og_site_name":"ENERGYLANDIA - Rodzinny Park Rozrywki w Zatorze","article_publisher":"https:\/\/www.facebook.com\/EnergyLandia","article_modified_time":"2024-04-08T16:08:35+00:00","twitter_card":"summary_large_image","twitter_misc":{"Predpokladan\u00fd \u010das \u010d\u00edtania":"1 min\u00fata"},"schema":{"@context":"https:\/\/schema.org","@graph":[{"@type":"WebPage","@id":"https:\/\/energylandia.pl\/sk\/formular-stratenych-veci-2\/","url":"https:\/\/energylandia.pl\/sk\/formular-stratenych-veci-2\/","name":"Formul\u00e1r straten\u00fdch vec\u00ed - ENERGYLANDIA - Rodzinny Park Rozrywki w Zatorze","isPartOf":{"@id":"https:\/\/energylandia.pl\/#website"},"datePublished":"2024-04-08T16:00:37+00:00","dateModified":"2024-04-08T16:08:35+00:00","breadcrumb":{"@id":"https:\/\/energylandia.pl\/sk\/formular-stratenych-veci-2\/#breadcrumb"},"inLanguage":"sk-SK","potentialAction":[{"@type":"ReadAction","target":["https:\/\/energylandia.pl\/sk\/formular-stratenych-veci-2\/"]}]},{"@type":"BreadcrumbList","@id":"https:\/\/energylandia.pl\/sk\/formular-stratenych-veci-2\/#breadcrumb","itemListElement":[{"@type":"ListItem","position":1,"name":"Strona g\u0142\u00f3wna","item":"https:\/\/energylandia.pl\/sk\/"},{"@type":"ListItem","position":2,"name":"Formul\u00e1r straten\u00fdch vec\u00ed"}]},{"@type":"WebSite","@id":"https:\/\/energylandia.pl\/#website","url":"https:\/\/energylandia.pl\/","name":"ENERGYLANDIA - Rodzinny Park Rozrywki w Zatorze","description":"ENERGYLANDIA - najwi\u0119kszy rodzinny Park Rozrywki w Polsce!","publisher":{"@id":"https:\/\/energylandia.pl\/#organization"},"potentialAction":[{"@type":"SearchAction","target":{"@type":"EntryPoint","urlTemplate":"https:\/\/energylandia.pl\/?s={search_term_string}"},"query-input":"required name=search_term_string"}],"inLanguage":"sk-SK"},{"@type":"Organization","@id":"https:\/\/energylandia.pl\/#organization","name":"Energylandia","url":"https:\/\/energylandia.pl\/","logo":{"@type":"ImageObject","inLanguage":"sk-SK","@id":"https:\/\/energylandia.pl\/#\/schema\/logo\/image\/","url":"","contentUrl":"","caption":"Energylandia"},"image":{"@id":"https:\/\/energylandia.pl\/#\/schema\/logo\/image\/"},"sameAs":["https:\/\/www.facebook.com\/EnergyLandia","https:\/\/www.youtube.com\/channel\/UCPj-Bs4Pfub_Bm04BOfyDoA","https:\/\/vm.tiktok.com\/Tw7YAK\/"]}]}},"_links":{"self":[{"href":"https:\/\/energylandia.pl\/sk\/wp-json\/wp\/v2\/pages\/155184"}],"collection":[{"href":"https:\/\/energylandia.pl\/sk\/wp-json\/wp\/v2\/pages"}],"about":[{"href":"https:\/\/energylandia.pl\/sk\/wp-json\/wp\/v2\/types\/page"}],"author":[{"embeddable":true,"href":"https:\/\/energylandia.pl\/sk\/wp-json\/wp\/v2\/users\/27"}],"replies":[{"embeddable":true,"href":"https:\/\/energylandia.pl\/sk\/wp-json\/wp\/v2\/comments?post=155184"}],"version-history":[{"count":1,"href":"https:\/\/energylandia.pl\/sk\/wp-json\/wp\/v2\/pages\/155184\/revisions"}],"predecessor-version":[{"id":155185,"href":"https:\/\/energylandia.pl\/sk\/wp-json\/wp\/v2\/pages\/155184\/revisions\/155185"}],"wp:attachment":[{"href":"https:\/\/energylandia.pl\/sk\/wp-json\/wp\/v2\/media?parent=155184"}],"curies":[{"name":"wp","href":"https:\/\/api.w.org\/{rel}","templated":true}]}}