{"id":13509,"date":"2016-05-04T13:33:31","date_gmt":"2016-05-04T11:33:31","guid":{"rendered":"http:\/\/energylandia.pl\/sk\/?page_id=13509"},"modified":"2026-04-10T08:44:31","modified_gmt":"2026-04-10T06:44:31","slug":"cestovne-kancelarie-a-hotely","status":"publish","type":"page","link":"https:\/\/energylandia.pl\/sk\/cennik\/cestovne-kancelarie-a-hotely\/","title":{"rendered":"Cestovn\u00e9 kancel\u00e1rie a hotely"},"content":{"rendered":"<p><img decoding=\"async\" class=\"alignnone wp-image-103133 size-full\" src=\"https:\/\/energylandia.pl\/wp-content\/uploads\/2024\/06\/biura_podrozy_hotele_sk.jpg\" alt=\"\" width=\"1920\" height=\"900\" \/><\/p>\n<hr \/>\n<h4 style=\"text-align: center;\"><strong>Majite\u013eov cestovn\u00fdch kancel\u00e1ri\u00ed, hotelov, ubytovac\u00edch zariaden\u00ed a turistick\u00fdch stred\u00edsk srde\u010dne poz\u00fdvame na spolupr\u00e1cu.<\/strong><\/h4>\n<hr \/>\n<p>Navrhujeme v\u00e1m podp\u00edsa\u0165 <strong>agent\u00farnu zmluvu<\/strong> na predaj vstupeniek do Energylandie.<br \/>\nV\u00fdhody podpisu agent\u00farnej zmluvy:<\/p>\n<ul>\n<li>Spolupr\u00e1ca s parkom horsk\u00fdch dr\u00e1h \u010d. 1 na svete (pod\u013ea rcdb.com)<\/li>\n<li>obohatenie va\u0161ej ponuky<\/li>\n<li>predaj vstupeniek do parku za \u0161peci\u00e1lne ceny pre va\u0161ich host\u00ed<\/li>\n<li>Dni otvoren\u00fdch dver\u00ed pre partnerov po podpise zmluvy z\u00edskate pr\u00edstup k partnersk\u00e9mu panelu, ktor\u00fd umo\u017e\u0148uje okam\u017eit\u00fd n\u00e1kup vstupeniek kedyko\u013evek a potrebn\u00e9 materi\u00e1ly na propag\u00e1ciu parku.<\/li>\n<\/ul>\n<hr \/>\n","protected":false},"excerpt":{"rendered":"<p>Majite\u013eov cestovn\u00fdch kancel\u00e1ri\u00ed, hotelov, ubytovac\u00edch zariaden\u00ed a turistick\u00fdch stred\u00edsk srde\u010dne poz\u00fdvame na spolupr\u00e1cu. Navrhujeme v\u00e1m podp\u00edsa\u0165 agent\u00farnu zmluvu na predaj vstupeniek do Energylandie. V\u00fdhody podpisu agent\u00farnej zmluvy: Spolupr\u00e1ca s parkom horsk\u00fdch dr\u00e1h \u010d. 1 na svete (pod\u013ea rcdb.com) obohatenie va\u0161ej ponuky predaj vstupeniek do parku za \u0161peci\u00e1lne ceny pre va\u0161ich host\u00ed Dni otvoren\u00fdch dver\u00ed pre [&hellip;]<\/p>\n","protected":false},"author":26,"featured_media":0,"parent":13497,"menu_order":432,"comment_status":"closed","ping_status":"closed","template":"templates\/bilet-single-hotele.php","meta":{"footnotes":""},"acf":[],"yoast_head":"<!-- This site is optimized with the Yoast SEO plugin v20.9 - https:\/\/yoast.com\/wordpress\/plugins\/seo\/ -->\n<title>Cestovn\u00e9 kancel\u00e1rie a hotely - ENERGYLANDIA - Rodzinny Park Rozrywki w Zatorze<\/title>\n<meta name=\"robots\" content=\"index, follow, max-snippet:-1, max-image-preview:large, max-video-preview:-1\" \/>\n<meta property=\"og:locale\" content=\"sk_SK\" \/>\n<meta property=\"og:type\" content=\"article\" \/>\n<meta property=\"og:title\" content=\"Cestovn\u00e9 kancel\u00e1rie a hotely - ENERGYLANDIA - Rodzinny Park Rozrywki w Zatorze\" \/>\n<meta property=\"og:description\" content=\"Majite\u013eov cestovn\u00fdch kancel\u00e1ri\u00ed, hotelov, ubytovac\u00edch zariaden\u00ed a turistick\u00fdch stred\u00edsk srde\u010dne poz\u00fdvame na spolupr\u00e1cu. Navrhujeme v\u00e1m podp\u00edsa\u0165 agent\u00farnu zmluvu na predaj vstupeniek do Energylandie. V\u00fdhody podpisu agent\u00farnej zmluvy: Spolupr\u00e1ca s parkom horsk\u00fdch dr\u00e1h \u010d. 1 na svete (pod\u013ea rcdb.com) obohatenie va\u0161ej ponuky predaj vstupeniek do parku za \u0161peci\u00e1lne ceny pre va\u0161ich host\u00ed Dni otvoren\u00fdch dver\u00ed pre [&hellip;]\" \/>\n<meta property=\"og:url\" content=\"https:\/\/energylandia.pl\/sk\/cennik\/cestovne-kancelarie-a-hotely\/\" \/>\n<meta property=\"og:site_name\" content=\"ENERGYLANDIA - Rodzinny Park Rozrywki w Zatorze\" \/>\n<meta property=\"article:publisher\" content=\"https:\/\/www.facebook.com\/EnergyLandia\" \/>\n<meta property=\"article:modified_time\" content=\"2026-04-10T06:44:31+00:00\" \/>\n<meta property=\"og:image\" content=\"https:\/\/energylandia.pl\/wp-content\/uploads\/2024\/06\/biura_podrozy_hotele_sk.jpg\" \/>\n<meta name=\"twitter:card\" content=\"summary_large_image\" \/>\n<meta name=\"twitter:label1\" content=\"Predpokladan\u00fd \u010das \u010d\u00edtania\" \/>\n\t<meta name=\"twitter:data1\" content=\"1 min\u00fata\" \/>\n<script type=\"application\/ld+json\" class=\"yoast-schema-graph\">{\"@context\":\"https:\/\/schema.org\",\"@graph\":[{\"@type\":\"WebPage\",\"@id\":\"https:\/\/energylandia.pl\/sk\/cennik\/cestovne-kancelarie-a-hotely\/\",\"url\":\"https:\/\/energylandia.pl\/sk\/cennik\/cestovne-kancelarie-a-hotely\/\",\"name\":\"Cestovn\u00e9 kancel\u00e1rie a hotely - ENERGYLANDIA - Rodzinny Park Rozrywki w Zatorze\",\"isPartOf\":{\"@id\":\"https:\/\/energylandia.pl\/#website\"},\"datePublished\":\"2016-05-04T11:33:31+00:00\",\"dateModified\":\"2026-04-10T06:44:31+00:00\",\"breadcrumb\":{\"@id\":\"https:\/\/energylandia.pl\/sk\/cennik\/cestovne-kancelarie-a-hotely\/#breadcrumb\"},\"inLanguage\":\"sk-SK\",\"potentialAction\":[{\"@type\":\"ReadAction\",\"target\":[\"https:\/\/energylandia.pl\/sk\/cennik\/cestovne-kancelarie-a-hotely\/\"]}]},{\"@type\":\"BreadcrumbList\",\"@id\":\"https:\/\/energylandia.pl\/sk\/cennik\/cestovne-kancelarie-a-hotely\/#breadcrumb\",\"itemListElement\":[{\"@type\":\"ListItem\",\"position\":1,\"name\":\"Strona g\u0142\u00f3wna\",\"item\":\"https:\/\/energylandia.pl\/sk\/\"},{\"@type\":\"ListItem\",\"position\":2,\"name\":\"Cenn\u00edk\",\"item\":\"https:\/\/energylandia.pl\/sk\/cennik\/\"},{\"@type\":\"ListItem\",\"position\":3,\"name\":\"Cestovn\u00e9 kancel\u00e1rie a hotely\"}]},{\"@type\":\"WebSite\",\"@id\":\"https:\/\/energylandia.pl\/#website\",\"url\":\"https:\/\/energylandia.pl\/\",\"name\":\"ENERGYLANDIA - Rodzinny Park Rozrywki w Zatorze\",\"description\":\"ENERGYLANDIA - najwi\u0119kszy rodzinny Park Rozrywki w Polsce!\",\"publisher\":{\"@id\":\"https:\/\/energylandia.pl\/#organization\"},\"potentialAction\":[{\"@type\":\"SearchAction\",\"target\":{\"@type\":\"EntryPoint\",\"urlTemplate\":\"https:\/\/energylandia.pl\/?s={search_term_string}\"},\"query-input\":\"required name=search_term_string\"}],\"inLanguage\":\"sk-SK\"},{\"@type\":\"Organization\",\"@id\":\"https:\/\/energylandia.pl\/#organization\",\"name\":\"Energylandia\",\"url\":\"https:\/\/energylandia.pl\/\",\"logo\":{\"@type\":\"ImageObject\",\"inLanguage\":\"sk-SK\",\"@id\":\"https:\/\/energylandia.pl\/#\/schema\/logo\/image\/\",\"url\":\"\",\"contentUrl\":\"\",\"caption\":\"Energylandia\"},\"image\":{\"@id\":\"https:\/\/energylandia.pl\/#\/schema\/logo\/image\/\"},\"sameAs\":[\"https:\/\/www.facebook.com\/EnergyLandia\",\"https:\/\/www.youtube.com\/channel\/UCPj-Bs4Pfub_Bm04BOfyDoA\",\"https:\/\/vm.tiktok.com\/Tw7YAK\/\"]}]}<\/script>\n<!-- \/ Yoast SEO plugin. -->","yoast_head_json":{"title":"Cestovn\u00e9 kancel\u00e1rie a hotely - ENERGYLANDIA - Rodzinny Park Rozrywki w Zatorze","robots":{"index":"index","follow":"follow","max-snippet":"max-snippet:-1","max-image-preview":"max-image-preview:large","max-video-preview":"max-video-preview:-1"},"og_locale":"sk_SK","og_type":"article","og_title":"Cestovn\u00e9 kancel\u00e1rie a hotely - ENERGYLANDIA - Rodzinny Park Rozrywki w Zatorze","og_description":"Majite\u013eov cestovn\u00fdch kancel\u00e1ri\u00ed, hotelov, ubytovac\u00edch zariaden\u00ed a turistick\u00fdch stred\u00edsk srde\u010dne poz\u00fdvame na spolupr\u00e1cu. Navrhujeme v\u00e1m podp\u00edsa\u0165 agent\u00farnu zmluvu na predaj vstupeniek do Energylandie. V\u00fdhody podpisu agent\u00farnej zmluvy: Spolupr\u00e1ca s parkom horsk\u00fdch dr\u00e1h \u010d. 1 na svete (pod\u013ea rcdb.com) obohatenie va\u0161ej ponuky predaj vstupeniek do parku za \u0161peci\u00e1lne ceny pre va\u0161ich host\u00ed Dni otvoren\u00fdch dver\u00ed pre [&hellip;]","og_url":"https:\/\/energylandia.pl\/sk\/cennik\/cestovne-kancelarie-a-hotely\/","og_site_name":"ENERGYLANDIA - Rodzinny Park Rozrywki w Zatorze","article_publisher":"https:\/\/www.facebook.com\/EnergyLandia","article_modified_time":"2026-04-10T06:44:31+00:00","og_image":[{"url":"https:\/\/energylandia.pl\/wp-content\/uploads\/2024\/06\/biura_podrozy_hotele_sk.jpg"}],"twitter_card":"summary_large_image","twitter_misc":{"Predpokladan\u00fd \u010das \u010d\u00edtania":"1 min\u00fata"},"schema":{"@context":"https:\/\/schema.org","@graph":[{"@type":"WebPage","@id":"https:\/\/energylandia.pl\/sk\/cennik\/cestovne-kancelarie-a-hotely\/","url":"https:\/\/energylandia.pl\/sk\/cennik\/cestovne-kancelarie-a-hotely\/","name":"Cestovn\u00e9 kancel\u00e1rie a hotely - ENERGYLANDIA - Rodzinny Park Rozrywki w Zatorze","isPartOf":{"@id":"https:\/\/energylandia.pl\/#website"},"datePublished":"2016-05-04T11:33:31+00:00","dateModified":"2026-04-10T06:44:31+00:00","breadcrumb":{"@id":"https:\/\/energylandia.pl\/sk\/cennik\/cestovne-kancelarie-a-hotely\/#breadcrumb"},"inLanguage":"sk-SK","potentialAction":[{"@type":"ReadAction","target":["https:\/\/energylandia.pl\/sk\/cennik\/cestovne-kancelarie-a-hotely\/"]}]},{"@type":"BreadcrumbList","@id":"https:\/\/energylandia.pl\/sk\/cennik\/cestovne-kancelarie-a-hotely\/#breadcrumb","itemListElement":[{"@type":"ListItem","position":1,"name":"Strona g\u0142\u00f3wna","item":"https:\/\/energylandia.pl\/sk\/"},{"@type":"ListItem","position":2,"name":"Cenn\u00edk","item":"https:\/\/energylandia.pl\/sk\/cennik\/"},{"@type":"ListItem","position":3,"name":"Cestovn\u00e9 kancel\u00e1rie a hotely"}]},{"@type":"WebSite","@id":"https:\/\/energylandia.pl\/#website","url":"https:\/\/energylandia.pl\/","name":"ENERGYLANDIA - Rodzinny Park Rozrywki w Zatorze","description":"ENERGYLANDIA - najwi\u0119kszy rodzinny Park Rozrywki w Polsce!","publisher":{"@id":"https:\/\/energylandia.pl\/#organization"},"potentialAction":[{"@type":"SearchAction","target":{"@type":"EntryPoint","urlTemplate":"https:\/\/energylandia.pl\/?s={search_term_string}"},"query-input":"required name=search_term_string"}],"inLanguage":"sk-SK"},{"@type":"Organization","@id":"https:\/\/energylandia.pl\/#organization","name":"Energylandia","url":"https:\/\/energylandia.pl\/","logo":{"@type":"ImageObject","inLanguage":"sk-SK","@id":"https:\/\/energylandia.pl\/#\/schema\/logo\/image\/","url":"","contentUrl":"","caption":"Energylandia"},"image":{"@id":"https:\/\/energylandia.pl\/#\/schema\/logo\/image\/"},"sameAs":["https:\/\/www.facebook.com\/EnergyLandia","https:\/\/www.youtube.com\/channel\/UCPj-Bs4Pfub_Bm04BOfyDoA","https:\/\/vm.tiktok.com\/Tw7YAK\/"]}]}},"_links":{"self":[{"href":"https:\/\/energylandia.pl\/sk\/wp-json\/wp\/v2\/pages\/13509"}],"collection":[{"href":"https:\/\/energylandia.pl\/sk\/wp-json\/wp\/v2\/pages"}],"about":[{"href":"https:\/\/energylandia.pl\/sk\/wp-json\/wp\/v2\/types\/page"}],"author":[{"embeddable":true,"href":"https:\/\/energylandia.pl\/sk\/wp-json\/wp\/v2\/users\/26"}],"replies":[{"embeddable":true,"href":"https:\/\/energylandia.pl\/sk\/wp-json\/wp\/v2\/comments?post=13509"}],"version-history":[{"count":7,"href":"https:\/\/energylandia.pl\/sk\/wp-json\/wp\/v2\/pages\/13509\/revisions"}],"predecessor-version":[{"id":313188,"href":"https:\/\/energylandia.pl\/sk\/wp-json\/wp\/v2\/pages\/13509\/revisions\/313188"}],"up":[{"embeddable":true,"href":"https:\/\/energylandia.pl\/sk\/wp-json\/wp\/v2\/pages\/13497"}],"wp:attachment":[{"href":"https:\/\/energylandia.pl\/sk\/wp-json\/wp\/v2\/media?parent=13509"}],"curies":[{"name":"wp","href":"https:\/\/api.w.org\/{rel}","templated":true}]}}