{"id":292008,"date":"2020-01-14T13:33:39","date_gmt":"2020-01-14T12:33:39","guid":{"rendered":"https:\/\/n.energylandia.pl\/influencer-application\/"},"modified":"2025-05-29T13:14:50","modified_gmt":"2025-05-29T11:14:50","slug":"influencerio-taikymas","status":"publish","type":"page","link":"https:\/\/energylandia.pl\/lt\/influencerio-taikymas\/","title":{"rendered":"Nuomon\u0117s formuotojo u\u017eklausa"},"content":{"rendered":"\n<div class=\"wpcf7 no-js\" id=\"wpcf7-f291232-o1\" lang=\"lt-LT\" dir=\"ltr\">\n<div class=\"screen-reader-response\"><p role=\"status\" aria-live=\"polite\" aria-atomic=\"true\"><\/p> <ul><\/ul><\/div>\n<form action=\"\/lt\/wp-json\/wp\/v2\/pages\/292008#wpcf7-f291232-o1\" method=\"post\" class=\"wpcf7-form init wpcf7-acceptance-as-validation\" aria-label=\"Formularz kontaktowy\" novalidate=\"novalidate\" data-status=\"init\">\n<div style=\"display: none;\">\n<input type=\"hidden\" name=\"_wpcf7\" value=\"291232\" \/>\n<input type=\"hidden\" name=\"_wpcf7_version\" value=\"5.7.7\" \/>\n<input type=\"hidden\" name=\"_wpcf7_locale\" value=\"lt_LT\" \/>\n<input type=\"hidden\" name=\"_wpcf7_unit_tag\" value=\"wpcf7-f291232-o1\" \/>\n<input type=\"hidden\" name=\"_wpcf7_container_post\" value=\"0\" \/>\n<input type=\"hidden\" name=\"_wpcf7_posted_data_hash\" value=\"\" \/>\n<input type=\"hidden\" name=\"_wpcf7cf_hidden_group_fields\" value=\"[]\" \/>\n<input type=\"hidden\" name=\"_wpcf7cf_hidden_groups\" value=\"[]\" \/>\n<input type=\"hidden\" name=\"_wpcf7cf_visible_groups\" value=\"[]\" \/>\n<input type=\"hidden\" name=\"_wpcf7cf_repeaters\" value=\"[]\" \/>\n<input type=\"hidden\" name=\"_wpcf7cf_steps\" value=\"{}\" \/>\n<input type=\"hidden\" name=\"_wpcf7cf_options\" value=\"{&quot;form_id&quot;:291232,&quot;conditions&quot;:[],&quot;settings&quot;:{&quot;animation&quot;:&quot;yes&quot;,&quot;animation_intime&quot;:200,&quot;animation_outtime&quot;:200,&quot;conditions_ui&quot;:&quot;normal&quot;,&quot;notice_dismissed&quot;:false}}\" \/>\n<input type=\"hidden\" name=\"_wpcf7_recaptcha_response\" value=\"\" \/>\n<\/div>\n<div class=\"row\">\n    <div class=\"col-md-6\">\n        <div class=\"form-group\">\n            <label>Vardas <span class=\"plm-required-field\">*<\/span><\/label>\n            <span class=\"wpcf7-form-control-wrap\" data-name=\"imie\"><input size=\"40\" class=\"wpcf7-form-control wpcf7-text wpcf7-validates-as-required form-control\" autocomplete=\"given-name\" aria-required=\"true\" aria-invalid=\"false\" placeholder=\"Vardas\" value=\"\" type=\"text\" name=\"imie\" \/><\/span>\n        <\/div>\n    <\/div>\n    <div class=\"col-md-6\">\n        <div class=\"form-group\">\n            <label>Pavard\u0117 <span class=\"plm-required-field\">*<\/span><\/label>\n            <span class=\"wpcf7-form-control-wrap\" data-name=\"nazwisko\"><input size=\"40\" class=\"wpcf7-form-control wpcf7-text wpcf7-validates-as-required form-control\" autocomplete=\"family-name\" aria-required=\"true\" aria-invalid=\"false\" placeholder=\"Pavard\u0117\" value=\"\" type=\"text\" name=\"nazwisko\" \/><\/span>\n        <\/div>\n    <\/div>\n<\/div>\n<div class=\"row\">\n    <div class=\"col-md-6\">\n        <div class=\"form-group\">\n            <label>El. pa\u0161to adresas <span class=\"plm-required-field\">*<\/span><\/label>\n            <span class=\"wpcf7-form-control-wrap\" data-name=\"email\"><input size=\"40\" class=\"wpcf7-form-control wpcf7-text wpcf7-email wpcf7-validates-as-required wpcf7-validates-as-email form-control\" autocomplete=\"email\" aria-required=\"true\" aria-invalid=\"false\" placeholder=\"El. pa\u0161to adresas\" value=\"\" type=\"email\" name=\"email\" \/><\/span>\n        <\/div>\n    <\/div>\n    <div class=\"col-md-6\">\n        <div class=\"form-group\">\n            <label>Telefono numeris <span class=\"plm-required-field\">*<\/span><\/label>\n            <span class=\"wpcf7-form-control-wrap\" data-name=\"telefon\"><input size=\"40\" class=\"wpcf7-form-control wpcf7-text wpcf7-tel wpcf7-validates-as-required wpcf7-validates-as-tel form-control\" autocomplete=\"tel\" aria-required=\"true\" aria-invalid=\"false\" placeholder=\"Telefono numeris\" value=\"\" type=\"tel\" name=\"telefon\" \/><\/span>\n        <\/div>\n    <\/div>\n<\/div>\n<div class=\"row\">\n    <div class=\"col-md-6\">\n        <div class=\"form-group\">\n            <label>Nuoroda \u012f Instagram kanal\u0105 <\/label>\n            <span class=\"wpcf7-form-control-wrap\" data-name=\"instagram\"><input size=\"40\" class=\"wpcf7-form-control wpcf7-text form-control\" autocomplete=\"instagram\" aria-invalid=\"false\" placeholder=\"Nuoroda \u012f Instagram kanal\u0105\" value=\"\" type=\"text\" name=\"instagram\" \/><\/span>\n        <\/div>\n    <\/div>\n    <div class=\"col-md-6\">\n        <div class=\"form-group\">\n            <label>Instagram vardas <\/label>\n            <span class=\"wpcf7-form-control-wrap\" data-name=\"nick-instagram\"><input size=\"40\" class=\"wpcf7-form-control wpcf7-text form-control\" autocomplete=\"nick-instagram\" aria-invalid=\"false\" placeholder=\"Instagram vardas\" value=\"\" type=\"text\" name=\"nick-instagram\" \/><\/span>\n        <\/div>\n    <\/div>\n<\/div>\n<div class=\"row\">\n    <div class=\"col-md-6\">\n        <div class=\"form-group\">\n            <label>Nuoroda \u012f YouTube kanal\u0105 <\/label>\n            <span class=\"wpcf7-form-control-wrap\" data-name=\"youtube\"><input size=\"40\" class=\"wpcf7-form-control wpcf7-text form-control\" autocomplete=\"youtube\" aria-invalid=\"false\" placeholder=\"Nuoroda \u012f YouTube kanal\u0105\" value=\"\" type=\"text\" name=\"youtube\" \/><\/span>\n        <\/div>\n    <\/div>\n    <div class=\"col-md-6\">\n        <div class=\"form-group\">\n            <label>Vardas YouTube <\/label>\n            <span class=\"wpcf7-form-control-wrap\" data-name=\"nick-youtube\"><input size=\"40\" class=\"wpcf7-form-control wpcf7-text form-control\" autocomplete=\"nick-youtube\" aria-invalid=\"false\" placeholder=\"Vardas YouTube\" value=\"\" type=\"text\" name=\"nick-youtube\" \/><\/span>\n        <\/div>\n    <\/div>\n<\/div><div class=\"row\">\n    <div class=\"col-md-6\">\n        <div class=\"form-group\">\n            <label>Nuoroda \u012f tinklara\u0161t\u012f <\/label>\n            <span class=\"wpcf7-form-control-wrap\" data-name=\"blog\"><input size=\"40\" class=\"wpcf7-form-control wpcf7-text form-control\" aria-invalid=\"false\" placeholder=\"Nuoroda \u012f tinklara\u0161t\u012f\" value=\"\" type=\"text\" name=\"blog\" \/><\/span>\n        <\/div>\n    <\/div>\n    <div class=\"col-md-6\">\n        <div class=\"form-group\">\n            <label>Tinklara\u0161\u010dio pavadinimas <\/label>\n            <span class=\"wpcf7-form-control-wrap\" data-name=\"nazwa-bloga\"><input size=\"40\" class=\"wpcf7-form-control wpcf7-text form-control\" autocomplete=\"nazwa-bloga\" aria-invalid=\"false\" placeholder=\"Tinklara\u0161\u010dio pavadinimas\" value=\"\" type=\"text\" name=\"nazwa-bloga\" \/><\/span>\n        <\/div>\n    <\/div>\n<\/div>\n<div class=\"col-md-12\">\n    <div class=\"form-group\">\n        <label>Kita <\/label>\n        <span class=\"wpcf7-form-control-wrap\" data-name=\"inne\"><input size=\"40\" class=\"wpcf7-form-control wpcf7-text form-control\" autocomplete=\"inne\" aria-invalid=\"false\" placeholder=\"Kita\" value=\"\" type=\"text\" name=\"inne\" \/><\/span>\n    <\/div>\n<\/div>\n<div class=\"col-md-12\">\n    <div class=\"form-group\">\n        <label>Kanalo profilis (pvz., gyvenimo b\u016bdas, sportas...) <\/label>\n        <span class=\"wpcf7-form-control-wrap\" data-name=\"profil\"><input size=\"40\" class=\"wpcf7-form-control wpcf7-text form-control\" autocomplete=\"profil\" aria-invalid=\"false\" placeholder=\"Kanalo profilis (pvz., gyvenimo b\u016bdas, sportas...)\" value=\"\" type=\"text\" name=\"profil\" \/><\/span>\n    <\/div>\n<\/div>\n<div class=\"row\">\n    <div class=\"col-12\">\n        <div class=\"form-group\">\n            <label>Pasi\u016blymai bendradarbiavimo srityje <span class=\"plm-required-field\">*<\/span><\/label>\n            <span class=\"wpcf7-form-control-wrap\" data-name=\"swiadczenia\"><textarea cols=\"40\" rows=\"4\" class=\"wpcf7-form-control wpcf7-textarea wpcf7-validates-as-required form-control\" aria-required=\"true\" aria-invalid=\"false\" placeholder=\"Pasi\u016blymai bendradarbiavimo srityje\" name=\"swiadczenia\"><\/textarea><\/span>\n        <\/div>\n    <\/div>\n<\/div>\n<div class=\"row\">\n    <div class=\"col-12\">\n        <div class=\"form-group\">\n            <label>Apsilankym\u0173 skai\u010dius bendradarbiavimo metu <span class=\"plm-required-field\">*<\/span><\/label>\n            <span class=\"wpcf7-form-control-wrap\" data-name=\"nagroda\"><textarea cols=\"40\" rows=\"4\" class=\"wpcf7-form-control wpcf7-textarea wpcf7-validates-as-required form-control\" aria-required=\"true\" aria-invalid=\"false\" placeholder=\"Apsilankym\u0173 skai\u010dius bendradarbiavimo metu\" name=\"nagroda\"><\/textarea><\/span>\n        <\/div>\n    <\/div>\n<\/div>\n<div class=\"row\">\n    <div class=\"col-12\">\n        <div class=\"form-check form-switch\">\n            <span class=\"wpcf7-form-control-wrap\" data-name=\"acceptance-408\"><span class=\"wpcf7-form-control wpcf7-acceptance\"><span class=\"wpcf7-list-item\"><label><input type=\"checkbox\" name=\"acceptance-408\" value=\"1\" class=\"form-check-input\" aria-invalid=\"false\" \/><span class=\"wpcf7-list-item-label\">Perskai\u010diau ir sutinku su s\u0105lygomis <a href=\"\/o-nas\/polityka-prywatnosci\/\" target=\"_blank\">Privatumo politika<\/a>. <span class=\"plm-required-field\">*<\/span><\/span><\/label><\/span><\/span><\/span>\n        <\/div>\n    <\/div>\n<\/div>\n<div class=\"row\">\n    <div class=\"col-12 mx-auto text-center\">\n        <input class=\"wpcf7-form-control has-spinner wpcf7-submit btn btn-primary\" type=\"submit\" value=\"Si\u0173sti\" \/>\n    <\/div>\n<\/div>\n<br\/><div class=\"wpcf7-response-output\" aria-hidden=\"true\"><\/div>\n<\/form>\n<\/div>\n\n","protected":false},"excerpt":{"rendered":"","protected":false},"author":26,"featured_media":0,"parent":0,"menu_order":260,"comment_status":"closed","ping_status":"closed","template":"","meta":{"footnotes":""},"acf":[],"yoast_head":"<!-- This site is optimized with the Yoast SEO plugin v20.9 - https:\/\/yoast.com\/wordpress\/plugins\/seo\/ -->\n<title>Nuomon\u0117s formuotojo u\u017eklausa - ENERGYLANDIA - Rodzinny Park Rozrywki w Zatorze<\/title>\n<meta name=\"description\" content=\"Na stronie Energylandia oferty pracy znajd\u0105 Pa\u0144stwo ciekawe propozycje pracy. Zatrudnienie w Parku Rozrywki to doskona\u0142y pomys\u0142 na dodatkowe zarobki oraz idealna praca na wakacje.\" \/>\n<meta name=\"robots\" content=\"index, follow, max-snippet:-1, max-image-preview:large, max-video-preview:-1\" \/>\n<meta property=\"og:locale\" content=\"lt_LT\" \/>\n<meta property=\"og:type\" content=\"article\" \/>\n<meta property=\"og:title\" content=\"Nuomon\u0117s formuotojo u\u017eklausa - ENERGYLANDIA - Rodzinny Park Rozrywki w Zatorze\" \/>\n<meta property=\"og:description\" content=\"Na stronie Energylandia oferty pracy znajd\u0105 Pa\u0144stwo ciekawe propozycje pracy. Zatrudnienie w Parku Rozrywki to doskona\u0142y pomys\u0142 na dodatkowe zarobki oraz idealna praca na wakacje.\" \/>\n<meta property=\"og:url\" content=\"https:\/\/energylandia.pl\/lt\/influencerio-taikymas\/\" \/>\n<meta property=\"og:site_name\" content=\"ENERGYLANDIA - Rodzinny Park Rozrywki w Zatorze\" \/>\n<meta property=\"article:publisher\" content=\"https:\/\/www.facebook.com\/EnergyLandia\" \/>\n<meta property=\"article:modified_time\" content=\"2025-05-29T11:14:50+00:00\" \/>\n<meta name=\"twitter:card\" content=\"summary_large_image\" \/>\n<meta name=\"twitter:label1\" content=\"Est. reading time\" \/>\n\t<meta name=\"twitter:data1\" content=\"1 minut\u0117\" \/>\n<script type=\"application\/ld+json\" class=\"yoast-schema-graph\">{\"@context\":\"https:\/\/schema.org\",\"@graph\":[{\"@type\":\"WebPage\",\"@id\":\"https:\/\/energylandia.pl\/lt\/influencerio-taikymas\/\",\"url\":\"https:\/\/energylandia.pl\/lt\/influencerio-taikymas\/\",\"name\":\"Nuomon\u0117s formuotojo u\u017eklausa - ENERGYLANDIA - Rodzinny Park Rozrywki w Zatorze\",\"isPartOf\":{\"@id\":\"https:\/\/energylandia.pl\/#website\"},\"datePublished\":\"2020-01-14T12:33:39+00:00\",\"dateModified\":\"2025-05-29T11:14:50+00:00\",\"description\":\"Na stronie Energylandia oferty pracy znajd\u0105 Pa\u0144stwo ciekawe propozycje pracy. Zatrudnienie w Parku Rozrywki to doskona\u0142y pomys\u0142 na dodatkowe zarobki oraz idealna praca na wakacje.\",\"breadcrumb\":{\"@id\":\"https:\/\/energylandia.pl\/lt\/influencerio-taikymas\/#breadcrumb\"},\"inLanguage\":\"lt-LT\",\"potentialAction\":[{\"@type\":\"ReadAction\",\"target\":[\"https:\/\/energylandia.pl\/lt\/influencerio-taikymas\/\"]}]},{\"@type\":\"BreadcrumbList\",\"@id\":\"https:\/\/energylandia.pl\/lt\/influencerio-taikymas\/#breadcrumb\",\"itemListElement\":[{\"@type\":\"ListItem\",\"position\":1,\"name\":\"Strona g\u0142\u00f3wna\",\"item\":\"https:\/\/energylandia.pl\/lt\/\"},{\"@type\":\"ListItem\",\"position\":2,\"name\":\"Nuomon\u0117s formuotojo u\u017eklausa\"}]},{\"@type\":\"WebSite\",\"@id\":\"https:\/\/energylandia.pl\/#website\",\"url\":\"https:\/\/energylandia.pl\/\",\"name\":\"ENERGYLANDIA - Rodzinny Park Rozrywki w Zatorze\",\"description\":\"ENERGYLANDIA - najwi\u0119kszy rodzinny Park Rozrywki w Polsce!\",\"publisher\":{\"@id\":\"https:\/\/energylandia.pl\/#organization\"},\"potentialAction\":[{\"@type\":\"SearchAction\",\"target\":{\"@type\":\"EntryPoint\",\"urlTemplate\":\"https:\/\/energylandia.pl\/?s={search_term_string}\"},\"query-input\":\"required name=search_term_string\"}],\"inLanguage\":\"lt-LT\"},{\"@type\":\"Organization\",\"@id\":\"https:\/\/energylandia.pl\/#organization\",\"name\":\"Energylandia\",\"url\":\"https:\/\/energylandia.pl\/\",\"logo\":{\"@type\":\"ImageObject\",\"inLanguage\":\"lt-LT\",\"@id\":\"https:\/\/energylandia.pl\/#\/schema\/logo\/image\/\",\"url\":\"\",\"contentUrl\":\"\",\"caption\":\"Energylandia\"},\"image\":{\"@id\":\"https:\/\/energylandia.pl\/#\/schema\/logo\/image\/\"},\"sameAs\":[\"https:\/\/www.facebook.com\/EnergyLandia\",\"https:\/\/www.youtube.com\/channel\/UCPj-Bs4Pfub_Bm04BOfyDoA\",\"https:\/\/vm.tiktok.com\/Tw7YAK\/\"]}]}<\/script>\n<!-- \/ Yoast SEO plugin. -->","yoast_head_json":{"title":"Nuomon\u0117s formuotojo u\u017eklausa - ENERGYLANDIA - Rodzinny Park Rozrywki w Zatorze","description":"Na stronie Energylandia oferty pracy znajd\u0105 Pa\u0144stwo ciekawe propozycje pracy. Zatrudnienie w Parku Rozrywki to doskona\u0142y pomys\u0142 na dodatkowe zarobki oraz idealna praca na wakacje.","robots":{"index":"index","follow":"follow","max-snippet":"max-snippet:-1","max-image-preview":"max-image-preview:large","max-video-preview":"max-video-preview:-1"},"og_locale":"lt_LT","og_type":"article","og_title":"Nuomon\u0117s formuotojo u\u017eklausa - ENERGYLANDIA - Rodzinny Park Rozrywki w Zatorze","og_description":"Na stronie Energylandia oferty pracy znajd\u0105 Pa\u0144stwo ciekawe propozycje pracy. Zatrudnienie w Parku Rozrywki to doskona\u0142y pomys\u0142 na dodatkowe zarobki oraz idealna praca na wakacje.","og_url":"https:\/\/energylandia.pl\/lt\/influencerio-taikymas\/","og_site_name":"ENERGYLANDIA - Rodzinny Park Rozrywki w Zatorze","article_publisher":"https:\/\/www.facebook.com\/EnergyLandia","article_modified_time":"2025-05-29T11:14:50+00:00","twitter_card":"summary_large_image","twitter_misc":{"Est. reading time":"1 minut\u0117"},"schema":{"@context":"https:\/\/schema.org","@graph":[{"@type":"WebPage","@id":"https:\/\/energylandia.pl\/lt\/influencerio-taikymas\/","url":"https:\/\/energylandia.pl\/lt\/influencerio-taikymas\/","name":"Nuomon\u0117s formuotojo u\u017eklausa - ENERGYLANDIA - Rodzinny Park Rozrywki w Zatorze","isPartOf":{"@id":"https:\/\/energylandia.pl\/#website"},"datePublished":"2020-01-14T12:33:39+00:00","dateModified":"2025-05-29T11:14:50+00:00","description":"Na stronie Energylandia oferty pracy znajd\u0105 Pa\u0144stwo ciekawe propozycje pracy. Zatrudnienie w Parku Rozrywki to doskona\u0142y pomys\u0142 na dodatkowe zarobki oraz idealna praca na wakacje.","breadcrumb":{"@id":"https:\/\/energylandia.pl\/lt\/influencerio-taikymas\/#breadcrumb"},"inLanguage":"lt-LT","potentialAction":[{"@type":"ReadAction","target":["https:\/\/energylandia.pl\/lt\/influencerio-taikymas\/"]}]},{"@type":"BreadcrumbList","@id":"https:\/\/energylandia.pl\/lt\/influencerio-taikymas\/#breadcrumb","itemListElement":[{"@type":"ListItem","position":1,"name":"Strona g\u0142\u00f3wna","item":"https:\/\/energylandia.pl\/lt\/"},{"@type":"ListItem","position":2,"name":"Nuomon\u0117s formuotojo u\u017eklausa"}]},{"@type":"WebSite","@id":"https:\/\/energylandia.pl\/#website","url":"https:\/\/energylandia.pl\/","name":"ENERGYLANDIA - Rodzinny Park Rozrywki w Zatorze","description":"ENERGYLANDIA - najwi\u0119kszy rodzinny Park Rozrywki w Polsce!","publisher":{"@id":"https:\/\/energylandia.pl\/#organization"},"potentialAction":[{"@type":"SearchAction","target":{"@type":"EntryPoint","urlTemplate":"https:\/\/energylandia.pl\/?s={search_term_string}"},"query-input":"required name=search_term_string"}],"inLanguage":"lt-LT"},{"@type":"Organization","@id":"https:\/\/energylandia.pl\/#organization","name":"Energylandia","url":"https:\/\/energylandia.pl\/","logo":{"@type":"ImageObject","inLanguage":"lt-LT","@id":"https:\/\/energylandia.pl\/#\/schema\/logo\/image\/","url":"","contentUrl":"","caption":"Energylandia"},"image":{"@id":"https:\/\/energylandia.pl\/#\/schema\/logo\/image\/"},"sameAs":["https:\/\/www.facebook.com\/EnergyLandia","https:\/\/www.youtube.com\/channel\/UCPj-Bs4Pfub_Bm04BOfyDoA","https:\/\/vm.tiktok.com\/Tw7YAK\/"]}]}},"_links":{"self":[{"href":"https:\/\/energylandia.pl\/lt\/wp-json\/wp\/v2\/pages\/292008"}],"collection":[{"href":"https:\/\/energylandia.pl\/lt\/wp-json\/wp\/v2\/pages"}],"about":[{"href":"https:\/\/energylandia.pl\/lt\/wp-json\/wp\/v2\/types\/page"}],"author":[{"embeddable":true,"href":"https:\/\/energylandia.pl\/lt\/wp-json\/wp\/v2\/users\/26"}],"replies":[{"embeddable":true,"href":"https:\/\/energylandia.pl\/lt\/wp-json\/wp\/v2\/comments?post=292008"}],"version-history":[{"count":2,"href":"https:\/\/energylandia.pl\/lt\/wp-json\/wp\/v2\/pages\/292008\/revisions"}],"predecessor-version":[{"id":305676,"href":"https:\/\/energylandia.pl\/lt\/wp-json\/wp\/v2\/pages\/292008\/revisions\/305676"}],"wp:attachment":[{"href":"https:\/\/energylandia.pl\/lt\/wp-json\/wp\/v2\/media?parent=292008"}],"curies":[{"name":"wp","href":"https:\/\/api.w.org\/{rel}","templated":true}]}}