{"id":157005,"date":"2022-04-13T18:03:44","date_gmt":"2022-04-13T16:03:44","guid":{"rendered":"https:\/\/n.energylandia.pl\/urodziny-w-energylandii\/"},"modified":"2026-03-05T09:24:14","modified_gmt":"2026-03-05T08:24:14","slug":"urodziny-w-energylandii","status":"publish","type":"page","link":"https:\/\/energylandia.pl\/lt\/urodziny-w-energylandii\/","title":{"rendered":"Gimtadienis"},"content":{"rendered":"\n<div class=\"wpcf7 no-js\" id=\"wpcf7-f291602-o1\" lang=\"lt-LT\" dir=\"ltr\">\n<div class=\"screen-reader-response\"><p role=\"status\" aria-live=\"polite\" aria-atomic=\"true\"><\/p> <ul><\/ul><\/div>\n<form action=\"\/lt\/wp-json\/wp\/v2\/pages\/157005#wpcf7-f291602-o1\" method=\"post\" class=\"wpcf7-form init wpcf7-acceptance-as-validation\" aria-label=\"Formularz kontaktowy\" novalidate=\"novalidate\" data-status=\"init\">\n<div style=\"display: none;\">\n<input type=\"hidden\" name=\"_wpcf7\" value=\"291602\" \/>\n<input type=\"hidden\" name=\"_wpcf7_version\" value=\"5.7.7\" \/>\n<input type=\"hidden\" name=\"_wpcf7_locale\" value=\"lt_LT\" \/>\n<input type=\"hidden\" name=\"_wpcf7_unit_tag\" value=\"wpcf7-f291602-o1\" \/>\n<input type=\"hidden\" name=\"_wpcf7_container_post\" value=\"0\" \/>\n<input type=\"hidden\" name=\"_wpcf7_posted_data_hash\" value=\"\" \/>\n<input type=\"hidden\" name=\"_wpcf7cf_hidden_group_fields\" value=\"[]\" \/>\n<input type=\"hidden\" name=\"_wpcf7cf_hidden_groups\" value=\"[]\" \/>\n<input type=\"hidden\" name=\"_wpcf7cf_visible_groups\" value=\"[]\" \/>\n<input type=\"hidden\" name=\"_wpcf7cf_repeaters\" value=\"[]\" \/>\n<input type=\"hidden\" name=\"_wpcf7cf_steps\" value=\"{}\" \/>\n<input type=\"hidden\" name=\"_wpcf7cf_options\" value=\"{&quot;form_id&quot;:291602,&quot;conditions&quot;:[],&quot;settings&quot;:{&quot;animation&quot;:&quot;yes&quot;,&quot;animation_intime&quot;:200,&quot;animation_outtime&quot;:200,&quot;conditions_ui&quot;:&quot;normal&quot;,&quot;notice_dismissed&quot;:false}}\" \/>\n<input type=\"hidden\" name=\"_wpcf7_recaptcha_response\" value=\"\" \/>\n<\/div>\n<div class=\"row\">\n    <div class=\"col-12\">\n        <div class=\"form-group\">\n            <label>Vakar\u0117lio data <span class=\"plm-required-field\">*<\/span><\/label>\n            <span class=\"wpcf7-form-control-wrap\" data-name=\"data_przyjecia\"><input class=\"wpcf7-form-control wpcf7-date wpcf7-validates-as-required wpcf7-validates-as-date form-control\" min=\"2026-04-13\" aria-required=\"true\" aria-invalid=\"false\" value=\"2026-04-13\" type=\"date\" name=\"data_przyjecia\" \/><\/span>\n        <\/div>\n    <\/div>\n<\/div>\n<div class=\"row\">\n    <div class=\"col-md-6\">\n        <div class=\"form-group\">\n            <label>Gimtadien\u012f \u0161ven\u010dian\u010dio asmens vardas <span class=\"plm-required-field\">*<\/span><\/label>\n            <span class=\"wpcf7-form-control-wrap\" data-name=\"imie_solenizanta\"><input size=\"40\" class=\"wpcf7-form-control wpcf7-text wpcf7-validates-as-required form-control\" aria-required=\"true\" aria-invalid=\"false\" placeholder=\"Gimtadien\u012f \u0161ven\u010dian\u010dio asmens vardas\" value=\"\" type=\"text\" name=\"imie_solenizanta\" \/><\/span>\n        <\/div>\n    <\/div>\n    <div class=\"col-md-6\">\n        <div class=\"form-group\">\n            <label>Gimtadienio \u0161ven\u010dian\u010dio asmens am\u017eius <span class=\"plm-required-field\">*<\/span><\/label>\n            <span class=\"wpcf7-form-control-wrap\" data-name=\"wiek_solenizanta\"><input class=\"wpcf7-form-control wpcf7-number wpcf7-validates-as-required wpcf7-validates-as-number form-control\" min=\"0\" max=\"18\" aria-required=\"true\" aria-invalid=\"false\" placeholder=\"Gimtadienio \u0161ven\u010dian\u010dio asmens am\u017eius\" value=\"\" type=\"number\" name=\"wiek_solenizanta\" \/><\/span>\n        <\/div>\n    <\/div>\n<\/div>\n<hr class=\"horizontal dark\" \/>\n<div class=\"row\">\n    <div class=\"col-12\">\n        <div class=\"form-group\">\n            <p>Lydintis asmuo<\/p>\n        <\/div>\n    <\/div>\n<\/div>\n<div class=\"row\">\n    <div class=\"col-md-6\">\n        <div class=\"form-group\">\n            <label>Lydin\u010dio asmens vardas <span class=\"plm-required-field\">*<\/span><\/label>\n            <span class=\"wpcf7-form-control-wrap\" data-name=\"imie_opiekun\"><input size=\"40\" class=\"wpcf7-form-control wpcf7-text wpcf7-validates-as-required form-control\" autocomplete=\"given-name\" aria-required=\"true\" aria-invalid=\"false\" placeholder=\"Lydin\u010dio asmens vardas\" value=\"\" type=\"text\" name=\"imie_opiekun\" \/><\/span>\n        <\/div>\n    <\/div>\n    <div class=\"col-md-6\">\n        <div class=\"form-group\">\n            <label>Lydin\u010dio asmens pavard\u0117 <span class=\"plm-required-field\">*<\/span><\/label>\n            <span class=\"wpcf7-form-control-wrap\" data-name=\"nazwisko_opiekun\"><input size=\"40\" class=\"wpcf7-form-control wpcf7-text wpcf7-validates-as-required form-control\" autocomplete=\"family-name\" aria-required=\"true\" aria-invalid=\"false\" placeholder=\"Lydin\u010dio asmens pavard\u0117\" value=\"\" type=\"text\" name=\"nazwisko_opiekun\" \/><\/span>\n        <\/div>\n    <\/div>\n<\/div>\n<div class=\"row\">\n    <div class=\"col-md-6\">\n        <div class=\"form-group\">\n            <label>El. pa\u0161tas <span class=\"plm-required-field\">*<\/span><\/label>\n            <span class=\"wpcf7-form-control-wrap\" data-name=\"email_opiekun\"><input size=\"40\" class=\"wpcf7-form-control wpcf7-text wpcf7-email wpcf7-validates-as-required wpcf7-validates-as-email form-control\" autocomplete=\"email\" aria-required=\"true\" aria-invalid=\"false\" placeholder=\"El. pa\u0161tas\" value=\"\" type=\"email\" name=\"email_opiekun\" \/><\/span>\n        <\/div>\n    <\/div>\n    <div class=\"col-md-6\">\n        <div class=\"form-group\">\n            <label>Telefono numeris <span class=\"plm-required-field\">*<\/span><\/label>\n            <span class=\"wpcf7-form-control-wrap\" data-name=\"telefon_opiekun\"><input size=\"40\" class=\"wpcf7-form-control wpcf7-text wpcf7-tel wpcf7-validates-as-required wpcf7-validates-as-tel form-control\" autocomplete=\"tel\" aria-required=\"true\" aria-invalid=\"false\" placeholder=\"Telefono numeris\" value=\"\" type=\"tel\" name=\"telefon_opiekun\" \/><\/span>\n        <\/div>\n    <\/div>\n<\/div>\n<hr class=\"horizontal dark\" \/>\n<div class=\"table-responsive\">\n    <table class=\"table\">\n        <thead>\n            <tr>\n                <th class=\"col-6 align-middle text-start ps-0\"><label>Bilietas<\/label><\/th>\n                <th class=\"align-middle text-end pe-2\">Kaina<\/th>\n                <th class=\"align-middle text-end pe-0\"> Kiekis<\/th>\n            <\/tr>\n        <\/thead>\n        <tbody>\n            <tr>\n                <td class=\"align-middle text-start ps-0\"><label>Bilietas \u0161ven\u010dian\u010diam<\/label><\/td>\n                <td class=\"align-middle text-end pe-2\">1<span class=\"text-sm\">pln<\/span><\/td>\n                <td class=\"align-middle text-end pe-0\"><span class=\"wpcf7-form-control-wrap\" data-name=\"ilosc_solenizant\"><input class=\"wpcf7-form-control wpcf7-number wpcf7-validates-as-required wpcf7-validates-as-number form-control text-end\" min=\"0\" max=\"100\" aria-required=\"true\" aria-invalid=\"false\" value=\"0\" type=\"number\" name=\"ilosc_solenizant\" \/><\/span><\/td>\n            <\/tr>\n            <tr>\n                <td class=\"align-middle text-start ps-0\"><label>Gimtadienio paketas<\/label><\/td>\n                <td class=\"align-middle text-end pe-2\">1999<span class=\"text-sm\">pln<\/span><\/td>\n                <td class=\"align-middle text-end pe-0\"><span class=\"wpcf7-form-control-wrap\" data-name=\"ilosc_pakiet_urodzinowy\"><input class=\"wpcf7-form-control wpcf7-number wpcf7-validates-as-number form-control text-end\" min=\"0\" max=\"1\" aria-invalid=\"false\" value=\"0\" type=\"number\" name=\"ilosc_pakiet_urodzinowy\" \/><\/span><\/td>\n            <\/tr>\n            <tr>\n                <td class=\"align-middle text-start ps-0\"><label>Papildomas dalyvis iki 12 met\u0173<\/label><\/td>\n                <td class=\"align-middle text-end pe-2\">199<span class=\"text-sm\">pln<\/span><\/td>\n                <td class=\"align-middle text-end pe-0\"><span class=\"wpcf7-form-control-wrap\" data-name=\"ilosc_dodatkowych_do_12\"><input class=\"wpcf7-form-control wpcf7-number wpcf7-validates-as-number form-control text-end\" min=\"0\" max=\"100\" aria-invalid=\"false\" value=\"0\" type=\"number\" name=\"ilosc_dodatkowych_do_12\" \/><\/span><\/td>\n            <\/tr>\n            <tr>\n                <td class=\"align-middle text-start ps-0\"><label>Papildomas dalyvis, vyresnis nei 12 met\u0173<\/label><\/td>\n                <td class=\"align-middle text-end pe-2\">249<span class=\"text-sm\">pln<\/span><\/td>\n                <td class=\"align-middle text-end pe-0\"><span class=\"wpcf7-form-control-wrap\" data-name=\"ilosc_dodatkowych_od_12\"><input class=\"wpcf7-form-control wpcf7-number wpcf7-validates-as-number form-control text-end\" min=\"0\" max=\"100\" aria-invalid=\"false\" value=\"0\" type=\"number\" name=\"ilosc_dodatkowych_od_12\" \/><\/span><\/td>\n            <\/tr>\n        <\/tbody>\n    <\/table>\n<\/div>\n<hr class=\"horizontal dark\" \/>\n<div class=\"row\">\n    <div class=\"col-12\">\n        <p>Paketo maksimal\u0173 dalyvi\u0173 skai\u010di\u0173 sudaro gimtadien\u012f \u0161ven\u010diantis asmuo ir 8 \u017emon\u0117s, \u012fskaitant ne daugiau kaip 4 lydin\u010dius asmenis. Gimtadieniai rengiami savait\u0119 prie\u0161 arba po gimtadienio.<\/p>\n    <\/div>\n<\/div>\n<hr class=\"horizontal dark\" \/>\n<div class=\"row\">\n    <div class=\"col-md-6\">\n        <div class=\"form-group\">\n            <label>Tortas <span class=\"plm-required-field\">*<\/span><\/label>\n            <span class=\"wpcf7-form-control-wrap\" data-name=\"urodziny-tort\"><select class=\"wpcf7-form-control wpcf7-select wpcf7-validates-as-required form-control\" id=\"urodziny-tort-en\" aria-required=\"true\" aria-invalid=\"false\" name=\"urodziny-tort\"><option value=\"\">\u2014Pra\u0161ome pasirinkti\u2014<\/option><option value=\"Cake Energu\u015b\">Cake Energu\u015b<\/option><option value=\"Cake Sissi\">Cake Sissi<\/option><option value=\"Cake Leo\u015b\">Cake Leo\u015b<\/option><\/select><\/span>\n        <\/div>\n    <\/div>\n    <div class=\"col-md-6\">\n        <div class=\"form-group\">\n            <label>Ar norite i\u0161si\u0173sti nemokam\u0173 kvietim\u0173 paket\u0105? <span class=\"plm-required-field\">*<\/span><\/label>\n            <span class=\"wpcf7-form-control-wrap\" data-name=\"urodziny-pakiet_zaproszen\"><select class=\"wpcf7-form-control wpcf7-select wpcf7-validates-as-required form-control\" id=\"urodziny-pakiet_zaproszen-en\" aria-required=\"true\" aria-invalid=\"false\" name=\"urodziny-pakiet_zaproszen\"><option value=\"\">\u2014Pra\u0161ome pasirinkti\u2014<\/option><option value=\"Yes\">Yes<\/option><option value=\"No\">No<\/option><\/select><\/span>\n        <\/div>\n    <\/div>\n<\/div>\n<hr class=\"horizontal dark\" \/>\n<div class=\"row\">\n    <div class=\"col-12\">\n        <div class=\"form-group\">\n            <label>Komentar\u0173 laukelis<\/label>\n            <span class=\"wpcf7-form-control-wrap\" data-name=\"uwagi\"><textarea cols=\"40\" rows=\"4\" class=\"wpcf7-form-control wpcf7-textarea form-control\" aria-invalid=\"false\" placeholder=\"Komentar\u0173 laukelis\" name=\"uwagi\"><\/textarea><\/span>\n        <\/div>\n    <\/div>\n<\/div>\n<div class=\"row\">\n    <div class=\"col-12\">\n        <div class=\"form-check form-switch\">\n            <span class=\"wpcf7-form-control-wrap\" data-name=\"acceptance-408\"><span class=\"wpcf7-form-control wpcf7-acceptance\"><span class=\"wpcf7-list-item\"><label><input type=\"checkbox\" name=\"acceptance-408\" value=\"1\" class=\"form-check-input\" aria-invalid=\"false\" \/><span class=\"wpcf7-list-item-label\">A\u0161 perskai\u010diau ir sutinku <a href=\"\/o-nas\/polityka-prywatnosci\/\" target=\"_blank\">Privatumo politika<\/a>. <span class=\"plm-required-field\">*<\/span><\/span><\/label><\/span><\/span><\/span>\n        <\/div>\n    <\/div>\n<\/div>\n<div class=\"row\">\n    <div class=\"col-12 mx-auto text-center\">\n        <input class=\"wpcf7-form-control has-spinner wpcf7-submit btn btn-primary\" type=\"submit\" value=\"Pateikti u\u017esakym\u0105\" \/>\n    <\/div>\n<\/div><div class=\"wpcf7-response-output\" aria-hidden=\"true\"><\/div>\n<\/form>\n<\/div>\n\n","protected":false},"excerpt":{"rendered":"","protected":false},"author":28,"featured_media":0,"parent":0,"menu_order":347,"comment_status":"closed","ping_status":"closed","template":"templates\/bilet-single.php","meta":{"footnotes":""},"acf":[],"yoast_head":"<!-- This site is optimized with the Yoast SEO plugin v20.9 - https:\/\/yoast.com\/wordpress\/plugins\/seo\/ -->\n<title>Gimtadienis - ENERGYLANDIA - Rodzinny Park Rozrywki w Zatorze<\/title>\n<meta name=\"robots\" content=\"index, follow, max-snippet:-1, max-image-preview:large, max-video-preview:-1\" \/>\n<meta property=\"og:locale\" content=\"lt_LT\" \/>\n<meta property=\"og:type\" content=\"article\" \/>\n<meta property=\"og:title\" content=\"Gimtadienis - ENERGYLANDIA - Rodzinny Park Rozrywki w Zatorze\" \/>\n<meta property=\"og:url\" content=\"https:\/\/energylandia.pl\/lt\/urodziny-w-energylandii\/\" \/>\n<meta property=\"og:site_name\" content=\"ENERGYLANDIA - Rodzinny Park Rozrywki w Zatorze\" \/>\n<meta property=\"article:publisher\" content=\"https:\/\/www.facebook.com\/EnergyLandia\" \/>\n<meta property=\"article:modified_time\" content=\"2026-03-05T08:24:14+00:00\" \/>\n<meta name=\"twitter:card\" content=\"summary_large_image\" \/>\n<meta name=\"twitter:label1\" content=\"Est. reading time\" \/>\n\t<meta name=\"twitter:data1\" content=\"1 minut\u0117\" \/>\n<script type=\"application\/ld+json\" class=\"yoast-schema-graph\">{\"@context\":\"https:\/\/schema.org\",\"@graph\":[{\"@type\":\"WebPage\",\"@id\":\"https:\/\/energylandia.pl\/lt\/urodziny-w-energylandii\/\",\"url\":\"https:\/\/energylandia.pl\/lt\/urodziny-w-energylandii\/\",\"name\":\"Gimtadienis - ENERGYLANDIA - Rodzinny Park Rozrywki w Zatorze\",\"isPartOf\":{\"@id\":\"https:\/\/energylandia.pl\/#website\"},\"datePublished\":\"2022-04-13T16:03:44+00:00\",\"dateModified\":\"2026-03-05T08:24:14+00:00\",\"breadcrumb\":{\"@id\":\"https:\/\/energylandia.pl\/lt\/urodziny-w-energylandii\/#breadcrumb\"},\"inLanguage\":\"lt-LT\",\"potentialAction\":[{\"@type\":\"ReadAction\",\"target\":[\"https:\/\/energylandia.pl\/lt\/urodziny-w-energylandii\/\"]}]},{\"@type\":\"BreadcrumbList\",\"@id\":\"https:\/\/energylandia.pl\/lt\/urodziny-w-energylandii\/#breadcrumb\",\"itemListElement\":[{\"@type\":\"ListItem\",\"position\":1,\"name\":\"Strona g\u0142\u00f3wna\",\"item\":\"https:\/\/energylandia.pl\/lt\/\"},{\"@type\":\"ListItem\",\"position\":2,\"name\":\"Gimtadienis\"}]},{\"@type\":\"WebSite\",\"@id\":\"https:\/\/energylandia.pl\/#website\",\"url\":\"https:\/\/energylandia.pl\/\",\"name\":\"ENERGYLANDIA - Rodzinny Park Rozrywki w Zatorze\",\"description\":\"ENERGYLANDIA - najwi\u0119kszy rodzinny Park Rozrywki w Polsce!\",\"publisher\":{\"@id\":\"https:\/\/energylandia.pl\/#organization\"},\"potentialAction\":[{\"@type\":\"SearchAction\",\"target\":{\"@type\":\"EntryPoint\",\"urlTemplate\":\"https:\/\/energylandia.pl\/?s={search_term_string}\"},\"query-input\":\"required name=search_term_string\"}],\"inLanguage\":\"lt-LT\"},{\"@type\":\"Organization\",\"@id\":\"https:\/\/energylandia.pl\/#organization\",\"name\":\"Energylandia\",\"url\":\"https:\/\/energylandia.pl\/\",\"logo\":{\"@type\":\"ImageObject\",\"inLanguage\":\"lt-LT\",\"@id\":\"https:\/\/energylandia.pl\/#\/schema\/logo\/image\/\",\"url\":\"\",\"contentUrl\":\"\",\"caption\":\"Energylandia\"},\"image\":{\"@id\":\"https:\/\/energylandia.pl\/#\/schema\/logo\/image\/\"},\"sameAs\":[\"https:\/\/www.facebook.com\/EnergyLandia\",\"https:\/\/www.youtube.com\/channel\/UCPj-Bs4Pfub_Bm04BOfyDoA\",\"https:\/\/vm.tiktok.com\/Tw7YAK\/\"]}]}<\/script>\n<!-- \/ Yoast SEO plugin. -->","yoast_head_json":{"title":"Gimtadienis - ENERGYLANDIA - Rodzinny Park Rozrywki w Zatorze","robots":{"index":"index","follow":"follow","max-snippet":"max-snippet:-1","max-image-preview":"max-image-preview:large","max-video-preview":"max-video-preview:-1"},"og_locale":"lt_LT","og_type":"article","og_title":"Gimtadienis - ENERGYLANDIA - Rodzinny Park Rozrywki w Zatorze","og_url":"https:\/\/energylandia.pl\/lt\/urodziny-w-energylandii\/","og_site_name":"ENERGYLANDIA - Rodzinny Park Rozrywki w Zatorze","article_publisher":"https:\/\/www.facebook.com\/EnergyLandia","article_modified_time":"2026-03-05T08:24:14+00:00","twitter_card":"summary_large_image","twitter_misc":{"Est. reading time":"1 minut\u0117"},"schema":{"@context":"https:\/\/schema.org","@graph":[{"@type":"WebPage","@id":"https:\/\/energylandia.pl\/lt\/urodziny-w-energylandii\/","url":"https:\/\/energylandia.pl\/lt\/urodziny-w-energylandii\/","name":"Gimtadienis - ENERGYLANDIA - Rodzinny Park Rozrywki w Zatorze","isPartOf":{"@id":"https:\/\/energylandia.pl\/#website"},"datePublished":"2022-04-13T16:03:44+00:00","dateModified":"2026-03-05T08:24:14+00:00","breadcrumb":{"@id":"https:\/\/energylandia.pl\/lt\/urodziny-w-energylandii\/#breadcrumb"},"inLanguage":"lt-LT","potentialAction":[{"@type":"ReadAction","target":["https:\/\/energylandia.pl\/lt\/urodziny-w-energylandii\/"]}]},{"@type":"BreadcrumbList","@id":"https:\/\/energylandia.pl\/lt\/urodziny-w-energylandii\/#breadcrumb","itemListElement":[{"@type":"ListItem","position":1,"name":"Strona g\u0142\u00f3wna","item":"https:\/\/energylandia.pl\/lt\/"},{"@type":"ListItem","position":2,"name":"Gimtadienis"}]},{"@type":"WebSite","@id":"https:\/\/energylandia.pl\/#website","url":"https:\/\/energylandia.pl\/","name":"ENERGYLANDIA - Rodzinny Park Rozrywki w Zatorze","description":"ENERGYLANDIA - najwi\u0119kszy rodzinny Park Rozrywki w Polsce!","publisher":{"@id":"https:\/\/energylandia.pl\/#organization"},"potentialAction":[{"@type":"SearchAction","target":{"@type":"EntryPoint","urlTemplate":"https:\/\/energylandia.pl\/?s={search_term_string}"},"query-input":"required name=search_term_string"}],"inLanguage":"lt-LT"},{"@type":"Organization","@id":"https:\/\/energylandia.pl\/#organization","name":"Energylandia","url":"https:\/\/energylandia.pl\/","logo":{"@type":"ImageObject","inLanguage":"lt-LT","@id":"https:\/\/energylandia.pl\/#\/schema\/logo\/image\/","url":"","contentUrl":"","caption":"Energylandia"},"image":{"@id":"https:\/\/energylandia.pl\/#\/schema\/logo\/image\/"},"sameAs":["https:\/\/www.facebook.com\/EnergyLandia","https:\/\/www.youtube.com\/channel\/UCPj-Bs4Pfub_Bm04BOfyDoA","https:\/\/vm.tiktok.com\/Tw7YAK\/"]}]}},"_links":{"self":[{"href":"https:\/\/energylandia.pl\/lt\/wp-json\/wp\/v2\/pages\/157005"}],"collection":[{"href":"https:\/\/energylandia.pl\/lt\/wp-json\/wp\/v2\/pages"}],"about":[{"href":"https:\/\/energylandia.pl\/lt\/wp-json\/wp\/v2\/types\/page"}],"author":[{"embeddable":true,"href":"https:\/\/energylandia.pl\/lt\/wp-json\/wp\/v2\/users\/28"}],"replies":[{"embeddable":true,"href":"https:\/\/energylandia.pl\/lt\/wp-json\/wp\/v2\/comments?post=157005"}],"version-history":[{"count":2,"href":"https:\/\/energylandia.pl\/lt\/wp-json\/wp\/v2\/pages\/157005\/revisions"}],"predecessor-version":[{"id":305290,"href":"https:\/\/energylandia.pl\/lt\/wp-json\/wp\/v2\/pages\/157005\/revisions\/305290"}],"wp:attachment":[{"href":"https:\/\/energylandia.pl\/lt\/wp-json\/wp\/v2\/media?parent=157005"}],"curies":[{"name":"wp","href":"https:\/\/api.w.org\/{rel}","templated":true}]}}