{"id":157002,"date":"2016-02-17T13:04:19","date_gmt":"2016-02-17T12:04:19","guid":{"rendered":"https:\/\/n.energylandia.pl\/biura-podrozy-i-hotele\/"},"modified":"2026-02-27T08:34:27","modified_gmt":"2026-02-27T07:34:27","slug":"biura-podrozy-i-hotele","status":"publish","type":"page","link":"https:\/\/energylandia.pl\/lt\/biura-podrozy-i-hotele\/","title":{"rendered":"Kelioni\u0173 agent\u016bros ir vie\u0161bu\u010diai"},"content":{"rendered":"<p><img decoding=\"async\" class=\"alignnone wp-image-122043 size-full\" src=\"https:\/\/energylandia.pl\/wp-content\/uploads\/2024\/06\/biura_podrozy_hotele_lt.jpg\" alt=\"\" width=\"1200\" height=\"628\" \/><\/p>\n<hr \/>\n<h4 style=\"text-align: center;\"><strong>Kvie\u010diame kelioni\u0173 agent\u016br\u0173, vie\u0161bu\u010di\u0173, apgyvendinimo \u012fstaig\u0173 ir turizmo centr\u0173 savininkus bendradarbiauti.<\/strong><\/h4>\n<hr \/>\n<p>Si\u016blome jums pasira\u0161yti <strong>agent\u016bros sutart\u012f<\/strong> d\u0117l biliet\u0173 pardavimo \u012f \u201eEnergylandia&#8221;.<br \/>\nAgent\u016bros sutarties pasira\u0161ymo privalumai:<\/p>\n<ul>\n<li>Bendradarbiavimas su Nr. 1 kalneli\u0173 parku pasaulyje (pagal rcdb.com)<\/li>\n<li>j\u016bs\u0173 pasi\u016blos prapl\u0117timas<\/li>\n<li>biliet\u0173 \u012f park\u0105 pardavimas specialiomis kainomis j\u016bs\u0173 sve\u010diams<\/li>\n<li>Atvir\u0173 dur\u0173 dienos partneriams &#8211; po sutarties pasira\u0161ymo gausite prieig\u0105 prie partneri\u0173 panel\u0117s, leid\u017eian\u010dios greitai \u012fsigyti bilietus bet kuriuo metu ir reikalingas med\u017eiagas parko reklamavimui.<\/li>\n<\/ul>\n<hr \/>\n","protected":false},"excerpt":{"rendered":"<p>Kvie\u010diame kelioni\u0173 agent\u016br\u0173, vie\u0161bu\u010di\u0173, apgyvendinimo \u012fstaig\u0173 ir turizmo centr\u0173 savininkus bendradarbiauti. Si\u016blome jums pasira\u0161yti agent\u016bros sutart\u012f d\u0117l biliet\u0173 pardavimo \u012f \u201eEnergylandia&#8221;. Agent\u016bros sutarties pasira\u0161ymo privalumai: Bendradarbiavimas su Nr. 1 kalneli\u0173 parku pasaulyje (pagal rcdb.com) j\u016bs\u0173 pasi\u016blos prapl\u0117timas biliet\u0173 \u012f park\u0105 pardavimas specialiomis kainomis j\u016bs\u0173 sve\u010diams Atvir\u0173 dur\u0173 dienos partneriams &#8211; po sutarties pasira\u0161ymo gausite prieig\u0105 [&hellip;]<\/p>\n","protected":false},"author":36,"featured_media":0,"parent":0,"menu_order":432,"comment_status":"closed","ping_status":"closed","template":"templates\/bilet-single-hotele.php","meta":{"footnotes":""},"class_list":["post-157002","page","type-page","status-publish","hentry"],"acf":[],"yoast_head":"<!-- This site is optimized with the Yoast SEO plugin v20.9 - https:\/\/yoast.com\/wordpress\/plugins\/seo\/ -->\n<title>Kelioni\u0173 agent\u016bros ir vie\u0161bu\u010diai - ENERGYLANDIA - Rodzinny Park Rozrywki w Zatorze<\/title>\n<meta name=\"robots\" content=\"index, follow, max-snippet:-1, max-image-preview:large, max-video-preview:-1\" \/>\n<meta property=\"og:locale\" content=\"lt_LT\" \/>\n<meta property=\"og:type\" content=\"article\" \/>\n<meta property=\"og:title\" content=\"Kelioni\u0173 agent\u016bros ir vie\u0161bu\u010diai - ENERGYLANDIA - Rodzinny Park Rozrywki w Zatorze\" \/>\n<meta property=\"og:description\" content=\"Kvie\u010diame kelioni\u0173 agent\u016br\u0173, vie\u0161bu\u010di\u0173, apgyvendinimo \u012fstaig\u0173 ir turizmo centr\u0173 savininkus bendradarbiauti. Si\u016blome jums pasira\u0161yti agent\u016bros sutart\u012f d\u0117l biliet\u0173 pardavimo \u012f \u201eEnergylandia&#8221;. Agent\u016bros sutarties pasira\u0161ymo privalumai: Bendradarbiavimas su Nr. 1 kalneli\u0173 parku pasaulyje (pagal rcdb.com) j\u016bs\u0173 pasi\u016blos prapl\u0117timas biliet\u0173 \u012f park\u0105 pardavimas specialiomis kainomis j\u016bs\u0173 sve\u010diams Atvir\u0173 dur\u0173 dienos partneriams &#8211; po sutarties pasira\u0161ymo gausite prieig\u0105 [&hellip;]\" \/>\n<meta property=\"og:url\" content=\"https:\/\/energylandia.pl\/lt\/biura-podrozy-i-hotele\/\" \/>\n<meta property=\"og:site_name\" content=\"ENERGYLANDIA - Rodzinny Park Rozrywki w Zatorze\" \/>\n<meta property=\"article:publisher\" content=\"https:\/\/www.facebook.com\/EnergyLandia\" \/>\n<meta property=\"article:modified_time\" content=\"2026-02-27T07:34:27+00:00\" \/>\n<meta property=\"og:image\" content=\"https:\/\/energylandia.pl\/wp-content\/uploads\/2024\/06\/biura_podrozy_hotele_lt.jpg\" \/>\n<meta name=\"twitter:card\" content=\"summary_large_image\" \/>\n<meta name=\"twitter:label1\" content=\"Est. reading time\" \/>\n\t<meta name=\"twitter:data1\" content=\"1 minut\u0117\" \/>\n<script type=\"application\/ld+json\" class=\"yoast-schema-graph\">{\"@context\":\"https:\/\/schema.org\",\"@graph\":[{\"@type\":\"WebPage\",\"@id\":\"https:\/\/energylandia.pl\/lt\/biura-podrozy-i-hotele\/\",\"url\":\"https:\/\/energylandia.pl\/lt\/biura-podrozy-i-hotele\/\",\"name\":\"Kelioni\u0173 agent\u016bros ir vie\u0161bu\u010diai - ENERGYLANDIA - Rodzinny Park Rozrywki w Zatorze\",\"isPartOf\":{\"@id\":\"https:\/\/energylandia.pl\/#website\"},\"datePublished\":\"2016-02-17T12:04:19+00:00\",\"dateModified\":\"2026-02-27T07:34:27+00:00\",\"breadcrumb\":{\"@id\":\"https:\/\/energylandia.pl\/lt\/biura-podrozy-i-hotele\/#breadcrumb\"},\"inLanguage\":\"lt-LT\",\"potentialAction\":[{\"@type\":\"ReadAction\",\"target\":[\"https:\/\/energylandia.pl\/lt\/biura-podrozy-i-hotele\/\"]}]},{\"@type\":\"BreadcrumbList\",\"@id\":\"https:\/\/energylandia.pl\/lt\/biura-podrozy-i-hotele\/#breadcrumb\",\"itemListElement\":[{\"@type\":\"ListItem\",\"position\":1,\"name\":\"Strona g\u0142\u00f3wna\",\"item\":\"https:\/\/energylandia.pl\/lt\/\"},{\"@type\":\"ListItem\",\"position\":2,\"name\":\"Kelioni\u0173 agent\u016bros ir vie\u0161bu\u010diai\"}]},{\"@type\":\"WebSite\",\"@id\":\"https:\/\/energylandia.pl\/#website\",\"url\":\"https:\/\/energylandia.pl\/\",\"name\":\"ENERGYLANDIA - Rodzinny Park Rozrywki w Zatorze\",\"description\":\"ENERGYLANDIA - najwi\u0119kszy rodzinny Park Rozrywki w Polsce!\",\"publisher\":{\"@id\":\"https:\/\/energylandia.pl\/#organization\"},\"potentialAction\":[{\"@type\":\"SearchAction\",\"target\":{\"@type\":\"EntryPoint\",\"urlTemplate\":\"https:\/\/energylandia.pl\/?s={search_term_string}\"},\"query-input\":\"required name=search_term_string\"}],\"inLanguage\":\"lt-LT\"},{\"@type\":\"Organization\",\"@id\":\"https:\/\/energylandia.pl\/#organization\",\"name\":\"Energylandia\",\"url\":\"https:\/\/energylandia.pl\/\",\"logo\":{\"@type\":\"ImageObject\",\"inLanguage\":\"lt-LT\",\"@id\":\"https:\/\/energylandia.pl\/#\/schema\/logo\/image\/\",\"url\":\"\",\"contentUrl\":\"\",\"caption\":\"Energylandia\"},\"image\":{\"@id\":\"https:\/\/energylandia.pl\/#\/schema\/logo\/image\/\"},\"sameAs\":[\"https:\/\/www.facebook.com\/EnergyLandia\",\"https:\/\/www.youtube.com\/channel\/UCPj-Bs4Pfub_Bm04BOfyDoA\",\"https:\/\/vm.tiktok.com\/Tw7YAK\/\"]}]}<\/script>\n<!-- \/ Yoast SEO plugin. -->","yoast_head_json":{"title":"Kelioni\u0173 agent\u016bros ir vie\u0161bu\u010diai - ENERGYLANDIA - Rodzinny Park Rozrywki w Zatorze","robots":{"index":"index","follow":"follow","max-snippet":"max-snippet:-1","max-image-preview":"max-image-preview:large","max-video-preview":"max-video-preview:-1"},"og_locale":"lt_LT","og_type":"article","og_title":"Kelioni\u0173 agent\u016bros ir vie\u0161bu\u010diai - ENERGYLANDIA - Rodzinny Park Rozrywki w Zatorze","og_description":"Kvie\u010diame kelioni\u0173 agent\u016br\u0173, vie\u0161bu\u010di\u0173, apgyvendinimo \u012fstaig\u0173 ir turizmo centr\u0173 savininkus bendradarbiauti. Si\u016blome jums pasira\u0161yti agent\u016bros sutart\u012f d\u0117l biliet\u0173 pardavimo \u012f \u201eEnergylandia&#8221;. Agent\u016bros sutarties pasira\u0161ymo privalumai: Bendradarbiavimas su Nr. 1 kalneli\u0173 parku pasaulyje (pagal rcdb.com) j\u016bs\u0173 pasi\u016blos prapl\u0117timas biliet\u0173 \u012f park\u0105 pardavimas specialiomis kainomis j\u016bs\u0173 sve\u010diams Atvir\u0173 dur\u0173 dienos partneriams &#8211; po sutarties pasira\u0161ymo gausite prieig\u0105 [&hellip;]","og_url":"https:\/\/energylandia.pl\/lt\/biura-podrozy-i-hotele\/","og_site_name":"ENERGYLANDIA - Rodzinny Park Rozrywki w Zatorze","article_publisher":"https:\/\/www.facebook.com\/EnergyLandia","article_modified_time":"2026-02-27T07:34:27+00:00","og_image":[{"url":"https:\/\/energylandia.pl\/wp-content\/uploads\/2024\/06\/biura_podrozy_hotele_lt.jpg"}],"twitter_card":"summary_large_image","twitter_misc":{"Est. reading time":"1 minut\u0117"},"schema":{"@context":"https:\/\/schema.org","@graph":[{"@type":"WebPage","@id":"https:\/\/energylandia.pl\/lt\/biura-podrozy-i-hotele\/","url":"https:\/\/energylandia.pl\/lt\/biura-podrozy-i-hotele\/","name":"Kelioni\u0173 agent\u016bros ir vie\u0161bu\u010diai - ENERGYLANDIA - Rodzinny Park Rozrywki w Zatorze","isPartOf":{"@id":"https:\/\/energylandia.pl\/#website"},"datePublished":"2016-02-17T12:04:19+00:00","dateModified":"2026-02-27T07:34:27+00:00","breadcrumb":{"@id":"https:\/\/energylandia.pl\/lt\/biura-podrozy-i-hotele\/#breadcrumb"},"inLanguage":"lt-LT","potentialAction":[{"@type":"ReadAction","target":["https:\/\/energylandia.pl\/lt\/biura-podrozy-i-hotele\/"]}]},{"@type":"BreadcrumbList","@id":"https:\/\/energylandia.pl\/lt\/biura-podrozy-i-hotele\/#breadcrumb","itemListElement":[{"@type":"ListItem","position":1,"name":"Strona g\u0142\u00f3wna","item":"https:\/\/energylandia.pl\/lt\/"},{"@type":"ListItem","position":2,"name":"Kelioni\u0173 agent\u016bros ir vie\u0161bu\u010diai"}]},{"@type":"WebSite","@id":"https:\/\/energylandia.pl\/#website","url":"https:\/\/energylandia.pl\/","name":"ENERGYLANDIA - Rodzinny Park Rozrywki w Zatorze","description":"ENERGYLANDIA - najwi\u0119kszy rodzinny Park Rozrywki w Polsce!","publisher":{"@id":"https:\/\/energylandia.pl\/#organization"},"potentialAction":[{"@type":"SearchAction","target":{"@type":"EntryPoint","urlTemplate":"https:\/\/energylandia.pl\/?s={search_term_string}"},"query-input":"required name=search_term_string"}],"inLanguage":"lt-LT"},{"@type":"Organization","@id":"https:\/\/energylandia.pl\/#organization","name":"Energylandia","url":"https:\/\/energylandia.pl\/","logo":{"@type":"ImageObject","inLanguage":"lt-LT","@id":"https:\/\/energylandia.pl\/#\/schema\/logo\/image\/","url":"","contentUrl":"","caption":"Energylandia"},"image":{"@id":"https:\/\/energylandia.pl\/#\/schema\/logo\/image\/"},"sameAs":["https:\/\/www.facebook.com\/EnergyLandia","https:\/\/www.youtube.com\/channel\/UCPj-Bs4Pfub_Bm04BOfyDoA","https:\/\/vm.tiktok.com\/Tw7YAK\/"]}]}},"_links":{"self":[{"href":"https:\/\/energylandia.pl\/lt\/wp-json\/wp\/v2\/pages\/157002","targetHints":{"allow":["GET"]}}],"collection":[{"href":"https:\/\/energylandia.pl\/lt\/wp-json\/wp\/v2\/pages"}],"about":[{"href":"https:\/\/energylandia.pl\/lt\/wp-json\/wp\/v2\/types\/page"}],"author":[{"embeddable":true,"href":"https:\/\/energylandia.pl\/lt\/wp-json\/wp\/v2\/users\/36"}],"replies":[{"embeddable":true,"href":"https:\/\/energylandia.pl\/lt\/wp-json\/wp\/v2\/comments?post=157002"}],"version-history":[{"count":8,"href":"https:\/\/energylandia.pl\/lt\/wp-json\/wp\/v2\/pages\/157002\/revisions"}],"predecessor-version":[{"id":313187,"href":"https:\/\/energylandia.pl\/lt\/wp-json\/wp\/v2\/pages\/157002\/revisions\/313187"}],"wp:attachment":[{"href":"https:\/\/energylandia.pl\/lt\/wp-json\/wp\/v2\/media?parent=157002"}],"curies":[{"name":"wp","href":"https:\/\/api.w.org\/{rel}","templated":true}]}}