{"id":156994,"date":"2018-03-05T14:09:32","date_gmt":"2018-03-05T13:09:32","guid":{"rendered":"https:\/\/n.energylandia.pl\/szkoly\/"},"modified":"2026-02-23T15:46:59","modified_gmt":"2026-02-23T14:46:59","slug":"szkoly","status":"publish","type":"page","link":"https:\/\/energylandia.pl\/lt\/szkoly\/","title":{"rendered":"Mokyklos"},"content":{"rendered":"<ul>\n<li>1 pri\u017ei\u016br\u0117tojas 10-iai asmen\u0173 u\u017e 1 PLN mokest\u012f<\/li>\n<li>Kava ar arbata grup\u0117s pri\u017ei\u016br\u0117tojams NEMOKAMAI<\/li>\n<li>Autobuso vairuotojo bilietas NEMOKAMAI<\/li>\n<li>Grup\u0117s sudaromos nuo 15 dalyvi\u0173<\/li>\n<li>Bilietas \u012ftraukia visus \u201eEnergylandia&#8221; pramog\u0173 parko atrakcionus: pagrindinius atrakcionus (pvz., amerikieti\u0161ki kalneliai, karusel\u0117s, atrakcionai vaikams) \u012f\u0117jim\u0105 \u012f spektaklius ir edukacinius pasirodymus, kin\u0105, vandens park\u0105 ir \u201eTropical fun&#8221; zon\u0105.<\/li>\n<li>Pana\u0161iai kaip visuose kituose pramog\u0173 parkuose pasaulyje, \u0161ios atrakcijos yra pasiekiamos u\u017e papildom\u0105 mokest\u012f: maisto \u012fstaigos, arkadin\u0117s \u017eaidim\u0173 aik\u0161tel\u0117s, kai kurios paslaug\u0173 vietos (pvz., nuotrauk\u0173 stotel\u0117s, veido tapyba, tatuiruot\u0117s ir kt.) ir prek\u0117s, parduodamos parduotuv\u0117se, esan\u010diose parke.<\/li>\n<\/ul>\n<hr \/>\n","protected":false},"excerpt":{"rendered":"<p>1 pri\u017ei\u016br\u0117tojas 10-iai asmen\u0173 u\u017e 1 PLN mokest\u012f Kava ar arbata grup\u0117s pri\u017ei\u016br\u0117tojams NEMOKAMAI Autobuso vairuotojo bilietas NEMOKAMAI Grup\u0117s sudaromos nuo 15 dalyvi\u0173 Bilietas \u012ftraukia visus \u201eEnergylandia&#8221; pramog\u0173 parko atrakcionus: pagrindinius atrakcionus (pvz., amerikieti\u0161ki kalneliai, karusel\u0117s, atrakcionai vaikams) \u012f\u0117jim\u0105 \u012f spektaklius ir edukacinius pasirodymus, kin\u0105, vandens park\u0105 ir \u201eTropical fun&#8221; zon\u0105. Pana\u0161iai kaip visuose kituose [&hellip;]<\/p>\n","protected":false},"author":26,"featured_media":0,"parent":0,"menu_order":405,"comment_status":"closed","ping_status":"closed","template":"templates\/bilet-single-szkoly.php","meta":{"footnotes":""},"class_list":["post-156994","page","type-page","status-publish","hentry"],"acf":[],"yoast_head":"<!-- This site is optimized with the Yoast SEO plugin v20.9 - https:\/\/yoast.com\/wordpress\/plugins\/seo\/ -->\n<title>Mokyklos - ENERGYLANDIA - Rodzinny Park Rozrywki w Zatorze<\/title>\n<meta name=\"description\" content=\"Energylandia ch\u0119tnie go\u015bci wycieczki szkolne oraz grupy zorganizowane. Ofert\u0119 obejmuj\u0105ca bilety grupowe oraz cennik dla grup znajdziecie na naszej stronie wwww.\" \/>\n<meta name=\"robots\" content=\"index, follow, max-snippet:-1, max-image-preview:large, max-video-preview:-1\" \/>\n<meta property=\"og:locale\" content=\"lt_LT\" \/>\n<meta property=\"og:type\" content=\"article\" \/>\n<meta property=\"og:title\" content=\"Mokyklos - ENERGYLANDIA - Rodzinny Park Rozrywki w Zatorze\" \/>\n<meta property=\"og:description\" content=\"Energylandia ch\u0119tnie go\u015bci wycieczki szkolne oraz grupy zorganizowane. Ofert\u0119 obejmuj\u0105ca bilety grupowe oraz cennik dla grup znajdziecie na naszej stronie wwww.\" \/>\n<meta property=\"og:url\" content=\"https:\/\/energylandia.pl\/lt\/szkoly\/\" \/>\n<meta property=\"og:site_name\" content=\"ENERGYLANDIA - Rodzinny Park Rozrywki w Zatorze\" \/>\n<meta property=\"article:publisher\" content=\"https:\/\/www.facebook.com\/EnergyLandia\" \/>\n<meta property=\"article:modified_time\" content=\"2026-02-23T14:46:59+00:00\" \/>\n<meta name=\"twitter:card\" content=\"summary_large_image\" \/>\n<meta name=\"twitter:label1\" content=\"Est. reading time\" \/>\n\t<meta name=\"twitter:data1\" content=\"1 minut\u0117\" \/>\n<script type=\"application\/ld+json\" class=\"yoast-schema-graph\">{\"@context\":\"https:\/\/schema.org\",\"@graph\":[{\"@type\":\"WebPage\",\"@id\":\"https:\/\/energylandia.pl\/lt\/szkoly\/\",\"url\":\"https:\/\/energylandia.pl\/lt\/szkoly\/\",\"name\":\"Mokyklos - ENERGYLANDIA - Rodzinny Park Rozrywki w Zatorze\",\"isPartOf\":{\"@id\":\"https:\/\/energylandia.pl\/#website\"},\"datePublished\":\"2018-03-05T13:09:32+00:00\",\"dateModified\":\"2026-02-23T14:46:59+00:00\",\"description\":\"Energylandia ch\u0119tnie go\u015bci wycieczki szkolne oraz grupy zorganizowane. Ofert\u0119 obejmuj\u0105ca bilety grupowe oraz cennik dla grup znajdziecie na naszej stronie wwww.\",\"breadcrumb\":{\"@id\":\"https:\/\/energylandia.pl\/lt\/szkoly\/#breadcrumb\"},\"inLanguage\":\"lt-LT\",\"potentialAction\":[{\"@type\":\"ReadAction\",\"target\":[\"https:\/\/energylandia.pl\/lt\/szkoly\/\"]}]},{\"@type\":\"BreadcrumbList\",\"@id\":\"https:\/\/energylandia.pl\/lt\/szkoly\/#breadcrumb\",\"itemListElement\":[{\"@type\":\"ListItem\",\"position\":1,\"name\":\"Strona g\u0142\u00f3wna\",\"item\":\"https:\/\/energylandia.pl\/lt\/\"},{\"@type\":\"ListItem\",\"position\":2,\"name\":\"Mokyklos\"}]},{\"@type\":\"WebSite\",\"@id\":\"https:\/\/energylandia.pl\/#website\",\"url\":\"https:\/\/energylandia.pl\/\",\"name\":\"ENERGYLANDIA - Rodzinny Park Rozrywki w Zatorze\",\"description\":\"ENERGYLANDIA - najwi\u0119kszy rodzinny Park Rozrywki w Polsce!\",\"publisher\":{\"@id\":\"https:\/\/energylandia.pl\/#organization\"},\"potentialAction\":[{\"@type\":\"SearchAction\",\"target\":{\"@type\":\"EntryPoint\",\"urlTemplate\":\"https:\/\/energylandia.pl\/?s={search_term_string}\"},\"query-input\":\"required name=search_term_string\"}],\"inLanguage\":\"lt-LT\"},{\"@type\":\"Organization\",\"@id\":\"https:\/\/energylandia.pl\/#organization\",\"name\":\"Energylandia\",\"url\":\"https:\/\/energylandia.pl\/\",\"logo\":{\"@type\":\"ImageObject\",\"inLanguage\":\"lt-LT\",\"@id\":\"https:\/\/energylandia.pl\/#\/schema\/logo\/image\/\",\"url\":\"\",\"contentUrl\":\"\",\"caption\":\"Energylandia\"},\"image\":{\"@id\":\"https:\/\/energylandia.pl\/#\/schema\/logo\/image\/\"},\"sameAs\":[\"https:\/\/www.facebook.com\/EnergyLandia\",\"https:\/\/www.youtube.com\/channel\/UCPj-Bs4Pfub_Bm04BOfyDoA\",\"https:\/\/vm.tiktok.com\/Tw7YAK\/\"]}]}<\/script>\n<!-- \/ Yoast SEO plugin. -->","yoast_head_json":{"title":"Mokyklos - ENERGYLANDIA - Rodzinny Park Rozrywki w Zatorze","description":"Energylandia ch\u0119tnie go\u015bci wycieczki szkolne oraz grupy zorganizowane. Ofert\u0119 obejmuj\u0105ca bilety grupowe oraz cennik dla grup znajdziecie na naszej stronie wwww.","robots":{"index":"index","follow":"follow","max-snippet":"max-snippet:-1","max-image-preview":"max-image-preview:large","max-video-preview":"max-video-preview:-1"},"og_locale":"lt_LT","og_type":"article","og_title":"Mokyklos - ENERGYLANDIA - Rodzinny Park Rozrywki w Zatorze","og_description":"Energylandia ch\u0119tnie go\u015bci wycieczki szkolne oraz grupy zorganizowane. Ofert\u0119 obejmuj\u0105ca bilety grupowe oraz cennik dla grup znajdziecie na naszej stronie wwww.","og_url":"https:\/\/energylandia.pl\/lt\/szkoly\/","og_site_name":"ENERGYLANDIA - Rodzinny Park Rozrywki w Zatorze","article_publisher":"https:\/\/www.facebook.com\/EnergyLandia","article_modified_time":"2026-02-23T14:46:59+00:00","twitter_card":"summary_large_image","twitter_misc":{"Est. reading time":"1 minut\u0117"},"schema":{"@context":"https:\/\/schema.org","@graph":[{"@type":"WebPage","@id":"https:\/\/energylandia.pl\/lt\/szkoly\/","url":"https:\/\/energylandia.pl\/lt\/szkoly\/","name":"Mokyklos - ENERGYLANDIA - Rodzinny Park Rozrywki w Zatorze","isPartOf":{"@id":"https:\/\/energylandia.pl\/#website"},"datePublished":"2018-03-05T13:09:32+00:00","dateModified":"2026-02-23T14:46:59+00:00","description":"Energylandia ch\u0119tnie go\u015bci wycieczki szkolne oraz grupy zorganizowane. Ofert\u0119 obejmuj\u0105ca bilety grupowe oraz cennik dla grup znajdziecie na naszej stronie wwww.","breadcrumb":{"@id":"https:\/\/energylandia.pl\/lt\/szkoly\/#breadcrumb"},"inLanguage":"lt-LT","potentialAction":[{"@type":"ReadAction","target":["https:\/\/energylandia.pl\/lt\/szkoly\/"]}]},{"@type":"BreadcrumbList","@id":"https:\/\/energylandia.pl\/lt\/szkoly\/#breadcrumb","itemListElement":[{"@type":"ListItem","position":1,"name":"Strona g\u0142\u00f3wna","item":"https:\/\/energylandia.pl\/lt\/"},{"@type":"ListItem","position":2,"name":"Mokyklos"}]},{"@type":"WebSite","@id":"https:\/\/energylandia.pl\/#website","url":"https:\/\/energylandia.pl\/","name":"ENERGYLANDIA - Rodzinny Park Rozrywki w Zatorze","description":"ENERGYLANDIA - najwi\u0119kszy rodzinny Park Rozrywki w Polsce!","publisher":{"@id":"https:\/\/energylandia.pl\/#organization"},"potentialAction":[{"@type":"SearchAction","target":{"@type":"EntryPoint","urlTemplate":"https:\/\/energylandia.pl\/?s={search_term_string}"},"query-input":"required name=search_term_string"}],"inLanguage":"lt-LT"},{"@type":"Organization","@id":"https:\/\/energylandia.pl\/#organization","name":"Energylandia","url":"https:\/\/energylandia.pl\/","logo":{"@type":"ImageObject","inLanguage":"lt-LT","@id":"https:\/\/energylandia.pl\/#\/schema\/logo\/image\/","url":"","contentUrl":"","caption":"Energylandia"},"image":{"@id":"https:\/\/energylandia.pl\/#\/schema\/logo\/image\/"},"sameAs":["https:\/\/www.facebook.com\/EnergyLandia","https:\/\/www.youtube.com\/channel\/UCPj-Bs4Pfub_Bm04BOfyDoA","https:\/\/vm.tiktok.com\/Tw7YAK\/"]}]}},"_links":{"self":[{"href":"https:\/\/energylandia.pl\/lt\/wp-json\/wp\/v2\/pages\/156994","targetHints":{"allow":["GET"]}}],"collection":[{"href":"https:\/\/energylandia.pl\/lt\/wp-json\/wp\/v2\/pages"}],"about":[{"href":"https:\/\/energylandia.pl\/lt\/wp-json\/wp\/v2\/types\/page"}],"author":[{"embeddable":true,"href":"https:\/\/energylandia.pl\/lt\/wp-json\/wp\/v2\/users\/26"}],"replies":[{"embeddable":true,"href":"https:\/\/energylandia.pl\/lt\/wp-json\/wp\/v2\/comments?post=156994"}],"version-history":[{"count":9,"href":"https:\/\/energylandia.pl\/lt\/wp-json\/wp\/v2\/pages\/156994\/revisions"}],"predecessor-version":[{"id":306086,"href":"https:\/\/energylandia.pl\/lt\/wp-json\/wp\/v2\/pages\/156994\/revisions\/306086"}],"wp:attachment":[{"href":"https:\/\/energylandia.pl\/lt\/wp-json\/wp\/v2\/media?parent=156994"}],"curies":[{"name":"wp","href":"https:\/\/api.w.org\/{rel}","templated":true}]}}