{"id":156987,"date":"2020-01-08T12:26:14","date_gmt":"2020-01-08T11:26:14","guid":{"rendered":"https:\/\/n.energylandia.pl\/bilety-prezentowe\/"},"modified":"2026-04-01T12:18:49","modified_gmt":"2026-04-01T10:18:49","slug":"bilety-prezentowe","status":"publish","type":"page","link":"https:\/\/energylandia.pl\/lt\/bilety-prezentowe\/","title":{"rendered":"Dovan\u0173 bilietai"},"content":{"rendered":"<p><strong>DOVAN\u0172 BILIETAI<\/strong><\/p>\n<ul>\n<li style=\"list-style-type: none;\">\n<ul>\n<li>Popierinis dovan\u0173 bilietas galioja iki 2026-10-31 pagal parko darbo kalendori\u0173.<\/li>\n<li>Bilietas suteikia teis\u0119 naudotis visomis parko pramogomis be papildom\u0173 mokes\u010di\u0173 (i\u0161skyrus maist\u0105 ir lo\u0161imo automatus).<\/li>\n<li>Bilietas yra vienkartinis.<\/li>\n<li>Vienas asmuo gali \u012fsigyti ne daugiau kaip 10 biliet\u0173 visose u\u017esakymuose.<\/li>\n<li>U\u017e bilietus taikomas pristatymo mokestis.<\/li>\n<li>Dovan\u0173 bilietai negali b\u016bti perkelti \u012f kit\u0105 sezon\u0105.<\/li>\n<li>Dviej\u0173 ir trij\u0173 dien\u0173 bilietai galioja TIK nuoseklioms parko lankymo dienoms.<\/li>\n<li>Bilietai n\u0117ra personalizuoti.<\/li>\n<li>Standartiniai bilietai taikomi asmenims, kuri\u0173 \u016bgis vir\u0161ija 140 cm.<\/li>\n<li>Lengvatinis bilietas taikomas vaikams iki 140 cm \u016bgio, senjorams nuo 65 met\u0173, n\u0117\u0161\u010dioms moterims, asmenims su negalia bei jaunaved\u017eiams (tik perkant biliet\u0105 kasoje).<\/li>\n<\/ul>\n<\/li>\n<\/ul>\n<hr \/>\n<p><strong>DOVAN\u0172 BILIETAI YRA TOBULA DOVANA MYLIMIESIEMS, DARBUOTOJAMS, RANGOVAMS, KONKURSAMS IR LOTERIJOMS<\/strong><\/p>\n<p>Dovan\u0173 bilietai, galiojantys iki 2026-10-31, jau parduodami.<br \/>\nBilietas apima visas \u201eEnergylandia&#8221; teminio parko pramogas, \u012fskaitant nauj\u0105j\u0105 \u201eSweet Valley\u201c zon\u0105.<br \/>\n\u012emon\u0117s ir institucijos gali naudoti bilietus kelion\u0117ms, kai visa grup\u0117 m\u0117gaujasi parku vienu metu, arba kaip dovan\u0173 bilietus, leid\u017eian\u010dius darbuotojams lankytis parke bet kuriuo metu be grupin\u0117s kelion\u0117s organizavimo.<\/p>\n","protected":false},"excerpt":{"rendered":"<p>DOVAN\u0172 BILIETAI Popierinis dovan\u0173 bilietas galioja iki 2026-10-31 pagal parko darbo kalendori\u0173. Bilietas suteikia teis\u0119 naudotis visomis parko pramogomis be papildom\u0173 mokes\u010di\u0173 (i\u0161skyrus maist\u0105 ir lo\u0161imo automatus). Bilietas yra vienkartinis. Vienas asmuo gali \u012fsigyti ne daugiau kaip 10 biliet\u0173 visose u\u017esakymuose. U\u017e bilietus taikomas pristatymo mokestis. Dovan\u0173 bilietai negali b\u016bti perkelti \u012f kit\u0105 sezon\u0105. Dviej\u0173 [&hellip;]<\/p>\n","protected":false},"author":26,"featured_media":0,"parent":0,"menu_order":369,"comment_status":"closed","ping_status":"closed","template":"templates\/bilet-single.php","meta":{"footnotes":""},"acf":[],"yoast_head":"<!-- This site is optimized with the Yoast SEO plugin v20.9 - https:\/\/yoast.com\/wordpress\/plugins\/seo\/ -->\n<title>Dovan\u0173 bilietai - ENERGYLANDIA - Rodzinny Park Rozrywki w Zatorze<\/title>\n<meta name=\"robots\" content=\"index, follow, max-snippet:-1, max-image-preview:large, max-video-preview:-1\" \/>\n<meta property=\"og:locale\" content=\"lt_LT\" \/>\n<meta property=\"og:type\" content=\"article\" \/>\n<meta property=\"og:title\" content=\"Dovan\u0173 bilietai - ENERGYLANDIA - Rodzinny Park Rozrywki w Zatorze\" \/>\n<meta property=\"og:description\" content=\"DOVAN\u0172 BILIETAI Popierinis dovan\u0173 bilietas galioja iki 2026-10-31 pagal parko darbo kalendori\u0173. Bilietas suteikia teis\u0119 naudotis visomis parko pramogomis be papildom\u0173 mokes\u010di\u0173 (i\u0161skyrus maist\u0105 ir lo\u0161imo automatus). Bilietas yra vienkartinis. Vienas asmuo gali \u012fsigyti ne daugiau kaip 10 biliet\u0173 visose u\u017esakymuose. U\u017e bilietus taikomas pristatymo mokestis. Dovan\u0173 bilietai negali b\u016bti perkelti \u012f kit\u0105 sezon\u0105. Dviej\u0173 [&hellip;]\" \/>\n<meta property=\"og:url\" content=\"https:\/\/energylandia.pl\/lt\/bilety-prezentowe\/\" \/>\n<meta property=\"og:site_name\" content=\"ENERGYLANDIA - Rodzinny Park Rozrywki w Zatorze\" \/>\n<meta property=\"article:publisher\" content=\"https:\/\/www.facebook.com\/EnergyLandia\" \/>\n<meta property=\"article:modified_time\" content=\"2026-04-01T10:18:49+00:00\" \/>\n<meta name=\"twitter:card\" content=\"summary_large_image\" \/>\n<meta name=\"twitter:label1\" content=\"Est. reading time\" \/>\n\t<meta name=\"twitter:data1\" content=\"1 minut\u0117\" \/>\n<script type=\"application\/ld+json\" class=\"yoast-schema-graph\">{\"@context\":\"https:\/\/schema.org\",\"@graph\":[{\"@type\":\"WebPage\",\"@id\":\"https:\/\/energylandia.pl\/lt\/bilety-prezentowe\/\",\"url\":\"https:\/\/energylandia.pl\/lt\/bilety-prezentowe\/\",\"name\":\"Dovan\u0173 bilietai - ENERGYLANDIA - Rodzinny Park Rozrywki w Zatorze\",\"isPartOf\":{\"@id\":\"https:\/\/energylandia.pl\/#website\"},\"datePublished\":\"2020-01-08T11:26:14+00:00\",\"dateModified\":\"2026-04-01T10:18:49+00:00\",\"breadcrumb\":{\"@id\":\"https:\/\/energylandia.pl\/lt\/bilety-prezentowe\/#breadcrumb\"},\"inLanguage\":\"lt-LT\",\"potentialAction\":[{\"@type\":\"ReadAction\",\"target\":[\"https:\/\/energylandia.pl\/lt\/bilety-prezentowe\/\"]}]},{\"@type\":\"BreadcrumbList\",\"@id\":\"https:\/\/energylandia.pl\/lt\/bilety-prezentowe\/#breadcrumb\",\"itemListElement\":[{\"@type\":\"ListItem\",\"position\":1,\"name\":\"Strona g\u0142\u00f3wna\",\"item\":\"https:\/\/energylandia.pl\/lt\/\"},{\"@type\":\"ListItem\",\"position\":2,\"name\":\"Dovan\u0173 bilietai\"}]},{\"@type\":\"WebSite\",\"@id\":\"https:\/\/energylandia.pl\/#website\",\"url\":\"https:\/\/energylandia.pl\/\",\"name\":\"ENERGYLANDIA - Rodzinny Park Rozrywki w Zatorze\",\"description\":\"ENERGYLANDIA - najwi\u0119kszy rodzinny Park Rozrywki w Polsce!\",\"publisher\":{\"@id\":\"https:\/\/energylandia.pl\/#organization\"},\"potentialAction\":[{\"@type\":\"SearchAction\",\"target\":{\"@type\":\"EntryPoint\",\"urlTemplate\":\"https:\/\/energylandia.pl\/?s={search_term_string}\"},\"query-input\":\"required name=search_term_string\"}],\"inLanguage\":\"lt-LT\"},{\"@type\":\"Organization\",\"@id\":\"https:\/\/energylandia.pl\/#organization\",\"name\":\"Energylandia\",\"url\":\"https:\/\/energylandia.pl\/\",\"logo\":{\"@type\":\"ImageObject\",\"inLanguage\":\"lt-LT\",\"@id\":\"https:\/\/energylandia.pl\/#\/schema\/logo\/image\/\",\"url\":\"\",\"contentUrl\":\"\",\"caption\":\"Energylandia\"},\"image\":{\"@id\":\"https:\/\/energylandia.pl\/#\/schema\/logo\/image\/\"},\"sameAs\":[\"https:\/\/www.facebook.com\/EnergyLandia\",\"https:\/\/www.youtube.com\/channel\/UCPj-Bs4Pfub_Bm04BOfyDoA\",\"https:\/\/vm.tiktok.com\/Tw7YAK\/\"]}]}<\/script>\n<!-- \/ Yoast SEO plugin. -->","yoast_head_json":{"title":"Dovan\u0173 bilietai - ENERGYLANDIA - Rodzinny Park Rozrywki w Zatorze","robots":{"index":"index","follow":"follow","max-snippet":"max-snippet:-1","max-image-preview":"max-image-preview:large","max-video-preview":"max-video-preview:-1"},"og_locale":"lt_LT","og_type":"article","og_title":"Dovan\u0173 bilietai - ENERGYLANDIA - Rodzinny Park Rozrywki w Zatorze","og_description":"DOVAN\u0172 BILIETAI Popierinis dovan\u0173 bilietas galioja iki 2026-10-31 pagal parko darbo kalendori\u0173. Bilietas suteikia teis\u0119 naudotis visomis parko pramogomis be papildom\u0173 mokes\u010di\u0173 (i\u0161skyrus maist\u0105 ir lo\u0161imo automatus). Bilietas yra vienkartinis. Vienas asmuo gali \u012fsigyti ne daugiau kaip 10 biliet\u0173 visose u\u017esakymuose. U\u017e bilietus taikomas pristatymo mokestis. Dovan\u0173 bilietai negali b\u016bti perkelti \u012f kit\u0105 sezon\u0105. Dviej\u0173 [&hellip;]","og_url":"https:\/\/energylandia.pl\/lt\/bilety-prezentowe\/","og_site_name":"ENERGYLANDIA - Rodzinny Park Rozrywki w Zatorze","article_publisher":"https:\/\/www.facebook.com\/EnergyLandia","article_modified_time":"2026-04-01T10:18:49+00:00","twitter_card":"summary_large_image","twitter_misc":{"Est. reading time":"1 minut\u0117"},"schema":{"@context":"https:\/\/schema.org","@graph":[{"@type":"WebPage","@id":"https:\/\/energylandia.pl\/lt\/bilety-prezentowe\/","url":"https:\/\/energylandia.pl\/lt\/bilety-prezentowe\/","name":"Dovan\u0173 bilietai - ENERGYLANDIA - Rodzinny Park Rozrywki w Zatorze","isPartOf":{"@id":"https:\/\/energylandia.pl\/#website"},"datePublished":"2020-01-08T11:26:14+00:00","dateModified":"2026-04-01T10:18:49+00:00","breadcrumb":{"@id":"https:\/\/energylandia.pl\/lt\/bilety-prezentowe\/#breadcrumb"},"inLanguage":"lt-LT","potentialAction":[{"@type":"ReadAction","target":["https:\/\/energylandia.pl\/lt\/bilety-prezentowe\/"]}]},{"@type":"BreadcrumbList","@id":"https:\/\/energylandia.pl\/lt\/bilety-prezentowe\/#breadcrumb","itemListElement":[{"@type":"ListItem","position":1,"name":"Strona g\u0142\u00f3wna","item":"https:\/\/energylandia.pl\/lt\/"},{"@type":"ListItem","position":2,"name":"Dovan\u0173 bilietai"}]},{"@type":"WebSite","@id":"https:\/\/energylandia.pl\/#website","url":"https:\/\/energylandia.pl\/","name":"ENERGYLANDIA - Rodzinny Park Rozrywki w Zatorze","description":"ENERGYLANDIA - najwi\u0119kszy rodzinny Park Rozrywki w Polsce!","publisher":{"@id":"https:\/\/energylandia.pl\/#organization"},"potentialAction":[{"@type":"SearchAction","target":{"@type":"EntryPoint","urlTemplate":"https:\/\/energylandia.pl\/?s={search_term_string}"},"query-input":"required name=search_term_string"}],"inLanguage":"lt-LT"},{"@type":"Organization","@id":"https:\/\/energylandia.pl\/#organization","name":"Energylandia","url":"https:\/\/energylandia.pl\/","logo":{"@type":"ImageObject","inLanguage":"lt-LT","@id":"https:\/\/energylandia.pl\/#\/schema\/logo\/image\/","url":"","contentUrl":"","caption":"Energylandia"},"image":{"@id":"https:\/\/energylandia.pl\/#\/schema\/logo\/image\/"},"sameAs":["https:\/\/www.facebook.com\/EnergyLandia","https:\/\/www.youtube.com\/channel\/UCPj-Bs4Pfub_Bm04BOfyDoA","https:\/\/vm.tiktok.com\/Tw7YAK\/"]}]}},"_links":{"self":[{"href":"https:\/\/energylandia.pl\/lt\/wp-json\/wp\/v2\/pages\/156987"}],"collection":[{"href":"https:\/\/energylandia.pl\/lt\/wp-json\/wp\/v2\/pages"}],"about":[{"href":"https:\/\/energylandia.pl\/lt\/wp-json\/wp\/v2\/types\/page"}],"author":[{"embeddable":true,"href":"https:\/\/energylandia.pl\/lt\/wp-json\/wp\/v2\/users\/26"}],"replies":[{"embeddable":true,"href":"https:\/\/energylandia.pl\/lt\/wp-json\/wp\/v2\/comments?post=156987"}],"version-history":[{"count":17,"href":"https:\/\/energylandia.pl\/lt\/wp-json\/wp\/v2\/pages\/156987\/revisions"}],"predecessor-version":[{"id":315079,"href":"https:\/\/energylandia.pl\/lt\/wp-json\/wp\/v2\/pages\/156987\/revisions\/315079"}],"wp:attachment":[{"href":"https:\/\/energylandia.pl\/lt\/wp-json\/wp\/v2\/media?parent=156987"}],"curies":[{"name":"wp","href":"https:\/\/api.w.org\/{rel}","templated":true}]}}