{"id":156983,"date":"2018-02-20T18:47:20","date_gmt":"2018-02-20T17:47:20","guid":{"rendered":"https:\/\/n.energylandia.pl\/bilety-indywidualne\/"},"modified":"2026-04-01T14:48:34","modified_gmt":"2026-04-01T12:48:34","slug":"bilety-indywidualne","status":"publish","type":"page","link":"https:\/\/energylandia.pl\/lt\/bilety-indywidualne\/","title":{"rendered":"Individual\u016bs bilietai"},"content":{"rendered":"<p style=\"text-align: center;\"><strong>\u012e bilieto kain\u0105 \u012fskai\u010diuotos visos atrakcionai be apribojim\u0173: amerikieti\u0161ki kalneliai, karusel\u0117s, kino teatrai, pasirodymai, \u0161ou, Sweet Valley zona, Smoczy Gr\u00f3d, Bajkolandia zona, \u0161eimos zona, ekstremali zona, Aqualantis ir Water Park! Visos dienos bilietas be laiko ir kiekio apribojim\u0173. *Bilietas neapima maitinimo, monetomis valdom\u0173 \u017eaidim\u0173 automat\u0173, parduotuvi\u0173 ir suvenyr\u0173.<\/strong><\/p>\n<hr class=\"border-color-blue\" \/>\n<ol>\n<li>Biliet\u0105 vaikui, kuriam n\u0117ra sukak\u0119 3 metai, galima \u012fsigyti pateikus dokument\u0105, patvirtinant\u012f vaiko am\u017ei\u0173. Am\u017ei\u0173 patvirtinantys dokumentai yra asmens tapatyb\u0117s dokumentas arba gimimo liudijimas. Dokument\u0173 kopijos ar nuotraukos nepriimamos.<\/li>\n<li>Visi asmenys iki 18 met\u0173 savo gimtadienio dien\u0105 moka simbolin\u012f 1 zlot\u0173 mokest\u012f u\u017e \u012f\u0117jim\u0105 \u012f park\u0105. Tai m\u016bs\u0173 pagarba jauniausiems sve\u010diams. B\u016btina pateikti dokument\u0105, patvirtinant\u012f tapatyb\u0119 ir fakt\u0105, kad t\u0105 dien\u0105 yra gimtadienis. Am\u017ei\u0173 patvirtinantys dokumentai yra asmens tapatyb\u0117s dokumentas arba gimimo liudijimas; vyresniems nei 7 met\u0173 vaikams \u2013 mokyklos pa\u017eym\u0117jimas. Dokument\u0173 kopijos ar nuotraukos nepriimamos. Gimtadienio biliet\u0105 galima \u012fsigyti tik parko kasose.<\/li>\n<li>Metinis bilietas galioja vienerius metus nuo \u012fsigijimo datos. Bilieto tur\u0117tojui vietoje, parke, daroma nuotrauka ir i\u0161duodamas bilietas. Lengvatinis metinis bilietas suteikiamas asmenims, kuri\u0173 \u016bgis bilieto keitimo dien\u0105 nevir\u0161ija 140 cm. \u016agis matuojamas su avalyne. Pametus arba sugadinus metin\u0119 kortel\u0119, galima \u012fsigyti dublikat\u0105 u\u017e 50 zlot\u0173.<\/li>\n<li>Pateikus dokument\u0105, patvirtinant\u012f am\u017ei\u0173.<\/li>\n<li>Taikoma vaikams, kuri\u0173 \u016bgis ma\u017eesnis nei 140 cm, senjorams nuo 65 met\u0173, n\u0117\u0161\u010dioms moterims, asmenims su negalia ir jaunaved\u017eiams (tik perkant biliet\u0105 kasoje). Biliet\u0105 asmeniui su negalia galima \u012fsigyti pateikus original\u0173 dokument\u0105, patvirtinant\u012f negali\u0105. Kilus abejoni\u0173, gali b\u016bti papra\u0161yta pateikti kit\u0105 dokument\u0105 su nuotrauka, patvirtinant\u012f tapatyb\u0119. Lengvata palydovui taikoma tik asmen\u0173 su negalia grup\u0117s apsilankymo atveju, i\u0161 anksto rezervavus grup\u0119, kuri\u0105 sudaro daugiau nei 15 asmen\u0173. <strong><span class=\"notion-enable-hover\" data-token-index=\"1\">Asmenims su ribotu judumu atrakcion\u0173 prieinamumas priklauso nuo negalios tipo.<\/span><\/strong> Kvie\u010diame \u012f Asmen\u0173 su negalia aptarnavimo punkt\u0105, kur m\u016bs\u0173 specialistas nurodys jums tinkamus atrakcionus, kuriais gal\u0117site pasinaudoti. Aptarnavimo punktas yra prie pagrindinio \u012f\u0117jimo \u012f park\u0105.<\/li>\n<li>Dviej\u0173 ir trij\u0173 dien\u0173 bilietai turi b\u016bti naudojami i\u0161 eil\u0117s nuo pirmojo \u012f\u0117jimo \u012f park\u0105 momento. Vienas bilietas skirtas vienam asmeniui.<\/li>\n<li>\u201e-\u201c \u017eenklas kainora\u0161tyje rei\u0161kia, kad nurodytas bilietas tam tikru sezonu n\u0117ra prieinamas.<\/li>\n<li>Norint pasinaudoti ENERGY PASS \u012f\u0117jimu, b\u016btina tur\u0117ti atsispausdint\u0105 ENERGY PASS, kur\u012f galima \u012fsigyti adresu <a role=\"link\" href=\"https:\/\/ticket.energylandia.pl\/lt\/produktai\/e-bilietai\/energy-pass\/2-594\">ticket.energylandia.pl\/produkty\/energypass<\/a>. ENERGY PASS taip pat galima \u012fsigyti visose parko parduotuv\u0117se. ENERGY PASS n\u0117ra \u012f\u0117jimo \u012f park\u0105 bilietas.<\/li>\n<li>ENERGY PASS NORMAL suteikia vienkartin\u0119 prieig\u0105 prie kiekvienos i\u0161 \u0161i\u0173 atrakcion\u0173 per ENERGY PASS \u012f\u0117jim\u0105: Pepsi Hyperion, Zadra Made In Ma\u0142opolska, Mayan, Abyssus, Choco Chip Creek, Toffifee Kopalnia Z\u0142ota, Space Booster, \u015amiej\u017celki Energu\u015b, Anaconda, Aztec Swing, Formu\u0142a, Speed Water Coaster, RMF Dragon, Tsunami Drop.<\/li>\n<li>ENERGY PASS LENGVATINIS suteikia vienkartin\u0119 prieig\u0105 prie kiekvienos i\u0161 \u0161i\u0173 atrakcion\u0173 per ENERGY PASS \u012f\u0117jim\u0105: Abyssus, Choco Chip Creek, Toffifee Kopalnia Z\u0142ota, \u015amiej\u017celki Energu\u015b, Anaconda, Formu\u0142a, RMF Dragon, Tsunami Drop. ENERGY PASS LENGVATINIS taikomas vaikams iki 140 cm \u016bgio.<\/li>\n<\/ol>\n<hr class=\"border-color-blue\" \/>\n<h3>Papildomos nuolaidos<\/h3>\n<ul>\n<li>Priimame nacionalin\u0119 didel\u0117s \u0161eimos kortel\u0119, kuri suteikia 5% nuolaid\u0105 bilietams \u012f park\u0105.<\/li>\n<li>Akcijos nesumuojamos. Akcijos netaikomos lengvatiniams, akciniams ir metiniams bilietams.<\/li>\n<\/ul>\n<p>&nbsp;<\/p>\n<p><a href=\"https:\/\/ticket.energylandia.pl\/lt\/produktai\/e-bilietai\/energy-pass\/2-594\"><img decoding=\"async\" class=\"alignnone size-full wp-image-315028\" src=\"https:\/\/energylandia.pl\/wp-content\/uploads\/2026\/03\/slider-ticket-en.webp\" alt=\"\" width=\"1920\" height=\"519\" \/><\/a><\/p>\n","protected":false},"excerpt":{"rendered":"<p>\u012e bilieto kain\u0105 \u012fskai\u010diuotos visos atrakcionai be apribojim\u0173: amerikieti\u0161ki kalneliai, karusel\u0117s, kino teatrai, pasirodymai, \u0161ou, Sweet Valley zona, Smoczy Gr\u00f3d, Bajkolandia zona, \u0161eimos zona, ekstremali zona, Aqualantis ir Water Park! Visos dienos bilietas be laiko ir kiekio apribojim\u0173. *Bilietas neapima maitinimo, monetomis valdom\u0173 \u017eaidim\u0173 automat\u0173, parduotuvi\u0173 ir suvenyr\u0173. Biliet\u0105 vaikui, kuriam n\u0117ra sukak\u0119 3 metai, [&hellip;]<\/p>\n","protected":false},"author":26,"featured_media":0,"parent":0,"menu_order":412,"comment_status":"closed","ping_status":"closed","template":"templates\/bilet-single.php","meta":{"footnotes":""},"class_list":["post-156983","page","type-page","status-publish","hentry"],"acf":[],"yoast_head":"<!-- This site is optimized with the Yoast SEO plugin v20.9 - https:\/\/yoast.com\/wordpress\/plugins\/seo\/ -->\n<title>Individual\u016bs bilietai - ENERGYLANDIA - Rodzinny Park Rozrywki w Zatorze<\/title>\n<meta name=\"description\" content=\"Cennik online Energylandii zawiera rodzaje i ceny bilet\u00f3w. Poznaj cennik rodzinny oraz ulgowy. Dowiedz si\u0119, jaki bilet najlepiej wybra\u0107.\" \/>\n<meta name=\"robots\" content=\"index, follow, max-snippet:-1, max-image-preview:large, max-video-preview:-1\" \/>\n<meta property=\"og:locale\" content=\"lt_LT\" \/>\n<meta property=\"og:type\" content=\"article\" \/>\n<meta property=\"og:title\" content=\"Individual\u016bs bilietai - ENERGYLANDIA - Rodzinny Park Rozrywki w Zatorze\" \/>\n<meta property=\"og:description\" content=\"Cennik online Energylandii zawiera rodzaje i ceny bilet\u00f3w. Poznaj cennik rodzinny oraz ulgowy. Dowiedz si\u0119, jaki bilet najlepiej wybra\u0107.\" \/>\n<meta property=\"og:url\" content=\"https:\/\/energylandia.pl\/lt\/bilety-indywidualne\/\" \/>\n<meta property=\"og:site_name\" content=\"ENERGYLANDIA - Rodzinny Park Rozrywki w Zatorze\" \/>\n<meta property=\"article:publisher\" content=\"https:\/\/www.facebook.com\/EnergyLandia\" \/>\n<meta property=\"article:modified_time\" content=\"2026-04-01T12:48:34+00:00\" \/>\n<meta property=\"og:image\" content=\"https:\/\/energylandia.pl\/wp-content\/uploads\/2026\/03\/slider-ticket-en.webp\" \/>\n<meta name=\"twitter:card\" content=\"summary_large_image\" \/>\n<meta name=\"twitter:label1\" content=\"Est. reading time\" \/>\n\t<meta name=\"twitter:data1\" content=\"3 minut\u0117s\" \/>\n<script type=\"application\/ld+json\" class=\"yoast-schema-graph\">{\"@context\":\"https:\/\/schema.org\",\"@graph\":[{\"@type\":\"WebPage\",\"@id\":\"https:\/\/energylandia.pl\/lt\/bilety-indywidualne\/\",\"url\":\"https:\/\/energylandia.pl\/lt\/bilety-indywidualne\/\",\"name\":\"Individual\u016bs bilietai - ENERGYLANDIA - Rodzinny Park Rozrywki w Zatorze\",\"isPartOf\":{\"@id\":\"https:\/\/energylandia.pl\/#website\"},\"datePublished\":\"2018-02-20T17:47:20+00:00\",\"dateModified\":\"2026-04-01T12:48:34+00:00\",\"description\":\"Cennik online Energylandii zawiera rodzaje i ceny bilet\u00f3w. Poznaj cennik rodzinny oraz ulgowy. Dowiedz si\u0119, jaki bilet najlepiej wybra\u0107.\",\"breadcrumb\":{\"@id\":\"https:\/\/energylandia.pl\/lt\/bilety-indywidualne\/#breadcrumb\"},\"inLanguage\":\"lt-LT\",\"potentialAction\":[{\"@type\":\"ReadAction\",\"target\":[\"https:\/\/energylandia.pl\/lt\/bilety-indywidualne\/\"]}]},{\"@type\":\"BreadcrumbList\",\"@id\":\"https:\/\/energylandia.pl\/lt\/bilety-indywidualne\/#breadcrumb\",\"itemListElement\":[{\"@type\":\"ListItem\",\"position\":1,\"name\":\"Strona g\u0142\u00f3wna\",\"item\":\"https:\/\/energylandia.pl\/lt\/\"},{\"@type\":\"ListItem\",\"position\":2,\"name\":\"Individual\u016bs bilietai\"}]},{\"@type\":\"WebSite\",\"@id\":\"https:\/\/energylandia.pl\/#website\",\"url\":\"https:\/\/energylandia.pl\/\",\"name\":\"ENERGYLANDIA - Rodzinny Park Rozrywki w Zatorze\",\"description\":\"ENERGYLANDIA - najwi\u0119kszy rodzinny Park Rozrywki w Polsce!\",\"publisher\":{\"@id\":\"https:\/\/energylandia.pl\/#organization\"},\"potentialAction\":[{\"@type\":\"SearchAction\",\"target\":{\"@type\":\"EntryPoint\",\"urlTemplate\":\"https:\/\/energylandia.pl\/?s={search_term_string}\"},\"query-input\":\"required name=search_term_string\"}],\"inLanguage\":\"lt-LT\"},{\"@type\":\"Organization\",\"@id\":\"https:\/\/energylandia.pl\/#organization\",\"name\":\"Energylandia\",\"url\":\"https:\/\/energylandia.pl\/\",\"logo\":{\"@type\":\"ImageObject\",\"inLanguage\":\"lt-LT\",\"@id\":\"https:\/\/energylandia.pl\/#\/schema\/logo\/image\/\",\"url\":\"\",\"contentUrl\":\"\",\"caption\":\"Energylandia\"},\"image\":{\"@id\":\"https:\/\/energylandia.pl\/#\/schema\/logo\/image\/\"},\"sameAs\":[\"https:\/\/www.facebook.com\/EnergyLandia\",\"https:\/\/www.youtube.com\/channel\/UCPj-Bs4Pfub_Bm04BOfyDoA\",\"https:\/\/vm.tiktok.com\/Tw7YAK\/\"]}]}<\/script>\n<!-- \/ Yoast SEO plugin. -->","yoast_head_json":{"title":"Individual\u016bs bilietai - ENERGYLANDIA - Rodzinny Park Rozrywki w Zatorze","description":"Cennik online Energylandii zawiera rodzaje i ceny bilet\u00f3w. Poznaj cennik rodzinny oraz ulgowy. Dowiedz si\u0119, jaki bilet najlepiej wybra\u0107.","robots":{"index":"index","follow":"follow","max-snippet":"max-snippet:-1","max-image-preview":"max-image-preview:large","max-video-preview":"max-video-preview:-1"},"og_locale":"lt_LT","og_type":"article","og_title":"Individual\u016bs bilietai - ENERGYLANDIA - Rodzinny Park Rozrywki w Zatorze","og_description":"Cennik online Energylandii zawiera rodzaje i ceny bilet\u00f3w. Poznaj cennik rodzinny oraz ulgowy. Dowiedz si\u0119, jaki bilet najlepiej wybra\u0107.","og_url":"https:\/\/energylandia.pl\/lt\/bilety-indywidualne\/","og_site_name":"ENERGYLANDIA - Rodzinny Park Rozrywki w Zatorze","article_publisher":"https:\/\/www.facebook.com\/EnergyLandia","article_modified_time":"2026-04-01T12:48:34+00:00","og_image":[{"url":"https:\/\/energylandia.pl\/wp-content\/uploads\/2026\/03\/slider-ticket-en.webp"}],"twitter_card":"summary_large_image","twitter_misc":{"Est. reading time":"3 minut\u0117s"},"schema":{"@context":"https:\/\/schema.org","@graph":[{"@type":"WebPage","@id":"https:\/\/energylandia.pl\/lt\/bilety-indywidualne\/","url":"https:\/\/energylandia.pl\/lt\/bilety-indywidualne\/","name":"Individual\u016bs bilietai - ENERGYLANDIA - Rodzinny Park Rozrywki w Zatorze","isPartOf":{"@id":"https:\/\/energylandia.pl\/#website"},"datePublished":"2018-02-20T17:47:20+00:00","dateModified":"2026-04-01T12:48:34+00:00","description":"Cennik online Energylandii zawiera rodzaje i ceny bilet\u00f3w. Poznaj cennik rodzinny oraz ulgowy. Dowiedz si\u0119, jaki bilet najlepiej wybra\u0107.","breadcrumb":{"@id":"https:\/\/energylandia.pl\/lt\/bilety-indywidualne\/#breadcrumb"},"inLanguage":"lt-LT","potentialAction":[{"@type":"ReadAction","target":["https:\/\/energylandia.pl\/lt\/bilety-indywidualne\/"]}]},{"@type":"BreadcrumbList","@id":"https:\/\/energylandia.pl\/lt\/bilety-indywidualne\/#breadcrumb","itemListElement":[{"@type":"ListItem","position":1,"name":"Strona g\u0142\u00f3wna","item":"https:\/\/energylandia.pl\/lt\/"},{"@type":"ListItem","position":2,"name":"Individual\u016bs bilietai"}]},{"@type":"WebSite","@id":"https:\/\/energylandia.pl\/#website","url":"https:\/\/energylandia.pl\/","name":"ENERGYLANDIA - Rodzinny Park Rozrywki w Zatorze","description":"ENERGYLANDIA - najwi\u0119kszy rodzinny Park Rozrywki w Polsce!","publisher":{"@id":"https:\/\/energylandia.pl\/#organization"},"potentialAction":[{"@type":"SearchAction","target":{"@type":"EntryPoint","urlTemplate":"https:\/\/energylandia.pl\/?s={search_term_string}"},"query-input":"required name=search_term_string"}],"inLanguage":"lt-LT"},{"@type":"Organization","@id":"https:\/\/energylandia.pl\/#organization","name":"Energylandia","url":"https:\/\/energylandia.pl\/","logo":{"@type":"ImageObject","inLanguage":"lt-LT","@id":"https:\/\/energylandia.pl\/#\/schema\/logo\/image\/","url":"","contentUrl":"","caption":"Energylandia"},"image":{"@id":"https:\/\/energylandia.pl\/#\/schema\/logo\/image\/"},"sameAs":["https:\/\/www.facebook.com\/EnergyLandia","https:\/\/www.youtube.com\/channel\/UCPj-Bs4Pfub_Bm04BOfyDoA","https:\/\/vm.tiktok.com\/Tw7YAK\/"]}]}},"_links":{"self":[{"href":"https:\/\/energylandia.pl\/lt\/wp-json\/wp\/v2\/pages\/156983","targetHints":{"allow":["GET"]}}],"collection":[{"href":"https:\/\/energylandia.pl\/lt\/wp-json\/wp\/v2\/pages"}],"about":[{"href":"https:\/\/energylandia.pl\/lt\/wp-json\/wp\/v2\/types\/page"}],"author":[{"embeddable":true,"href":"https:\/\/energylandia.pl\/lt\/wp-json\/wp\/v2\/users\/26"}],"replies":[{"embeddable":true,"href":"https:\/\/energylandia.pl\/lt\/wp-json\/wp\/v2\/comments?post=156983"}],"version-history":[{"count":23,"href":"https:\/\/energylandia.pl\/lt\/wp-json\/wp\/v2\/pages\/156983\/revisions"}],"predecessor-version":[{"id":315044,"href":"https:\/\/energylandia.pl\/lt\/wp-json\/wp\/v2\/pages\/156983\/revisions\/315044"}],"wp:attachment":[{"href":"https:\/\/energylandia.pl\/lt\/wp-json\/wp\/v2\/media?parent=156983"}],"curies":[{"name":"wp","href":"https:\/\/api.w.org\/{rel}","templated":true}]}}