{"id":155973,"date":"2022-03-07T22:20:47","date_gmt":"2022-03-07T21:20:47","guid":{"rendered":"https:\/\/n.energylandia.pl\/akademia-talentow\/"},"modified":"2025-04-09T08:41:59","modified_gmt":"2025-04-09T06:41:59","slug":"akademija-talentu-priemimas","status":"publish","type":"page","link":"https:\/\/energylandia.pl\/lt\/akademija-talentu-priemimas\/","title":{"rendered":"Akademija Talent\u0173 Pri\u0117mimas"},"content":{"rendered":"<p><img decoding=\"async\" class=\"alignnone wp-image-119394 size-full\" src=\"https:\/\/n.energylandia.pl\/wp-content\/uploads\/2022\/02\/praca_1200x628-1.jpg\" alt=\"\" width= \"1200\" height=\"628\" srcset=\"https:\/\/energylandia.pl\/wp-content\/uploads\/2022\/02\/praca_1200x628-1.jpg 1200w, https:\/\/energylandia.pl\/wp-content\/uploads\/2022\/02\/praca_1200x628-1-900x471.jpg 900w\" sizes=\"(max-width: 1200px) 100vw, 1200px\" \/><\/p>\n<p>\u201eEnergyland\u201c pramog\u0173 parkas Zatore yra did\u017eiausias tokio tipo objektas m\u016bs\u0173 \u0161alyje. Daugiau nei 123 atrakcionai i\u0161sid\u0117st\u0119 ma\u017edaug 70 hektar\u0173 plote.<\/p>\n<p><strong>Nuolatinio tobul\u0117jimo d\u0117ka ie\u0161kome kandidat\u0173 \u012f \u0161ias pareigas:<\/strong><\/p>\n<ul>\n<li>pritraukimo operatoriai ir \u012franga<\/li>\n<li>kasininkai<\/li>\n<li>vir\u0117jai<\/li>\n<li>vir\u0117jai<\/li>\n<li>pagalbininkai virtuv\u0117je<\/li>\n<li>konditeriai<\/li>\n<li>kep\u0117jai<\/li>\n<li>valymo priemon\u0117s<\/li>\n<li>sodininkai<\/li>\n<li>turist\u0173 sraut\u0105 aptarnaujantys darbuotojai<\/li>\n<li>informacijos linijos darbuotojai<\/li>\n<li>vandens gelb\u0117tojai<\/li>\n<li>elektrikai<\/li>\n<li>mechanika<\/li>\n<li>animatoriai<\/li>\n<li>prane\u0161\u0117jai<\/li>\n<li>skulptori\u0173<\/li>\n<li>nustatyti gamybos darbuotojus<\/li>\n<li>apsaugos darbuotojai<\/li>\n<li>menininkai<\/li>\n<li>sand\u0117lio darbuotojai<\/li>\n<li>logistika<\/li>\n<\/ul>\n<p><strong>K\u0105 mes si\u016blome?<\/strong><\/p>\n<ul>\n<li>Dirbu modernioje \u012fmon\u0117je<\/li>\n<li>Galimyb\u0117 toliau tobul\u0117ti<\/li>\n<li>Patrauklus valandinis atlyginimas<\/li>\n<li>Nemokami bilietai \u012f park\u0105<\/li>\n<\/ul>\n<p><strong>Ko tikim\u0117s?<\/strong><\/p>\n<ul>\n<li>Patikimumas ir s\u0105\u017einingumas<\/li>\n<li>Motyvacija dirbti<\/li>\n<li>Bendravimas ir entuziazmas bendraujant su \u017emon\u0117mis<\/li>\n<\/ul>\n<p><strong>CV su nuotrauka si\u0173sti el. pa\u0161to adresu praca@energylandia.pl lai\u0161ko antra\u0161t\u0117je, norimas pareigas nurodyti naudojant kandidato \u012f darb\u0105 parai\u0161k\u0105 (puslapio apa\u010dioje) arba atne\u0161ti asmeni\u0161kai \u012f Energyland parko biur\u0105 al. 3 Maia 2, 32-640 Zator. Telefonas: +48 605 572 228<\/strong><br \/>\n\u012emon\u0117 pasilieka teis\u0119 susisiekti tik su atrinktais kandidatais.<\/p>\n<hr \/>\n<p>Prid\u0117kite \u0161\u012f element\u0105 prie savo parai\u0161kos:<br \/>\nRemdamasis Bendrojo duomen\u0173 apsaugos reglamento nuostatomis (2016-04-27 Europos Parlamento ir Tarybos (ES) reglamentas 2016\/679; toliau BDAR), parei\u0161kiu, kad sutinku, kad Administratorius tvarkyt\u0173 duomenis \u2013 <strong >Energylandia Gocza\u0142 Family sp. k.<\/strong> ribotos atsakomyb\u0117s bendrov\u0117 Energylandia LLC, kurios b\u016bstin\u0117 yra Zatore (toliau \u201eEnergyland\u201c) mano asmens duomenis \u2013 kuriems sutikimas, \u012fskaitant ai\u0161k\u0173, reikalingas pagal \u012fstatym\u0105, remiantis 2 str. 6 poros 1 dalis a arba str. 9 poros BDAR 2 a dalis, kuri\u0105 a\u0161 savanori\u0161kai pateikiau \u2013 \u012ftraukta \u012f kandidato \u012f darb\u0105 parai\u0161k\u0105 (\u012fskaitant gyvenimo apra\u0161ym\u0105) Energyland \u012fdarbinimo proced\u016bros tikslais:<br \/>\n1. pareigoms u\u017eimti: ______________________________________________________________<br \/>\n(\u012fveskite pozicij\u0105)<br \/>\n2. tikslams (pasirinkite tinkam\u0105):<br \/>\n&#8211; dabartinis \u012fdarbinimas;<br \/>\n&#8211; esamas ir b\u016bsimas \u012fdarbinimas laikotarpiu iki einam\u0173j\u0173 kalendorini\u0173 met\u0173 pabaigos.<\/p>\n<hr \/>\n<p>Informuojame, kad pagal str. Bendrojo duomen\u0173 apsaugos reglamento (2016 m. baland\u017eio 27 d. Europos Parlamento ir Tarybos (ES) reglamentas 2016\/679, toliau \u2013 GDPR) 13 p., jei kreipiat\u0117s d\u0117l darbo:<\/p>\n<p>1. J\u016bs\u0173 asmens duomen\u0173 administratorius yra Energyland \u0161eimos pramog\u0173 parko Zator mieste, taip pat interneto paslaug\u0173 su domenu www.energylandia.pl savininkas &#8211; Energy 2000 ribotos atsakomyb\u0117s bendrov\u0117 Energylandia LLC, kurios b\u016bstin\u0117 yra Al. 3 Maja 2, 32-640 Zator, KRS: 0000605098, NIP: 5511735768, el. pa\u0161tas: info@energylandia.pl, telefonas: +48 (33) 486 15 00 (vadinamas &#8220;Atrakcion\u0173 parkas&#8221;). Administratorius informuoja, kad paskyr\u0117 duomen\u0173 apsaugos inspektori\u0173, su kuriuo galima susisiekti ra\u0161tu elektroninio pa\u0161to adresu: iod@energylandia.pl arba duomen\u0173 apsaugos inspektoriaus pa\u0161to adresu: IZD ENERGYLAND, al. 69\/4 pulkininko Belina-Prazhmowski gatv\u0117, 31-514 Krokuva.<\/p>\n<p>2. J\u016bs\u0173 duomenys tvarkomi \u012fdarbinimo (kandidat\u016bros per\u017ei\u016bros ir \u012fdarbinimo proceso) \u012f auk\u0161\u010diau apra\u0161ytas pareigas (arba pareigas, jei pretenduojate \u012f daugiau nei vien\u0105 pozicij\u0105) tikslu. Duomen\u0173 tvarkymo pagrindas atitinkamai yra: Pra\u0161ymo sudaryti darbo sutart\u012f pateikimo atveju: 1 str. 6 poros 1 dalis c GDPR pagal str. Darbo kodekso 22 straipsnio 1 dalies 1 punktas ir 3 punktas, taip pat &#8211; jei duomenys, i\u0161skyrus nurodytus DK 12 str. Darbo kodekso 22 straipsnio 1 dalis 1 str. 6 poros 1 dalis GDPR arba str. 9 poros 2 dalis GDPR \u2013 remiantis \u0161iuose BDAR reglamentuose nurodyto kandidato sutikimu; pra\u0161ymo sudaryti \u012fgaliojim\u0105 pateikimo atveju: 1 str. 6 poros 1 BDAR b dalis duomen\u0173, reikaling\u0173 imtis priemoni\u0173, susijusi\u0173 su \u012fdarbinimo procesu, srityje; ir be \u0161ios srities, remiantis kandidato sutikimu, nurodytu str. 6 poros 1 dalis GDPR arba str. 9 poros 2 dalis GDPR. Be to, abiem atvejais pasitikrinti kandidato profil\u012f socialiniuose tinkluose ir vie\u0161uosiuose registruose vadovaujantis 2 str. 6 poros 1 dalis f GDPR. Kandidato \u012f darb\u0105 parai\u0161koje esantys duomenys taip pat gali b\u016bti tvarkomi vadovaujantis teis\u0117tais Administratoriaus interesais, tik reikiamoje srityje, siekiant nustatyti\/i\u0161studijuoti teises ar apsaug\u0105 nuo pretenzij\u0173, susijusi\u0173 su \u0161ia \u012fdarbinimo proced\u016bra, remiantis 2005 m. 6 poros 1 dalis f GDPR.<\/p>\n<p>3. Kandidato duomenys bus saugomi iki trisde\u0161imties dien\u0173 po \u012fdarbinimo \u012f pareigas, \u012f kurias kandidatas pretendavo, i\u0161skyrus atvejus, kai kandidatas sutiko, kad duomenys b\u016bt\u0173 naudojami v\u0117lesniuose \u012fdarbinimuose (\u012f parai\u0161koje nurodytas pareigas). tada duomenys bus saugomi iki trisde\u0161imties dien\u0173 pasibaigus kalendoriniams metams, kuriais kandidatas kreip\u0117si d\u0117l darbo \u2013 o tai neriboja kandidato teisi\u0173, kurios aptariamos pastraipoje \u017eemiau.<\/p>\n<p>4. J\u016bs turite teis\u0119 pra\u0161yti Administratoriaus leisti susipa\u017einti su savo asmens duomenimis, juos i\u0161taisyti, i\u0161trinti arba apriboti tvarkym\u0105 arba teis\u0119 nesutikti, kad tvarkymas b\u016bt\u0173 tvarkomas, taip pat teis\u0119 perkelti duomenis, ir teis\u0119 pateikti skund\u0105 reguliavimo institucija \u2013 Asmens duomen\u0173 apsaugos tarnybos prezidentas.<\/p>\n<p>5. Tai jeigu valdymas vykdomas pagal g. 6 poros 1 dalis a arba g. BDAR 9 poros 2 dalis &#8211; J\u016bs turite teis\u0119 bet kada at\u0161aukti sutikim\u0105, nedarant \u012ftakos duomen\u0173 tvarkymui, kuris buvo atliktas remiantis sutikimu iki jo at\u0161aukimo, teisetumui.<br \/>\n6. Asmens duomen\u0173 pateikimas gyvenimo apra\u0161yme (galb\u016bt motyvaciniame lai\u0161ke) yra savanori\u0161kas, nors privalomas \u012fdarbinimo procese, ir vadovaujantis 2009 m. Darbo kodekso 22 straipsnio 1 dalies 1 punktas, Administratorius, jeigu kandidatas kreipiasi \u012f darb\u0105 pagal darbo sutart\u012f, turi teis\u0119 reikalauti i\u0161 kandidato pateikti duomenis apie: s) ir pavard\u0117; t\u0117v\u0173 vardai; Gimimo data; gyvenamosios vietos (pa\u0161to siunt\u0173 adresai); i\u0161silavinimas ir ankstesni darbai. Atsisakius pateikti \u012fdarbinimo procesui reikalingus duomenis, parai\u0161ka d\u0117l darbo gali b\u016bti nenagrin\u0117ta, o duomenys i\u0161trinti pagal BDAR ir auk\u0161\u010diau nurodytus punktus.<\/p>\n<p>7. Administratorius nepriima sprendim\u0173 automatizuotu b\u016bdu.<\/p>\n","protected":false},"excerpt":{"rendered":"<p>\u201eEnergyland\u201c pramog\u0173 parkas Zatore yra did\u017eiausias tokio tipo objektas m\u016bs\u0173 \u0161alyje. Daugiau nei 123 atrakcionai i\u0161sid\u0117st\u0119 ma\u017edaug 70 hektar\u0173 plote. Nuolatinio tobul\u0117jimo d\u0117ka ie\u0161kome kandidat\u0173 \u012f \u0161ias pareigas: pritraukimo operatoriai ir \u012franga kasininkai vir\u0117jai vir\u0117jai pagalbininkai virtuv\u0117je konditeriai kep\u0117jai valymo priemon\u0117s sodininkai turist\u0173 sraut\u0105 aptarnaujantys darbuotojai informacijos linijos darbuotojai vandens gelb\u0117tojai elektrikai mechanika animatoriai prane\u0161\u0117jai [&hellip;]<\/p>\n","protected":false},"author":28,"featured_media":0,"parent":0,"menu_order":249,"comment_status":"closed","ping_status":"closed","template":"templates\/page8.php","meta":{"footnotes":""},"class_list":["post-155973","page","type-page","status-publish","hentry"],"acf":[],"yoast_head":"<!-- This site is optimized with the Yoast SEO plugin v20.9 - https:\/\/yoast.com\/wordpress\/plugins\/seo\/ -->\n<title>Akademija Talent\u0173 Pri\u0117mimas - ENERGYLANDIA - Rodzinny Park Rozrywki w Zatorze<\/title>\n<meta name=\"description\" content=\"Na stronie Energylandia oferty pracy znajd\u0105 Pa\u0144stwo ciekawe propozycje pracy. Zatrudnienie w Parku Rozrywki to doskona\u0142y pomys\u0142 na dodatkowe zarobki oraz idealna praca na wakacje.\" \/>\n<meta name=\"robots\" content=\"index, follow, max-snippet:-1, max-image-preview:large, max-video-preview:-1\" \/>\n<meta property=\"og:locale\" content=\"lt_LT\" \/>\n<meta property=\"og:type\" content=\"article\" \/>\n<meta property=\"og:title\" content=\"Akademija Talent\u0173 Pri\u0117mimas - ENERGYLANDIA - Rodzinny Park Rozrywki w Zatorze\" \/>\n<meta property=\"og:description\" content=\"Na stronie Energylandia oferty pracy znajd\u0105 Pa\u0144stwo ciekawe propozycje pracy. Zatrudnienie w Parku Rozrywki to doskona\u0142y pomys\u0142 na dodatkowe zarobki oraz idealna praca na wakacje.\" \/>\n<meta property=\"og:url\" content=\"https:\/\/energylandia.pl\/lt\/akademija-talentu-priemimas\/\" \/>\n<meta property=\"og:site_name\" content=\"ENERGYLANDIA - Rodzinny Park Rozrywki w Zatorze\" \/>\n<meta property=\"article:publisher\" content=\"https:\/\/www.facebook.com\/EnergyLandia\" \/>\n<meta property=\"article:modified_time\" content=\"2025-04-09T06:41:59+00:00\" \/>\n<meta property=\"og:image\" content=\"https:\/\/n.energylandia.pl\/wp-content\/uploads\/2022\/02\/praca_1200x628-1.jpg\" \/>\n<meta name=\"twitter:card\" content=\"summary_large_image\" \/>\n<meta name=\"twitter:label1\" content=\"Est. reading time\" \/>\n\t<meta name=\"twitter:data1\" content=\"7 minut\u0117s\" \/>\n<script type=\"application\/ld+json\" class=\"yoast-schema-graph\">{\"@context\":\"https:\/\/schema.org\",\"@graph\":[{\"@type\":\"WebPage\",\"@id\":\"https:\/\/energylandia.pl\/lt\/akademija-talentu-priemimas\/\",\"url\":\"https:\/\/energylandia.pl\/lt\/akademija-talentu-priemimas\/\",\"name\":\"Akademija Talent\u0173 Pri\u0117mimas - ENERGYLANDIA - Rodzinny Park Rozrywki w Zatorze\",\"isPartOf\":{\"@id\":\"https:\/\/energylandia.pl\/#website\"},\"datePublished\":\"2022-03-07T21:20:47+00:00\",\"dateModified\":\"2025-04-09T06:41:59+00:00\",\"description\":\"Na stronie Energylandia oferty pracy znajd\u0105 Pa\u0144stwo ciekawe propozycje pracy. Zatrudnienie w Parku Rozrywki to doskona\u0142y pomys\u0142 na dodatkowe zarobki oraz idealna praca na wakacje.\",\"breadcrumb\":{\"@id\":\"https:\/\/energylandia.pl\/lt\/akademija-talentu-priemimas\/#breadcrumb\"},\"inLanguage\":\"lt-LT\",\"potentialAction\":[{\"@type\":\"ReadAction\",\"target\":[\"https:\/\/energylandia.pl\/lt\/akademija-talentu-priemimas\/\"]}]},{\"@type\":\"BreadcrumbList\",\"@id\":\"https:\/\/energylandia.pl\/lt\/akademija-talentu-priemimas\/#breadcrumb\",\"itemListElement\":[{\"@type\":\"ListItem\",\"position\":1,\"name\":\"Strona g\u0142\u00f3wna\",\"item\":\"https:\/\/energylandia.pl\/lt\/\"},{\"@type\":\"ListItem\",\"position\":2,\"name\":\"Akademija Talent\u0173 Pri\u0117mimas\"}]},{\"@type\":\"WebSite\",\"@id\":\"https:\/\/energylandia.pl\/#website\",\"url\":\"https:\/\/energylandia.pl\/\",\"name\":\"ENERGYLANDIA - Rodzinny Park Rozrywki w Zatorze\",\"description\":\"ENERGYLANDIA - najwi\u0119kszy rodzinny Park Rozrywki w Polsce!\",\"publisher\":{\"@id\":\"https:\/\/energylandia.pl\/#organization\"},\"potentialAction\":[{\"@type\":\"SearchAction\",\"target\":{\"@type\":\"EntryPoint\",\"urlTemplate\":\"https:\/\/energylandia.pl\/?s={search_term_string}\"},\"query-input\":\"required name=search_term_string\"}],\"inLanguage\":\"lt-LT\"},{\"@type\":\"Organization\",\"@id\":\"https:\/\/energylandia.pl\/#organization\",\"name\":\"Energylandia\",\"url\":\"https:\/\/energylandia.pl\/\",\"logo\":{\"@type\":\"ImageObject\",\"inLanguage\":\"lt-LT\",\"@id\":\"https:\/\/energylandia.pl\/#\/schema\/logo\/image\/\",\"url\":\"\",\"contentUrl\":\"\",\"caption\":\"Energylandia\"},\"image\":{\"@id\":\"https:\/\/energylandia.pl\/#\/schema\/logo\/image\/\"},\"sameAs\":[\"https:\/\/www.facebook.com\/EnergyLandia\",\"https:\/\/www.youtube.com\/channel\/UCPj-Bs4Pfub_Bm04BOfyDoA\",\"https:\/\/vm.tiktok.com\/Tw7YAK\/\"]}]}<\/script>\n<!-- \/ Yoast SEO plugin. -->","yoast_head_json":{"title":"Akademija Talent\u0173 Pri\u0117mimas - ENERGYLANDIA - Rodzinny Park Rozrywki w Zatorze","description":"Na stronie Energylandia oferty pracy znajd\u0105 Pa\u0144stwo ciekawe propozycje pracy. Zatrudnienie w Parku Rozrywki to doskona\u0142y pomys\u0142 na dodatkowe zarobki oraz idealna praca na wakacje.","robots":{"index":"index","follow":"follow","max-snippet":"max-snippet:-1","max-image-preview":"max-image-preview:large","max-video-preview":"max-video-preview:-1"},"og_locale":"lt_LT","og_type":"article","og_title":"Akademija Talent\u0173 Pri\u0117mimas - ENERGYLANDIA - Rodzinny Park Rozrywki w Zatorze","og_description":"Na stronie Energylandia oferty pracy znajd\u0105 Pa\u0144stwo ciekawe propozycje pracy. Zatrudnienie w Parku Rozrywki to doskona\u0142y pomys\u0142 na dodatkowe zarobki oraz idealna praca na wakacje.","og_url":"https:\/\/energylandia.pl\/lt\/akademija-talentu-priemimas\/","og_site_name":"ENERGYLANDIA - Rodzinny Park Rozrywki w Zatorze","article_publisher":"https:\/\/www.facebook.com\/EnergyLandia","article_modified_time":"2025-04-09T06:41:59+00:00","og_image":[{"url":"https:\/\/n.energylandia.pl\/wp-content\/uploads\/2022\/02\/praca_1200x628-1.jpg"}],"twitter_card":"summary_large_image","twitter_misc":{"Est. reading time":"7 minut\u0117s"},"schema":{"@context":"https:\/\/schema.org","@graph":[{"@type":"WebPage","@id":"https:\/\/energylandia.pl\/lt\/akademija-talentu-priemimas\/","url":"https:\/\/energylandia.pl\/lt\/akademija-talentu-priemimas\/","name":"Akademija Talent\u0173 Pri\u0117mimas - ENERGYLANDIA - Rodzinny Park Rozrywki w Zatorze","isPartOf":{"@id":"https:\/\/energylandia.pl\/#website"},"datePublished":"2022-03-07T21:20:47+00:00","dateModified":"2025-04-09T06:41:59+00:00","description":"Na stronie Energylandia oferty pracy znajd\u0105 Pa\u0144stwo ciekawe propozycje pracy. Zatrudnienie w Parku Rozrywki to doskona\u0142y pomys\u0142 na dodatkowe zarobki oraz idealna praca na wakacje.","breadcrumb":{"@id":"https:\/\/energylandia.pl\/lt\/akademija-talentu-priemimas\/#breadcrumb"},"inLanguage":"lt-LT","potentialAction":[{"@type":"ReadAction","target":["https:\/\/energylandia.pl\/lt\/akademija-talentu-priemimas\/"]}]},{"@type":"BreadcrumbList","@id":"https:\/\/energylandia.pl\/lt\/akademija-talentu-priemimas\/#breadcrumb","itemListElement":[{"@type":"ListItem","position":1,"name":"Strona g\u0142\u00f3wna","item":"https:\/\/energylandia.pl\/lt\/"},{"@type":"ListItem","position":2,"name":"Akademija Talent\u0173 Pri\u0117mimas"}]},{"@type":"WebSite","@id":"https:\/\/energylandia.pl\/#website","url":"https:\/\/energylandia.pl\/","name":"ENERGYLANDIA - Rodzinny Park Rozrywki w Zatorze","description":"ENERGYLANDIA - najwi\u0119kszy rodzinny Park Rozrywki w Polsce!","publisher":{"@id":"https:\/\/energylandia.pl\/#organization"},"potentialAction":[{"@type":"SearchAction","target":{"@type":"EntryPoint","urlTemplate":"https:\/\/energylandia.pl\/?s={search_term_string}"},"query-input":"required name=search_term_string"}],"inLanguage":"lt-LT"},{"@type":"Organization","@id":"https:\/\/energylandia.pl\/#organization","name":"Energylandia","url":"https:\/\/energylandia.pl\/","logo":{"@type":"ImageObject","inLanguage":"lt-LT","@id":"https:\/\/energylandia.pl\/#\/schema\/logo\/image\/","url":"","contentUrl":"","caption":"Energylandia"},"image":{"@id":"https:\/\/energylandia.pl\/#\/schema\/logo\/image\/"},"sameAs":["https:\/\/www.facebook.com\/EnergyLandia","https:\/\/www.youtube.com\/channel\/UCPj-Bs4Pfub_Bm04BOfyDoA","https:\/\/vm.tiktok.com\/Tw7YAK\/"]}]}},"_links":{"self":[{"href":"https:\/\/energylandia.pl\/lt\/wp-json\/wp\/v2\/pages\/155973","targetHints":{"allow":["GET"]}}],"collection":[{"href":"https:\/\/energylandia.pl\/lt\/wp-json\/wp\/v2\/pages"}],"about":[{"href":"https:\/\/energylandia.pl\/lt\/wp-json\/wp\/v2\/types\/page"}],"author":[{"embeddable":true,"href":"https:\/\/energylandia.pl\/lt\/wp-json\/wp\/v2\/users\/28"}],"replies":[{"embeddable":true,"href":"https:\/\/energylandia.pl\/lt\/wp-json\/wp\/v2\/comments?post=155973"}],"version-history":[{"count":1,"href":"https:\/\/energylandia.pl\/lt\/wp-json\/wp\/v2\/pages\/155973\/revisions"}],"predecessor-version":[{"id":155974,"href":"https:\/\/energylandia.pl\/lt\/wp-json\/wp\/v2\/pages\/155973\/revisions\/155974"}],"wp:attachment":[{"href":"https:\/\/energylandia.pl\/lt\/wp-json\/wp\/v2\/media?parent=155973"}],"curies":[{"name":"wp","href":"https:\/\/api.w.org\/{rel}","templated":true}]}}