{"id":155960,"date":"2016-03-25T15:21:18","date_gmt":"2016-03-25T14:21:18","guid":{"rendered":"https:\/\/n.energylandia.pl\/dotacje\/"},"modified":"2024-04-22T19:10:28","modified_gmt":"2024-04-22T17:10:28","slug":"dotacje","status":"publish","type":"page","link":"https:\/\/energylandia.pl\/lt\/dotacje\/","title":{"rendered":"Parama"},"content":{"rendered":"<p>Energylandia Parkas Zatore turi gaus\u0173 patirt\u012f vykdant projektus, susijusius su Roller Coasteri\u0173 \u012fgyvendinimu ir naujovi\u0161k\u0173 sprendim\u0173 diegimu tarptautiniu mastu. M\u016bs\u0173 \u012fmon\u0117 iki \u0161iol \u012fgyvendino \u0161iuos projektus, finansuotus Europos S\u0105jungos programomis:<\/p>\n<p><strong>\u201eInovatyvaus pramog\u0173 parko statyba &#8211; technologij\u0173, pramog\u0173, \u0161vietimo: edukaciniai pramogai\u201d<\/strong><br \/>\n4.4 veiklos programos \u201eInvesticijos \u012f pramonin\u0117s infrastrukt\u016bros pl\u0117tr\u0105\u201d (POIG) ribose.<br \/>\n\u0160io projekto bruto vert\u0117 buvo 73 829 564 zlotai, o finansavimo suma &#8211; 41 752 988 zlotai.<\/p>\n<p><strong>\u201eRevoliucija pramog\u0173 industrijoje &#8211; fizin\u0117s patirties ir virtualios realyb\u0117s jungtis\u201d<\/strong><br \/>\n4.4 veiklos programos \u201eInvesticijos \u012f pramonin\u0117s infrastrukt\u016bros pl\u0117tr\u0105\u201d (POIG) ribose.<br \/>\n\u0160io projekto bruto vert\u0117 buvo 71 316 100 zlotai, o finansavimo suma &#8211; 34 002 450 zlotai.<br \/>\n\u0160io projekto metu buvo pastatyti 3 nauji Roller Coasteriai, \u012frengti unikal\u016bs pasaulio mastu pramog\u0173 pramon\u0117je technologijos, jungian\u010dios reali\u0105 pramog\u0105 su virtualiu pasauliu.<\/p>\n<p><img decoding=\"async\" class=\"aligncenter size-large wp-image-10391\" src=\"http:\/\/energylandia.pl\/wp-content\/uploads\/2016\/03\/zdjecie-dotacje-1200x706.jpg\" alt=\"zdjecie dotacje\" width=\"1200\" height=\"706\" \/><\/p>\n","protected":false},"excerpt":{"rendered":"<p>Energylandia Parkas Zatore turi gaus\u0173 patirt\u012f vykdant projektus, susijusius su Roller Coasteri\u0173 \u012fgyvendinimu ir naujovi\u0161k\u0173 sprendim\u0173 diegimu tarptautiniu mastu. M\u016bs\u0173 \u012fmon\u0117 iki \u0161iol \u012fgyvendino \u0161iuos projektus, finansuotus Europos S\u0105jungos programomis: \u201eInovatyvaus pramog\u0173 parko statyba &#8211; technologij\u0173, pramog\u0173, \u0161vietimo: edukaciniai pramogai\u201d 4.4 veiklos programos \u201eInvesticijos \u012f pramonin\u0117s infrastrukt\u016bros pl\u0117tr\u0105\u201d (POIG) ribose. \u0160io projekto bruto vert\u0117 buvo [&hellip;]<\/p>\n","protected":false},"author":36,"featured_media":0,"parent":0,"menu_order":274,"comment_status":"closed","ping_status":"closed","template":"templates\/page8.php","meta":{"footnotes":""},"class_list":["post-155960","page","type-page","status-publish","hentry"],"acf":[],"yoast_head":"<!-- This site is optimized with the Yoast SEO plugin v20.9 - https:\/\/yoast.com\/wordpress\/plugins\/seo\/ -->\n<title>Parama - ENERGYLANDIA - Rodzinny Park Rozrywki w Zatorze<\/title>\n<meta name=\"robots\" content=\"index, follow, max-snippet:-1, max-image-preview:large, max-video-preview:-1\" \/>\n<meta property=\"og:locale\" content=\"lt_LT\" \/>\n<meta property=\"og:type\" content=\"article\" \/>\n<meta property=\"og:title\" content=\"Parama - ENERGYLANDIA - Rodzinny Park Rozrywki w Zatorze\" \/>\n<meta property=\"og:description\" content=\"Energylandia Parkas Zatore turi gaus\u0173 patirt\u012f vykdant projektus, susijusius su Roller Coasteri\u0173 \u012fgyvendinimu ir naujovi\u0161k\u0173 sprendim\u0173 diegimu tarptautiniu mastu. M\u016bs\u0173 \u012fmon\u0117 iki \u0161iol \u012fgyvendino \u0161iuos projektus, finansuotus Europos S\u0105jungos programomis: \u201eInovatyvaus pramog\u0173 parko statyba &#8211; technologij\u0173, pramog\u0173, \u0161vietimo: edukaciniai pramogai\u201d 4.4 veiklos programos \u201eInvesticijos \u012f pramonin\u0117s infrastrukt\u016bros pl\u0117tr\u0105\u201d (POIG) ribose. \u0160io projekto bruto vert\u0117 buvo [&hellip;]\" \/>\n<meta property=\"og:url\" content=\"https:\/\/energylandia.pl\/lt\/dotacje\/\" \/>\n<meta property=\"og:site_name\" content=\"ENERGYLANDIA - Rodzinny Park Rozrywki w Zatorze\" \/>\n<meta property=\"article:publisher\" content=\"https:\/\/www.facebook.com\/EnergyLandia\" \/>\n<meta property=\"article:modified_time\" content=\"2024-04-22T17:10:28+00:00\" \/>\n<meta property=\"og:image\" content=\"http:\/\/energylandia.pl\/wp-content\/uploads\/2016\/03\/zdjecie-dotacje-1200x706.jpg\" \/>\n<meta name=\"twitter:card\" content=\"summary_large_image\" \/>\n<meta name=\"twitter:label1\" content=\"Est. reading time\" \/>\n\t<meta name=\"twitter:data1\" content=\"1 minut\u0117\" \/>\n<script type=\"application\/ld+json\" class=\"yoast-schema-graph\">{\"@context\":\"https:\/\/schema.org\",\"@graph\":[{\"@type\":\"WebPage\",\"@id\":\"https:\/\/energylandia.pl\/lt\/dotacje\/\",\"url\":\"https:\/\/energylandia.pl\/lt\/dotacje\/\",\"name\":\"Parama - ENERGYLANDIA - Rodzinny Park Rozrywki w Zatorze\",\"isPartOf\":{\"@id\":\"https:\/\/energylandia.pl\/#website\"},\"datePublished\":\"2016-03-25T14:21:18+00:00\",\"dateModified\":\"2024-04-22T17:10:28+00:00\",\"breadcrumb\":{\"@id\":\"https:\/\/energylandia.pl\/lt\/dotacje\/#breadcrumb\"},\"inLanguage\":\"lt-LT\",\"potentialAction\":[{\"@type\":\"ReadAction\",\"target\":[\"https:\/\/energylandia.pl\/lt\/dotacje\/\"]}]},{\"@type\":\"BreadcrumbList\",\"@id\":\"https:\/\/energylandia.pl\/lt\/dotacje\/#breadcrumb\",\"itemListElement\":[{\"@type\":\"ListItem\",\"position\":1,\"name\":\"Strona g\u0142\u00f3wna\",\"item\":\"https:\/\/energylandia.pl\/lt\/\"},{\"@type\":\"ListItem\",\"position\":2,\"name\":\"Parama\"}]},{\"@type\":\"WebSite\",\"@id\":\"https:\/\/energylandia.pl\/#website\",\"url\":\"https:\/\/energylandia.pl\/\",\"name\":\"ENERGYLANDIA - Rodzinny Park Rozrywki w Zatorze\",\"description\":\"ENERGYLANDIA - najwi\u0119kszy rodzinny Park Rozrywki w Polsce!\",\"publisher\":{\"@id\":\"https:\/\/energylandia.pl\/#organization\"},\"potentialAction\":[{\"@type\":\"SearchAction\",\"target\":{\"@type\":\"EntryPoint\",\"urlTemplate\":\"https:\/\/energylandia.pl\/?s={search_term_string}\"},\"query-input\":\"required name=search_term_string\"}],\"inLanguage\":\"lt-LT\"},{\"@type\":\"Organization\",\"@id\":\"https:\/\/energylandia.pl\/#organization\",\"name\":\"Energylandia\",\"url\":\"https:\/\/energylandia.pl\/\",\"logo\":{\"@type\":\"ImageObject\",\"inLanguage\":\"lt-LT\",\"@id\":\"https:\/\/energylandia.pl\/#\/schema\/logo\/image\/\",\"url\":\"\",\"contentUrl\":\"\",\"caption\":\"Energylandia\"},\"image\":{\"@id\":\"https:\/\/energylandia.pl\/#\/schema\/logo\/image\/\"},\"sameAs\":[\"https:\/\/www.facebook.com\/EnergyLandia\",\"https:\/\/www.youtube.com\/channel\/UCPj-Bs4Pfub_Bm04BOfyDoA\",\"https:\/\/vm.tiktok.com\/Tw7YAK\/\"]}]}<\/script>\n<!-- \/ Yoast SEO plugin. -->","yoast_head_json":{"title":"Parama - ENERGYLANDIA - Rodzinny Park Rozrywki w Zatorze","robots":{"index":"index","follow":"follow","max-snippet":"max-snippet:-1","max-image-preview":"max-image-preview:large","max-video-preview":"max-video-preview:-1"},"og_locale":"lt_LT","og_type":"article","og_title":"Parama - ENERGYLANDIA - Rodzinny Park Rozrywki w Zatorze","og_description":"Energylandia Parkas Zatore turi gaus\u0173 patirt\u012f vykdant projektus, susijusius su Roller Coasteri\u0173 \u012fgyvendinimu ir naujovi\u0161k\u0173 sprendim\u0173 diegimu tarptautiniu mastu. M\u016bs\u0173 \u012fmon\u0117 iki \u0161iol \u012fgyvendino \u0161iuos projektus, finansuotus Europos S\u0105jungos programomis: \u201eInovatyvaus pramog\u0173 parko statyba &#8211; technologij\u0173, pramog\u0173, \u0161vietimo: edukaciniai pramogai\u201d 4.4 veiklos programos \u201eInvesticijos \u012f pramonin\u0117s infrastrukt\u016bros pl\u0117tr\u0105\u201d (POIG) ribose. \u0160io projekto bruto vert\u0117 buvo [&hellip;]","og_url":"https:\/\/energylandia.pl\/lt\/dotacje\/","og_site_name":"ENERGYLANDIA - Rodzinny Park Rozrywki w Zatorze","article_publisher":"https:\/\/www.facebook.com\/EnergyLandia","article_modified_time":"2024-04-22T17:10:28+00:00","og_image":[{"url":"http:\/\/energylandia.pl\/wp-content\/uploads\/2016\/03\/zdjecie-dotacje-1200x706.jpg"}],"twitter_card":"summary_large_image","twitter_misc":{"Est. reading time":"1 minut\u0117"},"schema":{"@context":"https:\/\/schema.org","@graph":[{"@type":"WebPage","@id":"https:\/\/energylandia.pl\/lt\/dotacje\/","url":"https:\/\/energylandia.pl\/lt\/dotacje\/","name":"Parama - ENERGYLANDIA - Rodzinny Park Rozrywki w Zatorze","isPartOf":{"@id":"https:\/\/energylandia.pl\/#website"},"datePublished":"2016-03-25T14:21:18+00:00","dateModified":"2024-04-22T17:10:28+00:00","breadcrumb":{"@id":"https:\/\/energylandia.pl\/lt\/dotacje\/#breadcrumb"},"inLanguage":"lt-LT","potentialAction":[{"@type":"ReadAction","target":["https:\/\/energylandia.pl\/lt\/dotacje\/"]}]},{"@type":"BreadcrumbList","@id":"https:\/\/energylandia.pl\/lt\/dotacje\/#breadcrumb","itemListElement":[{"@type":"ListItem","position":1,"name":"Strona g\u0142\u00f3wna","item":"https:\/\/energylandia.pl\/lt\/"},{"@type":"ListItem","position":2,"name":"Parama"}]},{"@type":"WebSite","@id":"https:\/\/energylandia.pl\/#website","url":"https:\/\/energylandia.pl\/","name":"ENERGYLANDIA - Rodzinny Park Rozrywki w Zatorze","description":"ENERGYLANDIA - najwi\u0119kszy rodzinny Park Rozrywki w Polsce!","publisher":{"@id":"https:\/\/energylandia.pl\/#organization"},"potentialAction":[{"@type":"SearchAction","target":{"@type":"EntryPoint","urlTemplate":"https:\/\/energylandia.pl\/?s={search_term_string}"},"query-input":"required name=search_term_string"}],"inLanguage":"lt-LT"},{"@type":"Organization","@id":"https:\/\/energylandia.pl\/#organization","name":"Energylandia","url":"https:\/\/energylandia.pl\/","logo":{"@type":"ImageObject","inLanguage":"lt-LT","@id":"https:\/\/energylandia.pl\/#\/schema\/logo\/image\/","url":"","contentUrl":"","caption":"Energylandia"},"image":{"@id":"https:\/\/energylandia.pl\/#\/schema\/logo\/image\/"},"sameAs":["https:\/\/www.facebook.com\/EnergyLandia","https:\/\/www.youtube.com\/channel\/UCPj-Bs4Pfub_Bm04BOfyDoA","https:\/\/vm.tiktok.com\/Tw7YAK\/"]}]}},"_links":{"self":[{"href":"https:\/\/energylandia.pl\/lt\/wp-json\/wp\/v2\/pages\/155960","targetHints":{"allow":["GET"]}}],"collection":[{"href":"https:\/\/energylandia.pl\/lt\/wp-json\/wp\/v2\/pages"}],"about":[{"href":"https:\/\/energylandia.pl\/lt\/wp-json\/wp\/v2\/types\/page"}],"author":[{"embeddable":true,"href":"https:\/\/energylandia.pl\/lt\/wp-json\/wp\/v2\/users\/36"}],"replies":[{"embeddable":true,"href":"https:\/\/energylandia.pl\/lt\/wp-json\/wp\/v2\/comments?post=155960"}],"version-history":[{"count":2,"href":"https:\/\/energylandia.pl\/lt\/wp-json\/wp\/v2\/pages\/155960\/revisions"}],"predecessor-version":[{"id":155962,"href":"https:\/\/energylandia.pl\/lt\/wp-json\/wp\/v2\/pages\/155960\/revisions\/155962"}],"wp:attachment":[{"href":"https:\/\/energylandia.pl\/lt\/wp-json\/wp\/v2\/media?parent=155960"}],"curies":[{"name":"wp","href":"https:\/\/api.w.org\/{rel}","templated":true}]}}