{"id":155948,"date":"2019-04-24T15:19:14","date_gmt":"2019-04-24T13:19:14","guid":{"rendered":"https:\/\/n.energylandia.pl\/bilet-dla-niepelnosprawnych\/"},"modified":"2025-05-29T10:19:03","modified_gmt":"2025-05-29T08:19:03","slug":"bietai-neigaliesiems","status":"publish","type":"page","link":"https:\/\/energylandia.pl\/lt\/bietai-neigaliesiems\/","title":{"rendered":"Bilietai ne\u012fgaliesiems"},"content":{"rendered":"<p><strong>Geriausi sve\u010diai,<\/strong><\/p>\n<p><strong>R\u016bpinam\u0117s savo sve\u010di\u0173 patogumu, tod\u0117l pareng\u0117me informacin\u012f leidin\u012f, kuris pad\u0117s susipa\u017einti su s\u0105lygomis, kaip asmenims su negalia naudotis pramogomis.<\/strong><\/p>\n<hr \/>\n<p><strong>BILIETAI NE\u012eGALIESIEMS:<\/strong><br \/>\nBilietus su nuolaida ne\u012fgaliesiems galima \u012fsigyti pateikus galiojant\u012f ne\u012fgaliojo pa\u017eym\u0117jim\u0105 (ar jo dublikat\u0105) arba original\u0173 negalios nustatymo dokument\u0105 (tik privalomus duomenys, patvirtinan\u010dius teis\u0119 naudotis \u0161iuo lengvatiniu bilietu). Bilietas su nuolaida taip pat skirtas \u017emon\u0117ms po traum\u0173, t. y. turintiems gips\u0105, \u012ftvar\u0105 ar protez\u0105.<\/p>\n<p><strong>ATRAKCIONAI<\/strong><br \/>\n\u017dmon\u0117ms su ribota jud\u0117jimo galimybe atrakcion\u0173 prieinamumas priklauso nuo negalios tipo. Kvie\u010diami apsilankyti ne\u012fgali\u0173j\u0173 aptarnavimo punkte, kuriame m\u016bs\u0173 specialistas nurodys jums tinkamus atrakcionus, kuriais gal\u0117site pasinaudoti. Aptarnavimo punktas yra prie pagrindinio parko \u012f\u0117jimo. Informacij\u0105 taip pat galima gauti el. pa\u0161tu adresu dostepnosc@energylandia.pl.<\/p>\n<p><strong>SAUGUMAS<\/strong><br \/>\n\u012erenginio personalas gali, d\u0117l saugumo prie\u017eas\u010di\u0173 ir objektyvi\u0173 atvej\u0173, atsisakyti leisti tam tikrai asmeniui, \u012fskaitant nepilname\u010dius, pensininkus, ne\u012fgaliuosius ar riboto jud\u0117jimo asmenis, naudotis tam tikru atrakcionu \/ \u012frenginiu d\u0117l jo arba \u0161alia esan\u010di\u0173 asmen\u0173 saugumo. (Parko pramog\u0173 reglamento 14 punktas). Tod\u0117l labai svarbu i\u0161 anksto apsilankyti ne\u012fgali\u0173j\u0173 aptarnavimo punkte.<\/p>\n<p>Buvo pateikta informacija, kad \u017emon\u0117s su regos sutrikimais gali naudotis amerikieti\u0161kais kalneliais.<\/p>\n<p><strong>INFRASTRUKT\u016aRA<\/strong><br \/>\n<strong>Automobili\u0173 stov\u0117jimo aik\u0161tel\u0117<\/strong><br \/>\nVisas \u201eEnergylandia&#8221; parko plotas pritaikytas \u017emon\u0117ms, judantiems ne\u012fgali\u0173j\u0173 ve\u017eim\u0117liais. Turime specialias automobili\u0173 stov\u0117jimo vietas ne\u012fgali\u0173j\u0173 automobiliams. Pateikus stov\u0117jimo kortel\u0119, stov\u0117jimas yra nemokamas.<\/p>\n<p><strong>Tualetai<\/strong><br \/>\n\u201eEnergylandia&#8221; parko tualetai pritaikyti ne\u012fgaliesiems, jie yra prieinami visose restoranuose ir nurodytose \u017eem\u0117lapyje vietose.<\/p>\n<p><strong>Medicininiai punktai<\/strong><br \/>\nParke yra du medicininiai punktai: \u0161alia vandens parko ir prie \u201eDragon&#8217;s Lair&#8221; pagrindinio \u012f\u0117jimo.<\/p>\n","protected":false},"excerpt":{"rendered":"<p>Geriausi sve\u010diai, R\u016bpinam\u0117s savo sve\u010di\u0173 patogumu, tod\u0117l pareng\u0117me informacin\u012f leidin\u012f, kuris pad\u0117s susipa\u017einti su s\u0105lygomis, kaip asmenims su negalia naudotis pramogomis. BILIETAI NE\u012eGALIESIEMS: Bilietus su nuolaida ne\u012fgaliesiems galima \u012fsigyti pateikus galiojant\u012f ne\u012fgaliojo pa\u017eym\u0117jim\u0105 (ar jo dublikat\u0105) arba original\u0173 negalios nustatymo dokument\u0105 (tik privalomus duomenys, patvirtinan\u010dius teis\u0119 naudotis \u0161iuo lengvatiniu bilietu). Bilietas su nuolaida taip pat [&hellip;]<\/p>\n","protected":false},"author":26,"featured_media":0,"parent":0,"menu_order":189,"comment_status":"closed","ping_status":"closed","template":"templates\/page8.php","meta":{"footnotes":""},"acf":[],"yoast_head":"<!-- This site is optimized with the Yoast SEO plugin v20.9 - https:\/\/yoast.com\/wordpress\/plugins\/seo\/ -->\n<title>Bilietai ne\u012fgaliesiems - ENERGYLANDIA - Rodzinny Park Rozrywki w Zatorze<\/title>\n<meta name=\"robots\" content=\"index, follow, max-snippet:-1, max-image-preview:large, max-video-preview:-1\" \/>\n<meta property=\"og:locale\" content=\"lt_LT\" \/>\n<meta property=\"og:type\" content=\"article\" \/>\n<meta property=\"og:title\" content=\"Bilietai ne\u012fgaliesiems - ENERGYLANDIA - Rodzinny Park Rozrywki w Zatorze\" \/>\n<meta property=\"og:description\" content=\"Geriausi sve\u010diai, R\u016bpinam\u0117s savo sve\u010di\u0173 patogumu, tod\u0117l pareng\u0117me informacin\u012f leidin\u012f, kuris pad\u0117s susipa\u017einti su s\u0105lygomis, kaip asmenims su negalia naudotis pramogomis. BILIETAI NE\u012eGALIESIEMS: Bilietus su nuolaida ne\u012fgaliesiems galima \u012fsigyti pateikus galiojant\u012f ne\u012fgaliojo pa\u017eym\u0117jim\u0105 (ar jo dublikat\u0105) arba original\u0173 negalios nustatymo dokument\u0105 (tik privalomus duomenys, patvirtinan\u010dius teis\u0119 naudotis \u0161iuo lengvatiniu bilietu). Bilietas su nuolaida taip pat [&hellip;]\" \/>\n<meta property=\"og:url\" content=\"https:\/\/energylandia.pl\/lt\/bietai-neigaliesiems\/\" \/>\n<meta property=\"og:site_name\" content=\"ENERGYLANDIA - Rodzinny Park Rozrywki w Zatorze\" \/>\n<meta property=\"article:publisher\" content=\"https:\/\/www.facebook.com\/EnergyLandia\" \/>\n<meta property=\"article:modified_time\" content=\"2025-05-29T08:19:03+00:00\" \/>\n<meta name=\"twitter:card\" content=\"summary_large_image\" \/>\n<meta name=\"twitter:label1\" content=\"Est. reading time\" \/>\n\t<meta name=\"twitter:data1\" content=\"2 minut\u0117s\" \/>\n<script type=\"application\/ld+json\" class=\"yoast-schema-graph\">{\"@context\":\"https:\/\/schema.org\",\"@graph\":[{\"@type\":\"WebPage\",\"@id\":\"https:\/\/energylandia.pl\/lt\/bietai-neigaliesiems\/\",\"url\":\"https:\/\/energylandia.pl\/lt\/bietai-neigaliesiems\/\",\"name\":\"Bilietai ne\u012fgaliesiems - ENERGYLANDIA - Rodzinny Park Rozrywki w Zatorze\",\"isPartOf\":{\"@id\":\"https:\/\/energylandia.pl\/#website\"},\"datePublished\":\"2019-04-24T13:19:14+00:00\",\"dateModified\":\"2025-05-29T08:19:03+00:00\",\"breadcrumb\":{\"@id\":\"https:\/\/energylandia.pl\/lt\/bietai-neigaliesiems\/#breadcrumb\"},\"inLanguage\":\"lt-LT\",\"potentialAction\":[{\"@type\":\"ReadAction\",\"target\":[\"https:\/\/energylandia.pl\/lt\/bietai-neigaliesiems\/\"]}]},{\"@type\":\"BreadcrumbList\",\"@id\":\"https:\/\/energylandia.pl\/lt\/bietai-neigaliesiems\/#breadcrumb\",\"itemListElement\":[{\"@type\":\"ListItem\",\"position\":1,\"name\":\"Strona g\u0142\u00f3wna\",\"item\":\"https:\/\/energylandia.pl\/lt\/\"},{\"@type\":\"ListItem\",\"position\":2,\"name\":\"Bilietai ne\u012fgaliesiems\"}]},{\"@type\":\"WebSite\",\"@id\":\"https:\/\/energylandia.pl\/#website\",\"url\":\"https:\/\/energylandia.pl\/\",\"name\":\"ENERGYLANDIA - Rodzinny Park Rozrywki w Zatorze\",\"description\":\"ENERGYLANDIA - najwi\u0119kszy rodzinny Park Rozrywki w Polsce!\",\"publisher\":{\"@id\":\"https:\/\/energylandia.pl\/#organization\"},\"potentialAction\":[{\"@type\":\"SearchAction\",\"target\":{\"@type\":\"EntryPoint\",\"urlTemplate\":\"https:\/\/energylandia.pl\/?s={search_term_string}\"},\"query-input\":\"required name=search_term_string\"}],\"inLanguage\":\"lt-LT\"},{\"@type\":\"Organization\",\"@id\":\"https:\/\/energylandia.pl\/#organization\",\"name\":\"Energylandia\",\"url\":\"https:\/\/energylandia.pl\/\",\"logo\":{\"@type\":\"ImageObject\",\"inLanguage\":\"lt-LT\",\"@id\":\"https:\/\/energylandia.pl\/#\/schema\/logo\/image\/\",\"url\":\"\",\"contentUrl\":\"\",\"caption\":\"Energylandia\"},\"image\":{\"@id\":\"https:\/\/energylandia.pl\/#\/schema\/logo\/image\/\"},\"sameAs\":[\"https:\/\/www.facebook.com\/EnergyLandia\",\"https:\/\/www.youtube.com\/channel\/UCPj-Bs4Pfub_Bm04BOfyDoA\",\"https:\/\/vm.tiktok.com\/Tw7YAK\/\"]}]}<\/script>\n<!-- \/ Yoast SEO plugin. -->","yoast_head_json":{"title":"Bilietai ne\u012fgaliesiems - ENERGYLANDIA - Rodzinny Park Rozrywki w Zatorze","robots":{"index":"index","follow":"follow","max-snippet":"max-snippet:-1","max-image-preview":"max-image-preview:large","max-video-preview":"max-video-preview:-1"},"og_locale":"lt_LT","og_type":"article","og_title":"Bilietai ne\u012fgaliesiems - ENERGYLANDIA - Rodzinny Park Rozrywki w Zatorze","og_description":"Geriausi sve\u010diai, R\u016bpinam\u0117s savo sve\u010di\u0173 patogumu, tod\u0117l pareng\u0117me informacin\u012f leidin\u012f, kuris pad\u0117s susipa\u017einti su s\u0105lygomis, kaip asmenims su negalia naudotis pramogomis. BILIETAI NE\u012eGALIESIEMS: Bilietus su nuolaida ne\u012fgaliesiems galima \u012fsigyti pateikus galiojant\u012f ne\u012fgaliojo pa\u017eym\u0117jim\u0105 (ar jo dublikat\u0105) arba original\u0173 negalios nustatymo dokument\u0105 (tik privalomus duomenys, patvirtinan\u010dius teis\u0119 naudotis \u0161iuo lengvatiniu bilietu). Bilietas su nuolaida taip pat [&hellip;]","og_url":"https:\/\/energylandia.pl\/lt\/bietai-neigaliesiems\/","og_site_name":"ENERGYLANDIA - Rodzinny Park Rozrywki w Zatorze","article_publisher":"https:\/\/www.facebook.com\/EnergyLandia","article_modified_time":"2025-05-29T08:19:03+00:00","twitter_card":"summary_large_image","twitter_misc":{"Est. reading time":"2 minut\u0117s"},"schema":{"@context":"https:\/\/schema.org","@graph":[{"@type":"WebPage","@id":"https:\/\/energylandia.pl\/lt\/bietai-neigaliesiems\/","url":"https:\/\/energylandia.pl\/lt\/bietai-neigaliesiems\/","name":"Bilietai ne\u012fgaliesiems - ENERGYLANDIA - Rodzinny Park Rozrywki w Zatorze","isPartOf":{"@id":"https:\/\/energylandia.pl\/#website"},"datePublished":"2019-04-24T13:19:14+00:00","dateModified":"2025-05-29T08:19:03+00:00","breadcrumb":{"@id":"https:\/\/energylandia.pl\/lt\/bietai-neigaliesiems\/#breadcrumb"},"inLanguage":"lt-LT","potentialAction":[{"@type":"ReadAction","target":["https:\/\/energylandia.pl\/lt\/bietai-neigaliesiems\/"]}]},{"@type":"BreadcrumbList","@id":"https:\/\/energylandia.pl\/lt\/bietai-neigaliesiems\/#breadcrumb","itemListElement":[{"@type":"ListItem","position":1,"name":"Strona g\u0142\u00f3wna","item":"https:\/\/energylandia.pl\/lt\/"},{"@type":"ListItem","position":2,"name":"Bilietai ne\u012fgaliesiems"}]},{"@type":"WebSite","@id":"https:\/\/energylandia.pl\/#website","url":"https:\/\/energylandia.pl\/","name":"ENERGYLANDIA - Rodzinny Park Rozrywki w Zatorze","description":"ENERGYLANDIA - najwi\u0119kszy rodzinny Park Rozrywki w Polsce!","publisher":{"@id":"https:\/\/energylandia.pl\/#organization"},"potentialAction":[{"@type":"SearchAction","target":{"@type":"EntryPoint","urlTemplate":"https:\/\/energylandia.pl\/?s={search_term_string}"},"query-input":"required name=search_term_string"}],"inLanguage":"lt-LT"},{"@type":"Organization","@id":"https:\/\/energylandia.pl\/#organization","name":"Energylandia","url":"https:\/\/energylandia.pl\/","logo":{"@type":"ImageObject","inLanguage":"lt-LT","@id":"https:\/\/energylandia.pl\/#\/schema\/logo\/image\/","url":"","contentUrl":"","caption":"Energylandia"},"image":{"@id":"https:\/\/energylandia.pl\/#\/schema\/logo\/image\/"},"sameAs":["https:\/\/www.facebook.com\/EnergyLandia","https:\/\/www.youtube.com\/channel\/UCPj-Bs4Pfub_Bm04BOfyDoA","https:\/\/vm.tiktok.com\/Tw7YAK\/"]}]}},"_links":{"self":[{"href":"https:\/\/energylandia.pl\/lt\/wp-json\/wp\/v2\/pages\/155948"}],"collection":[{"href":"https:\/\/energylandia.pl\/lt\/wp-json\/wp\/v2\/pages"}],"about":[{"href":"https:\/\/energylandia.pl\/lt\/wp-json\/wp\/v2\/types\/page"}],"author":[{"embeddable":true,"href":"https:\/\/energylandia.pl\/lt\/wp-json\/wp\/v2\/users\/26"}],"replies":[{"embeddable":true,"href":"https:\/\/energylandia.pl\/lt\/wp-json\/wp\/v2\/comments?post=155948"}],"version-history":[{"count":5,"href":"https:\/\/energylandia.pl\/lt\/wp-json\/wp\/v2\/pages\/155948\/revisions"}],"predecessor-version":[{"id":305666,"href":"https:\/\/energylandia.pl\/lt\/wp-json\/wp\/v2\/pages\/155948\/revisions\/305666"}],"wp:attachment":[{"href":"https:\/\/energylandia.pl\/lt\/wp-json\/wp\/v2\/media?parent=155948"}],"curies":[{"name":"wp","href":"https:\/\/api.w.org\/{rel}","templated":true}]}}