{"id":155938,"date":"2024-04-22T18:00:15","date_gmt":"2024-04-22T16:00:15","guid":{"rendered":"https:\/\/n.energylandia.pl\/?page_id=155938"},"modified":"2026-04-01T08:12:25","modified_gmt":"2026-04-01T06:12:25","slug":"strona-glowna-2020","status":"publish","type":"page","link":"https:\/\/energylandia.pl\/lt\/","title":{"rendered":"Strona g\u0142\u00f3wna"},"content":{"rendered":"","protected":false},"excerpt":{"rendered":"","protected":false},"author":26,"featured_media":0,"parent":0,"menu_order":155,"comment_status":"closed","ping_status":"closed","template":"","meta":{"footnotes":""},"class_list":["post-155938","page","type-page","status-publish","hentry"],"acf":[],"yoast_head":"<!-- This site is optimized with the Yoast SEO plugin v20.9 - https:\/\/yoast.com\/wordpress\/plugins\/seo\/ -->\n<title>Did\u017eiausias teminis ir pramog\u0173 parkas Europoje | Energylandia<\/title>\n<meta name=\"description\" content=\"Prisijunkite prie m\u016bs\u0173 \u201eEnergylandia\u201c, did\u017eiausiame pramog\u0173 parke Lenkijoje \u2b50 Tai daugiau nei atrakcion\u0173 parkas - tai linksmybi\u0173 kupinas pramog\u0173 centras.\" \/>\n<meta name=\"robots\" content=\"index, follow, max-snippet:-1, max-image-preview:large, max-video-preview:-1\" \/>\n<meta property=\"og:locale\" content=\"lt_LT\" \/>\n<meta property=\"og:type\" content=\"article\" \/>\n<meta property=\"og:title\" content=\"Did\u017eiausias teminis ir pramog\u0173 parkas Europoje | Energylandia\" \/>\n<meta property=\"og:description\" content=\"Prisijunkite prie m\u016bs\u0173 \u201eEnergylandia\u201c, did\u017eiausiame pramog\u0173 parke Lenkijoje \u2b50 Tai daugiau nei atrakcion\u0173 parkas - tai linksmybi\u0173 kupinas pramog\u0173 centras.\" \/>\n<meta property=\"og:url\" content=\"https:\/\/energylandia.pl\/lt\/\" \/>\n<meta property=\"og:site_name\" content=\"ENERGYLANDIA - Rodzinny Park Rozrywki w Zatorze\" \/>\n<meta property=\"article:publisher\" content=\"https:\/\/www.facebook.com\/EnergyLandia\" \/>\n<meta property=\"article:modified_time\" content=\"2026-04-01T06:12:25+00:00\" \/>\n<meta name=\"twitter:card\" content=\"summary_large_image\" \/>\n<script type=\"application\/ld+json\" class=\"yoast-schema-graph\">{\"@context\":\"https:\/\/schema.org\",\"@graph\":[{\"@type\":\"WebPage\",\"@id\":\"https:\/\/energylandia.pl\/lt\/\",\"url\":\"https:\/\/energylandia.pl\/lt\/\",\"name\":\"Did\u017eiausias teminis ir pramog\u0173 parkas Europoje | Energylandia\",\"isPartOf\":{\"@id\":\"https:\/\/energylandia.pl\/#website\"},\"datePublished\":\"2024-04-22T16:00:15+00:00\",\"dateModified\":\"2026-04-01T06:12:25+00:00\",\"description\":\"Prisijunkite prie m\u016bs\u0173 \u201eEnergylandia\u201c, did\u017eiausiame pramog\u0173 parke Lenkijoje \u2b50 Tai daugiau nei atrakcion\u0173 parkas - tai linksmybi\u0173 kupinas pramog\u0173 centras.\",\"breadcrumb\":{\"@id\":\"https:\/\/energylandia.pl\/lt\/#breadcrumb\"},\"inLanguage\":\"lt-LT\",\"potentialAction\":[{\"@type\":\"ReadAction\",\"target\":[\"https:\/\/energylandia.pl\/lt\/\"]}]},{\"@type\":\"BreadcrumbList\",\"@id\":\"https:\/\/energylandia.pl\/lt\/#breadcrumb\",\"itemListElement\":[{\"@type\":\"ListItem\",\"position\":1,\"name\":\"Strona g\u0142\u00f3wna\",\"item\":\"https:\/\/energylandia.pl\/lt\/\"},{\"@type\":\"ListItem\",\"position\":2,\"name\":\"Strona g\u0142\u00f3wna\"}]},{\"@type\":\"WebSite\",\"@id\":\"https:\/\/energylandia.pl\/#website\",\"url\":\"https:\/\/energylandia.pl\/\",\"name\":\"ENERGYLANDIA - Rodzinny Park Rozrywki w Zatorze\",\"description\":\"ENERGYLANDIA - najwi\u0119kszy rodzinny Park Rozrywki w Polsce!\",\"publisher\":{\"@id\":\"https:\/\/energylandia.pl\/#organization\"},\"potentialAction\":[{\"@type\":\"SearchAction\",\"target\":{\"@type\":\"EntryPoint\",\"urlTemplate\":\"https:\/\/energylandia.pl\/?s={search_term_string}\"},\"query-input\":\"required name=search_term_string\"}],\"inLanguage\":\"lt-LT\"},{\"@type\":\"Organization\",\"@id\":\"https:\/\/energylandia.pl\/#organization\",\"name\":\"Energylandia\",\"url\":\"https:\/\/energylandia.pl\/\",\"logo\":{\"@type\":\"ImageObject\",\"inLanguage\":\"lt-LT\",\"@id\":\"https:\/\/energylandia.pl\/#\/schema\/logo\/image\/\",\"url\":\"\",\"contentUrl\":\"\",\"caption\":\"Energylandia\"},\"image\":{\"@id\":\"https:\/\/energylandia.pl\/#\/schema\/logo\/image\/\"},\"sameAs\":[\"https:\/\/www.facebook.com\/EnergyLandia\",\"https:\/\/www.youtube.com\/channel\/UCPj-Bs4Pfub_Bm04BOfyDoA\",\"https:\/\/vm.tiktok.com\/Tw7YAK\/\"]}]}<\/script>\n<!-- \/ Yoast SEO plugin. -->","yoast_head_json":{"title":"Did\u017eiausias teminis ir pramog\u0173 parkas Europoje | Energylandia","description":"Prisijunkite prie m\u016bs\u0173 \u201eEnergylandia\u201c, did\u017eiausiame pramog\u0173 parke Lenkijoje \u2b50 Tai daugiau nei atrakcion\u0173 parkas - tai linksmybi\u0173 kupinas pramog\u0173 centras.","robots":{"index":"index","follow":"follow","max-snippet":"max-snippet:-1","max-image-preview":"max-image-preview:large","max-video-preview":"max-video-preview:-1"},"og_locale":"lt_LT","og_type":"article","og_title":"Did\u017eiausias teminis ir pramog\u0173 parkas Europoje | Energylandia","og_description":"Prisijunkite prie m\u016bs\u0173 \u201eEnergylandia\u201c, did\u017eiausiame pramog\u0173 parke Lenkijoje \u2b50 Tai daugiau nei atrakcion\u0173 parkas - tai linksmybi\u0173 kupinas pramog\u0173 centras.","og_url":"https:\/\/energylandia.pl\/lt\/","og_site_name":"ENERGYLANDIA - Rodzinny Park Rozrywki w Zatorze","article_publisher":"https:\/\/www.facebook.com\/EnergyLandia","article_modified_time":"2026-04-01T06:12:25+00:00","twitter_card":"summary_large_image","schema":{"@context":"https:\/\/schema.org","@graph":[{"@type":"WebPage","@id":"https:\/\/energylandia.pl\/lt\/","url":"https:\/\/energylandia.pl\/lt\/","name":"Did\u017eiausias teminis ir pramog\u0173 parkas Europoje | Energylandia","isPartOf":{"@id":"https:\/\/energylandia.pl\/#website"},"datePublished":"2024-04-22T16:00:15+00:00","dateModified":"2026-04-01T06:12:25+00:00","description":"Prisijunkite prie m\u016bs\u0173 \u201eEnergylandia\u201c, did\u017eiausiame pramog\u0173 parke Lenkijoje \u2b50 Tai daugiau nei atrakcion\u0173 parkas - tai linksmybi\u0173 kupinas pramog\u0173 centras.","breadcrumb":{"@id":"https:\/\/energylandia.pl\/lt\/#breadcrumb"},"inLanguage":"lt-LT","potentialAction":[{"@type":"ReadAction","target":["https:\/\/energylandia.pl\/lt\/"]}]},{"@type":"BreadcrumbList","@id":"https:\/\/energylandia.pl\/lt\/#breadcrumb","itemListElement":[{"@type":"ListItem","position":1,"name":"Strona g\u0142\u00f3wna","item":"https:\/\/energylandia.pl\/lt\/"},{"@type":"ListItem","position":2,"name":"Strona g\u0142\u00f3wna"}]},{"@type":"WebSite","@id":"https:\/\/energylandia.pl\/#website","url":"https:\/\/energylandia.pl\/","name":"ENERGYLANDIA - Rodzinny Park Rozrywki w Zatorze","description":"ENERGYLANDIA - najwi\u0119kszy rodzinny Park Rozrywki w Polsce!","publisher":{"@id":"https:\/\/energylandia.pl\/#organization"},"potentialAction":[{"@type":"SearchAction","target":{"@type":"EntryPoint","urlTemplate":"https:\/\/energylandia.pl\/?s={search_term_string}"},"query-input":"required name=search_term_string"}],"inLanguage":"lt-LT"},{"@type":"Organization","@id":"https:\/\/energylandia.pl\/#organization","name":"Energylandia","url":"https:\/\/energylandia.pl\/","logo":{"@type":"ImageObject","inLanguage":"lt-LT","@id":"https:\/\/energylandia.pl\/#\/schema\/logo\/image\/","url":"","contentUrl":"","caption":"Energylandia"},"image":{"@id":"https:\/\/energylandia.pl\/#\/schema\/logo\/image\/"},"sameAs":["https:\/\/www.facebook.com\/EnergyLandia","https:\/\/www.youtube.com\/channel\/UCPj-Bs4Pfub_Bm04BOfyDoA","https:\/\/vm.tiktok.com\/Tw7YAK\/"]}]}},"_links":{"self":[{"href":"https:\/\/energylandia.pl\/lt\/wp-json\/wp\/v2\/pages\/155938","targetHints":{"allow":["GET"]}}],"collection":[{"href":"https:\/\/energylandia.pl\/lt\/wp-json\/wp\/v2\/pages"}],"about":[{"href":"https:\/\/energylandia.pl\/lt\/wp-json\/wp\/v2\/types\/page"}],"author":[{"embeddable":true,"href":"https:\/\/energylandia.pl\/lt\/wp-json\/wp\/v2\/users\/26"}],"replies":[{"embeddable":true,"href":"https:\/\/energylandia.pl\/lt\/wp-json\/wp\/v2\/comments?post=155938"}],"version-history":[{"count":4,"href":"https:\/\/energylandia.pl\/lt\/wp-json\/wp\/v2\/pages\/155938\/revisions"}],"predecessor-version":[{"id":291742,"href":"https:\/\/energylandia.pl\/lt\/wp-json\/wp\/v2\/pages\/155938\/revisions\/291742"}],"wp:attachment":[{"href":"https:\/\/energylandia.pl\/lt\/wp-json\/wp\/v2\/media?parent=155938"}],"curies":[{"name":"wp","href":"https:\/\/api.w.org\/{rel}","templated":true}]}}