{"id":295656,"date":"2019-04-24T15:19:14","date_gmt":"2019-04-24T13:19:14","guid":{"rendered":"https:\/\/energylandia.pl\/bilet-dla-niepelnosprawnych\/"},"modified":"2024-08-20T17:53:31","modified_gmt":"2024-08-20T15:53:31","slug":"biglietti-per-persone-con-disabilita","status":"publish","type":"page","link":"https:\/\/energylandia.pl\/it\/biglietti-per-persone-con-disabilita\/","title":{"rendered":"BIGLIETTI PER PERSONE CON DISABILIT\u00c0"},"content":{"rendered":"<p><strong>Cari visitatori<\/strong><\/p>\n<p><strong>per il comfort dei nostri ospiti, abbiamo preparato una guida che faciliter\u00e0 la conoscenza delle condizioni di utilizzo delle attrazioni per le persone con disabilit\u00e0.<\/strong><\/p>\n<hr \/>\n<p><strong>BIGLIETTI PER PERSONE CON DISABILIT\u00c0:<\/strong><\/p>\n<p>I biglietti a prezzo ridotto per le persone con disabilit\u00e0 possono essere acquistati dietro presentazione di un tesserino di invalidit\u00e0 valido (o di un duplicato) o di un certificato di invalidit\u00e0 originale (solo nella misura dei dati necessari a dimostrare il diritto al biglietto ridotto). Il biglietto ridotto \u00e8 previsto anche per le persone infortunate, con ingessatura, steccatura o protesi.<\/p>\n<p><strong> ATTRAZIONI<\/strong><\/p>\n<p>Per le persone con mobilit\u00e0 ridotta, l&#8217;accessibilit\u00e0 delle attrazioni dipende dal tipo di disabilit\u00e0. Vi invitiamo a recarvi al Punto di Assistenza alle Persone con Disabilit\u00e0, dove un nostro specialista vi indicher\u00e0 le attrazioni dedicate a cui potrete accedere. Il Punto di Assistenza si trova all&#8217;ingresso principale del Parco. \u00c8 possibile reperire informazioni anche all&#8217;indirizzo dostepnosc@energylandia.pl.<\/p>\n<p><strong>SICUREZZA <\/strong><\/p>\n<p>Il gestore della struttura ha il diritto, per motivi di sicurezza e in casi oggettivamente giustificati, di rifiutare a una persona, compreso un minore, un anziano, una persona con disabilit\u00e0 o una persona con mobilit\u00e0 ridotta, l&#8217;utilizzo dell&#8217;attrazione\/impianto in questione, per motivi di sicurezza della persona stessa o delle persone che si trovano nelle vicinanze. (paragrafo 14 del regolamento del Parco Divertimenti Energylandia). Per questo motivo \u00e8 importante recarsi preventivamente al Punto di Assistenza alle Persone con Disabilit\u00e0. Si precisa che le persone non vedenti possono accedere alle montagne russe.<\/p>\n<p><strong>INFRASTRUTTURA Il parcheggio<\/strong><\/p>\n<p>L&#8217;intera area del Parco Energylandia \u00e8 adattata alle persone in sedia a rotelle. Disponiamo di parcheggi dedicati alle auto delle persone con disabilit\u00e0. Il parcheggio \u00e8 gratuito dietro <strong>presentazione del contrassegno di parcheggio. <\/strong><\/p>\n<p><strong>Toilette <\/strong><\/p>\n<p>I servizi igienici di Energylandia sono adattati alle persone con disabilit\u00e0 e sono disponibili in tutti i ristoranti e nei luoghi indicati sulla mappa.<\/p>\n<p><strong>Infermeria <\/strong><\/p>\n<p>Nel Parco ci sono due postazioni mediche: accanto al Water Park e all&#8217;ingresso principale della Fortezza del Drago.<\/p>\n","protected":false},"excerpt":{"rendered":"<p>Cari visitatori per il comfort dei nostri ospiti, abbiamo preparato una guida che faciliter\u00e0 la conoscenza delle condizioni di utilizzo delle attrazioni per le persone con disabilit\u00e0. BIGLIETTI PER PERSONE CON DISABILIT\u00c0: I biglietti a prezzo ridotto per le persone con disabilit\u00e0 possono essere acquistati dietro presentazione di un tesserino di invalidit\u00e0 valido (o di [&hellip;]<\/p>\n","protected":false},"author":26,"featured_media":0,"parent":0,"menu_order":188,"comment_status":"closed","ping_status":"closed","template":"templates\/page8.php","meta":{"footnotes":""},"class_list":["post-295656","page","type-page","status-publish","hentry"],"acf":[],"yoast_head":"<!-- This site is optimized with the Yoast SEO plugin v20.9 - https:\/\/yoast.com\/wordpress\/plugins\/seo\/ -->\n<title>BIGLIETTI PER PERSONE CON DISABILIT\u00c0 - ENERGYLANDIA - Rodzinny Park Rozrywki w Zatorze<\/title>\n<meta name=\"robots\" content=\"index, follow, max-snippet:-1, max-image-preview:large, max-video-preview:-1\" \/>\n<meta property=\"og:locale\" content=\"it_IT\" \/>\n<meta property=\"og:type\" content=\"article\" \/>\n<meta property=\"og:title\" content=\"BIGLIETTI PER PERSONE CON DISABILIT\u00c0 - ENERGYLANDIA - Rodzinny Park Rozrywki w Zatorze\" \/>\n<meta property=\"og:description\" content=\"Cari visitatori per il comfort dei nostri ospiti, abbiamo preparato una guida che faciliter\u00e0 la conoscenza delle condizioni di utilizzo delle attrazioni per le persone con disabilit\u00e0. BIGLIETTI PER PERSONE CON DISABILIT\u00c0: I biglietti a prezzo ridotto per le persone con disabilit\u00e0 possono essere acquistati dietro presentazione di un tesserino di invalidit\u00e0 valido (o di [&hellip;]\" \/>\n<meta property=\"og:url\" content=\"https:\/\/energylandia.pl\/it\/biglietti-per-persone-con-disabilita\/\" \/>\n<meta property=\"og:site_name\" content=\"ENERGYLANDIA - Rodzinny Park Rozrywki w Zatorze\" \/>\n<meta property=\"article:publisher\" content=\"https:\/\/www.facebook.com\/EnergyLandia\" \/>\n<meta property=\"article:modified_time\" content=\"2024-08-20T15:53:31+00:00\" \/>\n<meta name=\"twitter:card\" content=\"summary_large_image\" \/>\n<meta name=\"twitter:label1\" content=\"Tempo di lettura stimato\" \/>\n\t<meta name=\"twitter:data1\" content=\"2 minuti\" \/>\n<script type=\"application\/ld+json\" class=\"yoast-schema-graph\">{\"@context\":\"https:\/\/schema.org\",\"@graph\":[{\"@type\":\"WebPage\",\"@id\":\"https:\/\/energylandia.pl\/it\/biglietti-per-persone-con-disabilita\/\",\"url\":\"https:\/\/energylandia.pl\/it\/biglietti-per-persone-con-disabilita\/\",\"name\":\"BIGLIETTI PER PERSONE CON DISABILIT\u00c0 - ENERGYLANDIA - Rodzinny Park Rozrywki w Zatorze\",\"isPartOf\":{\"@id\":\"https:\/\/energylandia.pl\/#website\"},\"datePublished\":\"2019-04-24T13:19:14+00:00\",\"dateModified\":\"2024-08-20T15:53:31+00:00\",\"breadcrumb\":{\"@id\":\"https:\/\/energylandia.pl\/it\/biglietti-per-persone-con-disabilita\/#breadcrumb\"},\"inLanguage\":\"it-IT\",\"potentialAction\":[{\"@type\":\"ReadAction\",\"target\":[\"https:\/\/energylandia.pl\/it\/biglietti-per-persone-con-disabilita\/\"]}]},{\"@type\":\"BreadcrumbList\",\"@id\":\"https:\/\/energylandia.pl\/it\/biglietti-per-persone-con-disabilita\/#breadcrumb\",\"itemListElement\":[{\"@type\":\"ListItem\",\"position\":1,\"name\":\"Strona g\u0142\u00f3wna\",\"item\":\"https:\/\/energylandia.pl\/it\/\"},{\"@type\":\"ListItem\",\"position\":2,\"name\":\"BIGLIETTI PER PERSONE CON DISABILIT\u00c0\"}]},{\"@type\":\"WebSite\",\"@id\":\"https:\/\/energylandia.pl\/#website\",\"url\":\"https:\/\/energylandia.pl\/\",\"name\":\"ENERGYLANDIA - Rodzinny Park Rozrywki w Zatorze\",\"description\":\"ENERGYLANDIA - najwi\u0119kszy rodzinny Park Rozrywki w Polsce!\",\"publisher\":{\"@id\":\"https:\/\/energylandia.pl\/#organization\"},\"potentialAction\":[{\"@type\":\"SearchAction\",\"target\":{\"@type\":\"EntryPoint\",\"urlTemplate\":\"https:\/\/energylandia.pl\/?s={search_term_string}\"},\"query-input\":\"required name=search_term_string\"}],\"inLanguage\":\"it-IT\"},{\"@type\":\"Organization\",\"@id\":\"https:\/\/energylandia.pl\/#organization\",\"name\":\"Energylandia\",\"url\":\"https:\/\/energylandia.pl\/\",\"logo\":{\"@type\":\"ImageObject\",\"inLanguage\":\"it-IT\",\"@id\":\"https:\/\/energylandia.pl\/#\/schema\/logo\/image\/\",\"url\":\"\",\"contentUrl\":\"\",\"caption\":\"Energylandia\"},\"image\":{\"@id\":\"https:\/\/energylandia.pl\/#\/schema\/logo\/image\/\"},\"sameAs\":[\"https:\/\/www.facebook.com\/EnergyLandia\",\"https:\/\/www.youtube.com\/channel\/UCPj-Bs4Pfub_Bm04BOfyDoA\",\"https:\/\/vm.tiktok.com\/Tw7YAK\/\"]}]}<\/script>\n<!-- \/ Yoast SEO plugin. -->","yoast_head_json":{"title":"BIGLIETTI PER PERSONE CON DISABILIT\u00c0 - ENERGYLANDIA - Rodzinny Park Rozrywki w Zatorze","robots":{"index":"index","follow":"follow","max-snippet":"max-snippet:-1","max-image-preview":"max-image-preview:large","max-video-preview":"max-video-preview:-1"},"og_locale":"it_IT","og_type":"article","og_title":"BIGLIETTI PER PERSONE CON DISABILIT\u00c0 - ENERGYLANDIA - Rodzinny Park Rozrywki w Zatorze","og_description":"Cari visitatori per il comfort dei nostri ospiti, abbiamo preparato una guida che faciliter\u00e0 la conoscenza delle condizioni di utilizzo delle attrazioni per le persone con disabilit\u00e0. BIGLIETTI PER PERSONE CON DISABILIT\u00c0: I biglietti a prezzo ridotto per le persone con disabilit\u00e0 possono essere acquistati dietro presentazione di un tesserino di invalidit\u00e0 valido (o di [&hellip;]","og_url":"https:\/\/energylandia.pl\/it\/biglietti-per-persone-con-disabilita\/","og_site_name":"ENERGYLANDIA - Rodzinny Park Rozrywki w Zatorze","article_publisher":"https:\/\/www.facebook.com\/EnergyLandia","article_modified_time":"2024-08-20T15:53:31+00:00","twitter_card":"summary_large_image","twitter_misc":{"Tempo di lettura stimato":"2 minuti"},"schema":{"@context":"https:\/\/schema.org","@graph":[{"@type":"WebPage","@id":"https:\/\/energylandia.pl\/it\/biglietti-per-persone-con-disabilita\/","url":"https:\/\/energylandia.pl\/it\/biglietti-per-persone-con-disabilita\/","name":"BIGLIETTI PER PERSONE CON DISABILIT\u00c0 - ENERGYLANDIA - Rodzinny Park Rozrywki w Zatorze","isPartOf":{"@id":"https:\/\/energylandia.pl\/#website"},"datePublished":"2019-04-24T13:19:14+00:00","dateModified":"2024-08-20T15:53:31+00:00","breadcrumb":{"@id":"https:\/\/energylandia.pl\/it\/biglietti-per-persone-con-disabilita\/#breadcrumb"},"inLanguage":"it-IT","potentialAction":[{"@type":"ReadAction","target":["https:\/\/energylandia.pl\/it\/biglietti-per-persone-con-disabilita\/"]}]},{"@type":"BreadcrumbList","@id":"https:\/\/energylandia.pl\/it\/biglietti-per-persone-con-disabilita\/#breadcrumb","itemListElement":[{"@type":"ListItem","position":1,"name":"Strona g\u0142\u00f3wna","item":"https:\/\/energylandia.pl\/it\/"},{"@type":"ListItem","position":2,"name":"BIGLIETTI PER PERSONE CON DISABILIT\u00c0"}]},{"@type":"WebSite","@id":"https:\/\/energylandia.pl\/#website","url":"https:\/\/energylandia.pl\/","name":"ENERGYLANDIA - Rodzinny Park Rozrywki w Zatorze","description":"ENERGYLANDIA - najwi\u0119kszy rodzinny Park Rozrywki w Polsce!","publisher":{"@id":"https:\/\/energylandia.pl\/#organization"},"potentialAction":[{"@type":"SearchAction","target":{"@type":"EntryPoint","urlTemplate":"https:\/\/energylandia.pl\/?s={search_term_string}"},"query-input":"required name=search_term_string"}],"inLanguage":"it-IT"},{"@type":"Organization","@id":"https:\/\/energylandia.pl\/#organization","name":"Energylandia","url":"https:\/\/energylandia.pl\/","logo":{"@type":"ImageObject","inLanguage":"it-IT","@id":"https:\/\/energylandia.pl\/#\/schema\/logo\/image\/","url":"","contentUrl":"","caption":"Energylandia"},"image":{"@id":"https:\/\/energylandia.pl\/#\/schema\/logo\/image\/"},"sameAs":["https:\/\/www.facebook.com\/EnergyLandia","https:\/\/www.youtube.com\/channel\/UCPj-Bs4Pfub_Bm04BOfyDoA","https:\/\/vm.tiktok.com\/Tw7YAK\/"]}]}},"_links":{"self":[{"href":"https:\/\/energylandia.pl\/it\/wp-json\/wp\/v2\/pages\/295656","targetHints":{"allow":["GET"]}}],"collection":[{"href":"https:\/\/energylandia.pl\/it\/wp-json\/wp\/v2\/pages"}],"about":[{"href":"https:\/\/energylandia.pl\/it\/wp-json\/wp\/v2\/types\/page"}],"author":[{"embeddable":true,"href":"https:\/\/energylandia.pl\/it\/wp-json\/wp\/v2\/users\/26"}],"replies":[{"embeddable":true,"href":"https:\/\/energylandia.pl\/it\/wp-json\/wp\/v2\/comments?post=295656"}],"version-history":[{"count":3,"href":"https:\/\/energylandia.pl\/it\/wp-json\/wp\/v2\/pages\/295656\/revisions"}],"predecessor-version":[{"id":297663,"href":"https:\/\/energylandia.pl\/it\/wp-json\/wp\/v2\/pages\/295656\/revisions\/297663"}],"wp:attachment":[{"href":"https:\/\/energylandia.pl\/it\/wp-json\/wp\/v2\/media?parent=295656"}],"curies":[{"name":"wp","href":"https:\/\/api.w.org\/{rel}","templated":true}]}}