{"id":295612,"date":"2018-02-20T18:47:20","date_gmt":"2018-02-20T17:47:20","guid":{"rendered":"https:\/\/energylandia.pl\/bilety-indywidualne\/"},"modified":"2026-04-16T09:01:33","modified_gmt":"2026-04-16T07:01:33","slug":"biglietti-individuali","status":"publish","type":"page","link":"https:\/\/energylandia.pl\/it\/cennik\/biglietti-individuali\/","title":{"rendered":"BIGLIETTI INDIVIDUALI"},"content":{"rendered":"<p style=\"text-align: center;\"><strong>Tutte le attrazioni sono incluse nel prezzo del biglietto senza limiti: montagne russe, giostre, cinema, spettacoli, show, Zona Sweet Valley, Smoczy Gr\u00f3d, Zona Bajkolandia, Zona Familiare, Zona Estrema, Aqualantis e Water Park! Biglietto valido per l\u2019intera giornata senza limiti di tempo o quantit\u00e0. *Il biglietto non include la ristorazione, le macchine da gioco a gettoni, i negozi e i souvenir.<\/strong><\/p>\n<hr class=\"border-color-blue\" \/>\n<ol>\n<li>Il biglietto per un bambino di et\u00e0 inferiore a 3 anni pu\u00f2 essere acquistato presentando un documento che ne attesti l\u2019et\u00e0. I documenti validi sono un documento d\u2019identit\u00e0 o il certificato di nascita. Non sono accettate copie o foto dei documenti.<\/li>\n<li>Tutte le persone di et\u00e0 inferiore a 18 anni, nel giorno del loro compleanno, pagheranno una tariffa simbolica di 1 PLN per l\u2019ingresso al parco. Si tratta di un gesto verso i nostri ospiti pi\u00f9 giovani. \u00c8 necessario presentare un documento che confermi l\u2019identit\u00e0 e il fatto che in quel giorno ricorra il compleanno. I documenti validi sono il documento d\u2019identit\u00e0 o il certificato di nascita; per i bambini sopra i 7 anni, il tesserino scolastico. Non sono accettate copie o foto dei documenti. Il biglietto di compleanno pu\u00f2 essere acquistato esclusivamente alle casse del parco.<\/li>\n<li>Il biglietto annuale \u00e8 valido per un anno dalla data di acquisto. Il titolare del biglietto verr\u00e0 fotografato sul posto, nel Parco, e ricever\u00e0 il proprio biglietto. Il biglietto annuale ridotto \u00e8 destinato alle persone la cui altezza non supera i 140 cm nel giorno della conversione del voucher in biglietto annuale. L\u2019altezza viene misurata con le scarpe. In caso di smarrimento o danneggiamento della tessera annuale, \u00e8 possibile acquistarne un duplicato al costo di 50 PLN.<\/li>\n<li>Su presentazione di un documento che attesti l\u2019et\u00e0.<\/li>\n<li>Valido per bambini di altezza inferiore a 140 cm, persone oltre i 65 anni, donne in gravidanza, persone con disabilit\u00e0 e coppie di novelli sposi (solo in caso di acquisto del biglietto alla cassa). Il biglietto per persone con disabilit\u00e0 pu\u00f2 essere acquistato presentando l\u2019originale del documento che attesta la disabilit\u00e0. In caso di dubbi, pu\u00f2 essere richiesto un ulteriore documento con foto che confermi l\u2019identit\u00e0. Lo sconto per l\u2019accompagnatore di una persona con disabilit\u00e0 \u00e8 previsto solo in caso di visita di gruppo di persone con disabilit\u00e0, previa prenotazione per gruppi di oltre 15 persone. <strong><span class=\"notion-enable-hover\" data-token-index=\"1\">Nel caso di persone con mobilit\u00e0 ridotta, la disponibilit\u00e0 delle attrazioni dipende dal tipo di disabilit\u00e0.<\/span><\/strong> Vi invitiamo a visitare il Punto di Assistenza per Persone con Disabilit\u00e0, dove il nostro specialista vi indicher\u00e0 le attrazioni dedicate di cui potrete usufruire. Il punto di assistenza si trova all\u2019ingresso principale del Parco.<\/li>\n<li>I biglietti di due e tre giorni devono essere utilizzati in giorni consecutivi a partire dal primo ingresso nel Parco. Un biglietto \u00e8 valido per una sola persona.<\/li>\n<li>Il simbolo \u201c-\u201d nel listino prezzi indica che il biglietto non \u00e8 disponibile nella stagione indicata.<\/li>\n<li>Per utilizzare l\u2019accesso ENERGY PASS \u00e8 necessario avere con s\u00e9 un ENERGY PASS stampato, acquistabile su <a href=\"https:\/\/ticket.energylandia.pl\/en\/products\/electronic\/fast-pass\/2-594\">ticket.energylandia.pl\/en\/products\/electronic\/fast-pass<\/a>. ENERGY PASS \u00e8 disponibile anche per l\u2019acquisto in tutti i negozi all\u2019interno del parco. ENERGY PASS non \u00e8 un biglietto di ingresso al Parco.<\/li>\n<li>ENERGY PASS NORMALE consente l\u2019accesso una sola volta a ciascuna delle seguenti attrazioni tramite ingresso ENERGY PASS: Pepsi Hyperion, Zadra Made In Ma\u0142opolska, Mayan, Abyssus, Choco Chip Creek, Toffifee Kopalnia Z\u0142ota, Space Booster, \u015amiej\u017celki Energu\u015b, Anaconda, Aztec Swing, Formu\u0142a, Speed Water Coaster, RMF Dragon, Tsunami Drop.<\/li>\n<li>ENERGY PASS RIDOTTO consente l\u2019accesso una sola volta a ciascuna delle seguenti attrazioni tramite ingresso ENERGY PASS: Abyssus, Choco Chip Creek, Toffifee Kopalnia Z\u0142ota, \u015amiej\u017celki Energu\u015b, Anaconda, Formu\u0142a, RMF Dragon, Tsunami Drop. ENERGY PASS RIDOTTO si applica ai bambini fino a 140 cm di altezza.<\/li>\n<\/ol>\n<hr class=\"border-color-blue\" \/>\n<h3>Sconti aggiuntivi<\/h3>\n<ul>\n<li>Accettiamo la carta nazionale per famiglie numerose, che d\u00e0 diritto a uno sconto del 5% sui biglietti del parco.<\/li>\n<li>Le promozioni non sono cumulabili. Le promozioni non si applicano ai biglietti scontati, promozionali o annuali.<\/li>\n<\/ul>\n<p>&nbsp;<\/p>\n<p><a href=\"https:\/\/ticket.energylandia.pl\/en\/products\/electronic\/fast-pass\/2-594\"><img decoding=\"async\" class=\"alignnone size-full wp-image-315028\" src=\"https:\/\/energylandia.pl\/wp-content\/uploads\/2026\/03\/slider-ticket-en.webp\" alt=\"\" width=\"1920\" height=\"519\" \/><\/a><\/p>\n","protected":false},"excerpt":{"rendered":"<p>Tutte le attrazioni sono incluse nel prezzo del biglietto senza limiti: montagne russe, giostre, cinema, spettacoli, show, Zona Sweet Valley, Smoczy Gr\u00f3d, Zona Bajkolandia, Zona Familiare, Zona Estrema, Aqualantis e Water Park! Biglietto valido per l\u2019intera giornata senza limiti di tempo o quantit\u00e0. *Il biglietto non include la ristorazione, le macchine da gioco a gettoni, [&hellip;]<\/p>\n","protected":false},"author":26,"featured_media":0,"parent":297773,"menu_order":412,"comment_status":"closed","ping_status":"closed","template":"templates\/bilet-single.php","meta":{"footnotes":""},"class_list":["post-295612","page","type-page","status-publish","hentry"],"acf":[],"yoast_head":"<!-- This site is optimized with the Yoast SEO plugin v20.9 - https:\/\/yoast.com\/wordpress\/plugins\/seo\/ -->\n<title>BIGLIETTI INDIVIDUALI - ENERGYLANDIA - Rodzinny Park Rozrywki w Zatorze<\/title>\n<meta name=\"description\" content=\"Cennik online Energylandii zawiera rodzaje i ceny bilet\u00f3w. Poznaj cennik rodzinny oraz ulgowy. Dowiedz si\u0119, jaki bilet najlepiej wybra\u0107.\" \/>\n<meta name=\"robots\" content=\"index, follow, max-snippet:-1, max-image-preview:large, max-video-preview:-1\" \/>\n<meta property=\"og:locale\" content=\"it_IT\" \/>\n<meta property=\"og:type\" content=\"article\" \/>\n<meta property=\"og:title\" content=\"BIGLIETTI INDIVIDUALI - ENERGYLANDIA - Rodzinny Park Rozrywki w Zatorze\" \/>\n<meta property=\"og:description\" content=\"Cennik online Energylandii zawiera rodzaje i ceny bilet\u00f3w. Poznaj cennik rodzinny oraz ulgowy. Dowiedz si\u0119, jaki bilet najlepiej wybra\u0107.\" \/>\n<meta property=\"og:url\" content=\"https:\/\/energylandia.pl\/it\/cennik\/biglietti-individuali\/\" \/>\n<meta property=\"og:site_name\" content=\"ENERGYLANDIA - Rodzinny Park Rozrywki w Zatorze\" \/>\n<meta property=\"article:publisher\" content=\"https:\/\/www.facebook.com\/EnergyLandia\" \/>\n<meta property=\"article:modified_time\" content=\"2026-04-16T07:01:33+00:00\" \/>\n<meta property=\"og:image\" content=\"https:\/\/energylandia.pl\/wp-content\/uploads\/2026\/03\/slider-ticket-en.webp\" \/>\n<meta name=\"twitter:card\" content=\"summary_large_image\" \/>\n<meta name=\"twitter:label1\" content=\"Tempo di lettura stimato\" \/>\n\t<meta name=\"twitter:data1\" content=\"5 minuti\" \/>\n<script type=\"application\/ld+json\" class=\"yoast-schema-graph\">{\"@context\":\"https:\/\/schema.org\",\"@graph\":[{\"@type\":\"WebPage\",\"@id\":\"https:\/\/energylandia.pl\/it\/cennik\/biglietti-individuali\/\",\"url\":\"https:\/\/energylandia.pl\/it\/cennik\/biglietti-individuali\/\",\"name\":\"BIGLIETTI INDIVIDUALI - ENERGYLANDIA - Rodzinny Park Rozrywki w Zatorze\",\"isPartOf\":{\"@id\":\"https:\/\/energylandia.pl\/#website\"},\"datePublished\":\"2018-02-20T17:47:20+00:00\",\"dateModified\":\"2026-04-16T07:01:33+00:00\",\"description\":\"Cennik online Energylandii zawiera rodzaje i ceny bilet\u00f3w. Poznaj cennik rodzinny oraz ulgowy. Dowiedz si\u0119, jaki bilet najlepiej wybra\u0107.\",\"breadcrumb\":{\"@id\":\"https:\/\/energylandia.pl\/it\/cennik\/biglietti-individuali\/#breadcrumb\"},\"inLanguage\":\"it-IT\",\"potentialAction\":[{\"@type\":\"ReadAction\",\"target\":[\"https:\/\/energylandia.pl\/it\/cennik\/biglietti-individuali\/\"]}]},{\"@type\":\"BreadcrumbList\",\"@id\":\"https:\/\/energylandia.pl\/it\/cennik\/biglietti-individuali\/#breadcrumb\",\"itemListElement\":[{\"@type\":\"ListItem\",\"position\":1,\"name\":\"Strona g\u0142\u00f3wna\",\"item\":\"https:\/\/energylandia.pl\/it\/\"},{\"@type\":\"ListItem\",\"position\":2,\"name\":\"Cennik\",\"item\":\"https:\/\/energylandia.pl\/it\/cennik\/\"},{\"@type\":\"ListItem\",\"position\":3,\"name\":\"BIGLIETTI INDIVIDUALI\"}]},{\"@type\":\"WebSite\",\"@id\":\"https:\/\/energylandia.pl\/#website\",\"url\":\"https:\/\/energylandia.pl\/\",\"name\":\"ENERGYLANDIA - Rodzinny Park Rozrywki w Zatorze\",\"description\":\"ENERGYLANDIA - najwi\u0119kszy rodzinny Park Rozrywki w Polsce!\",\"publisher\":{\"@id\":\"https:\/\/energylandia.pl\/#organization\"},\"potentialAction\":[{\"@type\":\"SearchAction\",\"target\":{\"@type\":\"EntryPoint\",\"urlTemplate\":\"https:\/\/energylandia.pl\/?s={search_term_string}\"},\"query-input\":\"required name=search_term_string\"}],\"inLanguage\":\"it-IT\"},{\"@type\":\"Organization\",\"@id\":\"https:\/\/energylandia.pl\/#organization\",\"name\":\"Energylandia\",\"url\":\"https:\/\/energylandia.pl\/\",\"logo\":{\"@type\":\"ImageObject\",\"inLanguage\":\"it-IT\",\"@id\":\"https:\/\/energylandia.pl\/#\/schema\/logo\/image\/\",\"url\":\"\",\"contentUrl\":\"\",\"caption\":\"Energylandia\"},\"image\":{\"@id\":\"https:\/\/energylandia.pl\/#\/schema\/logo\/image\/\"},\"sameAs\":[\"https:\/\/www.facebook.com\/EnergyLandia\",\"https:\/\/www.youtube.com\/channel\/UCPj-Bs4Pfub_Bm04BOfyDoA\",\"https:\/\/vm.tiktok.com\/Tw7YAK\/\"]}]}<\/script>\n<!-- \/ Yoast SEO plugin. -->","yoast_head_json":{"title":"BIGLIETTI INDIVIDUALI - ENERGYLANDIA - Rodzinny Park Rozrywki w Zatorze","description":"Cennik online Energylandii zawiera rodzaje i ceny bilet\u00f3w. Poznaj cennik rodzinny oraz ulgowy. Dowiedz si\u0119, jaki bilet najlepiej wybra\u0107.","robots":{"index":"index","follow":"follow","max-snippet":"max-snippet:-1","max-image-preview":"max-image-preview:large","max-video-preview":"max-video-preview:-1"},"og_locale":"it_IT","og_type":"article","og_title":"BIGLIETTI INDIVIDUALI - ENERGYLANDIA - Rodzinny Park Rozrywki w Zatorze","og_description":"Cennik online Energylandii zawiera rodzaje i ceny bilet\u00f3w. Poznaj cennik rodzinny oraz ulgowy. Dowiedz si\u0119, jaki bilet najlepiej wybra\u0107.","og_url":"https:\/\/energylandia.pl\/it\/cennik\/biglietti-individuali\/","og_site_name":"ENERGYLANDIA - Rodzinny Park Rozrywki w Zatorze","article_publisher":"https:\/\/www.facebook.com\/EnergyLandia","article_modified_time":"2026-04-16T07:01:33+00:00","og_image":[{"url":"https:\/\/energylandia.pl\/wp-content\/uploads\/2026\/03\/slider-ticket-en.webp"}],"twitter_card":"summary_large_image","twitter_misc":{"Tempo di lettura stimato":"5 minuti"},"schema":{"@context":"https:\/\/schema.org","@graph":[{"@type":"WebPage","@id":"https:\/\/energylandia.pl\/it\/cennik\/biglietti-individuali\/","url":"https:\/\/energylandia.pl\/it\/cennik\/biglietti-individuali\/","name":"BIGLIETTI INDIVIDUALI - ENERGYLANDIA - Rodzinny Park Rozrywki w Zatorze","isPartOf":{"@id":"https:\/\/energylandia.pl\/#website"},"datePublished":"2018-02-20T17:47:20+00:00","dateModified":"2026-04-16T07:01:33+00:00","description":"Cennik online Energylandii zawiera rodzaje i ceny bilet\u00f3w. Poznaj cennik rodzinny oraz ulgowy. Dowiedz si\u0119, jaki bilet najlepiej wybra\u0107.","breadcrumb":{"@id":"https:\/\/energylandia.pl\/it\/cennik\/biglietti-individuali\/#breadcrumb"},"inLanguage":"it-IT","potentialAction":[{"@type":"ReadAction","target":["https:\/\/energylandia.pl\/it\/cennik\/biglietti-individuali\/"]}]},{"@type":"BreadcrumbList","@id":"https:\/\/energylandia.pl\/it\/cennik\/biglietti-individuali\/#breadcrumb","itemListElement":[{"@type":"ListItem","position":1,"name":"Strona g\u0142\u00f3wna","item":"https:\/\/energylandia.pl\/it\/"},{"@type":"ListItem","position":2,"name":"Cennik","item":"https:\/\/energylandia.pl\/it\/cennik\/"},{"@type":"ListItem","position":3,"name":"BIGLIETTI INDIVIDUALI"}]},{"@type":"WebSite","@id":"https:\/\/energylandia.pl\/#website","url":"https:\/\/energylandia.pl\/","name":"ENERGYLANDIA - Rodzinny Park Rozrywki w Zatorze","description":"ENERGYLANDIA - najwi\u0119kszy rodzinny Park Rozrywki w Polsce!","publisher":{"@id":"https:\/\/energylandia.pl\/#organization"},"potentialAction":[{"@type":"SearchAction","target":{"@type":"EntryPoint","urlTemplate":"https:\/\/energylandia.pl\/?s={search_term_string}"},"query-input":"required name=search_term_string"}],"inLanguage":"it-IT"},{"@type":"Organization","@id":"https:\/\/energylandia.pl\/#organization","name":"Energylandia","url":"https:\/\/energylandia.pl\/","logo":{"@type":"ImageObject","inLanguage":"it-IT","@id":"https:\/\/energylandia.pl\/#\/schema\/logo\/image\/","url":"","contentUrl":"","caption":"Energylandia"},"image":{"@id":"https:\/\/energylandia.pl\/#\/schema\/logo\/image\/"},"sameAs":["https:\/\/www.facebook.com\/EnergyLandia","https:\/\/www.youtube.com\/channel\/UCPj-Bs4Pfub_Bm04BOfyDoA","https:\/\/vm.tiktok.com\/Tw7YAK\/"]}]}},"_links":{"self":[{"href":"https:\/\/energylandia.pl\/it\/wp-json\/wp\/v2\/pages\/295612","targetHints":{"allow":["GET"]}}],"collection":[{"href":"https:\/\/energylandia.pl\/it\/wp-json\/wp\/v2\/pages"}],"about":[{"href":"https:\/\/energylandia.pl\/it\/wp-json\/wp\/v2\/types\/page"}],"author":[{"embeddable":true,"href":"https:\/\/energylandia.pl\/it\/wp-json\/wp\/v2\/users\/26"}],"replies":[{"embeddable":true,"href":"https:\/\/energylandia.pl\/it\/wp-json\/wp\/v2\/comments?post=295612"}],"version-history":[{"count":16,"href":"https:\/\/energylandia.pl\/it\/wp-json\/wp\/v2\/pages\/295612\/revisions"}],"predecessor-version":[{"id":315037,"href":"https:\/\/energylandia.pl\/it\/wp-json\/wp\/v2\/pages\/295612\/revisions\/315037"}],"up":[{"embeddable":true,"href":"https:\/\/energylandia.pl\/it\/wp-json\/wp\/v2\/pages\/297773"}],"wp:attachment":[{"href":"https:\/\/energylandia.pl\/it\/wp-json\/wp\/v2\/media?parent=295612"}],"curies":[{"name":"wp","href":"https:\/\/api.w.org\/{rel}","templated":true}]}}