{"id":300061,"date":"2024-09-18T22:21:02","date_gmt":"2024-09-18T20:21:02","guid":{"rendered":"https:\/\/energylandia.pl\/?page_id=300061"},"modified":"2026-02-24T09:56:58","modified_gmt":"2026-02-24T08:56:58","slug":"formulaire-de-reservation","status":"publish","type":"page","link":"https:\/\/energylandia.pl\/fr\/formulaire-de-reservation\/","title":{"rendered":"Formulaire de r\u00e9servation"},"content":{"rendered":"\n<div class=\"wpcf7 no-js\" id=\"wpcf7-f300055-o1\" lang=\"fr-FR\" dir=\"ltr\">\n<div class=\"screen-reader-response\"><p role=\"status\" aria-live=\"polite\" aria-atomic=\"true\"><\/p> <ul><\/ul><\/div>\n<form action=\"\/fr\/wp-json\/wp\/v2\/pages\/300061#wpcf7-f300055-o1\" method=\"post\" class=\"wpcf7-form init wpcf7-acceptance-as-validation\" aria-label=\"Formulaire de contact\" novalidate=\"novalidate\" data-status=\"init\">\n<div style=\"display: none;\">\n<input type=\"hidden\" name=\"_wpcf7\" value=\"300055\" \/>\n<input type=\"hidden\" name=\"_wpcf7_version\" value=\"5.7.7\" \/>\n<input type=\"hidden\" name=\"_wpcf7_locale\" value=\"fr_FR\" \/>\n<input type=\"hidden\" name=\"_wpcf7_unit_tag\" value=\"wpcf7-f300055-o1\" \/>\n<input type=\"hidden\" name=\"_wpcf7_container_post\" value=\"0\" \/>\n<input type=\"hidden\" name=\"_wpcf7_posted_data_hash\" value=\"\" \/>\n<input type=\"hidden\" name=\"_wpcf7cf_hidden_group_fields\" value=\"[]\" \/>\n<input type=\"hidden\" name=\"_wpcf7cf_hidden_groups\" value=\"[]\" \/>\n<input type=\"hidden\" name=\"_wpcf7cf_visible_groups\" value=\"[]\" \/>\n<input type=\"hidden\" name=\"_wpcf7cf_repeaters\" value=\"[]\" \/>\n<input type=\"hidden\" name=\"_wpcf7cf_steps\" value=\"{}\" \/>\n<input type=\"hidden\" name=\"_wpcf7cf_options\" value=\"{&quot;form_id&quot;:300055,&quot;conditions&quot;:[],&quot;settings&quot;:{&quot;animation&quot;:&quot;yes&quot;,&quot;animation_intime&quot;:200,&quot;animation_outtime&quot;:200,&quot;conditions_ui&quot;:&quot;normal&quot;,&quot;notice_dismissed&quot;:false}}\" \/>\n<input type=\"hidden\" name=\"_wpcf7_recaptcha_response\" value=\"\" \/>\n<\/div>\n<div class=\"row\">\n\t<div class=\"col-12\">\n\t\t<div class=\"form-group\">\n\t\t\t<label>Date d'arriv\u00e9e <span class=\"plm-required-field\">*<\/span><\/label>\n\t\t\t<span class=\"wpcf7-form-control-wrap\" data-name=\"data_przyjazdu\"><input size=\"40\" class=\"wpcf7-form-control wpcf7-text wpcf7-validates-as-required form-control\" id=\"datepicker\" aria-required=\"true\" aria-invalid=\"false\" placeholder=\"S\u00e9lectionnez une date\" value=\"\" type=\"text\" name=\"data_przyjazdu\" \/><\/span>\n\t\t\t<link rel=\"stylesheet\"\n\t\t\t\thref=\"https:\/\/ajax.googleapis.com\/ajax\/libs\/jqueryui\/1.12.1\/themes\/ui-lightness\/jquery-ui.css\" \/>\n\t\t\t<script src=\"https:\/\/code.jquery.com\/ui\/1.12.1\/jquery-ui.min.js\"><\/script>\n\t\t\t<script>\n\t\t\t\t\/\/tutaj wpisujemy daty kt\u00f3re chcemy mie\u0107 zablokowane\n\t\t\t\tvar unavailableDates = [\"2-2-2026\", \"3-2-2026\", \"4-2-2026\", \"5-2-2026\", \"6-2-2026\",\n\"9-2-2026\", \"10-2-2026\", \"11-2-2026\", \"12-2-2026\", \"13-2-2026\", \"14-2-2026\", \"15-2-2026\",\n\"16-2-2026\", \"17-2-2026\", \"18-2-2026\", \"19-2-2026\", \"20-2-2026\", \"21-2-2026\", \"22-2-2026\", \"28-2-2026\",\n\"23-2-2026\", \"24-2-2026\", \"25-2-2026\", \"26-2-2026\", \"27-2-2026\",\n\"2-3-2026\", \"3-3-2026\", \"4-3-2026\", \"5-3-2026\", \"6-3-2026\", \"1-3-2026\", \"7-3-2026\", \"8-3-2026\", \"14-3-2026\", \"15-3-2026\", \"21-3-2026\", \"22-3-2026\", \"28-3-2026\", \"29-3-2026\",\n\"9-3-2026\", \"10-3-2026\", \"11-3-2026\", \"12-3-2026\", \"13-3-2026\",\n\"16-3-2026\", \"17-3-2026\", \"18-3-2026\", \"19-3-2026\", \"20-3-2026\",\n\"23-3-2026\", \"24-3-2026\", \"25-3-2026\", \"26-3-2026\", \"27-3-2026\",\n\"30-3-2026\", \"31-3-2026\", \"1-4-2026\", \"2-4-2026\", \"3-4-2026\", \"4-4-2026\", \"5-4-2026\", \"11-4-2026\", \"12-4-2026\",\n\"6-4-2026\", \"7-4-2026\", \"8-4-2026\", \"9-4-2026\", \"10-4-2026\",\n\"13-4-2026\", \"14-4-2026\", \"15-4-2026\",\n\"1-11-2026\", \"2-11-2026\", \"3-11-2026\", \"4-11-2026\", \"5-11-2026\", \"6-11-2026\", \"7-11-2026\", \"8-11-2026\", \"9-11-2026\", \"10-11-2026\", \"11-11-2026\", \"12-11-2026\", \"13-11-2026\", \"14-11-2026\", \"15-11-2026\", \"16-11-2026\", \"17-11-2026\", \"18-11-2026\", \"19-11-2026\", \"20-11-2026\", \"21-11-2026\", \"22-11-2026\", \"23-11-2026\", \"24-11-2026\", \"25-11-2026\", \"26-11-2026\", \"27-11-2026\", \"28-11-2026\", \"29-11-2026\", \"30-11-2026\", \"1-12-2026\", \"2-12-2026\", \"3-12-2026\", \"4-12-2026\", \"5-12-2026\", \"6-12-2026\", \"7-12-2026\", \"8-12-2026\", \"9-12-2026\", \"10-12-2026\", \"11-12-2026\", \"12-12-2026\", \"13-12-2026\", \"14-12-2026\", \"15-12-2026\", \"16-12-2026\", \"17-12-2026\", \"18-12-2026\", \"19-12-2026\", \"20-12-2026\", \"21-12-2026\", \"22-12-2026\", \"23-12-2026\", \"24-12-2026\", \"25-12-2026\", \"26-12-2026\", \"27-12-2026\", \"28-12-2026\", \"29-12-2026\", \"30-12-2026\", \"31-12-2026\", \"1-1-2027\", \"2-1-2027\", \"3-1-2027\", \"4-1-2027\", \"5-1-2027\", \"6-1-2027\", \"7-1-2027\", \"8-1-2027\", \"9-1-2027\", \"10-1-2027\", \"11-1-2027\", \"12-1-2027\", \"13-1-2027\", \"14-1-2027\", \"15-1-2027\", \"16-1-2027\", \"17-1-2027\", \"18-1-2027\", \"19-1-2027\", \"20-1-2027\", \"21-1-2027\", \"22-1-2027\", \"23-1-2027\", \"24-1-2027\", \"25-1-2027\", \"26-1-2027\", \"27-1-2027\", \"28-1-2027\", \"29-1-2027\", \"30-1-2027\", \"31-1-2027\", \"1-2-2027\", \"2-2-2027\", \"3-2-2027\", \"4-2-2027\", \"5-2-2027\", \"6-2-2027\", \"7-2-2027\", \"8-2-2027\", \"9-2-2027\", \"10-2-2027\", \"11-2-2027\", \"12-2-2027\", \"13-2-2027\", \"14-2-2027\", \"15-2-2027\", \"16-2-2027\", \"17-2-2027\", \"18-2-2027\", \"19-2-2027\", \"20-2-2027\", \"21-2-2027\", \"22-2-2027\", \"23-2-2027\", \"24-2-2027\", \"25-2-2027\", \"26-2-2027\", \"27-2-2027\", \"28-2-2027\", \"1-3-2027\", \"2-3-2027\", \"3-3-2027\", \"4-3-2027\", \"5-3-2027\", \"6-3-2027\", \"7-3-2027\", \"8-3-2027\", \"9-3-2027\", \"10-3-2027\", \"11-3-2027\", \"12-3-2027\", \"13-3-2027\", \"14-3-2027\", \"15-3-2027\", \"16-3-2027\", \"17-3-2027\", \"18-3-2027\", \"19-3-2027\", \"20-3-2027\", \"21-3-2027\", \"22-3-2027\", \"23-3-2027\", \"24-3-2027\", \"25-3-2027\", \"26-3-2027\", \"27-3-2027\", \"28-3-2027\", \"29-3-2027\", \"30-3-2027\", \"31-3-2027\", \"1-4-2027\", \"2-4-2027\", \"3-4-2027\", \"4-4-2027\", \"5-4-2027\", \"6-4-2027\", \"7-4-2027\", \"8-4-2027\", \"9-4-2027\", \"10-4-2027\", \"11-4-2027\", \"12-4-2027\", \"13-4-2027\", \"14-4-2027\", \"15-4-2027\", \"16-4-2027\", \"17-4-2027\", \"18-4-2027\", \"19-4-2027\", \"20-4-2027\", \"21-4-2027\", \"22-4-2027\", \"23-4-2027\", \"24-4-2027\", \"25-4-2027\", \"26-4-2027\", \"27-4-2027\", \"28-4-2027\", \"29-4-2027\", \"30-4-2027\", \"1-5-2027\", \"2-5-2027\", \"3-5-2027\", \"4-5-2027\", \"5-5-2027\", \"6-5-2027\", \"7-5-2027\", \"8-5-2027\", \"9-5-2027\", \"10-5-2027\", \"11-5-2027\", \"12-5-2027\", \"13-5-2027\", \"14-5-2027\", \"15-5-2027\", \"16-5-2027\", \"17-5-2027\", \"18-5-2027\", \"19-5-2027\", \"20-5-2027\", \"21-5-2027\", \"22-5-2027\", \"23-5-2027\", \"24-5-2027\", \"25-5-2027\", \"26-5-2027\", \"27-5-2027\", \"28-5-2027\", \"29-5-2027\", \"30-5-2027\", \"31-5-2027\", \"1-6-2027\", \"2-6-2027\", \"3-6-2027\", \"4-6-2027\", \"5-6-2027\", \"6-6-2027\", \"7-6-2027\", \"8-6-2027\", \"9-6-2027\", \"10-6-2027\", \"11-6-2027\", \"12-6-2027\", \"13-6-2027\", \"14-6-2027\", \"15-6-2027\", \"16-6-2027\", \"17-6-2027\", \"18-6-2027\", \"19-6-2027\", \"20-6-2027\", \"21-6-2027\", \"22-6-2027\", \"23-6-2027\", \"24-6-2027\", \"25-6-2027\", \"26-6-2027\", \"27-6-2027\", \"28-6-2027\", \"29-6-2027\", \"30-6-2027\"];\n\n\t\t\t\tjQuery(function ($) {\n\t\t\t\t\t$(\"#datepicker\").datepicker({\n\t\t\t\t\t\tminDate: 0,\n\t\t\t\t\t\tdateFormat: \"dd-mm-yy\",\n\t\t\t\t\t\tmonthNames: [ \"janvier\", \"f\u00e9vrier\", \"mars\", \"avril\", \"mai\", \"juin\",\n\t\t\"juillet\", \"ao\u00fbt\", \"septembre\", \"octobre\", \"novembre\", \"d\u00e9cembre\" ],\n\tmonthNamesShort: [ \"janv.\", \"f\u00e9vr.\", \"mars\", \"avr.\", \"mai\", \"juin\",\n\t\t\"juil.\", \"ao\u00fbt\", \"sept.\", \"oct.\", \"nov.\", \"d\u00e9c.\" ],\n\tdayNames: [ \"dimanche\", \"lundi\", \"mardi\", \"mercredi\", \"jeudi\", \"vendredi\", \"samedi\" ],\n\tdayNamesShort: [ \"dim.\", \"lun.\", \"mar.\", \"mer.\", \"jeu.\", \"ven.\", \"sam.\" ],\n\tdayNamesMin: [ \"D\", \"L\", \"M\", \"M\", \"J\", \"V\", \"S\" ],\n\t\t\t\t\t\tfirstDay: 1,\n\t\t\t\t\t\tbeforeShowDay: function (date) {\n\t\t\t\t\t\t\tdmy = date.getDate() + \"-\" + (date.getMonth() + 1) + \"-\" + date.getFullYear();\n\t\t\t\t\t\t\t\/\/\/ pocz\u0105tek kodu wy\u0142\u0105czaj\u0105cego weekendy\n\t\t\t\t\t\t\t\/\/\/ koniec kodu wy\u0142\u0105czaj\u0105cego weekendy\n\t\t\t\t\t\t\tif ($.inArray(dmy, unavailableDates) == -1) {\n\t\t\t\t\t\t\t\treturn [true, \"\"];\n\t\t\t\t\t\t\t} else {\n\t\t\t\t\t\t\t\treturn [false, \"\", \"Unavailable\"];\n\t\t\t\t\t\t\t}\n\t\t\t\t\t\t}\n\t\t\t\t\t});\n\t\t\t\t\t$.datepicker.setDefaults($.datepicker.regional['pl']);\n\t\t\t\t});\n\t\t\t<\/script>\n\t\t<\/div>\n\t<\/div>\n<\/div>\n<div class=\"row\">\n  <div class=\"col-12\">\n    <div class=\"form-group\">\n      <p>D\u00e9tails de l'entreprise<\/p>\n    <\/div>\n  <\/div>\n<\/div>\n<div class=\"row\">\n  <div class=\"col-md-6\">\n    <div class=\"form-group\">\n      <label>Nom <span class=\"plm-required-field\">*<\/span><\/label>\n      <span class=\"wpcf7-form-control-wrap\" data-name=\"nazwa\"><input size=\"40\" class=\"wpcf7-form-control wpcf7-text wpcf7-validates-as-required form-control\" aria-required=\"true\" aria-invalid=\"false\" placeholder=\"Nom\" value=\"\" type=\"text\" name=\"nazwa\" \/><\/span>\n    <\/div>\n  <\/div>\n  <div class=\"col-md-6\">\n    <div class=\"form-group\">\n      <label>Num\u00e9ro d'identification fiscale<\/label>\n      <span class=\"wpcf7-form-control-wrap\" data-name=\"nip\"><input size=\"40\" class=\"wpcf7-form-control wpcf7-text form-control\" aria-invalid=\"false\" placeholder=\"Num\u00e9ro d&#039;identification fiscale\" value=\"\" type=\"text\" name=\"nip\" \/><\/span>\n    <\/div>\n  <\/div>\n<\/div>\n<div class=\"row\">\n  <div class=\"col-md-6\">\n    <div class=\"form-group\">\n      <label>E-mail<\/label>\n      <span class=\"wpcf7-form-control-wrap\" data-name=\"email_klient\"><input size=\"40\" class=\"wpcf7-form-control wpcf7-text wpcf7-email wpcf7-validates-as-required wpcf7-validates-as-email form-control\" aria-required=\"true\" aria-invalid=\"false\" placeholder=\"E-mail\" value=\"\" type=\"email\" name=\"email_klient\" \/><\/span>\n    <\/div>\n  <\/div>\n  <div class=\"col-md-6\">\n    <div class=\"form-group\">\n      <label>Num\u00e9ro de t\u00e9l\u00e9phone<\/label>\n      <span class=\"wpcf7-form-control-wrap\" data-name=\"telefon_klient\"><input size=\"40\" class=\"wpcf7-form-control wpcf7-text wpcf7-tel wpcf7-validates-as-tel form-control\" aria-invalid=\"false\" placeholder=\"Num\u00e9ro de t\u00e9l\u00e9phone\" value=\"\" type=\"tel\" name=\"telefon_klient\" \/><\/span>\n    <\/div>\n  <\/div>\n<\/div>\n<div class=\"row\">\n  <div class=\"col-md-12\">\n    <div class=\"form-group\">\n      <label>Rue<\/label>\n      <span class=\"wpcf7-form-control-wrap\" data-name=\"ulica\"><input size=\"40\" class=\"wpcf7-form-control wpcf7-text form-control\" aria-invalid=\"false\" placeholder=\"Rue\" value=\"\" type=\"text\" name=\"ulica\" \/><\/span>\n    <\/div>\n  <\/div>\n<\/div>\n<div class=\"row\">\n  <div class=\"col-md-6\">\n    <div class=\"form-group\">\n      <label>Ville<\/label>\n      <span class=\"wpcf7-form-control-wrap\" data-name=\"miasto\"><input size=\"40\" class=\"wpcf7-form-control wpcf7-text form-control\" aria-invalid=\"false\" placeholder=\"Ville\" value=\"\" type=\"text\" name=\"miasto\" \/><\/span>\n    <\/div>\n  <\/div>\n  <div class=\"col-md-6\">\n    <div class=\"form-group\">\n      <label>Code Postal<\/label>\n      <span class=\"wpcf7-form-control-wrap\" data-name=\"kodpocztowy\"><input size=\"40\" class=\"wpcf7-form-control wpcf7-text form-control\" aria-invalid=\"false\" placeholder=\"Code Postal\" value=\"\" type=\"text\" name=\"kodpocztowy\" \/><\/span>\n    <\/div>\n  <\/div>\n<\/div>\n<hr class=\"horizontal dark\" \/>\n<div class=\"col-12 col-lg-8 mx-auto\">\n  <div class=\"row row-mx-lg-3 row-mx-2 mb-md-4 mb-sm-1 mb-1\">\n    <div class=\"col-6 col-lg-4 p-lg-3 p-2\">\n      <div class=\"plm-card card-inside-alt plm-pricelist card-column center bg-white bottom shadow no-overlay\">\n        <div class=\"plm-card-img\">\n          <div class=\"img-wrapper\">\n            <div class=\"plm-img\">\n              <img src=\"https:\/\/energylandia.pl\/wp-content\/uploads\/2024\/02\/2.jpg\"\n                data-src=\"https:\/\/energylandia.pl\/wp-content\/uploads\/2024\/02\/2.jpg\"\n                decoding=\"async\" class=\"ls-is-cached lazyloaded\" \/><noscript><img decoding=\"async\"\n                  src=\"https:\/\/energylandia.pl\/wp-content\/uploads\/2024\/02\/2.jpg\"\n                  data-eio=\"l\" \/><\/noscript>\n            <\/div>\n          <\/div>\n        <\/div>\n        <div class=\"plm-card-badge\">\n          <span class=\"plm-card-price-alt\"> 1<span class=\"text-sm\">pln<\/span> <\/span>\n        <\/div>\n        <div class=\"plm-card-body\">\n          <h3 class=\"plm-card-title\">Jusqu'\u00e0 3 ans<\/h3>\n          <p class=\"mb-0\">\n            <br \/>\n          <\/p>\n        <\/div>\n      <\/div>\n      <div class=\"\" style=\"\n\t\t\t  display: flex;\n\t\t\t  flex-direction: row;\n\t\t\t  justify-content: space-evenly;\n\t\t\t  flex-wrap: nowrap;\n\t\t\t  align-items: baseline;\n\t\t\t  margin-top: 10px;\n\t\t\t\">\n        <h6>Quantit\u00e9<\/h6>\n        <span class=\"wpcf7-form-control-wrap\" data-name=\"ilosc_do_lat_3\"><input class=\"wpcf7-form-control wpcf7-number wpcf7-validates-as-number form-control\" min=\"0\" max=\"100\" aria-invalid=\"false\" value=\"0\" type=\"number\" name=\"ilosc_do_lat_3\" \/><\/span>\n      <\/div>\n    <\/div>\n    <div class=\"col-6 col-lg-4 p-lg-3 p-2\">\n      <div class=\"plm-card card-inside-alt plm-pricelist card-column center bg-white bottom shadow no-overlay\">\n        <div class=\"plm-card-img\">\n          <div class=\"img-wrapper\">\n            <div class=\"plm-img\">\n              <img src=\"https:\/\/energylandia.pl\/wp-content\/uploads\/2024\/02\/Projekt-bez-nazwy.jpg\"\n                data-src=\"https:\/\/energylandia.pl\/wp-content\/uploads\/2024\/02\/Projekt-bez-nazwy.jpg\" decoding=\"async\"\n                class=\"ls-is-cached lazyloaded\" \/><noscript><img decoding=\"async\"\n                  src=\"https:\/\/energylandia.pl\/wp-content\/uploads\/2024\/02\/Projekt-bez-nazwy.jpg\"\n                  data-eio=\"l\" \/><\/noscript>\n            <\/div>\n          <\/div>\n        <\/div>\n        <div class=\"plm-card-badge\">\n          <span class=\"plm-card-price-alt\">139<span class=\"text-sm\">pln<\/span> <\/span>\n        <\/div>\n        <div class=\"plm-card-body\">\n          <h3 class=\"plm-card-title\">\u00c0 prix r\u00e9duit<\/h3>\n          <p class=\"mb-0\">Jusqu'\u00e0 140 cm<br \/><\/p>\n        <\/div>\n      <\/div>\n      <div class=\"\" style=\"\n\t\t\t  display: flex;\n\t\t\t  flex-direction: row;\n\t\t\t  justify-content: space-evenly;\n\t\t\t  flex-wrap: nowrap;\n\t\t\t  align-items: baseline;\n\t\t\t  margin-top: 10px;\n\t\t\t\">\n        <h6>Quantit\u00e9<\/h6>\n        <span class=\"wpcf7-form-control-wrap\" data-name=\"ilosc_ulgowy\"><input class=\"wpcf7-form-control wpcf7-number wpcf7-validates-as-number form-control\" min=\"0\" max=\"100\" aria-invalid=\"false\" value=\"0\" type=\"number\" name=\"ilosc_ulgowy\" \/><\/span>\n      <\/div>\n    <\/div>\n    <div class=\"col-6 col-lg-4 p-lg-3 p-2\">\n\n      <div class=\"plm-card card-inside-alt plm-pricelist card-column center bg-white bottom shadow no-overlay\">\n        <div class=\"plm-card-img\">\n          <div class=\"img-wrapper\">\n            <div class=\"plm-img\">\n              <img src=\"https:\/\/energylandia.pl\/wp-content\/uploads\/2024\/02\/1.jpg\"\n                data-src=\"https:\/\/energylandia.pl\/wp-content\/uploads\/2024\/02\/1.jpg\" decoding=\"async\"\n                class=\"ls-is-cached lazyloaded\" \/><noscript><img decoding=\"async\"\n                  src=\"https:\/\/energylandia.pl\/wp-content\/uploads\/2024\/02\/1.jpg\"\n                  data-eio=\"l\" \/><\/noscript>\n            <\/div>\n          <\/div>\n        <\/div>\n        <div class=\"plm-card-badge\">\n          <span class=\"plm-card-price-alt\">179<span class=\"text-sm\">pln<\/span> <\/span>\n        <\/div>\n        <div class=\"plm-card-body\">\n          <h3 class=\"plm-card-title\">Standard<\/h3>\n          <p class=\"mb-0\">Plus de 140 cm<br \/><\/p>\n        <\/div>\n      <\/div>\n      <div class=\"\" style=\"\n\t\t\t  display: flex;\n\t\t\t  flex-direction: row;\n\t\t\t  justify-content: space-evenly;\n\t\t\t  flex-wrap: nowrap;\n\t\t\t  align-items: baseline;\n\t\t\t  margin-top: 10px;\n\t\t\t\">\n        <h6>Quantit\u00e9<\/h6>\n        <span class=\"wpcf7-form-control-wrap\" data-name=\"ilosc_normalny\"><input class=\"wpcf7-form-control wpcf7-number wpcf7-validates-as-number form-control\" min=\"0\" max=\"100\" aria-invalid=\"false\" value=\"0\" type=\"number\" name=\"ilosc_normalny\" \/><\/span>\n      <\/div>\n    <\/div>\n  <\/div>\n<\/div>\n<hr class=\"horizontal dark\" \/>\n<div class=\"row\">\n  <div class=\"col-12\">\n    <div class=\"form-group\">\n      <p>Le nombre minimum de personnes pour les visites de groupe est de 15 personnes, hors enfants de moins de 3 ans.<\/p>\n    <\/div>\n  <\/div>\n<\/div>\n<hr class=\"horizontal dark\" \/>\n<div class=\"row\">\n  <div class=\"col-12\">\n    <div class=\"form-group\">\n      <label>Champ de remarques<\/label>\n      <span class=\"wpcf7-form-control-wrap\" data-name=\"uwagi\"><textarea cols=\"40\" rows=\"4\" class=\"wpcf7-form-control wpcf7-textarea form-control\" aria-invalid=\"false\" placeholder=\"Remarks field\" name=\"uwagi\"><\/textarea><\/span>\n    <\/div>\n  <\/div>\n<\/div>\n<div class=\"row\">\n  <div class=\"col-12\">\n    <div class=\"form-check form-switch\">\n      <span class=\"wpcf7-form-control-wrap\" data-name=\"acceptance-408\"><span class=\"wpcf7-form-control wpcf7-acceptance\"><span class=\"wpcf7-list-item\"><label><input type=\"checkbox\" name=\"acceptance-408\" value=\"1\" class=\"form-check-input\" aria-invalid=\"false\" \/><span class=\"wpcf7-list-item-label\">J'ai lu et j'accepte les termes de la\n      <a href=\"\/o-nas\/polityka-prywatnosci\/\" target=\"_blank\">politique de confidentialit\u00e9<\/a>.\n      <span class=\"plm-required-field\">*<\/span><\/span><\/label><\/span><\/span><\/span>\n    <\/div>\n  <\/div>\n<\/div>\n<div class=\"row\">\n  <div class=\"col-12 mx-auto text-center\"><input class=\"wpcf7-form-control has-spinner wpcf7-submit btn btn-primary\" type=\"submit\" value=\"R\u00e9serv\u00e9\" \/><\/div>\n<\/div><div class=\"wpcf7-response-output\" aria-hidden=\"true\"><\/div>\n<\/form>\n<\/div>\n\n","protected":false},"excerpt":{"rendered":"","protected":false},"author":27,"featured_media":0,"parent":0,"menu_order":69,"comment_status":"closed","ping_status":"closed","template":"templates\/page8.php","meta":{"footnotes":""},"acf":[],"yoast_head":"<!-- This site is optimized with the Yoast SEO plugin v20.9 - https:\/\/yoast.com\/wordpress\/plugins\/seo\/ -->\n<title>Formulaire de r\u00e9servation - ENERGYLANDIA - Rodzinny Park Rozrywki w Zatorze<\/title>\n<meta name=\"robots\" content=\"index, follow, max-snippet:-1, max-image-preview:large, max-video-preview:-1\" \/>\n<meta property=\"og:locale\" content=\"fr_FR\" \/>\n<meta property=\"og:type\" content=\"article\" \/>\n<meta property=\"og:title\" content=\"Formulaire de r\u00e9servation - ENERGYLANDIA - Rodzinny Park Rozrywki w Zatorze\" \/>\n<meta property=\"og:url\" content=\"https:\/\/energylandia.pl\/fr\/formulaire-de-reservation\/\" \/>\n<meta property=\"og:site_name\" content=\"ENERGYLANDIA - Rodzinny Park Rozrywki w Zatorze\" \/>\n<meta property=\"article:publisher\" content=\"https:\/\/www.facebook.com\/EnergyLandia\" \/>\n<meta property=\"article:modified_time\" content=\"2026-02-24T08:56:58+00:00\" \/>\n<meta name=\"twitter:card\" content=\"summary_large_image\" \/>\n<meta name=\"twitter:label1\" content=\"Dur\u00e9e de lecture estim\u00e9e\" \/>\n\t<meta name=\"twitter:data1\" content=\"1 minute\" \/>\n<script type=\"application\/ld+json\" class=\"yoast-schema-graph\">{\"@context\":\"https:\/\/schema.org\",\"@graph\":[{\"@type\":\"WebPage\",\"@id\":\"https:\/\/energylandia.pl\/fr\/formulaire-de-reservation\/\",\"url\":\"https:\/\/energylandia.pl\/fr\/formulaire-de-reservation\/\",\"name\":\"Formulaire de r\u00e9servation - ENERGYLANDIA - Rodzinny Park Rozrywki w Zatorze\",\"isPartOf\":{\"@id\":\"https:\/\/energylandia.pl\/#website\"},\"datePublished\":\"2024-09-18T20:21:02+00:00\",\"dateModified\":\"2026-02-24T08:56:58+00:00\",\"breadcrumb\":{\"@id\":\"https:\/\/energylandia.pl\/fr\/formulaire-de-reservation\/#breadcrumb\"},\"inLanguage\":\"fr-FR\",\"potentialAction\":[{\"@type\":\"ReadAction\",\"target\":[\"https:\/\/energylandia.pl\/fr\/formulaire-de-reservation\/\"]}]},{\"@type\":\"BreadcrumbList\",\"@id\":\"https:\/\/energylandia.pl\/fr\/formulaire-de-reservation\/#breadcrumb\",\"itemListElement\":[{\"@type\":\"ListItem\",\"position\":1,\"name\":\"Strona g\u0142\u00f3wna\",\"item\":\"https:\/\/energylandia.pl\/fr\/\"},{\"@type\":\"ListItem\",\"position\":2,\"name\":\"Formulaire de r\u00e9servation\"}]},{\"@type\":\"WebSite\",\"@id\":\"https:\/\/energylandia.pl\/#website\",\"url\":\"https:\/\/energylandia.pl\/\",\"name\":\"ENERGYLANDIA - Rodzinny Park Rozrywki w Zatorze\",\"description\":\"ENERGYLANDIA - najwi\u0119kszy rodzinny Park Rozrywki w Polsce!\",\"publisher\":{\"@id\":\"https:\/\/energylandia.pl\/#organization\"},\"potentialAction\":[{\"@type\":\"SearchAction\",\"target\":{\"@type\":\"EntryPoint\",\"urlTemplate\":\"https:\/\/energylandia.pl\/?s={search_term_string}\"},\"query-input\":\"required name=search_term_string\"}],\"inLanguage\":\"fr-FR\"},{\"@type\":\"Organization\",\"@id\":\"https:\/\/energylandia.pl\/#organization\",\"name\":\"Energylandia\",\"url\":\"https:\/\/energylandia.pl\/\",\"logo\":{\"@type\":\"ImageObject\",\"inLanguage\":\"fr-FR\",\"@id\":\"https:\/\/energylandia.pl\/#\/schema\/logo\/image\/\",\"url\":\"\",\"contentUrl\":\"\",\"caption\":\"Energylandia\"},\"image\":{\"@id\":\"https:\/\/energylandia.pl\/#\/schema\/logo\/image\/\"},\"sameAs\":[\"https:\/\/www.facebook.com\/EnergyLandia\",\"https:\/\/www.youtube.com\/channel\/UCPj-Bs4Pfub_Bm04BOfyDoA\",\"https:\/\/vm.tiktok.com\/Tw7YAK\/\"]}]}<\/script>\n<!-- \/ Yoast SEO plugin. -->","yoast_head_json":{"title":"Formulaire de r\u00e9servation - ENERGYLANDIA - Rodzinny Park Rozrywki w Zatorze","robots":{"index":"index","follow":"follow","max-snippet":"max-snippet:-1","max-image-preview":"max-image-preview:large","max-video-preview":"max-video-preview:-1"},"og_locale":"fr_FR","og_type":"article","og_title":"Formulaire de r\u00e9servation - ENERGYLANDIA - Rodzinny Park Rozrywki w Zatorze","og_url":"https:\/\/energylandia.pl\/fr\/formulaire-de-reservation\/","og_site_name":"ENERGYLANDIA - Rodzinny Park Rozrywki w Zatorze","article_publisher":"https:\/\/www.facebook.com\/EnergyLandia","article_modified_time":"2026-02-24T08:56:58+00:00","twitter_card":"summary_large_image","twitter_misc":{"Dur\u00e9e de lecture estim\u00e9e":"1 minute"},"schema":{"@context":"https:\/\/schema.org","@graph":[{"@type":"WebPage","@id":"https:\/\/energylandia.pl\/fr\/formulaire-de-reservation\/","url":"https:\/\/energylandia.pl\/fr\/formulaire-de-reservation\/","name":"Formulaire de r\u00e9servation - ENERGYLANDIA - Rodzinny Park Rozrywki w Zatorze","isPartOf":{"@id":"https:\/\/energylandia.pl\/#website"},"datePublished":"2024-09-18T20:21:02+00:00","dateModified":"2026-02-24T08:56:58+00:00","breadcrumb":{"@id":"https:\/\/energylandia.pl\/fr\/formulaire-de-reservation\/#breadcrumb"},"inLanguage":"fr-FR","potentialAction":[{"@type":"ReadAction","target":["https:\/\/energylandia.pl\/fr\/formulaire-de-reservation\/"]}]},{"@type":"BreadcrumbList","@id":"https:\/\/energylandia.pl\/fr\/formulaire-de-reservation\/#breadcrumb","itemListElement":[{"@type":"ListItem","position":1,"name":"Strona g\u0142\u00f3wna","item":"https:\/\/energylandia.pl\/fr\/"},{"@type":"ListItem","position":2,"name":"Formulaire de r\u00e9servation"}]},{"@type":"WebSite","@id":"https:\/\/energylandia.pl\/#website","url":"https:\/\/energylandia.pl\/","name":"ENERGYLANDIA - Rodzinny Park Rozrywki w Zatorze","description":"ENERGYLANDIA - najwi\u0119kszy rodzinny Park Rozrywki w Polsce!","publisher":{"@id":"https:\/\/energylandia.pl\/#organization"},"potentialAction":[{"@type":"SearchAction","target":{"@type":"EntryPoint","urlTemplate":"https:\/\/energylandia.pl\/?s={search_term_string}"},"query-input":"required name=search_term_string"}],"inLanguage":"fr-FR"},{"@type":"Organization","@id":"https:\/\/energylandia.pl\/#organization","name":"Energylandia","url":"https:\/\/energylandia.pl\/","logo":{"@type":"ImageObject","inLanguage":"fr-FR","@id":"https:\/\/energylandia.pl\/#\/schema\/logo\/image\/","url":"","contentUrl":"","caption":"Energylandia"},"image":{"@id":"https:\/\/energylandia.pl\/#\/schema\/logo\/image\/"},"sameAs":["https:\/\/www.facebook.com\/EnergyLandia","https:\/\/www.youtube.com\/channel\/UCPj-Bs4Pfub_Bm04BOfyDoA","https:\/\/vm.tiktok.com\/Tw7YAK\/"]}]}},"_links":{"self":[{"href":"https:\/\/energylandia.pl\/fr\/wp-json\/wp\/v2\/pages\/300061"}],"collection":[{"href":"https:\/\/energylandia.pl\/fr\/wp-json\/wp\/v2\/pages"}],"about":[{"href":"https:\/\/energylandia.pl\/fr\/wp-json\/wp\/v2\/types\/page"}],"author":[{"embeddable":true,"href":"https:\/\/energylandia.pl\/fr\/wp-json\/wp\/v2\/users\/27"}],"replies":[{"embeddable":true,"href":"https:\/\/energylandia.pl\/fr\/wp-json\/wp\/v2\/comments?post=300061"}],"version-history":[{"count":3,"href":"https:\/\/energylandia.pl\/fr\/wp-json\/wp\/v2\/pages\/300061\/revisions"}],"predecessor-version":[{"id":312484,"href":"https:\/\/energylandia.pl\/fr\/wp-json\/wp\/v2\/pages\/300061\/revisions\/312484"}],"wp:attachment":[{"href":"https:\/\/energylandia.pl\/fr\/wp-json\/wp\/v2\/media?parent=300061"}],"curies":[{"name":"wp","href":"https:\/\/api.w.org\/{rel}","templated":true}]}}