{"id":299645,"date":"2016-03-07T22:04:37","date_gmt":"2016-03-07T21:04:37","guid":{"rendered":"https:\/\/energylandia.pl\/press-room\/"},"modified":"2025-12-17T08:47:40","modified_gmt":"2025-12-17T07:47:40","slug":"press-room","status":"publish","type":"page","link":"https:\/\/energylandia.pl\/fr\/press-room\/","title":{"rendered":"Press Room"},"content":{"rendered":"<h3><strong>Materia\u0142y prasowe 2025:<\/strong><\/h3>\n<ul>\n<li>Materia\u0142 prasowy &#8220;Top Partner 2025 &#8211; Energylandia&#8221; (<a href=\"https:\/\/www.energylandia.pl\/files\/PRESSROOM\/Material_prasowy_Top_Partner_2025.zip\">.zip<\/a>)<\/li>\n<li>Materia\u0142 prasowy &#8220;Gwiazda One Day&#8221; (<a href=\"https:\/\/www.energylandia.pl\/files\/PRESSROOM\/Material_prasowy_Gwiazdka_One_Day_2025.rar\">.rar<\/a> \/ <a href=\"https:\/\/www.energylandia.pl\/files\/PRESSROOM\/Material_prasowy_Gwiazdka_One_Day.zip\">.zip<\/a>)<\/li>\n<li>Materia\u0142 prasowy &#8220;Promocja na drugi bilet!&#8221; (<a href=\"https:\/\/www.energylandia.pl\/files\/PRESSROOM\/Materia\u0142_prasowy_drugi_bilet_jesie\u0144.rar\">.rar<\/a> \/ <a href=\"https:\/\/www.energylandia.pl\/files\/PRESSROOM\/Materia\u0142_prasowy_drugi_bilet_promocja.zip\">.zip<\/a>)<\/li>\n<li>Materia\u0142 prasowy &#8220;Jesienne wycieczki szkolne&#8221; (<a href=\"https:\/\/www.energylandia.pl\/files\/PRESSROOM\/Materia\u0142_prasowy_Jesienne_wycieczki_szkolne.rar\">.rar<\/a> \/ <a href=\"https:\/\/www.energylandia.pl\/files\/PRESSROOM\/Materia\u0142_prasowy_Jesienne_wycieczki_szkolne.zip\">.zip<\/a>)<\/li>\n<li>Materia\u0142 wideo &#8220;Jarmarki w Energylandii&#8221; (<a href=\"https:\/\/www.energylandia.pl\/files\/PRESSROOM\/jarmarki.MOV\">.mov<\/a>)<\/li>\n<li>Materia\u0142 prasowy &#8220;Wycieczki jesienne w Energylandii!&#8221; (<a href=\"https:\/\/www.energylandia.pl\/files\/PRESSROOM\/Materia\u0142_prasowy_Wycieczki_Jesie\u0144.rar\">.rar<\/a> \/ <a href=\"https:\/\/www.energylandia.pl\/files\/PRESSROOM\/Materia\u0142_prasowy_Wycieczki_Jesie\u0144.zip\">.zip<\/a>)<\/li>\n<li>Materia\u0142 prasowy &#8220;Wi\u0119cej dni, wi\u0119cej zabawy!&#8221; (<a href=\"https:\/\/www.energylandia.pl\/files\/PRESSROOM\/Materia\u0142_prasowy_bilety_wielodniowe.rar\">.rar<\/a> \/ <a href=\"https:\/\/www.energylandia.pl\/files\/PRESSROOM\/Materia\u0142_prasowy_bilety_wielodniowe.zip\">.zip<\/a>)<\/li>\n<li>Materia\u0142 prasowy &#8220;Artyku\u0142 &#8211; Coaster Day by Lay&#8217;s &#8211; Tak \u015bwi\u0119towa\u0142a Energylandia&#8221; (<a href=\"https:\/\/energylandia.pl\/wp-content\/uploads\/2024\/06\/Coaster-Day-by-Lays-tak-swietowala-Energylandia.pdf\">PDF<\/a> \/ <a href=\"https:\/\/energylandia.pl\/wp-content\/uploads\/2024\/06\/Coaster-Day-by-Lays-tak-swietowala-Energylandia.docx\">DOCX<\/a>)<\/li>\n<li>Materia\u0142 prasowy &#8220;Magic Night by Pepsi&#8221; (<a href=\"https:\/\/www.energylandia.pl\/files\/PRESSROOM\/Materia\u0142_prasowy_MN_by_Pepsi.rar\">.rar<\/a> \/ <a href=\"https:\/\/www.energylandia.pl\/files\/PRESSROOM\/Materia\u0142_prasowy_MN_by_Pepsi.zip\">.zip<\/a>)<\/li>\n<li>Materia\u0142 prasowy &#8220;Promocja drugi bilet -50%&#8221; (<a href=\"https:\/\/www.energylandia.pl\/files\/PRESSROOM\/Materia\u0142_prasowy_Promocja_Drugi_bilet.rar\">.rar<\/a> \/ <a href=\"https:\/\/www.energylandia.pl\/files\/PRESSROOM\/Materia\u0142_prasowy_Promocja_drugi_bilet.zip\">.zip<\/a>)<\/li>\n<li>Materia\u0142 prasowy &#8220;Energylandia &#8211; Bank Millenium&#8221; (<a href=\"https:\/\/www.energylandia.pl\/files\/PRESSROOM\/Materia\u0142_prasowy_Millenium_bank.rar\">.rar<\/a> \/ <a href=\"https:\/\/www.energylandia.pl\/files\/PRESSROOM\/Materia\u0142_prasowy_Millenium_bank.zip\">.zip<\/a>)<\/li>\n<li>Materia\u0142 prasowy &#8220;Promocja urodzinowa 3+1&#8221; (<a href=\"https:\/\/www.energylandia.pl\/files\/PRESSROOM\/Materia\u0142_prasowy_Promocja_urodzinowa.rar\">.rar<\/a> \/ <a href=\"https:\/\/www.energylandia.pl\/files\/PRESSROOM\/Materia\u0142_prasowy_Promocja_urodzinowa.zip\">.zip<\/a>)<\/li>\n<li>Materia\u0142 prasowy &#8220;11 Urodziny Energylandii&#8221; (<a href=\"https:\/\/www.energylandia.pl\/files\/PRESSROOM\/Materia\u0142_prasowy_Urodziny_Energylandii.rar\">.rar<\/a> \/ <a href=\"https:\/\/www.energylandia.pl\/files\/PRESSROOM\/Materia\u0142_prasowy_Urodziny_Energylandii.zip\">.zip<\/a>)<\/li>\n<li>Materia\u0142 prasowy &#8220;Lato pe\u0142ne atrakcji w Energylandii&#8221; (<a href=\"https:\/\/www.energylandia.pl\/files\/PRESSROOM\/Materia\u0142_prasowy_lato_pe\u0142ne_atrakcji_w_EL.zip\">.rar<\/a> \/ <a href=\"https:\/\/www.energylandia.pl\/files\/PRESSROOM\/Materia\u0142_prasowy_Urodziny_Energylandii.zip\">.zip<\/a>)<\/li>\n<li>Materia\u0142 prasowy &#8220;Promocja Lato 3+1&#8221; (<a href=\"https:\/\/www.energylandia.pl\/files\/PRESSROOM\/Materia\u0142_prasowy_Lato_w_Energylandii.rar\">.rar<\/a> \/ <a href=\"https:\/\/www.energylandia.pl\/files\/PRESSROOM\/Materia\u0142_prasowy_Lato_w_Energylandii.zip\">.zip<\/a>)<\/li>\n<li>Materia\u0142 prasowy &#8220;Tak wygl\u0105da\u0142o Kids Party w Energylandii&#8221; (<a href=\"https:\/\/www.energylandia.pl\/files\/PRESSROOM\/Materia\u0142_prasowy_Kids_Party_w_Energylandii.rar\">.rar<\/a> \/ <a href=\"https:\/\/www.energylandia.pl\/files\/PRESSROOM\/Materia\u0142_prasowy_Kids_Party_w_Energylandii.zip\">.zip<\/a>)<\/li>\n<li>Materia\u0142 prasowy &#8220;Energylandia &#8211; promocja z okazji dnia dziecka&#8221; (<a href=\"https:\/\/www.energylandia.pl\/files\/PRESSROOM\/Materia\u0142_Prasowy_Drugi_bilet_taniej.rar\">.rar<\/a> \/ <a href=\"https:\/\/www.energylandia.pl\/files\/PRESSROOM\/Materia\u0142_prasowy_Drugi_bilet_taniej.zip\">.zip<\/a>)<\/li>\n<li>Materia\u0142 prasowy &#8220;Kids Party w Energylandii!&#8221; (<a href=\"https:\/\/www.energylandia.pl\/files\/PRESSROOM\/Materia\u0142_prasowy_Kids_Party.rar\">.rar<\/a> \/ <a href=\"https:\/\/www.energylandia.pl\/files\/PRESSROOM\/Materia\u0142_prasowy_Kids_Party.zip\">.zip<\/a>)<\/li>\n<li>Materia\u0142 prasowy &#8220;Festiwal Caravaningu&#8221; (<a href=\"https:\/\/www.energylandia.pl\/files\/PRESSROOM\/Materia\u0142_prasowy_Kampery_Route.rar\">.rar<\/a> \/ <a href=\"https:\/\/www.energylandia.pl\/files\/PRESSROOM\/Materia\u0142_prasowy_Kampery_Route.zip\">.zip<\/a>)<\/li>\n<li>Materia\u0142 prasowy &#8220;Maj\u00f3wka w Energylandii!&#8221; (<a href=\"https:\/\/www.energylandia.pl\/files\/PRESSROOM\/Materia\u0142_prasowy_Maj\u00f3wka_w_Energylandii.rar\">.rar<\/a> \/ <a href=\"https:\/\/www.energylandia.pl\/files\/PRESSROOM\/Materia\u0142_prasowy_Maj\u00f3wka_w_Energylandii.zip\">.zip<\/a>)<\/li>\n<li>Materia\u0142 prasowy &#8220;Energylandia na ATM Dubai&#8221; (<a href=\"https:\/\/www.energylandia.pl\/files\/PRESSROOM\/Materia\u0142_prasowy_ATM_Dubai.rar\">.rar<\/a> \/ <a href=\"https:\/\/www.energylandia.pl\/files\/PRESSROOM\/Materia\u0142_prasowy_ATM_Dubai.zip\">.zip<\/a>)<\/li>\n<li>Materia\u0142 prasowy &#8220;Drugi bilet 50% taniej!&#8221; (<a href=\"https:\/\/www.energylandia.pl\/files\/PRESSROOM\/Materia\u0142_prasowy_drugi_bilet_promocja.rar\">.rar<\/a> \/ <a href=\"https:\/\/www.energylandia.pl\/files\/PRESSROOM\/Materia\u0142_prasowy_drugi_bilet_promocja.zip\">.zip<\/a>)<\/li>\n<li>Materia\u0142 prasowy &#8220;Route 44 w Energylandii!&#8221; (<a href=\"https:\/\/www.energylandia.pl\/files\/PRESSROOM\/Materia\u0142_prasowy_Otwarcie_Route44.rar\">.rar<\/a> \/ <a href=\"https:\/\/www.energylandia.pl\/files\/PRESSROOM\/Materia\u0142_prasowy_Otwarcie_Route44.zip\">.zip<\/a>)<\/li>\n<li>Materia\u0142 prasowy &#8220;Promocja rodzinna 3+1&#8221; (<a href=\"https:\/\/www.energylandia.pl\/files\/PRESSROOM\/Materia\u0142_prasowy_Promocja_3+1.rar\">.rar<\/a> \/ <a href=\"https:\/\/www.energylandia.pl\/files\/PRESSROOM\/Materia\u0142_prasowy_Promocja_EL.zip\">.zip<\/a>)<\/li>\n<li>Materia\u0142 prasowy &#8220;Wycieczka szkolna z rabatem&#8221; (<a href=\"https:\/\/www.energylandia.pl\/files\/PRESSROOM\/Materia\u0142_prasowy_Wycieczka_do_Energylandii.rar\">.rar<\/a> \/ <a href=\"https:\/\/www.energylandia.pl\/files\/PRESSROOM\/Materia\u0142_prasowy_Wycieczka_do_Energylandii.zip\">.zip<\/a>)<\/li>\n<li>Materia\u0142 prasowy &#8220;Promocja rodzinna&#8221; (<a href=\"https:\/\/www.energylandia.pl\/files\/PRESSROOM\/Materia\u0142_prasowy_Promocja_Rodzinna_2.rar\">.rar<\/a> \/ <a href=\"https:\/\/www.energylandia.pl\/files\/PRESSROOM\/Materia\u0142_prasowy_Promocja_rodzinna.zip\">.zip<\/a>)<\/li>\n<li>Materia\u0142 prasowy &#8220;Praca marze\u0144. Trwa rekrutacja do Energylandii&#8221; (<a href=\"https:\/\/www.energylandia.pl\/files\/PRESSROOM\/Materia\u0142_prasowy_Rekrutacja_do_Energylandii.rar\">.rar<\/a> \/ <a href=\"https:\/\/www.energylandia.pl\/files\/PRESSROOM\/Materia\u0142_prasowy_Rekrutacja_do_Energylandii.zip\">.zip<\/a>)<\/li>\n<li>Materia\u0142 prasowy &#8220;Wielkie Otwarcie Sezonu w Energylandii&#8221; (<a href=\"https:\/\/www.energylandia.pl\/files\/PRESSROOM\/Materia\u0142_prasowy_Wielkie_Otwarcie_2025.rar\">.rar<\/a> \/ <a href=\"https:\/\/www.energylandia.pl\/files\/PRESSROOM\/Materia\u0142_prasowy_Wielkie_Otwarcie_Sezonu.zip\">.zip<\/a>)<\/li>\n<li>Materia\u0142 prasowy &#8220;Drugi Bilet -50%&#8221; (<a href=\"https:\/\/www.energylandia.pl\/files\/PRESSROOM\/Materia\u0142_prasowy_Drugi_bilet_.rar\">.rar<\/a> \/ <a href=\"https:\/\/www.energylandia.pl\/files\/PRESSROOM\/Materia\u0142_prasowy_drugi_bilet.zip\">.zip<\/a>)<\/li>\n<li>Materia\u0142 prasowy &#8220;Wycieczki szkolne 2025&#8221; (<a href=\"https:\/\/www.energylandia.pl\/files\/PRESSROOM\/Materia\u0142_prasowy_Wycieczki_szkolne_2025.rar\">.rar<\/a> \/ <a href=\"https:\/\/www.energylandia.pl\/files\/PRESSROOM\/Materia\u0142_prasowy_Wycieczki_szkolne_2025.zip\">.zip<\/a>)<\/li>\n<li>Materia\u0142 prasowy &#8220;Festival Caravaningu&#8221; (<a href=\"https:\/\/www.energylandia.pl\/files\/PRESSROOM\/Materia\u0142_prasowy_Festiwal_Caravaningu.rar\">.rar<\/a> \/ <a href=\"https:\/\/www.energylandia.pl\/files\/PRESSROOM\/Materia\u0142_prasowy_Festiwal_Caravaningu.zip\">.zip<\/a>)<\/li>\n<li>Materia\u0142 prasowy &#8220;Bilety roczne i energy pass&#8221; (<a href=\"https:\/\/www.energylandia.pl\/files\/PRESSROOM\/Materia\u0142_prasowy_roczne_i_energy_pass.rar\">.rar<\/a> \/ <a href=\"https:\/\/www.energylandia.pl\/files\/PRESSROOM\/Materia\u0142_prasowy_roczne_i_energy_pass.zip\">.zip<\/a>)<\/li>\n<li>Materia\u0142 prasowy &#8220;Energylandia days -40 Z\u0141!&#8221; (<a href=\"https:\/\/www.energylandia.pl\/files\/PRESSROOM\/Materia\u0142_prasowy_EL_Days.rar\">.rar<\/a> \/ <a href=\"https:\/\/www.energylandia.pl\/files\/PRESSROOM\/Materia\u0142_prasowy_EL_Days.zip\">.zip<\/a>)<\/li>\n<li>Materia\u0142 prasowy &#8220;Zima w Energylandii&#8221; (<a href=\"https:\/\/www.energylandia.pl\/files\/PRESSROOM\/Materia\u0142_prasowy_Zima_w_Energylandii.rar\">.rar<\/a> \/ <a href=\"https:\/\/www.energylandia.pl\/files\/PRESSROOM\/Materia\u0142_prasowy_Zima_w_Energylandii.zip\">.zip<\/a>)<\/li>\n<li>Materia\u0142 prasowy &#8220;Energylandia days -45 Z\u0141!&#8221; (<a href=\"https:\/\/www.energylandia.pl\/files\/PRESSROOM\/Materia\u0142_prasowy_Energylandia_Days.rar\">.rar<\/a> \/ <a href=\"https:\/\/www.energylandia.pl\/files\/PRESSROOM\/Materia\u0142_prasowy_Energylandia_Days.zip\">.zip<\/a>)<\/li>\n<\/ul>\n<hr \/>\n<p>Zapraszamy do zapoznania si\u0119 z materia\u0142ami prasowymi oraz reklamowymi na temat naszego Parku Rozrywki ENERGYLANDIA w Zatorze.<\/p>\n<p><strong>Kana\u0142 youtube: <\/strong> <a href=\"https:\/\/youtube.com\/channel\/UCPj-Bs4Pfub_Bm04BOfyDoA\" target=\"_blank\" rel=\"noopener noreferrer\">KLIKNIJ TUTAJ<\/a><br \/>\n<strong>Kana\u0142 facebook:<\/strong> <a href=\"https:\/\/facebook.com\/EnergyLandia\" target=\"_blank\" rel=\"noopener noreferrer\">KLIKNIJ TUTAJ<\/a><br \/>\n<strong>Logo:<\/strong> Brand Book (<a href=\"https:\/\/energylandia.pl\/wp-content\/uploads\/2024\/06\/BrandBook_ENERGYLANDIA.pdf\">.pdf<\/a>)<\/p>\n<p><a class=\"btn btn-primary\" href=\"https:\/\/energylandia.pl\/archiwum-materialow-prasowych\/\">Archiwum Materia\u0142\u00f3w Prasowych<\/a><\/p>\n<hr \/>\n<p><strong>Szanowni Dziennikarze,<\/strong><br \/>\nDzi\u0119kujemy za odwiedzenie naszej strony!<br \/>\nW razie potrzeby kontaktu do Pa\u0144stwa dyspozycji pozostaje Koordynator ds. marketingu i social medi\u00f3w &#8211; Julia Piotrowicz.<br \/>\nAdres mailowy: <a href=\"mailto: julia.piotrowicz@energylandia.pl\">julia.piotrowicz@energylandia.pl<\/a>, tel: +48 798 058 495<\/p>\n","protected":false},"excerpt":{"rendered":"<p>Materia\u0142y prasowe 2025: Materia\u0142 prasowy &#8220;Top Partner 2025 &#8211; Energylandia&#8221; (.zip) Materia\u0142 prasowy &#8220;Gwiazda One Day&#8221; (.rar \/ .zip) Materia\u0142 prasowy &#8220;Promocja na drugi bilet!&#8221; (.rar \/ .zip) Materia\u0142 prasowy &#8220;Jesienne wycieczki szkolne&#8221; (.rar \/ .zip) Materia\u0142 wideo &#8220;Jarmarki w Energylandii&#8221; (.mov) Materia\u0142 prasowy &#8220;Wycieczki jesienne w Energylandii!&#8221; (.rar \/ .zip) Materia\u0142 prasowy &#8220;Wi\u0119cej dni, [&hellip;]<\/p>\n","protected":false},"author":36,"featured_media":0,"parent":0,"menu_order":320,"comment_status":"closed","ping_status":"closed","template":"","meta":{"footnotes":""},"acf":[],"yoast_head":"<!-- This site is optimized with the Yoast SEO plugin v20.9 - https:\/\/yoast.com\/wordpress\/plugins\/seo\/ -->\n<title>Press Room - ENERGYLANDIA - Rodzinny Park Rozrywki w Zatorze<\/title>\n<meta name=\"robots\" content=\"index, follow, max-snippet:-1, max-image-preview:large, max-video-preview:-1\" \/>\n<meta property=\"og:locale\" content=\"fr_FR\" \/>\n<meta property=\"og:type\" content=\"article\" \/>\n<meta property=\"og:title\" content=\"Press Room - ENERGYLANDIA - Rodzinny Park Rozrywki w Zatorze\" \/>\n<meta property=\"og:description\" content=\"Materia\u0142y prasowe 2025: Materia\u0142 prasowy &#8220;Top Partner 2025 &#8211; Energylandia&#8221; (.zip) Materia\u0142 prasowy &#8220;Gwiazda One Day&#8221; (.rar \/ .zip) Materia\u0142 prasowy &#8220;Promocja na drugi bilet!&#8221; (.rar \/ .zip) Materia\u0142 prasowy &#8220;Jesienne wycieczki szkolne&#8221; (.rar \/ .zip) Materia\u0142 wideo &#8220;Jarmarki w Energylandii&#8221; (.mov) Materia\u0142 prasowy &#8220;Wycieczki jesienne w Energylandii!&#8221; (.rar \/ .zip) Materia\u0142 prasowy &#8220;Wi\u0119cej dni, [&hellip;]\" \/>\n<meta property=\"og:url\" content=\"https:\/\/energylandia.pl\/fr\/press-room\/\" \/>\n<meta property=\"og:site_name\" content=\"ENERGYLANDIA - Rodzinny Park Rozrywki w Zatorze\" \/>\n<meta property=\"article:publisher\" content=\"https:\/\/www.facebook.com\/EnergyLandia\" \/>\n<meta property=\"article:modified_time\" content=\"2025-12-17T07:47:40+00:00\" \/>\n<meta name=\"twitter:card\" content=\"summary_large_image\" \/>\n<meta name=\"twitter:label1\" content=\"Dur\u00e9e de lecture estim\u00e9e\" \/>\n\t<meta name=\"twitter:data1\" content=\"3 minutes\" \/>\n<script type=\"application\/ld+json\" class=\"yoast-schema-graph\">{\"@context\":\"https:\/\/schema.org\",\"@graph\":[{\"@type\":\"WebPage\",\"@id\":\"https:\/\/energylandia.pl\/fr\/press-room\/\",\"url\":\"https:\/\/energylandia.pl\/fr\/press-room\/\",\"name\":\"Press Room - ENERGYLANDIA - Rodzinny Park Rozrywki w Zatorze\",\"isPartOf\":{\"@id\":\"https:\/\/energylandia.pl\/#website\"},\"datePublished\":\"2016-03-07T21:04:37+00:00\",\"dateModified\":\"2025-12-17T07:47:40+00:00\",\"breadcrumb\":{\"@id\":\"https:\/\/energylandia.pl\/fr\/press-room\/#breadcrumb\"},\"inLanguage\":\"fr-FR\",\"potentialAction\":[{\"@type\":\"ReadAction\",\"target\":[\"https:\/\/energylandia.pl\/fr\/press-room\/\"]}]},{\"@type\":\"BreadcrumbList\",\"@id\":\"https:\/\/energylandia.pl\/fr\/press-room\/#breadcrumb\",\"itemListElement\":[{\"@type\":\"ListItem\",\"position\":1,\"name\":\"Strona g\u0142\u00f3wna\",\"item\":\"https:\/\/energylandia.pl\/fr\/\"},{\"@type\":\"ListItem\",\"position\":2,\"name\":\"Press Room\"}]},{\"@type\":\"WebSite\",\"@id\":\"https:\/\/energylandia.pl\/#website\",\"url\":\"https:\/\/energylandia.pl\/\",\"name\":\"ENERGYLANDIA - Rodzinny Park Rozrywki w Zatorze\",\"description\":\"ENERGYLANDIA - najwi\u0119kszy rodzinny Park Rozrywki w Polsce!\",\"publisher\":{\"@id\":\"https:\/\/energylandia.pl\/#organization\"},\"potentialAction\":[{\"@type\":\"SearchAction\",\"target\":{\"@type\":\"EntryPoint\",\"urlTemplate\":\"https:\/\/energylandia.pl\/?s={search_term_string}\"},\"query-input\":\"required name=search_term_string\"}],\"inLanguage\":\"fr-FR\"},{\"@type\":\"Organization\",\"@id\":\"https:\/\/energylandia.pl\/#organization\",\"name\":\"Energylandia\",\"url\":\"https:\/\/energylandia.pl\/\",\"logo\":{\"@type\":\"ImageObject\",\"inLanguage\":\"fr-FR\",\"@id\":\"https:\/\/energylandia.pl\/#\/schema\/logo\/image\/\",\"url\":\"\",\"contentUrl\":\"\",\"caption\":\"Energylandia\"},\"image\":{\"@id\":\"https:\/\/energylandia.pl\/#\/schema\/logo\/image\/\"},\"sameAs\":[\"https:\/\/www.facebook.com\/EnergyLandia\",\"https:\/\/www.youtube.com\/channel\/UCPj-Bs4Pfub_Bm04BOfyDoA\",\"https:\/\/vm.tiktok.com\/Tw7YAK\/\"]}]}<\/script>\n<!-- \/ Yoast SEO plugin. -->","yoast_head_json":{"title":"Press Room - ENERGYLANDIA - Rodzinny Park Rozrywki w Zatorze","robots":{"index":"index","follow":"follow","max-snippet":"max-snippet:-1","max-image-preview":"max-image-preview:large","max-video-preview":"max-video-preview:-1"},"og_locale":"fr_FR","og_type":"article","og_title":"Press Room - ENERGYLANDIA - Rodzinny Park Rozrywki w Zatorze","og_description":"Materia\u0142y prasowe 2025: Materia\u0142 prasowy &#8220;Top Partner 2025 &#8211; Energylandia&#8221; (.zip) Materia\u0142 prasowy &#8220;Gwiazda One Day&#8221; (.rar \/ .zip) Materia\u0142 prasowy &#8220;Promocja na drugi bilet!&#8221; (.rar \/ .zip) Materia\u0142 prasowy &#8220;Jesienne wycieczki szkolne&#8221; (.rar \/ .zip) Materia\u0142 wideo &#8220;Jarmarki w Energylandii&#8221; (.mov) Materia\u0142 prasowy &#8220;Wycieczki jesienne w Energylandii!&#8221; (.rar \/ .zip) Materia\u0142 prasowy &#8220;Wi\u0119cej dni, [&hellip;]","og_url":"https:\/\/energylandia.pl\/fr\/press-room\/","og_site_name":"ENERGYLANDIA - Rodzinny Park Rozrywki w Zatorze","article_publisher":"https:\/\/www.facebook.com\/EnergyLandia","article_modified_time":"2025-12-17T07:47:40+00:00","twitter_card":"summary_large_image","twitter_misc":{"Dur\u00e9e de lecture estim\u00e9e":"3 minutes"},"schema":{"@context":"https:\/\/schema.org","@graph":[{"@type":"WebPage","@id":"https:\/\/energylandia.pl\/fr\/press-room\/","url":"https:\/\/energylandia.pl\/fr\/press-room\/","name":"Press Room - ENERGYLANDIA - Rodzinny Park Rozrywki w Zatorze","isPartOf":{"@id":"https:\/\/energylandia.pl\/#website"},"datePublished":"2016-03-07T21:04:37+00:00","dateModified":"2025-12-17T07:47:40+00:00","breadcrumb":{"@id":"https:\/\/energylandia.pl\/fr\/press-room\/#breadcrumb"},"inLanguage":"fr-FR","potentialAction":[{"@type":"ReadAction","target":["https:\/\/energylandia.pl\/fr\/press-room\/"]}]},{"@type":"BreadcrumbList","@id":"https:\/\/energylandia.pl\/fr\/press-room\/#breadcrumb","itemListElement":[{"@type":"ListItem","position":1,"name":"Strona g\u0142\u00f3wna","item":"https:\/\/energylandia.pl\/fr\/"},{"@type":"ListItem","position":2,"name":"Press Room"}]},{"@type":"WebSite","@id":"https:\/\/energylandia.pl\/#website","url":"https:\/\/energylandia.pl\/","name":"ENERGYLANDIA - Rodzinny Park Rozrywki w Zatorze","description":"ENERGYLANDIA - najwi\u0119kszy rodzinny Park Rozrywki w Polsce!","publisher":{"@id":"https:\/\/energylandia.pl\/#organization"},"potentialAction":[{"@type":"SearchAction","target":{"@type":"EntryPoint","urlTemplate":"https:\/\/energylandia.pl\/?s={search_term_string}"},"query-input":"required name=search_term_string"}],"inLanguage":"fr-FR"},{"@type":"Organization","@id":"https:\/\/energylandia.pl\/#organization","name":"Energylandia","url":"https:\/\/energylandia.pl\/","logo":{"@type":"ImageObject","inLanguage":"fr-FR","@id":"https:\/\/energylandia.pl\/#\/schema\/logo\/image\/","url":"","contentUrl":"","caption":"Energylandia"},"image":{"@id":"https:\/\/energylandia.pl\/#\/schema\/logo\/image\/"},"sameAs":["https:\/\/www.facebook.com\/EnergyLandia","https:\/\/www.youtube.com\/channel\/UCPj-Bs4Pfub_Bm04BOfyDoA","https:\/\/vm.tiktok.com\/Tw7YAK\/"]}]}},"_links":{"self":[{"href":"https:\/\/energylandia.pl\/fr\/wp-json\/wp\/v2\/pages\/299645"}],"collection":[{"href":"https:\/\/energylandia.pl\/fr\/wp-json\/wp\/v2\/pages"}],"about":[{"href":"https:\/\/energylandia.pl\/fr\/wp-json\/wp\/v2\/types\/page"}],"author":[{"embeddable":true,"href":"https:\/\/energylandia.pl\/fr\/wp-json\/wp\/v2\/users\/36"}],"replies":[{"embeddable":true,"href":"https:\/\/energylandia.pl\/fr\/wp-json\/wp\/v2\/comments?post=299645"}],"version-history":[{"count":35,"href":"https:\/\/energylandia.pl\/fr\/wp-json\/wp\/v2\/pages\/299645\/revisions"}],"predecessor-version":[{"id":310071,"href":"https:\/\/energylandia.pl\/fr\/wp-json\/wp\/v2\/pages\/299645\/revisions\/310071"}],"wp:attachment":[{"href":"https:\/\/energylandia.pl\/fr\/wp-json\/wp\/v2\/media?parent=299645"}],"curies":[{"name":"wp","href":"https:\/\/api.w.org\/{rel}","templated":true}]}}