{"id":297630,"date":"2018-03-05T14:09:32","date_gmt":"2018-03-05T13:09:32","guid":{"rendered":"https:\/\/energylandia.pl\/szkoly\/"},"modified":"2026-02-23T15:43:45","modified_gmt":"2026-02-23T14:43:45","slug":"ecoles","status":"publish","type":"page","link":"https:\/\/energylandia.pl\/fr\/cennik\/ecoles\/","title":{"rendered":"\u00c9COLES"},"content":{"rendered":"<ul>\n<li><span data-sheets-root=\"1\">1 accompagnateur pour 10 personne pour 1 pln<\/span><\/li>\n<li><span data-sheets-root=\"1\">Le caf\u00e9 ou le th\u00e9 pour les accompagnateur est OFFERT !<\/span><\/li>\n<li><span data-sheets-root=\"1\">Pour le conducteur d&#8217;autocar : billet gratuit + th\u00e9\/caf\u00e9 GRATUIT !<\/span><\/li>\n<li><span data-sheets-root=\"1\">Un groupe doit compter au moins 15 \u00e9l\u00e8ves.<\/span><\/li>\n<li><span data-sheets-root=\"1\">Le billet comprend un spectacle \u00e9ducatif ainsi que l&#8217;acc\u00e8s \u00e0 toutes les attractions du Parc d&#8217;Attractions Energylandia : les rollers coasters, les carrousels, les man\u00e8ges pour enfants, ainsi qu&#8217;aux spectacles dont les spectacles \u00e9ducatifs et le cin\u00e9ma.<\/span><\/li>\n<li><span data-sheets-root=\"1\">Comme dans tous les autres parc d&#8217;attractions existants, ne sont pas compris dans le prix du billet : les restaurants, les jeux d&#8217;ordinateur et d&#8217;adresse, certains stands (les cabines photos, les stands de maquillage, les stands de tatouage etc.) ainsi que les marchandises dans les boutiques se trouvant dans le Parc.<\/span><\/li>\n<\/ul>\n<hr \/>\n","protected":false},"excerpt":{"rendered":"<p>1 accompagnateur pour 10 personne pour 1 pln Le caf\u00e9 ou le th\u00e9 pour les accompagnateur est OFFERT ! Pour le conducteur d&#8217;autocar : billet gratuit + th\u00e9\/caf\u00e9 GRATUIT ! Un groupe doit compter au moins 15 \u00e9l\u00e8ves. Le billet comprend un spectacle \u00e9ducatif ainsi que l&#8217;acc\u00e8s \u00e0 toutes les attractions du Parc d&#8217;Attractions Energylandia [&hellip;]<\/p>\n","protected":false},"author":26,"featured_media":0,"parent":297772,"menu_order":405,"comment_status":"closed","ping_status":"closed","template":"templates\/bilet-single-szkoly.php","meta":{"footnotes":""},"acf":[],"yoast_head":"<!-- This site is optimized with the Yoast SEO plugin v20.9 - https:\/\/yoast.com\/wordpress\/plugins\/seo\/ -->\n<title>\u00c9COLES - ENERGYLANDIA - Rodzinny Park Rozrywki w Zatorze<\/title>\n<meta name=\"description\" content=\"Energylandia ch\u0119tnie go\u015bci wycieczki szkolne oraz grupy zorganizowane. Ofert\u0119 obejmuj\u0105ca bilety grupowe oraz cennik dla grup znajdziecie na naszej stronie wwww.\" \/>\n<meta name=\"robots\" content=\"index, follow, max-snippet:-1, max-image-preview:large, max-video-preview:-1\" \/>\n<meta property=\"og:locale\" content=\"fr_FR\" \/>\n<meta property=\"og:type\" content=\"article\" \/>\n<meta property=\"og:title\" content=\"\u00c9COLES - ENERGYLANDIA - Rodzinny Park Rozrywki w Zatorze\" \/>\n<meta property=\"og:description\" content=\"Energylandia ch\u0119tnie go\u015bci wycieczki szkolne oraz grupy zorganizowane. Ofert\u0119 obejmuj\u0105ca bilety grupowe oraz cennik dla grup znajdziecie na naszej stronie wwww.\" \/>\n<meta property=\"og:url\" content=\"https:\/\/energylandia.pl\/fr\/cennik\/ecoles\/\" \/>\n<meta property=\"og:site_name\" content=\"ENERGYLANDIA - Rodzinny Park Rozrywki w Zatorze\" \/>\n<meta property=\"article:publisher\" content=\"https:\/\/www.facebook.com\/EnergyLandia\" \/>\n<meta property=\"article:modified_time\" content=\"2026-02-23T14:43:45+00:00\" \/>\n<meta name=\"twitter:card\" content=\"summary_large_image\" \/>\n<meta name=\"twitter:label1\" content=\"Dur\u00e9e de lecture estim\u00e9e\" \/>\n\t<meta name=\"twitter:data1\" content=\"1 minute\" \/>\n<script type=\"application\/ld+json\" class=\"yoast-schema-graph\">{\"@context\":\"https:\/\/schema.org\",\"@graph\":[{\"@type\":\"WebPage\",\"@id\":\"https:\/\/energylandia.pl\/fr\/cennik\/ecoles\/\",\"url\":\"https:\/\/energylandia.pl\/fr\/cennik\/ecoles\/\",\"name\":\"\u00c9COLES - ENERGYLANDIA - Rodzinny Park Rozrywki w Zatorze\",\"isPartOf\":{\"@id\":\"https:\/\/energylandia.pl\/#website\"},\"datePublished\":\"2018-03-05T13:09:32+00:00\",\"dateModified\":\"2026-02-23T14:43:45+00:00\",\"description\":\"Energylandia ch\u0119tnie go\u015bci wycieczki szkolne oraz grupy zorganizowane. Ofert\u0119 obejmuj\u0105ca bilety grupowe oraz cennik dla grup znajdziecie na naszej stronie wwww.\",\"breadcrumb\":{\"@id\":\"https:\/\/energylandia.pl\/fr\/cennik\/ecoles\/#breadcrumb\"},\"inLanguage\":\"fr-FR\",\"potentialAction\":[{\"@type\":\"ReadAction\",\"target\":[\"https:\/\/energylandia.pl\/fr\/cennik\/ecoles\/\"]}]},{\"@type\":\"BreadcrumbList\",\"@id\":\"https:\/\/energylandia.pl\/fr\/cennik\/ecoles\/#breadcrumb\",\"itemListElement\":[{\"@type\":\"ListItem\",\"position\":1,\"name\":\"Strona g\u0142\u00f3wna\",\"item\":\"https:\/\/energylandia.pl\/fr\/\"},{\"@type\":\"ListItem\",\"position\":2,\"name\":\"Cennik\",\"item\":\"https:\/\/energylandia.pl\/fr\/cennik\/\"},{\"@type\":\"ListItem\",\"position\":3,\"name\":\"\u00c9COLES\"}]},{\"@type\":\"WebSite\",\"@id\":\"https:\/\/energylandia.pl\/#website\",\"url\":\"https:\/\/energylandia.pl\/\",\"name\":\"ENERGYLANDIA - Rodzinny Park Rozrywki w Zatorze\",\"description\":\"ENERGYLANDIA - najwi\u0119kszy rodzinny Park Rozrywki w Polsce!\",\"publisher\":{\"@id\":\"https:\/\/energylandia.pl\/#organization\"},\"potentialAction\":[{\"@type\":\"SearchAction\",\"target\":{\"@type\":\"EntryPoint\",\"urlTemplate\":\"https:\/\/energylandia.pl\/?s={search_term_string}\"},\"query-input\":\"required name=search_term_string\"}],\"inLanguage\":\"fr-FR\"},{\"@type\":\"Organization\",\"@id\":\"https:\/\/energylandia.pl\/#organization\",\"name\":\"Energylandia\",\"url\":\"https:\/\/energylandia.pl\/\",\"logo\":{\"@type\":\"ImageObject\",\"inLanguage\":\"fr-FR\",\"@id\":\"https:\/\/energylandia.pl\/#\/schema\/logo\/image\/\",\"url\":\"\",\"contentUrl\":\"\",\"caption\":\"Energylandia\"},\"image\":{\"@id\":\"https:\/\/energylandia.pl\/#\/schema\/logo\/image\/\"},\"sameAs\":[\"https:\/\/www.facebook.com\/EnergyLandia\",\"https:\/\/www.youtube.com\/channel\/UCPj-Bs4Pfub_Bm04BOfyDoA\",\"https:\/\/vm.tiktok.com\/Tw7YAK\/\"]}]}<\/script>\n<!-- \/ Yoast SEO plugin. -->","yoast_head_json":{"title":"\u00c9COLES - ENERGYLANDIA - Rodzinny Park Rozrywki w Zatorze","description":"Energylandia ch\u0119tnie go\u015bci wycieczki szkolne oraz grupy zorganizowane. Ofert\u0119 obejmuj\u0105ca bilety grupowe oraz cennik dla grup znajdziecie na naszej stronie wwww.","robots":{"index":"index","follow":"follow","max-snippet":"max-snippet:-1","max-image-preview":"max-image-preview:large","max-video-preview":"max-video-preview:-1"},"og_locale":"fr_FR","og_type":"article","og_title":"\u00c9COLES - ENERGYLANDIA - Rodzinny Park Rozrywki w Zatorze","og_description":"Energylandia ch\u0119tnie go\u015bci wycieczki szkolne oraz grupy zorganizowane. Ofert\u0119 obejmuj\u0105ca bilety grupowe oraz cennik dla grup znajdziecie na naszej stronie wwww.","og_url":"https:\/\/energylandia.pl\/fr\/cennik\/ecoles\/","og_site_name":"ENERGYLANDIA - Rodzinny Park Rozrywki w Zatorze","article_publisher":"https:\/\/www.facebook.com\/EnergyLandia","article_modified_time":"2026-02-23T14:43:45+00:00","twitter_card":"summary_large_image","twitter_misc":{"Dur\u00e9e de lecture estim\u00e9e":"1 minute"},"schema":{"@context":"https:\/\/schema.org","@graph":[{"@type":"WebPage","@id":"https:\/\/energylandia.pl\/fr\/cennik\/ecoles\/","url":"https:\/\/energylandia.pl\/fr\/cennik\/ecoles\/","name":"\u00c9COLES - ENERGYLANDIA - Rodzinny Park Rozrywki w Zatorze","isPartOf":{"@id":"https:\/\/energylandia.pl\/#website"},"datePublished":"2018-03-05T13:09:32+00:00","dateModified":"2026-02-23T14:43:45+00:00","description":"Energylandia ch\u0119tnie go\u015bci wycieczki szkolne oraz grupy zorganizowane. Ofert\u0119 obejmuj\u0105ca bilety grupowe oraz cennik dla grup znajdziecie na naszej stronie wwww.","breadcrumb":{"@id":"https:\/\/energylandia.pl\/fr\/cennik\/ecoles\/#breadcrumb"},"inLanguage":"fr-FR","potentialAction":[{"@type":"ReadAction","target":["https:\/\/energylandia.pl\/fr\/cennik\/ecoles\/"]}]},{"@type":"BreadcrumbList","@id":"https:\/\/energylandia.pl\/fr\/cennik\/ecoles\/#breadcrumb","itemListElement":[{"@type":"ListItem","position":1,"name":"Strona g\u0142\u00f3wna","item":"https:\/\/energylandia.pl\/fr\/"},{"@type":"ListItem","position":2,"name":"Cennik","item":"https:\/\/energylandia.pl\/fr\/cennik\/"},{"@type":"ListItem","position":3,"name":"\u00c9COLES"}]},{"@type":"WebSite","@id":"https:\/\/energylandia.pl\/#website","url":"https:\/\/energylandia.pl\/","name":"ENERGYLANDIA - Rodzinny Park Rozrywki w Zatorze","description":"ENERGYLANDIA - najwi\u0119kszy rodzinny Park Rozrywki w Polsce!","publisher":{"@id":"https:\/\/energylandia.pl\/#organization"},"potentialAction":[{"@type":"SearchAction","target":{"@type":"EntryPoint","urlTemplate":"https:\/\/energylandia.pl\/?s={search_term_string}"},"query-input":"required name=search_term_string"}],"inLanguage":"fr-FR"},{"@type":"Organization","@id":"https:\/\/energylandia.pl\/#organization","name":"Energylandia","url":"https:\/\/energylandia.pl\/","logo":{"@type":"ImageObject","inLanguage":"fr-FR","@id":"https:\/\/energylandia.pl\/#\/schema\/logo\/image\/","url":"","contentUrl":"","caption":"Energylandia"},"image":{"@id":"https:\/\/energylandia.pl\/#\/schema\/logo\/image\/"},"sameAs":["https:\/\/www.facebook.com\/EnergyLandia","https:\/\/www.youtube.com\/channel\/UCPj-Bs4Pfub_Bm04BOfyDoA","https:\/\/vm.tiktok.com\/Tw7YAK\/"]}]}},"_links":{"self":[{"href":"https:\/\/energylandia.pl\/fr\/wp-json\/wp\/v2\/pages\/297630"}],"collection":[{"href":"https:\/\/energylandia.pl\/fr\/wp-json\/wp\/v2\/pages"}],"about":[{"href":"https:\/\/energylandia.pl\/fr\/wp-json\/wp\/v2\/types\/page"}],"author":[{"embeddable":true,"href":"https:\/\/energylandia.pl\/fr\/wp-json\/wp\/v2\/users\/26"}],"replies":[{"embeddable":true,"href":"https:\/\/energylandia.pl\/fr\/wp-json\/wp\/v2\/comments?post=297630"}],"version-history":[{"count":5,"href":"https:\/\/energylandia.pl\/fr\/wp-json\/wp\/v2\/pages\/297630\/revisions"}],"predecessor-version":[{"id":302989,"href":"https:\/\/energylandia.pl\/fr\/wp-json\/wp\/v2\/pages\/297630\/revisions\/302989"}],"up":[{"embeddable":true,"href":"https:\/\/energylandia.pl\/fr\/wp-json\/wp\/v2\/pages\/297772"}],"wp:attachment":[{"href":"https:\/\/energylandia.pl\/fr\/wp-json\/wp\/v2\/media?parent=297630"}],"curies":[{"name":"wp","href":"https:\/\/api.w.org\/{rel}","templated":true}]}}