{"id":296596,"date":"2022-04-13T18:03:44","date_gmt":"2022-04-13T16:03:44","guid":{"rendered":"https:\/\/energylandia.pl\/urodziny-w-energylandii\/"},"modified":"2026-03-05T09:23:34","modified_gmt":"2026-03-05T08:23:34","slug":"anniversaire","status":"publish","type":"page","link":"https:\/\/energylandia.pl\/fr\/cennik\/anniversaire\/","title":{"rendered":"ANNIVERSAIRE"},"content":{"rendered":"\n<div class=\"wpcf7 no-js\" id=\"wpcf7-f297667-o1\" lang=\"fr-FR\" dir=\"ltr\">\n<div class=\"screen-reader-response\"><p role=\"status\" aria-live=\"polite\" aria-atomic=\"true\"><\/p> <ul><\/ul><\/div>\n<form action=\"\/fr\/wp-json\/wp\/v2\/pages\/296596#wpcf7-f297667-o1\" method=\"post\" class=\"wpcf7-form init wpcf7-acceptance-as-validation\" aria-label=\"Formulaire de contact\" novalidate=\"novalidate\" data-status=\"init\">\n<div style=\"display: none;\">\n<input type=\"hidden\" name=\"_wpcf7\" value=\"297667\" \/>\n<input type=\"hidden\" name=\"_wpcf7_version\" value=\"5.7.7\" \/>\n<input type=\"hidden\" name=\"_wpcf7_locale\" value=\"fr_FR\" \/>\n<input type=\"hidden\" name=\"_wpcf7_unit_tag\" value=\"wpcf7-f297667-o1\" \/>\n<input type=\"hidden\" name=\"_wpcf7_container_post\" value=\"0\" \/>\n<input type=\"hidden\" name=\"_wpcf7_posted_data_hash\" value=\"\" \/>\n<input type=\"hidden\" name=\"_wpcf7cf_hidden_group_fields\" value=\"[]\" \/>\n<input type=\"hidden\" name=\"_wpcf7cf_hidden_groups\" value=\"[]\" \/>\n<input type=\"hidden\" name=\"_wpcf7cf_visible_groups\" value=\"[]\" \/>\n<input type=\"hidden\" name=\"_wpcf7cf_repeaters\" value=\"[]\" \/>\n<input type=\"hidden\" name=\"_wpcf7cf_steps\" value=\"{}\" \/>\n<input type=\"hidden\" name=\"_wpcf7cf_options\" value=\"{&quot;form_id&quot;:297667,&quot;conditions&quot;:[{&quot;then_field&quot;:&quot;-1&quot;,&quot;and_rules&quot;:[{&quot;if_field&quot;:&quot;-1&quot;,&quot;operator&quot;:&quot;equals&quot;,&quot;if_value&quot;:&quot;Szko\\u0142a Zestaw 1 - 24.50 PLN&quot;}]},{&quot;then_field&quot;:&quot;-1&quot;,&quot;and_rules&quot;:[{&quot;if_field&quot;:&quot;-1&quot;,&quot;operator&quot;:&quot;equals&quot;,&quot;if_value&quot;:&quot;Szko\\u0142a Zestaw 2 - 28.50 PLN&quot;}]}],&quot;settings&quot;:{&quot;animation&quot;:&quot;yes&quot;,&quot;animation_intime&quot;:200,&quot;animation_outtime&quot;:200,&quot;conditions_ui&quot;:&quot;normal&quot;,&quot;notice_dismissed&quot;:false}}\" \/>\n<input type=\"hidden\" name=\"_wpcf7_recaptcha_response\" value=\"\" \/>\n<\/div>\n<div class=\"row\">\n    <div class=\"col-12\">\n        <div class=\"form-group\">\n            <label>Date de la f\u00eate <span class=\"plm-required-field\">*<\/span><\/label>\n            <span class=\"wpcf7-form-control-wrap\" data-name=\"data_przyjecia\"><input class=\"wpcf7-form-control wpcf7-date wpcf7-validates-as-required wpcf7-validates-as-date form-control\" min=\"2026-04-14\" aria-required=\"true\" aria-invalid=\"false\" value=\"2026-04-14\" type=\"date\" name=\"data_przyjecia\" \/><\/span>\n        <\/div>\n    <\/div>\n<\/div>\n<div class=\"row\">\n    <div class=\"col-12\">\n        <div class=\"form-group\">\n            <p>Tuteur \/ Accompagnateur<\/p>\n        <\/div>\n    <\/div>\n<\/div>\n<div class=\"row\">\n    <div class=\"col-md-6\">\n        <div class=\"form-group\">\n            <label>Pr\u00e9nom de l'enfant <span class=\"plm-required-field\">*<\/span><\/label>\n            <span class=\"wpcf7-form-control-wrap\" data-name=\"imie_solenizanta\"><input size=\"40\" class=\"wpcf7-form-control wpcf7-text wpcf7-validates-as-required form-control\" aria-required=\"true\" aria-invalid=\"false\" placeholder=\"Pr\u00e9nom de l&#039;enfant\" value=\"\" type=\"text\" name=\"imie_solenizanta\" \/><\/span>\n        <\/div>\n    <\/div>\n    <div class=\"col-md-6\">\n        <div class=\"form-group\">\n            <label>\u00c2ge de l'enfant <span class=\"plm-required-field\">*<\/span><\/label>\n            <span class=\"wpcf7-form-control-wrap\" data-name=\"wiek_solenizanta\"><input class=\"wpcf7-form-control wpcf7-number wpcf7-validates-as-required wpcf7-validates-as-number form-control\" min=\"0\" max=\"18\" aria-required=\"true\" aria-invalid=\"false\" placeholder=\"\u00c2ge de l&#039;enfant\" value=\"\" type=\"number\" name=\"wiek_solenizanta\" \/><\/span>\n        <\/div>\n    <\/div>\n<\/div>\n<hr class=\"horizontal dark\" \/>\n<div class=\"row\">\n    <div class=\"col-md-6\">\n        <div class=\"form-group\">\n            <label>Pr\u00e9nom du tuteur <span class=\"plm-required-field\">*<\/span><\/label>\n            <span class=\"wpcf7-form-control-wrap\" data-name=\"imie_opiekun\"><input size=\"40\" class=\"wpcf7-form-control wpcf7-text wpcf7-validates-as-required form-control\" autocomplete=\"given-name\" aria-required=\"true\" aria-invalid=\"false\" placeholder=\"Pr\u00e9nom du tuteur\" value=\"\" type=\"text\" name=\"imie_opiekun\" \/><\/span>\n        <\/div>\n    <\/div>\n    <div class=\"col-md-6\">\n        <div class=\"form-group\">\n            <label>Nom du tuteur <span class=\"plm-required-field\">*<\/span><\/label>\n            <span class=\"wpcf7-form-control-wrap\" data-name=\"nazwisko_opiekun\"><input size=\"40\" class=\"wpcf7-form-control wpcf7-text wpcf7-validates-as-required form-control\" autocomplete=\"family-name\" aria-required=\"true\" aria-invalid=\"false\" placeholder=\"Nom du tuteur\" value=\"\" type=\"text\" name=\"nazwisko_opiekun\" \/><\/span>\n        <\/div>\n    <\/div>\n<\/div>\n<div class=\"row\">\n    <div class=\"col-md-6\">\n        <div class=\"form-group\">\n            <label>Adresse e-mail <span class=\"plm-required-field\">*<\/span><\/label>\n            <span class=\"wpcf7-form-control-wrap\" data-name=\"email_opiekun\"><input size=\"40\" class=\"wpcf7-form-control wpcf7-text wpcf7-email wpcf7-validates-as-required wpcf7-validates-as-email form-control\" autocomplete=\"email\" aria-required=\"true\" aria-invalid=\"false\" placeholder=\"Adresse e-mail\" value=\"\" type=\"email\" name=\"email_opiekun\" \/><\/span>\n        <\/div>\n    <\/div>\n    <div class=\"col-md-6\">\n        <div class=\"form-group\">\n            <label>Num\u00e9ro de t\u00e9l\u00e9phone <span class=\"plm-required-field\">*<\/span><\/label>\n            <span class=\"wpcf7-form-control-wrap\" data-name=\"telefon_opiekun\"><input size=\"40\" class=\"wpcf7-form-control wpcf7-text wpcf7-tel wpcf7-validates-as-required wpcf7-validates-as-tel form-control\" autocomplete=\"tel\" aria-required=\"true\" aria-invalid=\"false\" placeholder=\"Num\u00e9ro de t\u00e9l\u00e9phone\" value=\"\" type=\"tel\" name=\"telefon_opiekun\" \/><\/span>\n        <\/div>\n    <\/div>\n<\/div>\n<hr class=\"horizontal dark\" \/>\n<div class=\"table-responsive\">\n    <table class=\"table\">\n        <thead>\n            <tr>\n                <th class=\"col-6 align-middle text-start ps-0\"><label>Billet<\/label><\/th>\n                <th class=\"align-middle text-end pe-2\">Prix<\/th>\n                <th class=\"align-middle text-end pe-0\">Quantit\u00e9<\/th>\n            <\/tr>\n        <\/thead>\n        <tbody>\n            <tr>\n                <td class=\"align-middle text-start ps-0\"><label>Billet pour l'enfant (anniversaire)<\/label><\/td>\n                <td class=\"align-middle text-end pe-2\">1<span class=\"text-sm\">z\u0142<\/span><\/td>\n                <td class=\"align-middle text-end pe-0\"><span class=\"wpcf7-form-control-wrap\" data-name=\"ilosc_solenizant\"><input class=\"wpcf7-form-control wpcf7-number wpcf7-validates-as-required wpcf7-validates-as-number form-control text-end\" min=\"0\" max=\"100\" aria-required=\"true\" aria-invalid=\"false\" value=\"0\" type=\"number\" name=\"ilosc_solenizant\" \/><\/span><\/td>\n            <\/tr>\n            <tr>\n                <td class=\"align-middle text-start ps-0\"><label>Pack anniversaire<\/label><\/td>\n                <td class=\"align-middle text-end pe-2\">1999<span class=\"text-sm\">z\u0142<\/span><\/td>\n                <td class=\"align-middle text-end pe-0\"><span class=\"wpcf7-form-control-wrap\" data-name=\"ilosc_pakiet_urodzinowy\"><input class=\"wpcf7-form-control wpcf7-number wpcf7-validates-as-number form-control text-end\" min=\"0\" max=\"1\" aria-invalid=\"false\" value=\"0\" type=\"number\" name=\"ilosc_pakiet_urodzinowy\" \/><\/span><\/td>\n            <\/tr>\n            <tr>\n                <td class=\"align-middle text-start ps-0\"><label>Invit\u00e9 suppl\u00e9mentaire (jusqu'\u00e0 12 ans)<\/label><\/td>\n                <td class=\"align-middle text-end pe-2\">199<span class=\"text-sm\">z\u0142<\/span><\/td>\n                <td class=\"align-middle text-end pe-0\"><span class=\"wpcf7-form-control-wrap\" data-name=\"ilosc_dodatkowych_do_12\"><input class=\"wpcf7-form-control wpcf7-number wpcf7-validates-as-number form-control text-end\" min=\"0\" max=\"100\" aria-invalid=\"false\" value=\"0\" type=\"number\" name=\"ilosc_dodatkowych_do_12\" \/><\/span><\/td>\n            <\/tr>\n            <tr>\n                <td class=\"align-middle text-start ps-0\"><label>Invit\u00e9 suppl\u00e9mentaire (\u00e0 partir de 12 ans)<\/label><\/td>\n                <td class=\"align-middle text-end pe-2\">249<span class=\"text-sm\">z\u0142<\/span><\/td>\n                <td class=\"align-middle text-end pe-0\"><span class=\"wpcf7-form-control-wrap\" data-name=\"ilosc_dodatkowych_od_12\"><input class=\"wpcf7-form-control wpcf7-number wpcf7-validates-as-number form-control text-end\" min=\"0\" max=\"100\" aria-invalid=\"false\" value=\"0\" type=\"number\" name=\"ilosc_dodatkowych_od_12\" \/><\/span><\/td>\n            <\/tr>\n        <\/tbody>\n    <\/table>\n<\/div>\n<hr class=\"horizontal dark\" \/>\n<div class=\"row\">\n    <div class=\"col-12\">\n        <p>Le nombre maximum de participants dans le pack est de 8 personnes, dont au maximum 4 accompagnateurs. Offre valable jusqu'au 18\u00e8me anniversaire inclus. Les f\u00eates d'anniversaire sont organis\u00e9es une semaine avant ou apr\u00e8s la date de l'anniversaire.<\/p>\n    <\/div>\n<\/div>\n<hr class=\"horizontal dark\" \/>\n<div class=\"row\">\n    <div class=\"col-md-6\">\n        <div class=\"form-group\">\n            <label>G\u00e2teau <span class=\"plm-required-field\">*<\/span><\/label>\n            <span class=\"wpcf7-form-control-wrap\" data-name=\"urodziny-tort\"><select class=\"wpcf7-form-control wpcf7-select wpcf7-validates-as-required form-control\" id=\"urodziny-tort\" aria-required=\"true\" aria-invalid=\"false\" name=\"urodziny-tort\"><option value=\"\">&#8212;Veuillez choisir une option&#8212;<\/option><option value=\"G\u00e2teau Energu\u015b\">G\u00e2teau Energu\u015b<\/option><option value=\"G\u00e2teau Sissi\">G\u00e2teau Sissi<\/option><option value=\"G\u00e2teau Leo\u015b\">G\u00e2teau Leo\u015b<\/option><\/select><\/span>\n        <\/div>\n    <\/div>\n    <div class=\"col-md-6\">\n        <div class=\"form-group\">\n            <label>Souhaitez-vous recevoir un pack d'invitations gratuites ? <span class=\"plm-required-field\">*<\/span><\/label>\n            <span class=\"wpcf7-form-control-wrap\" data-name=\"urodziny-pakiet_zaproszen\"><select class=\"wpcf7-form-control wpcf7-select wpcf7-validates-as-required form-control\" id=\"urodziny-pakiet_zaproszen\" aria-required=\"true\" aria-invalid=\"false\" name=\"urodziny-pakiet_zaproszen\"><option value=\"\">&#8212;Veuillez choisir une option&#8212;<\/option><option value=\"Oui\">Oui<\/option><option value=\"Non\">Non<\/option><\/select><\/span>\n        <\/div>\n    <\/div>\n<\/div>\n<hr class=\"horizontal dark\" \/>\n<div class=\"row\">\n    <div class=\"col-12\">\n        <div class=\"form-group\">\n            <label>Remarques<\/label>\n            <span class=\"wpcf7-form-control-wrap\" data-name=\"uwagi\"><textarea cols=\"40\" rows=\"4\" class=\"wpcf7-form-control wpcf7-textarea form-control\" aria-invalid=\"false\" placeholder=\"Champ pour vos remarques\" name=\"uwagi\"><\/textarea><\/span>\n        <\/div>\n    <\/div>\n<\/div>\n<div class=\"row\">\n    <div class=\"col-12\">\n        <div class=\"form-check form-switch\">\n            <span class=\"wpcf7-form-control-wrap\" data-name=\"acceptance-408\"><span class=\"wpcf7-form-control wpcf7-acceptance\"><span class=\"wpcf7-list-item\"><label><input type=\"checkbox\" name=\"acceptance-408\" value=\"1\" class=\"form-check-input\" aria-invalid=\"false\" \/><span class=\"wpcf7-list-item-label\">J'ai lu et j'accepte les dispositions de la <a href=\"\/o-nas\/polityka-prywatnosci\/\" target=\"_blank\">Politique de confidentialit\u00e9<\/a>. <span class=\"plm-required-field\">*<\/span><\/span><\/label><\/span><\/span><\/span>\n        <\/div>\n    <\/div>\n<\/div>\n<div class=\"row\">\n    <div class=\"col-12 mx-auto text-center\">\n        <input class=\"wpcf7-form-control has-spinner wpcf7-submit btn btn-primary\" type=\"submit\" value=\"R\u00e9server\" \/>\n    <\/div>\n<\/div><div class=\"wpcf7-response-output\" aria-hidden=\"true\"><\/div>\n<\/form>\n<\/div>\n\n","protected":false},"excerpt":{"rendered":"","protected":false},"author":28,"featured_media":0,"parent":297772,"menu_order":347,"comment_status":"closed","ping_status":"closed","template":"templates\/bilet-single.php","meta":{"footnotes":""},"class_list":["post-296596","page","type-page","status-publish","hentry"],"acf":[],"yoast_head":"<!-- This site is optimized with the Yoast SEO plugin v20.9 - https:\/\/yoast.com\/wordpress\/plugins\/seo\/ -->\n<title>ANNIVERSAIRE - ENERGYLANDIA - Rodzinny Park Rozrywki w Zatorze<\/title>\n<meta name=\"robots\" content=\"index, follow, max-snippet:-1, max-image-preview:large, max-video-preview:-1\" \/>\n<meta property=\"og:locale\" content=\"fr_FR\" \/>\n<meta property=\"og:type\" content=\"article\" \/>\n<meta property=\"og:title\" content=\"ANNIVERSAIRE - ENERGYLANDIA - Rodzinny Park Rozrywki w Zatorze\" \/>\n<meta property=\"og:url\" content=\"https:\/\/energylandia.pl\/fr\/cennik\/anniversaire\/\" \/>\n<meta property=\"og:site_name\" content=\"ENERGYLANDIA - Rodzinny Park Rozrywki w Zatorze\" \/>\n<meta property=\"article:publisher\" content=\"https:\/\/www.facebook.com\/EnergyLandia\" \/>\n<meta property=\"article:modified_time\" content=\"2026-03-05T08:23:34+00:00\" \/>\n<meta name=\"twitter:card\" content=\"summary_large_image\" \/>\n<meta name=\"twitter:label1\" content=\"Dur\u00e9e de lecture estim\u00e9e\" \/>\n\t<meta name=\"twitter:data1\" content=\"1 minute\" \/>\n<script type=\"application\/ld+json\" class=\"yoast-schema-graph\">{\"@context\":\"https:\/\/schema.org\",\"@graph\":[{\"@type\":\"WebPage\",\"@id\":\"https:\/\/energylandia.pl\/fr\/cennik\/anniversaire\/\",\"url\":\"https:\/\/energylandia.pl\/fr\/cennik\/anniversaire\/\",\"name\":\"ANNIVERSAIRE - ENERGYLANDIA - Rodzinny Park Rozrywki w Zatorze\",\"isPartOf\":{\"@id\":\"https:\/\/energylandia.pl\/#website\"},\"datePublished\":\"2022-04-13T16:03:44+00:00\",\"dateModified\":\"2026-03-05T08:23:34+00:00\",\"breadcrumb\":{\"@id\":\"https:\/\/energylandia.pl\/fr\/cennik\/anniversaire\/#breadcrumb\"},\"inLanguage\":\"fr-FR\",\"potentialAction\":[{\"@type\":\"ReadAction\",\"target\":[\"https:\/\/energylandia.pl\/fr\/cennik\/anniversaire\/\"]}]},{\"@type\":\"BreadcrumbList\",\"@id\":\"https:\/\/energylandia.pl\/fr\/cennik\/anniversaire\/#breadcrumb\",\"itemListElement\":[{\"@type\":\"ListItem\",\"position\":1,\"name\":\"Strona g\u0142\u00f3wna\",\"item\":\"https:\/\/energylandia.pl\/fr\/\"},{\"@type\":\"ListItem\",\"position\":2,\"name\":\"Cennik\",\"item\":\"https:\/\/energylandia.pl\/fr\/cennik\/\"},{\"@type\":\"ListItem\",\"position\":3,\"name\":\"ANNIVERSAIRE\"}]},{\"@type\":\"WebSite\",\"@id\":\"https:\/\/energylandia.pl\/#website\",\"url\":\"https:\/\/energylandia.pl\/\",\"name\":\"ENERGYLANDIA - Rodzinny Park Rozrywki w Zatorze\",\"description\":\"ENERGYLANDIA - najwi\u0119kszy rodzinny Park Rozrywki w Polsce!\",\"publisher\":{\"@id\":\"https:\/\/energylandia.pl\/#organization\"},\"potentialAction\":[{\"@type\":\"SearchAction\",\"target\":{\"@type\":\"EntryPoint\",\"urlTemplate\":\"https:\/\/energylandia.pl\/?s={search_term_string}\"},\"query-input\":\"required name=search_term_string\"}],\"inLanguage\":\"fr-FR\"},{\"@type\":\"Organization\",\"@id\":\"https:\/\/energylandia.pl\/#organization\",\"name\":\"Energylandia\",\"url\":\"https:\/\/energylandia.pl\/\",\"logo\":{\"@type\":\"ImageObject\",\"inLanguage\":\"fr-FR\",\"@id\":\"https:\/\/energylandia.pl\/#\/schema\/logo\/image\/\",\"url\":\"\",\"contentUrl\":\"\",\"caption\":\"Energylandia\"},\"image\":{\"@id\":\"https:\/\/energylandia.pl\/#\/schema\/logo\/image\/\"},\"sameAs\":[\"https:\/\/www.facebook.com\/EnergyLandia\",\"https:\/\/www.youtube.com\/channel\/UCPj-Bs4Pfub_Bm04BOfyDoA\",\"https:\/\/vm.tiktok.com\/Tw7YAK\/\"]}]}<\/script>\n<!-- \/ Yoast SEO plugin. -->","yoast_head_json":{"title":"ANNIVERSAIRE - ENERGYLANDIA - Rodzinny Park Rozrywki w Zatorze","robots":{"index":"index","follow":"follow","max-snippet":"max-snippet:-1","max-image-preview":"max-image-preview:large","max-video-preview":"max-video-preview:-1"},"og_locale":"fr_FR","og_type":"article","og_title":"ANNIVERSAIRE - ENERGYLANDIA - Rodzinny Park Rozrywki w Zatorze","og_url":"https:\/\/energylandia.pl\/fr\/cennik\/anniversaire\/","og_site_name":"ENERGYLANDIA - Rodzinny Park Rozrywki w Zatorze","article_publisher":"https:\/\/www.facebook.com\/EnergyLandia","article_modified_time":"2026-03-05T08:23:34+00:00","twitter_card":"summary_large_image","twitter_misc":{"Dur\u00e9e de lecture estim\u00e9e":"1 minute"},"schema":{"@context":"https:\/\/schema.org","@graph":[{"@type":"WebPage","@id":"https:\/\/energylandia.pl\/fr\/cennik\/anniversaire\/","url":"https:\/\/energylandia.pl\/fr\/cennik\/anniversaire\/","name":"ANNIVERSAIRE - ENERGYLANDIA - Rodzinny Park Rozrywki w Zatorze","isPartOf":{"@id":"https:\/\/energylandia.pl\/#website"},"datePublished":"2022-04-13T16:03:44+00:00","dateModified":"2026-03-05T08:23:34+00:00","breadcrumb":{"@id":"https:\/\/energylandia.pl\/fr\/cennik\/anniversaire\/#breadcrumb"},"inLanguage":"fr-FR","potentialAction":[{"@type":"ReadAction","target":["https:\/\/energylandia.pl\/fr\/cennik\/anniversaire\/"]}]},{"@type":"BreadcrumbList","@id":"https:\/\/energylandia.pl\/fr\/cennik\/anniversaire\/#breadcrumb","itemListElement":[{"@type":"ListItem","position":1,"name":"Strona g\u0142\u00f3wna","item":"https:\/\/energylandia.pl\/fr\/"},{"@type":"ListItem","position":2,"name":"Cennik","item":"https:\/\/energylandia.pl\/fr\/cennik\/"},{"@type":"ListItem","position":3,"name":"ANNIVERSAIRE"}]},{"@type":"WebSite","@id":"https:\/\/energylandia.pl\/#website","url":"https:\/\/energylandia.pl\/","name":"ENERGYLANDIA - Rodzinny Park Rozrywki w Zatorze","description":"ENERGYLANDIA - najwi\u0119kszy rodzinny Park Rozrywki w Polsce!","publisher":{"@id":"https:\/\/energylandia.pl\/#organization"},"potentialAction":[{"@type":"SearchAction","target":{"@type":"EntryPoint","urlTemplate":"https:\/\/energylandia.pl\/?s={search_term_string}"},"query-input":"required name=search_term_string"}],"inLanguage":"fr-FR"},{"@type":"Organization","@id":"https:\/\/energylandia.pl\/#organization","name":"Energylandia","url":"https:\/\/energylandia.pl\/","logo":{"@type":"ImageObject","inLanguage":"fr-FR","@id":"https:\/\/energylandia.pl\/#\/schema\/logo\/image\/","url":"","contentUrl":"","caption":"Energylandia"},"image":{"@id":"https:\/\/energylandia.pl\/#\/schema\/logo\/image\/"},"sameAs":["https:\/\/www.facebook.com\/EnergyLandia","https:\/\/www.youtube.com\/channel\/UCPj-Bs4Pfub_Bm04BOfyDoA","https:\/\/vm.tiktok.com\/Tw7YAK\/"]}]}},"_links":{"self":[{"href":"https:\/\/energylandia.pl\/fr\/wp-json\/wp\/v2\/pages\/296596","targetHints":{"allow":["GET"]}}],"collection":[{"href":"https:\/\/energylandia.pl\/fr\/wp-json\/wp\/v2\/pages"}],"about":[{"href":"https:\/\/energylandia.pl\/fr\/wp-json\/wp\/v2\/types\/page"}],"author":[{"embeddable":true,"href":"https:\/\/energylandia.pl\/fr\/wp-json\/wp\/v2\/users\/28"}],"replies":[{"embeddable":true,"href":"https:\/\/energylandia.pl\/fr\/wp-json\/wp\/v2\/comments?post=296596"}],"version-history":[{"count":5,"href":"https:\/\/energylandia.pl\/fr\/wp-json\/wp\/v2\/pages\/296596\/revisions"}],"predecessor-version":[{"id":297775,"href":"https:\/\/energylandia.pl\/fr\/wp-json\/wp\/v2\/pages\/296596\/revisions\/297775"}],"up":[{"embeddable":true,"href":"https:\/\/energylandia.pl\/fr\/wp-json\/wp\/v2\/pages\/297772"}],"wp:attachment":[{"href":"https:\/\/energylandia.pl\/fr\/wp-json\/wp\/v2\/media?parent=296596"}],"curies":[{"name":"wp","href":"https:\/\/api.w.org\/{rel}","templated":true}]}}