{"id":296591,"date":"2020-01-08T12:26:14","date_gmt":"2020-01-08T11:26:14","guid":{"rendered":"https:\/\/energylandia.pl\/bilety-prezentowe\/"},"modified":"2026-04-16T09:07:09","modified_gmt":"2026-04-16T07:07:09","slug":"offrez-des-billets-cadeau","status":"publish","type":"page","link":"https:\/\/energylandia.pl\/fr\/cennik\/offrez-des-billets-cadeau\/","title":{"rendered":"OFFREZ DES BILLETS CADEAU"},"content":{"rendered":"<p><strong>BILLETS CADEAUX<\/strong><\/p>\n<ul>\n<li style=\"list-style-type: none;\">\n<ul>\n<li>Le billet cadeau (en version papier) est valable jusqu&#8217;au 31.10.2026 selon le calendrier d&#8217;ouverture du parc.<\/li>\n<li>Le billet donne droit \u00e0 utiliser toutes les attractions du parc sans frais suppl\u00e9mentaires (hors nourriture et jeux d&#8217;arcade).<\/li>\n<li>Le billet est \u00e0 usage unique.<\/li>\n<li>Une personne peut acheter un maximum de 10 billets pour l&#8217;ensemble des commandes.<\/li>\n<li>Des frais de livraison sont appliqu\u00e9s aux billets.<\/li>\n<li>Les billets cadeaux ne peuvent pas \u00eatre report\u00e9s \u00e0 une autre saison.<\/li>\n<li>Les billets de deux et trois jours sont valables UNIQUEMENT pour des visites cons\u00e9cutives au parc.<\/li>\n<li>Les billets ne sont pas personnalis\u00e9s.<\/li>\n<li>Les billets standard s&#8217;appliquent aux personnes mesurant plus de 140 cm.<\/li>\n<li>Le billet \u00e0 tarif r\u00e9duit s\u2019applique aux enfants mesurant moins de 140 cm, aux seniors de 65 ans et plus, aux femmes enceintes, aux personnes en situation de handicap, ainsi qu\u2019aux jeunes mari\u00e9s (uniquement lors de l\u2019achat du billet au guichet).<\/li>\n<\/ul>\n<\/li>\n<\/ul>\n<hr \/>\n<p><strong>LES BILLETS CADEAUX SONT LE CADEAU PARFAIT POUR LES PROCHES, LES EMPLOY\u00c9S, LES CONTRACTANTS, POUR LES CONCOURS ET LES LOTERIES<\/strong><\/p>\n<p>Un billet cadeau dans un emballage exclusif est un cadeau unique pour vos proches.<br \/>\nLes billets cadeaux valables jusqu&#8217;au 31.10.2026 sont maintenant disponibles \u00e0 l&#8217;achat.<br \/>\nLe billet inclut toutes les attractions du parc \u00e0 th\u00e8me Energylandia, y compris la nouvelle zone Sweet Valley.<br \/>\nLes entreprises et institutions peuvent utiliser les billets pour des excursions, o\u00f9 tout le groupe profite du parc simultan\u00e9ment, ou comme billets cadeaux, permettant aux employ\u00e9s de visiter le parc \u00e0 tout moment sans organiser un voyage de groupe.<\/p>\n","protected":false},"excerpt":{"rendered":"<p>BILLETS CADEAUX Le billet cadeau (en version papier) est valable jusqu&#8217;au 31.10.2026 selon le calendrier d&#8217;ouverture du parc. Le billet donne droit \u00e0 utiliser toutes les attractions du parc sans frais suppl\u00e9mentaires (hors nourriture et jeux d&#8217;arcade). Le billet est \u00e0 usage unique. Une personne peut acheter un maximum de 10 billets pour l&#8217;ensemble des [&hellip;]<\/p>\n","protected":false},"author":26,"featured_media":0,"parent":297772,"menu_order":369,"comment_status":"closed","ping_status":"closed","template":"templates\/bilet-single.php","meta":{"footnotes":""},"class_list":["post-296591","page","type-page","status-publish","hentry"],"acf":[],"yoast_head":"<!-- This site is optimized with the Yoast SEO plugin v20.9 - https:\/\/yoast.com\/wordpress\/plugins\/seo\/ -->\n<title>OFFREZ DES BILLETS CADEAU - ENERGYLANDIA - Rodzinny Park Rozrywki w Zatorze<\/title>\n<meta name=\"robots\" content=\"index, follow, max-snippet:-1, max-image-preview:large, max-video-preview:-1\" \/>\n<meta property=\"og:locale\" content=\"fr_FR\" \/>\n<meta property=\"og:type\" content=\"article\" \/>\n<meta property=\"og:title\" content=\"OFFREZ DES BILLETS CADEAU - ENERGYLANDIA - Rodzinny Park Rozrywki w Zatorze\" \/>\n<meta property=\"og:description\" content=\"BILLETS CADEAUX Le billet cadeau (en version papier) est valable jusqu&#8217;au 31.10.2026 selon le calendrier d&#8217;ouverture du parc. Le billet donne droit \u00e0 utiliser toutes les attractions du parc sans frais suppl\u00e9mentaires (hors nourriture et jeux d&#8217;arcade). Le billet est \u00e0 usage unique. Une personne peut acheter un maximum de 10 billets pour l&#8217;ensemble des [&hellip;]\" \/>\n<meta property=\"og:url\" content=\"https:\/\/energylandia.pl\/fr\/cennik\/offrez-des-billets-cadeau\/\" \/>\n<meta property=\"og:site_name\" content=\"ENERGYLANDIA - Rodzinny Park Rozrywki w Zatorze\" \/>\n<meta property=\"article:publisher\" content=\"https:\/\/www.facebook.com\/EnergyLandia\" \/>\n<meta property=\"article:modified_time\" content=\"2026-04-16T07:07:09+00:00\" \/>\n<meta name=\"twitter:card\" content=\"summary_large_image\" \/>\n<meta name=\"twitter:label1\" content=\"Dur\u00e9e de lecture estim\u00e9e\" \/>\n\t<meta name=\"twitter:data1\" content=\"2 minutes\" \/>\n<script type=\"application\/ld+json\" class=\"yoast-schema-graph\">{\"@context\":\"https:\/\/schema.org\",\"@graph\":[{\"@type\":\"WebPage\",\"@id\":\"https:\/\/energylandia.pl\/fr\/cennik\/offrez-des-billets-cadeau\/\",\"url\":\"https:\/\/energylandia.pl\/fr\/cennik\/offrez-des-billets-cadeau\/\",\"name\":\"OFFREZ DES BILLETS CADEAU - ENERGYLANDIA - Rodzinny Park Rozrywki w Zatorze\",\"isPartOf\":{\"@id\":\"https:\/\/energylandia.pl\/#website\"},\"datePublished\":\"2020-01-08T11:26:14+00:00\",\"dateModified\":\"2026-04-16T07:07:09+00:00\",\"breadcrumb\":{\"@id\":\"https:\/\/energylandia.pl\/fr\/cennik\/offrez-des-billets-cadeau\/#breadcrumb\"},\"inLanguage\":\"fr-FR\",\"potentialAction\":[{\"@type\":\"ReadAction\",\"target\":[\"https:\/\/energylandia.pl\/fr\/cennik\/offrez-des-billets-cadeau\/\"]}]},{\"@type\":\"BreadcrumbList\",\"@id\":\"https:\/\/energylandia.pl\/fr\/cennik\/offrez-des-billets-cadeau\/#breadcrumb\",\"itemListElement\":[{\"@type\":\"ListItem\",\"position\":1,\"name\":\"Strona g\u0142\u00f3wna\",\"item\":\"https:\/\/energylandia.pl\/fr\/\"},{\"@type\":\"ListItem\",\"position\":2,\"name\":\"Cennik\",\"item\":\"https:\/\/energylandia.pl\/fr\/cennik\/\"},{\"@type\":\"ListItem\",\"position\":3,\"name\":\"OFFREZ DES BILLETS CADEAU\"}]},{\"@type\":\"WebSite\",\"@id\":\"https:\/\/energylandia.pl\/#website\",\"url\":\"https:\/\/energylandia.pl\/\",\"name\":\"ENERGYLANDIA - Rodzinny Park Rozrywki w Zatorze\",\"description\":\"ENERGYLANDIA - najwi\u0119kszy rodzinny Park Rozrywki w Polsce!\",\"publisher\":{\"@id\":\"https:\/\/energylandia.pl\/#organization\"},\"potentialAction\":[{\"@type\":\"SearchAction\",\"target\":{\"@type\":\"EntryPoint\",\"urlTemplate\":\"https:\/\/energylandia.pl\/?s={search_term_string}\"},\"query-input\":\"required name=search_term_string\"}],\"inLanguage\":\"fr-FR\"},{\"@type\":\"Organization\",\"@id\":\"https:\/\/energylandia.pl\/#organization\",\"name\":\"Energylandia\",\"url\":\"https:\/\/energylandia.pl\/\",\"logo\":{\"@type\":\"ImageObject\",\"inLanguage\":\"fr-FR\",\"@id\":\"https:\/\/energylandia.pl\/#\/schema\/logo\/image\/\",\"url\":\"\",\"contentUrl\":\"\",\"caption\":\"Energylandia\"},\"image\":{\"@id\":\"https:\/\/energylandia.pl\/#\/schema\/logo\/image\/\"},\"sameAs\":[\"https:\/\/www.facebook.com\/EnergyLandia\",\"https:\/\/www.youtube.com\/channel\/UCPj-Bs4Pfub_Bm04BOfyDoA\",\"https:\/\/vm.tiktok.com\/Tw7YAK\/\"]}]}<\/script>\n<!-- \/ Yoast SEO plugin. -->","yoast_head_json":{"title":"OFFREZ DES BILLETS CADEAU - ENERGYLANDIA - Rodzinny Park Rozrywki w Zatorze","robots":{"index":"index","follow":"follow","max-snippet":"max-snippet:-1","max-image-preview":"max-image-preview:large","max-video-preview":"max-video-preview:-1"},"og_locale":"fr_FR","og_type":"article","og_title":"OFFREZ DES BILLETS CADEAU - ENERGYLANDIA - Rodzinny Park Rozrywki w Zatorze","og_description":"BILLETS CADEAUX Le billet cadeau (en version papier) est valable jusqu&#8217;au 31.10.2026 selon le calendrier d&#8217;ouverture du parc. Le billet donne droit \u00e0 utiliser toutes les attractions du parc sans frais suppl\u00e9mentaires (hors nourriture et jeux d&#8217;arcade). Le billet est \u00e0 usage unique. Une personne peut acheter un maximum de 10 billets pour l&#8217;ensemble des [&hellip;]","og_url":"https:\/\/energylandia.pl\/fr\/cennik\/offrez-des-billets-cadeau\/","og_site_name":"ENERGYLANDIA - Rodzinny Park Rozrywki w Zatorze","article_publisher":"https:\/\/www.facebook.com\/EnergyLandia","article_modified_time":"2026-04-16T07:07:09+00:00","twitter_card":"summary_large_image","twitter_misc":{"Dur\u00e9e de lecture estim\u00e9e":"2 minutes"},"schema":{"@context":"https:\/\/schema.org","@graph":[{"@type":"WebPage","@id":"https:\/\/energylandia.pl\/fr\/cennik\/offrez-des-billets-cadeau\/","url":"https:\/\/energylandia.pl\/fr\/cennik\/offrez-des-billets-cadeau\/","name":"OFFREZ DES BILLETS CADEAU - ENERGYLANDIA - Rodzinny Park Rozrywki w Zatorze","isPartOf":{"@id":"https:\/\/energylandia.pl\/#website"},"datePublished":"2020-01-08T11:26:14+00:00","dateModified":"2026-04-16T07:07:09+00:00","breadcrumb":{"@id":"https:\/\/energylandia.pl\/fr\/cennik\/offrez-des-billets-cadeau\/#breadcrumb"},"inLanguage":"fr-FR","potentialAction":[{"@type":"ReadAction","target":["https:\/\/energylandia.pl\/fr\/cennik\/offrez-des-billets-cadeau\/"]}]},{"@type":"BreadcrumbList","@id":"https:\/\/energylandia.pl\/fr\/cennik\/offrez-des-billets-cadeau\/#breadcrumb","itemListElement":[{"@type":"ListItem","position":1,"name":"Strona g\u0142\u00f3wna","item":"https:\/\/energylandia.pl\/fr\/"},{"@type":"ListItem","position":2,"name":"Cennik","item":"https:\/\/energylandia.pl\/fr\/cennik\/"},{"@type":"ListItem","position":3,"name":"OFFREZ DES BILLETS CADEAU"}]},{"@type":"WebSite","@id":"https:\/\/energylandia.pl\/#website","url":"https:\/\/energylandia.pl\/","name":"ENERGYLANDIA - Rodzinny Park Rozrywki w Zatorze","description":"ENERGYLANDIA - najwi\u0119kszy rodzinny Park Rozrywki w Polsce!","publisher":{"@id":"https:\/\/energylandia.pl\/#organization"},"potentialAction":[{"@type":"SearchAction","target":{"@type":"EntryPoint","urlTemplate":"https:\/\/energylandia.pl\/?s={search_term_string}"},"query-input":"required name=search_term_string"}],"inLanguage":"fr-FR"},{"@type":"Organization","@id":"https:\/\/energylandia.pl\/#organization","name":"Energylandia","url":"https:\/\/energylandia.pl\/","logo":{"@type":"ImageObject","inLanguage":"fr-FR","@id":"https:\/\/energylandia.pl\/#\/schema\/logo\/image\/","url":"","contentUrl":"","caption":"Energylandia"},"image":{"@id":"https:\/\/energylandia.pl\/#\/schema\/logo\/image\/"},"sameAs":["https:\/\/www.facebook.com\/EnergyLandia","https:\/\/www.youtube.com\/channel\/UCPj-Bs4Pfub_Bm04BOfyDoA","https:\/\/vm.tiktok.com\/Tw7YAK\/"]}]}},"_links":{"self":[{"href":"https:\/\/energylandia.pl\/fr\/wp-json\/wp\/v2\/pages\/296591","targetHints":{"allow":["GET"]}}],"collection":[{"href":"https:\/\/energylandia.pl\/fr\/wp-json\/wp\/v2\/pages"}],"about":[{"href":"https:\/\/energylandia.pl\/fr\/wp-json\/wp\/v2\/types\/page"}],"author":[{"embeddable":true,"href":"https:\/\/energylandia.pl\/fr\/wp-json\/wp\/v2\/users\/26"}],"replies":[{"embeddable":true,"href":"https:\/\/energylandia.pl\/fr\/wp-json\/wp\/v2\/comments?post=296591"}],"version-history":[{"count":11,"href":"https:\/\/energylandia.pl\/fr\/wp-json\/wp\/v2\/pages\/296591\/revisions"}],"predecessor-version":[{"id":315071,"href":"https:\/\/energylandia.pl\/fr\/wp-json\/wp\/v2\/pages\/296591\/revisions\/315071"}],"up":[{"embeddable":true,"href":"https:\/\/energylandia.pl\/fr\/wp-json\/wp\/v2\/pages\/297772"}],"wp:attachment":[{"href":"https:\/\/energylandia.pl\/fr\/wp-json\/wp\/v2\/media?parent=296591"}],"curies":[{"name":"wp","href":"https:\/\/api.w.org\/{rel}","templated":true}]}}