{"id":295845,"date":"2016-03-25T15:21:18","date_gmt":"2016-03-25T14:21:18","guid":{"rendered":"https:\/\/energylandia.pl\/dotacje\/"},"modified":"2024-08-20T12:23:31","modified_gmt":"2024-08-20T10:23:31","slug":"subventions","status":"publish","type":"page","link":"https:\/\/energylandia.pl\/fr\/subventions\/","title":{"rendered":"Subventions"},"content":{"rendered":"<p>Le Parc d&#8217;Attractions Energylandia \u00e0 Zator est riche de son exp\u00e9rience dans les projets li\u00e9s \u00e0 la conception de roller coasters et la mise en oeuvre de solutions innovantes \u00e0 l&#8217;\u00e9chelle internationale. Jusqu&#8217;\u00e0 aujourd&#8217;hui notre entreprise a r\u00e9alis\u00e9 les projets suivants financ\u00e9s par l&#8217;Union Europ\u00e9enne :<\/p>\n<p><strong>&#8220;La construction d&#8217;un parc d&#8217;attractions innovant qui lie technologie, divertissement et education : edutainment&#8221;<\/strong> Dans le cadre de l&#8217;Op\u00e9ration POIG 4.4. La valeur brute de ce projet s&#8217;\u00e9l\u00e8ve \u00e0 73 829 564 PLN, et le montant du financement est de 41 752 988 PLN.<\/p>\n<p><strong> &#8220;Une r\u00e9volution dans le domain du divertissement &#8211; une exp\u00e9rience physique en r\u00e9alit\u00e9 virtuelle&#8221;<\/strong> Dans le cadre de l&#8217;Op\u00e9ration POIG 4.4. La valeur brute de ce projet s&#8217;\u00e9l\u00e8ve \u00e0 71 316 100 PLN, et le montant du financement est de 34 002 450 PLN.<\/p>\n<p>Dans le cadre de ce projet trois nouveaux roller coasters ont \u00e9t\u00e9 construits. Ils ont \u00e9t\u00e9 \u00e9quip\u00e9s d&#8217;une technologie unique au monde en mati\u00e8re de divertissement en exploitant la combinaison d&#8217;un divertissement r\u00e9el et du monde virtuel.<\/p>\n<p><img decoding=\"async\" class=\"aligncenter size-large wp-image-10391\" src=\"http:\/\/energylandia.pl\/wp-content\/uploads\/2016\/03\/zdjecie-dotacje-1200x706.jpg\" alt=\"zdjecie dotacje\" width=\"1200\" height=\"706\" \/><\/p>\n","protected":false},"excerpt":{"rendered":"<p>Le Parc d&#8217;Attractions Energylandia \u00e0 Zator est riche de son exp\u00e9rience dans les projets li\u00e9s \u00e0 la conception de roller coasters et la mise en oeuvre de solutions innovantes \u00e0 l&#8217;\u00e9chelle internationale. Jusqu&#8217;\u00e0 aujourd&#8217;hui notre entreprise a r\u00e9alis\u00e9 les projets suivants financ\u00e9s par l&#8217;Union Europ\u00e9enne : &#8220;La construction d&#8217;un parc d&#8217;attractions innovant qui lie technologie, [&hellip;]<\/p>\n","protected":false},"author":36,"featured_media":0,"parent":0,"menu_order":271,"comment_status":"closed","ping_status":"closed","template":"templates\/page8.php","meta":{"footnotes":""},"class_list":["post-295845","page","type-page","status-publish","hentry"],"acf":[],"yoast_head":"<!-- This site is optimized with the Yoast SEO plugin v20.9 - https:\/\/yoast.com\/wordpress\/plugins\/seo\/ -->\n<title>Subventions - ENERGYLANDIA - Rodzinny Park Rozrywki w Zatorze<\/title>\n<meta name=\"robots\" content=\"index, follow, max-snippet:-1, max-image-preview:large, max-video-preview:-1\" \/>\n<meta property=\"og:locale\" content=\"fr_FR\" \/>\n<meta property=\"og:type\" content=\"article\" \/>\n<meta property=\"og:title\" content=\"Subventions - ENERGYLANDIA - Rodzinny Park Rozrywki w Zatorze\" \/>\n<meta property=\"og:description\" content=\"Le Parc d&#8217;Attractions Energylandia \u00e0 Zator est riche de son exp\u00e9rience dans les projets li\u00e9s \u00e0 la conception de roller coasters et la mise en oeuvre de solutions innovantes \u00e0 l&#8217;\u00e9chelle internationale. Jusqu&#8217;\u00e0 aujourd&#8217;hui notre entreprise a r\u00e9alis\u00e9 les projets suivants financ\u00e9s par l&#8217;Union Europ\u00e9enne : &#8220;La construction d&#8217;un parc d&#8217;attractions innovant qui lie technologie, [&hellip;]\" \/>\n<meta property=\"og:url\" content=\"https:\/\/energylandia.pl\/fr\/subventions\/\" \/>\n<meta property=\"og:site_name\" content=\"ENERGYLANDIA - Rodzinny Park Rozrywki w Zatorze\" \/>\n<meta property=\"article:publisher\" content=\"https:\/\/www.facebook.com\/EnergyLandia\" \/>\n<meta property=\"article:modified_time\" content=\"2024-08-20T10:23:31+00:00\" \/>\n<meta property=\"og:image\" content=\"http:\/\/energylandia.pl\/wp-content\/uploads\/2016\/03\/zdjecie-dotacje-1200x706.jpg\" \/>\n<meta name=\"twitter:card\" content=\"summary_large_image\" \/>\n<meta name=\"twitter:label1\" content=\"Dur\u00e9e de lecture estim\u00e9e\" \/>\n\t<meta name=\"twitter:data1\" content=\"2 minutes\" \/>\n<script type=\"application\/ld+json\" class=\"yoast-schema-graph\">{\"@context\":\"https:\/\/schema.org\",\"@graph\":[{\"@type\":\"WebPage\",\"@id\":\"https:\/\/energylandia.pl\/fr\/subventions\/\",\"url\":\"https:\/\/energylandia.pl\/fr\/subventions\/\",\"name\":\"Subventions - ENERGYLANDIA - Rodzinny Park Rozrywki w Zatorze\",\"isPartOf\":{\"@id\":\"https:\/\/energylandia.pl\/#website\"},\"datePublished\":\"2016-03-25T14:21:18+00:00\",\"dateModified\":\"2024-08-20T10:23:31+00:00\",\"breadcrumb\":{\"@id\":\"https:\/\/energylandia.pl\/fr\/subventions\/#breadcrumb\"},\"inLanguage\":\"fr-FR\",\"potentialAction\":[{\"@type\":\"ReadAction\",\"target\":[\"https:\/\/energylandia.pl\/fr\/subventions\/\"]}]},{\"@type\":\"BreadcrumbList\",\"@id\":\"https:\/\/energylandia.pl\/fr\/subventions\/#breadcrumb\",\"itemListElement\":[{\"@type\":\"ListItem\",\"position\":1,\"name\":\"Strona g\u0142\u00f3wna\",\"item\":\"https:\/\/energylandia.pl\/fr\/\"},{\"@type\":\"ListItem\",\"position\":2,\"name\":\"Subventions\"}]},{\"@type\":\"WebSite\",\"@id\":\"https:\/\/energylandia.pl\/#website\",\"url\":\"https:\/\/energylandia.pl\/\",\"name\":\"ENERGYLANDIA - Rodzinny Park Rozrywki w Zatorze\",\"description\":\"ENERGYLANDIA - najwi\u0119kszy rodzinny Park Rozrywki w Polsce!\",\"publisher\":{\"@id\":\"https:\/\/energylandia.pl\/#organization\"},\"potentialAction\":[{\"@type\":\"SearchAction\",\"target\":{\"@type\":\"EntryPoint\",\"urlTemplate\":\"https:\/\/energylandia.pl\/?s={search_term_string}\"},\"query-input\":\"required name=search_term_string\"}],\"inLanguage\":\"fr-FR\"},{\"@type\":\"Organization\",\"@id\":\"https:\/\/energylandia.pl\/#organization\",\"name\":\"Energylandia\",\"url\":\"https:\/\/energylandia.pl\/\",\"logo\":{\"@type\":\"ImageObject\",\"inLanguage\":\"fr-FR\",\"@id\":\"https:\/\/energylandia.pl\/#\/schema\/logo\/image\/\",\"url\":\"\",\"contentUrl\":\"\",\"caption\":\"Energylandia\"},\"image\":{\"@id\":\"https:\/\/energylandia.pl\/#\/schema\/logo\/image\/\"},\"sameAs\":[\"https:\/\/www.facebook.com\/EnergyLandia\",\"https:\/\/www.youtube.com\/channel\/UCPj-Bs4Pfub_Bm04BOfyDoA\",\"https:\/\/vm.tiktok.com\/Tw7YAK\/\"]}]}<\/script>\n<!-- \/ Yoast SEO plugin. -->","yoast_head_json":{"title":"Subventions - ENERGYLANDIA - Rodzinny Park Rozrywki w Zatorze","robots":{"index":"index","follow":"follow","max-snippet":"max-snippet:-1","max-image-preview":"max-image-preview:large","max-video-preview":"max-video-preview:-1"},"og_locale":"fr_FR","og_type":"article","og_title":"Subventions - ENERGYLANDIA - Rodzinny Park Rozrywki w Zatorze","og_description":"Le Parc d&#8217;Attractions Energylandia \u00e0 Zator est riche de son exp\u00e9rience dans les projets li\u00e9s \u00e0 la conception de roller coasters et la mise en oeuvre de solutions innovantes \u00e0 l&#8217;\u00e9chelle internationale. Jusqu&#8217;\u00e0 aujourd&#8217;hui notre entreprise a r\u00e9alis\u00e9 les projets suivants financ\u00e9s par l&#8217;Union Europ\u00e9enne : &#8220;La construction d&#8217;un parc d&#8217;attractions innovant qui lie technologie, [&hellip;]","og_url":"https:\/\/energylandia.pl\/fr\/subventions\/","og_site_name":"ENERGYLANDIA - Rodzinny Park Rozrywki w Zatorze","article_publisher":"https:\/\/www.facebook.com\/EnergyLandia","article_modified_time":"2024-08-20T10:23:31+00:00","og_image":[{"url":"http:\/\/energylandia.pl\/wp-content\/uploads\/2016\/03\/zdjecie-dotacje-1200x706.jpg"}],"twitter_card":"summary_large_image","twitter_misc":{"Dur\u00e9e de lecture estim\u00e9e":"2 minutes"},"schema":{"@context":"https:\/\/schema.org","@graph":[{"@type":"WebPage","@id":"https:\/\/energylandia.pl\/fr\/subventions\/","url":"https:\/\/energylandia.pl\/fr\/subventions\/","name":"Subventions - ENERGYLANDIA - Rodzinny Park Rozrywki w Zatorze","isPartOf":{"@id":"https:\/\/energylandia.pl\/#website"},"datePublished":"2016-03-25T14:21:18+00:00","dateModified":"2024-08-20T10:23:31+00:00","breadcrumb":{"@id":"https:\/\/energylandia.pl\/fr\/subventions\/#breadcrumb"},"inLanguage":"fr-FR","potentialAction":[{"@type":"ReadAction","target":["https:\/\/energylandia.pl\/fr\/subventions\/"]}]},{"@type":"BreadcrumbList","@id":"https:\/\/energylandia.pl\/fr\/subventions\/#breadcrumb","itemListElement":[{"@type":"ListItem","position":1,"name":"Strona g\u0142\u00f3wna","item":"https:\/\/energylandia.pl\/fr\/"},{"@type":"ListItem","position":2,"name":"Subventions"}]},{"@type":"WebSite","@id":"https:\/\/energylandia.pl\/#website","url":"https:\/\/energylandia.pl\/","name":"ENERGYLANDIA - Rodzinny Park Rozrywki w Zatorze","description":"ENERGYLANDIA - najwi\u0119kszy rodzinny Park Rozrywki w Polsce!","publisher":{"@id":"https:\/\/energylandia.pl\/#organization"},"potentialAction":[{"@type":"SearchAction","target":{"@type":"EntryPoint","urlTemplate":"https:\/\/energylandia.pl\/?s={search_term_string}"},"query-input":"required name=search_term_string"}],"inLanguage":"fr-FR"},{"@type":"Organization","@id":"https:\/\/energylandia.pl\/#organization","name":"Energylandia","url":"https:\/\/energylandia.pl\/","logo":{"@type":"ImageObject","inLanguage":"fr-FR","@id":"https:\/\/energylandia.pl\/#\/schema\/logo\/image\/","url":"","contentUrl":"","caption":"Energylandia"},"image":{"@id":"https:\/\/energylandia.pl\/#\/schema\/logo\/image\/"},"sameAs":["https:\/\/www.facebook.com\/EnergyLandia","https:\/\/www.youtube.com\/channel\/UCPj-Bs4Pfub_Bm04BOfyDoA","https:\/\/vm.tiktok.com\/Tw7YAK\/"]}]}},"_links":{"self":[{"href":"https:\/\/energylandia.pl\/fr\/wp-json\/wp\/v2\/pages\/295845","targetHints":{"allow":["GET"]}}],"collection":[{"href":"https:\/\/energylandia.pl\/fr\/wp-json\/wp\/v2\/pages"}],"about":[{"href":"https:\/\/energylandia.pl\/fr\/wp-json\/wp\/v2\/types\/page"}],"author":[{"embeddable":true,"href":"https:\/\/energylandia.pl\/fr\/wp-json\/wp\/v2\/users\/36"}],"replies":[{"embeddable":true,"href":"https:\/\/energylandia.pl\/fr\/wp-json\/wp\/v2\/comments?post=295845"}],"version-history":[{"count":1,"href":"https:\/\/energylandia.pl\/fr\/wp-json\/wp\/v2\/pages\/295845\/revisions"}],"predecessor-version":[{"id":295848,"href":"https:\/\/energylandia.pl\/fr\/wp-json\/wp\/v2\/pages\/295845\/revisions\/295848"}],"wp:attachment":[{"href":"https:\/\/energylandia.pl\/fr\/wp-json\/wp\/v2\/media?parent=295845"}],"curies":[{"name":"wp","href":"https:\/\/api.w.org\/{rel}","templated":true}]}}