{"id":295770,"date":"2016-02-17T13:04:19","date_gmt":"2016-02-17T12:04:19","guid":{"rendered":"https:\/\/energylandia.pl\/biura-podrozy-i-hotele\/"},"modified":"2026-04-10T08:53:39","modified_gmt":"2026-04-10T06:53:39","slug":"agences-de-voyage-et-hotels","status":"publish","type":"page","link":"https:\/\/energylandia.pl\/fr\/cennik\/agences-de-voyage-et-hotels\/","title":{"rendered":"AGENCES DE VOYAGE ET H\u00d4TELS"},"content":{"rendered":"<p><img decoding=\"async\" class=\"alignnone wp-image-122043 size-full\" src=\"https:\/\/energylandia.pl\/wp-content\/uploads\/2024\/06\/biura_podrozy_hotele_fr.jpg\" alt=\"\" width=\"1200\" height=\"628\" \/><\/p>\n<hr \/>\n<h4 style=\"text-align: center;\"><span data-sheets-root=\"1\">Nous serons tr\u00e8s heureux de travailler avec de nouvelles agences de voyage, des h\u00f4tels, des h\u00e9bergements et des centres touristiques.<\/span><\/h4>\n<hr \/>\n<p><span data-sheets-root=\"1\">Nous vous proposerons de signer un <strong>contrat d&#8217;agence<\/strong> pour la vente de billets pour Energylandia.<\/span><br \/>\n<span data-sheets-root=\"1\">Les avantages li\u00e9s \u00e0 la signature d&#8217;un contrat d&#8217;agence :<\/span><\/p>\n<ul>\n<li>Collaboration avec le parc de montagnes russes n\u00b0 1 au monde (selon rcdb.com)<\/li>\n<li><span data-sheets-root=\"1\">un enrichissement de votre offre<\/span><\/li>\n<li><span data-sheets-root=\"1\">la vente de billets pour le Parc \u00e0 des tarifs sp\u00e9ciaux pour vos clients<\/span><\/li>\n<li><span data-sheets-root=\"1\">Des journ\u00e9es portes ouvertes pour nos partenaires. Une fois le contrat sign\u00e9 vous aurez acc\u00e8s au Panel du Partenaire qui vous permettra d&#8217;acheter les billets en un clin d&#8217;oeil \u00e0 tout moment ainsi que les documents n\u00e9cessaires \u00e0 la promotion du Parc.<\/span><\/li>\n<\/ul>\n<hr \/>\n<p>&nbsp;<\/p>\n<p>&nbsp;<\/p>\n","protected":false},"excerpt":{"rendered":"<p>Nous serons tr\u00e8s heureux de travailler avec de nouvelles agences de voyage, des h\u00f4tels, des h\u00e9bergements et des centres touristiques. Nous vous proposerons de signer un contrat d&#8217;agence pour la vente de billets pour Energylandia. Les avantages li\u00e9s \u00e0 la signature d&#8217;un contrat d&#8217;agence : Collaboration avec le parc de montagnes russes n\u00b0 1 au [&hellip;]<\/p>\n","protected":false},"author":36,"featured_media":0,"parent":297772,"menu_order":425,"comment_status":"closed","ping_status":"closed","template":"templates\/bilet-single-hotele.php","meta":{"footnotes":""},"class_list":["post-295770","page","type-page","status-publish","hentry"],"acf":[],"yoast_head":"<!-- This site is optimized with the Yoast SEO plugin v20.9 - https:\/\/yoast.com\/wordpress\/plugins\/seo\/ -->\n<title>AGENCES DE VOYAGE ET H\u00d4TELS - ENERGYLANDIA - Rodzinny Park Rozrywki w Zatorze<\/title>\n<meta name=\"robots\" content=\"index, follow, max-snippet:-1, max-image-preview:large, max-video-preview:-1\" \/>\n<meta property=\"og:locale\" content=\"fr_FR\" \/>\n<meta property=\"og:type\" content=\"article\" \/>\n<meta property=\"og:title\" content=\"AGENCES DE VOYAGE ET H\u00d4TELS - ENERGYLANDIA - Rodzinny Park Rozrywki w Zatorze\" \/>\n<meta property=\"og:description\" content=\"Nous serons tr\u00e8s heureux de travailler avec de nouvelles agences de voyage, des h\u00f4tels, des h\u00e9bergements et des centres touristiques. Nous vous proposerons de signer un contrat d&#8217;agence pour la vente de billets pour Energylandia. Les avantages li\u00e9s \u00e0 la signature d&#8217;un contrat d&#8217;agence : Collaboration avec le parc de montagnes russes n\u00b0 1 au [&hellip;]\" \/>\n<meta property=\"og:url\" content=\"https:\/\/energylandia.pl\/fr\/cennik\/agences-de-voyage-et-hotels\/\" \/>\n<meta property=\"og:site_name\" content=\"ENERGYLANDIA - Rodzinny Park Rozrywki w Zatorze\" \/>\n<meta property=\"article:publisher\" content=\"https:\/\/www.facebook.com\/EnergyLandia\" \/>\n<meta property=\"article:modified_time\" content=\"2026-04-10T06:53:39+00:00\" \/>\n<meta property=\"og:image\" content=\"https:\/\/energylandia.pl\/wp-content\/uploads\/2024\/06\/biura_podrozy_hotele_fr.jpg\" \/>\n<meta name=\"twitter:card\" content=\"summary_large_image\" \/>\n<meta name=\"twitter:label1\" content=\"Dur\u00e9e de lecture estim\u00e9e\" \/>\n\t<meta name=\"twitter:data1\" content=\"1 minute\" \/>\n<script type=\"application\/ld+json\" class=\"yoast-schema-graph\">{\"@context\":\"https:\/\/schema.org\",\"@graph\":[{\"@type\":\"WebPage\",\"@id\":\"https:\/\/energylandia.pl\/fr\/cennik\/agences-de-voyage-et-hotels\/\",\"url\":\"https:\/\/energylandia.pl\/fr\/cennik\/agences-de-voyage-et-hotels\/\",\"name\":\"AGENCES DE VOYAGE ET H\u00d4TELS - ENERGYLANDIA - Rodzinny Park Rozrywki w Zatorze\",\"isPartOf\":{\"@id\":\"https:\/\/energylandia.pl\/#website\"},\"datePublished\":\"2016-02-17T12:04:19+00:00\",\"dateModified\":\"2026-04-10T06:53:39+00:00\",\"breadcrumb\":{\"@id\":\"https:\/\/energylandia.pl\/fr\/cennik\/agences-de-voyage-et-hotels\/#breadcrumb\"},\"inLanguage\":\"fr-FR\",\"potentialAction\":[{\"@type\":\"ReadAction\",\"target\":[\"https:\/\/energylandia.pl\/fr\/cennik\/agences-de-voyage-et-hotels\/\"]}]},{\"@type\":\"BreadcrumbList\",\"@id\":\"https:\/\/energylandia.pl\/fr\/cennik\/agences-de-voyage-et-hotels\/#breadcrumb\",\"itemListElement\":[{\"@type\":\"ListItem\",\"position\":1,\"name\":\"Strona g\u0142\u00f3wna\",\"item\":\"https:\/\/energylandia.pl\/fr\/\"},{\"@type\":\"ListItem\",\"position\":2,\"name\":\"Cennik\",\"item\":\"https:\/\/energylandia.pl\/fr\/cennik\/\"},{\"@type\":\"ListItem\",\"position\":3,\"name\":\"AGENCES DE VOYAGE ET H\u00d4TELS\"}]},{\"@type\":\"WebSite\",\"@id\":\"https:\/\/energylandia.pl\/#website\",\"url\":\"https:\/\/energylandia.pl\/\",\"name\":\"ENERGYLANDIA - Rodzinny Park Rozrywki w Zatorze\",\"description\":\"ENERGYLANDIA - najwi\u0119kszy rodzinny Park Rozrywki w Polsce!\",\"publisher\":{\"@id\":\"https:\/\/energylandia.pl\/#organization\"},\"potentialAction\":[{\"@type\":\"SearchAction\",\"target\":{\"@type\":\"EntryPoint\",\"urlTemplate\":\"https:\/\/energylandia.pl\/?s={search_term_string}\"},\"query-input\":\"required name=search_term_string\"}],\"inLanguage\":\"fr-FR\"},{\"@type\":\"Organization\",\"@id\":\"https:\/\/energylandia.pl\/#organization\",\"name\":\"Energylandia\",\"url\":\"https:\/\/energylandia.pl\/\",\"logo\":{\"@type\":\"ImageObject\",\"inLanguage\":\"fr-FR\",\"@id\":\"https:\/\/energylandia.pl\/#\/schema\/logo\/image\/\",\"url\":\"\",\"contentUrl\":\"\",\"caption\":\"Energylandia\"},\"image\":{\"@id\":\"https:\/\/energylandia.pl\/#\/schema\/logo\/image\/\"},\"sameAs\":[\"https:\/\/www.facebook.com\/EnergyLandia\",\"https:\/\/www.youtube.com\/channel\/UCPj-Bs4Pfub_Bm04BOfyDoA\",\"https:\/\/vm.tiktok.com\/Tw7YAK\/\"]}]}<\/script>\n<!-- \/ Yoast SEO plugin. -->","yoast_head_json":{"title":"AGENCES DE VOYAGE ET H\u00d4TELS - ENERGYLANDIA - Rodzinny Park Rozrywki w Zatorze","robots":{"index":"index","follow":"follow","max-snippet":"max-snippet:-1","max-image-preview":"max-image-preview:large","max-video-preview":"max-video-preview:-1"},"og_locale":"fr_FR","og_type":"article","og_title":"AGENCES DE VOYAGE ET H\u00d4TELS - ENERGYLANDIA - Rodzinny Park Rozrywki w Zatorze","og_description":"Nous serons tr\u00e8s heureux de travailler avec de nouvelles agences de voyage, des h\u00f4tels, des h\u00e9bergements et des centres touristiques. Nous vous proposerons de signer un contrat d&#8217;agence pour la vente de billets pour Energylandia. Les avantages li\u00e9s \u00e0 la signature d&#8217;un contrat d&#8217;agence : Collaboration avec le parc de montagnes russes n\u00b0 1 au [&hellip;]","og_url":"https:\/\/energylandia.pl\/fr\/cennik\/agences-de-voyage-et-hotels\/","og_site_name":"ENERGYLANDIA - Rodzinny Park Rozrywki w Zatorze","article_publisher":"https:\/\/www.facebook.com\/EnergyLandia","article_modified_time":"2026-04-10T06:53:39+00:00","og_image":[{"url":"https:\/\/energylandia.pl\/wp-content\/uploads\/2024\/06\/biura_podrozy_hotele_fr.jpg"}],"twitter_card":"summary_large_image","twitter_misc":{"Dur\u00e9e de lecture estim\u00e9e":"1 minute"},"schema":{"@context":"https:\/\/schema.org","@graph":[{"@type":"WebPage","@id":"https:\/\/energylandia.pl\/fr\/cennik\/agences-de-voyage-et-hotels\/","url":"https:\/\/energylandia.pl\/fr\/cennik\/agences-de-voyage-et-hotels\/","name":"AGENCES DE VOYAGE ET H\u00d4TELS - ENERGYLANDIA - Rodzinny Park Rozrywki w Zatorze","isPartOf":{"@id":"https:\/\/energylandia.pl\/#website"},"datePublished":"2016-02-17T12:04:19+00:00","dateModified":"2026-04-10T06:53:39+00:00","breadcrumb":{"@id":"https:\/\/energylandia.pl\/fr\/cennik\/agences-de-voyage-et-hotels\/#breadcrumb"},"inLanguage":"fr-FR","potentialAction":[{"@type":"ReadAction","target":["https:\/\/energylandia.pl\/fr\/cennik\/agences-de-voyage-et-hotels\/"]}]},{"@type":"BreadcrumbList","@id":"https:\/\/energylandia.pl\/fr\/cennik\/agences-de-voyage-et-hotels\/#breadcrumb","itemListElement":[{"@type":"ListItem","position":1,"name":"Strona g\u0142\u00f3wna","item":"https:\/\/energylandia.pl\/fr\/"},{"@type":"ListItem","position":2,"name":"Cennik","item":"https:\/\/energylandia.pl\/fr\/cennik\/"},{"@type":"ListItem","position":3,"name":"AGENCES DE VOYAGE ET H\u00d4TELS"}]},{"@type":"WebSite","@id":"https:\/\/energylandia.pl\/#website","url":"https:\/\/energylandia.pl\/","name":"ENERGYLANDIA - Rodzinny Park Rozrywki w Zatorze","description":"ENERGYLANDIA - najwi\u0119kszy rodzinny Park Rozrywki w Polsce!","publisher":{"@id":"https:\/\/energylandia.pl\/#organization"},"potentialAction":[{"@type":"SearchAction","target":{"@type":"EntryPoint","urlTemplate":"https:\/\/energylandia.pl\/?s={search_term_string}"},"query-input":"required name=search_term_string"}],"inLanguage":"fr-FR"},{"@type":"Organization","@id":"https:\/\/energylandia.pl\/#organization","name":"Energylandia","url":"https:\/\/energylandia.pl\/","logo":{"@type":"ImageObject","inLanguage":"fr-FR","@id":"https:\/\/energylandia.pl\/#\/schema\/logo\/image\/","url":"","contentUrl":"","caption":"Energylandia"},"image":{"@id":"https:\/\/energylandia.pl\/#\/schema\/logo\/image\/"},"sameAs":["https:\/\/www.facebook.com\/EnergyLandia","https:\/\/www.youtube.com\/channel\/UCPj-Bs4Pfub_Bm04BOfyDoA","https:\/\/vm.tiktok.com\/Tw7YAK\/"]}]}},"_links":{"self":[{"href":"https:\/\/energylandia.pl\/fr\/wp-json\/wp\/v2\/pages\/295770","targetHints":{"allow":["GET"]}}],"collection":[{"href":"https:\/\/energylandia.pl\/fr\/wp-json\/wp\/v2\/pages"}],"about":[{"href":"https:\/\/energylandia.pl\/fr\/wp-json\/wp\/v2\/types\/page"}],"author":[{"embeddable":true,"href":"https:\/\/energylandia.pl\/fr\/wp-json\/wp\/v2\/users\/36"}],"replies":[{"embeddable":true,"href":"https:\/\/energylandia.pl\/fr\/wp-json\/wp\/v2\/comments?post=295770"}],"version-history":[{"count":5,"href":"https:\/\/energylandia.pl\/fr\/wp-json\/wp\/v2\/pages\/295770\/revisions"}],"predecessor-version":[{"id":313184,"href":"https:\/\/energylandia.pl\/fr\/wp-json\/wp\/v2\/pages\/295770\/revisions\/313184"}],"up":[{"embeddable":true,"href":"https:\/\/energylandia.pl\/fr\/wp-json\/wp\/v2\/pages\/297772"}],"wp:attachment":[{"href":"https:\/\/energylandia.pl\/fr\/wp-json\/wp\/v2\/media?parent=295770"}],"curies":[{"name":"wp","href":"https:\/\/api.w.org\/{rel}","templated":true}]}}