{"id":295655,"date":"2019-04-24T15:19:14","date_gmt":"2019-04-24T13:19:14","guid":{"rendered":"https:\/\/energylandia.pl\/bilet-dla-niepelnosprawnych\/"},"modified":"2024-08-20T14:44:30","modified_gmt":"2024-08-20T12:44:30","slug":"billets-pour-visiteurs-en-situation-de-handicap","status":"publish","type":"page","link":"https:\/\/energylandia.pl\/fr\/billets-pour-visiteurs-en-situation-de-handicap\/","title":{"rendered":"BILLETS POUR VISITEURS EN SITUATION DE HANDICAP"},"content":{"rendered":"<p><strong>Chers visiteurs, <\/strong><\/p>\n<p><strong>Soucieux de votre confort, nous vous avons pr\u00e9par\u00e9 une notice d&#8217;informations afin de vous familiariser avec les conditions d&#8217;utilisation des attractions par des personnes en situation de handicap.<\/strong><\/p>\n<hr \/>\n<p><strong>BILLETS POUR VISITEURS EN SITUATION DE HANDICAP<\/strong><\/p>\n<p>Les billets \u00e0 prix r\u00e9duit pour les personnes en situation de handicap peuvent \u00eatre achet\u00e9s \u00e0 condition d&#8217;\u00eatre muni d&#8217;un justificatif valable (ou d&#8217;un duplicata) ou de l&#8217;original d&#8217;une attestation de handicap (uniquement pour les donn\u00e9es n\u00e9cessaires permettant l&#8217;achat d&#8217;un billet \u00e0 prix r\u00e9duit). Les personnes en r\u00e9mission d&#8217;une blessure (portant un pl\u00e2tre, une attelle ou une proth\u00e8se) ont \u00e9galement le droit de b\u00e9n\u00e9ficier d&#8217;un billet \u00e0 prix r\u00e9duit.<\/p>\n<p><strong>LES ATTRACTIONS<\/strong><\/p>\n<p>L&#8217;acc\u00e8s aux attractions pour les personnes \u00e0 mobilit\u00e9 r\u00e9duite d\u00e9pend du type de handicap. Nous vous invitons \u00e0 vous rapprocher des Points de Service pour Personnes Handicap\u00e9es, o\u00f9 nos sp\u00e9cialistes vous indiqueront les attractions que vous pourrez faire. Ce Point de Service se trouve pr\u00e8s de l&#8217;entr\u00e9e principale du Parc. Pour obtenir plus d&#8217;informations, \u00e9crivez-nous \u00e0 l&#8217;adresse e-mail suivante : dostepnosc@energylandia.pl<\/p>\n<p><strong>LA S\u00c9CURIT\u00c9<\/strong><\/p>\n<p>Les personnes responsables du fonctionnement d&#8217;une attraction ont le droit par mesure de s\u00e9curit\u00e9 et dans des cas objectifs et justifi\u00e9s de refuser \u00e0 une personne donn\u00e9e, dont une personne mineure, une personne \u00e2g\u00e9e, une personne en situation de handicap ou \u00e0 mobilit\u00e9 r\u00e9duite l&#8217;acc\u00e8s \u00e0 une attraction donn\u00e9e pour sa s\u00e9curit\u00e9 ou pour la s\u00e9curit\u00e9 des personnes se trouvant \u00e0 proximit\u00e9 (paragraphe 14 du r\u00e9glement du Parc d&#8217;Attractions Energylandia). C&#8217;est pourquoi il est important de se rendre au pr\u00e9alable au Point de Service des Personnes Handicap\u00e9es.<\/p>\n<p>Il est important de pr\u00e9ciser que les personnes aveugles peuvent acc\u00e9der aux attractions \u00e0 sensations fortes.<\/p>\n<p><strong>INFRASTRUCTURE <\/strong><\/p>\n<p><strong>Parking<\/strong><\/p>\n<p>Tout le Parc Energylandia est adapt\u00e9 aux besoins des personnes se d\u00e9pla\u00e7ant en fauteuil roulant. Le parking poss\u00e8de des places d\u00e9di\u00e9es aux v\u00e9hicules des personnes en situation de handicap. Sur pr\u00e9sentation d&#8217;une carte de parking le stationnement est gratuit.<\/p>\n<p><strong>Les toilettes<\/strong><\/p>\n<p>Les toilettes du Parc Energylandia sont adapt\u00e9es aux personnes en situation de handicap, y compris les toilettes des restaurants et les toilettes figurant sur la carte du Parc.<\/p>\n<p><strong>Les premiers soins<\/strong><\/p>\n<p>Dans le Parc se trouvent deux points d&#8217;acc\u00e8s aux premiers soins : pr\u00e8s du Water Park et pr\u00e8s de l&#8217;entr\u00e9e principale du Smoczy Gr\u00f3d.<\/p>\n","protected":false},"excerpt":{"rendered":"<p>Chers visiteurs, Soucieux de votre confort, nous vous avons pr\u00e9par\u00e9 une notice d&#8217;informations afin de vous familiariser avec les conditions d&#8217;utilisation des attractions par des personnes en situation de handicap. BILLETS POUR VISITEURS EN SITUATION DE HANDICAP Les billets \u00e0 prix r\u00e9duit pour les personnes en situation de handicap peuvent \u00eatre achet\u00e9s \u00e0 condition d&#8217;\u00eatre [&hellip;]<\/p>\n","protected":false},"author":26,"featured_media":0,"parent":0,"menu_order":184,"comment_status":"closed","ping_status":"closed","template":"templates\/page8.php","meta":{"footnotes":""},"acf":[],"yoast_head":"<!-- This site is optimized with the Yoast SEO plugin v20.9 - https:\/\/yoast.com\/wordpress\/plugins\/seo\/ -->\n<title>BILLETS POUR VISITEURS EN SITUATION DE HANDICAP - ENERGYLANDIA - Rodzinny Park Rozrywki w Zatorze<\/title>\n<meta name=\"robots\" content=\"index, follow, max-snippet:-1, max-image-preview:large, max-video-preview:-1\" \/>\n<meta property=\"og:locale\" content=\"fr_FR\" \/>\n<meta property=\"og:type\" content=\"article\" \/>\n<meta property=\"og:title\" content=\"BILLETS POUR VISITEURS EN SITUATION DE HANDICAP - ENERGYLANDIA - Rodzinny Park Rozrywki w Zatorze\" \/>\n<meta property=\"og:description\" content=\"Chers visiteurs, Soucieux de votre confort, nous vous avons pr\u00e9par\u00e9 une notice d&#8217;informations afin de vous familiariser avec les conditions d&#8217;utilisation des attractions par des personnes en situation de handicap. BILLETS POUR VISITEURS EN SITUATION DE HANDICAP Les billets \u00e0 prix r\u00e9duit pour les personnes en situation de handicap peuvent \u00eatre achet\u00e9s \u00e0 condition d&#8217;\u00eatre [&hellip;]\" \/>\n<meta property=\"og:url\" content=\"https:\/\/energylandia.pl\/fr\/billets-pour-visiteurs-en-situation-de-handicap\/\" \/>\n<meta property=\"og:site_name\" content=\"ENERGYLANDIA - Rodzinny Park Rozrywki w Zatorze\" \/>\n<meta property=\"article:publisher\" content=\"https:\/\/www.facebook.com\/EnergyLandia\" \/>\n<meta property=\"article:modified_time\" content=\"2024-08-20T12:44:30+00:00\" \/>\n<meta name=\"twitter:card\" content=\"summary_large_image\" \/>\n<meta name=\"twitter:label1\" content=\"Dur\u00e9e de lecture estim\u00e9e\" \/>\n\t<meta name=\"twitter:data1\" content=\"3 minutes\" \/>\n<script type=\"application\/ld+json\" class=\"yoast-schema-graph\">{\"@context\":\"https:\/\/schema.org\",\"@graph\":[{\"@type\":\"WebPage\",\"@id\":\"https:\/\/energylandia.pl\/fr\/billets-pour-visiteurs-en-situation-de-handicap\/\",\"url\":\"https:\/\/energylandia.pl\/fr\/billets-pour-visiteurs-en-situation-de-handicap\/\",\"name\":\"BILLETS POUR VISITEURS EN SITUATION DE HANDICAP - ENERGYLANDIA - Rodzinny Park Rozrywki w Zatorze\",\"isPartOf\":{\"@id\":\"https:\/\/energylandia.pl\/#website\"},\"datePublished\":\"2019-04-24T13:19:14+00:00\",\"dateModified\":\"2024-08-20T12:44:30+00:00\",\"breadcrumb\":{\"@id\":\"https:\/\/energylandia.pl\/fr\/billets-pour-visiteurs-en-situation-de-handicap\/#breadcrumb\"},\"inLanguage\":\"fr-FR\",\"potentialAction\":[{\"@type\":\"ReadAction\",\"target\":[\"https:\/\/energylandia.pl\/fr\/billets-pour-visiteurs-en-situation-de-handicap\/\"]}]},{\"@type\":\"BreadcrumbList\",\"@id\":\"https:\/\/energylandia.pl\/fr\/billets-pour-visiteurs-en-situation-de-handicap\/#breadcrumb\",\"itemListElement\":[{\"@type\":\"ListItem\",\"position\":1,\"name\":\"Strona g\u0142\u00f3wna\",\"item\":\"https:\/\/energylandia.pl\/fr\/\"},{\"@type\":\"ListItem\",\"position\":2,\"name\":\"BILLETS POUR VISITEURS EN SITUATION DE HANDICAP\"}]},{\"@type\":\"WebSite\",\"@id\":\"https:\/\/energylandia.pl\/#website\",\"url\":\"https:\/\/energylandia.pl\/\",\"name\":\"ENERGYLANDIA - Rodzinny Park Rozrywki w Zatorze\",\"description\":\"ENERGYLANDIA - najwi\u0119kszy rodzinny Park Rozrywki w Polsce!\",\"publisher\":{\"@id\":\"https:\/\/energylandia.pl\/#organization\"},\"potentialAction\":[{\"@type\":\"SearchAction\",\"target\":{\"@type\":\"EntryPoint\",\"urlTemplate\":\"https:\/\/energylandia.pl\/?s={search_term_string}\"},\"query-input\":\"required name=search_term_string\"}],\"inLanguage\":\"fr-FR\"},{\"@type\":\"Organization\",\"@id\":\"https:\/\/energylandia.pl\/#organization\",\"name\":\"Energylandia\",\"url\":\"https:\/\/energylandia.pl\/\",\"logo\":{\"@type\":\"ImageObject\",\"inLanguage\":\"fr-FR\",\"@id\":\"https:\/\/energylandia.pl\/#\/schema\/logo\/image\/\",\"url\":\"\",\"contentUrl\":\"\",\"caption\":\"Energylandia\"},\"image\":{\"@id\":\"https:\/\/energylandia.pl\/#\/schema\/logo\/image\/\"},\"sameAs\":[\"https:\/\/www.facebook.com\/EnergyLandia\",\"https:\/\/www.youtube.com\/channel\/UCPj-Bs4Pfub_Bm04BOfyDoA\",\"https:\/\/vm.tiktok.com\/Tw7YAK\/\"]}]}<\/script>\n<!-- \/ Yoast SEO plugin. -->","yoast_head_json":{"title":"BILLETS POUR VISITEURS EN SITUATION DE HANDICAP - ENERGYLANDIA - Rodzinny Park Rozrywki w Zatorze","robots":{"index":"index","follow":"follow","max-snippet":"max-snippet:-1","max-image-preview":"max-image-preview:large","max-video-preview":"max-video-preview:-1"},"og_locale":"fr_FR","og_type":"article","og_title":"BILLETS POUR VISITEURS EN SITUATION DE HANDICAP - ENERGYLANDIA - Rodzinny Park Rozrywki w Zatorze","og_description":"Chers visiteurs, Soucieux de votre confort, nous vous avons pr\u00e9par\u00e9 une notice d&#8217;informations afin de vous familiariser avec les conditions d&#8217;utilisation des attractions par des personnes en situation de handicap. BILLETS POUR VISITEURS EN SITUATION DE HANDICAP Les billets \u00e0 prix r\u00e9duit pour les personnes en situation de handicap peuvent \u00eatre achet\u00e9s \u00e0 condition d&#8217;\u00eatre [&hellip;]","og_url":"https:\/\/energylandia.pl\/fr\/billets-pour-visiteurs-en-situation-de-handicap\/","og_site_name":"ENERGYLANDIA - Rodzinny Park Rozrywki w Zatorze","article_publisher":"https:\/\/www.facebook.com\/EnergyLandia","article_modified_time":"2024-08-20T12:44:30+00:00","twitter_card":"summary_large_image","twitter_misc":{"Dur\u00e9e de lecture estim\u00e9e":"3 minutes"},"schema":{"@context":"https:\/\/schema.org","@graph":[{"@type":"WebPage","@id":"https:\/\/energylandia.pl\/fr\/billets-pour-visiteurs-en-situation-de-handicap\/","url":"https:\/\/energylandia.pl\/fr\/billets-pour-visiteurs-en-situation-de-handicap\/","name":"BILLETS POUR VISITEURS EN SITUATION DE HANDICAP - ENERGYLANDIA - Rodzinny Park Rozrywki w Zatorze","isPartOf":{"@id":"https:\/\/energylandia.pl\/#website"},"datePublished":"2019-04-24T13:19:14+00:00","dateModified":"2024-08-20T12:44:30+00:00","breadcrumb":{"@id":"https:\/\/energylandia.pl\/fr\/billets-pour-visiteurs-en-situation-de-handicap\/#breadcrumb"},"inLanguage":"fr-FR","potentialAction":[{"@type":"ReadAction","target":["https:\/\/energylandia.pl\/fr\/billets-pour-visiteurs-en-situation-de-handicap\/"]}]},{"@type":"BreadcrumbList","@id":"https:\/\/energylandia.pl\/fr\/billets-pour-visiteurs-en-situation-de-handicap\/#breadcrumb","itemListElement":[{"@type":"ListItem","position":1,"name":"Strona g\u0142\u00f3wna","item":"https:\/\/energylandia.pl\/fr\/"},{"@type":"ListItem","position":2,"name":"BILLETS POUR VISITEURS EN SITUATION DE HANDICAP"}]},{"@type":"WebSite","@id":"https:\/\/energylandia.pl\/#website","url":"https:\/\/energylandia.pl\/","name":"ENERGYLANDIA - Rodzinny Park Rozrywki w Zatorze","description":"ENERGYLANDIA - najwi\u0119kszy rodzinny Park Rozrywki w Polsce!","publisher":{"@id":"https:\/\/energylandia.pl\/#organization"},"potentialAction":[{"@type":"SearchAction","target":{"@type":"EntryPoint","urlTemplate":"https:\/\/energylandia.pl\/?s={search_term_string}"},"query-input":"required name=search_term_string"}],"inLanguage":"fr-FR"},{"@type":"Organization","@id":"https:\/\/energylandia.pl\/#organization","name":"Energylandia","url":"https:\/\/energylandia.pl\/","logo":{"@type":"ImageObject","inLanguage":"fr-FR","@id":"https:\/\/energylandia.pl\/#\/schema\/logo\/image\/","url":"","contentUrl":"","caption":"Energylandia"},"image":{"@id":"https:\/\/energylandia.pl\/#\/schema\/logo\/image\/"},"sameAs":["https:\/\/www.facebook.com\/EnergyLandia","https:\/\/www.youtube.com\/channel\/UCPj-Bs4Pfub_Bm04BOfyDoA","https:\/\/vm.tiktok.com\/Tw7YAK\/"]}]}},"_links":{"self":[{"href":"https:\/\/energylandia.pl\/fr\/wp-json\/wp\/v2\/pages\/295655"}],"collection":[{"href":"https:\/\/energylandia.pl\/fr\/wp-json\/wp\/v2\/pages"}],"about":[{"href":"https:\/\/energylandia.pl\/fr\/wp-json\/wp\/v2\/types\/page"}],"author":[{"embeddable":true,"href":"https:\/\/energylandia.pl\/fr\/wp-json\/wp\/v2\/users\/26"}],"replies":[{"embeddable":true,"href":"https:\/\/energylandia.pl\/fr\/wp-json\/wp\/v2\/comments?post=295655"}],"version-history":[{"count":3,"href":"https:\/\/energylandia.pl\/fr\/wp-json\/wp\/v2\/pages\/295655\/revisions"}],"predecessor-version":[{"id":297661,"href":"https:\/\/energylandia.pl\/fr\/wp-json\/wp\/v2\/pages\/295655\/revisions\/297661"}],"wp:attachment":[{"href":"https:\/\/energylandia.pl\/fr\/wp-json\/wp\/v2\/media?parent=295655"}],"curies":[{"name":"wp","href":"https:\/\/api.w.org\/{rel}","templated":true}]}}