{"id":295648,"date":"2018-02-20T18:47:20","date_gmt":"2018-02-20T17:47:20","guid":{"rendered":"https:\/\/energylandia.pl\/bilety-indywidualne\/"},"modified":"2026-04-01T14:42:29","modified_gmt":"2026-04-01T12:42:29","slug":"billets-individuels","status":"publish","type":"page","link":"https:\/\/energylandia.pl\/fr\/cennik\/billets-individuels\/","title":{"rendered":"BILLETS INDIVIDUELS"},"content":{"rendered":"<p style=\"text-align: center;\"><strong>Toutes les attractions sont incluses dans le prix du billet sans limites : montagnes russes, carrousels, cin\u00e9mas, spectacles, repr\u00e9sentations, zone Sweet Valley, Smoczy Gr\u00f3d, zone Bajkolandia, zone Familiale, zone Extr\u00eame, Aqualantis et Water Park ! Billet valable toute la journ\u00e9e sans limites de temps ni de quantit\u00e9. *Le billet n\u2019inclut pas la restauration, les machines de jeux fonctionnant avec des jetons, les boutiques ni les souvenirs.<\/strong><\/p>\n<hr class=\"border-color-blue\" \/>\n<ol>\n<li>Un billet pour un enfant de moins de 3 ans peut \u00eatre achet\u00e9 sur pr\u00e9sentation d\u2019un document confirmant l\u2019\u00e2ge de l\u2019enfant. Les documents accept\u00e9s sont une pi\u00e8ce d\u2019identit\u00e9 ou un acte de naissance. Les copies et photos de documents ne sont pas accept\u00e9es.<\/li>\n<li>Toutes les personnes de moins de 18 ans, le jour de leur anniversaire, paient un tarif symbolique de 1 PLN pour l\u2019entr\u00e9e au parc. Il s\u2019agit d\u2019un geste envers nos plus jeunes visiteurs. Il est n\u00e9cessaire de pr\u00e9senter un document confirmant l\u2019identit\u00e9 ainsi que le fait que c\u2019est bien l\u2019anniversaire ce jour-l\u00e0. Les documents accept\u00e9s sont une pi\u00e8ce d\u2019identit\u00e9 ou un acte de naissance ; pour les enfants de plus de 7 ans : une carte scolaire. Les copies et photos de documents ne sont pas accept\u00e9es. Le billet d\u2019anniversaire est disponible uniquement aux caisses du parc.<\/li>\n<li>Le billet annuel est valable pendant un an \u00e0 compter de la date d\u2019achat. Le titulaire du billet sera photographi\u00e9 sur place, dans le Parc, et recevra son billet. Le billet annuel \u00e0 tarif r\u00e9duit est destin\u00e9 aux personnes dont la taille ne d\u00e9passe pas 140 cm le jour de l\u2019\u00e9change du coupon contre le billet annuel. La taille est mesur\u00e9e avec des chaussures. En cas de perte ou de d\u00e9t\u00e9rioration de la carte annuelle, un duplicata peut \u00eatre achet\u00e9 pour un montant de 50 PLN.<\/li>\n<li>Sur pr\u00e9sentation d\u2019un document confirmant l\u2019\u00e2ge.<\/li>\n<li>Valable pour les enfants mesurant moins de 140 cm, les seniors \u00e0 partir de 65 ans, les femmes enceintes, les personnes en situation de handicap ainsi que les jeunes mari\u00e9s (uniquement lors de l\u2019achat du billet en caisse). Le billet pour une personne en situation de handicap peut \u00eatre achet\u00e9 sur pr\u00e9sentation de l\u2019original du document attestant du handicap. En cas de doute, un autre document avec photo confirmant l\u2019identit\u00e9 peut \u00eatre exig\u00e9. Une r\u00e9duction pour l\u2019accompagnateur d\u2019une personne en situation de handicap est accord\u00e9e uniquement dans le cas d\u2019une visite de groupe de personnes handicap\u00e9es, avec une r\u00e9servation pr\u00e9alable pour un groupe de plus de 15 personnes. <strong><span class=\"notion-enable-hover\" data-token-index=\"1\">Pour les personnes \u00e0 mobilit\u00e9 r\u00e9duite, l\u2019acc\u00e8s aux attractions d\u00e9pend du type de handicap.<\/span><\/strong> Nous vous invitons \u00e0 vous rendre au Point de Service pour les Personnes en Situation de Handicap, o\u00f9 notre sp\u00e9cialiste vous indiquera les attractions adapt\u00e9es dont vous pourrez profiter. Le point de service se trouve \u00e0 l\u2019entr\u00e9e principale du Parc.<\/li>\n<li>Les billets de deux et trois jours doivent \u00eatre utilis\u00e9s sur des jours cons\u00e9cutifs \u00e0 partir de la premi\u00e8re entr\u00e9e dans le Parc. Un billet est valable pour une seule personne.<\/li>\n<li>Le symbole \u00ab &#8211; \u00bb dans la grille tarifaire signifie que le billet indiqu\u00e9 n\u2019est pas disponible pour la saison donn\u00e9e.<\/li>\n<li>Pour utiliser l\u2019acc\u00e8s ENERGY PASS, vous devez \u00eatre en possession d\u2019un ENERGY PASS imprim\u00e9, qui peut \u00eatre achet\u00e9 sur <a role=\"link\" href=\"https:\/\/ticket.energylandia.pl\/en\/products\/electronic\/fast-pass\/2-594\">ticket.energylandia.pl\/en\/products\/electronic\/fast-pass<\/a>. ENERGY PASS est \u00e9galement disponible \u00e0 l\u2019achat dans toutes les boutiques du parc. ENERGY PASS ne constitue pas un billet d\u2019entr\u00e9e au Parc.<\/li>\n<li>ENERGY PASS NORMAL permet un acc\u00e8s unique \u00e0 chacune des attractions suivantes via l\u2019entr\u00e9e ENERGY PASS : Pepsi Hyperion, Zadra Made In Ma\u0142opolska, Mayan, Abyssus, Choco Chip Creek, Toffifee Kopalnia Z\u0142ota, Space Booster, \u015amiej\u017celki Energu\u015b, Anaconda, Aztec Swing, Formu\u0142a, Speed Water Coaster, RMF Dragon, Tsunami Drop.<\/li>\n<li>ENERGY PASS R\u00c9DUIT permet un acc\u00e8s unique \u00e0 chacune des attractions suivantes via l\u2019entr\u00e9e ENERGY PASS : Abyssus, Choco Chip Creek, Toffifee Kopalnia Z\u0142ota, \u015amiej\u017celki Energu\u015b, Anaconda, Formu\u0142a, RMF Dragon, Tsunami Drop. ENERGY PASS R\u00c9DUIT concerne les enfants mesurant jusqu\u2019\u00e0 140 cm.<\/li>\n<\/ol>\n<hr class=\"border-color-blue\" \/>\n<h3>R\u00e9ductions suppl\u00e9mentaires<\/h3>\n<ul>\n<li>Nous acceptons la carte nationale des familles nombreuses, qui donne droit \u00e0 une r\u00e9duction de 5 % sur les billets du parc.<\/li>\n<li>Les promotions ne sont pas cumulables. Elles ne s\u2019appliquent pas aux billets \u00e0 tarif r\u00e9duit, promotionnels ni aux billets annuels.<\/li>\n<\/ul>\n<p>&nbsp;<\/p>\n<p><a href=\"https:\/\/ticket.energylandia.pl\/en\/products\/electronic\/fast-pass\/2-594\"><img decoding=\"async\" class=\"alignnone size-full wp-image-315028\" src=\"https:\/\/energylandia.pl\/wp-content\/uploads\/2026\/03\/slider-ticket-en.webp\" alt=\"\" width=\"1920\" height=\"519\" \/><\/a><\/p>\n","protected":false},"excerpt":{"rendered":"<p>Toutes les attractions sont incluses dans le prix du billet sans limites : montagnes russes, carrousels, cin\u00e9mas, spectacles, repr\u00e9sentations, zone Sweet Valley, Smoczy Gr\u00f3d, zone Bajkolandia, zone Familiale, zone Extr\u00eame, Aqualantis et Water Park ! Billet valable toute la journ\u00e9e sans limites de temps ni de quantit\u00e9. *Le billet n\u2019inclut pas la restauration, les machines [&hellip;]<\/p>\n","protected":false},"author":26,"featured_media":0,"parent":297772,"menu_order":412,"comment_status":"closed","ping_status":"closed","template":"templates\/bilet-single.php","meta":{"footnotes":""},"class_list":["post-295648","page","type-page","status-publish","hentry"],"acf":[],"yoast_head":"<!-- This site is optimized with the Yoast SEO plugin v20.9 - https:\/\/yoast.com\/wordpress\/plugins\/seo\/ -->\n<title>BILLETS INDIVIDUELS - ENERGYLANDIA - Rodzinny Park Rozrywki w Zatorze<\/title>\n<meta name=\"description\" content=\"Cennik online Energylandii zawiera rodzaje i ceny bilet\u00f3w. Poznaj cennik rodzinny oraz ulgowy. Dowiedz si\u0119, jaki bilet najlepiej wybra\u0107.\" \/>\n<meta name=\"robots\" content=\"index, follow, max-snippet:-1, max-image-preview:large, max-video-preview:-1\" \/>\n<meta property=\"og:locale\" content=\"fr_FR\" \/>\n<meta property=\"og:type\" content=\"article\" \/>\n<meta property=\"og:title\" content=\"BILLETS INDIVIDUELS - ENERGYLANDIA - Rodzinny Park Rozrywki w Zatorze\" \/>\n<meta property=\"og:description\" content=\"Cennik online Energylandii zawiera rodzaje i ceny bilet\u00f3w. Poznaj cennik rodzinny oraz ulgowy. Dowiedz si\u0119, jaki bilet najlepiej wybra\u0107.\" \/>\n<meta property=\"og:url\" content=\"https:\/\/energylandia.pl\/fr\/cennik\/billets-individuels\/\" \/>\n<meta property=\"og:site_name\" content=\"ENERGYLANDIA - Rodzinny Park Rozrywki w Zatorze\" \/>\n<meta property=\"article:publisher\" content=\"https:\/\/www.facebook.com\/EnergyLandia\" \/>\n<meta property=\"article:modified_time\" content=\"2026-04-01T12:42:29+00:00\" \/>\n<meta property=\"og:image\" content=\"https:\/\/energylandia.pl\/wp-content\/uploads\/2026\/03\/slider-ticket-en.webp\" \/>\n<meta name=\"twitter:card\" content=\"summary_large_image\" \/>\n<meta name=\"twitter:label1\" content=\"Dur\u00e9e de lecture estim\u00e9e\" \/>\n\t<meta name=\"twitter:data1\" content=\"5 minutes\" \/>\n<script type=\"application\/ld+json\" class=\"yoast-schema-graph\">{\"@context\":\"https:\/\/schema.org\",\"@graph\":[{\"@type\":\"WebPage\",\"@id\":\"https:\/\/energylandia.pl\/fr\/cennik\/billets-individuels\/\",\"url\":\"https:\/\/energylandia.pl\/fr\/cennik\/billets-individuels\/\",\"name\":\"BILLETS INDIVIDUELS - ENERGYLANDIA - Rodzinny Park Rozrywki w Zatorze\",\"isPartOf\":{\"@id\":\"https:\/\/energylandia.pl\/#website\"},\"datePublished\":\"2018-02-20T17:47:20+00:00\",\"dateModified\":\"2026-04-01T12:42:29+00:00\",\"description\":\"Cennik online Energylandii zawiera rodzaje i ceny bilet\u00f3w. Poznaj cennik rodzinny oraz ulgowy. Dowiedz si\u0119, jaki bilet najlepiej wybra\u0107.\",\"breadcrumb\":{\"@id\":\"https:\/\/energylandia.pl\/fr\/cennik\/billets-individuels\/#breadcrumb\"},\"inLanguage\":\"fr-FR\",\"potentialAction\":[{\"@type\":\"ReadAction\",\"target\":[\"https:\/\/energylandia.pl\/fr\/cennik\/billets-individuels\/\"]}]},{\"@type\":\"BreadcrumbList\",\"@id\":\"https:\/\/energylandia.pl\/fr\/cennik\/billets-individuels\/#breadcrumb\",\"itemListElement\":[{\"@type\":\"ListItem\",\"position\":1,\"name\":\"Strona g\u0142\u00f3wna\",\"item\":\"https:\/\/energylandia.pl\/fr\/\"},{\"@type\":\"ListItem\",\"position\":2,\"name\":\"Cennik\",\"item\":\"https:\/\/energylandia.pl\/fr\/cennik\/\"},{\"@type\":\"ListItem\",\"position\":3,\"name\":\"BILLETS INDIVIDUELS\"}]},{\"@type\":\"WebSite\",\"@id\":\"https:\/\/energylandia.pl\/#website\",\"url\":\"https:\/\/energylandia.pl\/\",\"name\":\"ENERGYLANDIA - Rodzinny Park Rozrywki w Zatorze\",\"description\":\"ENERGYLANDIA - najwi\u0119kszy rodzinny Park Rozrywki w Polsce!\",\"publisher\":{\"@id\":\"https:\/\/energylandia.pl\/#organization\"},\"potentialAction\":[{\"@type\":\"SearchAction\",\"target\":{\"@type\":\"EntryPoint\",\"urlTemplate\":\"https:\/\/energylandia.pl\/?s={search_term_string}\"},\"query-input\":\"required name=search_term_string\"}],\"inLanguage\":\"fr-FR\"},{\"@type\":\"Organization\",\"@id\":\"https:\/\/energylandia.pl\/#organization\",\"name\":\"Energylandia\",\"url\":\"https:\/\/energylandia.pl\/\",\"logo\":{\"@type\":\"ImageObject\",\"inLanguage\":\"fr-FR\",\"@id\":\"https:\/\/energylandia.pl\/#\/schema\/logo\/image\/\",\"url\":\"\",\"contentUrl\":\"\",\"caption\":\"Energylandia\"},\"image\":{\"@id\":\"https:\/\/energylandia.pl\/#\/schema\/logo\/image\/\"},\"sameAs\":[\"https:\/\/www.facebook.com\/EnergyLandia\",\"https:\/\/www.youtube.com\/channel\/UCPj-Bs4Pfub_Bm04BOfyDoA\",\"https:\/\/vm.tiktok.com\/Tw7YAK\/\"]}]}<\/script>\n<!-- \/ Yoast SEO plugin. -->","yoast_head_json":{"title":"BILLETS INDIVIDUELS - ENERGYLANDIA - Rodzinny Park Rozrywki w Zatorze","description":"Cennik online Energylandii zawiera rodzaje i ceny bilet\u00f3w. Poznaj cennik rodzinny oraz ulgowy. Dowiedz si\u0119, jaki bilet najlepiej wybra\u0107.","robots":{"index":"index","follow":"follow","max-snippet":"max-snippet:-1","max-image-preview":"max-image-preview:large","max-video-preview":"max-video-preview:-1"},"og_locale":"fr_FR","og_type":"article","og_title":"BILLETS INDIVIDUELS - ENERGYLANDIA - Rodzinny Park Rozrywki w Zatorze","og_description":"Cennik online Energylandii zawiera rodzaje i ceny bilet\u00f3w. Poznaj cennik rodzinny oraz ulgowy. Dowiedz si\u0119, jaki bilet najlepiej wybra\u0107.","og_url":"https:\/\/energylandia.pl\/fr\/cennik\/billets-individuels\/","og_site_name":"ENERGYLANDIA - Rodzinny Park Rozrywki w Zatorze","article_publisher":"https:\/\/www.facebook.com\/EnergyLandia","article_modified_time":"2026-04-01T12:42:29+00:00","og_image":[{"url":"https:\/\/energylandia.pl\/wp-content\/uploads\/2026\/03\/slider-ticket-en.webp"}],"twitter_card":"summary_large_image","twitter_misc":{"Dur\u00e9e de lecture estim\u00e9e":"5 minutes"},"schema":{"@context":"https:\/\/schema.org","@graph":[{"@type":"WebPage","@id":"https:\/\/energylandia.pl\/fr\/cennik\/billets-individuels\/","url":"https:\/\/energylandia.pl\/fr\/cennik\/billets-individuels\/","name":"BILLETS INDIVIDUELS - ENERGYLANDIA - Rodzinny Park Rozrywki w Zatorze","isPartOf":{"@id":"https:\/\/energylandia.pl\/#website"},"datePublished":"2018-02-20T17:47:20+00:00","dateModified":"2026-04-01T12:42:29+00:00","description":"Cennik online Energylandii zawiera rodzaje i ceny bilet\u00f3w. Poznaj cennik rodzinny oraz ulgowy. Dowiedz si\u0119, jaki bilet najlepiej wybra\u0107.","breadcrumb":{"@id":"https:\/\/energylandia.pl\/fr\/cennik\/billets-individuels\/#breadcrumb"},"inLanguage":"fr-FR","potentialAction":[{"@type":"ReadAction","target":["https:\/\/energylandia.pl\/fr\/cennik\/billets-individuels\/"]}]},{"@type":"BreadcrumbList","@id":"https:\/\/energylandia.pl\/fr\/cennik\/billets-individuels\/#breadcrumb","itemListElement":[{"@type":"ListItem","position":1,"name":"Strona g\u0142\u00f3wna","item":"https:\/\/energylandia.pl\/fr\/"},{"@type":"ListItem","position":2,"name":"Cennik","item":"https:\/\/energylandia.pl\/fr\/cennik\/"},{"@type":"ListItem","position":3,"name":"BILLETS INDIVIDUELS"}]},{"@type":"WebSite","@id":"https:\/\/energylandia.pl\/#website","url":"https:\/\/energylandia.pl\/","name":"ENERGYLANDIA - Rodzinny Park Rozrywki w Zatorze","description":"ENERGYLANDIA - najwi\u0119kszy rodzinny Park Rozrywki w Polsce!","publisher":{"@id":"https:\/\/energylandia.pl\/#organization"},"potentialAction":[{"@type":"SearchAction","target":{"@type":"EntryPoint","urlTemplate":"https:\/\/energylandia.pl\/?s={search_term_string}"},"query-input":"required name=search_term_string"}],"inLanguage":"fr-FR"},{"@type":"Organization","@id":"https:\/\/energylandia.pl\/#organization","name":"Energylandia","url":"https:\/\/energylandia.pl\/","logo":{"@type":"ImageObject","inLanguage":"fr-FR","@id":"https:\/\/energylandia.pl\/#\/schema\/logo\/image\/","url":"","contentUrl":"","caption":"Energylandia"},"image":{"@id":"https:\/\/energylandia.pl\/#\/schema\/logo\/image\/"},"sameAs":["https:\/\/www.facebook.com\/EnergyLandia","https:\/\/www.youtube.com\/channel\/UCPj-Bs4Pfub_Bm04BOfyDoA","https:\/\/vm.tiktok.com\/Tw7YAK\/"]}]}},"_links":{"self":[{"href":"https:\/\/energylandia.pl\/fr\/wp-json\/wp\/v2\/pages\/295648","targetHints":{"allow":["GET"]}}],"collection":[{"href":"https:\/\/energylandia.pl\/fr\/wp-json\/wp\/v2\/pages"}],"about":[{"href":"https:\/\/energylandia.pl\/fr\/wp-json\/wp\/v2\/types\/page"}],"author":[{"embeddable":true,"href":"https:\/\/energylandia.pl\/fr\/wp-json\/wp\/v2\/users\/26"}],"replies":[{"embeddable":true,"href":"https:\/\/energylandia.pl\/fr\/wp-json\/wp\/v2\/comments?post=295648"}],"version-history":[{"count":14,"href":"https:\/\/energylandia.pl\/fr\/wp-json\/wp\/v2\/pages\/295648\/revisions"}],"predecessor-version":[{"id":315035,"href":"https:\/\/energylandia.pl\/fr\/wp-json\/wp\/v2\/pages\/295648\/revisions\/315035"}],"up":[{"embeddable":true,"href":"https:\/\/energylandia.pl\/fr\/wp-json\/wp\/v2\/pages\/297772"}],"wp:attachment":[{"href":"https:\/\/energylandia.pl\/fr\/wp-json\/wp\/v2\/media?parent=295648"}],"curies":[{"name":"wp","href":"https:\/\/api.w.org\/{rel}","templated":true}]}}