{"id":297631,"date":"2018-03-05T14:09:32","date_gmt":"2018-03-05T13:09:32","guid":{"rendered":"https:\/\/energylandia.pl\/szkoly\/"},"modified":"2026-02-23T15:50:17","modified_gmt":"2026-02-23T14:50:17","slug":"escuelas","status":"publish","type":"page","link":"https:\/\/energylandia.pl\/es\/cennik\/escuelas\/","title":{"rendered":"ESCUELAS"},"content":{"rendered":"<ul>\n<li><span data-sheets-root=\"1\">1 responsable por cada 10 personas por 1 PLN.<\/span><\/li>\n<li><span data-sheets-root=\"1\">\u00a1Caf\u00e9 o t\u00e9 gratis para los responsables del grupo!<\/span><\/li>\n<li><span data-sheets-root=\"1\">\u00a1Billete gratis para el conductor del autob\u00fas + caf\u00e9\/t\u00e9 GRATIS!<\/span><\/li>\n<li><span data-sheets-root=\"1\">El grupo se considera a partir de 15 estudiantes.<\/span><\/li>\n<li><span data-sheets-root=\"1\">El billete incluye un espect\u00e1culo educativo y todas las atracciones del Parque de Atracciones Energylandia: dispositivos de entretenimiento (como monta\u00f1as rusas, carruseles, dispositivos para ni\u00f1os) y la participaci\u00f3n en espect\u00e1culos y presentaciones educativas, cine.<\/span><\/li>\n<li><span data-sheets-root=\"1\">Como ocurre en todos los parques de atracciones del mundo, se pagan aparte: gastronom\u00eda, juegos de ordenador y de habilidad, algunos puestos de servicios (fotomat\u00f3n, pintura de caras \u2013 tatuajes, etc.) y mercanc\u00edas en las tiendas dentro del Parque.<\/span><\/li>\n<\/ul>\n<hr \/>\n","protected":false},"excerpt":{"rendered":"<p>1 responsable por cada 10 personas por 1 PLN. \u00a1Caf\u00e9 o t\u00e9 gratis para los responsables del grupo! \u00a1Billete gratis para el conductor del autob\u00fas + caf\u00e9\/t\u00e9 GRATIS! El grupo se considera a partir de 15 estudiantes. El billete incluye un espect\u00e1culo educativo y todas las atracciones del Parque de Atracciones Energylandia: dispositivos de entretenimiento [&hellip;]<\/p>\n","protected":false},"author":26,"featured_media":0,"parent":297774,"menu_order":405,"comment_status":"closed","ping_status":"closed","template":"templates\/bilet-single-szkoly.php","meta":{"footnotes":""},"acf":[],"yoast_head":"<!-- This site is optimized with the Yoast SEO plugin v20.9 - https:\/\/yoast.com\/wordpress\/plugins\/seo\/ -->\n<title>PROMOCIONES<\/title>\n<meta name=\"description\" content=\"Energylandia ch\u0119tnie go\u015bci wycieczki szkolne oraz grupy zorganizowane. Ofert\u0119 obejmuj\u0105ca bilety grupowe oraz cennik dla grup znajdziecie na naszej stronie wwww.\" \/>\n<meta name=\"robots\" content=\"index, follow, max-snippet:-1, max-image-preview:large, max-video-preview:-1\" \/>\n<meta property=\"og:locale\" content=\"es_ES\" \/>\n<meta property=\"og:type\" content=\"article\" \/>\n<meta property=\"og:title\" content=\"PROMOCIONES\" \/>\n<meta property=\"og:description\" content=\"Energylandia ch\u0119tnie go\u015bci wycieczki szkolne oraz grupy zorganizowane. Ofert\u0119 obejmuj\u0105ca bilety grupowe oraz cennik dla grup znajdziecie na naszej stronie wwww.\" \/>\n<meta property=\"og:url\" content=\"https:\/\/energylandia.pl\/es\/cennik\/escuelas\/\" \/>\n<meta property=\"og:site_name\" content=\"ENERGYLANDIA - Rodzinny Park Rozrywki w Zatorze\" \/>\n<meta property=\"article:publisher\" content=\"https:\/\/www.facebook.com\/EnergyLandia\" \/>\n<meta property=\"article:modified_time\" content=\"2026-02-23T14:50:17+00:00\" \/>\n<meta name=\"twitter:card\" content=\"summary_large_image\" \/>\n<meta name=\"twitter:label1\" content=\"Tiempo de lectura\" \/>\n\t<meta name=\"twitter:data1\" content=\"1 minuto\" \/>\n<script type=\"application\/ld+json\" class=\"yoast-schema-graph\">{\"@context\":\"https:\/\/schema.org\",\"@graph\":[{\"@type\":\"WebPage\",\"@id\":\"https:\/\/energylandia.pl\/es\/cennik\/escuelas\/\",\"url\":\"https:\/\/energylandia.pl\/es\/cennik\/escuelas\/\",\"name\":\"PROMOCIONES\",\"isPartOf\":{\"@id\":\"https:\/\/energylandia.pl\/#website\"},\"datePublished\":\"2018-03-05T13:09:32+00:00\",\"dateModified\":\"2026-02-23T14:50:17+00:00\",\"description\":\"Energylandia ch\u0119tnie go\u015bci wycieczki szkolne oraz grupy zorganizowane. Ofert\u0119 obejmuj\u0105ca bilety grupowe oraz cennik dla grup znajdziecie na naszej stronie wwww.\",\"breadcrumb\":{\"@id\":\"https:\/\/energylandia.pl\/es\/cennik\/escuelas\/#breadcrumb\"},\"inLanguage\":\"es\",\"potentialAction\":[{\"@type\":\"ReadAction\",\"target\":[\"https:\/\/energylandia.pl\/es\/cennik\/escuelas\/\"]}]},{\"@type\":\"BreadcrumbList\",\"@id\":\"https:\/\/energylandia.pl\/es\/cennik\/escuelas\/#breadcrumb\",\"itemListElement\":[{\"@type\":\"ListItem\",\"position\":1,\"name\":\"Strona g\u0142\u00f3wna\",\"item\":\"https:\/\/energylandia.pl\/es\/\"},{\"@type\":\"ListItem\",\"position\":2,\"name\":\"Cennik\",\"item\":\"https:\/\/energylandia.pl\/es\/cennik\/\"},{\"@type\":\"ListItem\",\"position\":3,\"name\":\"ESCUELAS\"}]},{\"@type\":\"WebSite\",\"@id\":\"https:\/\/energylandia.pl\/#website\",\"url\":\"https:\/\/energylandia.pl\/\",\"name\":\"ENERGYLANDIA - Rodzinny Park Rozrywki w Zatorze\",\"description\":\"ENERGYLANDIA - najwi\u0119kszy rodzinny Park Rozrywki w Polsce!\",\"publisher\":{\"@id\":\"https:\/\/energylandia.pl\/#organization\"},\"potentialAction\":[{\"@type\":\"SearchAction\",\"target\":{\"@type\":\"EntryPoint\",\"urlTemplate\":\"https:\/\/energylandia.pl\/?s={search_term_string}\"},\"query-input\":\"required name=search_term_string\"}],\"inLanguage\":\"es\"},{\"@type\":\"Organization\",\"@id\":\"https:\/\/energylandia.pl\/#organization\",\"name\":\"Energylandia\",\"url\":\"https:\/\/energylandia.pl\/\",\"logo\":{\"@type\":\"ImageObject\",\"inLanguage\":\"es\",\"@id\":\"https:\/\/energylandia.pl\/#\/schema\/logo\/image\/\",\"url\":\"\",\"contentUrl\":\"\",\"caption\":\"Energylandia\"},\"image\":{\"@id\":\"https:\/\/energylandia.pl\/#\/schema\/logo\/image\/\"},\"sameAs\":[\"https:\/\/www.facebook.com\/EnergyLandia\",\"https:\/\/www.youtube.com\/channel\/UCPj-Bs4Pfub_Bm04BOfyDoA\",\"https:\/\/vm.tiktok.com\/Tw7YAK\/\"]}]}<\/script>\n<!-- \/ Yoast SEO plugin. -->","yoast_head_json":{"title":"PROMOCIONES","description":"Energylandia ch\u0119tnie go\u015bci wycieczki szkolne oraz grupy zorganizowane. Ofert\u0119 obejmuj\u0105ca bilety grupowe oraz cennik dla grup znajdziecie na naszej stronie wwww.","robots":{"index":"index","follow":"follow","max-snippet":"max-snippet:-1","max-image-preview":"max-image-preview:large","max-video-preview":"max-video-preview:-1"},"og_locale":"es_ES","og_type":"article","og_title":"PROMOCIONES","og_description":"Energylandia ch\u0119tnie go\u015bci wycieczki szkolne oraz grupy zorganizowane. Ofert\u0119 obejmuj\u0105ca bilety grupowe oraz cennik dla grup znajdziecie na naszej stronie wwww.","og_url":"https:\/\/energylandia.pl\/es\/cennik\/escuelas\/","og_site_name":"ENERGYLANDIA - Rodzinny Park Rozrywki w Zatorze","article_publisher":"https:\/\/www.facebook.com\/EnergyLandia","article_modified_time":"2026-02-23T14:50:17+00:00","twitter_card":"summary_large_image","twitter_misc":{"Tiempo de lectura":"1 minuto"},"schema":{"@context":"https:\/\/schema.org","@graph":[{"@type":"WebPage","@id":"https:\/\/energylandia.pl\/es\/cennik\/escuelas\/","url":"https:\/\/energylandia.pl\/es\/cennik\/escuelas\/","name":"PROMOCIONES","isPartOf":{"@id":"https:\/\/energylandia.pl\/#website"},"datePublished":"2018-03-05T13:09:32+00:00","dateModified":"2026-02-23T14:50:17+00:00","description":"Energylandia ch\u0119tnie go\u015bci wycieczki szkolne oraz grupy zorganizowane. Ofert\u0119 obejmuj\u0105ca bilety grupowe oraz cennik dla grup znajdziecie na naszej stronie wwww.","breadcrumb":{"@id":"https:\/\/energylandia.pl\/es\/cennik\/escuelas\/#breadcrumb"},"inLanguage":"es","potentialAction":[{"@type":"ReadAction","target":["https:\/\/energylandia.pl\/es\/cennik\/escuelas\/"]}]},{"@type":"BreadcrumbList","@id":"https:\/\/energylandia.pl\/es\/cennik\/escuelas\/#breadcrumb","itemListElement":[{"@type":"ListItem","position":1,"name":"Strona g\u0142\u00f3wna","item":"https:\/\/energylandia.pl\/es\/"},{"@type":"ListItem","position":2,"name":"Cennik","item":"https:\/\/energylandia.pl\/es\/cennik\/"},{"@type":"ListItem","position":3,"name":"ESCUELAS"}]},{"@type":"WebSite","@id":"https:\/\/energylandia.pl\/#website","url":"https:\/\/energylandia.pl\/","name":"ENERGYLANDIA - Rodzinny Park Rozrywki w Zatorze","description":"ENERGYLANDIA - najwi\u0119kszy rodzinny Park Rozrywki w Polsce!","publisher":{"@id":"https:\/\/energylandia.pl\/#organization"},"potentialAction":[{"@type":"SearchAction","target":{"@type":"EntryPoint","urlTemplate":"https:\/\/energylandia.pl\/?s={search_term_string}"},"query-input":"required name=search_term_string"}],"inLanguage":"es"},{"@type":"Organization","@id":"https:\/\/energylandia.pl\/#organization","name":"Energylandia","url":"https:\/\/energylandia.pl\/","logo":{"@type":"ImageObject","inLanguage":"es","@id":"https:\/\/energylandia.pl\/#\/schema\/logo\/image\/","url":"","contentUrl":"","caption":"Energylandia"},"image":{"@id":"https:\/\/energylandia.pl\/#\/schema\/logo\/image\/"},"sameAs":["https:\/\/www.facebook.com\/EnergyLandia","https:\/\/www.youtube.com\/channel\/UCPj-Bs4Pfub_Bm04BOfyDoA","https:\/\/vm.tiktok.com\/Tw7YAK\/"]}]}},"_links":{"self":[{"href":"https:\/\/energylandia.pl\/es\/wp-json\/wp\/v2\/pages\/297631"}],"collection":[{"href":"https:\/\/energylandia.pl\/es\/wp-json\/wp\/v2\/pages"}],"about":[{"href":"https:\/\/energylandia.pl\/es\/wp-json\/wp\/v2\/types\/page"}],"author":[{"embeddable":true,"href":"https:\/\/energylandia.pl\/es\/wp-json\/wp\/v2\/users\/26"}],"replies":[{"embeddable":true,"href":"https:\/\/energylandia.pl\/es\/wp-json\/wp\/v2\/comments?post=297631"}],"version-history":[{"count":5,"href":"https:\/\/energylandia.pl\/es\/wp-json\/wp\/v2\/pages\/297631\/revisions"}],"predecessor-version":[{"id":300630,"href":"https:\/\/energylandia.pl\/es\/wp-json\/wp\/v2\/pages\/297631\/revisions\/300630"}],"up":[{"embeddable":true,"href":"https:\/\/energylandia.pl\/es\/wp-json\/wp\/v2\/pages\/297774"}],"wp:attachment":[{"href":"https:\/\/energylandia.pl\/es\/wp-json\/wp\/v2\/media?parent=297631"}],"curies":[{"name":"wp","href":"https:\/\/api.w.org\/{rel}","templated":true}]}}