{"id":296593,"date":"2020-01-08T12:26:14","date_gmt":"2020-01-08T11:26:14","guid":{"rendered":"https:\/\/energylandia.pl\/bilety-prezentowe\/"},"modified":"2026-04-01T10:59:37","modified_gmt":"2026-04-01T08:59:37","slug":"entradas-de-regalo","status":"publish","type":"page","link":"https:\/\/energylandia.pl\/es\/cennik\/entradas-de-regalo\/","title":{"rendered":"ENTRADAS DE REGALO"},"content":{"rendered":"<p><strong><span data-sheets-root=\"1\">ENTRADAS DE REGALO<\/span><br \/>\n<\/strong><\/p>\n<ul>\n<li style=\"list-style-type: none;\">\n<ul>\n<li>La entrada de regalo (versi\u00f3n en papel) es v\u00e1lida hasta el 31.10.2026 r. seg\u00fan el calendario de apertura del parque.<\/li>\n<li><span data-sheets-root=\"1\">El billete te da derecho a utilizar todas las atracciones del parque sin cargo adicional (la gastronom\u00eda y los juegos recreativos no est\u00e1n incluidos).<\/span><\/li>\n<li><span data-sheets-root=\"1\">El billete es de un solo uso.<\/span><\/li>\n<li><span data-sheets-root=\"1\">Una persona en todos los pedidos puede hacer un m\u00e1ximo de 10 entradas.<\/span><\/li>\n<li><span data-sheets-root=\"1\">Se aplicar\u00e1 una tarifa de env\u00edo a las entradas.<\/span><\/li>\n<li><span data-sheets-root=\"1\">Las entradas de regalo no se pueden transferir a otra temporada.<\/span><\/li>\n<li><span data-sheets-root=\"1\">Las entradas de dos y tres d\u00edas son v\u00e1lidas S\u00d3LO para visitar el parque &#8220;d\u00eda a d\u00eda&#8221;.<\/span><\/li>\n<li><span data-sheets-root=\"1\">Las entradas no tienen nombre.<\/span><\/li>\n<li><span data-sheets-root=\"1\">La entrada normal se aplica a las personas de m\u00e1s de 140 cm de estatura.<\/span><\/li>\n<li>El billete con descuento se aplica a ni\u00f1os de menos de 140 cm de altura, personas mayores de 65 a\u00f1os, mujeres embarazadas, personas con discapacidad y reci\u00e9n casados (solo al comprar el billete en la taquilla).<\/li>\n<\/ul>\n<\/li>\n<\/ul>\n<hr \/>\n<p><strong>LAS ENTRADAS REGALO SON EL REGALO IDEAL PARA SERES QUERIDOS, EMPLEADOS, CONTRATISTAS, CONCURSOS Y SORTEOS.<\/strong><\/p>\n<p><span data-sheets-root=\"1\">El billete de regalo en embalaje exclusivo es un regalo \u00fanico para tus seres queridos. Los billetes de regalo v\u00e1lidos hasta el<\/span> 31.10.2026 r. pueden comprarse ahora.<br \/>\nEl billete cubre todas las atracciones del Parque de Atracciones Energylandia, incluida la nueva zona Sweet Valley.<br \/>\n<span data-sheets-root=\"1\">Las empresas e instituciones pueden canjear las entradas a Energylandia en forma de excursiones, en las que todo el grupo disfruta del Parque al mismo tiempo, o en forma de entradas regalo, en cuyo caso los empleados pueden visitar el Parque en cualquier momento sin tener que organizar un viaje en grupo.<\/span><\/p>\n<hr \/>\n<p>&nbsp;<\/p>\n","protected":false},"excerpt":{"rendered":"<p>ENTRADAS DE REGALO La entrada de regalo (versi\u00f3n en papel) es v\u00e1lida hasta el 31.10.2026 r. seg\u00fan el calendario de apertura del parque. El billete te da derecho a utilizar todas las atracciones del parque sin cargo adicional (la gastronom\u00eda y los juegos recreativos no est\u00e1n incluidos). El billete es de un solo uso. Una [&hellip;]<\/p>\n","protected":false},"author":26,"featured_media":0,"parent":297774,"menu_order":369,"comment_status":"closed","ping_status":"closed","template":"templates\/bilet-single.php","meta":{"footnotes":""},"class_list":["post-296593","page","type-page","status-publish","hentry"],"acf":[],"yoast_head":"<!-- This site is optimized with the Yoast SEO plugin v20.9 - https:\/\/yoast.com\/wordpress\/plugins\/seo\/ -->\n<title>PROMOCIONES<\/title>\n<meta name=\"robots\" content=\"index, follow, max-snippet:-1, max-image-preview:large, max-video-preview:-1\" \/>\n<meta property=\"og:locale\" content=\"es_ES\" \/>\n<meta property=\"og:type\" content=\"article\" \/>\n<meta property=\"og:title\" content=\"PROMOCIONES\" \/>\n<meta property=\"og:description\" content=\"ENTRADAS DE REGALO La entrada de regalo (versi\u00f3n en papel) es v\u00e1lida hasta el 31.10.2026 r. seg\u00fan el calendario de apertura del parque. El billete te da derecho a utilizar todas las atracciones del parque sin cargo adicional (la gastronom\u00eda y los juegos recreativos no est\u00e1n incluidos). El billete es de un solo uso. Una [&hellip;]\" \/>\n<meta property=\"og:url\" content=\"https:\/\/energylandia.pl\/es\/cennik\/entradas-de-regalo\/\" \/>\n<meta property=\"og:site_name\" content=\"ENERGYLANDIA - Rodzinny Park Rozrywki w Zatorze\" \/>\n<meta property=\"article:publisher\" content=\"https:\/\/www.facebook.com\/EnergyLandia\" \/>\n<meta property=\"article:modified_time\" content=\"2026-04-01T08:59:37+00:00\" \/>\n<meta name=\"twitter:card\" content=\"summary_large_image\" \/>\n<meta name=\"twitter:label1\" content=\"Tiempo de lectura\" \/>\n\t<meta name=\"twitter:data1\" content=\"2 minutos\" \/>\n<script type=\"application\/ld+json\" class=\"yoast-schema-graph\">{\"@context\":\"https:\/\/schema.org\",\"@graph\":[{\"@type\":\"WebPage\",\"@id\":\"https:\/\/energylandia.pl\/es\/cennik\/entradas-de-regalo\/\",\"url\":\"https:\/\/energylandia.pl\/es\/cennik\/entradas-de-regalo\/\",\"name\":\"PROMOCIONES\",\"isPartOf\":{\"@id\":\"https:\/\/energylandia.pl\/#website\"},\"datePublished\":\"2020-01-08T11:26:14+00:00\",\"dateModified\":\"2026-04-01T08:59:37+00:00\",\"breadcrumb\":{\"@id\":\"https:\/\/energylandia.pl\/es\/cennik\/entradas-de-regalo\/#breadcrumb\"},\"inLanguage\":\"es\",\"potentialAction\":[{\"@type\":\"ReadAction\",\"target\":[\"https:\/\/energylandia.pl\/es\/cennik\/entradas-de-regalo\/\"]}]},{\"@type\":\"BreadcrumbList\",\"@id\":\"https:\/\/energylandia.pl\/es\/cennik\/entradas-de-regalo\/#breadcrumb\",\"itemListElement\":[{\"@type\":\"ListItem\",\"position\":1,\"name\":\"Strona g\u0142\u00f3wna\",\"item\":\"https:\/\/energylandia.pl\/es\/\"},{\"@type\":\"ListItem\",\"position\":2,\"name\":\"Cennik\",\"item\":\"https:\/\/energylandia.pl\/es\/cennik\/\"},{\"@type\":\"ListItem\",\"position\":3,\"name\":\"ENTRADAS DE REGALO\"}]},{\"@type\":\"WebSite\",\"@id\":\"https:\/\/energylandia.pl\/#website\",\"url\":\"https:\/\/energylandia.pl\/\",\"name\":\"ENERGYLANDIA - Rodzinny Park Rozrywki w Zatorze\",\"description\":\"ENERGYLANDIA - najwi\u0119kszy rodzinny Park Rozrywki w Polsce!\",\"publisher\":{\"@id\":\"https:\/\/energylandia.pl\/#organization\"},\"potentialAction\":[{\"@type\":\"SearchAction\",\"target\":{\"@type\":\"EntryPoint\",\"urlTemplate\":\"https:\/\/energylandia.pl\/?s={search_term_string}\"},\"query-input\":\"required name=search_term_string\"}],\"inLanguage\":\"es\"},{\"@type\":\"Organization\",\"@id\":\"https:\/\/energylandia.pl\/#organization\",\"name\":\"Energylandia\",\"url\":\"https:\/\/energylandia.pl\/\",\"logo\":{\"@type\":\"ImageObject\",\"inLanguage\":\"es\",\"@id\":\"https:\/\/energylandia.pl\/#\/schema\/logo\/image\/\",\"url\":\"\",\"contentUrl\":\"\",\"caption\":\"Energylandia\"},\"image\":{\"@id\":\"https:\/\/energylandia.pl\/#\/schema\/logo\/image\/\"},\"sameAs\":[\"https:\/\/www.facebook.com\/EnergyLandia\",\"https:\/\/www.youtube.com\/channel\/UCPj-Bs4Pfub_Bm04BOfyDoA\",\"https:\/\/vm.tiktok.com\/Tw7YAK\/\"]}]}<\/script>\n<!-- \/ Yoast SEO plugin. -->","yoast_head_json":{"title":"PROMOCIONES","robots":{"index":"index","follow":"follow","max-snippet":"max-snippet:-1","max-image-preview":"max-image-preview:large","max-video-preview":"max-video-preview:-1"},"og_locale":"es_ES","og_type":"article","og_title":"PROMOCIONES","og_description":"ENTRADAS DE REGALO La entrada de regalo (versi\u00f3n en papel) es v\u00e1lida hasta el 31.10.2026 r. seg\u00fan el calendario de apertura del parque. El billete te da derecho a utilizar todas las atracciones del parque sin cargo adicional (la gastronom\u00eda y los juegos recreativos no est\u00e1n incluidos). El billete es de un solo uso. Una [&hellip;]","og_url":"https:\/\/energylandia.pl\/es\/cennik\/entradas-de-regalo\/","og_site_name":"ENERGYLANDIA - Rodzinny Park Rozrywki w Zatorze","article_publisher":"https:\/\/www.facebook.com\/EnergyLandia","article_modified_time":"2026-04-01T08:59:37+00:00","twitter_card":"summary_large_image","twitter_misc":{"Tiempo de lectura":"2 minutos"},"schema":{"@context":"https:\/\/schema.org","@graph":[{"@type":"WebPage","@id":"https:\/\/energylandia.pl\/es\/cennik\/entradas-de-regalo\/","url":"https:\/\/energylandia.pl\/es\/cennik\/entradas-de-regalo\/","name":"PROMOCIONES","isPartOf":{"@id":"https:\/\/energylandia.pl\/#website"},"datePublished":"2020-01-08T11:26:14+00:00","dateModified":"2026-04-01T08:59:37+00:00","breadcrumb":{"@id":"https:\/\/energylandia.pl\/es\/cennik\/entradas-de-regalo\/#breadcrumb"},"inLanguage":"es","potentialAction":[{"@type":"ReadAction","target":["https:\/\/energylandia.pl\/es\/cennik\/entradas-de-regalo\/"]}]},{"@type":"BreadcrumbList","@id":"https:\/\/energylandia.pl\/es\/cennik\/entradas-de-regalo\/#breadcrumb","itemListElement":[{"@type":"ListItem","position":1,"name":"Strona g\u0142\u00f3wna","item":"https:\/\/energylandia.pl\/es\/"},{"@type":"ListItem","position":2,"name":"Cennik","item":"https:\/\/energylandia.pl\/es\/cennik\/"},{"@type":"ListItem","position":3,"name":"ENTRADAS DE REGALO"}]},{"@type":"WebSite","@id":"https:\/\/energylandia.pl\/#website","url":"https:\/\/energylandia.pl\/","name":"ENERGYLANDIA - Rodzinny Park Rozrywki w Zatorze","description":"ENERGYLANDIA - najwi\u0119kszy rodzinny Park Rozrywki w Polsce!","publisher":{"@id":"https:\/\/energylandia.pl\/#organization"},"potentialAction":[{"@type":"SearchAction","target":{"@type":"EntryPoint","urlTemplate":"https:\/\/energylandia.pl\/?s={search_term_string}"},"query-input":"required name=search_term_string"}],"inLanguage":"es"},{"@type":"Organization","@id":"https:\/\/energylandia.pl\/#organization","name":"Energylandia","url":"https:\/\/energylandia.pl\/","logo":{"@type":"ImageObject","inLanguage":"es","@id":"https:\/\/energylandia.pl\/#\/schema\/logo\/image\/","url":"","contentUrl":"","caption":"Energylandia"},"image":{"@id":"https:\/\/energylandia.pl\/#\/schema\/logo\/image\/"},"sameAs":["https:\/\/www.facebook.com\/EnergyLandia","https:\/\/www.youtube.com\/channel\/UCPj-Bs4Pfub_Bm04BOfyDoA","https:\/\/vm.tiktok.com\/Tw7YAK\/"]}]}},"_links":{"self":[{"href":"https:\/\/energylandia.pl\/es\/wp-json\/wp\/v2\/pages\/296593","targetHints":{"allow":["GET"]}}],"collection":[{"href":"https:\/\/energylandia.pl\/es\/wp-json\/wp\/v2\/pages"}],"about":[{"href":"https:\/\/energylandia.pl\/es\/wp-json\/wp\/v2\/types\/page"}],"author":[{"embeddable":true,"href":"https:\/\/energylandia.pl\/es\/wp-json\/wp\/v2\/users\/26"}],"replies":[{"embeddable":true,"href":"https:\/\/energylandia.pl\/es\/wp-json\/wp\/v2\/comments?post=296593"}],"version-history":[{"count":10,"href":"https:\/\/energylandia.pl\/es\/wp-json\/wp\/v2\/pages\/296593\/revisions"}],"predecessor-version":[{"id":315067,"href":"https:\/\/energylandia.pl\/es\/wp-json\/wp\/v2\/pages\/296593\/revisions\/315067"}],"up":[{"embeddable":true,"href":"https:\/\/energylandia.pl\/es\/wp-json\/wp\/v2\/pages\/297774"}],"wp:attachment":[{"href":"https:\/\/energylandia.pl\/es\/wp-json\/wp\/v2\/media?parent=296593"}],"curies":[{"name":"wp","href":"https:\/\/api.w.org\/{rel}","templated":true}]}}