{"id":295847,"date":"2016-03-25T15:21:18","date_gmt":"2016-03-25T14:21:18","guid":{"rendered":"https:\/\/energylandia.pl\/dotacje\/"},"modified":"2024-08-20T18:24:22","modified_gmt":"2024-08-20T16:24:22","slug":"subvenciones","status":"publish","type":"page","link":"https:\/\/energylandia.pl\/es\/subvenciones\/","title":{"rendered":"SUBVENCIONES"},"content":{"rendered":"<p>El Parque de Atracciones Energylandia en Zator tiene una amplia experiencia en proyectos relacionados con la realizaci\u00f3n de monta\u00f1as rusas e implementaci\u00f3n de soluciones innovadoras a escala internacional. Nuestra empresa ha llevado a cabo los siguientes proyectos financiados por programas de la Uni\u00f3n Europea:<\/p>\n<p><strong>\u201cConstrucci\u00f3n de un parque de atracciones innovador: combinaci\u00f3n de tecnolog\u00eda, entretenimiento y educaci\u00f3n: edutainment\u201d <\/strong><br \/>\nEn el marco de la acci\u00f3n 4.4 POIG. El valor bruto de este proyecto fue de 73.829.564 PLN, con una financiaci\u00f3n de 41.752.988 PLN.<\/p>\n<p><strong>\u201cRevoluci\u00f3n en la industria del entretenimiento &#8211; experiencias f\u00edsicas en la realidad virtual\u201d<\/strong><br \/>\nEn el marco de la acci\u00f3n 4.4 POIG.<br \/>\nEl valor bruto de este proyecto fue de 71.316.100 PLN, con una financiaci\u00f3n de 34.002.450 PLN.<\/p>\n<p>Como parte de este proyecto, se construyeron 3 nuevas monta\u00f1as rusas equipadas con tecnolog\u00eda \u00fanica a escala mundial en la industria del entretenimiento, que combina el entretenimiento real con el mundo virtual.<\/p>\n<p><img decoding=\"async\" class=\"aligncenter size-large wp-image-10391\" src=\"http:\/\/energylandia.pl\/wp-content\/uploads\/2016\/03\/zdjecie-dotacje-1200x706.jpg\" alt=\"zdjecie dotacje\" width=\"1200\" height=\"706\" \/><\/p>\n","protected":false},"excerpt":{"rendered":"<p>El Parque de Atracciones Energylandia en Zator tiene una amplia experiencia en proyectos relacionados con la realizaci\u00f3n de monta\u00f1as rusas e implementaci\u00f3n de soluciones innovadoras a escala internacional. Nuestra empresa ha llevado a cabo los siguientes proyectos financiados por programas de la Uni\u00f3n Europea: \u201cConstrucci\u00f3n de un parque de atracciones innovador: combinaci\u00f3n de tecnolog\u00eda, entretenimiento [&hellip;]<\/p>\n","protected":false},"author":36,"featured_media":0,"parent":0,"menu_order":276,"comment_status":"closed","ping_status":"closed","template":"templates\/page8.php","meta":{"footnotes":""},"class_list":["post-295847","page","type-page","status-publish","hentry"],"acf":[],"yoast_head":"<!-- This site is optimized with the Yoast SEO plugin v20.9 - https:\/\/yoast.com\/wordpress\/plugins\/seo\/ -->\n<title>PROMOCIONES<\/title>\n<meta name=\"robots\" content=\"index, follow, max-snippet:-1, max-image-preview:large, max-video-preview:-1\" \/>\n<meta property=\"og:locale\" content=\"es_ES\" \/>\n<meta property=\"og:type\" content=\"article\" \/>\n<meta property=\"og:title\" content=\"PROMOCIONES\" \/>\n<meta property=\"og:description\" content=\"El Parque de Atracciones Energylandia en Zator tiene una amplia experiencia en proyectos relacionados con la realizaci\u00f3n de monta\u00f1as rusas e implementaci\u00f3n de soluciones innovadoras a escala internacional. Nuestra empresa ha llevado a cabo los siguientes proyectos financiados por programas de la Uni\u00f3n Europea: \u201cConstrucci\u00f3n de un parque de atracciones innovador: combinaci\u00f3n de tecnolog\u00eda, entretenimiento [&hellip;]\" \/>\n<meta property=\"og:url\" content=\"https:\/\/energylandia.pl\/es\/subvenciones\/\" \/>\n<meta property=\"og:site_name\" content=\"ENERGYLANDIA - Rodzinny Park Rozrywki w Zatorze\" \/>\n<meta property=\"article:publisher\" content=\"https:\/\/www.facebook.com\/EnergyLandia\" \/>\n<meta property=\"article:modified_time\" content=\"2024-08-20T16:24:22+00:00\" \/>\n<meta property=\"og:image\" content=\"http:\/\/energylandia.pl\/wp-content\/uploads\/2016\/03\/zdjecie-dotacje-1200x706.jpg\" \/>\n<meta name=\"twitter:card\" content=\"summary_large_image\" \/>\n<meta name=\"twitter:label1\" content=\"Tiempo de lectura\" \/>\n\t<meta name=\"twitter:data1\" content=\"2 minutos\" \/>\n<script type=\"application\/ld+json\" class=\"yoast-schema-graph\">{\"@context\":\"https:\/\/schema.org\",\"@graph\":[{\"@type\":\"WebPage\",\"@id\":\"https:\/\/energylandia.pl\/es\/subvenciones\/\",\"url\":\"https:\/\/energylandia.pl\/es\/subvenciones\/\",\"name\":\"PROMOCIONES\",\"isPartOf\":{\"@id\":\"https:\/\/energylandia.pl\/#website\"},\"datePublished\":\"2016-03-25T14:21:18+00:00\",\"dateModified\":\"2024-08-20T16:24:22+00:00\",\"breadcrumb\":{\"@id\":\"https:\/\/energylandia.pl\/es\/subvenciones\/#breadcrumb\"},\"inLanguage\":\"es\",\"potentialAction\":[{\"@type\":\"ReadAction\",\"target\":[\"https:\/\/energylandia.pl\/es\/subvenciones\/\"]}]},{\"@type\":\"BreadcrumbList\",\"@id\":\"https:\/\/energylandia.pl\/es\/subvenciones\/#breadcrumb\",\"itemListElement\":[{\"@type\":\"ListItem\",\"position\":1,\"name\":\"Strona g\u0142\u00f3wna\",\"item\":\"https:\/\/energylandia.pl\/es\/\"},{\"@type\":\"ListItem\",\"position\":2,\"name\":\"SUBVENCIONES\"}]},{\"@type\":\"WebSite\",\"@id\":\"https:\/\/energylandia.pl\/#website\",\"url\":\"https:\/\/energylandia.pl\/\",\"name\":\"ENERGYLANDIA - Rodzinny Park Rozrywki w Zatorze\",\"description\":\"ENERGYLANDIA - najwi\u0119kszy rodzinny Park Rozrywki w Polsce!\",\"publisher\":{\"@id\":\"https:\/\/energylandia.pl\/#organization\"},\"potentialAction\":[{\"@type\":\"SearchAction\",\"target\":{\"@type\":\"EntryPoint\",\"urlTemplate\":\"https:\/\/energylandia.pl\/?s={search_term_string}\"},\"query-input\":\"required name=search_term_string\"}],\"inLanguage\":\"es\"},{\"@type\":\"Organization\",\"@id\":\"https:\/\/energylandia.pl\/#organization\",\"name\":\"Energylandia\",\"url\":\"https:\/\/energylandia.pl\/\",\"logo\":{\"@type\":\"ImageObject\",\"inLanguage\":\"es\",\"@id\":\"https:\/\/energylandia.pl\/#\/schema\/logo\/image\/\",\"url\":\"\",\"contentUrl\":\"\",\"caption\":\"Energylandia\"},\"image\":{\"@id\":\"https:\/\/energylandia.pl\/#\/schema\/logo\/image\/\"},\"sameAs\":[\"https:\/\/www.facebook.com\/EnergyLandia\",\"https:\/\/www.youtube.com\/channel\/UCPj-Bs4Pfub_Bm04BOfyDoA\",\"https:\/\/vm.tiktok.com\/Tw7YAK\/\"]}]}<\/script>\n<!-- \/ Yoast SEO plugin. -->","yoast_head_json":{"title":"PROMOCIONES","robots":{"index":"index","follow":"follow","max-snippet":"max-snippet:-1","max-image-preview":"max-image-preview:large","max-video-preview":"max-video-preview:-1"},"og_locale":"es_ES","og_type":"article","og_title":"PROMOCIONES","og_description":"El Parque de Atracciones Energylandia en Zator tiene una amplia experiencia en proyectos relacionados con la realizaci\u00f3n de monta\u00f1as rusas e implementaci\u00f3n de soluciones innovadoras a escala internacional. Nuestra empresa ha llevado a cabo los siguientes proyectos financiados por programas de la Uni\u00f3n Europea: \u201cConstrucci\u00f3n de un parque de atracciones innovador: combinaci\u00f3n de tecnolog\u00eda, entretenimiento [&hellip;]","og_url":"https:\/\/energylandia.pl\/es\/subvenciones\/","og_site_name":"ENERGYLANDIA - Rodzinny Park Rozrywki w Zatorze","article_publisher":"https:\/\/www.facebook.com\/EnergyLandia","article_modified_time":"2024-08-20T16:24:22+00:00","og_image":[{"url":"http:\/\/energylandia.pl\/wp-content\/uploads\/2016\/03\/zdjecie-dotacje-1200x706.jpg"}],"twitter_card":"summary_large_image","twitter_misc":{"Tiempo de lectura":"2 minutos"},"schema":{"@context":"https:\/\/schema.org","@graph":[{"@type":"WebPage","@id":"https:\/\/energylandia.pl\/es\/subvenciones\/","url":"https:\/\/energylandia.pl\/es\/subvenciones\/","name":"PROMOCIONES","isPartOf":{"@id":"https:\/\/energylandia.pl\/#website"},"datePublished":"2016-03-25T14:21:18+00:00","dateModified":"2024-08-20T16:24:22+00:00","breadcrumb":{"@id":"https:\/\/energylandia.pl\/es\/subvenciones\/#breadcrumb"},"inLanguage":"es","potentialAction":[{"@type":"ReadAction","target":["https:\/\/energylandia.pl\/es\/subvenciones\/"]}]},{"@type":"BreadcrumbList","@id":"https:\/\/energylandia.pl\/es\/subvenciones\/#breadcrumb","itemListElement":[{"@type":"ListItem","position":1,"name":"Strona g\u0142\u00f3wna","item":"https:\/\/energylandia.pl\/es\/"},{"@type":"ListItem","position":2,"name":"SUBVENCIONES"}]},{"@type":"WebSite","@id":"https:\/\/energylandia.pl\/#website","url":"https:\/\/energylandia.pl\/","name":"ENERGYLANDIA - Rodzinny Park Rozrywki w Zatorze","description":"ENERGYLANDIA - najwi\u0119kszy rodzinny Park Rozrywki w Polsce!","publisher":{"@id":"https:\/\/energylandia.pl\/#organization"},"potentialAction":[{"@type":"SearchAction","target":{"@type":"EntryPoint","urlTemplate":"https:\/\/energylandia.pl\/?s={search_term_string}"},"query-input":"required name=search_term_string"}],"inLanguage":"es"},{"@type":"Organization","@id":"https:\/\/energylandia.pl\/#organization","name":"Energylandia","url":"https:\/\/energylandia.pl\/","logo":{"@type":"ImageObject","inLanguage":"es","@id":"https:\/\/energylandia.pl\/#\/schema\/logo\/image\/","url":"","contentUrl":"","caption":"Energylandia"},"image":{"@id":"https:\/\/energylandia.pl\/#\/schema\/logo\/image\/"},"sameAs":["https:\/\/www.facebook.com\/EnergyLandia","https:\/\/www.youtube.com\/channel\/UCPj-Bs4Pfub_Bm04BOfyDoA","https:\/\/vm.tiktok.com\/Tw7YAK\/"]}]}},"_links":{"self":[{"href":"https:\/\/energylandia.pl\/es\/wp-json\/wp\/v2\/pages\/295847","targetHints":{"allow":["GET"]}}],"collection":[{"href":"https:\/\/energylandia.pl\/es\/wp-json\/wp\/v2\/pages"}],"about":[{"href":"https:\/\/energylandia.pl\/es\/wp-json\/wp\/v2\/types\/page"}],"author":[{"embeddable":true,"href":"https:\/\/energylandia.pl\/es\/wp-json\/wp\/v2\/users\/36"}],"replies":[{"embeddable":true,"href":"https:\/\/energylandia.pl\/es\/wp-json\/wp\/v2\/comments?post=295847"}],"version-history":[{"count":3,"href":"https:\/\/energylandia.pl\/es\/wp-json\/wp\/v2\/pages\/295847\/revisions"}],"predecessor-version":[{"id":298005,"href":"https:\/\/energylandia.pl\/es\/wp-json\/wp\/v2\/pages\/295847\/revisions\/298005"}],"wp:attachment":[{"href":"https:\/\/energylandia.pl\/es\/wp-json\/wp\/v2\/media?parent=295847"}],"curies":[{"name":"wp","href":"https:\/\/api.w.org\/{rel}","templated":true}]}}