{"id":295657,"date":"2019-04-24T15:19:14","date_gmt":"2019-04-24T13:19:14","guid":{"rendered":"https:\/\/energylandia.pl\/bilet-dla-niepelnosprawnych\/"},"modified":"2024-08-20T18:23:11","modified_gmt":"2024-08-20T16:23:11","slug":"entradas-para-personas-con-discapacidad","status":"publish","type":"page","link":"https:\/\/energylandia.pl\/es\/entradas-para-personas-con-discapacidad\/","title":{"rendered":"ENTRADAS PARA PERSONAS CON DISCAPACIDAD"},"content":{"rendered":"<p><strong>Estimados visitantes,<\/strong><\/p>\n<p>preocupados por la comodidad de nuestros visitantes, hemos preparado una gu\u00eda para ayudarles a familiarizarse con las condiciones de uso de las atracciones para personas con discapacidad.<\/p>\n<hr \/>\n<p style=\"text-align: left;\"><strong>ENTRADAS PARA PERSONAS CON DISCAPACIDAD<\/strong>:<\/p>\n<p>Las entradas reducidas para personas con discapacidad se pueden comprar tras presentar una tarjeta de discapacidad v\u00e1lida (o su duplicado) o una declaraci\u00f3n original de discapacidad (s\u00f3lo en el \u00e1mbito de los datos necesarios para confirmar la elegibilidad para la entrada reducida). Las entradas reducidas tambi\u00e9n est\u00e1n disponibles para personas con lesiones, es decir, aquellas que tienen yeso, f\u00e9rula o pr\u00f3tesis.<\/p>\n<p><strong>ATRACCIONES <\/strong><\/p>\n<p>Para personas con movilidad reducida, la accesibilidad a las atracciones depende del tipo de discapacidad. Les invitamos a visitar el Punto de Atenci\u00f3n a Personas con Discapacidad, donde nuestro especialista les mostrar\u00e1 las atracciones adecuadas de las que podr\u00e1n disfrutar. El Punto de Atenci\u00f3n est\u00e1 ubicado en la entrada principal del parque. Tambi\u00e9n se puede obtener informaci\u00f3n en la direcci\u00f3n de correo electr\u00f3nico dostepnosc@energylandia.pl.<\/p>\n<p><strong> SEGURIDAD <\/strong><\/p>\n<p>El operador de la atracci\u00f3n tiene derecho, por razones de seguridad y en casos objetivamente justificados, a negar el acceso a una persona, incluyendo menores, personas mayores, personas con discapacidad o personas con movilidad reducida, a una atracci\u00f3n\/dispositivo, por su propia seguridad o la seguridad de las personas alrededor. (punto 14 del reglamento del Parque de Atracciones Energylandia). Por lo tanto, es importante visitar el Punto de Atenci\u00f3n a Personas con Discapacidad con anticipaci\u00f3n. Se aclara que las personas ciegas pueden utilizar las monta\u00f1as rusas.<\/p>\n<p><strong>INFRAESTRUCTURA<\/strong><\/p>\n<p>Aparcamiento Todo el parque Energylandia est\u00e1 adaptado para personas en sillas de ruedas. Contamos con plazas de aparcamiento dedicadas para coches de personas con discapacidad. La estancia es gratuita al presentar la tarjeta de aparcamiento.<\/p>\n<p><strong>Aseos<\/strong><\/p>\n<p>Los aseos de Energylandia est\u00e1n adaptados para personas con discapacidad y est\u00e1n disponibles en todos los restaurantes y en las ubicaciones indicadas en el mapa.<\/p>\n<p><strong>Puntos M\u00e9dicos<\/strong><\/p>\n<p>El parque cuenta con dos puntos m\u00e9dicos: junto al parque acu\u00e1tico y en la entrada principal de la zona &#8220;Smoczy Gr\u00f3d&#8221;.<\/p>\n","protected":false},"excerpt":{"rendered":"<p>Estimados visitantes, preocupados por la comodidad de nuestros visitantes, hemos preparado una gu\u00eda para ayudarles a familiarizarse con las condiciones de uso de las atracciones para personas con discapacidad. ENTRADAS PARA PERSONAS CON DISCAPACIDAD: Las entradas reducidas para personas con discapacidad se pueden comprar tras presentar una tarjeta de discapacidad v\u00e1lida (o su duplicado) o [&hellip;]<\/p>\n","protected":false},"author":26,"featured_media":0,"parent":0,"menu_order":183,"comment_status":"closed","ping_status":"closed","template":"templates\/page8.php","meta":{"footnotes":""},"acf":[],"yoast_head":"<!-- This site is optimized with the Yoast SEO plugin v20.9 - https:\/\/yoast.com\/wordpress\/plugins\/seo\/ -->\n<title>PROMOCIONES<\/title>\n<meta name=\"robots\" content=\"index, follow, max-snippet:-1, max-image-preview:large, max-video-preview:-1\" \/>\n<meta property=\"og:locale\" content=\"es_ES\" \/>\n<meta property=\"og:type\" content=\"article\" \/>\n<meta property=\"og:title\" content=\"PROMOCIONES\" \/>\n<meta property=\"og:description\" content=\"Estimados visitantes, preocupados por la comodidad de nuestros visitantes, hemos preparado una gu\u00eda para ayudarles a familiarizarse con las condiciones de uso de las atracciones para personas con discapacidad. ENTRADAS PARA PERSONAS CON DISCAPACIDAD: Las entradas reducidas para personas con discapacidad se pueden comprar tras presentar una tarjeta de discapacidad v\u00e1lida (o su duplicado) o [&hellip;]\" \/>\n<meta property=\"og:url\" content=\"https:\/\/energylandia.pl\/es\/entradas-para-personas-con-discapacidad\/\" \/>\n<meta property=\"og:site_name\" content=\"ENERGYLANDIA - Rodzinny Park Rozrywki w Zatorze\" \/>\n<meta property=\"article:publisher\" content=\"https:\/\/www.facebook.com\/EnergyLandia\" \/>\n<meta property=\"article:modified_time\" content=\"2024-08-20T16:23:11+00:00\" \/>\n<meta name=\"twitter:card\" content=\"summary_large_image\" \/>\n<meta name=\"twitter:label1\" content=\"Tiempo de lectura\" \/>\n\t<meta name=\"twitter:data1\" content=\"2 minutos\" \/>\n<script type=\"application\/ld+json\" class=\"yoast-schema-graph\">{\"@context\":\"https:\/\/schema.org\",\"@graph\":[{\"@type\":\"WebPage\",\"@id\":\"https:\/\/energylandia.pl\/es\/entradas-para-personas-con-discapacidad\/\",\"url\":\"https:\/\/energylandia.pl\/es\/entradas-para-personas-con-discapacidad\/\",\"name\":\"PROMOCIONES\",\"isPartOf\":{\"@id\":\"https:\/\/energylandia.pl\/#website\"},\"datePublished\":\"2019-04-24T13:19:14+00:00\",\"dateModified\":\"2024-08-20T16:23:11+00:00\",\"breadcrumb\":{\"@id\":\"https:\/\/energylandia.pl\/es\/entradas-para-personas-con-discapacidad\/#breadcrumb\"},\"inLanguage\":\"es\",\"potentialAction\":[{\"@type\":\"ReadAction\",\"target\":[\"https:\/\/energylandia.pl\/es\/entradas-para-personas-con-discapacidad\/\"]}]},{\"@type\":\"BreadcrumbList\",\"@id\":\"https:\/\/energylandia.pl\/es\/entradas-para-personas-con-discapacidad\/#breadcrumb\",\"itemListElement\":[{\"@type\":\"ListItem\",\"position\":1,\"name\":\"Strona g\u0142\u00f3wna\",\"item\":\"https:\/\/energylandia.pl\/es\/\"},{\"@type\":\"ListItem\",\"position\":2,\"name\":\"ENTRADAS PARA PERSONAS CON DISCAPACIDAD\"}]},{\"@type\":\"WebSite\",\"@id\":\"https:\/\/energylandia.pl\/#website\",\"url\":\"https:\/\/energylandia.pl\/\",\"name\":\"ENERGYLANDIA - Rodzinny Park Rozrywki w Zatorze\",\"description\":\"ENERGYLANDIA - najwi\u0119kszy rodzinny Park Rozrywki w Polsce!\",\"publisher\":{\"@id\":\"https:\/\/energylandia.pl\/#organization\"},\"potentialAction\":[{\"@type\":\"SearchAction\",\"target\":{\"@type\":\"EntryPoint\",\"urlTemplate\":\"https:\/\/energylandia.pl\/?s={search_term_string}\"},\"query-input\":\"required name=search_term_string\"}],\"inLanguage\":\"es\"},{\"@type\":\"Organization\",\"@id\":\"https:\/\/energylandia.pl\/#organization\",\"name\":\"Energylandia\",\"url\":\"https:\/\/energylandia.pl\/\",\"logo\":{\"@type\":\"ImageObject\",\"inLanguage\":\"es\",\"@id\":\"https:\/\/energylandia.pl\/#\/schema\/logo\/image\/\",\"url\":\"\",\"contentUrl\":\"\",\"caption\":\"Energylandia\"},\"image\":{\"@id\":\"https:\/\/energylandia.pl\/#\/schema\/logo\/image\/\"},\"sameAs\":[\"https:\/\/www.facebook.com\/EnergyLandia\",\"https:\/\/www.youtube.com\/channel\/UCPj-Bs4Pfub_Bm04BOfyDoA\",\"https:\/\/vm.tiktok.com\/Tw7YAK\/\"]}]}<\/script>\n<!-- \/ Yoast SEO plugin. -->","yoast_head_json":{"title":"PROMOCIONES","robots":{"index":"index","follow":"follow","max-snippet":"max-snippet:-1","max-image-preview":"max-image-preview:large","max-video-preview":"max-video-preview:-1"},"og_locale":"es_ES","og_type":"article","og_title":"PROMOCIONES","og_description":"Estimados visitantes, preocupados por la comodidad de nuestros visitantes, hemos preparado una gu\u00eda para ayudarles a familiarizarse con las condiciones de uso de las atracciones para personas con discapacidad. ENTRADAS PARA PERSONAS CON DISCAPACIDAD: Las entradas reducidas para personas con discapacidad se pueden comprar tras presentar una tarjeta de discapacidad v\u00e1lida (o su duplicado) o [&hellip;]","og_url":"https:\/\/energylandia.pl\/es\/entradas-para-personas-con-discapacidad\/","og_site_name":"ENERGYLANDIA - Rodzinny Park Rozrywki w Zatorze","article_publisher":"https:\/\/www.facebook.com\/EnergyLandia","article_modified_time":"2024-08-20T16:23:11+00:00","twitter_card":"summary_large_image","twitter_misc":{"Tiempo de lectura":"2 minutos"},"schema":{"@context":"https:\/\/schema.org","@graph":[{"@type":"WebPage","@id":"https:\/\/energylandia.pl\/es\/entradas-para-personas-con-discapacidad\/","url":"https:\/\/energylandia.pl\/es\/entradas-para-personas-con-discapacidad\/","name":"PROMOCIONES","isPartOf":{"@id":"https:\/\/energylandia.pl\/#website"},"datePublished":"2019-04-24T13:19:14+00:00","dateModified":"2024-08-20T16:23:11+00:00","breadcrumb":{"@id":"https:\/\/energylandia.pl\/es\/entradas-para-personas-con-discapacidad\/#breadcrumb"},"inLanguage":"es","potentialAction":[{"@type":"ReadAction","target":["https:\/\/energylandia.pl\/es\/entradas-para-personas-con-discapacidad\/"]}]},{"@type":"BreadcrumbList","@id":"https:\/\/energylandia.pl\/es\/entradas-para-personas-con-discapacidad\/#breadcrumb","itemListElement":[{"@type":"ListItem","position":1,"name":"Strona g\u0142\u00f3wna","item":"https:\/\/energylandia.pl\/es\/"},{"@type":"ListItem","position":2,"name":"ENTRADAS PARA PERSONAS CON DISCAPACIDAD"}]},{"@type":"WebSite","@id":"https:\/\/energylandia.pl\/#website","url":"https:\/\/energylandia.pl\/","name":"ENERGYLANDIA - Rodzinny Park Rozrywki w Zatorze","description":"ENERGYLANDIA - najwi\u0119kszy rodzinny Park Rozrywki w Polsce!","publisher":{"@id":"https:\/\/energylandia.pl\/#organization"},"potentialAction":[{"@type":"SearchAction","target":{"@type":"EntryPoint","urlTemplate":"https:\/\/energylandia.pl\/?s={search_term_string}"},"query-input":"required name=search_term_string"}],"inLanguage":"es"},{"@type":"Organization","@id":"https:\/\/energylandia.pl\/#organization","name":"Energylandia","url":"https:\/\/energylandia.pl\/","logo":{"@type":"ImageObject","inLanguage":"es","@id":"https:\/\/energylandia.pl\/#\/schema\/logo\/image\/","url":"","contentUrl":"","caption":"Energylandia"},"image":{"@id":"https:\/\/energylandia.pl\/#\/schema\/logo\/image\/"},"sameAs":["https:\/\/www.facebook.com\/EnergyLandia","https:\/\/www.youtube.com\/channel\/UCPj-Bs4Pfub_Bm04BOfyDoA","https:\/\/vm.tiktok.com\/Tw7YAK\/"]}]}},"_links":{"self":[{"href":"https:\/\/energylandia.pl\/es\/wp-json\/wp\/v2\/pages\/295657"}],"collection":[{"href":"https:\/\/energylandia.pl\/es\/wp-json\/wp\/v2\/pages"}],"about":[{"href":"https:\/\/energylandia.pl\/es\/wp-json\/wp\/v2\/types\/page"}],"author":[{"embeddable":true,"href":"https:\/\/energylandia.pl\/es\/wp-json\/wp\/v2\/users\/26"}],"replies":[{"embeddable":true,"href":"https:\/\/energylandia.pl\/es\/wp-json\/wp\/v2\/comments?post=295657"}],"version-history":[{"count":3,"href":"https:\/\/energylandia.pl\/es\/wp-json\/wp\/v2\/pages\/295657\/revisions"}],"predecessor-version":[{"id":297665,"href":"https:\/\/energylandia.pl\/es\/wp-json\/wp\/v2\/pages\/295657\/revisions\/297665"}],"wp:attachment":[{"href":"https:\/\/energylandia.pl\/es\/wp-json\/wp\/v2\/media?parent=295657"}],"curies":[{"name":"wp","href":"https:\/\/api.w.org\/{rel}","templated":true}]}}