{"id":295613,"date":"2018-02-20T18:47:20","date_gmt":"2018-02-20T17:47:20","guid":{"rendered":"https:\/\/energylandia.pl\/bilety-indywidualne\/"},"modified":"2026-04-01T14:38:18","modified_gmt":"2026-04-01T12:38:18","slug":"entradas-individuales","status":"publish","type":"page","link":"https:\/\/energylandia.pl\/es\/cennik\/entradas-individuales\/","title":{"rendered":"ENTRADAS INDIVIDUALES"},"content":{"rendered":"<p style=\"text-align: center;\"><strong>Todas las atracciones est\u00e1n incluidas en el precio del billete sin l\u00edmites: monta\u00f1as rusas, carruseles, cines, espect\u00e1culos, shows, Zona Sweet Valley, Smoczy Gr\u00f3d, Zona Bajkolandia, Zona Familiar, Zona Extrema, Aqualantis y Water Park. Entrada v\u00e1lida todo el d\u00eda sin l\u00edmites de tiempo ni cantidad. *El billete no incluye gastronom\u00eda, m\u00e1quinas recreativas que funcionan con fichas, tiendas ni souvenirs.<\/strong><\/p>\n<hr class=\"border-color-blue\" \/>\n<ol>\n<li>El billete para un ni\u00f1o menor de 3 a\u00f1os puede adquirirse previa presentaci\u00f3n de un documento que confirme la edad del ni\u00f1o. Los documentos v\u00e1lidos son el documento de identidad o el certificado de nacimiento. No se aceptan copias ni fotograf\u00edas de documentos.<\/li>\n<li>Todas las personas menores de 18 a\u00f1os, el d\u00eda de su cumplea\u00f1os, abonar\u00e1n una tarifa simb\u00f3lica de 1 PLN por la entrada al parque. Es un gesto hacia nuestros hu\u00e9spedes m\u00e1s j\u00f3venes. Es necesario presentar un documento que confirme la identidad y el hecho de que ese d\u00eda es el cumplea\u00f1os del visitante. Los documentos v\u00e1lidos son el documento de identidad o el certificado de nacimiento; para ni\u00f1os mayores de 7 a\u00f1os, el carn\u00e9 escolar. No se aceptan copias ni fotograf\u00edas de documentos. El billete de cumplea\u00f1os solo puede adquirirse en las taquillas del parque.<\/li>\n<li>El billete anual es v\u00e1lido durante un a\u00f1o desde la fecha de compra. El titular del billete tendr\u00e1 una foto tomada en el Parque y recibir\u00e1 su billete. El billete anual con descuento est\u00e1 disponible para personas cuya altura no supere los 140 cm el d\u00eda del canje del cup\u00f3n por el billete anual. La medici\u00f3n de la altura se realiza con calzado. En caso de p\u00e9rdida o deterioro de la tarjeta anual, es posible adquirir un duplicado por un coste de 50 PLN.<\/li>\n<li>Previa presentaci\u00f3n de un documento que confirme la edad.<\/li>\n<li>Se aplica a ni\u00f1os de menos de 140 cm de altura, personas mayores de 65 a\u00f1os, mujeres embarazadas, personas con discapacidad y parejas de reci\u00e9n casados (solo al comprar el billete en taquilla). El billete para personas con discapacidad puede adquirirse presentando el documento original que acredite la discapacidad. En caso de duda, se podr\u00e1 requerir otro documento con fotograf\u00eda que confirme la identidad. El descuento para el cuidador de una persona con discapacidad se aplica \u00fanicamente en el caso de visitas de grupos de personas con discapacidad, con reserva previa para grupos de m\u00e1s de 15 personas. <strong><span class=\"notion-enable-hover\" data-token-index=\"1\">En el caso de personas con movilidad reducida, la disponibilidad de las atracciones depende del tipo de discapacidad.<\/span><\/strong> Les invitamos al Punto de Atenci\u00f3n para Personas con Discapacidad, donde nuestro especialista les indicar\u00e1 las atracciones adecuadas que podr\u00e1n utilizar. El punto de atenci\u00f3n se encuentra en la entrada principal del Parque.<\/li>\n<li>Los billetes de dos y tres d\u00edas deben utilizarse en d\u00edas consecutivos desde el momento de la primera entrada al Parque. Un billete es v\u00e1lido para una sola persona.<\/li>\n<li>El s\u00edmbolo \u201c-\u201d en la lista de precios significa que el billete indicado no est\u00e1 disponible en una temporada determinada.<\/li>\n<li>Para utilizar el acceso ENERGY PASS, es necesario disponer de un ENERGY PASS impreso, que puede adquirirse en <a href=\"https:\/\/ticket.energylandia.pl\/en\/products\/electronic\/fast-pass\/2-594\">ticket.energylandia.pl\/en\/products\/electronic\/fast-pass\/<\/a>. ENERGY PASS tambi\u00e9n est\u00e1 disponible para su compra en todas las tiendas del parque. ENERGY PASS no es una entrada al Parque.<\/li>\n<li>ENERGY PASS NORMAL permite el acceso una sola vez a cada una de las siguientes atracciones mediante la entrada ENERGY PASS: Pepsi Hyperion, Zadra Made In Ma\u0142opolska, Mayan, Abyssus, Choco Chip Creek, Toffifee Kopalnia Z\u0142ota, Space Booster, \u015amiej\u017celki Energu\u015b, Anaconda, Aztec Swing, Formu\u0142a, Speed Water Coaster, RMF Dragon, Tsunami Drop.<\/li>\n<li>ENERGY PASS ULGOWY permite el acceso una sola vez a cada una de las siguientes atracciones mediante la entrada ENERGY PASS: Abyssus, Choco Chip Creek, Toffifee Kopalnia Z\u0142ota, \u015amiej\u017celki Energu\u015b, Anaconda, Formu\u0142a, RMF Dragon, Tsunami Drop. ENERGY PASS ULGOWY se aplica a ni\u00f1os de hasta 140 cm de altura.<\/li>\n<\/ol>\n<hr class=\"border-color-blue\" \/>\n<h3>Descuentos adicionales<\/h3>\n<ul>\n<li>Aceptamos la tarjeta nacional de familia numerosa, que da derecho a un 5% de descuento en las entradas al parque.<\/li>\n<li>Las promociones no son acumulables. Las promociones no se aplican a entradas con descuento, promocionales ni anuales.<\/li>\n<\/ul>\n<p><a href=\"https:\/\/ticket.energylandia.pl\/en\/products\/electronic\/fast-pass\/2-594\"><img decoding=\"async\" class=\"alignnone size-full wp-image-315028\" src=\"https:\/\/energylandia.pl\/wp-content\/uploads\/2026\/03\/slider-ticket-en.webp\" alt=\"\" width=\"1920\" height=\"519\" \/><\/a><\/p>\n","protected":false},"excerpt":{"rendered":"<p>Todas las atracciones est\u00e1n incluidas en el precio del billete sin l\u00edmites: monta\u00f1as rusas, carruseles, cines, espect\u00e1culos, shows, Zona Sweet Valley, Smoczy Gr\u00f3d, Zona Bajkolandia, Zona Familiar, Zona Extrema, Aqualantis y Water Park. Entrada v\u00e1lida todo el d\u00eda sin l\u00edmites de tiempo ni cantidad. *El billete no incluye gastronom\u00eda, m\u00e1quinas recreativas que funcionan con fichas, [&hellip;]<\/p>\n","protected":false},"author":26,"featured_media":0,"parent":297774,"menu_order":412,"comment_status":"closed","ping_status":"closed","template":"templates\/bilet-single.php","meta":{"footnotes":""},"class_list":["post-295613","page","type-page","status-publish","hentry"],"acf":[],"yoast_head":"<!-- This site is optimized with the Yoast SEO plugin v20.9 - https:\/\/yoast.com\/wordpress\/plugins\/seo\/ -->\n<title>PROMOCIONES<\/title>\n<meta name=\"description\" content=\"Cennik online Energylandii zawiera rodzaje i ceny bilet\u00f3w. Poznaj cennik rodzinny oraz ulgowy. Dowiedz si\u0119, jaki bilet najlepiej wybra\u0107.\" \/>\n<meta name=\"robots\" content=\"index, follow, max-snippet:-1, max-image-preview:large, max-video-preview:-1\" \/>\n<meta property=\"og:locale\" content=\"es_ES\" \/>\n<meta property=\"og:type\" content=\"article\" \/>\n<meta property=\"og:title\" content=\"PROMOCIONES\" \/>\n<meta property=\"og:description\" content=\"Cennik online Energylandii zawiera rodzaje i ceny bilet\u00f3w. Poznaj cennik rodzinny oraz ulgowy. Dowiedz si\u0119, jaki bilet najlepiej wybra\u0107.\" \/>\n<meta property=\"og:url\" content=\"https:\/\/energylandia.pl\/es\/cennik\/entradas-individuales\/\" \/>\n<meta property=\"og:site_name\" content=\"ENERGYLANDIA - Rodzinny Park Rozrywki w Zatorze\" \/>\n<meta property=\"article:publisher\" content=\"https:\/\/www.facebook.com\/EnergyLandia\" \/>\n<meta property=\"article:modified_time\" content=\"2026-04-01T12:38:18+00:00\" \/>\n<meta property=\"og:image\" content=\"https:\/\/energylandia.pl\/wp-content\/uploads\/2026\/03\/slider-ticket-en.webp\" \/>\n<meta name=\"twitter:card\" content=\"summary_large_image\" \/>\n<meta name=\"twitter:label1\" content=\"Tiempo de lectura\" \/>\n\t<meta name=\"twitter:data1\" content=\"5 minutos\" \/>\n<script type=\"application\/ld+json\" class=\"yoast-schema-graph\">{\"@context\":\"https:\/\/schema.org\",\"@graph\":[{\"@type\":\"WebPage\",\"@id\":\"https:\/\/energylandia.pl\/es\/cennik\/entradas-individuales\/\",\"url\":\"https:\/\/energylandia.pl\/es\/cennik\/entradas-individuales\/\",\"name\":\"PROMOCIONES\",\"isPartOf\":{\"@id\":\"https:\/\/energylandia.pl\/#website\"},\"datePublished\":\"2018-02-20T17:47:20+00:00\",\"dateModified\":\"2026-04-01T12:38:18+00:00\",\"description\":\"Cennik online Energylandii zawiera rodzaje i ceny bilet\u00f3w. Poznaj cennik rodzinny oraz ulgowy. Dowiedz si\u0119, jaki bilet najlepiej wybra\u0107.\",\"breadcrumb\":{\"@id\":\"https:\/\/energylandia.pl\/es\/cennik\/entradas-individuales\/#breadcrumb\"},\"inLanguage\":\"es\",\"potentialAction\":[{\"@type\":\"ReadAction\",\"target\":[\"https:\/\/energylandia.pl\/es\/cennik\/entradas-individuales\/\"]}]},{\"@type\":\"BreadcrumbList\",\"@id\":\"https:\/\/energylandia.pl\/es\/cennik\/entradas-individuales\/#breadcrumb\",\"itemListElement\":[{\"@type\":\"ListItem\",\"position\":1,\"name\":\"Strona g\u0142\u00f3wna\",\"item\":\"https:\/\/energylandia.pl\/es\/\"},{\"@type\":\"ListItem\",\"position\":2,\"name\":\"Cennik\",\"item\":\"https:\/\/energylandia.pl\/es\/cennik\/\"},{\"@type\":\"ListItem\",\"position\":3,\"name\":\"ENTRADAS INDIVIDUALES\"}]},{\"@type\":\"WebSite\",\"@id\":\"https:\/\/energylandia.pl\/#website\",\"url\":\"https:\/\/energylandia.pl\/\",\"name\":\"ENERGYLANDIA - Rodzinny Park Rozrywki w Zatorze\",\"description\":\"ENERGYLANDIA - najwi\u0119kszy rodzinny Park Rozrywki w Polsce!\",\"publisher\":{\"@id\":\"https:\/\/energylandia.pl\/#organization\"},\"potentialAction\":[{\"@type\":\"SearchAction\",\"target\":{\"@type\":\"EntryPoint\",\"urlTemplate\":\"https:\/\/energylandia.pl\/?s={search_term_string}\"},\"query-input\":\"required name=search_term_string\"}],\"inLanguage\":\"es\"},{\"@type\":\"Organization\",\"@id\":\"https:\/\/energylandia.pl\/#organization\",\"name\":\"Energylandia\",\"url\":\"https:\/\/energylandia.pl\/\",\"logo\":{\"@type\":\"ImageObject\",\"inLanguage\":\"es\",\"@id\":\"https:\/\/energylandia.pl\/#\/schema\/logo\/image\/\",\"url\":\"\",\"contentUrl\":\"\",\"caption\":\"Energylandia\"},\"image\":{\"@id\":\"https:\/\/energylandia.pl\/#\/schema\/logo\/image\/\"},\"sameAs\":[\"https:\/\/www.facebook.com\/EnergyLandia\",\"https:\/\/www.youtube.com\/channel\/UCPj-Bs4Pfub_Bm04BOfyDoA\",\"https:\/\/vm.tiktok.com\/Tw7YAK\/\"]}]}<\/script>\n<!-- \/ Yoast SEO plugin. -->","yoast_head_json":{"title":"PROMOCIONES","description":"Cennik online Energylandii zawiera rodzaje i ceny bilet\u00f3w. Poznaj cennik rodzinny oraz ulgowy. Dowiedz si\u0119, jaki bilet najlepiej wybra\u0107.","robots":{"index":"index","follow":"follow","max-snippet":"max-snippet:-1","max-image-preview":"max-image-preview:large","max-video-preview":"max-video-preview:-1"},"og_locale":"es_ES","og_type":"article","og_title":"PROMOCIONES","og_description":"Cennik online Energylandii zawiera rodzaje i ceny bilet\u00f3w. Poznaj cennik rodzinny oraz ulgowy. Dowiedz si\u0119, jaki bilet najlepiej wybra\u0107.","og_url":"https:\/\/energylandia.pl\/es\/cennik\/entradas-individuales\/","og_site_name":"ENERGYLANDIA - Rodzinny Park Rozrywki w Zatorze","article_publisher":"https:\/\/www.facebook.com\/EnergyLandia","article_modified_time":"2026-04-01T12:38:18+00:00","og_image":[{"url":"https:\/\/energylandia.pl\/wp-content\/uploads\/2026\/03\/slider-ticket-en.webp"}],"twitter_card":"summary_large_image","twitter_misc":{"Tiempo de lectura":"5 minutos"},"schema":{"@context":"https:\/\/schema.org","@graph":[{"@type":"WebPage","@id":"https:\/\/energylandia.pl\/es\/cennik\/entradas-individuales\/","url":"https:\/\/energylandia.pl\/es\/cennik\/entradas-individuales\/","name":"PROMOCIONES","isPartOf":{"@id":"https:\/\/energylandia.pl\/#website"},"datePublished":"2018-02-20T17:47:20+00:00","dateModified":"2026-04-01T12:38:18+00:00","description":"Cennik online Energylandii zawiera rodzaje i ceny bilet\u00f3w. Poznaj cennik rodzinny oraz ulgowy. Dowiedz si\u0119, jaki bilet najlepiej wybra\u0107.","breadcrumb":{"@id":"https:\/\/energylandia.pl\/es\/cennik\/entradas-individuales\/#breadcrumb"},"inLanguage":"es","potentialAction":[{"@type":"ReadAction","target":["https:\/\/energylandia.pl\/es\/cennik\/entradas-individuales\/"]}]},{"@type":"BreadcrumbList","@id":"https:\/\/energylandia.pl\/es\/cennik\/entradas-individuales\/#breadcrumb","itemListElement":[{"@type":"ListItem","position":1,"name":"Strona g\u0142\u00f3wna","item":"https:\/\/energylandia.pl\/es\/"},{"@type":"ListItem","position":2,"name":"Cennik","item":"https:\/\/energylandia.pl\/es\/cennik\/"},{"@type":"ListItem","position":3,"name":"ENTRADAS INDIVIDUALES"}]},{"@type":"WebSite","@id":"https:\/\/energylandia.pl\/#website","url":"https:\/\/energylandia.pl\/","name":"ENERGYLANDIA - Rodzinny Park Rozrywki w Zatorze","description":"ENERGYLANDIA - najwi\u0119kszy rodzinny Park Rozrywki w Polsce!","publisher":{"@id":"https:\/\/energylandia.pl\/#organization"},"potentialAction":[{"@type":"SearchAction","target":{"@type":"EntryPoint","urlTemplate":"https:\/\/energylandia.pl\/?s={search_term_string}"},"query-input":"required name=search_term_string"}],"inLanguage":"es"},{"@type":"Organization","@id":"https:\/\/energylandia.pl\/#organization","name":"Energylandia","url":"https:\/\/energylandia.pl\/","logo":{"@type":"ImageObject","inLanguage":"es","@id":"https:\/\/energylandia.pl\/#\/schema\/logo\/image\/","url":"","contentUrl":"","caption":"Energylandia"},"image":{"@id":"https:\/\/energylandia.pl\/#\/schema\/logo\/image\/"},"sameAs":["https:\/\/www.facebook.com\/EnergyLandia","https:\/\/www.youtube.com\/channel\/UCPj-Bs4Pfub_Bm04BOfyDoA","https:\/\/vm.tiktok.com\/Tw7YAK\/"]}]}},"_links":{"self":[{"href":"https:\/\/energylandia.pl\/es\/wp-json\/wp\/v2\/pages\/295613","targetHints":{"allow":["GET"]}}],"collection":[{"href":"https:\/\/energylandia.pl\/es\/wp-json\/wp\/v2\/pages"}],"about":[{"href":"https:\/\/energylandia.pl\/es\/wp-json\/wp\/v2\/types\/page"}],"author":[{"embeddable":true,"href":"https:\/\/energylandia.pl\/es\/wp-json\/wp\/v2\/users\/26"}],"replies":[{"embeddable":true,"href":"https:\/\/energylandia.pl\/es\/wp-json\/wp\/v2\/comments?post=295613"}],"version-history":[{"count":17,"href":"https:\/\/energylandia.pl\/es\/wp-json\/wp\/v2\/pages\/295613\/revisions"}],"predecessor-version":[{"id":315031,"href":"https:\/\/energylandia.pl\/es\/wp-json\/wp\/v2\/pages\/295613\/revisions\/315031"}],"up":[{"embeddable":true,"href":"https:\/\/energylandia.pl\/es\/wp-json\/wp\/v2\/pages\/297774"}],"wp:attachment":[{"href":"https:\/\/energylandia.pl\/es\/wp-json\/wp\/v2\/media?parent=295613"}],"curies":[{"name":"wp","href":"https:\/\/api.w.org\/{rel}","templated":true}]}}