{"id":59204,"date":"2020-05-13T09:29:45","date_gmt":"2020-05-13T07:29:45","guid":{"rendered":"https:\/\/energylandia.pl\/covid-19-free\/"},"modified":"2021-10-31T17:01:29","modified_gmt":"2021-10-31T16:01:29","slug":"covid-19-free","status":"publish","type":"page","link":"https:\/\/energylandia.pl\/de\/aufenthalt-planen\/covid-19-free\/","title":{"rendered":"COVID-19 FREE"},"content":{"rendered":"<p class=\"western\" style=\"text-align: center;\" align=\"justify\"><strong>ACHTUNG! ALLE TICKETS OHNE BUCHUNG MIT EINTRITTSGARANTIE!<\/strong><\/p>\n<p>Ihr Lieben, bezugnehmend auf Eure zahlreichen Nachrichten und Bitten, haben wir \u2013 um Euch entgegenzukommen \u2013 beschlossen, auf die unbedingte Buchung von Tickets zu verzichten!<\/p>\n<p>Ab jetzt k\u00f6nnt Ihr den Park garantiert betreten, sowohl wenn Ihr Eure Tickets an der Kasse im Energylandia, als auch \u00fcber die Plattform&gt;&gt; ticket.energylandia.pl kauft.<\/p>\n<p>Sicherlich \u00fcberlegt Ihr, wie es sich mit der Einschr\u00e4nkung der Besucherzahl im Park verh\u00e4lt? Nach zahlreichen Analysen und in Anbetracht der bisherigen Statistiken, k\u00f6nnen wir Euch versichern, dass das Besucherlimit im Park nicht \u00fcberschritten wird. Ihr m\u00fcsst Euch keine Sorgen ums Wetter, um Schicksalsereignisse oder um andere unvorhersehbare Umst\u00e4nde machen \u2013 ab heute k\u00f6nnt Ihr immer kommen und Ihr werden immer reingelassen, egal, ob Ihr Euer Ticket am Ort oder online kauft.<\/p>\n<hr \/>\n<p class=\"western\" style=\"text-align: center;\"><strong>Ihr Lieben, Ihr habt uns viele Fragen gestellt, deswegen haben wir die Antworten auf die meistgestellten Fragen zusammengefasst:<\/strong><\/p>\n<p><strong>1. Sicherheit im Park<\/strong><br \/>\nUnser Team hat seit vielen Wochen an speziellen Prozeduren und Absicherungen gearbeitet, die wir in unsere Parkordnung aufgenommen haben. Also: Desinfizierung des Parks jeden Tag nach der Schlie\u00dfung \u2013 mittels moderner Drohnen, intensive, stete Desinfizierung, soziale Distanz gegen\u00fcber fremden Personen sowie zahlreiche andere Ideen, um unseren G\u00e4sten den bestm\u00f6glichen Komfort zu gew\u00e4hrleisten.<\/p>\n<p><strong>2. Muss ich Mund- und Nasenschutz tragen?<\/strong><br \/>\nAuf Spazierwegen und auf Parkpl\u00e4tzen gelten standardm\u00e4\u00dfige Richtlinien.<br \/>\nWir empfehlen jedoch das Aufsetzen von Mund- und Nasenschutz.<br \/>\nAn den Eing\u00e4ngen zu den Fahrgesch\u00e4ften und in den Auff\u00fchrungsbereichen besteht die Pflicht des Aufsetzens von Mund- und Nasenschutz.<br \/>\nDie Fahrgesch\u00e4fte d\u00fcrfen nicht mit Schals, T\u00fcchern oder anderer Gesichtsverdeckung au\u00dfer Mund- und Nasenschutz betreten werden.<br \/>\nDie Pflicht des Mund- und Nasenschutzes gilt nicht f\u00fcr Kinder unter 5 Jahren.<\/p>\n<p><strong>3. Wie werden die Fahrgesch\u00e4fte jetzt benutzt?<\/strong><br \/>\nDa hinsichtlich der Fahrgesch\u00e4fte die Pflicht besteht, Mund- und Nasenschutz zu tragen, ist ihre Kapazit\u00e4t dieselbe, wie bisher.<\/p>\n<p><strong>4. Shops und Gastronomie<\/strong><br \/>\nHier gelten dieselben Grunds\u00e4tze wie die allgemeinen Grunds\u00e4tze f\u00fcr alle Objekte dieser Art.<\/p>\n<hr \/>\n<h3 style=\"text-align: center;\"><strong>Der Unterhaltungspark ENERGYLANDIA sorgt unentwegt, von Anbeginn seiner T\u00e4tigkeit f\u00fcr die hygienische Sicherheit seiner Mitarbeiter und Besucher.<\/strong><\/h3>\n<hr \/>\n<h1 style=\"text-align: center;\"><strong>Im Park ENERGYLANDIA sorgen wir f\u00fcr Dich!<\/strong><\/h1>\n<div class=\"row\">\n<div class=\"col-md-6 plm-covid\">\n<div class=\"row\">\n<div class=\"col-md-3 col-3\"><img decoding=\"async\" src=\"https:\/\/n.energylandia.pl\/files\/MARKETING\/pamietaj-o-czestym-myciu-rak.png\" \/><\/div>\n<div class=\"col-md-9 col-9\">\n<p>Ihr k\u00f6nnt eine der vielen Stationen f\u00fcr die Desinfizierung der H\u00e4nde benutzen<\/p>\n<\/div>\n<\/div>\n<div class=\"row\">\n<div class=\"col-md-3 col-3\"><img decoding=\"async\" src=\"https:\/\/n.energylandia.pl\/files\/MARKETING\/specjalna-grupa-pracownikow.png\" \/><\/div>\n<div class=\"col-md-9 col-9\">\n<p>Wir haben f\u00fcr Euch extra eine Gruppe von Mitarbeitern gebildet, die f\u00fcr die Desinfizierung von oft ber\u00fchrten Fl\u00e4chen zust\u00e4ndig sind<\/p>\n<\/div>\n<\/div>\n<div class=\"row\">\n<div class=\"col-md-3 col-3\"><img decoding=\"async\" src=\"https:\/\/n.energylandia.pl\/files\/MARKETING\/wybierz-platnosc-bezgotowkowa.png\" \/><\/div>\n<div class=\"col-md-9 col-9\">\n<p>Wir erm\u00f6glichen Euch bargeldlose Bezahlung an jeder Stelle im Park<\/p>\n<\/div>\n<\/div>\n<div class=\"row\">\n<div class=\"col-md-3 col-3\"><img decoding=\"async\" src=\"https:\/\/n.energylandia.pl\/files\/MARKETING\/srodki-ochrony-osobistej.png\" \/><\/div>\n<div class=\"col-md-9 col-9\">\n<p>Unser Personal ist voll mit Personenschutzmitteln: Handschuhen, Gesichtsschutz, Desinfektionsmitteln ausgestattet<\/p>\n<\/div>\n<\/div>\n<\/div>\n<div class=\"col-md-6 plm-covid\">\n<div class=\"row\">\n<div class=\"col-md-3 col-3\"><img decoding=\"async\" src=\"https:\/\/n.energylandia.pl\/files\/MARKETING\/park-dezynfekowany-codziennie.png\" \/><\/div>\n<div class=\"col-md-9 col-9\">\n<p>Der Park wird jeden Tag nach der Schlie\u00dfung g\u00e4nzlich desinfiziert<\/p>\n<\/div>\n<\/div>\n<div class=\"row\">\n<div class=\"col-md-3 col-3\"><img decoding=\"async\" src=\"https:\/\/n.energylandia.pl\/files\/MARKETING\/kamery-termowizyjne.png\" \/><\/div>\n<div class=\"col-md-9 col-9\">\n<p>Am Eingang sind Thermovisionskameras f\u00fcr die Messung der K\u00f6rpertemperatur angebracht<\/p>\n<\/div>\n<\/div>\n<div class=\"row\">\n<div class=\"col-md-3 col-3\"><img decoding=\"async\" src=\"https:\/\/n.energylandia.pl\/files\/MARKETING\/nos-maseczke.png\" \/><\/div>\n<div class=\"col-md-9 col-9\">\n<p>Euch stehen Automaten und Stellen zur Verf\u00fcgung, wo man Gesichtsschutz kaufen kann<\/p>\n<\/div>\n<\/div>\n<div class=\"row\">\n<div class=\"col-md-3 col-3\"><img decoding=\"async\" src=\"https:\/\/n.energylandia.pl\/files\/MARKETING\/szkolimy-sie.png\" \/><\/div>\n<div class=\"col-md-9 col-9\">\n<p>Wir bilden uns weiter und erh\u00f6hen die Standards<\/p>\n<\/div>\n<\/div>\n<\/div>\n<\/div>\n<hr \/>\n<h1 style=\"text-align: center;\"><strong>Gin auf Dich acht!<\/strong><\/h1>\n<div class=\"row\">\n<div class=\"col-md-6 plm-covid\">\n<div class=\"row\">\n<div class=\"col-md-3 col-3\"><img decoding=\"async\" src=\"https:\/\/n.energylandia.pl\/files\/MARKETING\/pamietaj-o-czestym-myciu-rak.png\" \/><\/div>\n<div class=\"col-md-9 col-9\">\n<p>Vergiss nicht, Deine H\u00e4nde so oft, wie m\u00f6glich zu waschen<\/p>\n<\/div>\n<\/div>\n<div class=\"row\">\n<div class=\"col-md-3 col-3\"><img decoding=\"async\" src=\"https:\/\/n.energylandia.pl\/files\/MARKETING\/korzystaj--ze-stacji-dezynfekujacych.png\" \/><\/div>\n<div class=\"col-md-9 col-9\">\n<p>Nutze immer die Station f\u00fcr die Desinfizierung wenn Du ein Objekt betrittst<\/p>\n<\/div>\n<\/div>\n<div class=\"row\">\n<div class=\"col-md-3 col-3\"><\/div>\n<div class=\"col-md-9 col-9\">\n<p>&nbsp;<\/p>\n<\/div>\n<\/div>\n<div class=\"row\">\n<div class=\"col-md-3 col-3\"><img decoding=\"async\" src=\"https:\/\/n.energylandia.pl\/files\/MARKETING\/nos-maseczke.png\" \/><\/div>\n<div class=\"col-md-9 col-9\">\n<p>Trage einen Gesichtschutz (es ist verboten, auf den Fahrgesch\u00e4ften T\u00fccher und Schals als Gesichtschutz zu verwenden)<\/p>\n<\/div>\n<\/div>\n<\/div>\n<div class=\"col-md-6 plm-covid\">\n<div class=\"row\">\n<div class=\"col-md-3 col-3\"><img decoding=\"async\" src=\"https:\/\/n.energylandia.pl\/files\/MARKETING\/zachowaj-odstep.png\" \/><\/div>\n<div class=\"col-md-9 col-9\">\n<p>Halte Abstand<\/p>\n<\/div>\n<\/div>\n<div class=\"row\">\n<div class=\"col-md-3 col-3\"><img decoding=\"async\" src=\"https:\/\/n.energylandia.pl\/files\/MARKETING\/wybierz-platnosc-bezgotowkowa.png\" \/><\/div>\n<div class=\"col-md-9 col-9\">\n<p>Entscheide Dich f\u00fcr bargeldlose Bezahlung<\/p>\n<\/div>\n<\/div>\n<div class=\"row\">\n<div class=\"col-md-3 col-3\"><\/div>\n<\/div>\n<div class=\"row\">\n<div class=\"col-md-3 col-3\"><img decoding=\"async\" src=\"https:\/\/n.energylandia.pl\/files\/MARKETING\/aoo-protego-safe.png\" \/><\/div>\n<div class=\"col-md-9 col-9\">\n<p>Benutze die Protego Safe-App<\/p>\n<\/div>\n<\/div>\n<\/div>\n<\/div>\n<hr \/>\n<h1 style=\"text-align: center;\"><strong>Wir bedanken uns f\u00fcr Deinen Besuch!<\/strong><\/h1>\n","protected":false},"excerpt":{"rendered":"<p>ACHTUNG! ALLE TICKETS OHNE BUCHUNG MIT EINTRITTSGARANTIE! Ihr Lieben, bezugnehmend auf Eure zahlreichen Nachrichten und Bitten, haben wir \u2013 um Euch entgegenzukommen \u2013 beschlossen, auf die unbedingte Buchung von Tickets zu verzichten! Ab jetzt k\u00f6nnt Ihr den Park garantiert betreten, sowohl wenn Ihr Eure Tickets an der Kasse im Energylandia, als auch \u00fcber die Plattform&gt;&gt; [&hellip;]<\/p>\n","protected":false},"author":28,"featured_media":0,"parent":13154,"menu_order":180,"comment_status":"closed","ping_status":"closed","template":"covid.php","meta":{"footnotes":""},"class_list":["post-59204","page","type-page","status-publish","hentry"],"acf":[],"yoast_head":"<!-- This site is optimized with the Yoast SEO plugin v20.9 - https:\/\/yoast.com\/wordpress\/plugins\/seo\/ -->\n<title>COVID-19 FREE - ENERGYLANDIA - Rodzinny Park Rozrywki w Zatorze<\/title>\n<meta name=\"robots\" content=\"index, follow, max-snippet:-1, max-image-preview:large, max-video-preview:-1\" \/>\n<meta property=\"og:locale\" content=\"de_DE\" \/>\n<meta property=\"og:type\" content=\"article\" \/>\n<meta property=\"og:title\" content=\"COVID-19 FREE - ENERGYLANDIA - Rodzinny Park Rozrywki w Zatorze\" \/>\n<meta property=\"og:description\" content=\"ACHTUNG! ALLE TICKETS OHNE BUCHUNG MIT EINTRITTSGARANTIE! Ihr Lieben, bezugnehmend auf Eure zahlreichen Nachrichten und Bitten, haben wir \u2013 um Euch entgegenzukommen \u2013 beschlossen, auf die unbedingte Buchung von Tickets zu verzichten! Ab jetzt k\u00f6nnt Ihr den Park garantiert betreten, sowohl wenn Ihr Eure Tickets an der Kasse im Energylandia, als auch \u00fcber die Plattform&gt;&gt; [&hellip;]\" \/>\n<meta property=\"og:url\" content=\"https:\/\/energylandia.pl\/zaplanuj-pobyt\/covid-19-free\/\" \/>\n<meta property=\"og:site_name\" content=\"ENERGYLANDIA - Rodzinny Park Rozrywki w Zatorze\" \/>\n<meta property=\"article:publisher\" content=\"https:\/\/www.facebook.com\/EnergyLandia\" \/>\n<meta property=\"article:modified_time\" content=\"2021-10-31T16:01:29+00:00\" \/>\n<meta property=\"og:image\" content=\"https:\/\/n.energylandia.pl\/files\/MARKETING\/pamietaj-o-czestym-myciu-rak.png\" \/>\n<meta name=\"twitter:card\" content=\"summary_large_image\" \/>\n<meta name=\"twitter:label1\" content=\"Gesch\u00e4tzte Lesezeit\" \/>\n\t<meta name=\"twitter:data1\" content=\"5\u00a0Minuten\" \/>\n<script type=\"application\/ld+json\" class=\"yoast-schema-graph\">{\"@context\":\"https:\/\/schema.org\",\"@graph\":[{\"@type\":\"WebPage\",\"@id\":\"https:\/\/energylandia.pl\/zaplanuj-pobyt\/covid-19-free\/\",\"url\":\"https:\/\/energylandia.pl\/zaplanuj-pobyt\/covid-19-free\/\",\"name\":\"COVID-19 FREE - ENERGYLANDIA - Rodzinny Park Rozrywki w Zatorze\",\"isPartOf\":{\"@id\":\"https:\/\/energylandia.pl\/#website\"},\"datePublished\":\"2020-05-13T07:29:45+00:00\",\"dateModified\":\"2021-10-31T16:01:29+00:00\",\"breadcrumb\":{\"@id\":\"https:\/\/energylandia.pl\/zaplanuj-pobyt\/covid-19-free\/#breadcrumb\"},\"inLanguage\":\"de\",\"potentialAction\":[{\"@type\":\"ReadAction\",\"target\":[\"https:\/\/energylandia.pl\/zaplanuj-pobyt\/covid-19-free\/\"]}]},{\"@type\":\"BreadcrumbList\",\"@id\":\"https:\/\/energylandia.pl\/zaplanuj-pobyt\/covid-19-free\/#breadcrumb\",\"itemListElement\":[{\"@type\":\"ListItem\",\"position\":1,\"name\":\"Strona g\u0142\u00f3wna\",\"item\":\"https:\/\/energylandia.pl\/de\/\"},{\"@type\":\"ListItem\",\"position\":2,\"name\":\"Aufenthalt planen\",\"item\":\"https:\/\/energylandia.pl\/de\/aufenthalt-planen\/\"},{\"@type\":\"ListItem\",\"position\":3,\"name\":\"COVID-19 FREE\"}]},{\"@type\":\"WebSite\",\"@id\":\"https:\/\/energylandia.pl\/#website\",\"url\":\"https:\/\/energylandia.pl\/\",\"name\":\"ENERGYLANDIA - Rodzinny Park Rozrywki w Zatorze\",\"description\":\"ENERGYLANDIA - najwi\u0119kszy rodzinny Park Rozrywki w Polsce!\",\"publisher\":{\"@id\":\"https:\/\/energylandia.pl\/#organization\"},\"potentialAction\":[{\"@type\":\"SearchAction\",\"target\":{\"@type\":\"EntryPoint\",\"urlTemplate\":\"https:\/\/energylandia.pl\/?s={search_term_string}\"},\"query-input\":\"required name=search_term_string\"}],\"inLanguage\":\"de\"},{\"@type\":\"Organization\",\"@id\":\"https:\/\/energylandia.pl\/#organization\",\"name\":\"Energylandia\",\"url\":\"https:\/\/energylandia.pl\/\",\"logo\":{\"@type\":\"ImageObject\",\"inLanguage\":\"de\",\"@id\":\"https:\/\/energylandia.pl\/#\/schema\/logo\/image\/\",\"url\":\"\",\"contentUrl\":\"\",\"caption\":\"Energylandia\"},\"image\":{\"@id\":\"https:\/\/energylandia.pl\/#\/schema\/logo\/image\/\"},\"sameAs\":[\"https:\/\/www.facebook.com\/EnergyLandia\",\"https:\/\/www.youtube.com\/channel\/UCPj-Bs4Pfub_Bm04BOfyDoA\",\"https:\/\/vm.tiktok.com\/Tw7YAK\/\"]}]}<\/script>\n<!-- \/ Yoast SEO plugin. -->","yoast_head_json":{"title":"COVID-19 FREE - ENERGYLANDIA - Rodzinny Park Rozrywki w Zatorze","robots":{"index":"index","follow":"follow","max-snippet":"max-snippet:-1","max-image-preview":"max-image-preview:large","max-video-preview":"max-video-preview:-1"},"og_locale":"de_DE","og_type":"article","og_title":"COVID-19 FREE - ENERGYLANDIA - Rodzinny Park Rozrywki w Zatorze","og_description":"ACHTUNG! ALLE TICKETS OHNE BUCHUNG MIT EINTRITTSGARANTIE! Ihr Lieben, bezugnehmend auf Eure zahlreichen Nachrichten und Bitten, haben wir \u2013 um Euch entgegenzukommen \u2013 beschlossen, auf die unbedingte Buchung von Tickets zu verzichten! Ab jetzt k\u00f6nnt Ihr den Park garantiert betreten, sowohl wenn Ihr Eure Tickets an der Kasse im Energylandia, als auch \u00fcber die Plattform&gt;&gt; [&hellip;]","og_url":"https:\/\/energylandia.pl\/zaplanuj-pobyt\/covid-19-free\/","og_site_name":"ENERGYLANDIA - Rodzinny Park Rozrywki w Zatorze","article_publisher":"https:\/\/www.facebook.com\/EnergyLandia","article_modified_time":"2021-10-31T16:01:29+00:00","og_image":[{"url":"https:\/\/n.energylandia.pl\/files\/MARKETING\/pamietaj-o-czestym-myciu-rak.png"}],"twitter_card":"summary_large_image","twitter_misc":{"Gesch\u00e4tzte Lesezeit":"5\u00a0Minuten"},"schema":{"@context":"https:\/\/schema.org","@graph":[{"@type":"WebPage","@id":"https:\/\/energylandia.pl\/zaplanuj-pobyt\/covid-19-free\/","url":"https:\/\/energylandia.pl\/zaplanuj-pobyt\/covid-19-free\/","name":"COVID-19 FREE - ENERGYLANDIA - Rodzinny Park Rozrywki w Zatorze","isPartOf":{"@id":"https:\/\/energylandia.pl\/#website"},"datePublished":"2020-05-13T07:29:45+00:00","dateModified":"2021-10-31T16:01:29+00:00","breadcrumb":{"@id":"https:\/\/energylandia.pl\/zaplanuj-pobyt\/covid-19-free\/#breadcrumb"},"inLanguage":"de","potentialAction":[{"@type":"ReadAction","target":["https:\/\/energylandia.pl\/zaplanuj-pobyt\/covid-19-free\/"]}]},{"@type":"BreadcrumbList","@id":"https:\/\/energylandia.pl\/zaplanuj-pobyt\/covid-19-free\/#breadcrumb","itemListElement":[{"@type":"ListItem","position":1,"name":"Strona g\u0142\u00f3wna","item":"https:\/\/energylandia.pl\/de\/"},{"@type":"ListItem","position":2,"name":"Aufenthalt planen","item":"https:\/\/energylandia.pl\/de\/aufenthalt-planen\/"},{"@type":"ListItem","position":3,"name":"COVID-19 FREE"}]},{"@type":"WebSite","@id":"https:\/\/energylandia.pl\/#website","url":"https:\/\/energylandia.pl\/","name":"ENERGYLANDIA - Rodzinny Park Rozrywki w Zatorze","description":"ENERGYLANDIA - najwi\u0119kszy rodzinny Park Rozrywki w Polsce!","publisher":{"@id":"https:\/\/energylandia.pl\/#organization"},"potentialAction":[{"@type":"SearchAction","target":{"@type":"EntryPoint","urlTemplate":"https:\/\/energylandia.pl\/?s={search_term_string}"},"query-input":"required name=search_term_string"}],"inLanguage":"de"},{"@type":"Organization","@id":"https:\/\/energylandia.pl\/#organization","name":"Energylandia","url":"https:\/\/energylandia.pl\/","logo":{"@type":"ImageObject","inLanguage":"de","@id":"https:\/\/energylandia.pl\/#\/schema\/logo\/image\/","url":"","contentUrl":"","caption":"Energylandia"},"image":{"@id":"https:\/\/energylandia.pl\/#\/schema\/logo\/image\/"},"sameAs":["https:\/\/www.facebook.com\/EnergyLandia","https:\/\/www.youtube.com\/channel\/UCPj-Bs4Pfub_Bm04BOfyDoA","https:\/\/vm.tiktok.com\/Tw7YAK\/"]}]}},"_links":{"self":[{"href":"https:\/\/energylandia.pl\/de\/wp-json\/wp\/v2\/pages\/59204","targetHints":{"allow":["GET"]}}],"collection":[{"href":"https:\/\/energylandia.pl\/de\/wp-json\/wp\/v2\/pages"}],"about":[{"href":"https:\/\/energylandia.pl\/de\/wp-json\/wp\/v2\/types\/page"}],"author":[{"embeddable":true,"href":"https:\/\/energylandia.pl\/de\/wp-json\/wp\/v2\/users\/28"}],"replies":[{"embeddable":true,"href":"https:\/\/energylandia.pl\/de\/wp-json\/wp\/v2\/comments?post=59204"}],"version-history":[{"count":0,"href":"https:\/\/energylandia.pl\/de\/wp-json\/wp\/v2\/pages\/59204\/revisions"}],"up":[{"embeddable":true,"href":"https:\/\/energylandia.pl\/de\/wp-json\/wp\/v2\/pages\/13154"}],"wp:attachment":[{"href":"https:\/\/energylandia.pl\/de\/wp-json\/wp\/v2\/media?parent=59204"}],"curies":[{"name":"wp","href":"https:\/\/api.w.org\/{rel}","templated":true}]}}