{"id":54671,"date":"2020-03-04T12:21:56","date_gmt":"2020-03-04T11:21:56","guid":{"rendered":"https:\/\/energylandia.pl\/?page_id=54671"},"modified":"2026-04-01T08:00:22","modified_gmt":"2026-04-01T06:00:22","slug":"start-2020","status":"publish","type":"page","link":"https:\/\/energylandia.pl\/de\/","title":{"rendered":"Strona g\u0142\u00f3wna"},"content":{"rendered":"","protected":false},"excerpt":{"rendered":"","protected":false},"author":26,"featured_media":0,"parent":0,"menu_order":155,"comment_status":"closed","ping_status":"closed","template":"","meta":{"footnotes":""},"acf":[],"yoast_head":"<!-- This site is optimized with the Yoast SEO plugin v20.9 - https:\/\/yoast.com\/wordpress\/plugins\/seo\/ -->\n<title>Familienfreizeitpark, Rummelplatz in Zator - ENERGYLANDIA<\/title>\n<meta name=\"description\" content=\"Wir laden Sie in den gr\u00f6\u00dften Vergn\u00fcgungspark Energylandia in Polen in Zator ein. Energylandia ist mehr als ein Vergn\u00fcgungspark, es ist ein echtes Unterhaltungszentrum! Herzlich willkommen!\" \/>\n<meta name=\"robots\" content=\"index, follow, max-snippet:-1, max-image-preview:large, max-video-preview:-1\" \/>\n<meta property=\"og:locale\" content=\"de_DE\" \/>\n<meta property=\"og:type\" content=\"article\" \/>\n<meta property=\"og:title\" content=\"Familienfreizeitpark, Rummelplatz in Zator - ENERGYLANDIA\" \/>\n<meta property=\"og:description\" content=\"Wir laden Sie in den gr\u00f6\u00dften Vergn\u00fcgungspark Energylandia in Polen in Zator ein. Energylandia ist mehr als ein Vergn\u00fcgungspark, es ist ein echtes Unterhaltungszentrum! Herzlich willkommen!\" \/>\n<meta property=\"og:url\" content=\"https:\/\/energylandia.pl\/de\/\" \/>\n<meta property=\"og:site_name\" content=\"ENERGYLANDIA - Rodzinny Park Rozrywki w Zatorze\" \/>\n<meta property=\"article:publisher\" content=\"https:\/\/www.facebook.com\/EnergyLandia\" \/>\n<meta property=\"article:modified_time\" content=\"2026-04-01T06:00:22+00:00\" \/>\n<meta name=\"twitter:card\" content=\"summary_large_image\" \/>\n<script type=\"application\/ld+json\" class=\"yoast-schema-graph\">{\"@context\":\"https:\/\/schema.org\",\"@graph\":[{\"@type\":\"WebPage\",\"@id\":\"https:\/\/energylandia.pl\/de\/\",\"url\":\"https:\/\/energylandia.pl\/de\/\",\"name\":\"Familienfreizeitpark, Rummelplatz in Zator - ENERGYLANDIA\",\"isPartOf\":{\"@id\":\"https:\/\/energylandia.pl\/#website\"},\"datePublished\":\"2020-03-04T11:21:56+00:00\",\"dateModified\":\"2026-04-01T06:00:22+00:00\",\"description\":\"Wir laden Sie in den gr\u00f6\u00dften Vergn\u00fcgungspark Energylandia in Polen in Zator ein. Energylandia ist mehr als ein Vergn\u00fcgungspark, es ist ein echtes Unterhaltungszentrum! Herzlich willkommen!\",\"breadcrumb\":{\"@id\":\"https:\/\/energylandia.pl\/de\/#breadcrumb\"},\"inLanguage\":\"de\",\"potentialAction\":[{\"@type\":\"ReadAction\",\"target\":[\"https:\/\/energylandia.pl\/de\/\"]}]},{\"@type\":\"BreadcrumbList\",\"@id\":\"https:\/\/energylandia.pl\/de\/#breadcrumb\",\"itemListElement\":[{\"@type\":\"ListItem\",\"position\":1,\"name\":\"Strona g\u0142\u00f3wna\",\"item\":\"https:\/\/energylandia.pl\/de\/\"},{\"@type\":\"ListItem\",\"position\":2,\"name\":\"Strona g\u0142\u00f3wna\"}]},{\"@type\":\"WebSite\",\"@id\":\"https:\/\/energylandia.pl\/#website\",\"url\":\"https:\/\/energylandia.pl\/\",\"name\":\"ENERGYLANDIA - Rodzinny Park Rozrywki w Zatorze\",\"description\":\"ENERGYLANDIA - najwi\u0119kszy rodzinny Park Rozrywki w Polsce!\",\"publisher\":{\"@id\":\"https:\/\/energylandia.pl\/#organization\"},\"potentialAction\":[{\"@type\":\"SearchAction\",\"target\":{\"@type\":\"EntryPoint\",\"urlTemplate\":\"https:\/\/energylandia.pl\/?s={search_term_string}\"},\"query-input\":\"required name=search_term_string\"}],\"inLanguage\":\"de\"},{\"@type\":\"Organization\",\"@id\":\"https:\/\/energylandia.pl\/#organization\",\"name\":\"Energylandia\",\"url\":\"https:\/\/energylandia.pl\/\",\"logo\":{\"@type\":\"ImageObject\",\"inLanguage\":\"de\",\"@id\":\"https:\/\/energylandia.pl\/#\/schema\/logo\/image\/\",\"url\":\"\",\"contentUrl\":\"\",\"caption\":\"Energylandia\"},\"image\":{\"@id\":\"https:\/\/energylandia.pl\/#\/schema\/logo\/image\/\"},\"sameAs\":[\"https:\/\/www.facebook.com\/EnergyLandia\",\"https:\/\/www.youtube.com\/channel\/UCPj-Bs4Pfub_Bm04BOfyDoA\",\"https:\/\/vm.tiktok.com\/Tw7YAK\/\"]}]}<\/script>\n<!-- \/ Yoast SEO plugin. -->","yoast_head_json":{"title":"Familienfreizeitpark, Rummelplatz in Zator - ENERGYLANDIA","description":"Wir laden Sie in den gr\u00f6\u00dften Vergn\u00fcgungspark Energylandia in Polen in Zator ein. Energylandia ist mehr als ein Vergn\u00fcgungspark, es ist ein echtes Unterhaltungszentrum! Herzlich willkommen!","robots":{"index":"index","follow":"follow","max-snippet":"max-snippet:-1","max-image-preview":"max-image-preview:large","max-video-preview":"max-video-preview:-1"},"og_locale":"de_DE","og_type":"article","og_title":"Familienfreizeitpark, Rummelplatz in Zator - ENERGYLANDIA","og_description":"Wir laden Sie in den gr\u00f6\u00dften Vergn\u00fcgungspark Energylandia in Polen in Zator ein. Energylandia ist mehr als ein Vergn\u00fcgungspark, es ist ein echtes Unterhaltungszentrum! Herzlich willkommen!","og_url":"https:\/\/energylandia.pl\/de\/","og_site_name":"ENERGYLANDIA - Rodzinny Park Rozrywki w Zatorze","article_publisher":"https:\/\/www.facebook.com\/EnergyLandia","article_modified_time":"2026-04-01T06:00:22+00:00","twitter_card":"summary_large_image","schema":{"@context":"https:\/\/schema.org","@graph":[{"@type":"WebPage","@id":"https:\/\/energylandia.pl\/de\/","url":"https:\/\/energylandia.pl\/de\/","name":"Familienfreizeitpark, Rummelplatz in Zator - ENERGYLANDIA","isPartOf":{"@id":"https:\/\/energylandia.pl\/#website"},"datePublished":"2020-03-04T11:21:56+00:00","dateModified":"2026-04-01T06:00:22+00:00","description":"Wir laden Sie in den gr\u00f6\u00dften Vergn\u00fcgungspark Energylandia in Polen in Zator ein. Energylandia ist mehr als ein Vergn\u00fcgungspark, es ist ein echtes Unterhaltungszentrum! Herzlich willkommen!","breadcrumb":{"@id":"https:\/\/energylandia.pl\/de\/#breadcrumb"},"inLanguage":"de","potentialAction":[{"@type":"ReadAction","target":["https:\/\/energylandia.pl\/de\/"]}]},{"@type":"BreadcrumbList","@id":"https:\/\/energylandia.pl\/de\/#breadcrumb","itemListElement":[{"@type":"ListItem","position":1,"name":"Strona g\u0142\u00f3wna","item":"https:\/\/energylandia.pl\/de\/"},{"@type":"ListItem","position":2,"name":"Strona g\u0142\u00f3wna"}]},{"@type":"WebSite","@id":"https:\/\/energylandia.pl\/#website","url":"https:\/\/energylandia.pl\/","name":"ENERGYLANDIA - Rodzinny Park Rozrywki w Zatorze","description":"ENERGYLANDIA - najwi\u0119kszy rodzinny Park Rozrywki w Polsce!","publisher":{"@id":"https:\/\/energylandia.pl\/#organization"},"potentialAction":[{"@type":"SearchAction","target":{"@type":"EntryPoint","urlTemplate":"https:\/\/energylandia.pl\/?s={search_term_string}"},"query-input":"required name=search_term_string"}],"inLanguage":"de"},{"@type":"Organization","@id":"https:\/\/energylandia.pl\/#organization","name":"Energylandia","url":"https:\/\/energylandia.pl\/","logo":{"@type":"ImageObject","inLanguage":"de","@id":"https:\/\/energylandia.pl\/#\/schema\/logo\/image\/","url":"","contentUrl":"","caption":"Energylandia"},"image":{"@id":"https:\/\/energylandia.pl\/#\/schema\/logo\/image\/"},"sameAs":["https:\/\/www.facebook.com\/EnergyLandia","https:\/\/www.youtube.com\/channel\/UCPj-Bs4Pfub_Bm04BOfyDoA","https:\/\/vm.tiktok.com\/Tw7YAK\/"]}]}},"_links":{"self":[{"href":"https:\/\/energylandia.pl\/de\/wp-json\/wp\/v2\/pages\/54671"}],"collection":[{"href":"https:\/\/energylandia.pl\/de\/wp-json\/wp\/v2\/pages"}],"about":[{"href":"https:\/\/energylandia.pl\/de\/wp-json\/wp\/v2\/types\/page"}],"author":[{"embeddable":true,"href":"https:\/\/energylandia.pl\/de\/wp-json\/wp\/v2\/users\/26"}],"replies":[{"embeddable":true,"href":"https:\/\/energylandia.pl\/de\/wp-json\/wp\/v2\/comments?post=54671"}],"version-history":[{"count":2,"href":"https:\/\/energylandia.pl\/de\/wp-json\/wp\/v2\/pages\/54671\/revisions"}],"predecessor-version":[{"id":291744,"href":"https:\/\/energylandia.pl\/de\/wp-json\/wp\/v2\/pages\/54671\/revisions\/291744"}],"wp:attachment":[{"href":"https:\/\/energylandia.pl\/de\/wp-json\/wp\/v2\/media?parent=54671"}],"curies":[{"name":"wp","href":"https:\/\/api.w.org\/{rel}","templated":true}]}}