{"id":53539,"date":"2020-01-08T12:26:14","date_gmt":"2020-01-08T11:26:14","guid":{"rendered":"https:\/\/energylandia.pl\/?page_id=53539"},"modified":"2026-04-01T11:08:33","modified_gmt":"2026-04-01T09:08:33","slug":"geschenk-eintrittstickets","status":"publish","type":"page","link":"https:\/\/energylandia.pl\/de\/preise\/geschenk-eintrittstickets\/","title":{"rendered":"Geschenk-Eintrittstickets"},"content":{"rendered":"<p><strong>GESCHENKGUTSCHEINE<\/strong><\/p>\n<ul>\n<li style=\"list-style-type: none;\">\n<ul>\n<li>Der Geschenkgutschein (in Papierform) ist bis zum 31.10.2026 gem\u00e4\u00df dem \u00d6ffnungskalender des Parks g\u00fcltig.<\/li>\n<li>Der Gutschein berechtigt den Inhaber zur Nutzung aller Parkattraktionen ohne zus\u00e4tzliche Geb\u00fchren (ausgenommen sind Essen und Arkadespiele).<\/li>\n<li>Der Gutschein ist einmalig verwendbar.<\/li>\n<li>Eine Person kann maximal 10 Gutscheine in allen Bestellungen erwerben.<\/li>\n<li>Eine Versandgeb\u00fchr wird auf die Gutscheine erhoben.<\/li>\n<li>Geschenkgutscheine k\u00f6nnen nicht auf eine andere Saison \u00fcbertragen werden.<\/li>\n<li>Zwei- und Dreitagestickets sind NUR f\u00fcr aufeinanderfolgende Parkbesuche g\u00fcltig.<\/li>\n<li>Die Tickets sind nicht personalisiert.<\/li>\n<li>Standardtickets gelten f\u00fcr Personen \u00fcber 140 cm K\u00f6rpergr\u00f6\u00dfe.<\/li>\n<li>Das erm\u00e4\u00dfigte Ticket gilt f\u00fcr Kinder unter 140 cm K\u00f6rpergr\u00f6\u00dfe, Senioren ab 65 Jahren, schwangere Frauen, Menschen mit Behinderungen sowie f\u00fcr frisch verheiratete Paare (nur beim Kauf des Tickets an der Kasse).<\/li>\n<\/ul>\n<\/li>\n<\/ul>\n<hr \/>\n<p><strong>GESCHENKGUTSCHEINE SIND DAS PERFEKTE GESCHENK F\u00dcR LIEBE MENSCHEN, MITARBEITER, AUFTRAGNEHMER, F\u00dcR WETTBEWERBE UND VERLOSUNGEN<\/strong><\/p>\n<p>Ein Geschenkgutschein in exklusiver Verpackung ist ein einzigartiges Geschenk f\u00fcr Ihre Liebsten.<br \/>\nGeschenkgutscheine, g\u00fcltig bis zum 31.10.2026, sind jetzt k\u00e4uflich zu erwerben.<br \/>\nDas Ticket beinhaltet alle Attraktionen des Energylandia-Themenparks, einschlie\u00dflich der neuen Sweet Valley-Zone.<br \/>\nUnternehmen und Institutionen k\u00f6nnen die Gutscheine f\u00fcr Ausfl\u00fcge nutzen, bei denen die gesamte Gruppe den Park gleichzeitig genie\u00dft, oder als Geschenkgutscheine, die es den Mitarbeitern erm\u00f6glichen, den Park jederzeit ohne eine Gruppenreise zu besuchen.<\/p>\n","protected":false},"excerpt":{"rendered":"<p>GESCHENKGUTSCHEINE Der Geschenkgutschein (in Papierform) ist bis zum 31.10.2026 gem\u00e4\u00df dem \u00d6ffnungskalender des Parks g\u00fcltig. Der Gutschein berechtigt den Inhaber zur Nutzung aller Parkattraktionen ohne zus\u00e4tzliche Geb\u00fchren (ausgenommen sind Essen und Arkadespiele). Der Gutschein ist einmalig verwendbar. Eine Person kann maximal 10 Gutscheine in allen Bestellungen erwerben. Eine Versandgeb\u00fchr wird auf die Gutscheine erhoben. Geschenkgutscheine [&hellip;]<\/p>\n","protected":false},"author":26,"featured_media":0,"parent":13140,"menu_order":369,"comment_status":"closed","ping_status":"closed","template":"templates\/bilet-single.php","meta":{"footnotes":""},"acf":[],"yoast_head":"<!-- This site is optimized with the Yoast SEO plugin v20.9 - https:\/\/yoast.com\/wordpress\/plugins\/seo\/ -->\n<title>Geschenk-Eintrittstickets - ENERGYLANDIA - Rodzinny Park Rozrywki w Zatorze<\/title>\n<meta name=\"robots\" content=\"index, follow, max-snippet:-1, max-image-preview:large, max-video-preview:-1\" \/>\n<meta property=\"og:locale\" content=\"de_DE\" \/>\n<meta property=\"og:type\" content=\"article\" \/>\n<meta property=\"og:title\" content=\"Geschenk-Eintrittstickets - ENERGYLANDIA - Rodzinny Park Rozrywki w Zatorze\" \/>\n<meta property=\"og:description\" content=\"GESCHENKGUTSCHEINE Der Geschenkgutschein (in Papierform) ist bis zum 31.10.2026 gem\u00e4\u00df dem \u00d6ffnungskalender des Parks g\u00fcltig. Der Gutschein berechtigt den Inhaber zur Nutzung aller Parkattraktionen ohne zus\u00e4tzliche Geb\u00fchren (ausgenommen sind Essen und Arkadespiele). Der Gutschein ist einmalig verwendbar. Eine Person kann maximal 10 Gutscheine in allen Bestellungen erwerben. Eine Versandgeb\u00fchr wird auf die Gutscheine erhoben. Geschenkgutscheine [&hellip;]\" \/>\n<meta property=\"og:url\" content=\"https:\/\/energylandia.pl\/de\/preise\/geschenk-eintrittstickets\/\" \/>\n<meta property=\"og:site_name\" content=\"ENERGYLANDIA - Rodzinny Park Rozrywki w Zatorze\" \/>\n<meta property=\"article:publisher\" content=\"https:\/\/www.facebook.com\/EnergyLandia\" \/>\n<meta property=\"article:modified_time\" content=\"2026-04-01T09:08:33+00:00\" \/>\n<meta name=\"twitter:card\" content=\"summary_large_image\" \/>\n<meta name=\"twitter:label1\" content=\"Gesch\u00e4tzte Lesezeit\" \/>\n\t<meta name=\"twitter:data1\" content=\"2\u00a0Minuten\" \/>\n<script type=\"application\/ld+json\" class=\"yoast-schema-graph\">{\"@context\":\"https:\/\/schema.org\",\"@graph\":[{\"@type\":\"WebPage\",\"@id\":\"https:\/\/energylandia.pl\/de\/preise\/geschenk-eintrittstickets\/\",\"url\":\"https:\/\/energylandia.pl\/de\/preise\/geschenk-eintrittstickets\/\",\"name\":\"Geschenk-Eintrittstickets - ENERGYLANDIA - Rodzinny Park Rozrywki w Zatorze\",\"isPartOf\":{\"@id\":\"https:\/\/energylandia.pl\/#website\"},\"datePublished\":\"2020-01-08T11:26:14+00:00\",\"dateModified\":\"2026-04-01T09:08:33+00:00\",\"breadcrumb\":{\"@id\":\"https:\/\/energylandia.pl\/de\/preise\/geschenk-eintrittstickets\/#breadcrumb\"},\"inLanguage\":\"de\",\"potentialAction\":[{\"@type\":\"ReadAction\",\"target\":[\"https:\/\/energylandia.pl\/de\/preise\/geschenk-eintrittstickets\/\"]}]},{\"@type\":\"BreadcrumbList\",\"@id\":\"https:\/\/energylandia.pl\/de\/preise\/geschenk-eintrittstickets\/#breadcrumb\",\"itemListElement\":[{\"@type\":\"ListItem\",\"position\":1,\"name\":\"Strona g\u0142\u00f3wna\",\"item\":\"https:\/\/energylandia.pl\/de\/\"},{\"@type\":\"ListItem\",\"position\":2,\"name\":\"Preise\",\"item\":\"https:\/\/energylandia.pl\/de\/preise\/\"},{\"@type\":\"ListItem\",\"position\":3,\"name\":\"Geschenk-Eintrittstickets\"}]},{\"@type\":\"WebSite\",\"@id\":\"https:\/\/energylandia.pl\/#website\",\"url\":\"https:\/\/energylandia.pl\/\",\"name\":\"ENERGYLANDIA - Rodzinny Park Rozrywki w Zatorze\",\"description\":\"ENERGYLANDIA - najwi\u0119kszy rodzinny Park Rozrywki w Polsce!\",\"publisher\":{\"@id\":\"https:\/\/energylandia.pl\/#organization\"},\"potentialAction\":[{\"@type\":\"SearchAction\",\"target\":{\"@type\":\"EntryPoint\",\"urlTemplate\":\"https:\/\/energylandia.pl\/?s={search_term_string}\"},\"query-input\":\"required name=search_term_string\"}],\"inLanguage\":\"de\"},{\"@type\":\"Organization\",\"@id\":\"https:\/\/energylandia.pl\/#organization\",\"name\":\"Energylandia\",\"url\":\"https:\/\/energylandia.pl\/\",\"logo\":{\"@type\":\"ImageObject\",\"inLanguage\":\"de\",\"@id\":\"https:\/\/energylandia.pl\/#\/schema\/logo\/image\/\",\"url\":\"\",\"contentUrl\":\"\",\"caption\":\"Energylandia\"},\"image\":{\"@id\":\"https:\/\/energylandia.pl\/#\/schema\/logo\/image\/\"},\"sameAs\":[\"https:\/\/www.facebook.com\/EnergyLandia\",\"https:\/\/www.youtube.com\/channel\/UCPj-Bs4Pfub_Bm04BOfyDoA\",\"https:\/\/vm.tiktok.com\/Tw7YAK\/\"]}]}<\/script>\n<!-- \/ Yoast SEO plugin. -->","yoast_head_json":{"title":"Geschenk-Eintrittstickets - ENERGYLANDIA - Rodzinny Park Rozrywki w Zatorze","robots":{"index":"index","follow":"follow","max-snippet":"max-snippet:-1","max-image-preview":"max-image-preview:large","max-video-preview":"max-video-preview:-1"},"og_locale":"de_DE","og_type":"article","og_title":"Geschenk-Eintrittstickets - ENERGYLANDIA - Rodzinny Park Rozrywki w Zatorze","og_description":"GESCHENKGUTSCHEINE Der Geschenkgutschein (in Papierform) ist bis zum 31.10.2026 gem\u00e4\u00df dem \u00d6ffnungskalender des Parks g\u00fcltig. Der Gutschein berechtigt den Inhaber zur Nutzung aller Parkattraktionen ohne zus\u00e4tzliche Geb\u00fchren (ausgenommen sind Essen und Arkadespiele). Der Gutschein ist einmalig verwendbar. Eine Person kann maximal 10 Gutscheine in allen Bestellungen erwerben. Eine Versandgeb\u00fchr wird auf die Gutscheine erhoben. Geschenkgutscheine [&hellip;]","og_url":"https:\/\/energylandia.pl\/de\/preise\/geschenk-eintrittstickets\/","og_site_name":"ENERGYLANDIA - Rodzinny Park Rozrywki w Zatorze","article_publisher":"https:\/\/www.facebook.com\/EnergyLandia","article_modified_time":"2026-04-01T09:08:33+00:00","twitter_card":"summary_large_image","twitter_misc":{"Gesch\u00e4tzte Lesezeit":"2\u00a0Minuten"},"schema":{"@context":"https:\/\/schema.org","@graph":[{"@type":"WebPage","@id":"https:\/\/energylandia.pl\/de\/preise\/geschenk-eintrittstickets\/","url":"https:\/\/energylandia.pl\/de\/preise\/geschenk-eintrittstickets\/","name":"Geschenk-Eintrittstickets - ENERGYLANDIA - Rodzinny Park Rozrywki w Zatorze","isPartOf":{"@id":"https:\/\/energylandia.pl\/#website"},"datePublished":"2020-01-08T11:26:14+00:00","dateModified":"2026-04-01T09:08:33+00:00","breadcrumb":{"@id":"https:\/\/energylandia.pl\/de\/preise\/geschenk-eintrittstickets\/#breadcrumb"},"inLanguage":"de","potentialAction":[{"@type":"ReadAction","target":["https:\/\/energylandia.pl\/de\/preise\/geschenk-eintrittstickets\/"]}]},{"@type":"BreadcrumbList","@id":"https:\/\/energylandia.pl\/de\/preise\/geschenk-eintrittstickets\/#breadcrumb","itemListElement":[{"@type":"ListItem","position":1,"name":"Strona g\u0142\u00f3wna","item":"https:\/\/energylandia.pl\/de\/"},{"@type":"ListItem","position":2,"name":"Preise","item":"https:\/\/energylandia.pl\/de\/preise\/"},{"@type":"ListItem","position":3,"name":"Geschenk-Eintrittstickets"}]},{"@type":"WebSite","@id":"https:\/\/energylandia.pl\/#website","url":"https:\/\/energylandia.pl\/","name":"ENERGYLANDIA - Rodzinny Park Rozrywki w Zatorze","description":"ENERGYLANDIA - najwi\u0119kszy rodzinny Park Rozrywki w Polsce!","publisher":{"@id":"https:\/\/energylandia.pl\/#organization"},"potentialAction":[{"@type":"SearchAction","target":{"@type":"EntryPoint","urlTemplate":"https:\/\/energylandia.pl\/?s={search_term_string}"},"query-input":"required name=search_term_string"}],"inLanguage":"de"},{"@type":"Organization","@id":"https:\/\/energylandia.pl\/#organization","name":"Energylandia","url":"https:\/\/energylandia.pl\/","logo":{"@type":"ImageObject","inLanguage":"de","@id":"https:\/\/energylandia.pl\/#\/schema\/logo\/image\/","url":"","contentUrl":"","caption":"Energylandia"},"image":{"@id":"https:\/\/energylandia.pl\/#\/schema\/logo\/image\/"},"sameAs":["https:\/\/www.facebook.com\/EnergyLandia","https:\/\/www.youtube.com\/channel\/UCPj-Bs4Pfub_Bm04BOfyDoA","https:\/\/vm.tiktok.com\/Tw7YAK\/"]}]}},"_links":{"self":[{"href":"https:\/\/energylandia.pl\/de\/wp-json\/wp\/v2\/pages\/53539"}],"collection":[{"href":"https:\/\/energylandia.pl\/de\/wp-json\/wp\/v2\/pages"}],"about":[{"href":"https:\/\/energylandia.pl\/de\/wp-json\/wp\/v2\/types\/page"}],"author":[{"embeddable":true,"href":"https:\/\/energylandia.pl\/de\/wp-json\/wp\/v2\/users\/26"}],"replies":[{"embeddable":true,"href":"https:\/\/energylandia.pl\/de\/wp-json\/wp\/v2\/comments?post=53539"}],"version-history":[{"count":14,"href":"https:\/\/energylandia.pl\/de\/wp-json\/wp\/v2\/pages\/53539\/revisions"}],"predecessor-version":[{"id":315069,"href":"https:\/\/energylandia.pl\/de\/wp-json\/wp\/v2\/pages\/53539\/revisions\/315069"}],"up":[{"embeddable":true,"href":"https:\/\/energylandia.pl\/de\/wp-json\/wp\/v2\/pages\/13140"}],"wp:attachment":[{"href":"https:\/\/energylandia.pl\/de\/wp-json\/wp\/v2\/media?parent=53539"}],"curies":[{"name":"wp","href":"https:\/\/api.w.org\/{rel}","templated":true}]}}