{"id":36968,"date":"2019-04-24T15:22:10","date_gmt":"2019-04-24T13:22:10","guid":{"rendered":"https:\/\/energylandia.pl\/de\/ueber-uns\/discounted-tickets\/"},"modified":"2022-07-11T17:55:11","modified_gmt":"2022-07-11T15:55:11","slug":"discounted-tickets","status":"publish","type":"page","link":"https:\/\/energylandia.pl\/de\/discounted-tickets\/","title":{"rendered":"Informationen\tErm\u00e4\u00dfigtes Ticket &#8211; Menschen Mit Behinderungen"},"content":{"rendered":"<p><strong>Liebe Besucher,<\/strong><\/p>\n<p><strong>Aus Sorge um den Komfort unserer G\u00e4ste haben wir einen Leitfaden erstellt, der es Ihnen erleichtern wird, sich mit den Nutzungsbedingungen f\u00fcr unsere Attraktionen f\u00fcr Menschen mit Behinderungen vertraut zu machen<\/strong>.<\/p>\n<hr \/>\n<p><strong>TICKETS F\u00dcR MENSCHEN MIT BEHINDERUNGEN:<\/strong><\/p>\n<p>Erm\u00e4\u00dfigte Tickets f\u00fcr Menschen mit Behinderungen k\u00f6nnen gegen Vorlage eines g\u00fcltigen Behindertenausweises (oder eines Duplikats davon) oder eines Original-Behindertenausweises (nur im Umfang der erforderlichen Daten, die den Anspruch auf dieses erm\u00e4\u00dfigte Ticket belegen) erworben werden.<\/p>\n<p>Ein erm\u00e4\u00dfigtes Ticket gibt es auch f\u00fcr Personen nach einer Verletzung, d.h. mit einem Gipsverband, einer Schiene oder einer Prothese.<\/p>\n<p><strong>ATTRAKTIONEN<\/strong><\/p>\n<p>F\u00fcr Menschen mit eingeschr\u00e4nkter Mobilit\u00e4t h\u00e4ngt die Verf\u00fcgbarkeit von Attraktionen von der Art der Behinderung ab. Bitte besuchen Sie den Service Point f\u00fcr Menschen mit Behinderungen, wo unser Spezialist Ihnen die Ihnen gewidmeten Attraktionen zeigt, die Sie nutzen k\u00f6nnen. Der Service Point befindet sich am Haupteingang des Parks.<\/p>\n<p><strong>SICHERHEIT<\/strong><\/p>\n<p>Das Personal des Fahrgesch\u00e4fts hat das Recht, aus Sicherheitsgr\u00fcnden und in objektiv begr\u00fcndeten F\u00e4llen einer Person, einschlie\u00dflich Minderj\u00e4hrigen, Senioren, Behinderten oder Personen mit eingeschr\u00e4nkter Mobilit\u00e4t, die Nutzung einer Attraktion\/Einrichtung zu verweigern, um deren Sicherheit oder die Sicherheit von Personen in der Umgebung zu gew\u00e4hrleisten. (Punkt 14 der Energylandia-Vergn\u00fcgungspark-Ordnung). Deshalb ist es so wichtig, den Service Point f\u00fcr Menschen mit Behinderungen im Voraus aufzusuchen.<\/p>\n<p><strong>\u00a0<\/strong>Blinde Menschen k\u00f6nnen die Roller Coaster benutzen.<\/p>\n<p><strong>INFRASTRUKTUR<\/strong><\/p>\n<p><strong>Parkpl\u00e4tze<\/strong><\/p>\n<p>Das gesamte Gel\u00e4nde des Energylandia-Vergn\u00fcgungsparks ist f\u00fcr Rollstuhlfahrer geeignet. Wir verf\u00fcgen \u00fcber spezielle Parkpl\u00e4tze f\u00fcr Fahrzeuge von Behinderten. Das Parken ist gegen Vorlage eines Parkausweises kostenlos.<\/p>\n<p><strong>\u00a0<\/strong><strong>Toiletten<\/strong><br \/>\nDie Toiletten im <strong>Energylandia-Vergn\u00fcgungspark <\/strong>sind behindertengerecht und stehen in allen Restaurants und an allen auf der Karte angegebenen Orten zur Verf\u00fcgung.<br \/>\n<strong>Medizinische Einrichtungen <\/strong><\/p>\n<p>Im Energylandia-Vergn\u00fcgungspark gibt es zwei medizinische Einrichtungen: eine neben dem Wasserpark und die andere am Haupteingang zur Drachenburg.<\/p>\n","protected":false},"excerpt":{"rendered":"<p>Liebe Besucher, Aus Sorge um den Komfort unserer G\u00e4ste haben wir einen Leitfaden erstellt, der es Ihnen erleichtern wird, sich mit den Nutzungsbedingungen f\u00fcr unsere Attraktionen f\u00fcr Menschen mit Behinderungen vertraut zu machen. TICKETS F\u00dcR MENSCHEN MIT BEHINDERUNGEN: Erm\u00e4\u00dfigte Tickets f\u00fcr Menschen mit Behinderungen k\u00f6nnen gegen Vorlage eines g\u00fcltigen Behindertenausweises (oder eines Duplikats davon) oder [&hellip;]<\/p>\n","protected":false},"author":26,"featured_media":0,"parent":0,"menu_order":186,"comment_status":"closed","ping_status":"closed","template":"templates\/page8.php","meta":{"footnotes":""},"class_list":["post-36968","page","type-page","status-publish","hentry"],"acf":[],"yoast_head":"<!-- This site is optimized with the Yoast SEO plugin v20.9 - https:\/\/yoast.com\/wordpress\/plugins\/seo\/ -->\n<title>Informationen Erm\u00e4\u00dfigtes Ticket - Menschen Mit Behinderungen - ENERGYLANDIA - Rodzinny Park Rozrywki w Zatorze<\/title>\n<meta name=\"robots\" content=\"index, follow, max-snippet:-1, max-image-preview:large, max-video-preview:-1\" \/>\n<meta property=\"og:locale\" content=\"de_DE\" \/>\n<meta property=\"og:type\" content=\"article\" \/>\n<meta property=\"og:title\" content=\"Informationen Erm\u00e4\u00dfigtes Ticket - Menschen Mit Behinderungen - ENERGYLANDIA - Rodzinny Park Rozrywki w Zatorze\" \/>\n<meta property=\"og:description\" content=\"Liebe Besucher, Aus Sorge um den Komfort unserer G\u00e4ste haben wir einen Leitfaden erstellt, der es Ihnen erleichtern wird, sich mit den Nutzungsbedingungen f\u00fcr unsere Attraktionen f\u00fcr Menschen mit Behinderungen vertraut zu machen. TICKETS F\u00dcR MENSCHEN MIT BEHINDERUNGEN: Erm\u00e4\u00dfigte Tickets f\u00fcr Menschen mit Behinderungen k\u00f6nnen gegen Vorlage eines g\u00fcltigen Behindertenausweises (oder eines Duplikats davon) oder [&hellip;]\" \/>\n<meta property=\"og:url\" content=\"https:\/\/energylandia.pl\/de\/discounted-tickets\/\" \/>\n<meta property=\"og:site_name\" content=\"ENERGYLANDIA - Rodzinny Park Rozrywki w Zatorze\" \/>\n<meta property=\"article:publisher\" content=\"https:\/\/www.facebook.com\/EnergyLandia\" \/>\n<meta property=\"article:modified_time\" content=\"2022-07-11T15:55:11+00:00\" \/>\n<meta name=\"twitter:card\" content=\"summary_large_image\" \/>\n<meta name=\"twitter:label1\" content=\"Gesch\u00e4tzte Lesezeit\" \/>\n\t<meta name=\"twitter:data1\" content=\"2\u00a0Minuten\" \/>\n<script type=\"application\/ld+json\" class=\"yoast-schema-graph\">{\"@context\":\"https:\/\/schema.org\",\"@graph\":[{\"@type\":\"WebPage\",\"@id\":\"https:\/\/energylandia.pl\/de\/discounted-tickets\/\",\"url\":\"https:\/\/energylandia.pl\/de\/discounted-tickets\/\",\"name\":\"Informationen Erm\u00e4\u00dfigtes Ticket - Menschen Mit Behinderungen - ENERGYLANDIA - Rodzinny Park Rozrywki w Zatorze\",\"isPartOf\":{\"@id\":\"https:\/\/energylandia.pl\/#website\"},\"datePublished\":\"2019-04-24T13:22:10+00:00\",\"dateModified\":\"2022-07-11T15:55:11+00:00\",\"breadcrumb\":{\"@id\":\"https:\/\/energylandia.pl\/de\/discounted-tickets\/#breadcrumb\"},\"inLanguage\":\"de\",\"potentialAction\":[{\"@type\":\"ReadAction\",\"target\":[\"https:\/\/energylandia.pl\/de\/discounted-tickets\/\"]}]},{\"@type\":\"BreadcrumbList\",\"@id\":\"https:\/\/energylandia.pl\/de\/discounted-tickets\/#breadcrumb\",\"itemListElement\":[{\"@type\":\"ListItem\",\"position\":1,\"name\":\"Strona g\u0142\u00f3wna\",\"item\":\"https:\/\/energylandia.pl\/de\/\"},{\"@type\":\"ListItem\",\"position\":2,\"name\":\"Informationen Erm\u00e4\u00dfigtes Ticket &#8211; Menschen Mit Behinderungen\"}]},{\"@type\":\"WebSite\",\"@id\":\"https:\/\/energylandia.pl\/#website\",\"url\":\"https:\/\/energylandia.pl\/\",\"name\":\"ENERGYLANDIA - Rodzinny Park Rozrywki w Zatorze\",\"description\":\"ENERGYLANDIA - najwi\u0119kszy rodzinny Park Rozrywki w Polsce!\",\"publisher\":{\"@id\":\"https:\/\/energylandia.pl\/#organization\"},\"potentialAction\":[{\"@type\":\"SearchAction\",\"target\":{\"@type\":\"EntryPoint\",\"urlTemplate\":\"https:\/\/energylandia.pl\/?s={search_term_string}\"},\"query-input\":\"required name=search_term_string\"}],\"inLanguage\":\"de\"},{\"@type\":\"Organization\",\"@id\":\"https:\/\/energylandia.pl\/#organization\",\"name\":\"Energylandia\",\"url\":\"https:\/\/energylandia.pl\/\",\"logo\":{\"@type\":\"ImageObject\",\"inLanguage\":\"de\",\"@id\":\"https:\/\/energylandia.pl\/#\/schema\/logo\/image\/\",\"url\":\"\",\"contentUrl\":\"\",\"caption\":\"Energylandia\"},\"image\":{\"@id\":\"https:\/\/energylandia.pl\/#\/schema\/logo\/image\/\"},\"sameAs\":[\"https:\/\/www.facebook.com\/EnergyLandia\",\"https:\/\/www.youtube.com\/channel\/UCPj-Bs4Pfub_Bm04BOfyDoA\",\"https:\/\/vm.tiktok.com\/Tw7YAK\/\"]}]}<\/script>\n<!-- \/ Yoast SEO plugin. -->","yoast_head_json":{"title":"Informationen Erm\u00e4\u00dfigtes Ticket - Menschen Mit Behinderungen - ENERGYLANDIA - Rodzinny Park Rozrywki w Zatorze","robots":{"index":"index","follow":"follow","max-snippet":"max-snippet:-1","max-image-preview":"max-image-preview:large","max-video-preview":"max-video-preview:-1"},"og_locale":"de_DE","og_type":"article","og_title":"Informationen Erm\u00e4\u00dfigtes Ticket - Menschen Mit Behinderungen - ENERGYLANDIA - Rodzinny Park Rozrywki w Zatorze","og_description":"Liebe Besucher, Aus Sorge um den Komfort unserer G\u00e4ste haben wir einen Leitfaden erstellt, der es Ihnen erleichtern wird, sich mit den Nutzungsbedingungen f\u00fcr unsere Attraktionen f\u00fcr Menschen mit Behinderungen vertraut zu machen. TICKETS F\u00dcR MENSCHEN MIT BEHINDERUNGEN: Erm\u00e4\u00dfigte Tickets f\u00fcr Menschen mit Behinderungen k\u00f6nnen gegen Vorlage eines g\u00fcltigen Behindertenausweises (oder eines Duplikats davon) oder [&hellip;]","og_url":"https:\/\/energylandia.pl\/de\/discounted-tickets\/","og_site_name":"ENERGYLANDIA - Rodzinny Park Rozrywki w Zatorze","article_publisher":"https:\/\/www.facebook.com\/EnergyLandia","article_modified_time":"2022-07-11T15:55:11+00:00","twitter_card":"summary_large_image","twitter_misc":{"Gesch\u00e4tzte Lesezeit":"2\u00a0Minuten"},"schema":{"@context":"https:\/\/schema.org","@graph":[{"@type":"WebPage","@id":"https:\/\/energylandia.pl\/de\/discounted-tickets\/","url":"https:\/\/energylandia.pl\/de\/discounted-tickets\/","name":"Informationen Erm\u00e4\u00dfigtes Ticket - Menschen Mit Behinderungen - ENERGYLANDIA - Rodzinny Park Rozrywki w Zatorze","isPartOf":{"@id":"https:\/\/energylandia.pl\/#website"},"datePublished":"2019-04-24T13:22:10+00:00","dateModified":"2022-07-11T15:55:11+00:00","breadcrumb":{"@id":"https:\/\/energylandia.pl\/de\/discounted-tickets\/#breadcrumb"},"inLanguage":"de","potentialAction":[{"@type":"ReadAction","target":["https:\/\/energylandia.pl\/de\/discounted-tickets\/"]}]},{"@type":"BreadcrumbList","@id":"https:\/\/energylandia.pl\/de\/discounted-tickets\/#breadcrumb","itemListElement":[{"@type":"ListItem","position":1,"name":"Strona g\u0142\u00f3wna","item":"https:\/\/energylandia.pl\/de\/"},{"@type":"ListItem","position":2,"name":"Informationen Erm\u00e4\u00dfigtes Ticket &#8211; Menschen Mit Behinderungen"}]},{"@type":"WebSite","@id":"https:\/\/energylandia.pl\/#website","url":"https:\/\/energylandia.pl\/","name":"ENERGYLANDIA - Rodzinny Park Rozrywki w Zatorze","description":"ENERGYLANDIA - najwi\u0119kszy rodzinny Park Rozrywki w Polsce!","publisher":{"@id":"https:\/\/energylandia.pl\/#organization"},"potentialAction":[{"@type":"SearchAction","target":{"@type":"EntryPoint","urlTemplate":"https:\/\/energylandia.pl\/?s={search_term_string}"},"query-input":"required name=search_term_string"}],"inLanguage":"de"},{"@type":"Organization","@id":"https:\/\/energylandia.pl\/#organization","name":"Energylandia","url":"https:\/\/energylandia.pl\/","logo":{"@type":"ImageObject","inLanguage":"de","@id":"https:\/\/energylandia.pl\/#\/schema\/logo\/image\/","url":"","contentUrl":"","caption":"Energylandia"},"image":{"@id":"https:\/\/energylandia.pl\/#\/schema\/logo\/image\/"},"sameAs":["https:\/\/www.facebook.com\/EnergyLandia","https:\/\/www.youtube.com\/channel\/UCPj-Bs4Pfub_Bm04BOfyDoA","https:\/\/vm.tiktok.com\/Tw7YAK\/"]}]}},"_links":{"self":[{"href":"https:\/\/energylandia.pl\/de\/wp-json\/wp\/v2\/pages\/36968","targetHints":{"allow":["GET"]}}],"collection":[{"href":"https:\/\/energylandia.pl\/de\/wp-json\/wp\/v2\/pages"}],"about":[{"href":"https:\/\/energylandia.pl\/de\/wp-json\/wp\/v2\/types\/page"}],"author":[{"embeddable":true,"href":"https:\/\/energylandia.pl\/de\/wp-json\/wp\/v2\/users\/26"}],"replies":[{"embeddable":true,"href":"https:\/\/energylandia.pl\/de\/wp-json\/wp\/v2\/comments?post=36968"}],"version-history":[{"count":0,"href":"https:\/\/energylandia.pl\/de\/wp-json\/wp\/v2\/pages\/36968\/revisions"}],"wp:attachment":[{"href":"https:\/\/energylandia.pl\/de\/wp-json\/wp\/v2\/media?parent=36968"}],"curies":[{"name":"wp","href":"https:\/\/api.w.org\/{rel}","templated":true}]}}