{"id":28780,"date":"2018-03-05T14:09:32","date_gmt":"2018-03-05T13:09:32","guid":{"rendered":"https:\/\/energylandia.pl\/de\/preise\/szkoly\/"},"modified":"2026-02-23T15:44:37","modified_gmt":"2026-02-23T14:44:37","slug":"schulexkursionen","status":"publish","type":"page","link":"https:\/\/energylandia.pl\/de\/preise\/schulexkursionen\/","title":{"rendered":"Schulexkursionen"},"content":{"rendered":"<ul>\n<li>1 Betreuer f\u00fcr 10 Personen f\u00fcr eine Geb\u00fchr von 1 PLN<\/li>\n<li>Kaffee oder Tee f\u00fcr Gruppenbetreuer KOSTENLOS<\/li>\n<li>Busfahrer KOSTENLOS<\/li>\n<li>Gruppen beginnen ab 15 Teilnehmern<\/li>\n<li>Das Ticket beinhaltet alle Attraktionen des Energyland Vergn\u00fcgungsparks: Jahrmarktsattraktionen (z.B. Achterbahnen, Karussells, Jahrmarktsattraktionen f\u00fcr Kinder), Eintritt zu Shows und Bildungspr\u00e4sentationen, Kino, Wasserpark und Tropical Fun<\/li>\n<li>Wie in allen anderen Vergn\u00fcgungsparks der Welt sind folgende Attraktionen gegen Aufpreis verf\u00fcgbar: Gastronomiebetriebe, Spielautomaten, einige Servicestellen (Fotoautomaten, Gesichtsbemalung, Tattoos usw.) und in den Gesch\u00e4ften im Park verkaufte Waren.<\/li>\n<\/ul>\n<hr \/>\n","protected":false},"excerpt":{"rendered":"<p>1 Betreuer f\u00fcr 10 Personen f\u00fcr eine Geb\u00fchr von 1 PLN Kaffee oder Tee f\u00fcr Gruppenbetreuer KOSTENLOS Busfahrer KOSTENLOS Gruppen beginnen ab 15 Teilnehmern Das Ticket beinhaltet alle Attraktionen des Energyland Vergn\u00fcgungsparks: Jahrmarktsattraktionen (z.B. Achterbahnen, Karussells, Jahrmarktsattraktionen f\u00fcr Kinder), Eintritt zu Shows und Bildungspr\u00e4sentationen, Kino, Wasserpark und Tropical Fun Wie in allen anderen Vergn\u00fcgungsparks der [&hellip;]<\/p>\n","protected":false},"author":26,"featured_media":0,"parent":13140,"menu_order":405,"comment_status":"closed","ping_status":"closed","template":"templates\/bilet-single-szkoly.php","meta":{"footnotes":""},"acf":[],"yoast_head":"<!-- This site is optimized with the Yoast SEO plugin v20.9 - https:\/\/yoast.com\/wordpress\/plugins\/seo\/ -->\n<title>Schulexkursionen - ENERGYLANDIA - Rodzinny Park Rozrywki w Zatorze<\/title>\n<meta name=\"robots\" content=\"index, follow, max-snippet:-1, max-image-preview:large, max-video-preview:-1\" \/>\n<meta property=\"og:locale\" content=\"de_DE\" \/>\n<meta property=\"og:type\" content=\"article\" \/>\n<meta property=\"og:title\" content=\"Schulexkursionen - ENERGYLANDIA - Rodzinny Park Rozrywki w Zatorze\" \/>\n<meta property=\"og:description\" content=\"1 Betreuer f\u00fcr 10 Personen f\u00fcr eine Geb\u00fchr von 1 PLN Kaffee oder Tee f\u00fcr Gruppenbetreuer KOSTENLOS Busfahrer KOSTENLOS Gruppen beginnen ab 15 Teilnehmern Das Ticket beinhaltet alle Attraktionen des Energyland Vergn\u00fcgungsparks: Jahrmarktsattraktionen (z.B. Achterbahnen, Karussells, Jahrmarktsattraktionen f\u00fcr Kinder), Eintritt zu Shows und Bildungspr\u00e4sentationen, Kino, Wasserpark und Tropical Fun Wie in allen anderen Vergn\u00fcgungsparks der [&hellip;]\" \/>\n<meta property=\"og:url\" content=\"https:\/\/energylandia.pl\/de\/preise\/schulexkursionen\/\" \/>\n<meta property=\"og:site_name\" content=\"ENERGYLANDIA - Rodzinny Park Rozrywki w Zatorze\" \/>\n<meta property=\"article:publisher\" content=\"https:\/\/www.facebook.com\/EnergyLandia\" \/>\n<meta property=\"article:modified_time\" content=\"2026-02-23T14:44:37+00:00\" \/>\n<meta name=\"twitter:card\" content=\"summary_large_image\" \/>\n<meta name=\"twitter:label1\" content=\"Gesch\u00e4tzte Lesezeit\" \/>\n\t<meta name=\"twitter:data1\" content=\"1\u00a0Minute\" \/>\n<script type=\"application\/ld+json\" class=\"yoast-schema-graph\">{\"@context\":\"https:\/\/schema.org\",\"@graph\":[{\"@type\":\"WebPage\",\"@id\":\"https:\/\/energylandia.pl\/de\/preise\/schulexkursionen\/\",\"url\":\"https:\/\/energylandia.pl\/de\/preise\/schulexkursionen\/\",\"name\":\"Schulexkursionen - ENERGYLANDIA - Rodzinny Park Rozrywki w Zatorze\",\"isPartOf\":{\"@id\":\"https:\/\/energylandia.pl\/#website\"},\"datePublished\":\"2018-03-05T13:09:32+00:00\",\"dateModified\":\"2026-02-23T14:44:37+00:00\",\"breadcrumb\":{\"@id\":\"https:\/\/energylandia.pl\/de\/preise\/schulexkursionen\/#breadcrumb\"},\"inLanguage\":\"de\",\"potentialAction\":[{\"@type\":\"ReadAction\",\"target\":[\"https:\/\/energylandia.pl\/de\/preise\/schulexkursionen\/\"]}]},{\"@type\":\"BreadcrumbList\",\"@id\":\"https:\/\/energylandia.pl\/de\/preise\/schulexkursionen\/#breadcrumb\",\"itemListElement\":[{\"@type\":\"ListItem\",\"position\":1,\"name\":\"Strona g\u0142\u00f3wna\",\"item\":\"https:\/\/energylandia.pl\/de\/\"},{\"@type\":\"ListItem\",\"position\":2,\"name\":\"Preise\",\"item\":\"https:\/\/energylandia.pl\/de\/preise\/\"},{\"@type\":\"ListItem\",\"position\":3,\"name\":\"Schulexkursionen\"}]},{\"@type\":\"WebSite\",\"@id\":\"https:\/\/energylandia.pl\/#website\",\"url\":\"https:\/\/energylandia.pl\/\",\"name\":\"ENERGYLANDIA - Rodzinny Park Rozrywki w Zatorze\",\"description\":\"ENERGYLANDIA - najwi\u0119kszy rodzinny Park Rozrywki w Polsce!\",\"publisher\":{\"@id\":\"https:\/\/energylandia.pl\/#organization\"},\"potentialAction\":[{\"@type\":\"SearchAction\",\"target\":{\"@type\":\"EntryPoint\",\"urlTemplate\":\"https:\/\/energylandia.pl\/?s={search_term_string}\"},\"query-input\":\"required name=search_term_string\"}],\"inLanguage\":\"de\"},{\"@type\":\"Organization\",\"@id\":\"https:\/\/energylandia.pl\/#organization\",\"name\":\"Energylandia\",\"url\":\"https:\/\/energylandia.pl\/\",\"logo\":{\"@type\":\"ImageObject\",\"inLanguage\":\"de\",\"@id\":\"https:\/\/energylandia.pl\/#\/schema\/logo\/image\/\",\"url\":\"\",\"contentUrl\":\"\",\"caption\":\"Energylandia\"},\"image\":{\"@id\":\"https:\/\/energylandia.pl\/#\/schema\/logo\/image\/\"},\"sameAs\":[\"https:\/\/www.facebook.com\/EnergyLandia\",\"https:\/\/www.youtube.com\/channel\/UCPj-Bs4Pfub_Bm04BOfyDoA\",\"https:\/\/vm.tiktok.com\/Tw7YAK\/\"]}]}<\/script>\n<!-- \/ Yoast SEO plugin. -->","yoast_head_json":{"title":"Schulexkursionen - ENERGYLANDIA - Rodzinny Park Rozrywki w Zatorze","robots":{"index":"index","follow":"follow","max-snippet":"max-snippet:-1","max-image-preview":"max-image-preview:large","max-video-preview":"max-video-preview:-1"},"og_locale":"de_DE","og_type":"article","og_title":"Schulexkursionen - ENERGYLANDIA - Rodzinny Park Rozrywki w Zatorze","og_description":"1 Betreuer f\u00fcr 10 Personen f\u00fcr eine Geb\u00fchr von 1 PLN Kaffee oder Tee f\u00fcr Gruppenbetreuer KOSTENLOS Busfahrer KOSTENLOS Gruppen beginnen ab 15 Teilnehmern Das Ticket beinhaltet alle Attraktionen des Energyland Vergn\u00fcgungsparks: Jahrmarktsattraktionen (z.B. Achterbahnen, Karussells, Jahrmarktsattraktionen f\u00fcr Kinder), Eintritt zu Shows und Bildungspr\u00e4sentationen, Kino, Wasserpark und Tropical Fun Wie in allen anderen Vergn\u00fcgungsparks der [&hellip;]","og_url":"https:\/\/energylandia.pl\/de\/preise\/schulexkursionen\/","og_site_name":"ENERGYLANDIA - Rodzinny Park Rozrywki w Zatorze","article_publisher":"https:\/\/www.facebook.com\/EnergyLandia","article_modified_time":"2026-02-23T14:44:37+00:00","twitter_card":"summary_large_image","twitter_misc":{"Gesch\u00e4tzte Lesezeit":"1\u00a0Minute"},"schema":{"@context":"https:\/\/schema.org","@graph":[{"@type":"WebPage","@id":"https:\/\/energylandia.pl\/de\/preise\/schulexkursionen\/","url":"https:\/\/energylandia.pl\/de\/preise\/schulexkursionen\/","name":"Schulexkursionen - ENERGYLANDIA - Rodzinny Park Rozrywki w Zatorze","isPartOf":{"@id":"https:\/\/energylandia.pl\/#website"},"datePublished":"2018-03-05T13:09:32+00:00","dateModified":"2026-02-23T14:44:37+00:00","breadcrumb":{"@id":"https:\/\/energylandia.pl\/de\/preise\/schulexkursionen\/#breadcrumb"},"inLanguage":"de","potentialAction":[{"@type":"ReadAction","target":["https:\/\/energylandia.pl\/de\/preise\/schulexkursionen\/"]}]},{"@type":"BreadcrumbList","@id":"https:\/\/energylandia.pl\/de\/preise\/schulexkursionen\/#breadcrumb","itemListElement":[{"@type":"ListItem","position":1,"name":"Strona g\u0142\u00f3wna","item":"https:\/\/energylandia.pl\/de\/"},{"@type":"ListItem","position":2,"name":"Preise","item":"https:\/\/energylandia.pl\/de\/preise\/"},{"@type":"ListItem","position":3,"name":"Schulexkursionen"}]},{"@type":"WebSite","@id":"https:\/\/energylandia.pl\/#website","url":"https:\/\/energylandia.pl\/","name":"ENERGYLANDIA - Rodzinny Park Rozrywki w Zatorze","description":"ENERGYLANDIA - najwi\u0119kszy rodzinny Park Rozrywki w Polsce!","publisher":{"@id":"https:\/\/energylandia.pl\/#organization"},"potentialAction":[{"@type":"SearchAction","target":{"@type":"EntryPoint","urlTemplate":"https:\/\/energylandia.pl\/?s={search_term_string}"},"query-input":"required name=search_term_string"}],"inLanguage":"de"},{"@type":"Organization","@id":"https:\/\/energylandia.pl\/#organization","name":"Energylandia","url":"https:\/\/energylandia.pl\/","logo":{"@type":"ImageObject","inLanguage":"de","@id":"https:\/\/energylandia.pl\/#\/schema\/logo\/image\/","url":"","contentUrl":"","caption":"Energylandia"},"image":{"@id":"https:\/\/energylandia.pl\/#\/schema\/logo\/image\/"},"sameAs":["https:\/\/www.facebook.com\/EnergyLandia","https:\/\/www.youtube.com\/channel\/UCPj-Bs4Pfub_Bm04BOfyDoA","https:\/\/vm.tiktok.com\/Tw7YAK\/"]}]}},"_links":{"self":[{"href":"https:\/\/energylandia.pl\/de\/wp-json\/wp\/v2\/pages\/28780"}],"collection":[{"href":"https:\/\/energylandia.pl\/de\/wp-json\/wp\/v2\/pages"}],"about":[{"href":"https:\/\/energylandia.pl\/de\/wp-json\/wp\/v2\/types\/page"}],"author":[{"embeddable":true,"href":"https:\/\/energylandia.pl\/de\/wp-json\/wp\/v2\/users\/26"}],"replies":[{"embeddable":true,"href":"https:\/\/energylandia.pl\/de\/wp-json\/wp\/v2\/comments?post=28780"}],"version-history":[{"count":3,"href":"https:\/\/energylandia.pl\/de\/wp-json\/wp\/v2\/pages\/28780\/revisions"}],"predecessor-version":[{"id":300615,"href":"https:\/\/energylandia.pl\/de\/wp-json\/wp\/v2\/pages\/28780\/revisions\/300615"}],"up":[{"embeddable":true,"href":"https:\/\/energylandia.pl\/de\/wp-json\/wp\/v2\/pages\/13140"}],"wp:attachment":[{"href":"https:\/\/energylandia.pl\/de\/wp-json\/wp\/v2\/media?parent=28780"}],"curies":[{"name":"wp","href":"https:\/\/api.w.org\/{rel}","templated":true}]}}