{"id":28763,"date":"2018-02-20T18:47:20","date_gmt":"2018-02-20T17:47:20","guid":{"rendered":"https:\/\/energylandia.pl\/de\/preise\/bilety-indywidualne\/"},"modified":"2026-04-01T14:39:53","modified_gmt":"2026-04-01T12:39:53","slug":"einzelpreise","status":"publish","type":"page","link":"https:\/\/energylandia.pl\/de\/preise\/einzelpreise\/","title":{"rendered":"Einzelpreise"},"content":{"rendered":"<p style=\"text-align: center;\"><strong>Alle Attraktionen sind im Ticketpreis ohne Einschr\u00e4nkungen enthalten: Achterbahnen, Karussells, Kinos, Shows, Vorf\u00fchrungen, Sweet Valley Zone, Smoczy Gr\u00f3d, Bajkolandia Zone, Familienzone, Extremzone, Aqualantis und Water Park! Ein Ganztagesticket ohne zeitliche und mengenm\u00e4\u00dfige Begrenzung. *Das Ticket beinhaltet keine Gastronomie, m\u00fcnzbetriebene Spielautomaten, Gesch\u00e4fte oder Souvenirs.<\/strong><\/p>\n<hr class=\"border-color-blue\" \/>\n<ol>\n<li>Ein Ticket f\u00fcr ein Kind unter 3 Jahren kann gegen Vorlage eines Dokuments erworben werden, das das Alter des Kindes best\u00e4tigt. Als Altersnachweis gelten ein Ausweisdokument oder eine Geburtsurkunde. Kopien oder Fotos von Dokumenten werden nicht akzeptiert.<\/li>\n<li>Alle Personen unter 18 Jahren zahlen am Tag ihres Geburtstags eine symbolische Geb\u00fchr von 1 PLN f\u00fcr den Parkeintritt. Dies ist eine Geste gegen\u00fcber unseren j\u00fcngsten G\u00e4sten. Es ist erforderlich, ein Dokument vorzulegen, das die Identit\u00e4t sowie die Tatsache best\u00e4tigt, dass an diesem Tag Geburtstag ist. Als Altersnachweis gelten ein Ausweis oder eine Geburtsurkunde; f\u00fcr Kinder \u00fcber 7 Jahre ein Sch\u00fclerausweis. Kopien oder Fotos von Dokumenten werden nicht akzeptiert. Das Geburtstagsticket kann ausschlie\u00dflich an den Parkkassen erworben werden.<\/li>\n<li>Das Jahresticket ist ab dem Kaufdatum ein Jahr lang g\u00fcltig. Der Ticketinhaber wird vor Ort im Park fotografiert und erh\u00e4lt sein Ticket. Ein erm\u00e4\u00dfigtes Jahresticket steht Personen zu, deren K\u00f6rpergr\u00f6\u00dfe am Tag des Umtauschs des Gutscheins in das Jahresticket 140 cm nicht \u00fcberschreitet. Die K\u00f6rpergr\u00f6\u00dfe wird mit Schuhen gemessen. Bei Verlust oder Besch\u00e4digung der Jahreskarte kann gegen eine Geb\u00fchr von 50 PLN ein Duplikat erworben werden.<\/li>\n<li>Gegen Vorlage eines Dokuments, das das Alter best\u00e4tigt.<\/li>\n<li>Gilt f\u00fcr Kinder unter 140 cm K\u00f6rpergr\u00f6\u00dfe, Senioren ab 65 Jahren, schwangere Frauen, Personen mit Behinderungen sowie Frischverm\u00e4hlte (nur beim Kauf an der Ticketkasse). Ein Ticket f\u00fcr Personen mit Behinderung kann gegen Vorlage des Originals eines entsprechenden Nachweises erworben werden. Im Zweifelsfall kann ein zus\u00e4tzliches Lichtbilddokument zur Best\u00e4tigung der Identit\u00e4t verlangt werden. Eine Erm\u00e4\u00dfigung f\u00fcr eine Begleitperson wird nur im Falle eines Gruppenbesuchs von Personen mit Behinderungen gew\u00e4hrt, nach vorheriger Reservierung f\u00fcr Gruppen von mehr als 15 Personen. <strong><span class=\"notion-enable-hover\" data-token-index=\"1\">Bei Personen mit eingeschr\u00e4nkter Mobilit\u00e4t h\u00e4ngt die Verf\u00fcgbarkeit der Attraktionen von der Art der Behinderung ab.<\/span><\/strong> Wir laden Sie zum Servicepunkt f\u00fcr Personen mit Behinderungen ein, wo unser Spezialist Ihnen geeignete Attraktionen zeigt, die Sie nutzen k\u00f6nnen. Der Servicepunkt befindet sich am Haupteingang des Parks.<\/li>\n<li>Zwei- und Dreitagestickets m\u00fcssen an aufeinanderfolgenden Tagen ab dem ersten Eintritt in den Park genutzt werden. Ein Ticket gilt f\u00fcr eine Person.<\/li>\n<li>Das Zeichen \u201e-\u201c in der Preisliste bedeutet, dass das angegebene Ticket in der jeweiligen Saison nicht verf\u00fcgbar ist.<\/li>\n<li>Um den ENERGY PASS Zugang zu nutzen, muss ein ausgedruckter ENERGY PASS mitgef\u00fchrt werden, der unter <a role=\"link\" href=\"https:\/\/ticket.energylandia.pl\/en\/products\/electronic\/fast-pass\/2-594\">ticket.energylandia.pl\/en\/products\/electronic\/fast-pass<\/a> erworben werden kann. ENERGY PASS ist auch in allen Gesch\u00e4ften im Park erh\u00e4ltlich. ENERGY PASS ist keine Eintrittskarte f\u00fcr den Park.<\/li>\n<li>ENERGY PASS NORMAL erm\u00f6glicht die einmalige Nutzung jeder der folgenden Attraktionen \u00fcber den ENERGY PASS Eingang: Pepsi Hyperion, Zadra Made In Ma\u0142opolska, Mayan, Abyssus, Choco Chip Creek, Toffifee Kopalnia Z\u0142ota, Space Booster, \u015amiej\u017celki Energu\u015b, Anaconda, Aztec Swing, Formu\u0142a, Speed Water Coaster, RMF Dragon, Tsunami Drop.<\/li>\n<li>ENERGY PASS ERM\u00c4SSIGT erm\u00f6glicht die einmalige Nutzung jeder der folgenden Attraktionen \u00fcber den ENERGY PASS Eingang: Abyssus, Choco Chip Creek, Toffifee Kopalnia Z\u0142ota, \u015amiej\u017celki Energu\u015b, Anaconda, Formu\u0142a, RMF Dragon, Tsunami Drop. ENERGY PASS ERM\u00c4SSIGT gilt f\u00fcr Kinder bis 140 cm K\u00f6rpergr\u00f6\u00dfe.<\/li>\n<\/ol>\n<hr class=\"border-color-blue\" \/>\n<h3>Zus\u00e4tzliche Erm\u00e4\u00dfigungen<\/h3>\n<ul>\n<li>Wir akzeptieren die landesweite Gro\u00dffamilienkarte, die zu einem Rabatt von 5 % auf Parktickets berechtigt.<\/li>\n<li>Aktionen sind nicht kombinierbar. Aktionen gelten nicht f\u00fcr erm\u00e4\u00dfigte, Aktions- oder Jahrestickets.<\/li>\n<\/ul>\n<p><a href=\"https:\/\/ticket.energylandia.pl\/en\/products\/electronic\/fast-pass\/2-594\"><img decoding=\"async\" class=\"alignnone size-full wp-image-315028\" src=\"https:\/\/energylandia.pl\/wp-content\/uploads\/2026\/03\/slider-ticket-en.webp\" alt=\"\" width=\"1920\" height=\"519\" \/><\/a><\/p>\n","protected":false},"excerpt":{"rendered":"<p>Alle Attraktionen sind im Ticketpreis ohne Einschr\u00e4nkungen enthalten: Achterbahnen, Karussells, Kinos, Shows, Vorf\u00fchrungen, Sweet Valley Zone, Smoczy Gr\u00f3d, Bajkolandia Zone, Familienzone, Extremzone, Aqualantis und Water Park! Ein Ganztagesticket ohne zeitliche und mengenm\u00e4\u00dfige Begrenzung. *Das Ticket beinhaltet keine Gastronomie, m\u00fcnzbetriebene Spielautomaten, Gesch\u00e4fte oder Souvenirs. Ein Ticket f\u00fcr ein Kind unter 3 Jahren kann gegen Vorlage eines [&hellip;]<\/p>\n","protected":false},"author":26,"featured_media":0,"parent":13140,"menu_order":412,"comment_status":"closed","ping_status":"closed","template":"templates\/bilet-single.php","meta":{"footnotes":""},"class_list":["post-28763","page","type-page","status-publish","hentry"],"acf":[],"yoast_head":"<!-- This site is optimized with the Yoast SEO plugin v20.9 - https:\/\/yoast.com\/wordpress\/plugins\/seo\/ -->\n<title>Einzelpreise - ENERGYLANDIA - Rodzinny Park Rozrywki w Zatorze<\/title>\n<meta name=\"robots\" content=\"index, follow, max-snippet:-1, max-image-preview:large, max-video-preview:-1\" \/>\n<meta property=\"og:locale\" content=\"de_DE\" \/>\n<meta property=\"og:type\" content=\"article\" \/>\n<meta property=\"og:title\" content=\"Einzelpreise - ENERGYLANDIA - Rodzinny Park Rozrywki w Zatorze\" \/>\n<meta property=\"og:description\" content=\"Alle Attraktionen sind im Ticketpreis ohne Einschr\u00e4nkungen enthalten: Achterbahnen, Karussells, Kinos, Shows, Vorf\u00fchrungen, Sweet Valley Zone, Smoczy Gr\u00f3d, Bajkolandia Zone, Familienzone, Extremzone, Aqualantis und Water Park! Ein Ganztagesticket ohne zeitliche und mengenm\u00e4\u00dfige Begrenzung. *Das Ticket beinhaltet keine Gastronomie, m\u00fcnzbetriebene Spielautomaten, Gesch\u00e4fte oder Souvenirs. Ein Ticket f\u00fcr ein Kind unter 3 Jahren kann gegen Vorlage eines [&hellip;]\" \/>\n<meta property=\"og:url\" content=\"https:\/\/energylandia.pl\/de\/preise\/einzelpreise\/\" \/>\n<meta property=\"og:site_name\" content=\"ENERGYLANDIA - Rodzinny Park Rozrywki w Zatorze\" \/>\n<meta property=\"article:publisher\" content=\"https:\/\/www.facebook.com\/EnergyLandia\" \/>\n<meta property=\"article:modified_time\" content=\"2026-04-01T12:39:53+00:00\" \/>\n<meta property=\"og:image\" content=\"https:\/\/energylandia.pl\/wp-content\/uploads\/2026\/03\/slider-ticket-en.webp\" \/>\n<meta name=\"twitter:card\" content=\"summary_large_image\" \/>\n<meta name=\"twitter:label1\" content=\"Gesch\u00e4tzte Lesezeit\" \/>\n\t<meta name=\"twitter:data1\" content=\"4\u00a0Minuten\" \/>\n<script type=\"application\/ld+json\" class=\"yoast-schema-graph\">{\"@context\":\"https:\/\/schema.org\",\"@graph\":[{\"@type\":\"WebPage\",\"@id\":\"https:\/\/energylandia.pl\/de\/preise\/einzelpreise\/\",\"url\":\"https:\/\/energylandia.pl\/de\/preise\/einzelpreise\/\",\"name\":\"Einzelpreise - ENERGYLANDIA - Rodzinny Park Rozrywki w Zatorze\",\"isPartOf\":{\"@id\":\"https:\/\/energylandia.pl\/#website\"},\"datePublished\":\"2018-02-20T17:47:20+00:00\",\"dateModified\":\"2026-04-01T12:39:53+00:00\",\"breadcrumb\":{\"@id\":\"https:\/\/energylandia.pl\/de\/preise\/einzelpreise\/#breadcrumb\"},\"inLanguage\":\"de\",\"potentialAction\":[{\"@type\":\"ReadAction\",\"target\":[\"https:\/\/energylandia.pl\/de\/preise\/einzelpreise\/\"]}]},{\"@type\":\"BreadcrumbList\",\"@id\":\"https:\/\/energylandia.pl\/de\/preise\/einzelpreise\/#breadcrumb\",\"itemListElement\":[{\"@type\":\"ListItem\",\"position\":1,\"name\":\"Strona g\u0142\u00f3wna\",\"item\":\"https:\/\/energylandia.pl\/de\/\"},{\"@type\":\"ListItem\",\"position\":2,\"name\":\"Preise\",\"item\":\"https:\/\/energylandia.pl\/de\/preise\/\"},{\"@type\":\"ListItem\",\"position\":3,\"name\":\"Einzelpreise\"}]},{\"@type\":\"WebSite\",\"@id\":\"https:\/\/energylandia.pl\/#website\",\"url\":\"https:\/\/energylandia.pl\/\",\"name\":\"ENERGYLANDIA - Rodzinny Park Rozrywki w Zatorze\",\"description\":\"ENERGYLANDIA - najwi\u0119kszy rodzinny Park Rozrywki w Polsce!\",\"publisher\":{\"@id\":\"https:\/\/energylandia.pl\/#organization\"},\"potentialAction\":[{\"@type\":\"SearchAction\",\"target\":{\"@type\":\"EntryPoint\",\"urlTemplate\":\"https:\/\/energylandia.pl\/?s={search_term_string}\"},\"query-input\":\"required name=search_term_string\"}],\"inLanguage\":\"de\"},{\"@type\":\"Organization\",\"@id\":\"https:\/\/energylandia.pl\/#organization\",\"name\":\"Energylandia\",\"url\":\"https:\/\/energylandia.pl\/\",\"logo\":{\"@type\":\"ImageObject\",\"inLanguage\":\"de\",\"@id\":\"https:\/\/energylandia.pl\/#\/schema\/logo\/image\/\",\"url\":\"\",\"contentUrl\":\"\",\"caption\":\"Energylandia\"},\"image\":{\"@id\":\"https:\/\/energylandia.pl\/#\/schema\/logo\/image\/\"},\"sameAs\":[\"https:\/\/www.facebook.com\/EnergyLandia\",\"https:\/\/www.youtube.com\/channel\/UCPj-Bs4Pfub_Bm04BOfyDoA\",\"https:\/\/vm.tiktok.com\/Tw7YAK\/\"]}]}<\/script>\n<!-- \/ Yoast SEO plugin. -->","yoast_head_json":{"title":"Einzelpreise - ENERGYLANDIA - Rodzinny Park Rozrywki w Zatorze","robots":{"index":"index","follow":"follow","max-snippet":"max-snippet:-1","max-image-preview":"max-image-preview:large","max-video-preview":"max-video-preview:-1"},"og_locale":"de_DE","og_type":"article","og_title":"Einzelpreise - ENERGYLANDIA - Rodzinny Park Rozrywki w Zatorze","og_description":"Alle Attraktionen sind im Ticketpreis ohne Einschr\u00e4nkungen enthalten: Achterbahnen, Karussells, Kinos, Shows, Vorf\u00fchrungen, Sweet Valley Zone, Smoczy Gr\u00f3d, Bajkolandia Zone, Familienzone, Extremzone, Aqualantis und Water Park! Ein Ganztagesticket ohne zeitliche und mengenm\u00e4\u00dfige Begrenzung. *Das Ticket beinhaltet keine Gastronomie, m\u00fcnzbetriebene Spielautomaten, Gesch\u00e4fte oder Souvenirs. Ein Ticket f\u00fcr ein Kind unter 3 Jahren kann gegen Vorlage eines [&hellip;]","og_url":"https:\/\/energylandia.pl\/de\/preise\/einzelpreise\/","og_site_name":"ENERGYLANDIA - Rodzinny Park Rozrywki w Zatorze","article_publisher":"https:\/\/www.facebook.com\/EnergyLandia","article_modified_time":"2026-04-01T12:39:53+00:00","og_image":[{"url":"https:\/\/energylandia.pl\/wp-content\/uploads\/2026\/03\/slider-ticket-en.webp"}],"twitter_card":"summary_large_image","twitter_misc":{"Gesch\u00e4tzte Lesezeit":"4\u00a0Minuten"},"schema":{"@context":"https:\/\/schema.org","@graph":[{"@type":"WebPage","@id":"https:\/\/energylandia.pl\/de\/preise\/einzelpreise\/","url":"https:\/\/energylandia.pl\/de\/preise\/einzelpreise\/","name":"Einzelpreise - ENERGYLANDIA - Rodzinny Park Rozrywki w Zatorze","isPartOf":{"@id":"https:\/\/energylandia.pl\/#website"},"datePublished":"2018-02-20T17:47:20+00:00","dateModified":"2026-04-01T12:39:53+00:00","breadcrumb":{"@id":"https:\/\/energylandia.pl\/de\/preise\/einzelpreise\/#breadcrumb"},"inLanguage":"de","potentialAction":[{"@type":"ReadAction","target":["https:\/\/energylandia.pl\/de\/preise\/einzelpreise\/"]}]},{"@type":"BreadcrumbList","@id":"https:\/\/energylandia.pl\/de\/preise\/einzelpreise\/#breadcrumb","itemListElement":[{"@type":"ListItem","position":1,"name":"Strona g\u0142\u00f3wna","item":"https:\/\/energylandia.pl\/de\/"},{"@type":"ListItem","position":2,"name":"Preise","item":"https:\/\/energylandia.pl\/de\/preise\/"},{"@type":"ListItem","position":3,"name":"Einzelpreise"}]},{"@type":"WebSite","@id":"https:\/\/energylandia.pl\/#website","url":"https:\/\/energylandia.pl\/","name":"ENERGYLANDIA - Rodzinny Park Rozrywki w Zatorze","description":"ENERGYLANDIA - najwi\u0119kszy rodzinny Park Rozrywki w Polsce!","publisher":{"@id":"https:\/\/energylandia.pl\/#organization"},"potentialAction":[{"@type":"SearchAction","target":{"@type":"EntryPoint","urlTemplate":"https:\/\/energylandia.pl\/?s={search_term_string}"},"query-input":"required name=search_term_string"}],"inLanguage":"de"},{"@type":"Organization","@id":"https:\/\/energylandia.pl\/#organization","name":"Energylandia","url":"https:\/\/energylandia.pl\/","logo":{"@type":"ImageObject","inLanguage":"de","@id":"https:\/\/energylandia.pl\/#\/schema\/logo\/image\/","url":"","contentUrl":"","caption":"Energylandia"},"image":{"@id":"https:\/\/energylandia.pl\/#\/schema\/logo\/image\/"},"sameAs":["https:\/\/www.facebook.com\/EnergyLandia","https:\/\/www.youtube.com\/channel\/UCPj-Bs4Pfub_Bm04BOfyDoA","https:\/\/vm.tiktok.com\/Tw7YAK\/"]}]}},"_links":{"self":[{"href":"https:\/\/energylandia.pl\/de\/wp-json\/wp\/v2\/pages\/28763","targetHints":{"allow":["GET"]}}],"collection":[{"href":"https:\/\/energylandia.pl\/de\/wp-json\/wp\/v2\/pages"}],"about":[{"href":"https:\/\/energylandia.pl\/de\/wp-json\/wp\/v2\/types\/page"}],"author":[{"embeddable":true,"href":"https:\/\/energylandia.pl\/de\/wp-json\/wp\/v2\/users\/26"}],"replies":[{"embeddable":true,"href":"https:\/\/energylandia.pl\/de\/wp-json\/wp\/v2\/comments?post=28763"}],"version-history":[{"count":20,"href":"https:\/\/energylandia.pl\/de\/wp-json\/wp\/v2\/pages\/28763\/revisions"}],"predecessor-version":[{"id":315033,"href":"https:\/\/energylandia.pl\/de\/wp-json\/wp\/v2\/pages\/28763\/revisions\/315033"}],"up":[{"embeddable":true,"href":"https:\/\/energylandia.pl\/de\/wp-json\/wp\/v2\/pages\/13140"}],"wp:attachment":[{"href":"https:\/\/energylandia.pl\/de\/wp-json\/wp\/v2\/media?parent=28763"}],"curies":[{"name":"wp","href":"https:\/\/api.w.org\/{rel}","templated":true}]}}