{"id":21643,"date":"2017-02-28T14:11:43","date_gmt":"2017-02-28T13:11:43","guid":{"rendered":"https:\/\/energylandia.pl\/de\/ueber-uns\/praca\/"},"modified":"2026-03-13T09:18:44","modified_gmt":"2026-03-13T08:18:44","slug":"karriere-2","status":"publish","type":"page","link":"https:\/\/energylandia.pl\/de\/karriere-2\/","title":{"rendered":"Karriere"},"content":{"rendered":"<p><img decoding=\"async\" class=\"alignnone wp-image-148828 size-full\" src=\"https:\/\/energylandia.pl\/wp-content\/uploads\/2024\/06\/banner_job.jpg\" alt=\"Arbeiten in Energylandia \u2013 Saison- und Festanstellung\" width=\"1200\" height=\"800\" \/><\/p>\n<p>Der Freizeitpark Energylandia in Zator ist die gr\u00f6\u00dfte Anlage dieser Art in unserem Land. Auf einer Fl\u00e4che von ca. 90 Hektar befinden sich 133 Attraktionen.<\/p>\n<p><strong>Wir suchen Personen, die t\u00e4tig oder interessiert sind an:<\/strong><\/p>\n<ul>\n<li>Freizeitanimation<\/li>\n<li>Durchf\u00fchrung von k\u00fcnstlerischen Shows<\/li>\n<li>Arbeit als K\u00fcchenchef\/in<\/li>\n<li>Arbeit als Koch\/K\u00f6chin<\/li>\n<li>Bedienung von Gastronomiepunkten<\/li>\n<li>Barservice<\/li>\n<li>Konditorei<\/li>\n<li>B\u00e4ckerei<\/li>\n<li>Kassenbedienung<\/li>\n<li>Ladenbedienung<\/li>\n<li>Elektrotechnik<\/li>\n<li>Mechanik<\/li>\n<li>Sanit\u00e4rinstallationen<\/li>\n<li>Warenverr\u00e4umung im Lager<\/li>\n<li>Gartenbau<\/li>\n<li>Bedienung von Ger\u00e4ten<\/li>\n<li>Hotline-Service<\/li>\n<li>Umsetzung des Marketingplans<\/li>\n<li>Parkschutz \/ Sicherheitsdienst<\/li>\n<li>Herstellung von Harzdekorationen<\/li>\n<li>Wasserrettung<\/li>\n<li>Parkreinigung<\/li>\n<\/ul>\n<p><!-- notionvc: 1d8256c9-98d4-4545-92ea-d159b372538f --><\/p>\n<p><strong>Was bieten wir?<\/strong><\/p>\n<ul>\n<li>Arbeit in einem modernen Unternehmen<\/li>\n<li>M\u00f6glichkeiten der Weiterentwicklung<\/li>\n<li>Attraktiven Stundenlohn<\/li>\n<li>Freien Eintritt in den Unterhaltungspark<\/li>\n<\/ul>\n<p><strong>Was erwarten wir?<\/strong><\/p>\n<ul>\n<li>Redlichkeit und Anst\u00e4ndigkeit<\/li>\n<li>Arbeitsmotivation<\/li>\n<li>Kommunikativit\u00e4t und Kontaktfreudigkeit<\/li>\n<\/ul>\n<p><strong>Ihr CV mit Lichtbild senden Sie bitte an die Adresse:\u00a0praca@energylandia.pl\u00a0bei &#8216;betrifft&#8217; bitte den bevorzugten Posten\/Stelle nennen (das Anmeldeformular befindet sich auf der Seite unten) oder bringen Sie es pers\u00f6nlich ins B\u00fcro des Unterhaltungsparks Energylandia, al. 3 Maja 2, 32-640 Zator, Tel.: +48 605 572 228<\/strong><br \/>\nDie Firma beh\u00e4lt es sich vor, nur ausgew\u00e4hlte Personen zu kontaktieren.<\/p>\n<hr \/>\n<p>Ihrer Bewerbung f\u00fcgen Sie bitte die nachstehende Klausel bei:<br \/>\nAuf der Grundlage der Allgemeinen Datenschutzverordnung (Verordnung des Europ\u00e4ischen Parlaments und des Rates (EU) 2016\/679 vom 27.04.2016; nachstehend: \u201eDSGVO\u201d) erkl\u00e4re ich, dass ich damit einverstanden bin, dass der Datenverantwortliche \u2013<strong>Energylandia Gocza\u0142 Family sp. k.<\/strong> Gesellschaft mit beschr\u00e4nkter Haftung Kommanditgesellschaft Energylandia mit Sitz in Zator (nachstehend: \u201eEnergylandia\u201d) meine Personendaten \u2013 hinsichtlich welcher ein, darin ein eindeutiges Einverst\u00e4ndnis notwendig ist, gem\u00e4\u00df der Rechtsvorschriften auf der Grundlage des Art. 6 Abs. 1 Buchst. a. oder Art. 9 Abs. 2 Buchst. a. der DSGVO, die ich freiwillig angegeben habe \u2013 und die in der Bewerbung (darin im CV) enthalten sind, zwecks Durchf\u00fchrung des Personalbeschaffungsverfahrens durch Energylandia verarbeitet:<\/p>\n<p>&#8211; <strong>f\u00fcr den Posten:<\/strong> __________________________________________________________<br \/>\n(bitte den Posten eintragen)<br \/>\n&#8211; <strong>f\u00fcr den Bedarf (zutreffendes w\u00e4hlen):<\/strong><\/p>\n<ul>\n<li>der aktuellen Personalbeschaffung;<\/li>\n<li>die aktuellen und k\u00fcnftigen Personalbeschaffungsverfahren bis Ende dieses Kalenderjahres.<\/li>\n<\/ul>\n<hr \/>\n<p>Wir informieren Sie, dass gem\u00e4\u00df dem Art. 13 der Allgemeinen Datenschutzverordnung (Verordnung des Europ\u00e4ischen Parlaments und des Rates (EU) 2016\/679 vom 27.04.2016; nachstehend: \u201eDSGVO\u201d), wenn Ihre Arbeitsbewerbung gemeldet wird:<\/p>\n<p>1. Ihr Datenverantwortlicher ist der Inhaber des Familien-Unterhaltungsparks Energylandia in Zator und des Internetservices in der Dom\u00e4ne www.energylandia.pl \u2013 <strong>Energylandia Gocza\u0142 Family sp. k.<\/strong> Gesellschaft mit beschr\u00e4nkter Haftung Energylandia Kommanditgesellschaft mit Sitz in Al. 3 maja 2, 32-640 Zator, HRB: 0000605098, NIP (Steuernummer): 5511735768, E-Mail: info@energylandia.pl, Tel.: +48 (33) 486 15 00 (bezeichnet als: \u201ePark Rozrywki\u201d \/ Unterhaltungspark). Ihr Datenverantwortlicher informiert, dass er den Inspektor f\u00fcr Datenschutz ernannt hat, welchen man \u00fcber die E-Mail: iod@energylandia.pl oder \u00fcber die Korrespondenzadresse des Inspektors f\u00fcr Datenschutz: IOD ENERGYLANDIA, al. P\u0142k. Beliny-Pra\u017cmowskiego 69\/4, 31-514 Krak\u00f3w kontaktieren kann.<\/p>\n<p>2. Die Verarbeitung Ihrer Daten erfolgst zwecks Durchf\u00fchrung der Personalbeschaffung (Untersuchung der Bewerbung und Durchf\u00fchrung des Einstellungsverfahrens) f\u00fcr die vorstehend beschriebene Stelle (bzw. Stellen, wenn Sie sich f\u00fcr mehr als eine Stelle bewerben). Die Grundlage der Datenverarbeitung ist entsprechend: im Falle, wenn Sie sich um einen Arbeitsvertrag bewerben: Art. 6 Abs. 1 Buchst. c DSGVO im Zshg. mit dem Art. 22(1) \u00a7 1 und \u00a73 des (polnischen) Arbeitsgesetzbuches und \u2013 wenn andere Daten verarbeitet werden, als die gem. Art. 22(1) \u00a7 1 des (polnischen) Arbeitsgesetzbuches \u2013 Art. Art. 6 Abs. 1 Buchst. a. der DSGVO oder die Art. Art. 9 Abs. 2 Buchst. a. DSGVO \u2013 auf der Grundlage des Einverst\u00e4ndnisses des Bewerbers, von welchem in diesen Vorschriften der w DSGVO die Rede ist; im Falle, wenn Sie sich um einen Auftragsvertrag bewerben: Art. 6 Abs. 1 Buchst. b DSGVO in Bezug auf Daten, die f\u00fcr die Durchf\u00fchrung der Personalbeschaffung notwendig sind; und dar\u00fcber hinaus auf der Grundlage des Einverst\u00e4ndnisses des Bewerbers, von welchem im Art. 6 Abs. 1 Buchst. a. der DSGVO die Rede ist oder Art. Art. 9 Abs. 2 Buchst. a. DSGVO. Dar\u00fcber hinaus, in beiden F\u00e4llen, zwecks Pr\u00fcfung des Profils des Bewerbers in den sozialen Medien und in \u00f6ffentlich zug\u00e4nglichen Registern auf der Grundlage des Art. 6 Abs. 1 Buchst. f. der DSGVO. Die Daten in der Bewerbung k\u00f6nnen ebenfalls im begr\u00fcndeten Interesse des Datenverantwortlichen nur im notwendigen Umfang zwecks Festlegung \/ Geltendmachung der Rechte oder Verteidigung vor Forderungen verarbeitet werden, die mit dem gegenst\u00e4ndlichen Personalbeschaffungsverfahren gem\u00e4\u00df Art. 6 Abs. 1 Buchst. f. DSGVO verkn\u00fcpft sind.<\/p>\n<p>3. die Daten des Bewerbers werden bis zu drei\u00dfig Tagen nach der Durchf\u00fchrung der Personalbeschaffung f\u00fcr die Stelle, f\u00fcr die Bewerbung des Bewerbers vorlag, aufbewahrt, es sei denn, der Bewerber ist damit einverstanden, dass die Daten in den n\u00e4chsten Personalbeschaffungen verwendet werden (f\u00fcr die in der Bewerbung genannte Stelle), dann werden sie bis zu drei\u00dfig Tagen nach Ende des Kalenderjahres aufbewahrt, in welchem die Stellenbewerbung des Bewerbers vorgelegt wurde \u2013 das schr\u00e4nkt die Berechtigungen des Bewerbers, von welchen im nachstehenden Punkt die Rede ist, nicht ein.<\/p>\n<p>4. es steht Ihnen das Recht zu, vom Datenverantwortlichen den Zugriff auf ihre Personendaten, deren Berichtigung, Entfernung oder Einschr\u00e4nkung der Verarbeitung, das Recht auf Einspruch hinsichtlich der Verarbeitung sowie auf \u00dcbertragung der Daten sowie das Recht, Einspruch bei der Aufsichtsbeh\u00f6rde zu erheben \u2013 beim Vorsitzenden der Datenschutzbeh\u00f6rde.<\/p>\n<p>5. wenn die Verarbeitung auf der Grundlage des Art. 6 Abs. 1 Buchst. a. oder Art. 9 Abs. 2 Buchst. a. der DSGVO erfolgt \u2013 steht Ihnen das Recht auf die R\u00fccknahme Ihrer Einwilligung im beliebigen Moment zu, ohne Einfluss auf die \u00dcbereinstimmung mit dem Recht auf die Verarbeitung zu nehmen, die vor der R\u00fccknahme der Einwilligung erfolgt ist.<\/p>\n<p>6. die Angabe der Personendaten im CV (eventuell im Motivationsbrief) ist freiwillig, aber trotzdem f\u00fcr die Durchf\u00fchrung des Personalbeschaffungsverfahrens notwendig, wobei der Datenverantwortliche das Recht gem\u00e4\u00df Art. 22(1) \u00a7 1 des (polnischen) Arbeitsgesetzbuches das Recht hat \u2013 wenn der Bewerber sich um eine Einstellung auf der Grundlage eines Arbeitsvertrages bewirbt \u2013 vom Bewerber die Angabe folgender Daten zu fordern: Vorname (Vornamen) und Familienname; Vornamen der Eltern; Geburtsdatum; Wohnort (Adresse f\u00fcr den Briefwechsel); Ausbildung und Verlauf der bisherigen Berufslaufbahn. Keine Angabe der f\u00fcr die Durchf\u00fchrung des Personalbeschaffungsverfahrens notwendigen Daten kann dazu f\u00fchren, dass die jeweilige Stellenbewerbung unber\u00fccksichtigt bleibt und die Daten gem\u00e4\u00df den Grunds\u00e4tzen der DSGVO und den vorstehenden Punkten entfernt werden.<\/p>\n<p>7. Der Datenverantwortliche fasst keine Entschl\u00fcsse auf automatisierte Art und Weise.<\/p>\n","protected":false},"excerpt":{"rendered":"<p>Der Freizeitpark Energylandia in Zator ist die gr\u00f6\u00dfte Anlage dieser Art in unserem Land. Auf einer Fl\u00e4che von ca. 90 Hektar befinden sich 133 Attraktionen. Wir suchen Personen, die t\u00e4tig oder interessiert sind an: Freizeitanimation Durchf\u00fchrung von k\u00fcnstlerischen Shows Arbeit als K\u00fcchenchef\/in Arbeit als Koch\/K\u00f6chin Bedienung von Gastronomiepunkten Barservice Konditorei B\u00e4ckerei Kassenbedienung Ladenbedienung Elektrotechnik Mechanik [&hellip;]<\/p>\n","protected":false},"author":36,"featured_media":0,"parent":0,"menu_order":283,"comment_status":"closed","ping_status":"closed","template":"","meta":{"footnotes":""},"class_list":["post-21643","page","type-page","status-publish","hentry"],"acf":[],"yoast_head":"<!-- This site is optimized with the Yoast SEO plugin v20.9 - https:\/\/yoast.com\/wordpress\/plugins\/seo\/ -->\n<title>Karriere - ENERGYLANDIA - Rodzinny Park Rozrywki w Zatorze<\/title>\n<meta name=\"description\" content=\"Na stronie Energylandia oferty pracy znajd\u0105 Pa\u0144stwo ciekawe propozycje pracy. Zatrudnienie w Parku Rozrywki to doskona\u0142y pomys\u0142 na dodatkowe zarobki oraz idealna praca na wakacje.\" \/>\n<meta name=\"robots\" content=\"index, follow, max-snippet:-1, max-image-preview:large, max-video-preview:-1\" \/>\n<meta property=\"og:locale\" content=\"de_DE\" \/>\n<meta property=\"og:type\" content=\"article\" \/>\n<meta property=\"og:title\" content=\"Karriere - ENERGYLANDIA - Rodzinny Park Rozrywki w Zatorze\" \/>\n<meta property=\"og:description\" content=\"Na stronie Energylandia oferty pracy znajd\u0105 Pa\u0144stwo ciekawe propozycje pracy. Zatrudnienie w Parku Rozrywki to doskona\u0142y pomys\u0142 na dodatkowe zarobki oraz idealna praca na wakacje.\" \/>\n<meta property=\"og:url\" content=\"https:\/\/energylandia.pl\/de\/karriere-2\/\" \/>\n<meta property=\"og:site_name\" content=\"ENERGYLANDIA - Rodzinny Park Rozrywki w Zatorze\" \/>\n<meta property=\"article:publisher\" content=\"https:\/\/www.facebook.com\/EnergyLandia\" \/>\n<meta property=\"article:modified_time\" content=\"2026-03-13T08:18:44+00:00\" \/>\n<meta property=\"og:image\" content=\"https:\/\/energylandia.pl\/wp-content\/uploads\/2024\/06\/banner_job.jpg\" \/>\n<meta name=\"twitter:card\" content=\"summary_large_image\" \/>\n<meta name=\"twitter:label1\" content=\"Gesch\u00e4tzte Lesezeit\" \/>\n\t<meta name=\"twitter:data1\" content=\"7\u00a0Minuten\" \/>\n<script type=\"application\/ld+json\" class=\"yoast-schema-graph\">{\"@context\":\"https:\/\/schema.org\",\"@graph\":[{\"@type\":\"WebPage\",\"@id\":\"https:\/\/energylandia.pl\/de\/karriere-2\/\",\"url\":\"https:\/\/energylandia.pl\/de\/karriere-2\/\",\"name\":\"Karriere - ENERGYLANDIA - Rodzinny Park Rozrywki w Zatorze\",\"isPartOf\":{\"@id\":\"https:\/\/energylandia.pl\/#website\"},\"datePublished\":\"2017-02-28T13:11:43+00:00\",\"dateModified\":\"2026-03-13T08:18:44+00:00\",\"description\":\"Na stronie Energylandia oferty pracy znajd\u0105 Pa\u0144stwo ciekawe propozycje pracy. Zatrudnienie w Parku Rozrywki to doskona\u0142y pomys\u0142 na dodatkowe zarobki oraz idealna praca na wakacje.\",\"breadcrumb\":{\"@id\":\"https:\/\/energylandia.pl\/de\/karriere-2\/#breadcrumb\"},\"inLanguage\":\"de\",\"potentialAction\":[{\"@type\":\"ReadAction\",\"target\":[\"https:\/\/energylandia.pl\/de\/karriere-2\/\"]}]},{\"@type\":\"BreadcrumbList\",\"@id\":\"https:\/\/energylandia.pl\/de\/karriere-2\/#breadcrumb\",\"itemListElement\":[{\"@type\":\"ListItem\",\"position\":1,\"name\":\"Strona g\u0142\u00f3wna\",\"item\":\"https:\/\/energylandia.pl\/de\/\"},{\"@type\":\"ListItem\",\"position\":2,\"name\":\"Karriere\"}]},{\"@type\":\"WebSite\",\"@id\":\"https:\/\/energylandia.pl\/#website\",\"url\":\"https:\/\/energylandia.pl\/\",\"name\":\"ENERGYLANDIA - Rodzinny Park Rozrywki w Zatorze\",\"description\":\"ENERGYLANDIA - najwi\u0119kszy rodzinny Park Rozrywki w Polsce!\",\"publisher\":{\"@id\":\"https:\/\/energylandia.pl\/#organization\"},\"potentialAction\":[{\"@type\":\"SearchAction\",\"target\":{\"@type\":\"EntryPoint\",\"urlTemplate\":\"https:\/\/energylandia.pl\/?s={search_term_string}\"},\"query-input\":\"required name=search_term_string\"}],\"inLanguage\":\"de\"},{\"@type\":\"Organization\",\"@id\":\"https:\/\/energylandia.pl\/#organization\",\"name\":\"Energylandia\",\"url\":\"https:\/\/energylandia.pl\/\",\"logo\":{\"@type\":\"ImageObject\",\"inLanguage\":\"de\",\"@id\":\"https:\/\/energylandia.pl\/#\/schema\/logo\/image\/\",\"url\":\"\",\"contentUrl\":\"\",\"caption\":\"Energylandia\"},\"image\":{\"@id\":\"https:\/\/energylandia.pl\/#\/schema\/logo\/image\/\"},\"sameAs\":[\"https:\/\/www.facebook.com\/EnergyLandia\",\"https:\/\/www.youtube.com\/channel\/UCPj-Bs4Pfub_Bm04BOfyDoA\",\"https:\/\/vm.tiktok.com\/Tw7YAK\/\"]}]}<\/script>\n<!-- \/ Yoast SEO plugin. -->","yoast_head_json":{"title":"Karriere - ENERGYLANDIA - Rodzinny Park Rozrywki w Zatorze","description":"Na stronie Energylandia oferty pracy znajd\u0105 Pa\u0144stwo ciekawe propozycje pracy. Zatrudnienie w Parku Rozrywki to doskona\u0142y pomys\u0142 na dodatkowe zarobki oraz idealna praca na wakacje.","robots":{"index":"index","follow":"follow","max-snippet":"max-snippet:-1","max-image-preview":"max-image-preview:large","max-video-preview":"max-video-preview:-1"},"og_locale":"de_DE","og_type":"article","og_title":"Karriere - ENERGYLANDIA - Rodzinny Park Rozrywki w Zatorze","og_description":"Na stronie Energylandia oferty pracy znajd\u0105 Pa\u0144stwo ciekawe propozycje pracy. Zatrudnienie w Parku Rozrywki to doskona\u0142y pomys\u0142 na dodatkowe zarobki oraz idealna praca na wakacje.","og_url":"https:\/\/energylandia.pl\/de\/karriere-2\/","og_site_name":"ENERGYLANDIA - Rodzinny Park Rozrywki w Zatorze","article_publisher":"https:\/\/www.facebook.com\/EnergyLandia","article_modified_time":"2026-03-13T08:18:44+00:00","og_image":[{"url":"https:\/\/energylandia.pl\/wp-content\/uploads\/2024\/06\/banner_job.jpg"}],"twitter_card":"summary_large_image","twitter_misc":{"Gesch\u00e4tzte Lesezeit":"7\u00a0Minuten"},"schema":{"@context":"https:\/\/schema.org","@graph":[{"@type":"WebPage","@id":"https:\/\/energylandia.pl\/de\/karriere-2\/","url":"https:\/\/energylandia.pl\/de\/karriere-2\/","name":"Karriere - ENERGYLANDIA - Rodzinny Park Rozrywki w Zatorze","isPartOf":{"@id":"https:\/\/energylandia.pl\/#website"},"datePublished":"2017-02-28T13:11:43+00:00","dateModified":"2026-03-13T08:18:44+00:00","description":"Na stronie Energylandia oferty pracy znajd\u0105 Pa\u0144stwo ciekawe propozycje pracy. Zatrudnienie w Parku Rozrywki to doskona\u0142y pomys\u0142 na dodatkowe zarobki oraz idealna praca na wakacje.","breadcrumb":{"@id":"https:\/\/energylandia.pl\/de\/karriere-2\/#breadcrumb"},"inLanguage":"de","potentialAction":[{"@type":"ReadAction","target":["https:\/\/energylandia.pl\/de\/karriere-2\/"]}]},{"@type":"BreadcrumbList","@id":"https:\/\/energylandia.pl\/de\/karriere-2\/#breadcrumb","itemListElement":[{"@type":"ListItem","position":1,"name":"Strona g\u0142\u00f3wna","item":"https:\/\/energylandia.pl\/de\/"},{"@type":"ListItem","position":2,"name":"Karriere"}]},{"@type":"WebSite","@id":"https:\/\/energylandia.pl\/#website","url":"https:\/\/energylandia.pl\/","name":"ENERGYLANDIA - Rodzinny Park Rozrywki w Zatorze","description":"ENERGYLANDIA - najwi\u0119kszy rodzinny Park Rozrywki w Polsce!","publisher":{"@id":"https:\/\/energylandia.pl\/#organization"},"potentialAction":[{"@type":"SearchAction","target":{"@type":"EntryPoint","urlTemplate":"https:\/\/energylandia.pl\/?s={search_term_string}"},"query-input":"required name=search_term_string"}],"inLanguage":"de"},{"@type":"Organization","@id":"https:\/\/energylandia.pl\/#organization","name":"Energylandia","url":"https:\/\/energylandia.pl\/","logo":{"@type":"ImageObject","inLanguage":"de","@id":"https:\/\/energylandia.pl\/#\/schema\/logo\/image\/","url":"","contentUrl":"","caption":"Energylandia"},"image":{"@id":"https:\/\/energylandia.pl\/#\/schema\/logo\/image\/"},"sameAs":["https:\/\/www.facebook.com\/EnergyLandia","https:\/\/www.youtube.com\/channel\/UCPj-Bs4Pfub_Bm04BOfyDoA","https:\/\/vm.tiktok.com\/Tw7YAK\/"]}]}},"_links":{"self":[{"href":"https:\/\/energylandia.pl\/de\/wp-json\/wp\/v2\/pages\/21643","targetHints":{"allow":["GET"]}}],"collection":[{"href":"https:\/\/energylandia.pl\/de\/wp-json\/wp\/v2\/pages"}],"about":[{"href":"https:\/\/energylandia.pl\/de\/wp-json\/wp\/v2\/types\/page"}],"author":[{"embeddable":true,"href":"https:\/\/energylandia.pl\/de\/wp-json\/wp\/v2\/users\/36"}],"replies":[{"embeddable":true,"href":"https:\/\/energylandia.pl\/de\/wp-json\/wp\/v2\/comments?post=21643"}],"version-history":[{"count":2,"href":"https:\/\/energylandia.pl\/de\/wp-json\/wp\/v2\/pages\/21643\/revisions"}],"predecessor-version":[{"id":314072,"href":"https:\/\/energylandia.pl\/de\/wp-json\/wp\/v2\/pages\/21643\/revisions\/314072"}],"wp:attachment":[{"href":"https:\/\/energylandia.pl\/de\/wp-json\/wp\/v2\/media?parent=21643"}],"curies":[{"name":"wp","href":"https:\/\/api.w.org\/{rel}","templated":true}]}}