{"id":13150,"date":"2016-04-29T12:30:25","date_gmt":"2016-04-29T10:30:25","guid":{"rendered":"http:\/\/energylandia.pl\/de\/?page_id=13150"},"modified":"2026-04-10T08:46:12","modified_gmt":"2026-04-10T06:46:12","slug":"reisebueros-und-hotels","status":"publish","type":"page","link":"https:\/\/energylandia.pl\/de\/preise\/reisebueros-und-hotels\/","title":{"rendered":"Reiseb\u00fcros und Hotels"},"content":{"rendered":"<p><img decoding=\"async\" class=\"alignnone wp-image-103131 size-full\" src=\"https:\/\/energylandia.pl\/wp-content\/uploads\/2024\/06\/biura_podrozy_hotele_de.jpg\" alt=\"\" width=\"1920\" height=\"900\" \/><\/p>\n<hr \/>\n<h4 style=\"text-align: center;\"><strong>Besitzer von Reiseb\u00fcros, Hotels, Unterk\u00fcnften und Tourismuszentren sind herzlich eingeladen, mit uns zusammenzuarbeiten.<\/strong><\/h4>\n<hr \/>\n<p>Wir schlagen Ihnen vor, einen <strong>Agenturvertrag<\/strong> f\u00fcr den Verkauf von Tickets f\u00fcr Energylandia abzuschlie\u00dfen.<br \/>\nVorteile des Abschlusses eines Agenturvertrages:<\/p>\n<ul>\n<li>Zusammenarbeit mit dem Nr. 1 Achterbahnpark der Welt (laut rcdb.com)<\/li>\n<li>Erweiterung Ihres Angebots<\/li>\n<li>Verkauf von Tickets f\u00fcr den Park zu Sonderpreisen f\u00fcr Ihre G\u00e4ste<\/li>\n<li>Offene Tage f\u00fcr Partner Nach Vertragsunterzeichnung erhalten Sie Zugang zum Partner-Panel, das den sofortigen Ticketkauf jederzeit erm\u00f6glicht, sowie die notwendigen Materialien zur Bewerbung des Parks.<\/li>\n<\/ul>\n<hr \/>\n","protected":false},"excerpt":{"rendered":"<p>Besitzer von Reiseb\u00fcros, Hotels, Unterk\u00fcnften und Tourismuszentren sind herzlich eingeladen, mit uns zusammenzuarbeiten. Wir schlagen Ihnen vor, einen Agenturvertrag f\u00fcr den Verkauf von Tickets f\u00fcr Energylandia abzuschlie\u00dfen. Vorteile des Abschlusses eines Agenturvertrages: Zusammenarbeit mit dem Nr. 1 Achterbahnpark der Welt (laut rcdb.com) Erweiterung Ihres Angebots Verkauf von Tickets f\u00fcr den Park zu Sonderpreisen f\u00fcr Ihre [&hellip;]<\/p>\n","protected":false},"author":26,"featured_media":0,"parent":13140,"menu_order":432,"comment_status":"closed","ping_status":"closed","template":"templates\/bilet-single-hotele.php","meta":{"footnotes":""},"class_list":["post-13150","page","type-page","status-publish","hentry"],"acf":[],"yoast_head":"<!-- This site is optimized with the Yoast SEO plugin v20.9 - https:\/\/yoast.com\/wordpress\/plugins\/seo\/ -->\n<title>Reiseb\u00fcros und Hotels - ENERGYLANDIA - Rodzinny Park Rozrywki w Zatorze<\/title>\n<meta name=\"robots\" content=\"index, follow, max-snippet:-1, max-image-preview:large, max-video-preview:-1\" \/>\n<meta property=\"og:locale\" content=\"de_DE\" \/>\n<meta property=\"og:type\" content=\"article\" \/>\n<meta property=\"og:title\" content=\"Reiseb\u00fcros und Hotels - ENERGYLANDIA - Rodzinny Park Rozrywki w Zatorze\" \/>\n<meta property=\"og:description\" content=\"Besitzer von Reiseb\u00fcros, Hotels, Unterk\u00fcnften und Tourismuszentren sind herzlich eingeladen, mit uns zusammenzuarbeiten. Wir schlagen Ihnen vor, einen Agenturvertrag f\u00fcr den Verkauf von Tickets f\u00fcr Energylandia abzuschlie\u00dfen. Vorteile des Abschlusses eines Agenturvertrages: Zusammenarbeit mit dem Nr. 1 Achterbahnpark der Welt (laut rcdb.com) Erweiterung Ihres Angebots Verkauf von Tickets f\u00fcr den Park zu Sonderpreisen f\u00fcr Ihre [&hellip;]\" \/>\n<meta property=\"og:url\" content=\"https:\/\/energylandia.pl\/de\/preise\/reisebueros-und-hotels\/\" \/>\n<meta property=\"og:site_name\" content=\"ENERGYLANDIA - Rodzinny Park Rozrywki w Zatorze\" \/>\n<meta property=\"article:publisher\" content=\"https:\/\/www.facebook.com\/EnergyLandia\" \/>\n<meta property=\"article:modified_time\" content=\"2026-04-10T06:46:12+00:00\" \/>\n<meta property=\"og:image\" content=\"https:\/\/energylandia.pl\/wp-content\/uploads\/2024\/06\/biura_podrozy_hotele_de.jpg\" \/>\n<meta name=\"twitter:card\" content=\"summary_large_image\" \/>\n<meta name=\"twitter:label1\" content=\"Gesch\u00e4tzte Lesezeit\" \/>\n\t<meta name=\"twitter:data1\" content=\"1\u00a0Minute\" \/>\n<script type=\"application\/ld+json\" class=\"yoast-schema-graph\">{\"@context\":\"https:\/\/schema.org\",\"@graph\":[{\"@type\":\"WebPage\",\"@id\":\"https:\/\/energylandia.pl\/de\/preise\/reisebueros-und-hotels\/\",\"url\":\"https:\/\/energylandia.pl\/de\/preise\/reisebueros-und-hotels\/\",\"name\":\"Reiseb\u00fcros und Hotels - ENERGYLANDIA - Rodzinny Park Rozrywki w Zatorze\",\"isPartOf\":{\"@id\":\"https:\/\/energylandia.pl\/#website\"},\"datePublished\":\"2016-04-29T10:30:25+00:00\",\"dateModified\":\"2026-04-10T06:46:12+00:00\",\"breadcrumb\":{\"@id\":\"https:\/\/energylandia.pl\/de\/preise\/reisebueros-und-hotels\/#breadcrumb\"},\"inLanguage\":\"de\",\"potentialAction\":[{\"@type\":\"ReadAction\",\"target\":[\"https:\/\/energylandia.pl\/de\/preise\/reisebueros-und-hotels\/\"]}]},{\"@type\":\"BreadcrumbList\",\"@id\":\"https:\/\/energylandia.pl\/de\/preise\/reisebueros-und-hotels\/#breadcrumb\",\"itemListElement\":[{\"@type\":\"ListItem\",\"position\":1,\"name\":\"Strona g\u0142\u00f3wna\",\"item\":\"https:\/\/energylandia.pl\/de\/\"},{\"@type\":\"ListItem\",\"position\":2,\"name\":\"Preise\",\"item\":\"https:\/\/energylandia.pl\/de\/preise\/\"},{\"@type\":\"ListItem\",\"position\":3,\"name\":\"Reiseb\u00fcros und Hotels\"}]},{\"@type\":\"WebSite\",\"@id\":\"https:\/\/energylandia.pl\/#website\",\"url\":\"https:\/\/energylandia.pl\/\",\"name\":\"ENERGYLANDIA - Rodzinny Park Rozrywki w Zatorze\",\"description\":\"ENERGYLANDIA - najwi\u0119kszy rodzinny Park Rozrywki w Polsce!\",\"publisher\":{\"@id\":\"https:\/\/energylandia.pl\/#organization\"},\"potentialAction\":[{\"@type\":\"SearchAction\",\"target\":{\"@type\":\"EntryPoint\",\"urlTemplate\":\"https:\/\/energylandia.pl\/?s={search_term_string}\"},\"query-input\":\"required name=search_term_string\"}],\"inLanguage\":\"de\"},{\"@type\":\"Organization\",\"@id\":\"https:\/\/energylandia.pl\/#organization\",\"name\":\"Energylandia\",\"url\":\"https:\/\/energylandia.pl\/\",\"logo\":{\"@type\":\"ImageObject\",\"inLanguage\":\"de\",\"@id\":\"https:\/\/energylandia.pl\/#\/schema\/logo\/image\/\",\"url\":\"\",\"contentUrl\":\"\",\"caption\":\"Energylandia\"},\"image\":{\"@id\":\"https:\/\/energylandia.pl\/#\/schema\/logo\/image\/\"},\"sameAs\":[\"https:\/\/www.facebook.com\/EnergyLandia\",\"https:\/\/www.youtube.com\/channel\/UCPj-Bs4Pfub_Bm04BOfyDoA\",\"https:\/\/vm.tiktok.com\/Tw7YAK\/\"]}]}<\/script>\n<!-- \/ Yoast SEO plugin. -->","yoast_head_json":{"title":"Reiseb\u00fcros und Hotels - ENERGYLANDIA - Rodzinny Park Rozrywki w Zatorze","robots":{"index":"index","follow":"follow","max-snippet":"max-snippet:-1","max-image-preview":"max-image-preview:large","max-video-preview":"max-video-preview:-1"},"og_locale":"de_DE","og_type":"article","og_title":"Reiseb\u00fcros und Hotels - ENERGYLANDIA - Rodzinny Park Rozrywki w Zatorze","og_description":"Besitzer von Reiseb\u00fcros, Hotels, Unterk\u00fcnften und Tourismuszentren sind herzlich eingeladen, mit uns zusammenzuarbeiten. Wir schlagen Ihnen vor, einen Agenturvertrag f\u00fcr den Verkauf von Tickets f\u00fcr Energylandia abzuschlie\u00dfen. Vorteile des Abschlusses eines Agenturvertrages: Zusammenarbeit mit dem Nr. 1 Achterbahnpark der Welt (laut rcdb.com) Erweiterung Ihres Angebots Verkauf von Tickets f\u00fcr den Park zu Sonderpreisen f\u00fcr Ihre [&hellip;]","og_url":"https:\/\/energylandia.pl\/de\/preise\/reisebueros-und-hotels\/","og_site_name":"ENERGYLANDIA - Rodzinny Park Rozrywki w Zatorze","article_publisher":"https:\/\/www.facebook.com\/EnergyLandia","article_modified_time":"2026-04-10T06:46:12+00:00","og_image":[{"url":"https:\/\/energylandia.pl\/wp-content\/uploads\/2024\/06\/biura_podrozy_hotele_de.jpg"}],"twitter_card":"summary_large_image","twitter_misc":{"Gesch\u00e4tzte Lesezeit":"1\u00a0Minute"},"schema":{"@context":"https:\/\/schema.org","@graph":[{"@type":"WebPage","@id":"https:\/\/energylandia.pl\/de\/preise\/reisebueros-und-hotels\/","url":"https:\/\/energylandia.pl\/de\/preise\/reisebueros-und-hotels\/","name":"Reiseb\u00fcros und Hotels - ENERGYLANDIA - Rodzinny Park Rozrywki w Zatorze","isPartOf":{"@id":"https:\/\/energylandia.pl\/#website"},"datePublished":"2016-04-29T10:30:25+00:00","dateModified":"2026-04-10T06:46:12+00:00","breadcrumb":{"@id":"https:\/\/energylandia.pl\/de\/preise\/reisebueros-und-hotels\/#breadcrumb"},"inLanguage":"de","potentialAction":[{"@type":"ReadAction","target":["https:\/\/energylandia.pl\/de\/preise\/reisebueros-und-hotels\/"]}]},{"@type":"BreadcrumbList","@id":"https:\/\/energylandia.pl\/de\/preise\/reisebueros-und-hotels\/#breadcrumb","itemListElement":[{"@type":"ListItem","position":1,"name":"Strona g\u0142\u00f3wna","item":"https:\/\/energylandia.pl\/de\/"},{"@type":"ListItem","position":2,"name":"Preise","item":"https:\/\/energylandia.pl\/de\/preise\/"},{"@type":"ListItem","position":3,"name":"Reiseb\u00fcros und Hotels"}]},{"@type":"WebSite","@id":"https:\/\/energylandia.pl\/#website","url":"https:\/\/energylandia.pl\/","name":"ENERGYLANDIA - Rodzinny Park Rozrywki w Zatorze","description":"ENERGYLANDIA - najwi\u0119kszy rodzinny Park Rozrywki w Polsce!","publisher":{"@id":"https:\/\/energylandia.pl\/#organization"},"potentialAction":[{"@type":"SearchAction","target":{"@type":"EntryPoint","urlTemplate":"https:\/\/energylandia.pl\/?s={search_term_string}"},"query-input":"required name=search_term_string"}],"inLanguage":"de"},{"@type":"Organization","@id":"https:\/\/energylandia.pl\/#organization","name":"Energylandia","url":"https:\/\/energylandia.pl\/","logo":{"@type":"ImageObject","inLanguage":"de","@id":"https:\/\/energylandia.pl\/#\/schema\/logo\/image\/","url":"","contentUrl":"","caption":"Energylandia"},"image":{"@id":"https:\/\/energylandia.pl\/#\/schema\/logo\/image\/"},"sameAs":["https:\/\/www.facebook.com\/EnergyLandia","https:\/\/www.youtube.com\/channel\/UCPj-Bs4Pfub_Bm04BOfyDoA","https:\/\/vm.tiktok.com\/Tw7YAK\/"]}]}},"_links":{"self":[{"href":"https:\/\/energylandia.pl\/de\/wp-json\/wp\/v2\/pages\/13150","targetHints":{"allow":["GET"]}}],"collection":[{"href":"https:\/\/energylandia.pl\/de\/wp-json\/wp\/v2\/pages"}],"about":[{"href":"https:\/\/energylandia.pl\/de\/wp-json\/wp\/v2\/types\/page"}],"author":[{"embeddable":true,"href":"https:\/\/energylandia.pl\/de\/wp-json\/wp\/v2\/users\/26"}],"replies":[{"embeddable":true,"href":"https:\/\/energylandia.pl\/de\/wp-json\/wp\/v2\/comments?post=13150"}],"version-history":[{"count":8,"href":"https:\/\/energylandia.pl\/de\/wp-json\/wp\/v2\/pages\/13150\/revisions"}],"predecessor-version":[{"id":313185,"href":"https:\/\/energylandia.pl\/de\/wp-json\/wp\/v2\/pages\/13150\/revisions\/313185"}],"up":[{"embeddable":true,"href":"https:\/\/energylandia.pl\/de\/wp-json\/wp\/v2\/pages\/13140"}],"wp:attachment":[{"href":"https:\/\/energylandia.pl\/de\/wp-json\/wp\/v2\/media?parent=13150"}],"curies":[{"name":"wp","href":"https:\/\/api.w.org\/{rel}","templated":true}]}}