{"id":13118,"date":"2016-03-25T15:21:18","date_gmt":"2016-03-25T14:21:18","guid":{"rendered":"http:\/\/energylandia.pl\/de\/?page_id=13118"},"modified":"2018-07-02T20:53:02","modified_gmt":"2018-07-02T18:53:02","slug":"zuschuesse","status":"publish","type":"page","link":"https:\/\/energylandia.pl\/de\/zuschuesse\/","title":{"rendered":"Zusch\u00fcsse"},"content":{"rendered":"<p>Der Unterhaltungspark Energylandia in Zator verf\u00fcgt \u00fcber eine reiche Erfahrung bei Projekten, die mit der Realisation von Achterbahmen und der Einf\u00fchrung innovativer L\u00f6sungen im internationalen Ma\u00dfstab verkn\u00fcpft sind. Unsere Firma hat bisher nachstehende Projekte verwirklicht, die aus den Programmen der Europ\u00e4ischen Union bezuschusst wurden:<\/p>\n<p><strong>\u201eBau eines innovativen Freizeitparks, Verkn\u00fcpfung der Technologie, Unterhaltung und Bildung \u201eedutainment\u201d<\/strong><br \/>\nIm Rahmen der Aktivit\u00e4t 4.4 des Operationellen Programms Innovative Wirtschaft<br \/>\nDer Bruttowert dieses Projekts betrug 73 829 564 PLN und der Zuschussbetrag lag bei 41 752 988 PLN.<\/p>\n<p><strong>\u201eRevolution in der Unterhaltungsbranche \u2013 k\u00f6rperliche Erfahrungen in der virtuellen Realit\u00e4t\u201d<\/strong><br \/>\nIm Rahmen der Aktivit\u00e4t 4.4 des Operationellen Programms Innovative Wirtschaft<br \/>\nDer Bruttowert dieses Projekts betrug 71 316 100 PLN und der Zuschussbetrag lag bei 34 002 450 PLN.<br \/>\nIm Rahmen dieses Projekts wurden 3 neue Achterbahnen gebaut, die mit weltweit einmaliger Technologie in der Unterhaltungsbranche ausgestattet sind, in der die reale Unterhaltung mit der virtuellen Welt verkn\u00fcpft wird.<\/p>\n<p><img decoding=\"async\" class=\"aligncenter size-large wp-image-10391\" src=\"http:\/\/energylandia.pl\/wp-content\/uploads\/2016\/03\/zdjecie-dotacje-1200x706.jpg\" alt=\"zdjecie dotacje\" width=\"1200\" height=\"706\" \/><\/p>\n","protected":false},"excerpt":{"rendered":"<p>Der Unterhaltungspark Energylandia in Zator verf\u00fcgt \u00fcber eine reiche Erfahrung bei Projekten, die mit der Realisation von Achterbahmen und der Einf\u00fchrung innovativer L\u00f6sungen im internationalen Ma\u00dfstab verkn\u00fcpft sind. Unsere Firma hat bisher nachstehende Projekte verwirklicht, die aus den Programmen der Europ\u00e4ischen Union bezuschusst wurden: \u201eBau eines innovativen Freizeitparks, Verkn\u00fcpfung der Technologie, Unterhaltung und Bildung \u201eedutainment\u201d [&hellip;]<\/p>\n","protected":false},"author":36,"featured_media":0,"parent":0,"menu_order":267,"comment_status":"closed","ping_status":"closed","template":"templates\/page8.php","meta":{"footnotes":""},"class_list":["post-13118","page","type-page","status-publish","hentry"],"acf":[],"yoast_head":"<!-- This site is optimized with the Yoast SEO plugin v20.9 - https:\/\/yoast.com\/wordpress\/plugins\/seo\/ -->\n<title>Zusch\u00fcsse - ENERGYLANDIA - Rodzinny Park Rozrywki w Zatorze<\/title>\n<meta name=\"robots\" content=\"index, follow, max-snippet:-1, max-image-preview:large, max-video-preview:-1\" \/>\n<meta property=\"og:locale\" content=\"de_DE\" \/>\n<meta property=\"og:type\" content=\"article\" \/>\n<meta property=\"og:title\" content=\"Zusch\u00fcsse - ENERGYLANDIA - Rodzinny Park Rozrywki w Zatorze\" \/>\n<meta property=\"og:description\" content=\"Der Unterhaltungspark Energylandia in Zator verf\u00fcgt \u00fcber eine reiche Erfahrung bei Projekten, die mit der Realisation von Achterbahmen und der Einf\u00fchrung innovativer L\u00f6sungen im internationalen Ma\u00dfstab verkn\u00fcpft sind. Unsere Firma hat bisher nachstehende Projekte verwirklicht, die aus den Programmen der Europ\u00e4ischen Union bezuschusst wurden: \u201eBau eines innovativen Freizeitparks, Verkn\u00fcpfung der Technologie, Unterhaltung und Bildung \u201eedutainment\u201d [&hellip;]\" \/>\n<meta property=\"og:url\" content=\"https:\/\/energylandia.pl\/de\/zuschuesse\/\" \/>\n<meta property=\"og:site_name\" content=\"ENERGYLANDIA - Rodzinny Park Rozrywki w Zatorze\" \/>\n<meta property=\"article:publisher\" content=\"https:\/\/www.facebook.com\/EnergyLandia\" \/>\n<meta property=\"article:modified_time\" content=\"2018-07-02T18:53:02+00:00\" \/>\n<meta property=\"og:image\" content=\"http:\/\/energylandia.pl\/wp-content\/uploads\/2016\/03\/zdjecie-dotacje-1200x706.jpg\" \/>\n<meta name=\"twitter:card\" content=\"summary_large_image\" \/>\n<meta name=\"twitter:label1\" content=\"Gesch\u00e4tzte Lesezeit\" \/>\n\t<meta name=\"twitter:data1\" content=\"1\u00a0Minute\" \/>\n<script type=\"application\/ld+json\" class=\"yoast-schema-graph\">{\"@context\":\"https:\/\/schema.org\",\"@graph\":[{\"@type\":\"WebPage\",\"@id\":\"https:\/\/energylandia.pl\/de\/zuschuesse\/\",\"url\":\"https:\/\/energylandia.pl\/de\/zuschuesse\/\",\"name\":\"Zusch\u00fcsse - ENERGYLANDIA - Rodzinny Park Rozrywki w Zatorze\",\"isPartOf\":{\"@id\":\"https:\/\/energylandia.pl\/#website\"},\"datePublished\":\"2016-03-25T14:21:18+00:00\",\"dateModified\":\"2018-07-02T18:53:02+00:00\",\"breadcrumb\":{\"@id\":\"https:\/\/energylandia.pl\/de\/zuschuesse\/#breadcrumb\"},\"inLanguage\":\"de\",\"potentialAction\":[{\"@type\":\"ReadAction\",\"target\":[\"https:\/\/energylandia.pl\/de\/zuschuesse\/\"]}]},{\"@type\":\"BreadcrumbList\",\"@id\":\"https:\/\/energylandia.pl\/de\/zuschuesse\/#breadcrumb\",\"itemListElement\":[{\"@type\":\"ListItem\",\"position\":1,\"name\":\"Strona g\u0142\u00f3wna\",\"item\":\"https:\/\/energylandia.pl\/de\/\"},{\"@type\":\"ListItem\",\"position\":2,\"name\":\"Zusch\u00fcsse\"}]},{\"@type\":\"WebSite\",\"@id\":\"https:\/\/energylandia.pl\/#website\",\"url\":\"https:\/\/energylandia.pl\/\",\"name\":\"ENERGYLANDIA - Rodzinny Park Rozrywki w Zatorze\",\"description\":\"ENERGYLANDIA - najwi\u0119kszy rodzinny Park Rozrywki w Polsce!\",\"publisher\":{\"@id\":\"https:\/\/energylandia.pl\/#organization\"},\"potentialAction\":[{\"@type\":\"SearchAction\",\"target\":{\"@type\":\"EntryPoint\",\"urlTemplate\":\"https:\/\/energylandia.pl\/?s={search_term_string}\"},\"query-input\":\"required name=search_term_string\"}],\"inLanguage\":\"de\"},{\"@type\":\"Organization\",\"@id\":\"https:\/\/energylandia.pl\/#organization\",\"name\":\"Energylandia\",\"url\":\"https:\/\/energylandia.pl\/\",\"logo\":{\"@type\":\"ImageObject\",\"inLanguage\":\"de\",\"@id\":\"https:\/\/energylandia.pl\/#\/schema\/logo\/image\/\",\"url\":\"\",\"contentUrl\":\"\",\"caption\":\"Energylandia\"},\"image\":{\"@id\":\"https:\/\/energylandia.pl\/#\/schema\/logo\/image\/\"},\"sameAs\":[\"https:\/\/www.facebook.com\/EnergyLandia\",\"https:\/\/www.youtube.com\/channel\/UCPj-Bs4Pfub_Bm04BOfyDoA\",\"https:\/\/vm.tiktok.com\/Tw7YAK\/\"]}]}<\/script>\n<!-- \/ Yoast SEO plugin. -->","yoast_head_json":{"title":"Zusch\u00fcsse - ENERGYLANDIA - Rodzinny Park Rozrywki w Zatorze","robots":{"index":"index","follow":"follow","max-snippet":"max-snippet:-1","max-image-preview":"max-image-preview:large","max-video-preview":"max-video-preview:-1"},"og_locale":"de_DE","og_type":"article","og_title":"Zusch\u00fcsse - ENERGYLANDIA - Rodzinny Park Rozrywki w Zatorze","og_description":"Der Unterhaltungspark Energylandia in Zator verf\u00fcgt \u00fcber eine reiche Erfahrung bei Projekten, die mit der Realisation von Achterbahmen und der Einf\u00fchrung innovativer L\u00f6sungen im internationalen Ma\u00dfstab verkn\u00fcpft sind. Unsere Firma hat bisher nachstehende Projekte verwirklicht, die aus den Programmen der Europ\u00e4ischen Union bezuschusst wurden: \u201eBau eines innovativen Freizeitparks, Verkn\u00fcpfung der Technologie, Unterhaltung und Bildung \u201eedutainment\u201d [&hellip;]","og_url":"https:\/\/energylandia.pl\/de\/zuschuesse\/","og_site_name":"ENERGYLANDIA - Rodzinny Park Rozrywki w Zatorze","article_publisher":"https:\/\/www.facebook.com\/EnergyLandia","article_modified_time":"2018-07-02T18:53:02+00:00","og_image":[{"url":"http:\/\/energylandia.pl\/wp-content\/uploads\/2016\/03\/zdjecie-dotacje-1200x706.jpg"}],"twitter_card":"summary_large_image","twitter_misc":{"Gesch\u00e4tzte Lesezeit":"1\u00a0Minute"},"schema":{"@context":"https:\/\/schema.org","@graph":[{"@type":"WebPage","@id":"https:\/\/energylandia.pl\/de\/zuschuesse\/","url":"https:\/\/energylandia.pl\/de\/zuschuesse\/","name":"Zusch\u00fcsse - ENERGYLANDIA - Rodzinny Park Rozrywki w Zatorze","isPartOf":{"@id":"https:\/\/energylandia.pl\/#website"},"datePublished":"2016-03-25T14:21:18+00:00","dateModified":"2018-07-02T18:53:02+00:00","breadcrumb":{"@id":"https:\/\/energylandia.pl\/de\/zuschuesse\/#breadcrumb"},"inLanguage":"de","potentialAction":[{"@type":"ReadAction","target":["https:\/\/energylandia.pl\/de\/zuschuesse\/"]}]},{"@type":"BreadcrumbList","@id":"https:\/\/energylandia.pl\/de\/zuschuesse\/#breadcrumb","itemListElement":[{"@type":"ListItem","position":1,"name":"Strona g\u0142\u00f3wna","item":"https:\/\/energylandia.pl\/de\/"},{"@type":"ListItem","position":2,"name":"Zusch\u00fcsse"}]},{"@type":"WebSite","@id":"https:\/\/energylandia.pl\/#website","url":"https:\/\/energylandia.pl\/","name":"ENERGYLANDIA - Rodzinny Park Rozrywki w Zatorze","description":"ENERGYLANDIA - najwi\u0119kszy rodzinny Park Rozrywki w Polsce!","publisher":{"@id":"https:\/\/energylandia.pl\/#organization"},"potentialAction":[{"@type":"SearchAction","target":{"@type":"EntryPoint","urlTemplate":"https:\/\/energylandia.pl\/?s={search_term_string}"},"query-input":"required name=search_term_string"}],"inLanguage":"de"},{"@type":"Organization","@id":"https:\/\/energylandia.pl\/#organization","name":"Energylandia","url":"https:\/\/energylandia.pl\/","logo":{"@type":"ImageObject","inLanguage":"de","@id":"https:\/\/energylandia.pl\/#\/schema\/logo\/image\/","url":"","contentUrl":"","caption":"Energylandia"},"image":{"@id":"https:\/\/energylandia.pl\/#\/schema\/logo\/image\/"},"sameAs":["https:\/\/www.facebook.com\/EnergyLandia","https:\/\/www.youtube.com\/channel\/UCPj-Bs4Pfub_Bm04BOfyDoA","https:\/\/vm.tiktok.com\/Tw7YAK\/"]}]}},"_links":{"self":[{"href":"https:\/\/energylandia.pl\/de\/wp-json\/wp\/v2\/pages\/13118","targetHints":{"allow":["GET"]}}],"collection":[{"href":"https:\/\/energylandia.pl\/de\/wp-json\/wp\/v2\/pages"}],"about":[{"href":"https:\/\/energylandia.pl\/de\/wp-json\/wp\/v2\/types\/page"}],"author":[{"embeddable":true,"href":"https:\/\/energylandia.pl\/de\/wp-json\/wp\/v2\/users\/36"}],"replies":[{"embeddable":true,"href":"https:\/\/energylandia.pl\/de\/wp-json\/wp\/v2\/comments?post=13118"}],"version-history":[{"count":0,"href":"https:\/\/energylandia.pl\/de\/wp-json\/wp\/v2\/pages\/13118\/revisions"}],"wp:attachment":[{"href":"https:\/\/energylandia.pl\/de\/wp-json\/wp\/v2\/media?parent=13118"}],"curies":[{"name":"wp","href":"https:\/\/api.w.org\/{rel}","templated":true}]}}