{"id":59202,"date":"2020-05-13T09:29:45","date_gmt":"2020-05-13T07:29:45","guid":{"rendered":"https:\/\/energylandia.pl\/covid-19-free\/"},"modified":"2021-10-31T17:01:52","modified_gmt":"2021-10-31T16:01:52","slug":"covid-19-free","status":"publish","type":"page","link":"https:\/\/energylandia.pl\/cs\/naplanuj-pobyt\/covid-19-free\/","title":{"rendered":"COVID-19 FREE"},"content":{"rendered":"<p style=\"text-align: center;\"><strong>UPOZORN\u011aN\u00cd: V\u0160ECHNY VSTUPENKY BEZ REZERVACE S GARANC\u00cd VSTUPU!<\/strong><\/p>\n<p>P\u0159\u00e1tel\u00e9, v souvislosti s Va\u0161imi \u010detn\u00fdmi zpr\u00e1vami a prosbami, vych\u00e1zej\u00edc vst\u0159\u00edc o\u010dek\u00e1v\u00e1n\u00edm, rozhodli jsme se rezignovat na nutnost rezervace vstupenek!<\/p>\n<p>Od te\u010f budete m\u00edt garanci vstupu do Parku kupuj\u00edc vstupenku v pokladn\u00e1ch na m\u00edst\u011b v Energylandii, jak i p\u0159es platformu&gt;&gt; ticket.energylandia.pl.<\/p>\n<p>Ur\u010dit\u011b p\u0159em\u00fd\u0161l\u00edte, co bude s omezen\u00edm po\u010dtu host\u016f v Parku? Po mnoh\u00fdch anal\u00fdz\u00e1ch a po zohledn\u011bn\u00ed dosavadn\u00edch statistik V\u00e1s m\u016f\u017eeme ujistit, \u017ee limit v Parku nebude p\u0159ekro\u010den. Nemus\u00edte si d\u011blat starosti s po\u010das\u00edm, osudov\u00fdmi ud\u00e1lostmi nebo jin\u00fdmi nep\u0159edv\u00eddateln\u00fdmi okolnostmi \u2013 ode dne\u0161ka m\u016f\u017eete p\u0159ijet ve kter\u00e9mkoli dni s garanc\u00ed vstupu do Parku &#8211; bu\u010fto kupuj\u00edc vstupenku na m\u00edst\u011b nebo online.<\/p>\n<hr \/>\n<p style=\"text-align: center;\"><strong>P\u0159\u00e1tel\u00e9, m\u00e1te na n\u00e1s mnoho dotaz\u016f, a proto p\u0159iprav\u00edme odpov\u011bdi na nej\u010dast\u011bji kladen\u00e9 v jednom m\u00edst\u011b.<\/strong><\/p>\n<p><strong>1 Bezpe\u010dnost v Parku<br \/>\n<\/strong>N\u00e1\u0161 kolektiv ji\u017e mnoho t\u00fddn\u016f zpracov\u00e1v\u00e1 speci\u00e1ln\u00ed procedury a zabezpe\u010den\u00ed pro n\u00e1\u0161 Park. Zavedli jsme ka\u017edodenn\u00ed dezinfekci Parku po zav\u0159en\u00ed &#8211; modern\u00ed drony, termovizn\u00ed kamery, intenzivn\u00ed neust\u00e1la dezinfekce, p\u0159\u00edkaz udr\u017eov\u00e1n\u00ed vzd\u00e1lenosti v\u016f\u010di ciz\u00edm osob\u00e1m a \u0159ada jin\u00fdch n\u00e1pad\u016f pro zaji\u0161t\u011bn\u00ed nejlep\u0161\u00edho komfortu pro hosty.<\/p>\n<p><strong>2 Mus\u00edm nosit rou\u0161ku?<\/strong><br \/>\nV prostoru proch\u00e1zkov\u00fdch chodn\u00ed\u010dk\u016f a parkovi\u0161t\u00edch plat\u00ed standardn\u00ed sm\u011brnice.<br \/>\nJednak doporu\u010dujeme no\u0161en\u00ed rou\u0161ek.<br \/>\nNa ter\u00e9nu vstupu do atrakc\u00ed, uvnit\u0159 atrakc\u00ed a v uk\u00e1zkov\u00fdch z\u00f3n\u00e1ch plat\u00ed z\u00e1sada no\u0161en\u00ed rou\u0161ek.<br \/>\nCo se t\u00fd\u010de atrakc\u00ed nen\u00ed mo\u017en\u00e9 nosit \u0161\u00e1ly, kom\u00edny ani \u0161\u00e1tky.<br \/>\nPovinnost no\u0161en\u00ed rou\u0161ek se net\u00fdk\u00e1 d\u011bt\u00ed do 5 let.<\/p>\n<p><strong>3 Jak budeme jezdit na atrakc\u00edch?<\/strong><br \/>\nV souvislosti s t\u00edm, \u017ee na atrakc\u00edch plat\u00ed p\u0159\u00edkaz no\u0161en\u00ed rou\u0161ek, atrakce budou m\u00edt stejnou propustnost jako doposud.<\/p>\n<p><strong>4 Obchody a ob\u010derstven\u00ed<\/strong><br \/>\nPlat\u00ed z\u00e1sady podle platn\u00fdch sm\u011brnic pro objekty tohoto typu.<\/p>\n<p>&nbsp;<\/p>\n<hr \/>\n<h3 style=\"text-align: center;\"><strong>Z\u00e1bavn\u00fd park Park Rozrywki ENERGYLANDIA nep\u0159eru\u0161en\u011b od po\u010d\u00e1tku sv\u00e9 \u010dinnosti db\u00e1 o hygienu pracovn\u00edk\u016f a Host\u016f, kte\u0159\u00ed n\u00e1s nav\u0161t\u011bvuj\u00ed.<\/strong><\/h3>\n<hr \/>\n<h1 style=\"text-align: center;\"><strong>V ENERGYLANDII se o V\u00e1s postar\u00e1me!<\/strong><\/h1>\n<div class=\"row\">\n<div class=\"col-md-6 plm-covid\">\n<div class=\"row\">\n<div class=\"col-md-3 col-3\"><img decoding=\"async\" src=\"https:\/\/n.energylandia.pl\/files\/MARKETING\/pamietaj-o-czestym-myciu-rak.png\" \/><\/div>\n<div class=\"col-md-9 col-9\">\n<p>M\u016f\u017eete pou\u017e\u00edt n\u011bkter\u00e9 z n\u011bkolika set m\u00edst pro dezinfekci rukou<\/p>\n<\/div>\n<\/div>\n<div class=\"row\">\n<div class=\"col-md-3 col-3\"><img decoding=\"async\" src=\"https:\/\/n.energylandia.pl\/files\/MARKETING\/specjalna-grupa-pracownikow.png\" \/><\/div>\n<div class=\"col-md-9 col-9\">\n<p>Vytvo\u0159ili jsme pro V\u00e1s speci\u00e1ln\u00ed skupinu pracovn\u00edk\u016f zab\u00fdvaj\u00edc\u00edch se dezinfekci povrch\u016f \u010dasto dot\u00fdkan\u00fdch<\/p>\n<\/div>\n<\/div>\n<div class=\"row\">\n<div class=\"col-md-3 col-3\"><img decoding=\"async\" src=\"https:\/\/n.energylandia.pl\/files\/MARKETING\/wybierz-platnosc-bezgotowkowa.png\" \/><\/div>\n<div class=\"col-md-9 col-9\">\n<p>Umo\u017e\u0148ujeme V\u00e1m bezhotovostn\u00ed platbu t\u00e9m\u011b\u0159 v ka\u017ed\u00e9m m\u00edst\u011b v prostoru Parku<\/p>\n<\/div>\n<\/div>\n<div class=\"row\">\n<div class=\"col-md-3 col-3\"><img decoding=\"async\" src=\"https:\/\/n.energylandia.pl\/files\/MARKETING\/srodki-ochrony-osobistej.png\" \/><\/div>\n<div class=\"col-md-9 col-9\">\n<p>Na\u0161i obsluhu jsme maxim\u00e1ln\u011b vybavili prost\u0159edky osobn\u00ed ochrany tj.: rukavi\u010dkami, rou\u0161kami, dezinfek\u010dn\u00edmi prost\u0159edky<\/p>\n<\/div>\n<\/div>\n<\/div>\n<div class=\"col-md-6 plm-covid\">\n<div class=\"row\">\n<div class=\"col-md-3 col-3\"><img decoding=\"async\" src=\"https:\/\/n.energylandia.pl\/files\/MARKETING\/park-dezynfekowany-codziennie.png\" \/><\/div>\n<div class=\"col-md-9 col-9\">\n<p>Ka\u017ed\u00fd den po zav\u0159en\u00ed je Park pln\u011b dezinfikov\u00e1n<\/p>\n<\/div>\n<\/div>\n<div class=\"row\">\n<div class=\"col-md-3 col-3\"><img decoding=\"async\" src=\"https:\/\/n.energylandia.pl\/files\/MARKETING\/kamery-termowizyjne.png\" \/><\/div>\n<div class=\"col-md-9 col-9\">\n<p>Na vstupu jsme nainstalovali termovizn\u00ed kamery pro m\u011b\u0159en\u00ed t\u011blesn\u00e9 teploty<\/p>\n<\/div>\n<\/div>\n<div class=\"row\">\n<div class=\"col-md-3 col-3\"><img decoding=\"async\" src=\"https:\/\/n.energylandia.pl\/files\/MARKETING\/nos-maseczke.png\" \/><\/div>\n<div class=\"col-md-9 col-9\">\n<p>Zp\u0159\u00edstupnili jsme automaty a m\u00edsta pro n\u00e1kup ochrann\u00fdch rou\u0161ek.<\/p>\n<\/div>\n<\/div>\n<div class=\"row\">\n<div class=\"col-md-3 col-3\"><img decoding=\"async\" src=\"https:\/\/n.energylandia.pl\/files\/MARKETING\/szkolimy-sie.png\" \/><\/div>\n<div class=\"col-md-9 col-9\">\n<p>\u0160kol\u00edme se a zvy\u0161ujeme standardy<\/p>\n<\/div>\n<\/div>\n<\/div>\n<\/div>\n<hr \/>\n<h1 style=\"text-align: center;\"><strong>Dbejte o sebe!<\/strong><\/h1>\n<div class=\"row\">\n<div class=\"col-md-6 plm-covid\">\n<div class=\"row\">\n<div class=\"col-md-3 col-3\"><img decoding=\"async\" src=\"https:\/\/n.energylandia.pl\/files\/MARKETING\/pamietaj-o-czestym-myciu-rak.png\" \/><\/div>\n<div class=\"col-md-9 col-9\">\n<p>Pamatujte na \u010dast\u00e9 myt\u00ed rukou<\/p>\n<\/div>\n<\/div>\n<div class=\"row\">\n<div class=\"col-md-3 col-3\"><img decoding=\"async\" src=\"https:\/\/n.energylandia.pl\/files\/MARKETING\/korzystaj--ze-stacji-dezynfekujacych.png\" \/><\/div>\n<div class=\"col-md-9 col-9\">\n<p>Pou\u017e\u00edvejte m\u00edsta dezinfekuj\u00edc\u00ed dlan\u011b p\u0159ed vstupem do ka\u017ed\u00e9ho objektu<\/p>\n<\/div>\n<\/div>\n<div class=\"row\">\n<div class=\"col-md-3 col-3\"><\/div>\n<\/div>\n<div class=\"row\">\n<div class=\"col-md-3 col-3\"><img decoding=\"async\" src=\"https:\/\/n.energylandia.pl\/files\/MARKETING\/nos-maseczke.png\" \/><\/div>\n<div class=\"col-md-9 col-9\">\n<p>Noste rou\u0161ky (je zak\u00e1z\u00e1no nosit na za\u0159\u00edzen\u00edch \u0161\u00e1tky nebo \u0161\u00e1ly zakr\u00fdvaj\u00edc\u00ed obli\u010dej)<\/p>\n<\/div>\n<\/div>\n<\/div>\n<div class=\"col-md-6 plm-covid\">\n<div class=\"row\">\n<div class=\"col-md-3 col-3\"><img decoding=\"async\" src=\"https:\/\/n.energylandia.pl\/files\/MARKETING\/zachowaj-odstep.png\" \/><\/div>\n<div class=\"col-md-9 col-9\">\n<p>Zachov\u00e1vejte odstup<\/p>\n<\/div>\n<\/div>\n<div class=\"row\">\n<div class=\"col-md-3 col-3\"><img decoding=\"async\" src=\"https:\/\/n.energylandia.pl\/files\/MARKETING\/wybierz-platnosc-bezgotowkowa.png\" \/><\/div>\n<div class=\"col-md-9 col-9\">\n<p>Volte bezhotovostn\u00ed platbu<\/p>\n<\/div>\n<\/div>\n<div class=\"row\">\n<div class=\"col-md-3 col-3\"><\/div>\n<\/div>\n<div class=\"row\">\n<div class=\"col-md-3 col-3\"><img decoding=\"async\" src=\"https:\/\/n.energylandia.pl\/files\/MARKETING\/aoo-protego-safe.png\" \/><\/div>\n<div class=\"col-md-9 col-9\">\n<p>Pou\u017eij aplikaci Protego Safe<\/p>\n<\/div>\n<\/div>\n<\/div>\n<\/div>\n<hr \/>\n<h1 style=\"text-align: center;\"><strong>D\u011bkujeme, \u017ee jste na\u0161im Hostem!<\/strong><\/h1>\n","protected":false},"excerpt":{"rendered":"<p>UPOZORN\u011aN\u00cd: V\u0160ECHNY VSTUPENKY BEZ REZERVACE S GARANC\u00cd VSTUPU! P\u0159\u00e1tel\u00e9, v souvislosti s Va\u0161imi \u010detn\u00fdmi zpr\u00e1vami a prosbami, vych\u00e1zej\u00edc vst\u0159\u00edc o\u010dek\u00e1v\u00e1n\u00edm, rozhodli jsme se rezignovat na nutnost rezervace vstupenek! Od te\u010f budete m\u00edt garanci vstupu do Parku kupuj\u00edc vstupenku v pokladn\u00e1ch na m\u00edst\u011b v Energylandii, jak i p\u0159es platformu&gt;&gt; ticket.energylandia.pl. Ur\u010dit\u011b p\u0159em\u00fd\u0161l\u00edte, co bude s omezen\u00edm [&hellip;]<\/p>\n","protected":false},"author":28,"featured_media":0,"parent":13805,"menu_order":179,"comment_status":"closed","ping_status":"closed","template":"covid.php","meta":{"footnotes":""},"class_list":["post-59202","page","type-page","status-publish","hentry"],"acf":[],"yoast_head":"<!-- This site is optimized with the Yoast SEO plugin v20.9 - https:\/\/yoast.com\/wordpress\/plugins\/seo\/ -->\n<title>COVID-19 FREE - ENERGYLANDIA - Rodzinny Park Rozrywki w Zatorze<\/title>\n<meta name=\"robots\" content=\"index, follow, max-snippet:-1, max-image-preview:large, max-video-preview:-1\" \/>\n<meta property=\"og:locale\" content=\"cs_CZ\" \/>\n<meta property=\"og:type\" content=\"article\" \/>\n<meta property=\"og:title\" content=\"COVID-19 FREE - ENERGYLANDIA - Rodzinny Park Rozrywki w Zatorze\" \/>\n<meta property=\"og:description\" content=\"UPOZORN\u011aN\u00cd: V\u0160ECHNY VSTUPENKY BEZ REZERVACE S GARANC\u00cd VSTUPU! P\u0159\u00e1tel\u00e9, v souvislosti s Va\u0161imi \u010detn\u00fdmi zpr\u00e1vami a prosbami, vych\u00e1zej\u00edc vst\u0159\u00edc o\u010dek\u00e1v\u00e1n\u00edm, rozhodli jsme se rezignovat na nutnost rezervace vstupenek! Od te\u010f budete m\u00edt garanci vstupu do Parku kupuj\u00edc vstupenku v pokladn\u00e1ch na m\u00edst\u011b v Energylandii, jak i p\u0159es platformu&gt;&gt; ticket.energylandia.pl. Ur\u010dit\u011b p\u0159em\u00fd\u0161l\u00edte, co bude s omezen\u00edm [&hellip;]\" \/>\n<meta property=\"og:url\" content=\"https:\/\/energylandia.pl\/cs\/naplanuj-pobyt\/covid-19-free\/\" \/>\n<meta property=\"og:site_name\" content=\"ENERGYLANDIA - Rodzinny Park Rozrywki w Zatorze\" \/>\n<meta property=\"article:publisher\" content=\"https:\/\/www.facebook.com\/EnergyLandia\" \/>\n<meta property=\"article:modified_time\" content=\"2021-10-31T16:01:52+00:00\" \/>\n<meta property=\"og:image\" content=\"https:\/\/n.energylandia.pl\/files\/MARKETING\/pamietaj-o-czestym-myciu-rak.png\" \/>\n<meta name=\"twitter:card\" content=\"summary_large_image\" \/>\n<meta name=\"twitter:label1\" content=\"Odhadovan\u00e1 doba \u010dten\u00ed\" \/>\n\t<meta name=\"twitter:data1\" content=\"5 minut\" \/>\n<script type=\"application\/ld+json\" class=\"yoast-schema-graph\">{\"@context\":\"https:\/\/schema.org\",\"@graph\":[{\"@type\":\"WebPage\",\"@id\":\"https:\/\/energylandia.pl\/cs\/naplanuj-pobyt\/covid-19-free\/\",\"url\":\"https:\/\/energylandia.pl\/cs\/naplanuj-pobyt\/covid-19-free\/\",\"name\":\"COVID-19 FREE - ENERGYLANDIA - Rodzinny Park Rozrywki w Zatorze\",\"isPartOf\":{\"@id\":\"https:\/\/energylandia.pl\/#website\"},\"datePublished\":\"2020-05-13T07:29:45+00:00\",\"dateModified\":\"2021-10-31T16:01:52+00:00\",\"breadcrumb\":{\"@id\":\"https:\/\/energylandia.pl\/cs\/naplanuj-pobyt\/covid-19-free\/#breadcrumb\"},\"inLanguage\":\"cs\",\"potentialAction\":[{\"@type\":\"ReadAction\",\"target\":[\"https:\/\/energylandia.pl\/cs\/naplanuj-pobyt\/covid-19-free\/\"]}]},{\"@type\":\"BreadcrumbList\",\"@id\":\"https:\/\/energylandia.pl\/cs\/naplanuj-pobyt\/covid-19-free\/#breadcrumb\",\"itemListElement\":[{\"@type\":\"ListItem\",\"position\":1,\"name\":\"Strona g\u0142\u00f3wna\",\"item\":\"https:\/\/energylandia.pl\/cs\/\"},{\"@type\":\"ListItem\",\"position\":2,\"name\":\"Napl\u00e1nuj pobyt\",\"item\":\"https:\/\/energylandia.pl\/cs\/naplanuj-pobyt\/\"},{\"@type\":\"ListItem\",\"position\":3,\"name\":\"COVID-19 FREE\"}]},{\"@type\":\"WebSite\",\"@id\":\"https:\/\/energylandia.pl\/#website\",\"url\":\"https:\/\/energylandia.pl\/\",\"name\":\"ENERGYLANDIA - Rodzinny Park Rozrywki w Zatorze\",\"description\":\"ENERGYLANDIA - najwi\u0119kszy rodzinny Park Rozrywki w Polsce!\",\"publisher\":{\"@id\":\"https:\/\/energylandia.pl\/#organization\"},\"potentialAction\":[{\"@type\":\"SearchAction\",\"target\":{\"@type\":\"EntryPoint\",\"urlTemplate\":\"https:\/\/energylandia.pl\/?s={search_term_string}\"},\"query-input\":\"required name=search_term_string\"}],\"inLanguage\":\"cs\"},{\"@type\":\"Organization\",\"@id\":\"https:\/\/energylandia.pl\/#organization\",\"name\":\"Energylandia\",\"url\":\"https:\/\/energylandia.pl\/\",\"logo\":{\"@type\":\"ImageObject\",\"inLanguage\":\"cs\",\"@id\":\"https:\/\/energylandia.pl\/#\/schema\/logo\/image\/\",\"url\":\"\",\"contentUrl\":\"\",\"caption\":\"Energylandia\"},\"image\":{\"@id\":\"https:\/\/energylandia.pl\/#\/schema\/logo\/image\/\"},\"sameAs\":[\"https:\/\/www.facebook.com\/EnergyLandia\",\"https:\/\/www.youtube.com\/channel\/UCPj-Bs4Pfub_Bm04BOfyDoA\",\"https:\/\/vm.tiktok.com\/Tw7YAK\/\"]}]}<\/script>\n<!-- \/ Yoast SEO plugin. -->","yoast_head_json":{"title":"COVID-19 FREE - ENERGYLANDIA - Rodzinny Park Rozrywki w Zatorze","robots":{"index":"index","follow":"follow","max-snippet":"max-snippet:-1","max-image-preview":"max-image-preview:large","max-video-preview":"max-video-preview:-1"},"og_locale":"cs_CZ","og_type":"article","og_title":"COVID-19 FREE - ENERGYLANDIA - Rodzinny Park Rozrywki w Zatorze","og_description":"UPOZORN\u011aN\u00cd: V\u0160ECHNY VSTUPENKY BEZ REZERVACE S GARANC\u00cd VSTUPU! P\u0159\u00e1tel\u00e9, v souvislosti s Va\u0161imi \u010detn\u00fdmi zpr\u00e1vami a prosbami, vych\u00e1zej\u00edc vst\u0159\u00edc o\u010dek\u00e1v\u00e1n\u00edm, rozhodli jsme se rezignovat na nutnost rezervace vstupenek! Od te\u010f budete m\u00edt garanci vstupu do Parku kupuj\u00edc vstupenku v pokladn\u00e1ch na m\u00edst\u011b v Energylandii, jak i p\u0159es platformu&gt;&gt; ticket.energylandia.pl. Ur\u010dit\u011b p\u0159em\u00fd\u0161l\u00edte, co bude s omezen\u00edm [&hellip;]","og_url":"https:\/\/energylandia.pl\/cs\/naplanuj-pobyt\/covid-19-free\/","og_site_name":"ENERGYLANDIA - Rodzinny Park Rozrywki w Zatorze","article_publisher":"https:\/\/www.facebook.com\/EnergyLandia","article_modified_time":"2021-10-31T16:01:52+00:00","og_image":[{"url":"https:\/\/n.energylandia.pl\/files\/MARKETING\/pamietaj-o-czestym-myciu-rak.png"}],"twitter_card":"summary_large_image","twitter_misc":{"Odhadovan\u00e1 doba \u010dten\u00ed":"5 minut"},"schema":{"@context":"https:\/\/schema.org","@graph":[{"@type":"WebPage","@id":"https:\/\/energylandia.pl\/cs\/naplanuj-pobyt\/covid-19-free\/","url":"https:\/\/energylandia.pl\/cs\/naplanuj-pobyt\/covid-19-free\/","name":"COVID-19 FREE - ENERGYLANDIA - Rodzinny Park Rozrywki w Zatorze","isPartOf":{"@id":"https:\/\/energylandia.pl\/#website"},"datePublished":"2020-05-13T07:29:45+00:00","dateModified":"2021-10-31T16:01:52+00:00","breadcrumb":{"@id":"https:\/\/energylandia.pl\/cs\/naplanuj-pobyt\/covid-19-free\/#breadcrumb"},"inLanguage":"cs","potentialAction":[{"@type":"ReadAction","target":["https:\/\/energylandia.pl\/cs\/naplanuj-pobyt\/covid-19-free\/"]}]},{"@type":"BreadcrumbList","@id":"https:\/\/energylandia.pl\/cs\/naplanuj-pobyt\/covid-19-free\/#breadcrumb","itemListElement":[{"@type":"ListItem","position":1,"name":"Strona g\u0142\u00f3wna","item":"https:\/\/energylandia.pl\/cs\/"},{"@type":"ListItem","position":2,"name":"Napl\u00e1nuj pobyt","item":"https:\/\/energylandia.pl\/cs\/naplanuj-pobyt\/"},{"@type":"ListItem","position":3,"name":"COVID-19 FREE"}]},{"@type":"WebSite","@id":"https:\/\/energylandia.pl\/#website","url":"https:\/\/energylandia.pl\/","name":"ENERGYLANDIA - Rodzinny Park Rozrywki w Zatorze","description":"ENERGYLANDIA - najwi\u0119kszy rodzinny Park Rozrywki w Polsce!","publisher":{"@id":"https:\/\/energylandia.pl\/#organization"},"potentialAction":[{"@type":"SearchAction","target":{"@type":"EntryPoint","urlTemplate":"https:\/\/energylandia.pl\/?s={search_term_string}"},"query-input":"required name=search_term_string"}],"inLanguage":"cs"},{"@type":"Organization","@id":"https:\/\/energylandia.pl\/#organization","name":"Energylandia","url":"https:\/\/energylandia.pl\/","logo":{"@type":"ImageObject","inLanguage":"cs","@id":"https:\/\/energylandia.pl\/#\/schema\/logo\/image\/","url":"","contentUrl":"","caption":"Energylandia"},"image":{"@id":"https:\/\/energylandia.pl\/#\/schema\/logo\/image\/"},"sameAs":["https:\/\/www.facebook.com\/EnergyLandia","https:\/\/www.youtube.com\/channel\/UCPj-Bs4Pfub_Bm04BOfyDoA","https:\/\/vm.tiktok.com\/Tw7YAK\/"]}]}},"_links":{"self":[{"href":"https:\/\/energylandia.pl\/cs\/wp-json\/wp\/v2\/pages\/59202","targetHints":{"allow":["GET"]}}],"collection":[{"href":"https:\/\/energylandia.pl\/cs\/wp-json\/wp\/v2\/pages"}],"about":[{"href":"https:\/\/energylandia.pl\/cs\/wp-json\/wp\/v2\/types\/page"}],"author":[{"embeddable":true,"href":"https:\/\/energylandia.pl\/cs\/wp-json\/wp\/v2\/users\/28"}],"replies":[{"embeddable":true,"href":"https:\/\/energylandia.pl\/cs\/wp-json\/wp\/v2\/comments?post=59202"}],"version-history":[{"count":0,"href":"https:\/\/energylandia.pl\/cs\/wp-json\/wp\/v2\/pages\/59202\/revisions"}],"up":[{"embeddable":true,"href":"https:\/\/energylandia.pl\/cs\/wp-json\/wp\/v2\/pages\/13805"}],"wp:attachment":[{"href":"https:\/\/energylandia.pl\/cs\/wp-json\/wp\/v2\/media?parent=59202"}],"curies":[{"name":"wp","href":"https:\/\/api.w.org\/{rel}","templated":true}]}}