{"id":54680,"date":"2020-02-12T10:02:21","date_gmt":"2020-02-12T09:02:21","guid":{"rendered":"https:\/\/energylandia.pl\/?page_id=54680"},"modified":"2026-04-01T08:13:59","modified_gmt":"2026-04-01T06:13:59","slug":"strona-glowna-2020","status":"publish","type":"page","link":"https:\/\/energylandia.pl\/cs\/","title":{"rendered":"Strona g\u0142\u00f3wna"},"content":{"rendered":"","protected":false},"excerpt":{"rendered":"","protected":false},"author":26,"featured_media":0,"parent":0,"menu_order":155,"comment_status":"closed","ping_status":"closed","template":"","meta":{"footnotes":""},"acf":[],"yoast_head":"<!-- This site is optimized with the Yoast SEO plugin v20.9 - https:\/\/yoast.com\/wordpress\/plugins\/seo\/ -->\n<title>Nejv\u011bt\u0161\u00ed z\u00e1bavn\u00ed park v Evrop\u011b | Energylandia<\/title>\n<meta name=\"description\" content=\"P\u0159ipojte se k n\u00e1m v Energylandii, nejv\u011bt\u0161\u00edm z\u00e1bavn\u00edm parku v Polsku \u2b50 Je to v\u00edc ne\u017e jen z\u00e1bavn\u00ed park, je to centrum pln\u00e9 z\u00e1bavy.\" \/>\n<meta name=\"robots\" content=\"index, follow, max-snippet:-1, max-image-preview:large, max-video-preview:-1\" \/>\n<meta property=\"og:locale\" content=\"cs_CZ\" \/>\n<meta property=\"og:type\" content=\"article\" \/>\n<meta property=\"og:title\" content=\"Nejv\u011bt\u0161\u00ed z\u00e1bavn\u00ed park v Evrop\u011b | Energylandia\" \/>\n<meta property=\"og:description\" content=\"P\u0159ipojte se k n\u00e1m v Energylandii, nejv\u011bt\u0161\u00edm z\u00e1bavn\u00edm parku v Polsku \u2b50 Je to v\u00edc ne\u017e jen z\u00e1bavn\u00ed park, je to centrum pln\u00e9 z\u00e1bavy.\" \/>\n<meta property=\"og:url\" content=\"https:\/\/energylandia.pl\/cs\/\" \/>\n<meta property=\"og:site_name\" content=\"ENERGYLANDIA - Rodzinny Park Rozrywki w Zatorze\" \/>\n<meta property=\"article:publisher\" content=\"https:\/\/www.facebook.com\/EnergyLandia\" \/>\n<meta property=\"article:modified_time\" content=\"2026-04-01T06:13:59+00:00\" \/>\n<meta name=\"twitter:card\" content=\"summary_large_image\" \/>\n<script type=\"application\/ld+json\" class=\"yoast-schema-graph\">{\"@context\":\"https:\/\/schema.org\",\"@graph\":[{\"@type\":\"WebPage\",\"@id\":\"https:\/\/energylandia.pl\/cs\/\",\"url\":\"https:\/\/energylandia.pl\/cs\/\",\"name\":\"Nejv\u011bt\u0161\u00ed z\u00e1bavn\u00ed park v Evrop\u011b | Energylandia\",\"isPartOf\":{\"@id\":\"https:\/\/energylandia.pl\/#website\"},\"datePublished\":\"2020-02-12T09:02:21+00:00\",\"dateModified\":\"2026-04-01T06:13:59+00:00\",\"description\":\"P\u0159ipojte se k n\u00e1m v Energylandii, nejv\u011bt\u0161\u00edm z\u00e1bavn\u00edm parku v Polsku \u2b50 Je to v\u00edc ne\u017e jen z\u00e1bavn\u00ed park, je to centrum pln\u00e9 z\u00e1bavy.\",\"breadcrumb\":{\"@id\":\"https:\/\/energylandia.pl\/cs\/#breadcrumb\"},\"inLanguage\":\"cs\",\"potentialAction\":[{\"@type\":\"ReadAction\",\"target\":[\"https:\/\/energylandia.pl\/cs\/\"]}]},{\"@type\":\"BreadcrumbList\",\"@id\":\"https:\/\/energylandia.pl\/cs\/#breadcrumb\",\"itemListElement\":[{\"@type\":\"ListItem\",\"position\":1,\"name\":\"Strona g\u0142\u00f3wna\",\"item\":\"https:\/\/energylandia.pl\/cs\/\"},{\"@type\":\"ListItem\",\"position\":2,\"name\":\"Strona g\u0142\u00f3wna\"}]},{\"@type\":\"WebSite\",\"@id\":\"https:\/\/energylandia.pl\/#website\",\"url\":\"https:\/\/energylandia.pl\/\",\"name\":\"ENERGYLANDIA - Rodzinny Park Rozrywki w Zatorze\",\"description\":\"ENERGYLANDIA - najwi\u0119kszy rodzinny Park Rozrywki w Polsce!\",\"publisher\":{\"@id\":\"https:\/\/energylandia.pl\/#organization\"},\"potentialAction\":[{\"@type\":\"SearchAction\",\"target\":{\"@type\":\"EntryPoint\",\"urlTemplate\":\"https:\/\/energylandia.pl\/?s={search_term_string}\"},\"query-input\":\"required name=search_term_string\"}],\"inLanguage\":\"cs\"},{\"@type\":\"Organization\",\"@id\":\"https:\/\/energylandia.pl\/#organization\",\"name\":\"Energylandia\",\"url\":\"https:\/\/energylandia.pl\/\",\"logo\":{\"@type\":\"ImageObject\",\"inLanguage\":\"cs\",\"@id\":\"https:\/\/energylandia.pl\/#\/schema\/logo\/image\/\",\"url\":\"\",\"contentUrl\":\"\",\"caption\":\"Energylandia\"},\"image\":{\"@id\":\"https:\/\/energylandia.pl\/#\/schema\/logo\/image\/\"},\"sameAs\":[\"https:\/\/www.facebook.com\/EnergyLandia\",\"https:\/\/www.youtube.com\/channel\/UCPj-Bs4Pfub_Bm04BOfyDoA\",\"https:\/\/vm.tiktok.com\/Tw7YAK\/\"]}]}<\/script>\n<!-- \/ Yoast SEO plugin. -->","yoast_head_json":{"title":"Nejv\u011bt\u0161\u00ed z\u00e1bavn\u00ed park v Evrop\u011b | Energylandia","description":"P\u0159ipojte se k n\u00e1m v Energylandii, nejv\u011bt\u0161\u00edm z\u00e1bavn\u00edm parku v Polsku \u2b50 Je to v\u00edc ne\u017e jen z\u00e1bavn\u00ed park, je to centrum pln\u00e9 z\u00e1bavy.","robots":{"index":"index","follow":"follow","max-snippet":"max-snippet:-1","max-image-preview":"max-image-preview:large","max-video-preview":"max-video-preview:-1"},"og_locale":"cs_CZ","og_type":"article","og_title":"Nejv\u011bt\u0161\u00ed z\u00e1bavn\u00ed park v Evrop\u011b | Energylandia","og_description":"P\u0159ipojte se k n\u00e1m v Energylandii, nejv\u011bt\u0161\u00edm z\u00e1bavn\u00edm parku v Polsku \u2b50 Je to v\u00edc ne\u017e jen z\u00e1bavn\u00ed park, je to centrum pln\u00e9 z\u00e1bavy.","og_url":"https:\/\/energylandia.pl\/cs\/","og_site_name":"ENERGYLANDIA - Rodzinny Park Rozrywki w Zatorze","article_publisher":"https:\/\/www.facebook.com\/EnergyLandia","article_modified_time":"2026-04-01T06:13:59+00:00","twitter_card":"summary_large_image","schema":{"@context":"https:\/\/schema.org","@graph":[{"@type":"WebPage","@id":"https:\/\/energylandia.pl\/cs\/","url":"https:\/\/energylandia.pl\/cs\/","name":"Nejv\u011bt\u0161\u00ed z\u00e1bavn\u00ed park v Evrop\u011b | Energylandia","isPartOf":{"@id":"https:\/\/energylandia.pl\/#website"},"datePublished":"2020-02-12T09:02:21+00:00","dateModified":"2026-04-01T06:13:59+00:00","description":"P\u0159ipojte se k n\u00e1m v Energylandii, nejv\u011bt\u0161\u00edm z\u00e1bavn\u00edm parku v Polsku \u2b50 Je to v\u00edc ne\u017e jen z\u00e1bavn\u00ed park, je to centrum pln\u00e9 z\u00e1bavy.","breadcrumb":{"@id":"https:\/\/energylandia.pl\/cs\/#breadcrumb"},"inLanguage":"cs","potentialAction":[{"@type":"ReadAction","target":["https:\/\/energylandia.pl\/cs\/"]}]},{"@type":"BreadcrumbList","@id":"https:\/\/energylandia.pl\/cs\/#breadcrumb","itemListElement":[{"@type":"ListItem","position":1,"name":"Strona g\u0142\u00f3wna","item":"https:\/\/energylandia.pl\/cs\/"},{"@type":"ListItem","position":2,"name":"Strona g\u0142\u00f3wna"}]},{"@type":"WebSite","@id":"https:\/\/energylandia.pl\/#website","url":"https:\/\/energylandia.pl\/","name":"ENERGYLANDIA - Rodzinny Park Rozrywki w Zatorze","description":"ENERGYLANDIA - najwi\u0119kszy rodzinny Park Rozrywki w Polsce!","publisher":{"@id":"https:\/\/energylandia.pl\/#organization"},"potentialAction":[{"@type":"SearchAction","target":{"@type":"EntryPoint","urlTemplate":"https:\/\/energylandia.pl\/?s={search_term_string}"},"query-input":"required name=search_term_string"}],"inLanguage":"cs"},{"@type":"Organization","@id":"https:\/\/energylandia.pl\/#organization","name":"Energylandia","url":"https:\/\/energylandia.pl\/","logo":{"@type":"ImageObject","inLanguage":"cs","@id":"https:\/\/energylandia.pl\/#\/schema\/logo\/image\/","url":"","contentUrl":"","caption":"Energylandia"},"image":{"@id":"https:\/\/energylandia.pl\/#\/schema\/logo\/image\/"},"sameAs":["https:\/\/www.facebook.com\/EnergyLandia","https:\/\/www.youtube.com\/channel\/UCPj-Bs4Pfub_Bm04BOfyDoA","https:\/\/vm.tiktok.com\/Tw7YAK\/"]}]}},"_links":{"self":[{"href":"https:\/\/energylandia.pl\/cs\/wp-json\/wp\/v2\/pages\/54680"}],"collection":[{"href":"https:\/\/energylandia.pl\/cs\/wp-json\/wp\/v2\/pages"}],"about":[{"href":"https:\/\/energylandia.pl\/cs\/wp-json\/wp\/v2\/types\/page"}],"author":[{"embeddable":true,"href":"https:\/\/energylandia.pl\/cs\/wp-json\/wp\/v2\/users\/26"}],"replies":[{"embeddable":true,"href":"https:\/\/energylandia.pl\/cs\/wp-json\/wp\/v2\/comments?post=54680"}],"version-history":[{"count":4,"href":"https:\/\/energylandia.pl\/cs\/wp-json\/wp\/v2\/pages\/54680\/revisions"}],"predecessor-version":[{"id":291743,"href":"https:\/\/energylandia.pl\/cs\/wp-json\/wp\/v2\/pages\/54680\/revisions\/291743"}],"wp:attachment":[{"href":"https:\/\/energylandia.pl\/cs\/wp-json\/wp\/v2\/media?parent=54680"}],"curies":[{"name":"wp","href":"https:\/\/api.w.org\/{rel}","templated":true}]}}