{"id":53534,"date":"2020-01-08T12:26:14","date_gmt":"2020-01-08T11:26:14","guid":{"rendered":"https:\/\/energylandia.pl\/?page_id=53534"},"modified":"2026-04-16T09:06:01","modified_gmt":"2026-04-16T07:06:01","slug":"vstupenky-jako-darek","status":"publish","type":"page","link":"https:\/\/energylandia.pl\/cs\/cenik\/vstupenky-jako-darek\/","title":{"rendered":"Vstupenky jako d\u00e1rek"},"content":{"rendered":"<p><strong>D\u00c1RKOV\u00c9 VSTUPENKY<\/strong><\/p>\n<ul>\n<li style=\"list-style-type: none;\">\n<ul>\n<li>D\u00e1rkov\u00e1 vstupenka (v pap\u00edrov\u00e9 verzi) je platn\u00e1 do 31.10.2026 podle otev\u00edrac\u00edho kalend\u00e1\u0159e parku.<\/li>\n<li>Vstupenka oprav\u0148uje dr\u017eitele k vyu\u017eit\u00ed v\u0161ech atrakc\u00ed parku bez dal\u0161\u00edch poplatk\u016f (s v\u00fdjimkou j\u00eddla a hern\u00edch automat\u016f).<\/li>\n<li>Vstupenka je jednor\u00e1zov\u00e1.<\/li>\n<li>Jedna osoba si m\u016f\u017ee zakoupit maxim\u00e1ln\u011b 10 vstupenek ve v\u0161ech objedn\u00e1vk\u00e1ch.<\/li>\n<li>K vstupenk\u00e1m se p\u0159ipo\u010d\u00edt\u00e1v\u00e1 poplatek za dopravu.<\/li>\n<li>D\u00e1rkov\u00e9 vstupenky nelze p\u0159ev\u00e9st na jinou sez\u00f3nu.<\/li>\n<li>Dvoudenn\u00ed a t\u0159\u00eddenn\u00ed vstupenky jsou platn\u00e9 POUZE pro n\u00e1v\u0161t\u011bvy parku v po sob\u011b jdouc\u00edch dnech.<\/li>\n<li>Vstupenky nejsou personalizovan\u00e9.<\/li>\n<li>Standardn\u00ed vstupenky plat\u00ed pro osoby vy\u0161\u0161\u00ed ne\u017e 140 cm.<\/li>\n<li>Zlevn\u011bn\u00e9 j\u00edzdn\u00e9 se vztahuje na d\u011bti do 140 cm v\u00fd\u0161ky, seniory od 65 let, t\u011bhotn\u00e9 \u017eeny, osoby se zdravotn\u00edm posti\u017een\u00edm a novoman\u017eele (pouze p\u0159i n\u00e1kupu j\u00edzdenky na pokladn\u011b).<\/li>\n<\/ul>\n<\/li>\n<\/ul>\n<hr \/>\n<p><strong>D\u00c1RKOV\u00c9 VSTUPENKY JSOU PERFEKTN\u00cd D\u00c1REK PRO MILOVAN\u00c9 OSOBY, ZAM\u011aSTNANCE, DODAVATELE, PRO SOUT\u011a\u017dE A TOMBOLY<\/strong><\/p>\n<p>D\u00e1rkov\u00e1 vstupenka v exkluzivn\u00edm balen\u00ed je jedine\u010dn\u00fd d\u00e1rek pro va\u0161e bl\u00edzk\u00e9.<br \/>\nD\u00e1rkov\u00e9 vstupenky platn\u00e9 do 31.10.2026 jsou nyn\u00ed k dispozici k zakoupen\u00ed.<br \/>\nVstupenka zahrnuje v\u0161echny atrakce Energylandia Theme Parku, v\u010detn\u011b nov\u00e9 z\u00f3ny Sweet Valley.<br \/>\nFirmy a instituce mohou vstupenky vyu\u017e\u00edt pro v\u00fdlety, kde si cel\u00e1 skupina u\u017eije park najednou, nebo jako d\u00e1rkov\u00e9 vstupenky, kter\u00e9 umo\u017e\u0148uj\u00ed zam\u011bstnanc\u016fm nav\u0161t\u00edvit park kdykoliv bez organizov\u00e1n\u00ed skupinov\u00e9ho v\u00fdletu.<\/p>\n","protected":false},"excerpt":{"rendered":"<p>D\u00c1RKOV\u00c9 VSTUPENKY D\u00e1rkov\u00e1 vstupenka (v pap\u00edrov\u00e9 verzi) je platn\u00e1 do 31.10.2026 podle otev\u00edrac\u00edho kalend\u00e1\u0159e parku. Vstupenka oprav\u0148uje dr\u017eitele k vyu\u017eit\u00ed v\u0161ech atrakc\u00ed parku bez dal\u0161\u00edch poplatk\u016f (s v\u00fdjimkou j\u00eddla a hern\u00edch automat\u016f). Vstupenka je jednor\u00e1zov\u00e1. Jedna osoba si m\u016f\u017ee zakoupit maxim\u00e1ln\u011b 10 vstupenek ve v\u0161ech objedn\u00e1vk\u00e1ch. K vstupenk\u00e1m se p\u0159ipo\u010d\u00edt\u00e1v\u00e1 poplatek za dopravu. D\u00e1rkov\u00e9 vstupenky [&hellip;]<\/p>\n","protected":false},"author":26,"featured_media":0,"parent":13791,"menu_order":369,"comment_status":"closed","ping_status":"closed","template":"templates\/bilet-single.php","meta":{"footnotes":""},"class_list":["post-53534","page","type-page","status-publish","hentry"],"acf":[],"yoast_head":"<!-- This site is optimized with the Yoast SEO plugin v20.9 - https:\/\/yoast.com\/wordpress\/plugins\/seo\/ -->\n<title>Vstupenky jako d\u00e1rek - ENERGYLANDIA - Rodzinny Park Rozrywki w Zatorze<\/title>\n<meta name=\"robots\" content=\"index, follow, max-snippet:-1, max-image-preview:large, max-video-preview:-1\" \/>\n<meta property=\"og:locale\" content=\"cs_CZ\" \/>\n<meta property=\"og:type\" content=\"article\" \/>\n<meta property=\"og:title\" content=\"Vstupenky jako d\u00e1rek - ENERGYLANDIA - Rodzinny Park Rozrywki w Zatorze\" \/>\n<meta property=\"og:description\" content=\"D\u00c1RKOV\u00c9 VSTUPENKY D\u00e1rkov\u00e1 vstupenka (v pap\u00edrov\u00e9 verzi) je platn\u00e1 do 31.10.2026 podle otev\u00edrac\u00edho kalend\u00e1\u0159e parku. Vstupenka oprav\u0148uje dr\u017eitele k vyu\u017eit\u00ed v\u0161ech atrakc\u00ed parku bez dal\u0161\u00edch poplatk\u016f (s v\u00fdjimkou j\u00eddla a hern\u00edch automat\u016f). Vstupenka je jednor\u00e1zov\u00e1. Jedna osoba si m\u016f\u017ee zakoupit maxim\u00e1ln\u011b 10 vstupenek ve v\u0161ech objedn\u00e1vk\u00e1ch. K vstupenk\u00e1m se p\u0159ipo\u010d\u00edt\u00e1v\u00e1 poplatek za dopravu. D\u00e1rkov\u00e9 vstupenky [&hellip;]\" \/>\n<meta property=\"og:url\" content=\"https:\/\/energylandia.pl\/cs\/cenik\/vstupenky-jako-darek\/\" \/>\n<meta property=\"og:site_name\" content=\"ENERGYLANDIA - Rodzinny Park Rozrywki w Zatorze\" \/>\n<meta property=\"article:publisher\" content=\"https:\/\/www.facebook.com\/EnergyLandia\" \/>\n<meta property=\"article:modified_time\" content=\"2026-04-16T07:06:01+00:00\" \/>\n<meta name=\"twitter:card\" content=\"summary_large_image\" \/>\n<meta name=\"twitter:label1\" content=\"Odhadovan\u00e1 doba \u010dten\u00ed\" \/>\n\t<meta name=\"twitter:data1\" content=\"2 minuty\" \/>\n<script type=\"application\/ld+json\" class=\"yoast-schema-graph\">{\"@context\":\"https:\/\/schema.org\",\"@graph\":[{\"@type\":\"WebPage\",\"@id\":\"https:\/\/energylandia.pl\/cs\/cenik\/vstupenky-jako-darek\/\",\"url\":\"https:\/\/energylandia.pl\/cs\/cenik\/vstupenky-jako-darek\/\",\"name\":\"Vstupenky jako d\u00e1rek - ENERGYLANDIA - Rodzinny Park Rozrywki w Zatorze\",\"isPartOf\":{\"@id\":\"https:\/\/energylandia.pl\/#website\"},\"datePublished\":\"2020-01-08T11:26:14+00:00\",\"dateModified\":\"2026-04-16T07:06:01+00:00\",\"breadcrumb\":{\"@id\":\"https:\/\/energylandia.pl\/cs\/cenik\/vstupenky-jako-darek\/#breadcrumb\"},\"inLanguage\":\"cs\",\"potentialAction\":[{\"@type\":\"ReadAction\",\"target\":[\"https:\/\/energylandia.pl\/cs\/cenik\/vstupenky-jako-darek\/\"]}]},{\"@type\":\"BreadcrumbList\",\"@id\":\"https:\/\/energylandia.pl\/cs\/cenik\/vstupenky-jako-darek\/#breadcrumb\",\"itemListElement\":[{\"@type\":\"ListItem\",\"position\":1,\"name\":\"Strona g\u0142\u00f3wna\",\"item\":\"https:\/\/energylandia.pl\/cs\/\"},{\"@type\":\"ListItem\",\"position\":2,\"name\":\"Cen\u00edk\",\"item\":\"https:\/\/energylandia.pl\/cs\/cenik\/\"},{\"@type\":\"ListItem\",\"position\":3,\"name\":\"Vstupenky jako d\u00e1rek\"}]},{\"@type\":\"WebSite\",\"@id\":\"https:\/\/energylandia.pl\/#website\",\"url\":\"https:\/\/energylandia.pl\/\",\"name\":\"ENERGYLANDIA - Rodzinny Park Rozrywki w Zatorze\",\"description\":\"ENERGYLANDIA - najwi\u0119kszy rodzinny Park Rozrywki w Polsce!\",\"publisher\":{\"@id\":\"https:\/\/energylandia.pl\/#organization\"},\"potentialAction\":[{\"@type\":\"SearchAction\",\"target\":{\"@type\":\"EntryPoint\",\"urlTemplate\":\"https:\/\/energylandia.pl\/?s={search_term_string}\"},\"query-input\":\"required name=search_term_string\"}],\"inLanguage\":\"cs\"},{\"@type\":\"Organization\",\"@id\":\"https:\/\/energylandia.pl\/#organization\",\"name\":\"Energylandia\",\"url\":\"https:\/\/energylandia.pl\/\",\"logo\":{\"@type\":\"ImageObject\",\"inLanguage\":\"cs\",\"@id\":\"https:\/\/energylandia.pl\/#\/schema\/logo\/image\/\",\"url\":\"\",\"contentUrl\":\"\",\"caption\":\"Energylandia\"},\"image\":{\"@id\":\"https:\/\/energylandia.pl\/#\/schema\/logo\/image\/\"},\"sameAs\":[\"https:\/\/www.facebook.com\/EnergyLandia\",\"https:\/\/www.youtube.com\/channel\/UCPj-Bs4Pfub_Bm04BOfyDoA\",\"https:\/\/vm.tiktok.com\/Tw7YAK\/\"]}]}<\/script>\n<!-- \/ Yoast SEO plugin. -->","yoast_head_json":{"title":"Vstupenky jako d\u00e1rek - ENERGYLANDIA - Rodzinny Park Rozrywki w Zatorze","robots":{"index":"index","follow":"follow","max-snippet":"max-snippet:-1","max-image-preview":"max-image-preview:large","max-video-preview":"max-video-preview:-1"},"og_locale":"cs_CZ","og_type":"article","og_title":"Vstupenky jako d\u00e1rek - ENERGYLANDIA - Rodzinny Park Rozrywki w Zatorze","og_description":"D\u00c1RKOV\u00c9 VSTUPENKY D\u00e1rkov\u00e1 vstupenka (v pap\u00edrov\u00e9 verzi) je platn\u00e1 do 31.10.2026 podle otev\u00edrac\u00edho kalend\u00e1\u0159e parku. Vstupenka oprav\u0148uje dr\u017eitele k vyu\u017eit\u00ed v\u0161ech atrakc\u00ed parku bez dal\u0161\u00edch poplatk\u016f (s v\u00fdjimkou j\u00eddla a hern\u00edch automat\u016f). Vstupenka je jednor\u00e1zov\u00e1. Jedna osoba si m\u016f\u017ee zakoupit maxim\u00e1ln\u011b 10 vstupenek ve v\u0161ech objedn\u00e1vk\u00e1ch. K vstupenk\u00e1m se p\u0159ipo\u010d\u00edt\u00e1v\u00e1 poplatek za dopravu. D\u00e1rkov\u00e9 vstupenky [&hellip;]","og_url":"https:\/\/energylandia.pl\/cs\/cenik\/vstupenky-jako-darek\/","og_site_name":"ENERGYLANDIA - Rodzinny Park Rozrywki w Zatorze","article_publisher":"https:\/\/www.facebook.com\/EnergyLandia","article_modified_time":"2026-04-16T07:06:01+00:00","twitter_card":"summary_large_image","twitter_misc":{"Odhadovan\u00e1 doba \u010dten\u00ed":"2 minuty"},"schema":{"@context":"https:\/\/schema.org","@graph":[{"@type":"WebPage","@id":"https:\/\/energylandia.pl\/cs\/cenik\/vstupenky-jako-darek\/","url":"https:\/\/energylandia.pl\/cs\/cenik\/vstupenky-jako-darek\/","name":"Vstupenky jako d\u00e1rek - ENERGYLANDIA - Rodzinny Park Rozrywki w Zatorze","isPartOf":{"@id":"https:\/\/energylandia.pl\/#website"},"datePublished":"2020-01-08T11:26:14+00:00","dateModified":"2026-04-16T07:06:01+00:00","breadcrumb":{"@id":"https:\/\/energylandia.pl\/cs\/cenik\/vstupenky-jako-darek\/#breadcrumb"},"inLanguage":"cs","potentialAction":[{"@type":"ReadAction","target":["https:\/\/energylandia.pl\/cs\/cenik\/vstupenky-jako-darek\/"]}]},{"@type":"BreadcrumbList","@id":"https:\/\/energylandia.pl\/cs\/cenik\/vstupenky-jako-darek\/#breadcrumb","itemListElement":[{"@type":"ListItem","position":1,"name":"Strona g\u0142\u00f3wna","item":"https:\/\/energylandia.pl\/cs\/"},{"@type":"ListItem","position":2,"name":"Cen\u00edk","item":"https:\/\/energylandia.pl\/cs\/cenik\/"},{"@type":"ListItem","position":3,"name":"Vstupenky jako d\u00e1rek"}]},{"@type":"WebSite","@id":"https:\/\/energylandia.pl\/#website","url":"https:\/\/energylandia.pl\/","name":"ENERGYLANDIA - Rodzinny Park Rozrywki w Zatorze","description":"ENERGYLANDIA - najwi\u0119kszy rodzinny Park Rozrywki w Polsce!","publisher":{"@id":"https:\/\/energylandia.pl\/#organization"},"potentialAction":[{"@type":"SearchAction","target":{"@type":"EntryPoint","urlTemplate":"https:\/\/energylandia.pl\/?s={search_term_string}"},"query-input":"required name=search_term_string"}],"inLanguage":"cs"},{"@type":"Organization","@id":"https:\/\/energylandia.pl\/#organization","name":"Energylandia","url":"https:\/\/energylandia.pl\/","logo":{"@type":"ImageObject","inLanguage":"cs","@id":"https:\/\/energylandia.pl\/#\/schema\/logo\/image\/","url":"","contentUrl":"","caption":"Energylandia"},"image":{"@id":"https:\/\/energylandia.pl\/#\/schema\/logo\/image\/"},"sameAs":["https:\/\/www.facebook.com\/EnergyLandia","https:\/\/www.youtube.com\/channel\/UCPj-Bs4Pfub_Bm04BOfyDoA","https:\/\/vm.tiktok.com\/Tw7YAK\/"]}]}},"_links":{"self":[{"href":"https:\/\/energylandia.pl\/cs\/wp-json\/wp\/v2\/pages\/53534","targetHints":{"allow":["GET"]}}],"collection":[{"href":"https:\/\/energylandia.pl\/cs\/wp-json\/wp\/v2\/pages"}],"about":[{"href":"https:\/\/energylandia.pl\/cs\/wp-json\/wp\/v2\/types\/page"}],"author":[{"embeddable":true,"href":"https:\/\/energylandia.pl\/cs\/wp-json\/wp\/v2\/users\/26"}],"replies":[{"embeddable":true,"href":"https:\/\/energylandia.pl\/cs\/wp-json\/wp\/v2\/comments?post=53534"}],"version-history":[{"count":14,"href":"https:\/\/energylandia.pl\/cs\/wp-json\/wp\/v2\/pages\/53534\/revisions"}],"predecessor-version":[{"id":315081,"href":"https:\/\/energylandia.pl\/cs\/wp-json\/wp\/v2\/pages\/53534\/revisions\/315081"}],"up":[{"embeddable":true,"href":"https:\/\/energylandia.pl\/cs\/wp-json\/wp\/v2\/pages\/13791"}],"wp:attachment":[{"href":"https:\/\/energylandia.pl\/cs\/wp-json\/wp\/v2\/media?parent=53534"}],"curies":[{"name":"wp","href":"https:\/\/api.w.org\/{rel}","templated":true}]}}