{"id":36970,"date":"2019-04-24T15:22:10","date_gmt":"2019-04-24T13:22:10","guid":{"rendered":"https:\/\/energylandia.pl\/cs\/o-nas\/discounted-tickets\/"},"modified":"2025-04-08T17:05:36","modified_gmt":"2025-04-08T15:05:36","slug":"informator-zlevnena-vstupenka-osoba-postizena","status":"publish","type":"page","link":"https:\/\/energylandia.pl\/cs\/informator-zlevnena-vstupenka-osoba-postizena\/","title":{"rendered":"Inform\u00e1tor Zlevn\u011bn\u00e1 Vstupenka &#8211; Osoba Posti\u017een\u00e1"},"content":{"rendered":"<p><strong>V\u00e1\u017een\u00ed n\u00e1v\u0161tevn\u00edci<\/strong><br \/>\n<strong>Se starostlivost\u00ed o pohodl\u00ed na\u0161ich host\u00ed jsme p\u0159ipravili pr\u016fvodce, kter\u00fd v\u00e1m usnand\u00ed sezn\u00e1men\u00ed se s podm\u00ednkami vyu\u017e\u00edv\u00e1n\u00ed atrakc\u00ed pro osoby se zdravotn\u00edm posti\u017een\u00edm.<\/strong><\/p>\n<hr \/>\n<p><strong>VSTUPENKY PRO OSOBY SE ZDRAVOTN\u00cdM POSTI\u017dEN\u00cdM:<\/strong><br \/>\nZlevn\u011bn\u00e9 vstupenky pro osoby se zdravotn\u00edm posti\u017een\u00edm je mo\u017en\u00e9 koupit po p\u0159edlo\u017een\u00ed platn\u00e9 pr\u016fkazky osoby se zdravotn\u00edm posti\u017een\u00edm (nebo jeho duplik\u00e1tu) nebo origin\u00e1lu pr\u016fkazky osoby se zdravotn\u00edm posti\u017een\u00edm (jen v rozsahu pot\u0159ebn\u00fdch \u00fadaj\u016f o n\u00e1roku na tuto zlevn\u011bnou vstupenku).<br \/>\nZlevn\u011bnou vstupenku mohou vyu\u017e\u00edt i osoby, kter\u00e9 jsou zran\u011bn\u00e9, t. j. maj\u00ed s\u00e1dru, dl\u00e1hu nebo prot\u00e9zu.<\/p>\n<p><strong>ATRAKCE<\/strong><br \/>\nPro osoby se sn\u00ed\u017eenou pohyblivosti od typu posti\u017een\u00ed z\u00e1vis\u00ed dostupnost atrakc\u00ed. Zveme v\u00e1s na m\u00edsto slu\u017eeb pro osoby se zdravotn\u00edm posti\u017een\u00edm, kde v\u00e1s n\u00e1\u0161 odborn\u00edk upozorn\u00ed na speci\u00e1ln\u00ed atrakce, kter\u00e9 budete moci vyu\u017e\u00edt. M\u00edsto pro obsluhu z\u00e1kazn\u00edk\u016f sa nach\u00e1z\u00ed u hlavn\u00edho vchodu do Parku.<\/p>\n<p><strong>BEZPE\u010cNOST<\/strong><br \/>\nZam\u010dstnanci za\u0159\u00edzen\u00ed maj\u00ed pr\u00e1vo z bezpe\u010dnostn\u00edch d\u016fvod\u016f a v objektivn\u011b od\u016fvodn\u011bn\u00fdch p\u0159\u00edpadech odm\u00edtnout osob\u011b, v\u010detn\u011b malolet\u00e9 osoby, seniorovi, zdravotn\u011b posti\u017een\u00e9 osob\u011b nebo osob\u011b se sn\u00ed\u017eenou pohyblivost\u00ed, vyu\u017eit\u00ed atrakce\/za\u0159\u00edzen\u00ed z d\u016fvodu jej\u00ed osobn\u00e9 bezpe\u010dnosti nebo bezpe\u010dnosti osob v okol\u00ed. (bod 14. Pravidla a p\u0159edpisy z\u00e1bavn\u00e9ho parku Energylandia). Proto je d\u016fle\u017eit\u00e9, aby jste se p\u0159edem obr\u00e1tili na pracovisko slu\u017eeb pro osoby se zdravotn\u00edm posti\u017een\u00edm.<br \/>\nInformujeme, \u017ee nevid\u00edc\u00ed osoby mohou vyu\u017e\u00edvat horsk\u00e9 dr\u00e1hy.<\/p>\n<p><strong>INFRASTRUKTURA<\/strong><br \/>\n<strong>Parkov\u00e1n\u00ed<\/strong><br \/>\nCel\u00fd are\u00e1l parku Energylandia je p\u0159izp\u016fsoben\u00fd pro voz\u00ed\u010dk\u00e1\u0159e. M\u00e1me vyhrazen\u00e1 parkovac\u00ed m\u00edsta pre vozidla osob se zdravotn\u00edm posti\u017een\u00edm. Po p\u0159edlo\u017een\u00ed parkovac\u00ed karty je parkov\u00e1n\u00ed bezplatn\u00e9.<br \/>\n<strong>Toalety<\/strong><br \/>\nToalety Energylandia jsou p\u0159izp\u016fsobeny pro osoby se zdravotn\u00edm posti\u017een\u00edm a jsou k dispozici ve v\u0161ech restaurac\u00edch a na m\u00edstech uveden\u00fdch na map\u011b.<br \/>\n<strong>Zdravotn\u00edcke zariadenia<\/strong><br \/>\nV parku se nach\u00e1zej\u00ed dva l\u00e9ka\u0159sk\u00e1 stanovi\u0161t\u011b: p\u0159i Vodn\u00edm parku (Water Park) a u hlavn\u00edho vchodu do Dra\u010d\u00edho hradu (Smoczy Gr\u00f3d).<\/p>\n","protected":false},"excerpt":{"rendered":"<p>V\u00e1\u017een\u00ed n\u00e1v\u0161tevn\u00edci Se starostlivost\u00ed o pohodl\u00ed na\u0161ich host\u00ed jsme p\u0159ipravili pr\u016fvodce, kter\u00fd v\u00e1m usnand\u00ed sezn\u00e1men\u00ed se s podm\u00ednkami vyu\u017e\u00edv\u00e1n\u00ed atrakc\u00ed pro osoby se zdravotn\u00edm posti\u017een\u00edm. VSTUPENKY PRO OSOBY SE ZDRAVOTN\u00cdM POSTI\u017dEN\u00cdM: Zlevn\u011bn\u00e9 vstupenky pro osoby se zdravotn\u00edm posti\u017een\u00edm je mo\u017en\u00e9 koupit po p\u0159edlo\u017een\u00ed platn\u00e9 pr\u016fkazky osoby se zdravotn\u00edm posti\u017een\u00edm (nebo jeho duplik\u00e1tu) nebo origin\u00e1lu pr\u016fkazky [&hellip;]<\/p>\n","protected":false},"author":26,"featured_media":0,"parent":0,"menu_order":185,"comment_status":"closed","ping_status":"closed","template":"templates\/page8.php","meta":{"footnotes":""},"class_list":["post-36970","page","type-page","status-publish","hentry"],"acf":[],"yoast_head":"<!-- This site is optimized with the Yoast SEO plugin v20.9 - https:\/\/yoast.com\/wordpress\/plugins\/seo\/ -->\n<title>Inform\u00e1tor Zlevn\u011bn\u00e1 Vstupenka - Osoba Posti\u017een\u00e1 - ENERGYLANDIA - Rodzinny Park Rozrywki w Zatorze<\/title>\n<meta name=\"robots\" content=\"index, follow, max-snippet:-1, max-image-preview:large, max-video-preview:-1\" \/>\n<meta property=\"og:locale\" content=\"cs_CZ\" \/>\n<meta property=\"og:type\" content=\"article\" \/>\n<meta property=\"og:title\" content=\"Inform\u00e1tor Zlevn\u011bn\u00e1 Vstupenka - Osoba Posti\u017een\u00e1 - ENERGYLANDIA - Rodzinny Park Rozrywki w Zatorze\" \/>\n<meta property=\"og:description\" content=\"V\u00e1\u017een\u00ed n\u00e1v\u0161tevn\u00edci Se starostlivost\u00ed o pohodl\u00ed na\u0161ich host\u00ed jsme p\u0159ipravili pr\u016fvodce, kter\u00fd v\u00e1m usnand\u00ed sezn\u00e1men\u00ed se s podm\u00ednkami vyu\u017e\u00edv\u00e1n\u00ed atrakc\u00ed pro osoby se zdravotn\u00edm posti\u017een\u00edm. VSTUPENKY PRO OSOBY SE ZDRAVOTN\u00cdM POSTI\u017dEN\u00cdM: Zlevn\u011bn\u00e9 vstupenky pro osoby se zdravotn\u00edm posti\u017een\u00edm je mo\u017en\u00e9 koupit po p\u0159edlo\u017een\u00ed platn\u00e9 pr\u016fkazky osoby se zdravotn\u00edm posti\u017een\u00edm (nebo jeho duplik\u00e1tu) nebo origin\u00e1lu pr\u016fkazky [&hellip;]\" \/>\n<meta property=\"og:url\" content=\"https:\/\/energylandia.pl\/cs\/informator-zlevnena-vstupenka-osoba-postizena\/\" \/>\n<meta property=\"og:site_name\" content=\"ENERGYLANDIA - Rodzinny Park Rozrywki w Zatorze\" \/>\n<meta property=\"article:publisher\" content=\"https:\/\/www.facebook.com\/EnergyLandia\" \/>\n<meta property=\"article:modified_time\" content=\"2025-04-08T15:05:36+00:00\" \/>\n<meta name=\"twitter:card\" content=\"summary_large_image\" \/>\n<meta name=\"twitter:label1\" content=\"Odhadovan\u00e1 doba \u010dten\u00ed\" \/>\n\t<meta name=\"twitter:data1\" content=\"2 minuty\" \/>\n<script type=\"application\/ld+json\" class=\"yoast-schema-graph\">{\"@context\":\"https:\/\/schema.org\",\"@graph\":[{\"@type\":\"WebPage\",\"@id\":\"https:\/\/energylandia.pl\/cs\/informator-zlevnena-vstupenka-osoba-postizena\/\",\"url\":\"https:\/\/energylandia.pl\/cs\/informator-zlevnena-vstupenka-osoba-postizena\/\",\"name\":\"Inform\u00e1tor Zlevn\u011bn\u00e1 Vstupenka - Osoba Posti\u017een\u00e1 - ENERGYLANDIA - Rodzinny Park Rozrywki w Zatorze\",\"isPartOf\":{\"@id\":\"https:\/\/energylandia.pl\/#website\"},\"datePublished\":\"2019-04-24T13:22:10+00:00\",\"dateModified\":\"2025-04-08T15:05:36+00:00\",\"breadcrumb\":{\"@id\":\"https:\/\/energylandia.pl\/cs\/informator-zlevnena-vstupenka-osoba-postizena\/#breadcrumb\"},\"inLanguage\":\"cs\",\"potentialAction\":[{\"@type\":\"ReadAction\",\"target\":[\"https:\/\/energylandia.pl\/cs\/informator-zlevnena-vstupenka-osoba-postizena\/\"]}]},{\"@type\":\"BreadcrumbList\",\"@id\":\"https:\/\/energylandia.pl\/cs\/informator-zlevnena-vstupenka-osoba-postizena\/#breadcrumb\",\"itemListElement\":[{\"@type\":\"ListItem\",\"position\":1,\"name\":\"Strona g\u0142\u00f3wna\",\"item\":\"https:\/\/energylandia.pl\/cs\/\"},{\"@type\":\"ListItem\",\"position\":2,\"name\":\"Inform\u00e1tor Zlevn\u011bn\u00e1 Vstupenka &#8211; Osoba Posti\u017een\u00e1\"}]},{\"@type\":\"WebSite\",\"@id\":\"https:\/\/energylandia.pl\/#website\",\"url\":\"https:\/\/energylandia.pl\/\",\"name\":\"ENERGYLANDIA - Rodzinny Park Rozrywki w Zatorze\",\"description\":\"ENERGYLANDIA - najwi\u0119kszy rodzinny Park Rozrywki w Polsce!\",\"publisher\":{\"@id\":\"https:\/\/energylandia.pl\/#organization\"},\"potentialAction\":[{\"@type\":\"SearchAction\",\"target\":{\"@type\":\"EntryPoint\",\"urlTemplate\":\"https:\/\/energylandia.pl\/?s={search_term_string}\"},\"query-input\":\"required name=search_term_string\"}],\"inLanguage\":\"cs\"},{\"@type\":\"Organization\",\"@id\":\"https:\/\/energylandia.pl\/#organization\",\"name\":\"Energylandia\",\"url\":\"https:\/\/energylandia.pl\/\",\"logo\":{\"@type\":\"ImageObject\",\"inLanguage\":\"cs\",\"@id\":\"https:\/\/energylandia.pl\/#\/schema\/logo\/image\/\",\"url\":\"\",\"contentUrl\":\"\",\"caption\":\"Energylandia\"},\"image\":{\"@id\":\"https:\/\/energylandia.pl\/#\/schema\/logo\/image\/\"},\"sameAs\":[\"https:\/\/www.facebook.com\/EnergyLandia\",\"https:\/\/www.youtube.com\/channel\/UCPj-Bs4Pfub_Bm04BOfyDoA\",\"https:\/\/vm.tiktok.com\/Tw7YAK\/\"]}]}<\/script>\n<!-- \/ Yoast SEO plugin. -->","yoast_head_json":{"title":"Inform\u00e1tor Zlevn\u011bn\u00e1 Vstupenka - Osoba Posti\u017een\u00e1 - ENERGYLANDIA - Rodzinny Park Rozrywki w Zatorze","robots":{"index":"index","follow":"follow","max-snippet":"max-snippet:-1","max-image-preview":"max-image-preview:large","max-video-preview":"max-video-preview:-1"},"og_locale":"cs_CZ","og_type":"article","og_title":"Inform\u00e1tor Zlevn\u011bn\u00e1 Vstupenka - Osoba Posti\u017een\u00e1 - ENERGYLANDIA - Rodzinny Park Rozrywki w Zatorze","og_description":"V\u00e1\u017een\u00ed n\u00e1v\u0161tevn\u00edci Se starostlivost\u00ed o pohodl\u00ed na\u0161ich host\u00ed jsme p\u0159ipravili pr\u016fvodce, kter\u00fd v\u00e1m usnand\u00ed sezn\u00e1men\u00ed se s podm\u00ednkami vyu\u017e\u00edv\u00e1n\u00ed atrakc\u00ed pro osoby se zdravotn\u00edm posti\u017een\u00edm. VSTUPENKY PRO OSOBY SE ZDRAVOTN\u00cdM POSTI\u017dEN\u00cdM: Zlevn\u011bn\u00e9 vstupenky pro osoby se zdravotn\u00edm posti\u017een\u00edm je mo\u017en\u00e9 koupit po p\u0159edlo\u017een\u00ed platn\u00e9 pr\u016fkazky osoby se zdravotn\u00edm posti\u017een\u00edm (nebo jeho duplik\u00e1tu) nebo origin\u00e1lu pr\u016fkazky [&hellip;]","og_url":"https:\/\/energylandia.pl\/cs\/informator-zlevnena-vstupenka-osoba-postizena\/","og_site_name":"ENERGYLANDIA - Rodzinny Park Rozrywki w Zatorze","article_publisher":"https:\/\/www.facebook.com\/EnergyLandia","article_modified_time":"2025-04-08T15:05:36+00:00","twitter_card":"summary_large_image","twitter_misc":{"Odhadovan\u00e1 doba \u010dten\u00ed":"2 minuty"},"schema":{"@context":"https:\/\/schema.org","@graph":[{"@type":"WebPage","@id":"https:\/\/energylandia.pl\/cs\/informator-zlevnena-vstupenka-osoba-postizena\/","url":"https:\/\/energylandia.pl\/cs\/informator-zlevnena-vstupenka-osoba-postizena\/","name":"Inform\u00e1tor Zlevn\u011bn\u00e1 Vstupenka - Osoba Posti\u017een\u00e1 - ENERGYLANDIA - Rodzinny Park Rozrywki w Zatorze","isPartOf":{"@id":"https:\/\/energylandia.pl\/#website"},"datePublished":"2019-04-24T13:22:10+00:00","dateModified":"2025-04-08T15:05:36+00:00","breadcrumb":{"@id":"https:\/\/energylandia.pl\/cs\/informator-zlevnena-vstupenka-osoba-postizena\/#breadcrumb"},"inLanguage":"cs","potentialAction":[{"@type":"ReadAction","target":["https:\/\/energylandia.pl\/cs\/informator-zlevnena-vstupenka-osoba-postizena\/"]}]},{"@type":"BreadcrumbList","@id":"https:\/\/energylandia.pl\/cs\/informator-zlevnena-vstupenka-osoba-postizena\/#breadcrumb","itemListElement":[{"@type":"ListItem","position":1,"name":"Strona g\u0142\u00f3wna","item":"https:\/\/energylandia.pl\/cs\/"},{"@type":"ListItem","position":2,"name":"Inform\u00e1tor Zlevn\u011bn\u00e1 Vstupenka &#8211; Osoba Posti\u017een\u00e1"}]},{"@type":"WebSite","@id":"https:\/\/energylandia.pl\/#website","url":"https:\/\/energylandia.pl\/","name":"ENERGYLANDIA - Rodzinny Park Rozrywki w Zatorze","description":"ENERGYLANDIA - najwi\u0119kszy rodzinny Park Rozrywki w Polsce!","publisher":{"@id":"https:\/\/energylandia.pl\/#organization"},"potentialAction":[{"@type":"SearchAction","target":{"@type":"EntryPoint","urlTemplate":"https:\/\/energylandia.pl\/?s={search_term_string}"},"query-input":"required name=search_term_string"}],"inLanguage":"cs"},{"@type":"Organization","@id":"https:\/\/energylandia.pl\/#organization","name":"Energylandia","url":"https:\/\/energylandia.pl\/","logo":{"@type":"ImageObject","inLanguage":"cs","@id":"https:\/\/energylandia.pl\/#\/schema\/logo\/image\/","url":"","contentUrl":"","caption":"Energylandia"},"image":{"@id":"https:\/\/energylandia.pl\/#\/schema\/logo\/image\/"},"sameAs":["https:\/\/www.facebook.com\/EnergyLandia","https:\/\/www.youtube.com\/channel\/UCPj-Bs4Pfub_Bm04BOfyDoA","https:\/\/vm.tiktok.com\/Tw7YAK\/"]}]}},"_links":{"self":[{"href":"https:\/\/energylandia.pl\/cs\/wp-json\/wp\/v2\/pages\/36970","targetHints":{"allow":["GET"]}}],"collection":[{"href":"https:\/\/energylandia.pl\/cs\/wp-json\/wp\/v2\/pages"}],"about":[{"href":"https:\/\/energylandia.pl\/cs\/wp-json\/wp\/v2\/types\/page"}],"author":[{"embeddable":true,"href":"https:\/\/energylandia.pl\/cs\/wp-json\/wp\/v2\/users\/26"}],"replies":[{"embeddable":true,"href":"https:\/\/energylandia.pl\/cs\/wp-json\/wp\/v2\/comments?post=36970"}],"version-history":[{"count":1,"href":"https:\/\/energylandia.pl\/cs\/wp-json\/wp\/v2\/pages\/36970\/revisions"}],"predecessor-version":[{"id":304766,"href":"https:\/\/energylandia.pl\/cs\/wp-json\/wp\/v2\/pages\/36970\/revisions\/304766"}],"wp:attachment":[{"href":"https:\/\/energylandia.pl\/cs\/wp-json\/wp\/v2\/media?parent=36970"}],"curies":[{"name":"wp","href":"https:\/\/api.w.org\/{rel}","templated":true}]}}